{"id":82070,"date":"2025-06-03T11:33:28","date_gmt":"2025-06-03T09:33:28","guid":{"rendered":"https:\/\/www.manetti.com\/?post_type=product&#038;p=82070"},"modified":"2025-06-03T15:53:25","modified_gmt":"2025-06-03T13:53:25","slug":"pinsel-ghiberti","status":"publish","type":"product","link":"https:\/\/www.manetti.com\/de\/produkt\/pinsel-ghiberti\/","title":{"rendered":"Pinsel \u201cGhiberti\u201d"},"content":{"rendered":"<p>Ideal zum Auftragen von Bolus \u2013 diese Pinsel sind mit weichen, langlebigen Borsten ausgestattet, um eine gleichm\u00e4\u00dfige Anwendung zu gew\u00e4hrleisten und die Oberfl\u00e4che f\u00fcr die Vergoldung vorzubereiten. Die Pinsel verf\u00fcgen \u00fcber eine Zwinge aus vernickeltem Messing und einen blau lackierten Holzgriff. <strong data-start=\"1291\" data-end=\"1303\">Ghiberti<\/strong> ist ein Rundpinsel mit synthetischen Kazan-Eichh\u00f6rnchenborsten, geeignet f\u00fcr das Auftragen von Bolus auf geschnitzten Oberfl\u00e4chen oder kleineren Bereichen.<\/p>\n","protected":false},"excerpt":{"rendered":"<p>Ideal zum Auftragen von Bolus \u2013 diese Pinsel sind mit weichen, langlebigen Borsten ausgestattet, um eine gleichm\u00e4\u00dfige Anwendung zu gew\u00e4hrleisten und die Oberfl\u00e4che f\u00fcr die Vergoldung vorzubereiten. Die Pinsel verf\u00fcgen \u00fcber eine Zwinge aus vernickeltem Messing und einen blau lackierten Holzgriff. Ghiberti ist ein Rundpinsel mit synthetischen Kazan-Eichh\u00f6rnchenborsten, geeignet f\u00fcr das Auftragen von Bolus auf [&#8230;]<\/p>\n<p><a class=\"btn btn-secondary understrap-read-more-link\" href=\"https:\/\/www.manetti.com\/de\/produkt\/pinsel-ghiberti\/\">Weiterlesen&#8230;<\/a><\/p>\n","protected":false},"featured_media":82017,"template":"","meta":{"_acf_changed":false},"product_brand":[],"product_cat":[429,397,348],"product_tag":[],"product_area":[],"catalog_category":[795,815,870,878,1082],"class_list":{"0":"post-82070","1":"product","2":"type-product","3":"status-publish","4":"has-post-thumbnail","6":"product_cat-pinselsortiment","7":"product_cat-werkzeuge","8":"product_cat-zubehoer-zum-vergolden","9":"catalog_category-vergoldung-und-restaurierung","10":"catalog_category-werkzeuge","11":"catalog_category-vergoldung-und-restaurierung-pinsel","12":"catalog_category-vergoldung-und-restaurierung-werkzeuge","13":"catalog_category-werkzeuge-pinselsortiment","15":"first","16":"instock","17":"shipping-taxable","18":"purchasable","19":"product-type-variable"},"acf":[],"yoast_head":"<!-- This site is optimized with the Yoast SEO plugin v26.5 - https:\/\/yoast.com\/wordpress\/plugins\/seo\/ -->\n<title>Pinsel \u201cGhiberti\u201d | Giusto Manetti Battiloro<\/title>\n<meta name=\"description\" content=\"Ideal zum Auftragen von Bolus \u2013 diese Pinsel sind mit weichen, langlebigen Borsten ausgestattet, um eine gleichm\u00e4\u00dfige Anwendung zu gew\u00e4hrleisten und die\" \/>\n<meta name=\"robots\" content=\"index, follow, max-snippet:-1, max-image-preview:large, max-video-preview:-1\" \/>\n<link rel=\"canonical\" href=\"https:\/\/www.manetti.com\/de\/produkt\/pinsel-ghiberti\/\" \/>\n<meta property=\"og:locale\" content=\"de_DE\" \/>\n<meta property=\"og:type\" content=\"article\" \/>\n<meta property=\"og:title\" content=\"Pinsel \u201cGhiberti\u201d | Giusto Manetti Battiloro\" \/>\n<meta property=\"og:description\" content=\"Ideal zum Auftragen von Bolus \u2013 diese Pinsel sind mit weichen, langlebigen Borsten ausgestattet, um eine gleichm\u00e4\u00dfige Anwendung zu gew\u00e4hrleisten und die\" \/>\n<meta property=\"og:url\" content=\"https:\/\/www.manetti.com\/de\/produkt\/pinsel-ghiberti\/\" \/>\n<meta property=\"og:site_name\" content=\"Giusto Manetti Battiloro\" \/>\n<meta property=\"article:publisher\" content=\"https:\/\/www.facebook.com\/giustomanettibattiloro\" \/>\n<meta property=\"article:modified_time\" content=\"2025-06-03T13:53:25+00:00\" \/>\n<meta property=\"og:image\" content=\"https:\/\/www.manetti.com\/wp-content\/uploads\/2025\/06\/Ghiberti-12-insieme.png\" \/>\n\t<meta property=\"og:image:width\" content=\"2668\" \/>\n\t<meta property=\"og:image:height\" content=\"2667\" \/>\n\t<meta property=\"og:image:type\" content=\"image\/png\" \/>\n<meta name=\"twitter:card\" content=\"summary_large_image\" \/>\n<script type=\"application\/ld+json\" class=\"yoast-schema-graph\">{\"@context\":\"https:\/\/schema.org\",\"@graph\":[{\"@type\":\"WebPage\",\"@id\":\"https:\/\/www.manetti.com\/de\/produkt\/pinsel-ghiberti\/\",\"url\":\"https:\/\/www.manetti.com\/de\/produkt\/pinsel-ghiberti\/\",\"name\":\"Pinsel \u201cGhiberti\u201d | Giusto Manetti Battiloro\",\"isPartOf\":{\"@id\":\"https:\/\/www.manetti.com\/de\/#website\"},\"primaryImageOfPage\":{\"@id\":\"https:\/\/www.manetti.com\/de\/produkt\/pinsel-ghiberti\/#primaryimage\"},\"image\":{\"@id\":\"https:\/\/www.manetti.com\/de\/produkt\/pinsel-ghiberti\/#primaryimage\"},\"thumbnailUrl\":\"https:\/\/www.manetti.com\/wp-content\/uploads\/2025\/06\/Ghiberti-12-insieme.png\",\"datePublished\":\"2025-06-03T09:33:28+00:00\",\"dateModified\":\"2025-06-03T13:53:25+00:00\",\"description\":\"Ideal zum Auftragen von Bolus \u2013 diese Pinsel sind mit weichen, langlebigen Borsten ausgestattet, um eine gleichm\u00e4\u00dfige Anwendung zu gew\u00e4hrleisten und die\",\"inLanguage\":\"de\",\"potentialAction\":[{\"@type\":\"ReadAction\",\"target\":[\"https:\/\/www.manetti.com\/de\/produkt\/pinsel-ghiberti\/\"]}]},{\"@type\":\"ImageObject\",\"inLanguage\":\"de\",\"@id\":\"https:\/\/www.manetti.com\/de\/produkt\/pinsel-ghiberti\/#primaryimage\",\"url\":\"https:\/\/www.manetti.com\/wp-content\/uploads\/2025\/06\/Ghiberti-12-insieme.png\",\"contentUrl\":\"https:\/\/www.manetti.com\/wp-content\/uploads\/2025\/06\/Ghiberti-12-insieme.png\",\"width\":2668,\"height\":2667},{\"@type\":\"WebSite\",\"@id\":\"https:\/\/www.manetti.com\/de\/#website\",\"url\":\"https:\/\/www.manetti.com\/de\/\",\"name\":\"Giusto Manetti Battiloro\",\"description\":\"\",\"publisher\":{\"@id\":\"https:\/\/www.manetti.com\/de\/#organization\"},\"potentialAction\":[{\"@type\":\"SearchAction\",\"target\":{\"@type\":\"EntryPoint\",\"urlTemplate\":\"https:\/\/www.manetti.com\/de\/?s={search_term_string}\"},\"query-input\":{\"@type\":\"PropertyValueSpecification\",\"valueRequired\":true,\"valueName\":\"search_term_string\"}}],\"inLanguage\":\"de\"},{\"@type\":\"Organization\",\"@id\":\"https:\/\/www.manetti.com\/de\/#organization\",\"name\":\"GIUSTO MANETTI BATTILORO S.P.A.\",\"url\":\"https:\/\/www.manetti.com\/de\/\",\"logo\":{\"@type\":\"ImageObject\",\"inLanguage\":\"de\",\"@id\":\"https:\/\/www.manetti.com\/de\/#\/schema\/logo\/image\/\",\"url\":\"https:\/\/www.manetti.com\/wp-content\/uploads\/2025\/02\/giusto-manetti-blu_300-02.png\",\"contentUrl\":\"https:\/\/www.manetti.com\/wp-content\/uploads\/2025\/02\/giusto-manetti-blu_300-02.png\",\"width\":1123,\"height\":1093,\"caption\":\"GIUSTO MANETTI BATTILORO S.P.A.\"},\"image\":{\"@id\":\"https:\/\/www.manetti.com\/de\/#\/schema\/logo\/image\/\"},\"sameAs\":[\"https:\/\/www.facebook.com\/giustomanettibattiloro\",\"https:\/\/www.instagram.com\/giustomanettibattiloro\/\",\"https:\/\/www.linkedin.com\/company\/giusto-manetti-battiloro-s-p-a-\/\",\"https:\/\/www.youtube.com\/user\/ManettiBattiloro\"]}]}<\/script>\n<!-- \/ Yoast SEO plugin. -->","yoast_head_json":{"title":"Pinsel \u201cGhiberti\u201d | Giusto Manetti Battiloro","description":"Ideal zum Auftragen von Bolus \u2013 diese Pinsel sind mit weichen, langlebigen Borsten ausgestattet, um eine gleichm\u00e4\u00dfige Anwendung zu gew\u00e4hrleisten und die","robots":{"index":"index","follow":"follow","max-snippet":"max-snippet:-1","max-image-preview":"max-image-preview:large","max-video-preview":"max-video-preview:-1"},"canonical":"https:\/\/www.manetti.com\/de\/produkt\/pinsel-ghiberti\/","og_locale":"de_DE","og_type":"article","og_title":"Pinsel \u201cGhiberti\u201d | Giusto Manetti Battiloro","og_description":"Ideal zum Auftragen von Bolus \u2013 diese Pinsel sind mit weichen, langlebigen Borsten ausgestattet, um eine gleichm\u00e4\u00dfige Anwendung zu gew\u00e4hrleisten und die","og_url":"https:\/\/www.manetti.com\/de\/produkt\/pinsel-ghiberti\/","og_site_name":"Giusto Manetti Battiloro","article_publisher":"https:\/\/www.facebook.com\/giustomanettibattiloro","article_modified_time":"2025-06-03T13:53:25+00:00","og_image":[{"width":2668,"height":2667,"url":"https:\/\/www.manetti.com\/wp-content\/uploads\/2025\/06\/Ghiberti-12-insieme.png","type":"image\/png"}],"twitter_card":"summary_large_image","schema":{"@context":"https:\/\/schema.org","@graph":[{"@type":"WebPage","@id":"https:\/\/www.manetti.com\/de\/produkt\/pinsel-ghiberti\/","url":"https:\/\/www.manetti.com\/de\/produkt\/pinsel-ghiberti\/","name":"Pinsel \u201cGhiberti\u201d | Giusto Manetti Battiloro","isPartOf":{"@id":"https:\/\/www.manetti.com\/de\/#website"},"primaryImageOfPage":{"@id":"https:\/\/www.manetti.com\/de\/produkt\/pinsel-ghiberti\/#primaryimage"},"image":{"@id":"https:\/\/www.manetti.com\/de\/produkt\/pinsel-ghiberti\/#primaryimage"},"thumbnailUrl":"https:\/\/www.manetti.com\/wp-content\/uploads\/2025\/06\/Ghiberti-12-insieme.png","datePublished":"2025-06-03T09:33:28+00:00","dateModified":"2025-06-03T13:53:25+00:00","description":"Ideal zum Auftragen von Bolus \u2013 diese Pinsel sind mit weichen, langlebigen Borsten ausgestattet, um eine gleichm\u00e4\u00dfige Anwendung zu gew\u00e4hrleisten und die","inLanguage":"de","potentialAction":[{"@type":"ReadAction","target":["https:\/\/www.manetti.com\/de\/produkt\/pinsel-ghiberti\/"]}]},{"@type":"ImageObject","inLanguage":"de","@id":"https:\/\/www.manetti.com\/de\/produkt\/pinsel-ghiberti\/#primaryimage","url":"https:\/\/www.manetti.com\/wp-content\/uploads\/2025\/06\/Ghiberti-12-insieme.png","contentUrl":"https:\/\/www.manetti.com\/wp-content\/uploads\/2025\/06\/Ghiberti-12-insieme.png","width":2668,"height":2667},{"@type":"WebSite","@id":"https:\/\/www.manetti.com\/de\/#website","url":"https:\/\/www.manetti.com\/de\/","name":"Giusto Manetti Battiloro","description":"","publisher":{"@id":"https:\/\/www.manetti.com\/de\/#organization"},"potentialAction":[{"@type":"SearchAction","target":{"@type":"EntryPoint","urlTemplate":"https:\/\/www.manetti.com\/de\/?s={search_term_string}"},"query-input":{"@type":"PropertyValueSpecification","valueRequired":true,"valueName":"search_term_string"}}],"inLanguage":"de"},{"@type":"Organization","@id":"https:\/\/www.manetti.com\/de\/#organization","name":"GIUSTO MANETTI BATTILORO S.P.A.","url":"https:\/\/www.manetti.com\/de\/","logo":{"@type":"ImageObject","inLanguage":"de","@id":"https:\/\/www.manetti.com\/de\/#\/schema\/logo\/image\/","url":"https:\/\/www.manetti.com\/wp-content\/uploads\/2025\/02\/giusto-manetti-blu_300-02.png","contentUrl":"https:\/\/www.manetti.com\/wp-content\/uploads\/2025\/02\/giusto-manetti-blu_300-02.png","width":1123,"height":1093,"caption":"GIUSTO MANETTI BATTILORO S.P.A."},"image":{"@id":"https:\/\/www.manetti.com\/de\/#\/schema\/logo\/image\/"},"sameAs":["https:\/\/www.facebook.com\/giustomanettibattiloro","https:\/\/www.instagram.com\/giustomanettibattiloro\/","https:\/\/www.linkedin.com\/company\/giusto-manetti-battiloro-s-p-a-\/","https:\/\/www.youtube.com\/user\/ManettiBattiloro"]}]}},"_links":{"self":[{"href":"https:\/\/www.manetti.com\/de\/wp-json\/wp\/v2\/product\/82070","targetHints":{"allow":["GET"]}}],"collection":[{"href":"https:\/\/www.manetti.com\/de\/wp-json\/wp\/v2\/product"}],"about":[{"href":"https:\/\/www.manetti.com\/de\/wp-json\/wp\/v2\/types\/product"}],"wp:featuredmedia":[{"embeddable":true,"href":"https:\/\/www.manetti.com\/de\/wp-json\/wp\/v2\/media\/82017"}],"wp:attachment":[{"href":"https:\/\/www.manetti.com\/de\/wp-json\/wp\/v2\/media?parent=82070"}],"wp:term":[{"taxonomy":"product_brand","embeddable":true,"href":"https:\/\/www.manetti.com\/de\/wp-json\/wp\/v2\/product_brand?post=82070"},{"taxonomy":"product_cat","embeddable":true,"href":"https:\/\/www.manetti.com\/de\/wp-json\/wp\/v2\/product_cat?post=82070"},{"taxonomy":"product_tag","embeddable":true,"href":"https:\/\/www.manetti.com\/de\/wp-json\/wp\/v2\/product_tag?post=82070"},{"taxonomy":"product_area","embeddable":true,"href":"https:\/\/www.manetti.com\/de\/wp-json\/wp\/v2\/product_area?post=82070"},{"taxonomy":"catalog_category","embeddable":true,"href":"https:\/\/www.manetti.com\/de\/wp-json\/wp\/v2\/catalog_category?post=82070"}],"curies":[{"name":"wp","href":"https:\/\/api.w.org\/{rel}","templated":true}]}}