{"id":83490,"date":"2025-09-05T14:14:21","date_gmt":"2025-09-05T12:14:21","guid":{"rendered":"https:\/\/www.manetti.com\/?post_type=product&#038;p=83490"},"modified":"2025-09-05T16:03:16","modified_gmt":"2025-09-05T14:03:16","slug":"pinsel-bronzino-2","status":"publish","type":"product","link":"https:\/\/www.manetti.com\/de\/produkt\/pinsel-bronzino\/","title":{"rendered":"Pinsel \u201cBronzino\u201d"},"content":{"rendered":"<p><strong>Bronzino<\/strong> ist ein runder, breiter Pinsel mit weichen Borsten, geeignet f\u00fcr das Abst\u00e4uben der Vergoldung sowohl bei Edelmetall als auch bei Imitationsmetall. Die Pinsel verf\u00fcgen \u00fcber eine Zwinge aus vernickeltem Messing und einen blau lackierten.<\/p>\n","protected":false},"excerpt":{"rendered":"<p>Bronzino ist ein runder, breiter Pinsel mit weichen Borsten, geeignet f\u00fcr das Abst\u00e4uben der Vergoldung sowohl bei Edelmetall als auch bei Imitationsmetall. [&#8230;]<\/p>\n<p><a class=\"btn btn-secondary understrap-read-more-link\" href=\"https:\/\/www.manetti.com\/de\/produkt\/pinsel-bronzino\/\">Weiterlesen&#8230;<\/a><\/p>\n","protected":false},"featured_media":83442,"template":"","meta":{"_acf_changed":false},"product_brand":[],"product_cat":[429,397,348],"product_tag":[],"product_area":[],"catalog_category":[815,981,1082],"class_list":{"0":"post-83490","1":"product","2":"type-product","3":"status-publish","4":"has-post-thumbnail","6":"product_cat-pinselsortiment","7":"product_cat-werkzeuge","8":"product_cat-zubehoer-zum-vergolden","9":"catalog_category-werkzeuge","10":"catalog_category-werkzeuge-pinsel","11":"catalog_category-werkzeuge-pinselsortiment","13":"first","14":"instock","15":"shipping-taxable","16":"purchasable","17":"product-type-variable"},"acf":[],"yoast_head":"<!-- This site is optimized with the Yoast SEO plugin v26.5 - https:\/\/yoast.com\/wordpress\/plugins\/seo\/ -->\n<title>Pinsel \u201cBronzino\u201d | Giusto Manetti Battiloro<\/title>\n<meta name=\"description\" content=\"Bronzino ist ein runder, breiter Pinsel mit weichen Borsten, geeignet f\u00fcr das Abst\u00e4uben der Vergoldung sowohl bei Edelmetall als auch bei Imitationsmetall.\" \/>\n<meta name=\"robots\" content=\"index, follow, max-snippet:-1, max-image-preview:large, max-video-preview:-1\" \/>\n<link rel=\"canonical\" href=\"https:\/\/www.manetti.com\/de\/produkt\/pinsel-bronzino\/\" \/>\n<meta property=\"og:locale\" content=\"de_DE\" \/>\n<meta property=\"og:type\" content=\"article\" \/>\n<meta property=\"og:title\" content=\"Pinsel \u201cBronzino\u201d | Giusto Manetti Battiloro\" \/>\n<meta property=\"og:description\" content=\"Bronzino ist ein runder, breiter Pinsel mit weichen Borsten, geeignet f\u00fcr das Abst\u00e4uben der Vergoldung sowohl bei Edelmetall als auch bei Imitationsmetall.\" \/>\n<meta property=\"og:url\" content=\"https:\/\/www.manetti.com\/de\/produkt\/pinsel-bronzino\/\" \/>\n<meta property=\"og:site_name\" content=\"Giusto Manetti Battiloro\" \/>\n<meta property=\"article:publisher\" content=\"https:\/\/www.facebook.com\/giustomanettibattiloro\" \/>\n<meta property=\"article:modified_time\" content=\"2025-09-05T14:03:16+00:00\" \/>\n<meta property=\"og:image\" content=\"https:\/\/www.manetti.com\/wp-content\/uploads\/2025\/09\/Bronzino-12-insieme_web.png\" \/>\n\t<meta property=\"og:image:width\" content=\"900\" \/>\n\t<meta property=\"og:image:height\" content=\"900\" \/>\n\t<meta property=\"og:image:type\" content=\"image\/png\" \/>\n<meta name=\"twitter:card\" content=\"summary_large_image\" \/>\n<script type=\"application\/ld+json\" class=\"yoast-schema-graph\">{\"@context\":\"https:\/\/schema.org\",\"@graph\":[{\"@type\":\"WebPage\",\"@id\":\"https:\/\/www.manetti.com\/de\/produkt\/pinsel-bronzino\/\",\"url\":\"https:\/\/www.manetti.com\/de\/produkt\/pinsel-bronzino\/\",\"name\":\"Pinsel \u201cBronzino\u201d | Giusto Manetti Battiloro\",\"isPartOf\":{\"@id\":\"https:\/\/www.manetti.com\/de\/#website\"},\"primaryImageOfPage\":{\"@id\":\"https:\/\/www.manetti.com\/de\/produkt\/pinsel-bronzino\/#primaryimage\"},\"image\":{\"@id\":\"https:\/\/www.manetti.com\/de\/produkt\/pinsel-bronzino\/#primaryimage\"},\"thumbnailUrl\":\"https:\/\/www.manetti.com\/wp-content\/uploads\/2025\/09\/Bronzino-12-insieme_web.png\",\"datePublished\":\"2025-09-05T12:14:21+00:00\",\"dateModified\":\"2025-09-05T14:03:16+00:00\",\"description\":\"Bronzino ist ein runder, breiter Pinsel mit weichen Borsten, geeignet f\u00fcr das Abst\u00e4uben der Vergoldung sowohl bei Edelmetall als auch bei Imitationsmetall.\",\"inLanguage\":\"de\",\"potentialAction\":[{\"@type\":\"ReadAction\",\"target\":[\"https:\/\/www.manetti.com\/de\/produkt\/pinsel-bronzino\/\"]}]},{\"@type\":\"ImageObject\",\"inLanguage\":\"de\",\"@id\":\"https:\/\/www.manetti.com\/de\/produkt\/pinsel-bronzino\/#primaryimage\",\"url\":\"https:\/\/www.manetti.com\/wp-content\/uploads\/2025\/09\/Bronzino-12-insieme_web.png\",\"contentUrl\":\"https:\/\/www.manetti.com\/wp-content\/uploads\/2025\/09\/Bronzino-12-insieme_web.png\",\"width\":900,\"height\":900},{\"@type\":\"WebSite\",\"@id\":\"https:\/\/www.manetti.com\/de\/#website\",\"url\":\"https:\/\/www.manetti.com\/de\/\",\"name\":\"Giusto Manetti Battiloro\",\"description\":\"\",\"publisher\":{\"@id\":\"https:\/\/www.manetti.com\/de\/#organization\"},\"potentialAction\":[{\"@type\":\"SearchAction\",\"target\":{\"@type\":\"EntryPoint\",\"urlTemplate\":\"https:\/\/www.manetti.com\/de\/?s={search_term_string}\"},\"query-input\":{\"@type\":\"PropertyValueSpecification\",\"valueRequired\":true,\"valueName\":\"search_term_string\"}}],\"inLanguage\":\"de\"},{\"@type\":\"Organization\",\"@id\":\"https:\/\/www.manetti.com\/de\/#organization\",\"name\":\"GIUSTO MANETTI BATTILORO S.P.A.\",\"url\":\"https:\/\/www.manetti.com\/de\/\",\"logo\":{\"@type\":\"ImageObject\",\"inLanguage\":\"de\",\"@id\":\"https:\/\/www.manetti.com\/de\/#\/schema\/logo\/image\/\",\"url\":\"https:\/\/www.manetti.com\/wp-content\/uploads\/2025\/02\/giusto-manetti-blu_300-02.png\",\"contentUrl\":\"https:\/\/www.manetti.com\/wp-content\/uploads\/2025\/02\/giusto-manetti-blu_300-02.png\",\"width\":1123,\"height\":1093,\"caption\":\"GIUSTO MANETTI BATTILORO S.P.A.\"},\"image\":{\"@id\":\"https:\/\/www.manetti.com\/de\/#\/schema\/logo\/image\/\"},\"sameAs\":[\"https:\/\/www.facebook.com\/giustomanettibattiloro\",\"https:\/\/www.instagram.com\/giustomanettibattiloro\/\",\"https:\/\/www.linkedin.com\/company\/giusto-manetti-battiloro-s-p-a-\/\",\"https:\/\/www.youtube.com\/user\/ManettiBattiloro\"]}]}<\/script>\n<!-- \/ Yoast SEO plugin. -->","yoast_head_json":{"title":"Pinsel \u201cBronzino\u201d | Giusto Manetti Battiloro","description":"Bronzino ist ein runder, breiter Pinsel mit weichen Borsten, geeignet f\u00fcr das Abst\u00e4uben der Vergoldung sowohl bei Edelmetall als auch bei Imitationsmetall.","robots":{"index":"index","follow":"follow","max-snippet":"max-snippet:-1","max-image-preview":"max-image-preview:large","max-video-preview":"max-video-preview:-1"},"canonical":"https:\/\/www.manetti.com\/de\/produkt\/pinsel-bronzino\/","og_locale":"de_DE","og_type":"article","og_title":"Pinsel \u201cBronzino\u201d | Giusto Manetti Battiloro","og_description":"Bronzino ist ein runder, breiter Pinsel mit weichen Borsten, geeignet f\u00fcr das Abst\u00e4uben der Vergoldung sowohl bei Edelmetall als auch bei Imitationsmetall.","og_url":"https:\/\/www.manetti.com\/de\/produkt\/pinsel-bronzino\/","og_site_name":"Giusto Manetti Battiloro","article_publisher":"https:\/\/www.facebook.com\/giustomanettibattiloro","article_modified_time":"2025-09-05T14:03:16+00:00","og_image":[{"width":900,"height":900,"url":"https:\/\/www.manetti.com\/wp-content\/uploads\/2025\/09\/Bronzino-12-insieme_web.png","type":"image\/png"}],"twitter_card":"summary_large_image","schema":{"@context":"https:\/\/schema.org","@graph":[{"@type":"WebPage","@id":"https:\/\/www.manetti.com\/de\/produkt\/pinsel-bronzino\/","url":"https:\/\/www.manetti.com\/de\/produkt\/pinsel-bronzino\/","name":"Pinsel \u201cBronzino\u201d | Giusto Manetti Battiloro","isPartOf":{"@id":"https:\/\/www.manetti.com\/de\/#website"},"primaryImageOfPage":{"@id":"https:\/\/www.manetti.com\/de\/produkt\/pinsel-bronzino\/#primaryimage"},"image":{"@id":"https:\/\/www.manetti.com\/de\/produkt\/pinsel-bronzino\/#primaryimage"},"thumbnailUrl":"https:\/\/www.manetti.com\/wp-content\/uploads\/2025\/09\/Bronzino-12-insieme_web.png","datePublished":"2025-09-05T12:14:21+00:00","dateModified":"2025-09-05T14:03:16+00:00","description":"Bronzino ist ein runder, breiter Pinsel mit weichen Borsten, geeignet f\u00fcr das Abst\u00e4uben der Vergoldung sowohl bei Edelmetall als auch bei Imitationsmetall.","inLanguage":"de","potentialAction":[{"@type":"ReadAction","target":["https:\/\/www.manetti.com\/de\/produkt\/pinsel-bronzino\/"]}]},{"@type":"ImageObject","inLanguage":"de","@id":"https:\/\/www.manetti.com\/de\/produkt\/pinsel-bronzino\/#primaryimage","url":"https:\/\/www.manetti.com\/wp-content\/uploads\/2025\/09\/Bronzino-12-insieme_web.png","contentUrl":"https:\/\/www.manetti.com\/wp-content\/uploads\/2025\/09\/Bronzino-12-insieme_web.png","width":900,"height":900},{"@type":"WebSite","@id":"https:\/\/www.manetti.com\/de\/#website","url":"https:\/\/www.manetti.com\/de\/","name":"Giusto Manetti Battiloro","description":"","publisher":{"@id":"https:\/\/www.manetti.com\/de\/#organization"},"potentialAction":[{"@type":"SearchAction","target":{"@type":"EntryPoint","urlTemplate":"https:\/\/www.manetti.com\/de\/?s={search_term_string}"},"query-input":{"@type":"PropertyValueSpecification","valueRequired":true,"valueName":"search_term_string"}}],"inLanguage":"de"},{"@type":"Organization","@id":"https:\/\/www.manetti.com\/de\/#organization","name":"GIUSTO MANETTI BATTILORO S.P.A.","url":"https:\/\/www.manetti.com\/de\/","logo":{"@type":"ImageObject","inLanguage":"de","@id":"https:\/\/www.manetti.com\/de\/#\/schema\/logo\/image\/","url":"https:\/\/www.manetti.com\/wp-content\/uploads\/2025\/02\/giusto-manetti-blu_300-02.png","contentUrl":"https:\/\/www.manetti.com\/wp-content\/uploads\/2025\/02\/giusto-manetti-blu_300-02.png","width":1123,"height":1093,"caption":"GIUSTO MANETTI BATTILORO S.P.A."},"image":{"@id":"https:\/\/www.manetti.com\/de\/#\/schema\/logo\/image\/"},"sameAs":["https:\/\/www.facebook.com\/giustomanettibattiloro","https:\/\/www.instagram.com\/giustomanettibattiloro\/","https:\/\/www.linkedin.com\/company\/giusto-manetti-battiloro-s-p-a-\/","https:\/\/www.youtube.com\/user\/ManettiBattiloro"]}]}},"_links":{"self":[{"href":"https:\/\/www.manetti.com\/de\/wp-json\/wp\/v2\/product\/83490","targetHints":{"allow":["GET"]}}],"collection":[{"href":"https:\/\/www.manetti.com\/de\/wp-json\/wp\/v2\/product"}],"about":[{"href":"https:\/\/www.manetti.com\/de\/wp-json\/wp\/v2\/types\/product"}],"wp:featuredmedia":[{"embeddable":true,"href":"https:\/\/www.manetti.com\/de\/wp-json\/wp\/v2\/media\/83442"}],"wp:attachment":[{"href":"https:\/\/www.manetti.com\/de\/wp-json\/wp\/v2\/media?parent=83490"}],"wp:term":[{"taxonomy":"product_brand","embeddable":true,"href":"https:\/\/www.manetti.com\/de\/wp-json\/wp\/v2\/product_brand?post=83490"},{"taxonomy":"product_cat","embeddable":true,"href":"https:\/\/www.manetti.com\/de\/wp-json\/wp\/v2\/product_cat?post=83490"},{"taxonomy":"product_tag","embeddable":true,"href":"https:\/\/www.manetti.com\/de\/wp-json\/wp\/v2\/product_tag?post=83490"},{"taxonomy":"product_area","embeddable":true,"href":"https:\/\/www.manetti.com\/de\/wp-json\/wp\/v2\/product_area?post=83490"},{"taxonomy":"catalog_category","embeddable":true,"href":"https:\/\/www.manetti.com\/de\/wp-json\/wp\/v2\/catalog_category?post=83490"}],"curies":[{"name":"wp","href":"https:\/\/api.w.org\/{rel}","templated":true}]}}