{"id":84809,"date":"2025-11-13T10:43:46","date_gmt":"2025-11-13T09:43:46","guid":{"rendered":"https:\/\/www.manetti.com\/?post_type=product&#038;p=84809"},"modified":"2026-03-03T12:11:10","modified_gmt":"2026-03-03T11:11:10","slug":"universal-size-2","status":"publish","type":"product","link":"https:\/\/www.manetti.com\/de\/produkt\/universal-size\/","title":{"rendered":"Universal Size"},"content":{"rendered":"<p><span lang=\"en-US\"><b>Klebstoff f\u00fcr Au\u00dfenvergoldung<\/b><\/span><span lang=\"en-US\">, ideal zum Auftragen von Edelmetallen auf Stein-, Metall- und Holzoberfl\u00e4chen.<br \/>\nNicht brennbar und sicher f\u00fcr den Transport, liefert er Ergebnisse, die identisch mit traditionellem Firnis-Anlege\u00f6l sind.<br \/>\nUniversal Size muss immer mit Terpentin verd\u00fcnnt werden.<\/span><\/p>\n","protected":false},"excerpt":{"rendered":"<p>Klebstoff f\u00fcr Au\u00dfenvergoldung, ideal zum Auftragen von Edelmetallen auf Stein-, Metall- und Holzoberfl\u00e4chen. Nicht brennbar und sicher f\u00fcr den Transport, liefert er Ergebnisse, die identisch mit traditionellem Firnis-Anlege\u00f6l sind. Universal Size muss immer mit Terpentin verd\u00fcnnt werden. [&#8230;]<\/p>\n<p><a class=\"btn btn-secondary understrap-read-more-link\" href=\"https:\/\/www.manetti.com\/de\/produkt\/universal-size\/\">Weiterlesen&#8230;<\/a><\/p>\n","protected":false},"featured_media":84990,"template":"","meta":{"_acf_changed":false},"product_brand":[],"product_cat":[394],"product_tag":[349],"product_area":[],"catalog_category":[791,799,882,930],"class_list":{"0":"post-84809","1":"product","2":"type-product","3":"status-publish","4":"has-post-thumbnail","6":"product_cat-oelvergoldung","7":"product_tag-missionen","8":"catalog_category-vergoldung-auf-marmor-und-stein","9":"catalog_category-vergoldung-im-freien","10":"catalog_category-vergoldung-im-freien-mixtion","11":"catalog_category-vergoldung-auf-marmor-und-stein-mixtion-und-kleber","13":"first","14":"instock","15":"shipping-taxable","16":"purchasable","17":"product-type-variable"},"acf":[],"yoast_head":"<!-- This site is optimized with the Yoast SEO plugin v26.5 - https:\/\/yoast.com\/wordpress\/plugins\/seo\/ -->\n<title>Universal Size | Giusto Manetti Battiloro<\/title>\n<meta name=\"description\" content=\"Kommen Sie und entdecken Sie Universal Size, eines der besten Produkte von Giusto Manetti Battiloro, dem weltweit f\u00fchrenden Hersteller von Blattgold und anderen dekorativen Effekten!\" \/>\n<meta name=\"robots\" content=\"noindex, nofollow\" \/>\n<meta property=\"og:locale\" content=\"de_DE\" \/>\n<meta property=\"og:type\" content=\"article\" \/>\n<meta property=\"og:title\" content=\"Universal Size | Giusto Manetti Battiloro\" \/>\n<meta property=\"og:description\" content=\"Kommen Sie und entdecken Sie Universal Size, eines der besten Produkte von Giusto Manetti Battiloro, dem weltweit f\u00fchrenden Hersteller von Blattgold und anderen dekorativen Effekten!\" \/>\n<meta property=\"og:url\" content=\"https:\/\/www.manetti.com\/de\/produkt\/universal-size\/\" \/>\n<meta property=\"og:site_name\" content=\"Giusto Manetti Battiloro\" \/>\n<meta property=\"article:publisher\" content=\"https:\/\/www.facebook.com\/giustomanettibattiloro\" \/>\n<meta property=\"article:modified_time\" content=\"2026-03-03T11:11:10+00:00\" \/>\n<meta property=\"og:image\" content=\"https:\/\/www.manetti.com\/wp-content\/uploads\/2025\/09\/Universal-3h-13h-insieme-web_new.png\" \/>\n\t<meta property=\"og:image:width\" content=\"900\" \/>\n\t<meta property=\"og:image:height\" content=\"900\" \/>\n\t<meta property=\"og:image:type\" content=\"image\/png\" \/>\n<meta name=\"twitter:card\" content=\"summary_large_image\" \/>\n<script type=\"application\/ld+json\" class=\"yoast-schema-graph\">{\"@context\":\"https:\/\/schema.org\",\"@graph\":[{\"@type\":\"WebPage\",\"@id\":\"https:\/\/www.manetti.com\/de\/produkt\/universal-size\/\",\"url\":\"https:\/\/www.manetti.com\/de\/produkt\/universal-size\/\",\"name\":\"Universal Size | Giusto Manetti Battiloro\",\"isPartOf\":{\"@id\":\"https:\/\/www.manetti.com\/de\/#website\"},\"primaryImageOfPage\":{\"@id\":\"https:\/\/www.manetti.com\/de\/produkt\/universal-size\/#primaryimage\"},\"image\":{\"@id\":\"https:\/\/www.manetti.com\/de\/produkt\/universal-size\/#primaryimage\"},\"thumbnailUrl\":\"https:\/\/www.manetti.com\/wp-content\/uploads\/2025\/09\/Universal-3h-13h-insieme-web_new.png\",\"datePublished\":\"2025-11-13T09:43:46+00:00\",\"dateModified\":\"2026-03-03T11:11:10+00:00\",\"description\":\"Kommen Sie und entdecken Sie Universal Size, eines der besten Produkte von Giusto Manetti Battiloro, dem weltweit f\u00fchrenden Hersteller von Blattgold und anderen dekorativen Effekten!\",\"inLanguage\":\"de\",\"potentialAction\":[{\"@type\":\"ReadAction\",\"target\":[\"https:\/\/www.manetti.com\/de\/produkt\/universal-size\/\"]}]},{\"@type\":\"ImageObject\",\"inLanguage\":\"de\",\"@id\":\"https:\/\/www.manetti.com\/de\/produkt\/universal-size\/#primaryimage\",\"url\":\"https:\/\/www.manetti.com\/wp-content\/uploads\/2025\/09\/Universal-3h-13h-insieme-web_new.png\",\"contentUrl\":\"https:\/\/www.manetti.com\/wp-content\/uploads\/2025\/09\/Universal-3h-13h-insieme-web_new.png\",\"width\":900,\"height\":900},{\"@type\":\"WebSite\",\"@id\":\"https:\/\/www.manetti.com\/de\/#website\",\"url\":\"https:\/\/www.manetti.com\/de\/\",\"name\":\"Giusto Manetti Battiloro\",\"description\":\"\",\"publisher\":{\"@id\":\"https:\/\/www.manetti.com\/de\/#organization\"},\"potentialAction\":[{\"@type\":\"SearchAction\",\"target\":{\"@type\":\"EntryPoint\",\"urlTemplate\":\"https:\/\/www.manetti.com\/de\/?s={search_term_string}\"},\"query-input\":{\"@type\":\"PropertyValueSpecification\",\"valueRequired\":true,\"valueName\":\"search_term_string\"}}],\"inLanguage\":\"de\"},{\"@type\":\"Organization\",\"@id\":\"https:\/\/www.manetti.com\/de\/#organization\",\"name\":\"GIUSTO MANETTI BATTILORO S.P.A.\",\"url\":\"https:\/\/www.manetti.com\/de\/\",\"logo\":{\"@type\":\"ImageObject\",\"inLanguage\":\"de\",\"@id\":\"https:\/\/www.manetti.com\/de\/#\/schema\/logo\/image\/\",\"url\":\"https:\/\/www.manetti.com\/wp-content\/uploads\/2025\/02\/giusto-manetti-blu_300-02.png\",\"contentUrl\":\"https:\/\/www.manetti.com\/wp-content\/uploads\/2025\/02\/giusto-manetti-blu_300-02.png\",\"width\":1123,\"height\":1093,\"caption\":\"GIUSTO MANETTI BATTILORO S.P.A.\"},\"image\":{\"@id\":\"https:\/\/www.manetti.com\/de\/#\/schema\/logo\/image\/\"},\"sameAs\":[\"https:\/\/www.facebook.com\/giustomanettibattiloro\",\"https:\/\/www.instagram.com\/giustomanettibattiloro\/\",\"https:\/\/www.linkedin.com\/company\/giusto-manetti-battiloro-s-p-a-\/\",\"https:\/\/www.youtube.com\/user\/ManettiBattiloro\"]}]}<\/script>\n<!-- \/ Yoast SEO plugin. -->","yoast_head_json":{"title":"Universal Size | Giusto Manetti Battiloro","description":"Kommen Sie und entdecken Sie Universal Size, eines der besten Produkte von Giusto Manetti Battiloro, dem weltweit f\u00fchrenden Hersteller von Blattgold und anderen dekorativen Effekten!","robots":{"index":"noindex","follow":"nofollow"},"og_locale":"de_DE","og_type":"article","og_title":"Universal Size | Giusto Manetti Battiloro","og_description":"Kommen Sie und entdecken Sie Universal Size, eines der besten Produkte von Giusto Manetti Battiloro, dem weltweit f\u00fchrenden Hersteller von Blattgold und anderen dekorativen Effekten!","og_url":"https:\/\/www.manetti.com\/de\/produkt\/universal-size\/","og_site_name":"Giusto Manetti Battiloro","article_publisher":"https:\/\/www.facebook.com\/giustomanettibattiloro","article_modified_time":"2026-03-03T11:11:10+00:00","og_image":[{"width":900,"height":900,"url":"https:\/\/www.manetti.com\/wp-content\/uploads\/2025\/09\/Universal-3h-13h-insieme-web_new.png","type":"image\/png"}],"twitter_card":"summary_large_image","schema":{"@context":"https:\/\/schema.org","@graph":[{"@type":"WebPage","@id":"https:\/\/www.manetti.com\/de\/produkt\/universal-size\/","url":"https:\/\/www.manetti.com\/de\/produkt\/universal-size\/","name":"Universal Size | Giusto Manetti Battiloro","isPartOf":{"@id":"https:\/\/www.manetti.com\/de\/#website"},"primaryImageOfPage":{"@id":"https:\/\/www.manetti.com\/de\/produkt\/universal-size\/#primaryimage"},"image":{"@id":"https:\/\/www.manetti.com\/de\/produkt\/universal-size\/#primaryimage"},"thumbnailUrl":"https:\/\/www.manetti.com\/wp-content\/uploads\/2025\/09\/Universal-3h-13h-insieme-web_new.png","datePublished":"2025-11-13T09:43:46+00:00","dateModified":"2026-03-03T11:11:10+00:00","description":"Kommen Sie und entdecken Sie Universal Size, eines der besten Produkte von Giusto Manetti Battiloro, dem weltweit f\u00fchrenden Hersteller von Blattgold und anderen dekorativen Effekten!","inLanguage":"de","potentialAction":[{"@type":"ReadAction","target":["https:\/\/www.manetti.com\/de\/produkt\/universal-size\/"]}]},{"@type":"ImageObject","inLanguage":"de","@id":"https:\/\/www.manetti.com\/de\/produkt\/universal-size\/#primaryimage","url":"https:\/\/www.manetti.com\/wp-content\/uploads\/2025\/09\/Universal-3h-13h-insieme-web_new.png","contentUrl":"https:\/\/www.manetti.com\/wp-content\/uploads\/2025\/09\/Universal-3h-13h-insieme-web_new.png","width":900,"height":900},{"@type":"WebSite","@id":"https:\/\/www.manetti.com\/de\/#website","url":"https:\/\/www.manetti.com\/de\/","name":"Giusto Manetti Battiloro","description":"","publisher":{"@id":"https:\/\/www.manetti.com\/de\/#organization"},"potentialAction":[{"@type":"SearchAction","target":{"@type":"EntryPoint","urlTemplate":"https:\/\/www.manetti.com\/de\/?s={search_term_string}"},"query-input":{"@type":"PropertyValueSpecification","valueRequired":true,"valueName":"search_term_string"}}],"inLanguage":"de"},{"@type":"Organization","@id":"https:\/\/www.manetti.com\/de\/#organization","name":"GIUSTO MANETTI BATTILORO S.P.A.","url":"https:\/\/www.manetti.com\/de\/","logo":{"@type":"ImageObject","inLanguage":"de","@id":"https:\/\/www.manetti.com\/de\/#\/schema\/logo\/image\/","url":"https:\/\/www.manetti.com\/wp-content\/uploads\/2025\/02\/giusto-manetti-blu_300-02.png","contentUrl":"https:\/\/www.manetti.com\/wp-content\/uploads\/2025\/02\/giusto-manetti-blu_300-02.png","width":1123,"height":1093,"caption":"GIUSTO MANETTI BATTILORO S.P.A."},"image":{"@id":"https:\/\/www.manetti.com\/de\/#\/schema\/logo\/image\/"},"sameAs":["https:\/\/www.facebook.com\/giustomanettibattiloro","https:\/\/www.instagram.com\/giustomanettibattiloro\/","https:\/\/www.linkedin.com\/company\/giusto-manetti-battiloro-s-p-a-\/","https:\/\/www.youtube.com\/user\/ManettiBattiloro"]}]}},"_links":{"self":[{"href":"https:\/\/www.manetti.com\/de\/wp-json\/wp\/v2\/product\/84809","targetHints":{"allow":["GET"]}}],"collection":[{"href":"https:\/\/www.manetti.com\/de\/wp-json\/wp\/v2\/product"}],"about":[{"href":"https:\/\/www.manetti.com\/de\/wp-json\/wp\/v2\/types\/product"}],"wp:featuredmedia":[{"embeddable":true,"href":"https:\/\/www.manetti.com\/de\/wp-json\/wp\/v2\/media\/84990"}],"wp:attachment":[{"href":"https:\/\/www.manetti.com\/de\/wp-json\/wp\/v2\/media?parent=84809"}],"wp:term":[{"taxonomy":"product_brand","embeddable":true,"href":"https:\/\/www.manetti.com\/de\/wp-json\/wp\/v2\/product_brand?post=84809"},{"taxonomy":"product_cat","embeddable":true,"href":"https:\/\/www.manetti.com\/de\/wp-json\/wp\/v2\/product_cat?post=84809"},{"taxonomy":"product_tag","embeddable":true,"href":"https:\/\/www.manetti.com\/de\/wp-json\/wp\/v2\/product_tag?post=84809"},{"taxonomy":"product_area","embeddable":true,"href":"https:\/\/www.manetti.com\/de\/wp-json\/wp\/v2\/product_area?post=84809"},{"taxonomy":"catalog_category","embeddable":true,"href":"https:\/\/www.manetti.com\/de\/wp-json\/wp\/v2\/catalog_category?post=84809"}],"curies":[{"name":"wp","href":"https:\/\/api.w.org\/{rel}","templated":true}]}}