{"id":85852,"date":"2026-01-19T10:32:57","date_gmt":"2026-01-19T09:32:57","guid":{"rendered":"https:\/\/www.manetti.com\/?post_type=product&#038;p=85852"},"modified":"2026-04-21T15:21:22","modified_gmt":"2026-04-21T13:21:22","slug":"outdoor-schutzlack-fuer-den-aussenbereich-komponente-1-2","status":"publish","type":"product","link":"https:\/\/www.manetti.com\/de\/produkt\/outdoor-schutzlack-fuer-den-aussenbereich-komponente-1-2\/","title":{"rendered":"Outdoor &#8211; Schutzlack f\u00fcr den aussenbereich (komponente 1\/2)"},"content":{"rendered":"<p>Ideal f\u00fcr den Schutz von Vergoldungen im Au\u00dfenbereich; es bewahrt den Glanz und gew\u00e4hrleistet einen hohen Schutz. Frei von synthetischen Bestandteilen, UV-best\u00e4ndig, vergilbt oder bl\u00e4ttert nicht ab. Geeignet f\u00fcr Vergoldungen in feuchten Umgebungen, sowohl innen als auch au\u00dfen. Vor der Anwendung ist immer eine Vorkatalyse erforderlich.<\/p>\n","protected":false},"excerpt":{"rendered":"<p>Ideal f\u00fcr den Schutz von Vergoldungen im Au\u00dfenbereich; es bewahrt den Glanz und gew\u00e4hrleistet einen hohen Schutz. Frei von synthetischen Bestandteilen, UV-best\u00e4ndig, vergilbt oder bl\u00e4ttert nicht ab. Geeignet f\u00fcr Vergoldungen in feuchten Umgebungen, sowohl innen als auch au\u00dfen. Vor der Anwendung ist immer eine Vorkatalyse erforderlich. [&#8230;]<\/p>\n<p><a class=\"btn btn-secondary understrap-read-more-link\" href=\"https:\/\/www.manetti.com\/de\/produkt\/outdoor-schutzlack-fuer-den-aussenbereich-komponente-1-2\/\">Weiterlesen&#8230;<\/a><\/p>\n","protected":false},"featured_media":85912,"template":"","meta":{"_acf_changed":false},"product_brand":[],"product_cat":[396,348],"product_tag":[349],"product_area":[],"catalog_category":[791,799,807,846,890,922],"class_list":{"0":"post-85852","1":"product","2":"type-product","3":"status-publish","4":"has-post-thumbnail","6":"product_cat-schutz","7":"product_cat-zubehoer-zum-vergolden","8":"product_tag-missionen","9":"catalog_category-vergoldung-auf-marmor-und-stein","10":"catalog_category-vergoldung-im-freien","11":"catalog_category-vergoldung-mit-goldblatt-in-rolle","12":"catalog_category-vergoldung-mit-goldblatt-in-rolle-schutz","13":"catalog_category-vergoldung-im-freien-schutz","14":"catalog_category-vergoldung-auf-marmor-und-stein-schutz","16":"first","17":"instock","18":"shipping-taxable","19":"purchasable","20":"product-type-variable"},"acf":[],"yoast_head":"<!-- This site is optimized with the Yoast SEO plugin v26.5 - https:\/\/yoast.com\/wordpress\/plugins\/seo\/ -->\n<title>Outdoor - Schutzlack f\u00fcr den aussenbereich (komponente 1\/2) | Giusto Manetti Battiloro<\/title>\n<meta name=\"description\" content=\"Ideal f\u00fcr den Schutz von Vergoldungen im Au\u00dfenbereich; es bewahrt den Glanz und gew\u00e4hrleistet einen hohen Schutz. Frei von synthetischen Bestandteilen,\" \/>\n<meta name=\"robots\" content=\"noindex, nofollow\" \/>\n<meta property=\"og:locale\" content=\"de_DE\" \/>\n<meta property=\"og:type\" content=\"article\" \/>\n<meta property=\"og:title\" content=\"Outdoor - Schutzlack f\u00fcr den aussenbereich (komponente 1\/2) | Giusto Manetti Battiloro\" \/>\n<meta property=\"og:description\" content=\"Ideal f\u00fcr den Schutz von Vergoldungen im Au\u00dfenbereich; es bewahrt den Glanz und gew\u00e4hrleistet einen hohen Schutz. Frei von synthetischen Bestandteilen,\" \/>\n<meta property=\"og:url\" content=\"https:\/\/www.manetti.com\/de\/produkt\/outdoor-schutzlack-fuer-den-aussenbereich-komponente-1-2\/\" \/>\n<meta property=\"og:site_name\" content=\"Giusto Manetti Battiloro\" \/>\n<meta property=\"article:publisher\" content=\"https:\/\/www.facebook.com\/giustomanettibattiloro\" \/>\n<meta property=\"article:modified_time\" content=\"2026-04-21T13:21:22+00:00\" \/>\n<meta property=\"og:image\" content=\"https:\/\/www.manetti.com\/wp-content\/uploads\/2026\/01\/OUTDOOR-PROTEZIONE_WEB-NEW.png\" \/>\n\t<meta property=\"og:image:width\" content=\"900\" \/>\n\t<meta property=\"og:image:height\" content=\"900\" \/>\n\t<meta property=\"og:image:type\" content=\"image\/png\" \/>\n<meta name=\"twitter:card\" content=\"summary_large_image\" \/>\n<script type=\"application\/ld+json\" class=\"yoast-schema-graph\">{\"@context\":\"https:\/\/schema.org\",\"@graph\":[{\"@type\":\"WebPage\",\"@id\":\"https:\/\/www.manetti.com\/de\/produkt\/outdoor-schutzlack-fuer-den-aussenbereich-komponente-1-2\/\",\"url\":\"https:\/\/www.manetti.com\/de\/produkt\/outdoor-schutzlack-fuer-den-aussenbereich-komponente-1-2\/\",\"name\":\"Outdoor - Schutzlack f\u00fcr den aussenbereich (komponente 1\/2) | Giusto Manetti Battiloro\",\"isPartOf\":{\"@id\":\"https:\/\/www.manetti.com\/de\/#website\"},\"primaryImageOfPage\":{\"@id\":\"https:\/\/www.manetti.com\/de\/produkt\/outdoor-schutzlack-fuer-den-aussenbereich-komponente-1-2\/#primaryimage\"},\"image\":{\"@id\":\"https:\/\/www.manetti.com\/de\/produkt\/outdoor-schutzlack-fuer-den-aussenbereich-komponente-1-2\/#primaryimage\"},\"thumbnailUrl\":\"https:\/\/www.manetti.com\/wp-content\/uploads\/2026\/01\/OUTDOOR-PROTEZIONE_WEB-NEW.png\",\"datePublished\":\"2026-01-19T09:32:57+00:00\",\"dateModified\":\"2026-04-21T13:21:22+00:00\",\"description\":\"Ideal f\u00fcr den Schutz von Vergoldungen im Au\u00dfenbereich; es bewahrt den Glanz und gew\u00e4hrleistet einen hohen Schutz. Frei von synthetischen Bestandteilen,\",\"inLanguage\":\"de\",\"potentialAction\":[{\"@type\":\"ReadAction\",\"target\":[\"https:\/\/www.manetti.com\/de\/produkt\/outdoor-schutzlack-fuer-den-aussenbereich-komponente-1-2\/\"]}]},{\"@type\":\"ImageObject\",\"inLanguage\":\"de\",\"@id\":\"https:\/\/www.manetti.com\/de\/produkt\/outdoor-schutzlack-fuer-den-aussenbereich-komponente-1-2\/#primaryimage\",\"url\":\"https:\/\/www.manetti.com\/wp-content\/uploads\/2026\/01\/OUTDOOR-PROTEZIONE_WEB-NEW.png\",\"contentUrl\":\"https:\/\/www.manetti.com\/wp-content\/uploads\/2026\/01\/OUTDOOR-PROTEZIONE_WEB-NEW.png\",\"width\":900,\"height\":900},{\"@type\":\"WebSite\",\"@id\":\"https:\/\/www.manetti.com\/de\/#website\",\"url\":\"https:\/\/www.manetti.com\/de\/\",\"name\":\"Giusto Manetti Battiloro\",\"description\":\"\",\"publisher\":{\"@id\":\"https:\/\/www.manetti.com\/de\/#organization\"},\"potentialAction\":[{\"@type\":\"SearchAction\",\"target\":{\"@type\":\"EntryPoint\",\"urlTemplate\":\"https:\/\/www.manetti.com\/de\/?s={search_term_string}\"},\"query-input\":{\"@type\":\"PropertyValueSpecification\",\"valueRequired\":true,\"valueName\":\"search_term_string\"}}],\"inLanguage\":\"de\"},{\"@type\":\"Organization\",\"@id\":\"https:\/\/www.manetti.com\/de\/#organization\",\"name\":\"GIUSTO MANETTI BATTILORO S.P.A.\",\"url\":\"https:\/\/www.manetti.com\/de\/\",\"logo\":{\"@type\":\"ImageObject\",\"inLanguage\":\"de\",\"@id\":\"https:\/\/www.manetti.com\/de\/#\/schema\/logo\/image\/\",\"url\":\"https:\/\/www.manetti.com\/wp-content\/uploads\/2025\/02\/giusto-manetti-blu_300-02.png\",\"contentUrl\":\"https:\/\/www.manetti.com\/wp-content\/uploads\/2025\/02\/giusto-manetti-blu_300-02.png\",\"width\":1123,\"height\":1093,\"caption\":\"GIUSTO MANETTI BATTILORO S.P.A.\"},\"image\":{\"@id\":\"https:\/\/www.manetti.com\/de\/#\/schema\/logo\/image\/\"},\"sameAs\":[\"https:\/\/www.facebook.com\/giustomanettibattiloro\",\"https:\/\/www.instagram.com\/giustomanettibattiloro\/\",\"https:\/\/www.linkedin.com\/company\/giusto-manetti-battiloro-s-p-a-\/\",\"https:\/\/www.youtube.com\/user\/ManettiBattiloro\"]}]}<\/script>\n<!-- \/ Yoast SEO plugin. -->","yoast_head_json":{"title":"Outdoor - Schutzlack f\u00fcr den aussenbereich (komponente 1\/2) | Giusto Manetti Battiloro","description":"Ideal f\u00fcr den Schutz von Vergoldungen im Au\u00dfenbereich; es bewahrt den Glanz und gew\u00e4hrleistet einen hohen Schutz. Frei von synthetischen Bestandteilen,","robots":{"index":"noindex","follow":"nofollow"},"og_locale":"de_DE","og_type":"article","og_title":"Outdoor - Schutzlack f\u00fcr den aussenbereich (komponente 1\/2) | Giusto Manetti Battiloro","og_description":"Ideal f\u00fcr den Schutz von Vergoldungen im Au\u00dfenbereich; es bewahrt den Glanz und gew\u00e4hrleistet einen hohen Schutz. Frei von synthetischen Bestandteilen,","og_url":"https:\/\/www.manetti.com\/de\/produkt\/outdoor-schutzlack-fuer-den-aussenbereich-komponente-1-2\/","og_site_name":"Giusto Manetti Battiloro","article_publisher":"https:\/\/www.facebook.com\/giustomanettibattiloro","article_modified_time":"2026-04-21T13:21:22+00:00","og_image":[{"width":900,"height":900,"url":"https:\/\/www.manetti.com\/wp-content\/uploads\/2026\/01\/OUTDOOR-PROTEZIONE_WEB-NEW.png","type":"image\/png"}],"twitter_card":"summary_large_image","schema":{"@context":"https:\/\/schema.org","@graph":[{"@type":"WebPage","@id":"https:\/\/www.manetti.com\/de\/produkt\/outdoor-schutzlack-fuer-den-aussenbereich-komponente-1-2\/","url":"https:\/\/www.manetti.com\/de\/produkt\/outdoor-schutzlack-fuer-den-aussenbereich-komponente-1-2\/","name":"Outdoor - Schutzlack f\u00fcr den aussenbereich (komponente 1\/2) | Giusto Manetti Battiloro","isPartOf":{"@id":"https:\/\/www.manetti.com\/de\/#website"},"primaryImageOfPage":{"@id":"https:\/\/www.manetti.com\/de\/produkt\/outdoor-schutzlack-fuer-den-aussenbereich-komponente-1-2\/#primaryimage"},"image":{"@id":"https:\/\/www.manetti.com\/de\/produkt\/outdoor-schutzlack-fuer-den-aussenbereich-komponente-1-2\/#primaryimage"},"thumbnailUrl":"https:\/\/www.manetti.com\/wp-content\/uploads\/2026\/01\/OUTDOOR-PROTEZIONE_WEB-NEW.png","datePublished":"2026-01-19T09:32:57+00:00","dateModified":"2026-04-21T13:21:22+00:00","description":"Ideal f\u00fcr den Schutz von Vergoldungen im Au\u00dfenbereich; es bewahrt den Glanz und gew\u00e4hrleistet einen hohen Schutz. Frei von synthetischen Bestandteilen,","inLanguage":"de","potentialAction":[{"@type":"ReadAction","target":["https:\/\/www.manetti.com\/de\/produkt\/outdoor-schutzlack-fuer-den-aussenbereich-komponente-1-2\/"]}]},{"@type":"ImageObject","inLanguage":"de","@id":"https:\/\/www.manetti.com\/de\/produkt\/outdoor-schutzlack-fuer-den-aussenbereich-komponente-1-2\/#primaryimage","url":"https:\/\/www.manetti.com\/wp-content\/uploads\/2026\/01\/OUTDOOR-PROTEZIONE_WEB-NEW.png","contentUrl":"https:\/\/www.manetti.com\/wp-content\/uploads\/2026\/01\/OUTDOOR-PROTEZIONE_WEB-NEW.png","width":900,"height":900},{"@type":"WebSite","@id":"https:\/\/www.manetti.com\/de\/#website","url":"https:\/\/www.manetti.com\/de\/","name":"Giusto Manetti Battiloro","description":"","publisher":{"@id":"https:\/\/www.manetti.com\/de\/#organization"},"potentialAction":[{"@type":"SearchAction","target":{"@type":"EntryPoint","urlTemplate":"https:\/\/www.manetti.com\/de\/?s={search_term_string}"},"query-input":{"@type":"PropertyValueSpecification","valueRequired":true,"valueName":"search_term_string"}}],"inLanguage":"de"},{"@type":"Organization","@id":"https:\/\/www.manetti.com\/de\/#organization","name":"GIUSTO MANETTI BATTILORO S.P.A.","url":"https:\/\/www.manetti.com\/de\/","logo":{"@type":"ImageObject","inLanguage":"de","@id":"https:\/\/www.manetti.com\/de\/#\/schema\/logo\/image\/","url":"https:\/\/www.manetti.com\/wp-content\/uploads\/2025\/02\/giusto-manetti-blu_300-02.png","contentUrl":"https:\/\/www.manetti.com\/wp-content\/uploads\/2025\/02\/giusto-manetti-blu_300-02.png","width":1123,"height":1093,"caption":"GIUSTO MANETTI BATTILORO S.P.A."},"image":{"@id":"https:\/\/www.manetti.com\/de\/#\/schema\/logo\/image\/"},"sameAs":["https:\/\/www.facebook.com\/giustomanettibattiloro","https:\/\/www.instagram.com\/giustomanettibattiloro\/","https:\/\/www.linkedin.com\/company\/giusto-manetti-battiloro-s-p-a-\/","https:\/\/www.youtube.com\/user\/ManettiBattiloro"]}]}},"_links":{"self":[{"href":"https:\/\/www.manetti.com\/de\/wp-json\/wp\/v2\/product\/85852","targetHints":{"allow":["GET"]}}],"collection":[{"href":"https:\/\/www.manetti.com\/de\/wp-json\/wp\/v2\/product"}],"about":[{"href":"https:\/\/www.manetti.com\/de\/wp-json\/wp\/v2\/types\/product"}],"wp:featuredmedia":[{"embeddable":true,"href":"https:\/\/www.manetti.com\/de\/wp-json\/wp\/v2\/media\/85912"}],"wp:attachment":[{"href":"https:\/\/www.manetti.com\/de\/wp-json\/wp\/v2\/media?parent=85852"}],"wp:term":[{"taxonomy":"product_brand","embeddable":true,"href":"https:\/\/www.manetti.com\/de\/wp-json\/wp\/v2\/product_brand?post=85852"},{"taxonomy":"product_cat","embeddable":true,"href":"https:\/\/www.manetti.com\/de\/wp-json\/wp\/v2\/product_cat?post=85852"},{"taxonomy":"product_tag","embeddable":true,"href":"https:\/\/www.manetti.com\/de\/wp-json\/wp\/v2\/product_tag?post=85852"},{"taxonomy":"product_area","embeddable":true,"href":"https:\/\/www.manetti.com\/de\/wp-json\/wp\/v2\/product_area?post=85852"},{"taxonomy":"catalog_category","embeddable":true,"href":"https:\/\/www.manetti.com\/de\/wp-json\/wp\/v2\/catalog_category?post=85852"}],"curies":[{"name":"wp","href":"https:\/\/api.w.org\/{rel}","templated":true}]}}