{"id":85889,"date":"2026-01-19T10:35:37","date_gmt":"2026-01-19T09:35:37","guid":{"rendered":"https:\/\/www.manetti.com\/?post_type=product&#038;p=85889"},"modified":"2026-02-05T12:26:16","modified_gmt":"2026-02-05T11:26:16","slug":"bausatz-vergoldung-mit-imitationsgoldblatt-2","status":"publish","type":"product","link":"https:\/\/www.manetti.com\/de\/produkt\/bausatz-vergoldung-mit-imitationsgoldblatt\/","title":{"rendered":"Bausatz &#8211; Vergoldung mit Imitationsgoldblatt"},"content":{"rendered":"<p>Ideal f\u00fcr Hobbyk\u00fcnstler und Anf\u00e4nger bietet dieses Set eine einfache und kreative M\u00f6glichkeit, die Kunst des Vergoldens zu entdecken. Es enth\u00e4lt alles, was Sie ben\u00f6tigen, um Vergoldungstechniken zu erlernen, mit der M\u00f6glichkeit, eine gealterte Oberfl\u00e4che an Rahmen, Vasen, Schachteln und vielem mehr auszuprobieren. Die Imitationsgoldbl\u00e4tter machen die Erfahrung zug\u00e4nglicher \u2013 perfekt f\u00fcr alle, die ohne Schwierigkeiten anfangen m\u00f6chten.<\/p>\n<p>Das Set enth\u00e4lt:<\/p>\n<ul>\n<li>Nr. 1 Heft mit Imitationsblatt 14&#215;14 cm, Farbe 2,5 \u2013 lose<\/li>\n<li>Nr. 1 Metall-Mission \u2013 transparente Anlegemilch f\u00fcr Imitationsblatt, 50 ml<\/li>\n<li>Nr. 1 Aging \u2013 Finish, 50 ml<\/li>\n<li>Nr. 1 gl\u00e4nzender wasserbasierter Schutzlack, 50 ml<\/li>\n<li>Nr. 1 Pinsel &#8220;Perla&#8221;, 20 mm<\/li>\n<\/ul>\n<p><iframe loading=\"lazy\" title=\"YouTube video player\" src=\"https:\/\/www.youtube.com\/embed\/jOzbaXHPc5c?si=_ld3YAkFSoPzb1yI\" width=\"560\" height=\"315\" frameborder=\"0\" allowfullscreen=\"allowfullscreen\"><\/iframe><\/p>\n","protected":false},"excerpt":{"rendered":"<p>Ideal f\u00fcr Hobbyk\u00fcnstler und Anf\u00e4nger bietet dieses Set eine einfache und kreative M\u00f6glichkeit, die Kunst des Vergoldens zu entdecken. Es enth\u00e4lt alles, was Sie ben\u00f6tigen, um Vergoldungstechniken zu erlernen, mit der M\u00f6glichkeit, eine gealterte Oberfl\u00e4che an Rahmen, Vasen, Schachteln und vielem mehr auszuprobieren. Die Imitationsgoldbl\u00e4tter machen die Erfahrung zug\u00e4nglicher \u2013 perfekt f\u00fcr alle, die ohne [&#8230;]<\/p>\n<p><a class=\"btn btn-secondary understrap-read-more-link\" href=\"https:\/\/www.manetti.com\/de\/produkt\/bausatz-vergoldung-mit-imitationsgoldblatt\/\">Weiterlesen&#8230;<\/a><\/p>\n","protected":false},"featured_media":85907,"template":"","meta":{"_acf_changed":false},"product_brand":[],"product_cat":[353],"product_tag":[],"product_area":[],"catalog_category":[811],"class_list":{"0":"post-85889","1":"product","2":"type-product","3":"status-publish","4":"has-post-thumbnail","6":"product_cat-schlagmetall","7":"catalog_category-vergoldungssets","9":"first","10":"instock","11":"shipping-taxable","12":"product-type-simple"},"acf":[],"yoast_head":"<!-- This site is optimized with the Yoast SEO plugin v26.5 - https:\/\/yoast.com\/wordpress\/plugins\/seo\/ -->\n<title>Bausatz - Vergoldung mit Imitationsgoldblatt | Giusto Manetti Battiloro<\/title>\n<meta name=\"description\" content=\"Ideal f\u00fcr Hobbyk\u00fcnstler und Anf\u00e4nger bietet dieses Set eine einfache und kreative M\u00f6glichkeit, die Kunst des Vergoldens zu entdecken.\" \/>\n<meta name=\"robots\" content=\"index, follow, max-snippet:-1, max-image-preview:large, max-video-preview:-1\" \/>\n<link rel=\"canonical\" href=\"https:\/\/www.manetti.com\/de\/produkt\/bausatz-vergoldung-mit-imitationsgoldblatt\/\" \/>\n<meta property=\"og:locale\" content=\"de_DE\" \/>\n<meta property=\"og:type\" content=\"article\" \/>\n<meta property=\"og:title\" content=\"Bausatz - Vergoldung mit Imitationsgoldblatt | Giusto Manetti Battiloro\" \/>\n<meta property=\"og:description\" content=\"Ideal f\u00fcr Hobbyk\u00fcnstler und Anf\u00e4nger bietet dieses Set eine einfache und kreative M\u00f6glichkeit, die Kunst des Vergoldens zu entdecken.\" \/>\n<meta property=\"og:url\" content=\"https:\/\/www.manetti.com\/de\/produkt\/bausatz-vergoldung-mit-imitationsgoldblatt\/\" \/>\n<meta property=\"og:site_name\" content=\"Giusto Manetti Battiloro\" \/>\n<meta property=\"article:publisher\" content=\"https:\/\/www.facebook.com\/giustomanettibattiloro\" \/>\n<meta property=\"article:modified_time\" content=\"2026-02-05T11:26:16+00:00\" \/>\n<meta property=\"og:image\" content=\"https:\/\/www.manetti.com\/wp-content\/uploads\/2026\/01\/Kit-imitazione-manetti_web.png\" \/>\n\t<meta property=\"og:image:width\" content=\"1300\" \/>\n\t<meta property=\"og:image:height\" content=\"1300\" \/>\n\t<meta property=\"og:image:type\" content=\"image\/png\" \/>\n<meta name=\"twitter:card\" content=\"summary_large_image\" \/>\n<meta name=\"twitter:label1\" content=\"Gesch\u00e4tzte Lesezeit\" \/>\n\t<meta name=\"twitter:data1\" content=\"1\u00a0Minute\" \/>\n<script type=\"application\/ld+json\" class=\"yoast-schema-graph\">{\"@context\":\"https:\/\/schema.org\",\"@graph\":[{\"@type\":\"WebPage\",\"@id\":\"https:\/\/www.manetti.com\/de\/produkt\/bausatz-vergoldung-mit-imitationsgoldblatt\/\",\"url\":\"https:\/\/www.manetti.com\/de\/produkt\/bausatz-vergoldung-mit-imitationsgoldblatt\/\",\"name\":\"Bausatz - Vergoldung mit Imitationsgoldblatt | Giusto Manetti Battiloro\",\"isPartOf\":{\"@id\":\"https:\/\/www.manetti.com\/de\/#website\"},\"primaryImageOfPage\":{\"@id\":\"https:\/\/www.manetti.com\/de\/produkt\/bausatz-vergoldung-mit-imitationsgoldblatt\/#primaryimage\"},\"image\":{\"@id\":\"https:\/\/www.manetti.com\/de\/produkt\/bausatz-vergoldung-mit-imitationsgoldblatt\/#primaryimage\"},\"thumbnailUrl\":\"https:\/\/www.manetti.com\/wp-content\/uploads\/2026\/01\/Kit-imitazione-manetti_web.png\",\"datePublished\":\"2026-01-19T09:35:37+00:00\",\"dateModified\":\"2026-02-05T11:26:16+00:00\",\"description\":\"Ideal f\u00fcr Hobbyk\u00fcnstler und Anf\u00e4nger bietet dieses Set eine einfache und kreative M\u00f6glichkeit, die Kunst des Vergoldens zu entdecken.\",\"inLanguage\":\"de\",\"potentialAction\":[{\"@type\":\"ReadAction\",\"target\":[\"https:\/\/www.manetti.com\/de\/produkt\/bausatz-vergoldung-mit-imitationsgoldblatt\/\"]}]},{\"@type\":\"ImageObject\",\"inLanguage\":\"de\",\"@id\":\"https:\/\/www.manetti.com\/de\/produkt\/bausatz-vergoldung-mit-imitationsgoldblatt\/#primaryimage\",\"url\":\"https:\/\/www.manetti.com\/wp-content\/uploads\/2026\/01\/Kit-imitazione-manetti_web.png\",\"contentUrl\":\"https:\/\/www.manetti.com\/wp-content\/uploads\/2026\/01\/Kit-imitazione-manetti_web.png\",\"width\":1300,\"height\":1300},{\"@type\":\"WebSite\",\"@id\":\"https:\/\/www.manetti.com\/de\/#website\",\"url\":\"https:\/\/www.manetti.com\/de\/\",\"name\":\"Giusto Manetti Battiloro\",\"description\":\"\",\"publisher\":{\"@id\":\"https:\/\/www.manetti.com\/de\/#organization\"},\"potentialAction\":[{\"@type\":\"SearchAction\",\"target\":{\"@type\":\"EntryPoint\",\"urlTemplate\":\"https:\/\/www.manetti.com\/de\/?s={search_term_string}\"},\"query-input\":{\"@type\":\"PropertyValueSpecification\",\"valueRequired\":true,\"valueName\":\"search_term_string\"}}],\"inLanguage\":\"de\"},{\"@type\":\"Organization\",\"@id\":\"https:\/\/www.manetti.com\/de\/#organization\",\"name\":\"GIUSTO MANETTI BATTILORO S.P.A.\",\"url\":\"https:\/\/www.manetti.com\/de\/\",\"logo\":{\"@type\":\"ImageObject\",\"inLanguage\":\"de\",\"@id\":\"https:\/\/www.manetti.com\/de\/#\/schema\/logo\/image\/\",\"url\":\"https:\/\/www.manetti.com\/wp-content\/uploads\/2025\/02\/giusto-manetti-blu_300-02.png\",\"contentUrl\":\"https:\/\/www.manetti.com\/wp-content\/uploads\/2025\/02\/giusto-manetti-blu_300-02.png\",\"width\":1123,\"height\":1093,\"caption\":\"GIUSTO MANETTI BATTILORO S.P.A.\"},\"image\":{\"@id\":\"https:\/\/www.manetti.com\/de\/#\/schema\/logo\/image\/\"},\"sameAs\":[\"https:\/\/www.facebook.com\/giustomanettibattiloro\",\"https:\/\/www.instagram.com\/giustomanettibattiloro\/\",\"https:\/\/www.linkedin.com\/company\/giusto-manetti-battiloro-s-p-a-\/\",\"https:\/\/www.youtube.com\/user\/ManettiBattiloro\"]}]}<\/script>\n<!-- \/ Yoast SEO plugin. -->","yoast_head_json":{"title":"Bausatz - Vergoldung mit Imitationsgoldblatt | Giusto Manetti Battiloro","description":"Ideal f\u00fcr Hobbyk\u00fcnstler und Anf\u00e4nger bietet dieses Set eine einfache und kreative M\u00f6glichkeit, die Kunst des Vergoldens zu entdecken.","robots":{"index":"index","follow":"follow","max-snippet":"max-snippet:-1","max-image-preview":"max-image-preview:large","max-video-preview":"max-video-preview:-1"},"canonical":"https:\/\/www.manetti.com\/de\/produkt\/bausatz-vergoldung-mit-imitationsgoldblatt\/","og_locale":"de_DE","og_type":"article","og_title":"Bausatz - Vergoldung mit Imitationsgoldblatt | Giusto Manetti Battiloro","og_description":"Ideal f\u00fcr Hobbyk\u00fcnstler und Anf\u00e4nger bietet dieses Set eine einfache und kreative M\u00f6glichkeit, die Kunst des Vergoldens zu entdecken.","og_url":"https:\/\/www.manetti.com\/de\/produkt\/bausatz-vergoldung-mit-imitationsgoldblatt\/","og_site_name":"Giusto Manetti Battiloro","article_publisher":"https:\/\/www.facebook.com\/giustomanettibattiloro","article_modified_time":"2026-02-05T11:26:16+00:00","og_image":[{"width":1300,"height":1300,"url":"https:\/\/www.manetti.com\/wp-content\/uploads\/2026\/01\/Kit-imitazione-manetti_web.png","type":"image\/png"}],"twitter_card":"summary_large_image","twitter_misc":{"Gesch\u00e4tzte Lesezeit":"1\u00a0Minute"},"schema":{"@context":"https:\/\/schema.org","@graph":[{"@type":"WebPage","@id":"https:\/\/www.manetti.com\/de\/produkt\/bausatz-vergoldung-mit-imitationsgoldblatt\/","url":"https:\/\/www.manetti.com\/de\/produkt\/bausatz-vergoldung-mit-imitationsgoldblatt\/","name":"Bausatz - Vergoldung mit Imitationsgoldblatt | Giusto Manetti Battiloro","isPartOf":{"@id":"https:\/\/www.manetti.com\/de\/#website"},"primaryImageOfPage":{"@id":"https:\/\/www.manetti.com\/de\/produkt\/bausatz-vergoldung-mit-imitationsgoldblatt\/#primaryimage"},"image":{"@id":"https:\/\/www.manetti.com\/de\/produkt\/bausatz-vergoldung-mit-imitationsgoldblatt\/#primaryimage"},"thumbnailUrl":"https:\/\/www.manetti.com\/wp-content\/uploads\/2026\/01\/Kit-imitazione-manetti_web.png","datePublished":"2026-01-19T09:35:37+00:00","dateModified":"2026-02-05T11:26:16+00:00","description":"Ideal f\u00fcr Hobbyk\u00fcnstler und Anf\u00e4nger bietet dieses Set eine einfache und kreative M\u00f6glichkeit, die Kunst des Vergoldens zu entdecken.","inLanguage":"de","potentialAction":[{"@type":"ReadAction","target":["https:\/\/www.manetti.com\/de\/produkt\/bausatz-vergoldung-mit-imitationsgoldblatt\/"]}]},{"@type":"ImageObject","inLanguage":"de","@id":"https:\/\/www.manetti.com\/de\/produkt\/bausatz-vergoldung-mit-imitationsgoldblatt\/#primaryimage","url":"https:\/\/www.manetti.com\/wp-content\/uploads\/2026\/01\/Kit-imitazione-manetti_web.png","contentUrl":"https:\/\/www.manetti.com\/wp-content\/uploads\/2026\/01\/Kit-imitazione-manetti_web.png","width":1300,"height":1300},{"@type":"WebSite","@id":"https:\/\/www.manetti.com\/de\/#website","url":"https:\/\/www.manetti.com\/de\/","name":"Giusto Manetti Battiloro","description":"","publisher":{"@id":"https:\/\/www.manetti.com\/de\/#organization"},"potentialAction":[{"@type":"SearchAction","target":{"@type":"EntryPoint","urlTemplate":"https:\/\/www.manetti.com\/de\/?s={search_term_string}"},"query-input":{"@type":"PropertyValueSpecification","valueRequired":true,"valueName":"search_term_string"}}],"inLanguage":"de"},{"@type":"Organization","@id":"https:\/\/www.manetti.com\/de\/#organization","name":"GIUSTO MANETTI BATTILORO S.P.A.","url":"https:\/\/www.manetti.com\/de\/","logo":{"@type":"ImageObject","inLanguage":"de","@id":"https:\/\/www.manetti.com\/de\/#\/schema\/logo\/image\/","url":"https:\/\/www.manetti.com\/wp-content\/uploads\/2025\/02\/giusto-manetti-blu_300-02.png","contentUrl":"https:\/\/www.manetti.com\/wp-content\/uploads\/2025\/02\/giusto-manetti-blu_300-02.png","width":1123,"height":1093,"caption":"GIUSTO MANETTI BATTILORO S.P.A."},"image":{"@id":"https:\/\/www.manetti.com\/de\/#\/schema\/logo\/image\/"},"sameAs":["https:\/\/www.facebook.com\/giustomanettibattiloro","https:\/\/www.instagram.com\/giustomanettibattiloro\/","https:\/\/www.linkedin.com\/company\/giusto-manetti-battiloro-s-p-a-\/","https:\/\/www.youtube.com\/user\/ManettiBattiloro"]}]}},"_links":{"self":[{"href":"https:\/\/www.manetti.com\/de\/wp-json\/wp\/v2\/product\/85889","targetHints":{"allow":["GET"]}}],"collection":[{"href":"https:\/\/www.manetti.com\/de\/wp-json\/wp\/v2\/product"}],"about":[{"href":"https:\/\/www.manetti.com\/de\/wp-json\/wp\/v2\/types\/product"}],"wp:featuredmedia":[{"embeddable":true,"href":"https:\/\/www.manetti.com\/de\/wp-json\/wp\/v2\/media\/85907"}],"wp:attachment":[{"href":"https:\/\/www.manetti.com\/de\/wp-json\/wp\/v2\/media?parent=85889"}],"wp:term":[{"taxonomy":"product_brand","embeddable":true,"href":"https:\/\/www.manetti.com\/de\/wp-json\/wp\/v2\/product_brand?post=85889"},{"taxonomy":"product_cat","embeddable":true,"href":"https:\/\/www.manetti.com\/de\/wp-json\/wp\/v2\/product_cat?post=85889"},{"taxonomy":"product_tag","embeddable":true,"href":"https:\/\/www.manetti.com\/de\/wp-json\/wp\/v2\/product_tag?post=85889"},{"taxonomy":"product_area","embeddable":true,"href":"https:\/\/www.manetti.com\/de\/wp-json\/wp\/v2\/product_area?post=85889"},{"taxonomy":"catalog_category","embeddable":true,"href":"https:\/\/www.manetti.com\/de\/wp-json\/wp\/v2\/catalog_category?post=85889"}],"curies":[{"name":"wp","href":"https:\/\/api.w.org\/{rel}","templated":true}]}}