{"id":85917,"date":"2026-01-19T11:07:40","date_gmt":"2026-01-19T10:07:40","guid":{"rendered":"https:\/\/www.manetti.com\/?post_type=product&#038;p=85917"},"modified":"2026-04-21T15:24:14","modified_gmt":"2026-04-21T13:24:14","slug":"outdoor-katalysator-komponente-2-2","status":"publish","type":"product","link":"https:\/\/www.manetti.com\/de\/produkt\/outdoor-katalysator-komponente-2-2\/","title":{"rendered":"Outdoor &#8211; Katalysator (komponente 2\/2)"},"content":{"rendered":"<p>Katalysator zur Verwendung in Kombination mit dem Au\u00dfenschutz. Das Katalyseverh\u00e4ltnis betr\u00e4gt 20 %, also ein Teil Katalysator auf f\u00fcnf Teile Schutz. Es ist wichtig, nur die Menge an Schutzmittel zu katalysieren, die tats\u00e4chlich verwendet wird, da m\u00f6gliche R\u00fcckst\u00e4nde zum Trocknen neigen und unbrauchbar werden.<\/p>\n","protected":false},"excerpt":{"rendered":"<p>Katalysator zur Verwendung in Kombination mit dem Au\u00dfenschutz. Das Katalyseverh\u00e4ltnis betr\u00e4gt 20 %, also ein Teil Katalysator auf f\u00fcnf Teile Schutz. Es ist wichtig, nur die Menge an Schutzmittel zu katalysieren, die tats\u00e4chlich verwendet wird, da m\u00f6gliche R\u00fcckst\u00e4nde zum Trocknen neigen und unbrauchbar werden. [&#8230;]<\/p>\n<p><a class=\"btn btn-secondary understrap-read-more-link\" href=\"https:\/\/www.manetti.com\/de\/produkt\/outdoor-katalysator-komponente-2-2\/\">Weiterlesen&#8230;<\/a><\/p>\n","protected":false},"featured_media":85940,"template":"","meta":{"_acf_changed":false},"product_brand":[],"product_cat":[396,348],"product_tag":[349],"product_area":[],"catalog_category":[791,799,807,846,890,922],"class_list":{"0":"post-85917","1":"product","2":"type-product","3":"status-publish","4":"has-post-thumbnail","6":"product_cat-schutz","7":"product_cat-zubehoer-zum-vergolden","8":"product_tag-missionen","9":"catalog_category-vergoldung-auf-marmor-und-stein","10":"catalog_category-vergoldung-im-freien","11":"catalog_category-vergoldung-mit-goldblatt-in-rolle","12":"catalog_category-vergoldung-mit-goldblatt-in-rolle-schutz","13":"catalog_category-vergoldung-im-freien-schutz","14":"catalog_category-vergoldung-auf-marmor-und-stein-schutz","16":"first","17":"instock","18":"shipping-taxable","19":"purchasable","20":"product-type-variable"},"acf":[],"yoast_head":"<!-- This site is optimized with the Yoast SEO plugin v26.5 - https:\/\/yoast.com\/wordpress\/plugins\/seo\/ -->\n<title>Outdoor - Katalysator (komponente 2\/2) | Giusto Manetti Battiloro<\/title>\n<meta name=\"description\" content=\"Katalysator zur Verwendung in Kombination mit dem Au\u00dfenschutz. Das Katalyseverh\u00e4ltnis betr\u00e4gt 20 %, also ein Teil Katalysator auf f\u00fcnf Teile Schutz. Es\" \/>\n<meta name=\"robots\" content=\"noindex, nofollow\" \/>\n<meta property=\"og:locale\" content=\"de_DE\" \/>\n<meta property=\"og:type\" content=\"article\" \/>\n<meta property=\"og:title\" content=\"Outdoor - Katalysator (komponente 2\/2) | Giusto Manetti Battiloro\" \/>\n<meta property=\"og:description\" content=\"Katalysator zur Verwendung in Kombination mit dem Au\u00dfenschutz. Das Katalyseverh\u00e4ltnis betr\u00e4gt 20 %, also ein Teil Katalysator auf f\u00fcnf Teile Schutz. Es\" \/>\n<meta property=\"og:url\" content=\"https:\/\/www.manetti.com\/de\/produkt\/outdoor-katalysator-komponente-2-2\/\" \/>\n<meta property=\"og:site_name\" content=\"Giusto Manetti Battiloro\" \/>\n<meta property=\"article:publisher\" content=\"https:\/\/www.facebook.com\/giustomanettibattiloro\" \/>\n<meta property=\"article:modified_time\" content=\"2026-04-21T13:24:14+00:00\" \/>\n<meta property=\"og:image\" content=\"https:\/\/www.manetti.com\/wp-content\/uploads\/2026\/01\/OUTDOOR-CATALIZZATORE_-WEB-NEW.png\" \/>\n\t<meta property=\"og:image:width\" content=\"900\" \/>\n\t<meta property=\"og:image:height\" content=\"900\" \/>\n\t<meta property=\"og:image:type\" content=\"image\/png\" \/>\n<meta name=\"twitter:card\" content=\"summary_large_image\" \/>\n<script type=\"application\/ld+json\" class=\"yoast-schema-graph\">{\"@context\":\"https:\/\/schema.org\",\"@graph\":[{\"@type\":\"WebPage\",\"@id\":\"https:\/\/www.manetti.com\/de\/produkt\/outdoor-katalysator-komponente-2-2\/\",\"url\":\"https:\/\/www.manetti.com\/de\/produkt\/outdoor-katalysator-komponente-2-2\/\",\"name\":\"Outdoor - Katalysator (komponente 2\/2) | Giusto Manetti Battiloro\",\"isPartOf\":{\"@id\":\"https:\/\/www.manetti.com\/de\/#website\"},\"primaryImageOfPage\":{\"@id\":\"https:\/\/www.manetti.com\/de\/produkt\/outdoor-katalysator-komponente-2-2\/#primaryimage\"},\"image\":{\"@id\":\"https:\/\/www.manetti.com\/de\/produkt\/outdoor-katalysator-komponente-2-2\/#primaryimage\"},\"thumbnailUrl\":\"https:\/\/www.manetti.com\/wp-content\/uploads\/2026\/01\/OUTDOOR-CATALIZZATORE_-WEB-NEW.png\",\"datePublished\":\"2026-01-19T10:07:40+00:00\",\"dateModified\":\"2026-04-21T13:24:14+00:00\",\"description\":\"Katalysator zur Verwendung in Kombination mit dem Au\u00dfenschutz. Das Katalyseverh\u00e4ltnis betr\u00e4gt 20 %, also ein Teil Katalysator auf f\u00fcnf Teile Schutz. Es\",\"inLanguage\":\"de\",\"potentialAction\":[{\"@type\":\"ReadAction\",\"target\":[\"https:\/\/www.manetti.com\/de\/produkt\/outdoor-katalysator-komponente-2-2\/\"]}]},{\"@type\":\"ImageObject\",\"inLanguage\":\"de\",\"@id\":\"https:\/\/www.manetti.com\/de\/produkt\/outdoor-katalysator-komponente-2-2\/#primaryimage\",\"url\":\"https:\/\/www.manetti.com\/wp-content\/uploads\/2026\/01\/OUTDOOR-CATALIZZATORE_-WEB-NEW.png\",\"contentUrl\":\"https:\/\/www.manetti.com\/wp-content\/uploads\/2026\/01\/OUTDOOR-CATALIZZATORE_-WEB-NEW.png\",\"width\":900,\"height\":900},{\"@type\":\"WebSite\",\"@id\":\"https:\/\/www.manetti.com\/de\/#website\",\"url\":\"https:\/\/www.manetti.com\/de\/\",\"name\":\"Giusto Manetti Battiloro\",\"description\":\"\",\"publisher\":{\"@id\":\"https:\/\/www.manetti.com\/de\/#organization\"},\"potentialAction\":[{\"@type\":\"SearchAction\",\"target\":{\"@type\":\"EntryPoint\",\"urlTemplate\":\"https:\/\/www.manetti.com\/de\/?s={search_term_string}\"},\"query-input\":{\"@type\":\"PropertyValueSpecification\",\"valueRequired\":true,\"valueName\":\"search_term_string\"}}],\"inLanguage\":\"de\"},{\"@type\":\"Organization\",\"@id\":\"https:\/\/www.manetti.com\/de\/#organization\",\"name\":\"GIUSTO MANETTI BATTILORO S.P.A.\",\"url\":\"https:\/\/www.manetti.com\/de\/\",\"logo\":{\"@type\":\"ImageObject\",\"inLanguage\":\"de\",\"@id\":\"https:\/\/www.manetti.com\/de\/#\/schema\/logo\/image\/\",\"url\":\"https:\/\/www.manetti.com\/wp-content\/uploads\/2025\/02\/giusto-manetti-blu_300-02.png\",\"contentUrl\":\"https:\/\/www.manetti.com\/wp-content\/uploads\/2025\/02\/giusto-manetti-blu_300-02.png\",\"width\":1123,\"height\":1093,\"caption\":\"GIUSTO MANETTI BATTILORO S.P.A.\"},\"image\":{\"@id\":\"https:\/\/www.manetti.com\/de\/#\/schema\/logo\/image\/\"},\"sameAs\":[\"https:\/\/www.facebook.com\/giustomanettibattiloro\",\"https:\/\/www.instagram.com\/giustomanettibattiloro\/\",\"https:\/\/www.linkedin.com\/company\/giusto-manetti-battiloro-s-p-a-\/\",\"https:\/\/www.youtube.com\/user\/ManettiBattiloro\"]}]}<\/script>\n<!-- \/ Yoast SEO plugin. -->","yoast_head_json":{"title":"Outdoor - Katalysator (komponente 2\/2) | Giusto Manetti Battiloro","description":"Katalysator zur Verwendung in Kombination mit dem Au\u00dfenschutz. Das Katalyseverh\u00e4ltnis betr\u00e4gt 20 %, also ein Teil Katalysator auf f\u00fcnf Teile Schutz. Es","robots":{"index":"noindex","follow":"nofollow"},"og_locale":"de_DE","og_type":"article","og_title":"Outdoor - Katalysator (komponente 2\/2) | Giusto Manetti Battiloro","og_description":"Katalysator zur Verwendung in Kombination mit dem Au\u00dfenschutz. Das Katalyseverh\u00e4ltnis betr\u00e4gt 20 %, also ein Teil Katalysator auf f\u00fcnf Teile Schutz. Es","og_url":"https:\/\/www.manetti.com\/de\/produkt\/outdoor-katalysator-komponente-2-2\/","og_site_name":"Giusto Manetti Battiloro","article_publisher":"https:\/\/www.facebook.com\/giustomanettibattiloro","article_modified_time":"2026-04-21T13:24:14+00:00","og_image":[{"width":900,"height":900,"url":"https:\/\/www.manetti.com\/wp-content\/uploads\/2026\/01\/OUTDOOR-CATALIZZATORE_-WEB-NEW.png","type":"image\/png"}],"twitter_card":"summary_large_image","schema":{"@context":"https:\/\/schema.org","@graph":[{"@type":"WebPage","@id":"https:\/\/www.manetti.com\/de\/produkt\/outdoor-katalysator-komponente-2-2\/","url":"https:\/\/www.manetti.com\/de\/produkt\/outdoor-katalysator-komponente-2-2\/","name":"Outdoor - Katalysator (komponente 2\/2) | Giusto Manetti Battiloro","isPartOf":{"@id":"https:\/\/www.manetti.com\/de\/#website"},"primaryImageOfPage":{"@id":"https:\/\/www.manetti.com\/de\/produkt\/outdoor-katalysator-komponente-2-2\/#primaryimage"},"image":{"@id":"https:\/\/www.manetti.com\/de\/produkt\/outdoor-katalysator-komponente-2-2\/#primaryimage"},"thumbnailUrl":"https:\/\/www.manetti.com\/wp-content\/uploads\/2026\/01\/OUTDOOR-CATALIZZATORE_-WEB-NEW.png","datePublished":"2026-01-19T10:07:40+00:00","dateModified":"2026-04-21T13:24:14+00:00","description":"Katalysator zur Verwendung in Kombination mit dem Au\u00dfenschutz. Das Katalyseverh\u00e4ltnis betr\u00e4gt 20 %, also ein Teil Katalysator auf f\u00fcnf Teile Schutz. Es","inLanguage":"de","potentialAction":[{"@type":"ReadAction","target":["https:\/\/www.manetti.com\/de\/produkt\/outdoor-katalysator-komponente-2-2\/"]}]},{"@type":"ImageObject","inLanguage":"de","@id":"https:\/\/www.manetti.com\/de\/produkt\/outdoor-katalysator-komponente-2-2\/#primaryimage","url":"https:\/\/www.manetti.com\/wp-content\/uploads\/2026\/01\/OUTDOOR-CATALIZZATORE_-WEB-NEW.png","contentUrl":"https:\/\/www.manetti.com\/wp-content\/uploads\/2026\/01\/OUTDOOR-CATALIZZATORE_-WEB-NEW.png","width":900,"height":900},{"@type":"WebSite","@id":"https:\/\/www.manetti.com\/de\/#website","url":"https:\/\/www.manetti.com\/de\/","name":"Giusto Manetti Battiloro","description":"","publisher":{"@id":"https:\/\/www.manetti.com\/de\/#organization"},"potentialAction":[{"@type":"SearchAction","target":{"@type":"EntryPoint","urlTemplate":"https:\/\/www.manetti.com\/de\/?s={search_term_string}"},"query-input":{"@type":"PropertyValueSpecification","valueRequired":true,"valueName":"search_term_string"}}],"inLanguage":"de"},{"@type":"Organization","@id":"https:\/\/www.manetti.com\/de\/#organization","name":"GIUSTO MANETTI BATTILORO S.P.A.","url":"https:\/\/www.manetti.com\/de\/","logo":{"@type":"ImageObject","inLanguage":"de","@id":"https:\/\/www.manetti.com\/de\/#\/schema\/logo\/image\/","url":"https:\/\/www.manetti.com\/wp-content\/uploads\/2025\/02\/giusto-manetti-blu_300-02.png","contentUrl":"https:\/\/www.manetti.com\/wp-content\/uploads\/2025\/02\/giusto-manetti-blu_300-02.png","width":1123,"height":1093,"caption":"GIUSTO MANETTI BATTILORO S.P.A."},"image":{"@id":"https:\/\/www.manetti.com\/de\/#\/schema\/logo\/image\/"},"sameAs":["https:\/\/www.facebook.com\/giustomanettibattiloro","https:\/\/www.instagram.com\/giustomanettibattiloro\/","https:\/\/www.linkedin.com\/company\/giusto-manetti-battiloro-s-p-a-\/","https:\/\/www.youtube.com\/user\/ManettiBattiloro"]}]}},"_links":{"self":[{"href":"https:\/\/www.manetti.com\/de\/wp-json\/wp\/v2\/product\/85917","targetHints":{"allow":["GET"]}}],"collection":[{"href":"https:\/\/www.manetti.com\/de\/wp-json\/wp\/v2\/product"}],"about":[{"href":"https:\/\/www.manetti.com\/de\/wp-json\/wp\/v2\/types\/product"}],"wp:featuredmedia":[{"embeddable":true,"href":"https:\/\/www.manetti.com\/de\/wp-json\/wp\/v2\/media\/85940"}],"wp:attachment":[{"href":"https:\/\/www.manetti.com\/de\/wp-json\/wp\/v2\/media?parent=85917"}],"wp:term":[{"taxonomy":"product_brand","embeddable":true,"href":"https:\/\/www.manetti.com\/de\/wp-json\/wp\/v2\/product_brand?post=85917"},{"taxonomy":"product_cat","embeddable":true,"href":"https:\/\/www.manetti.com\/de\/wp-json\/wp\/v2\/product_cat?post=85917"},{"taxonomy":"product_tag","embeddable":true,"href":"https:\/\/www.manetti.com\/de\/wp-json\/wp\/v2\/product_tag?post=85917"},{"taxonomy":"product_area","embeddable":true,"href":"https:\/\/www.manetti.com\/de\/wp-json\/wp\/v2\/product_area?post=85917"},{"taxonomy":"catalog_category","embeddable":true,"href":"https:\/\/www.manetti.com\/de\/wp-json\/wp\/v2\/catalog_category?post=85917"}],"curies":[{"name":"wp","href":"https:\/\/api.w.org\/{rel}","templated":true}]}}