{"id":86153,"date":"2026-01-19T14:57:35","date_gmt":"2026-01-19T13:57:35","guid":{"rendered":"https:\/\/www.manetti.com\/?post_type=product&#038;p=86153"},"modified":"2026-02-05T11:29:32","modified_gmt":"2026-02-05T10:29:32","slug":"metal-leime-mixtion-copia","status":"publish","type":"product","link":"https:\/\/www.manetti.com\/de\/shop\/metal-grundierung-fuer-imitationsblatt\/","title":{"rendered":"Metal &#8211; Grundierung f\u00fcr imitationsblatt"},"content":{"rendered":"<p>Wasserbasierter Klebstoff f\u00fcr die Vergoldung mit Imitationsbl\u00e4ttern auf Holz, Gips oder Stuck im Innenbereich. Die Konsistenz des Produkts erm\u00f6glicht eine gleichm\u00e4\u00dfige und best\u00e4ndige Grundierung. Die rote Version wird f\u00fcr Imitationsgold und Kupferblatt empfohlen, um einen w\u00e4rmeren Effekt zu erzielen, w\u00e4hrend die transparente Version f\u00fcr Aluminiumblatt geeignet ist.<\/p>\n","protected":false},"excerpt":{"rendered":"<p>Wasserbasierter Klebstoff f\u00fcr die Vergoldung mit Imitationsbl\u00e4ttern auf Holz, Gips oder Stuck im Innenbereich. Die Konsistenz des Produkts erm\u00f6glicht eine gleichm\u00e4\u00dfige und best\u00e4ndige Grundierung. Die rote Version wird f\u00fcr Imitationsgold und Kupferblatt empfohlen, um einen w\u00e4rmeren Effekt zu erzielen, w\u00e4hrend die transparente Version f\u00fcr Aluminiumblatt geeignet ist. [&#8230;]<\/p>\n<p><a class=\"btn btn-secondary understrap-read-more-link\" href=\"https:\/\/www.manetti.com\/de\/shop\/metal-grundierung-fuer-imitationsblatt\/\">Weiterlesen&#8230;<\/a><\/p>\n","protected":false},"featured_media":86098,"template":"","meta":{"_acf_changed":false},"product_brand":[],"product_cat":[394],"product_tag":[349],"product_area":[560,660],"catalog_category":[],"class_list":{"0":"post-86153","1":"product","2":"type-product","3":"status-publish","4":"has-post-thumbnail","6":"product_cat-oelvergoldung","7":"product_tag-missionen","8":"product_area-vergoldung-und-restaurierung","9":"product_area-vergoldung-und-restaurierung-mixtion-kleber","11":"first","12":"instock","13":"shipping-taxable","14":"purchasable","15":"product-type-variable"},"acf":[],"yoast_head":"<!-- This site is optimized with the Yoast SEO plugin v26.5 - https:\/\/yoast.com\/wordpress\/plugins\/seo\/ -->\n<title>Metal - Grundierung f\u00fcr imitationsblatt | Giusto Manetti Battiloro<\/title>\n<meta name=\"description\" content=\"Wasserbasierter Klebstoff f\u00fcr die Vergoldung mit Imitationsbl\u00e4ttern auf Holz, Gips oder Stuck im Innenbereich. Die Konsistenz des Produkts erm\u00f6glicht eine\" \/>\n<meta name=\"robots\" content=\"noindex, nofollow\" \/>\n<meta property=\"og:locale\" content=\"de_DE\" \/>\n<meta property=\"og:type\" content=\"article\" \/>\n<meta property=\"og:title\" content=\"Metal - Grundierung f\u00fcr imitationsblatt | Giusto Manetti Battiloro\" \/>\n<meta property=\"og:description\" content=\"Wasserbasierter Klebstoff f\u00fcr die Vergoldung mit Imitationsbl\u00e4ttern auf Holz, Gips oder Stuck im Innenbereich. Die Konsistenz des Produkts erm\u00f6glicht eine\" \/>\n<meta property=\"og:url\" content=\"https:\/\/www.manetti.com\/de\/shop\/metal-grundierung-fuer-imitationsblatt\/\" \/>\n<meta property=\"og:site_name\" content=\"Giusto Manetti Battiloro\" \/>\n<meta property=\"article:publisher\" content=\"https:\/\/www.facebook.com\/giustomanettibattiloro\" \/>\n<meta property=\"article:modified_time\" content=\"2026-02-05T10:29:32+00:00\" \/>\n<meta property=\"og:image\" content=\"https:\/\/www.manetti.com\/wp-content\/uploads\/2026\/01\/Metal_web-new.png\" \/>\n\t<meta property=\"og:image:width\" content=\"900\" \/>\n\t<meta property=\"og:image:height\" content=\"900\" \/>\n\t<meta property=\"og:image:type\" content=\"image\/png\" \/>\n<meta name=\"twitter:card\" content=\"summary_large_image\" \/>\n<script type=\"application\/ld+json\" class=\"yoast-schema-graph\">{\"@context\":\"https:\/\/schema.org\",\"@graph\":[{\"@type\":\"WebPage\",\"@id\":\"https:\/\/www.manetti.com\/de\/shop\/metal-grundierung-fuer-imitationsblatt\/\",\"url\":\"https:\/\/www.manetti.com\/de\/shop\/metal-grundierung-fuer-imitationsblatt\/\",\"name\":\"Metal - Grundierung f\u00fcr imitationsblatt | Giusto Manetti Battiloro\",\"isPartOf\":{\"@id\":\"https:\/\/www.manetti.com\/de\/#website\"},\"primaryImageOfPage\":{\"@id\":\"https:\/\/www.manetti.com\/de\/shop\/metal-grundierung-fuer-imitationsblatt\/#primaryimage\"},\"image\":{\"@id\":\"https:\/\/www.manetti.com\/de\/shop\/metal-grundierung-fuer-imitationsblatt\/#primaryimage\"},\"thumbnailUrl\":\"https:\/\/www.manetti.com\/wp-content\/uploads\/2026\/01\/Metal_web-new.png\",\"datePublished\":\"2026-01-19T13:57:35+00:00\",\"dateModified\":\"2026-02-05T10:29:32+00:00\",\"description\":\"Wasserbasierter Klebstoff f\u00fcr die Vergoldung mit Imitationsbl\u00e4ttern auf Holz, Gips oder Stuck im Innenbereich. Die Konsistenz des Produkts erm\u00f6glicht eine\",\"inLanguage\":\"de\",\"potentialAction\":[{\"@type\":\"ReadAction\",\"target\":[\"https:\/\/www.manetti.com\/de\/shop\/metal-grundierung-fuer-imitationsblatt\/\"]}]},{\"@type\":\"ImageObject\",\"inLanguage\":\"de\",\"@id\":\"https:\/\/www.manetti.com\/de\/shop\/metal-grundierung-fuer-imitationsblatt\/#primaryimage\",\"url\":\"https:\/\/www.manetti.com\/wp-content\/uploads\/2026\/01\/Metal_web-new.png\",\"contentUrl\":\"https:\/\/www.manetti.com\/wp-content\/uploads\/2026\/01\/Metal_web-new.png\",\"width\":900,\"height\":900},{\"@type\":\"WebSite\",\"@id\":\"https:\/\/www.manetti.com\/de\/#website\",\"url\":\"https:\/\/www.manetti.com\/de\/\",\"name\":\"Giusto Manetti Battiloro\",\"description\":\"\",\"publisher\":{\"@id\":\"https:\/\/www.manetti.com\/de\/#organization\"},\"potentialAction\":[{\"@type\":\"SearchAction\",\"target\":{\"@type\":\"EntryPoint\",\"urlTemplate\":\"https:\/\/www.manetti.com\/de\/?s={search_term_string}\"},\"query-input\":{\"@type\":\"PropertyValueSpecification\",\"valueRequired\":true,\"valueName\":\"search_term_string\"}}],\"inLanguage\":\"de\"},{\"@type\":\"Organization\",\"@id\":\"https:\/\/www.manetti.com\/de\/#organization\",\"name\":\"GIUSTO MANETTI BATTILORO S.P.A.\",\"url\":\"https:\/\/www.manetti.com\/de\/\",\"logo\":{\"@type\":\"ImageObject\",\"inLanguage\":\"de\",\"@id\":\"https:\/\/www.manetti.com\/de\/#\/schema\/logo\/image\/\",\"url\":\"https:\/\/www.manetti.com\/wp-content\/uploads\/2025\/02\/giusto-manetti-blu_300-02.png\",\"contentUrl\":\"https:\/\/www.manetti.com\/wp-content\/uploads\/2025\/02\/giusto-manetti-blu_300-02.png\",\"width\":1123,\"height\":1093,\"caption\":\"GIUSTO MANETTI BATTILORO S.P.A.\"},\"image\":{\"@id\":\"https:\/\/www.manetti.com\/de\/#\/schema\/logo\/image\/\"},\"sameAs\":[\"https:\/\/www.facebook.com\/giustomanettibattiloro\",\"https:\/\/www.instagram.com\/giustomanettibattiloro\/\",\"https:\/\/www.linkedin.com\/company\/giusto-manetti-battiloro-s-p-a-\/\",\"https:\/\/www.youtube.com\/user\/ManettiBattiloro\"]}]}<\/script>\n<!-- \/ Yoast SEO plugin. -->","yoast_head_json":{"title":"Metal - Grundierung f\u00fcr imitationsblatt | Giusto Manetti Battiloro","description":"Wasserbasierter Klebstoff f\u00fcr die Vergoldung mit Imitationsbl\u00e4ttern auf Holz, Gips oder Stuck im Innenbereich. Die Konsistenz des Produkts erm\u00f6glicht eine","robots":{"index":"noindex","follow":"nofollow"},"og_locale":"de_DE","og_type":"article","og_title":"Metal - Grundierung f\u00fcr imitationsblatt | Giusto Manetti Battiloro","og_description":"Wasserbasierter Klebstoff f\u00fcr die Vergoldung mit Imitationsbl\u00e4ttern auf Holz, Gips oder Stuck im Innenbereich. Die Konsistenz des Produkts erm\u00f6glicht eine","og_url":"https:\/\/www.manetti.com\/de\/shop\/metal-grundierung-fuer-imitationsblatt\/","og_site_name":"Giusto Manetti Battiloro","article_publisher":"https:\/\/www.facebook.com\/giustomanettibattiloro","article_modified_time":"2026-02-05T10:29:32+00:00","og_image":[{"width":900,"height":900,"url":"https:\/\/www.manetti.com\/wp-content\/uploads\/2026\/01\/Metal_web-new.png","type":"image\/png"}],"twitter_card":"summary_large_image","schema":{"@context":"https:\/\/schema.org","@graph":[{"@type":"WebPage","@id":"https:\/\/www.manetti.com\/de\/shop\/metal-grundierung-fuer-imitationsblatt\/","url":"https:\/\/www.manetti.com\/de\/shop\/metal-grundierung-fuer-imitationsblatt\/","name":"Metal - Grundierung f\u00fcr imitationsblatt | Giusto Manetti Battiloro","isPartOf":{"@id":"https:\/\/www.manetti.com\/de\/#website"},"primaryImageOfPage":{"@id":"https:\/\/www.manetti.com\/de\/shop\/metal-grundierung-fuer-imitationsblatt\/#primaryimage"},"image":{"@id":"https:\/\/www.manetti.com\/de\/shop\/metal-grundierung-fuer-imitationsblatt\/#primaryimage"},"thumbnailUrl":"https:\/\/www.manetti.com\/wp-content\/uploads\/2026\/01\/Metal_web-new.png","datePublished":"2026-01-19T13:57:35+00:00","dateModified":"2026-02-05T10:29:32+00:00","description":"Wasserbasierter Klebstoff f\u00fcr die Vergoldung mit Imitationsbl\u00e4ttern auf Holz, Gips oder Stuck im Innenbereich. Die Konsistenz des Produkts erm\u00f6glicht eine","inLanguage":"de","potentialAction":[{"@type":"ReadAction","target":["https:\/\/www.manetti.com\/de\/shop\/metal-grundierung-fuer-imitationsblatt\/"]}]},{"@type":"ImageObject","inLanguage":"de","@id":"https:\/\/www.manetti.com\/de\/shop\/metal-grundierung-fuer-imitationsblatt\/#primaryimage","url":"https:\/\/www.manetti.com\/wp-content\/uploads\/2026\/01\/Metal_web-new.png","contentUrl":"https:\/\/www.manetti.com\/wp-content\/uploads\/2026\/01\/Metal_web-new.png","width":900,"height":900},{"@type":"WebSite","@id":"https:\/\/www.manetti.com\/de\/#website","url":"https:\/\/www.manetti.com\/de\/","name":"Giusto Manetti Battiloro","description":"","publisher":{"@id":"https:\/\/www.manetti.com\/de\/#organization"},"potentialAction":[{"@type":"SearchAction","target":{"@type":"EntryPoint","urlTemplate":"https:\/\/www.manetti.com\/de\/?s={search_term_string}"},"query-input":{"@type":"PropertyValueSpecification","valueRequired":true,"valueName":"search_term_string"}}],"inLanguage":"de"},{"@type":"Organization","@id":"https:\/\/www.manetti.com\/de\/#organization","name":"GIUSTO MANETTI BATTILORO S.P.A.","url":"https:\/\/www.manetti.com\/de\/","logo":{"@type":"ImageObject","inLanguage":"de","@id":"https:\/\/www.manetti.com\/de\/#\/schema\/logo\/image\/","url":"https:\/\/www.manetti.com\/wp-content\/uploads\/2025\/02\/giusto-manetti-blu_300-02.png","contentUrl":"https:\/\/www.manetti.com\/wp-content\/uploads\/2025\/02\/giusto-manetti-blu_300-02.png","width":1123,"height":1093,"caption":"GIUSTO MANETTI BATTILORO S.P.A."},"image":{"@id":"https:\/\/www.manetti.com\/de\/#\/schema\/logo\/image\/"},"sameAs":["https:\/\/www.facebook.com\/giustomanettibattiloro","https:\/\/www.instagram.com\/giustomanettibattiloro\/","https:\/\/www.linkedin.com\/company\/giusto-manetti-battiloro-s-p-a-\/","https:\/\/www.youtube.com\/user\/ManettiBattiloro"]}]}},"_links":{"self":[{"href":"https:\/\/www.manetti.com\/de\/wp-json\/wp\/v2\/product\/86153","targetHints":{"allow":["GET"]}}],"collection":[{"href":"https:\/\/www.manetti.com\/de\/wp-json\/wp\/v2\/product"}],"about":[{"href":"https:\/\/www.manetti.com\/de\/wp-json\/wp\/v2\/types\/product"}],"wp:featuredmedia":[{"embeddable":true,"href":"https:\/\/www.manetti.com\/de\/wp-json\/wp\/v2\/media\/86098"}],"wp:attachment":[{"href":"https:\/\/www.manetti.com\/de\/wp-json\/wp\/v2\/media?parent=86153"}],"wp:term":[{"taxonomy":"product_brand","embeddable":true,"href":"https:\/\/www.manetti.com\/de\/wp-json\/wp\/v2\/product_brand?post=86153"},{"taxonomy":"product_cat","embeddable":true,"href":"https:\/\/www.manetti.com\/de\/wp-json\/wp\/v2\/product_cat?post=86153"},{"taxonomy":"product_tag","embeddable":true,"href":"https:\/\/www.manetti.com\/de\/wp-json\/wp\/v2\/product_tag?post=86153"},{"taxonomy":"product_area","embeddable":true,"href":"https:\/\/www.manetti.com\/de\/wp-json\/wp\/v2\/product_area?post=86153"},{"taxonomy":"catalog_category","embeddable":true,"href":"https:\/\/www.manetti.com\/de\/wp-json\/wp\/v2\/catalog_category?post=86153"}],"curies":[{"name":"wp","href":"https:\/\/api.w.org\/{rel}","templated":true}]}}