{"id":87395,"date":"2026-02-10T15:50:05","date_gmt":"2026-02-10T14:50:05","guid":{"rendered":"https:\/\/www.manetti.com\/?post_type=product&#038;p=87395"},"modified":"2026-02-13T16:37:15","modified_gmt":"2026-02-13T15:37:15","slug":"schlagmetall-in-rolle-copia","status":"publish","type":"product","link":"https:\/\/www.manetti.com\/de\/shop\/schlagmetall-in-rolle-15-cm-x-50-mt\/","title":{"rendered":"Schlagmetall in rolle &#8211; 15 cm x 50 mt"},"content":{"rendered":"<p>Die Bl\u00e4tter werden fortlaufend auf Seidenpapier aufgebracht, was zu <strong>Rollen von 15 cm H\u00f6he und einer Standardl\u00e4nge von 50 Metern f\u00fchrt<\/strong>. Blattgoldimitat in Rolle ist <strong>ideal f\u00fcr die Anwendung auf gro\u00dfe, flache Oberfl\u00e4chen in der Mixtionstechnik<\/strong>. Je nach Bedarf an Vergoldung kann die Rolle mit einer Schere auf die gew\u00fcnschte L\u00e4nge zugeschnitten werden, wobei darauf zu achten ist, dass sich die beiden Bl\u00e4tter \u00fcberlappen. <strong>Wir k\u00f6nnen die Standardrollenl\u00e4nge von 50 Metern bereits auf die gew\u00fcnschte H\u00f6he zugeschnitten liefern, ab einem Minimum von 10 Millimetern<\/strong>.<\/p>\n<div class=\"show_more\"><p class=\"wpsm-show\" style=\"color: #c39f5f; font-size: 100%; text-align: left;\"> Mehr lesen<\/p><div class=\"wpsm-content\"><\/p>\n<h2>Blattgold- und Blattsilberimitaten, Vorteile und Anwendungstechniken<\/h2>\n<p>Neben dem wirtschaftlichen Vorteil der Wahl eines Nicht-Edelmetalls <strong>liegt der Hauptvorteil von <a href=\"https:\/\/www.manetti.com\/de\/katalog\/blattgold\/\">Blattgold-<\/a> und Blattsilberimitaten auf Rollen in der Zeitersparnis beim Vergolden<\/strong>. Dank der Gr\u00f6\u00dfe der Rolle und der einfachen Handhabung k\u00f6nnen gro\u00dfe Fl\u00e4chen in k\u00fcrzerer Zeit und mit <strong>weniger Blattabfall<\/strong> vergoldet werden als z.B. bei der Verwendung eines Heftes.<\/p>\n<p><strong>Die geeignetste Technik f\u00fcr die Anwendung von Blattgold- und Blattsilberimitaten auf einer Rolle ist die Mixtion <\/strong>mit einem Kleber auf Wasser- oder Alkoholbasis, je nach Beschaffenheit der zu behandelnden Oberfl\u00e4che. <strong>Vergoldungen auf Wasserbasis eignen sich f\u00fcr Materialien wie Papier, Holz und Gips, w\u00e4hrend Alkohol auf glatten und kompakten Untergr\u00fcnden wie Metall, Kunststoff und Glas besser haftet<\/strong>. <strong>Die Blattgold- und Kupferimitate neigen zur Oxidation. Es ist daher ratsam, sie in Innenr\u00e4umen zu verwenden und zum Schutz der Vergoldung<\/strong> einen l\u00f6sungsmittelhaltigen Acryl- oder Nitrolack aufzutragen. <strong>Die Experten von Manetti stehen Ihnen gerne zur Verf\u00fcgung, um weitere Einzelheiten<\/strong> zu den Anwendungsmethoden und <strong>Produktpreisen zu erl\u00e4utern und einen Kostenvoranschlag zu erstellen<\/strong>.<\/p>\n<p> <p class=\"wpsm-hide\" style=\"color: #c39f5f; font-size: 100%; text-align: left;\"> Weniger lesen<\/p><\/div><\/div>\n","protected":false},"excerpt":{"rendered":"<p>Das Imitationsblatt in Rollen erm\u00f6glicht zudem eine schnelle und pr\u00e4zise Vergoldung gro\u00dfer, flacher Fl\u00e4chen.<br \/>\n [&#8230;]<\/p>\n<p><a class=\"btn btn-secondary understrap-read-more-link\" href=\"https:\/\/www.manetti.com\/de\/shop\/schlagmetall-in-rolle-15-cm-x-50-mt\/\">Weiterlesen&#8230;<\/a><\/p>\n","protected":false},"featured_media":72901,"template":"","meta":{"_acf_changed":false},"product_brand":[],"product_cat":[353],"product_tag":[],"product_area":[560,664],"catalog_category":[],"class_list":{"0":"post-87395","1":"product","2":"type-product","3":"status-publish","4":"has-post-thumbnail","6":"product_cat-schlagmetall","7":"product_area-vergoldung-und-restaurierung","8":"product_area-vergoldung-und-restaurierung-schlagmetall","10":"first","11":"instock","12":"shipping-taxable","13":"purchasable","14":"product-type-variable"},"acf":[],"yoast_head":"<!-- This site is optimized with the Yoast SEO plugin v26.5 - https:\/\/yoast.com\/wordpress\/plugins\/seo\/ -->\n<title>Schlagmetall in rolle - 15 cm x 50 mt<\/title>\n<meta name=\"description\" content=\"Die Bl\u00e4tterimitationen auf der Rolle werden kontinuierlich auf Seidenpapier aufgebracht, f\u00fcr verschiedene H\u00f6hen, 50 m L\u00e4nge und schnelle und pr\u00e4zise Vergoldung\" \/>\n<meta name=\"robots\" content=\"index, follow, max-snippet:-1, max-image-preview:large, max-video-preview:-1\" \/>\n<link rel=\"canonical\" href=\"https:\/\/www.manetti.com\/de\/shop\/schlagmetall-in-rolle-15-cm-x-50-mt\/\" \/>\n<meta property=\"og:locale\" content=\"de_DE\" \/>\n<meta property=\"og:type\" content=\"article\" \/>\n<meta property=\"og:title\" content=\"Schlagmetall in rolle - 15 cm x 50 mt\" \/>\n<meta property=\"og:description\" content=\"Die Bl\u00e4tterimitationen auf der Rolle werden kontinuierlich auf Seidenpapier aufgebracht, f\u00fcr verschiedene H\u00f6hen, 50 m L\u00e4nge und schnelle und pr\u00e4zise Vergoldung\" \/>\n<meta property=\"og:url\" content=\"https:\/\/www.manetti.com\/de\/shop\/schlagmetall-in-rolle-15-cm-x-50-mt\/\" \/>\n<meta property=\"og:site_name\" content=\"Giusto Manetti Battiloro\" \/>\n<meta property=\"article:publisher\" content=\"https:\/\/www.facebook.com\/giustomanettibattiloro\" \/>\n<meta property=\"article:modified_time\" content=\"2026-02-13T15:37:15+00:00\" \/>\n<meta property=\"og:image\" content=\"https:\/\/www.manetti.com\/wp-content\/uploads\/2023\/09\/Rotolo-Imitazione-Oro-web_giusto-manetti-battiloro.png\" \/>\n\t<meta property=\"og:image:width\" content=\"900\" \/>\n\t<meta property=\"og:image:height\" content=\"900\" \/>\n\t<meta property=\"og:image:type\" content=\"image\/png\" \/>\n<meta name=\"twitter:card\" content=\"summary_large_image\" \/>\n<meta name=\"twitter:label1\" content=\"Gesch\u00e4tzte Lesezeit\" \/>\n\t<meta name=\"twitter:data1\" content=\"2\u00a0Minuten\" \/>\n<script type=\"application\/ld+json\" class=\"yoast-schema-graph\">{\"@context\":\"https:\/\/schema.org\",\"@graph\":[{\"@type\":\"WebPage\",\"@id\":\"https:\/\/www.manetti.com\/de\/shop\/schlagmetall-in-rolle-15-cm-x-50-mt\/\",\"url\":\"https:\/\/www.manetti.com\/de\/shop\/schlagmetall-in-rolle-15-cm-x-50-mt\/\",\"name\":\"Schlagmetall in rolle - 15 cm x 50 mt\",\"isPartOf\":{\"@id\":\"https:\/\/www.manetti.com\/de\/#website\"},\"primaryImageOfPage\":{\"@id\":\"https:\/\/www.manetti.com\/de\/shop\/schlagmetall-in-rolle-15-cm-x-50-mt\/#primaryimage\"},\"image\":{\"@id\":\"https:\/\/www.manetti.com\/de\/shop\/schlagmetall-in-rolle-15-cm-x-50-mt\/#primaryimage\"},\"thumbnailUrl\":\"https:\/\/www.manetti.com\/wp-content\/uploads\/2023\/09\/Rotolo-Imitazione-Oro-web_giusto-manetti-battiloro.png\",\"datePublished\":\"2026-02-10T14:50:05+00:00\",\"dateModified\":\"2026-02-13T15:37:15+00:00\",\"description\":\"Die Bl\u00e4tterimitationen auf der Rolle werden kontinuierlich auf Seidenpapier aufgebracht, f\u00fcr verschiedene H\u00f6hen, 50 m L\u00e4nge und schnelle und pr\u00e4zise Vergoldung\",\"inLanguage\":\"de\",\"potentialAction\":[{\"@type\":\"ReadAction\",\"target\":[\"https:\/\/www.manetti.com\/de\/shop\/schlagmetall-in-rolle-15-cm-x-50-mt\/\"]}]},{\"@type\":\"ImageObject\",\"inLanguage\":\"de\",\"@id\":\"https:\/\/www.manetti.com\/de\/shop\/schlagmetall-in-rolle-15-cm-x-50-mt\/#primaryimage\",\"url\":\"https:\/\/www.manetti.com\/wp-content\/uploads\/2023\/09\/Rotolo-Imitazione-Oro-web_giusto-manetti-battiloro.png\",\"contentUrl\":\"https:\/\/www.manetti.com\/wp-content\/uploads\/2023\/09\/Rotolo-Imitazione-Oro-web_giusto-manetti-battiloro.png\",\"width\":900,\"height\":900},{\"@type\":\"WebSite\",\"@id\":\"https:\/\/www.manetti.com\/de\/#website\",\"url\":\"https:\/\/www.manetti.com\/de\/\",\"name\":\"Giusto Manetti Battiloro\",\"description\":\"\",\"publisher\":{\"@id\":\"https:\/\/www.manetti.com\/de\/#organization\"},\"potentialAction\":[{\"@type\":\"SearchAction\",\"target\":{\"@type\":\"EntryPoint\",\"urlTemplate\":\"https:\/\/www.manetti.com\/de\/?s={search_term_string}\"},\"query-input\":{\"@type\":\"PropertyValueSpecification\",\"valueRequired\":true,\"valueName\":\"search_term_string\"}}],\"inLanguage\":\"de\"},{\"@type\":\"Organization\",\"@id\":\"https:\/\/www.manetti.com\/de\/#organization\",\"name\":\"GIUSTO MANETTI BATTILORO S.P.A.\",\"url\":\"https:\/\/www.manetti.com\/de\/\",\"logo\":{\"@type\":\"ImageObject\",\"inLanguage\":\"de\",\"@id\":\"https:\/\/www.manetti.com\/de\/#\/schema\/logo\/image\/\",\"url\":\"https:\/\/www.manetti.com\/wp-content\/uploads\/2025\/02\/giusto-manetti-blu_300-02.png\",\"contentUrl\":\"https:\/\/www.manetti.com\/wp-content\/uploads\/2025\/02\/giusto-manetti-blu_300-02.png\",\"width\":1123,\"height\":1093,\"caption\":\"GIUSTO MANETTI BATTILORO S.P.A.\"},\"image\":{\"@id\":\"https:\/\/www.manetti.com\/de\/#\/schema\/logo\/image\/\"},\"sameAs\":[\"https:\/\/www.facebook.com\/giustomanettibattiloro\",\"https:\/\/www.instagram.com\/giustomanettibattiloro\/\",\"https:\/\/www.linkedin.com\/company\/giusto-manetti-battiloro-s-p-a-\/\",\"https:\/\/www.youtube.com\/user\/ManettiBattiloro\"]}]}<\/script>\n<!-- \/ Yoast SEO plugin. -->","yoast_head_json":{"title":"Schlagmetall in rolle - 15 cm x 50 mt","description":"Die Bl\u00e4tterimitationen auf der Rolle werden kontinuierlich auf Seidenpapier aufgebracht, f\u00fcr verschiedene H\u00f6hen, 50 m L\u00e4nge und schnelle und pr\u00e4zise Vergoldung","robots":{"index":"index","follow":"follow","max-snippet":"max-snippet:-1","max-image-preview":"max-image-preview:large","max-video-preview":"max-video-preview:-1"},"canonical":"https:\/\/www.manetti.com\/de\/shop\/schlagmetall-in-rolle-15-cm-x-50-mt\/","og_locale":"de_DE","og_type":"article","og_title":"Schlagmetall in rolle - 15 cm x 50 mt","og_description":"Die Bl\u00e4tterimitationen auf der Rolle werden kontinuierlich auf Seidenpapier aufgebracht, f\u00fcr verschiedene H\u00f6hen, 50 m L\u00e4nge und schnelle und pr\u00e4zise Vergoldung","og_url":"https:\/\/www.manetti.com\/de\/shop\/schlagmetall-in-rolle-15-cm-x-50-mt\/","og_site_name":"Giusto Manetti Battiloro","article_publisher":"https:\/\/www.facebook.com\/giustomanettibattiloro","article_modified_time":"2026-02-13T15:37:15+00:00","og_image":[{"width":900,"height":900,"url":"https:\/\/www.manetti.com\/wp-content\/uploads\/2023\/09\/Rotolo-Imitazione-Oro-web_giusto-manetti-battiloro.png","type":"image\/png"}],"twitter_card":"summary_large_image","twitter_misc":{"Gesch\u00e4tzte Lesezeit":"2\u00a0Minuten"},"schema":{"@context":"https:\/\/schema.org","@graph":[{"@type":"WebPage","@id":"https:\/\/www.manetti.com\/de\/shop\/schlagmetall-in-rolle-15-cm-x-50-mt\/","url":"https:\/\/www.manetti.com\/de\/shop\/schlagmetall-in-rolle-15-cm-x-50-mt\/","name":"Schlagmetall in rolle - 15 cm x 50 mt","isPartOf":{"@id":"https:\/\/www.manetti.com\/de\/#website"},"primaryImageOfPage":{"@id":"https:\/\/www.manetti.com\/de\/shop\/schlagmetall-in-rolle-15-cm-x-50-mt\/#primaryimage"},"image":{"@id":"https:\/\/www.manetti.com\/de\/shop\/schlagmetall-in-rolle-15-cm-x-50-mt\/#primaryimage"},"thumbnailUrl":"https:\/\/www.manetti.com\/wp-content\/uploads\/2023\/09\/Rotolo-Imitazione-Oro-web_giusto-manetti-battiloro.png","datePublished":"2026-02-10T14:50:05+00:00","dateModified":"2026-02-13T15:37:15+00:00","description":"Die Bl\u00e4tterimitationen auf der Rolle werden kontinuierlich auf Seidenpapier aufgebracht, f\u00fcr verschiedene H\u00f6hen, 50 m L\u00e4nge und schnelle und pr\u00e4zise Vergoldung","inLanguage":"de","potentialAction":[{"@type":"ReadAction","target":["https:\/\/www.manetti.com\/de\/shop\/schlagmetall-in-rolle-15-cm-x-50-mt\/"]}]},{"@type":"ImageObject","inLanguage":"de","@id":"https:\/\/www.manetti.com\/de\/shop\/schlagmetall-in-rolle-15-cm-x-50-mt\/#primaryimage","url":"https:\/\/www.manetti.com\/wp-content\/uploads\/2023\/09\/Rotolo-Imitazione-Oro-web_giusto-manetti-battiloro.png","contentUrl":"https:\/\/www.manetti.com\/wp-content\/uploads\/2023\/09\/Rotolo-Imitazione-Oro-web_giusto-manetti-battiloro.png","width":900,"height":900},{"@type":"WebSite","@id":"https:\/\/www.manetti.com\/de\/#website","url":"https:\/\/www.manetti.com\/de\/","name":"Giusto Manetti Battiloro","description":"","publisher":{"@id":"https:\/\/www.manetti.com\/de\/#organization"},"potentialAction":[{"@type":"SearchAction","target":{"@type":"EntryPoint","urlTemplate":"https:\/\/www.manetti.com\/de\/?s={search_term_string}"},"query-input":{"@type":"PropertyValueSpecification","valueRequired":true,"valueName":"search_term_string"}}],"inLanguage":"de"},{"@type":"Organization","@id":"https:\/\/www.manetti.com\/de\/#organization","name":"GIUSTO MANETTI BATTILORO S.P.A.","url":"https:\/\/www.manetti.com\/de\/","logo":{"@type":"ImageObject","inLanguage":"de","@id":"https:\/\/www.manetti.com\/de\/#\/schema\/logo\/image\/","url":"https:\/\/www.manetti.com\/wp-content\/uploads\/2025\/02\/giusto-manetti-blu_300-02.png","contentUrl":"https:\/\/www.manetti.com\/wp-content\/uploads\/2025\/02\/giusto-manetti-blu_300-02.png","width":1123,"height":1093,"caption":"GIUSTO MANETTI BATTILORO S.P.A."},"image":{"@id":"https:\/\/www.manetti.com\/de\/#\/schema\/logo\/image\/"},"sameAs":["https:\/\/www.facebook.com\/giustomanettibattiloro","https:\/\/www.instagram.com\/giustomanettibattiloro\/","https:\/\/www.linkedin.com\/company\/giusto-manetti-battiloro-s-p-a-\/","https:\/\/www.youtube.com\/user\/ManettiBattiloro"]}]}},"_links":{"self":[{"href":"https:\/\/www.manetti.com\/de\/wp-json\/wp\/v2\/product\/87395","targetHints":{"allow":["GET"]}}],"collection":[{"href":"https:\/\/www.manetti.com\/de\/wp-json\/wp\/v2\/product"}],"about":[{"href":"https:\/\/www.manetti.com\/de\/wp-json\/wp\/v2\/types\/product"}],"wp:featuredmedia":[{"embeddable":true,"href":"https:\/\/www.manetti.com\/de\/wp-json\/wp\/v2\/media\/72901"}],"wp:attachment":[{"href":"https:\/\/www.manetti.com\/de\/wp-json\/wp\/v2\/media?parent=87395"}],"wp:term":[{"taxonomy":"product_brand","embeddable":true,"href":"https:\/\/www.manetti.com\/de\/wp-json\/wp\/v2\/product_brand?post=87395"},{"taxonomy":"product_cat","embeddable":true,"href":"https:\/\/www.manetti.com\/de\/wp-json\/wp\/v2\/product_cat?post=87395"},{"taxonomy":"product_tag","embeddable":true,"href":"https:\/\/www.manetti.com\/de\/wp-json\/wp\/v2\/product_tag?post=87395"},{"taxonomy":"product_area","embeddable":true,"href":"https:\/\/www.manetti.com\/de\/wp-json\/wp\/v2\/product_area?post=87395"},{"taxonomy":"catalog_category","embeddable":true,"href":"https:\/\/www.manetti.com\/de\/wp-json\/wp\/v2\/catalog_category?post=87395"}],"curies":[{"name":"wp","href":"https:\/\/api.w.org\/{rel}","templated":true}]}}