{"id":87765,"date":"2026-02-11T16:09:38","date_gmt":"2026-02-11T15:09:38","guid":{"rendered":"https:\/\/www.manetti.com\/?post_type=product&#038;p=87765"},"modified":"2026-02-25T10:32:20","modified_gmt":"2026-02-25T09:32:20","slug":"blattgold-fur-glas-86x86-mm-16-gramm-mond-22-kt-copia","status":"publish","type":"product","link":"https:\/\/www.manetti.com\/de\/shop\/blattgold-fuer-glas-86x86-mm-16-gramm-weiss-12-kt\/","title":{"rendered":"Blattgold f\u00fcr Glas\u2013 86&#215;86 mm \u2013 16 gramm \u2013 Wei\u00df 12 kt"},"content":{"rendered":"<p>Die Vergoldung auf Glas verbindet die Tradition alten Handwerks mit den expressiven Formen zeitgen\u00f6ssischer Kunst. Es ist eine anspruchsvolle Methode, um verschiedenen Glasobjekten und -oberfl\u00e4chen, von Wohnaccessoires bis hin zu k\u00fcnstlerischen Glasmalereien und Beschriftungen, einen Hauch von Eleganz und Raffinesse zu verleihen. Das Auftragen von Blattgold auf Glas, meist in R\u00fcckseitenvergoldung, kann auf verschiedene Arten erfolgen. Eine dieser Methoden umfasst die Verwendung von <a href=\"https:\/\/www.manetti.com\/de\/produkt\/gelatineblaetter\/\"><strong data-start=\"2477\" data-end=\"2489\">gelatine<\/strong><\/a>, die mit speziellen Pinseln aufgetragen wird. Alternativ kann die \u201e\u00d6lvergoldung\u201c angewendet werden, wobei das spezielle Produkt f\u00fcr Glas, Smooth, zum Einsatz kommt. Um eine optimale, fehlerfreie Vergoldung zu erzielen, muss ein spezifisches Blattgold verwendet werden, das sorgf\u00e4ltig ausgew\u00e4hlt wird, um eine perfekte Oberfl\u00e4cheneinheitlichkeit und das Fehlen typischer Unregelm\u00e4\u00dfigkeiten der Goldbl\u00e4tter zu gew\u00e4hrleisten.<\/p>\n","protected":false},"excerpt":{"rendered":"<p>Blattglas wird h\u00e4ufig f\u00fcr die Anwendung von \u00e9glomis\u00e9 verwendet, einer speziellen dekorativen Glastechnik, die eine verspiegelte Oberfl\u00e4che erm\u00f6glicht, auf der dann Gravuren oder Dekorationen angebracht werden. [&#8230;]<\/p>\n<p><a class=\"btn btn-secondary understrap-read-more-link\" href=\"https:\/\/www.manetti.com\/de\/shop\/blattgold-fuer-glas-86x86-mm-16-gramm-weiss-12-kt\/\">Weiterlesen&#8230;<\/a><\/p>\n","protected":false},"featured_media":87776,"template":"","meta":{"_acf_changed":false},"product_brand":[],"product_cat":[354],"product_tag":[363,1017],"product_area":[568,600],"catalog_category":[],"class_list":{"0":"post-87765","1":"product","2":"type-product","3":"status-publish","4":"has-post-thumbnail","6":"product_cat-echtes-blattgold","7":"product_tag-prodotti-speciali-de","8":"product_tag-edelmetall","9":"product_area-schriftmalerei","10":"product_area-schriftmalerei-blattgold","12":"first","13":"instock","14":"shipping-taxable","15":"purchasable","16":"product-type-variable"},"acf":[],"yoast_head":"<!-- This site is optimized with the Yoast SEO plugin v26.5 - https:\/\/yoast.com\/wordpress\/plugins\/seo\/ -->\n<title>Blattgold f\u00fcr Glas\u2013 86x86 mm \u2013 16 gramm \u2013 Wei\u00df 12 kt | Giusto Manetti Battiloro<\/title>\n<meta name=\"description\" content=\"Das Glass-Blatt wird oft f\u00fcr die Anwendung von \u00e9glomis\u00e9 verwendet, auf das dann Gravuren oder Dekorationen aufgebracht werden.\" \/>\n<meta name=\"robots\" content=\"noindex, nofollow\" \/>\n<meta property=\"og:locale\" content=\"de_DE\" \/>\n<meta property=\"og:type\" content=\"article\" \/>\n<meta property=\"og:title\" content=\"Blattgold f\u00fcr Glas\u2013 86x86 mm \u2013 16 gramm \u2013 Wei\u00df 12 kt | Giusto Manetti Battiloro\" \/>\n<meta property=\"og:description\" content=\"Das Glass-Blatt wird oft f\u00fcr die Anwendung von \u00e9glomis\u00e9 verwendet, auf das dann Gravuren oder Dekorationen aufgebracht werden.\" \/>\n<meta property=\"og:url\" content=\"https:\/\/www.manetti.com\/de\/shop\/blattgold-fuer-glas-86x86-mm-16-gramm-weiss-12-kt\/\" \/>\n<meta property=\"og:site_name\" content=\"Giusto Manetti Battiloro\" \/>\n<meta property=\"article:publisher\" content=\"https:\/\/www.facebook.com\/giustomanettibattiloro\" \/>\n<meta property=\"article:modified_time\" content=\"2026-02-25T09:32:20+00:00\" \/>\n<meta property=\"og:image\" content=\"https:\/\/www.manetti.com\/wp-content\/uploads\/2026\/02\/12kt-white-glass_libera-2026_web.png\" \/>\n\t<meta property=\"og:image:width\" content=\"900\" \/>\n\t<meta property=\"og:image:height\" content=\"900\" \/>\n\t<meta property=\"og:image:type\" content=\"image\/png\" \/>\n<meta name=\"twitter:card\" content=\"summary_large_image\" \/>\n<meta name=\"twitter:label1\" content=\"Gesch\u00e4tzte Lesezeit\" \/>\n\t<meta name=\"twitter:data1\" content=\"1\u00a0Minute\" \/>\n<script type=\"application\/ld+json\" class=\"yoast-schema-graph\">{\"@context\":\"https:\/\/schema.org\",\"@graph\":[{\"@type\":\"WebPage\",\"@id\":\"https:\/\/www.manetti.com\/de\/shop\/blattgold-fuer-glas-86x86-mm-16-gramm-weiss-12-kt\/\",\"url\":\"https:\/\/www.manetti.com\/de\/shop\/blattgold-fuer-glas-86x86-mm-16-gramm-weiss-12-kt\/\",\"name\":\"Blattgold f\u00fcr Glas\u2013 86x86 mm \u2013 16 gramm \u2013 Wei\u00df 12 kt | Giusto Manetti Battiloro\",\"isPartOf\":{\"@id\":\"https:\/\/www.manetti.com\/de\/#website\"},\"primaryImageOfPage\":{\"@id\":\"https:\/\/www.manetti.com\/de\/shop\/blattgold-fuer-glas-86x86-mm-16-gramm-weiss-12-kt\/#primaryimage\"},\"image\":{\"@id\":\"https:\/\/www.manetti.com\/de\/shop\/blattgold-fuer-glas-86x86-mm-16-gramm-weiss-12-kt\/#primaryimage\"},\"thumbnailUrl\":\"https:\/\/www.manetti.com\/wp-content\/uploads\/2026\/02\/12kt-white-glass_libera-2026_web.png\",\"datePublished\":\"2026-02-11T15:09:38+00:00\",\"dateModified\":\"2026-02-25T09:32:20+00:00\",\"description\":\"Das Glass-Blatt wird oft f\u00fcr die Anwendung von \u00e9glomis\u00e9 verwendet, auf das dann Gravuren oder Dekorationen aufgebracht werden.\",\"inLanguage\":\"de\",\"potentialAction\":[{\"@type\":\"ReadAction\",\"target\":[\"https:\/\/www.manetti.com\/de\/shop\/blattgold-fuer-glas-86x86-mm-16-gramm-weiss-12-kt\/\"]}]},{\"@type\":\"ImageObject\",\"inLanguage\":\"de\",\"@id\":\"https:\/\/www.manetti.com\/de\/shop\/blattgold-fuer-glas-86x86-mm-16-gramm-weiss-12-kt\/#primaryimage\",\"url\":\"https:\/\/www.manetti.com\/wp-content\/uploads\/2026\/02\/12kt-white-glass_libera-2026_web.png\",\"contentUrl\":\"https:\/\/www.manetti.com\/wp-content\/uploads\/2026\/02\/12kt-white-glass_libera-2026_web.png\",\"width\":900,\"height\":900},{\"@type\":\"WebSite\",\"@id\":\"https:\/\/www.manetti.com\/de\/#website\",\"url\":\"https:\/\/www.manetti.com\/de\/\",\"name\":\"Giusto Manetti Battiloro\",\"description\":\"\",\"publisher\":{\"@id\":\"https:\/\/www.manetti.com\/de\/#organization\"},\"potentialAction\":[{\"@type\":\"SearchAction\",\"target\":{\"@type\":\"EntryPoint\",\"urlTemplate\":\"https:\/\/www.manetti.com\/de\/?s={search_term_string}\"},\"query-input\":{\"@type\":\"PropertyValueSpecification\",\"valueRequired\":true,\"valueName\":\"search_term_string\"}}],\"inLanguage\":\"de\"},{\"@type\":\"Organization\",\"@id\":\"https:\/\/www.manetti.com\/de\/#organization\",\"name\":\"GIUSTO MANETTI BATTILORO S.P.A.\",\"url\":\"https:\/\/www.manetti.com\/de\/\",\"logo\":{\"@type\":\"ImageObject\",\"inLanguage\":\"de\",\"@id\":\"https:\/\/www.manetti.com\/de\/#\/schema\/logo\/image\/\",\"url\":\"https:\/\/www.manetti.com\/wp-content\/uploads\/2025\/02\/giusto-manetti-blu_300-02.png\",\"contentUrl\":\"https:\/\/www.manetti.com\/wp-content\/uploads\/2025\/02\/giusto-manetti-blu_300-02.png\",\"width\":1123,\"height\":1093,\"caption\":\"GIUSTO MANETTI BATTILORO S.P.A.\"},\"image\":{\"@id\":\"https:\/\/www.manetti.com\/de\/#\/schema\/logo\/image\/\"},\"sameAs\":[\"https:\/\/www.facebook.com\/giustomanettibattiloro\",\"https:\/\/www.instagram.com\/giustomanettibattiloro\/\",\"https:\/\/www.linkedin.com\/company\/giusto-manetti-battiloro-s-p-a-\/\",\"https:\/\/www.youtube.com\/user\/ManettiBattiloro\"]}]}<\/script>\n<!-- \/ Yoast SEO plugin. -->","yoast_head_json":{"title":"Blattgold f\u00fcr Glas\u2013 86x86 mm \u2013 16 gramm \u2013 Wei\u00df 12 kt | Giusto Manetti Battiloro","description":"Das Glass-Blatt wird oft f\u00fcr die Anwendung von \u00e9glomis\u00e9 verwendet, auf das dann Gravuren oder Dekorationen aufgebracht werden.","robots":{"index":"noindex","follow":"nofollow"},"og_locale":"de_DE","og_type":"article","og_title":"Blattgold f\u00fcr Glas\u2013 86x86 mm \u2013 16 gramm \u2013 Wei\u00df 12 kt | Giusto Manetti Battiloro","og_description":"Das Glass-Blatt wird oft f\u00fcr die Anwendung von \u00e9glomis\u00e9 verwendet, auf das dann Gravuren oder Dekorationen aufgebracht werden.","og_url":"https:\/\/www.manetti.com\/de\/shop\/blattgold-fuer-glas-86x86-mm-16-gramm-weiss-12-kt\/","og_site_name":"Giusto Manetti Battiloro","article_publisher":"https:\/\/www.facebook.com\/giustomanettibattiloro","article_modified_time":"2026-02-25T09:32:20+00:00","og_image":[{"width":900,"height":900,"url":"https:\/\/www.manetti.com\/wp-content\/uploads\/2026\/02\/12kt-white-glass_libera-2026_web.png","type":"image\/png"}],"twitter_card":"summary_large_image","twitter_misc":{"Gesch\u00e4tzte Lesezeit":"1\u00a0Minute"},"schema":{"@context":"https:\/\/schema.org","@graph":[{"@type":"WebPage","@id":"https:\/\/www.manetti.com\/de\/shop\/blattgold-fuer-glas-86x86-mm-16-gramm-weiss-12-kt\/","url":"https:\/\/www.manetti.com\/de\/shop\/blattgold-fuer-glas-86x86-mm-16-gramm-weiss-12-kt\/","name":"Blattgold f\u00fcr Glas\u2013 86x86 mm \u2013 16 gramm \u2013 Wei\u00df 12 kt | Giusto Manetti Battiloro","isPartOf":{"@id":"https:\/\/www.manetti.com\/de\/#website"},"primaryImageOfPage":{"@id":"https:\/\/www.manetti.com\/de\/shop\/blattgold-fuer-glas-86x86-mm-16-gramm-weiss-12-kt\/#primaryimage"},"image":{"@id":"https:\/\/www.manetti.com\/de\/shop\/blattgold-fuer-glas-86x86-mm-16-gramm-weiss-12-kt\/#primaryimage"},"thumbnailUrl":"https:\/\/www.manetti.com\/wp-content\/uploads\/2026\/02\/12kt-white-glass_libera-2026_web.png","datePublished":"2026-02-11T15:09:38+00:00","dateModified":"2026-02-25T09:32:20+00:00","description":"Das Glass-Blatt wird oft f\u00fcr die Anwendung von \u00e9glomis\u00e9 verwendet, auf das dann Gravuren oder Dekorationen aufgebracht werden.","inLanguage":"de","potentialAction":[{"@type":"ReadAction","target":["https:\/\/www.manetti.com\/de\/shop\/blattgold-fuer-glas-86x86-mm-16-gramm-weiss-12-kt\/"]}]},{"@type":"ImageObject","inLanguage":"de","@id":"https:\/\/www.manetti.com\/de\/shop\/blattgold-fuer-glas-86x86-mm-16-gramm-weiss-12-kt\/#primaryimage","url":"https:\/\/www.manetti.com\/wp-content\/uploads\/2026\/02\/12kt-white-glass_libera-2026_web.png","contentUrl":"https:\/\/www.manetti.com\/wp-content\/uploads\/2026\/02\/12kt-white-glass_libera-2026_web.png","width":900,"height":900},{"@type":"WebSite","@id":"https:\/\/www.manetti.com\/de\/#website","url":"https:\/\/www.manetti.com\/de\/","name":"Giusto Manetti Battiloro","description":"","publisher":{"@id":"https:\/\/www.manetti.com\/de\/#organization"},"potentialAction":[{"@type":"SearchAction","target":{"@type":"EntryPoint","urlTemplate":"https:\/\/www.manetti.com\/de\/?s={search_term_string}"},"query-input":{"@type":"PropertyValueSpecification","valueRequired":true,"valueName":"search_term_string"}}],"inLanguage":"de"},{"@type":"Organization","@id":"https:\/\/www.manetti.com\/de\/#organization","name":"GIUSTO MANETTI BATTILORO S.P.A.","url":"https:\/\/www.manetti.com\/de\/","logo":{"@type":"ImageObject","inLanguage":"de","@id":"https:\/\/www.manetti.com\/de\/#\/schema\/logo\/image\/","url":"https:\/\/www.manetti.com\/wp-content\/uploads\/2025\/02\/giusto-manetti-blu_300-02.png","contentUrl":"https:\/\/www.manetti.com\/wp-content\/uploads\/2025\/02\/giusto-manetti-blu_300-02.png","width":1123,"height":1093,"caption":"GIUSTO MANETTI BATTILORO S.P.A."},"image":{"@id":"https:\/\/www.manetti.com\/de\/#\/schema\/logo\/image\/"},"sameAs":["https:\/\/www.facebook.com\/giustomanettibattiloro","https:\/\/www.instagram.com\/giustomanettibattiloro\/","https:\/\/www.linkedin.com\/company\/giusto-manetti-battiloro-s-p-a-\/","https:\/\/www.youtube.com\/user\/ManettiBattiloro"]}]}},"_links":{"self":[{"href":"https:\/\/www.manetti.com\/de\/wp-json\/wp\/v2\/product\/87765","targetHints":{"allow":["GET"]}}],"collection":[{"href":"https:\/\/www.manetti.com\/de\/wp-json\/wp\/v2\/product"}],"about":[{"href":"https:\/\/www.manetti.com\/de\/wp-json\/wp\/v2\/types\/product"}],"wp:featuredmedia":[{"embeddable":true,"href":"https:\/\/www.manetti.com\/de\/wp-json\/wp\/v2\/media\/87776"}],"wp:attachment":[{"href":"https:\/\/www.manetti.com\/de\/wp-json\/wp\/v2\/media?parent=87765"}],"wp:term":[{"taxonomy":"product_brand","embeddable":true,"href":"https:\/\/www.manetti.com\/de\/wp-json\/wp\/v2\/product_brand?post=87765"},{"taxonomy":"product_cat","embeddable":true,"href":"https:\/\/www.manetti.com\/de\/wp-json\/wp\/v2\/product_cat?post=87765"},{"taxonomy":"product_tag","embeddable":true,"href":"https:\/\/www.manetti.com\/de\/wp-json\/wp\/v2\/product_tag?post=87765"},{"taxonomy":"product_area","embeddable":true,"href":"https:\/\/www.manetti.com\/de\/wp-json\/wp\/v2\/product_area?post=87765"},{"taxonomy":"catalog_category","embeddable":true,"href":"https:\/\/www.manetti.com\/de\/wp-json\/wp\/v2\/catalog_category?post=87765"}],"curies":[{"name":"wp","href":"https:\/\/api.w.org\/{rel}","templated":true}]}}