{"id":88639,"date":"2020-01-30T10:57:40","date_gmt":"2020-01-30T09:57:40","guid":{"rendered":"https:\/\/www.manetti.com\/?post_type=product&#038;p=88639"},"modified":"2026-04-09T14:33:56","modified_gmt":"2026-04-09T12:33:56","slug":"goldblatt-fuer-marmor","status":"publish","type":"product","link":"https:\/\/www.manetti.com\/de\/produkt\/goldblatt-fuer-marmor\/","title":{"rendered":"Goldblatt f\u00fcr Marmor"},"content":{"rendered":"<p>Die Vergoldung auf Stein ist eine raffinierte und langlebige Technik, die sich ideal eignet, um sowohl bearbeitete Oberfl\u00e4chen wie Gravuren als auch dekorative Details hervorzuheben. In Gedenkkontexten, wie bei Denkm\u00e4lern und Grabsteinen, hebt die Anwendung von Goldblatt Inschriften und Ornamente hervor und verleiht ihnen Licht, Relief und zeitlose Eleganz. Um die Langlebigkeit der Vergoldung zu gew\u00e4hrleisten, empfiehlt es sich, ein dickeres Goldblatt als den Standard zu verwenden, da es eine bessere Deckkraft und eine l\u00e4ngere Haltbarkeit bietet. Die Anwendung von Goldblatt auf Stein erfordert stets die Verwendung eines speziellen Anlegemittels, um eine dauerhafte Haftung zu gew\u00e4hrleisten.<\/p>\n<p>Goldblatt f\u00fcr Marmor ist in vier Karatstufen und in verschiedenen St\u00e4rken erh\u00e4ltlich. Die Verwendung eines dickeren Blattes verleiht der Vergoldung mehr Glanz und gew\u00e4hrleistet gleichzeitig eine l\u00e4ngere Haltbarkeit im Laufe der Zeit. Die St\u00e4rke wird stets in Gramm pro 1.000 Bl\u00e4tter angegeben. Das Blatt wird in Heften zu 25 Blatt verpackt und anschlie\u00dfend in Packungen zu 10 (250 Blatt), 12 (300 Blatt) oder 20 Heften (500 Blatt). Aufgrund der Art der Anwendung ist das lose Blattformat am weitesten verbreitet. F\u00fcr bestimmte Verarbeitungen oder gelegentlich f\u00fcr den Au\u00dfeneinsatz kann jedoch auch das Transferformat verwendet werden. In diesem Fall wird das Blatt auf ein Seidenpapier (Transfer) aufgelegt, was die Handhabung erleichtert und die Anwendung beschleunigt sowie gleichzeitig das Risiko von Verlust oder Verwehung des Produkts in offenen und windigen Umgebungen reduziert.<\/p>\n","protected":false},"excerpt":{"rendered":"<p>Goldblatt f\u00fcr Marmor ist in vier Karatstufen und in verschiedenen St\u00e4rken erh\u00e4ltlich. Die Verwendung eines dickeren Blattes verleiht der Vergoldung mehr Glanz und gew\u00e4hrleistet gleichzeitig eine l\u00e4ngere Haltbarkeit im Laufe der Zeit. Jedes Heft enth\u00e4lt 25 Bl\u00e4tter. [&#8230;]<\/p>\n<p><a class=\"btn btn-secondary understrap-read-more-link\" href=\"https:\/\/www.manetti.com\/de\/produkt\/goldblatt-fuer-marmor\/\">Weiterlesen&#8230;<\/a><\/p>\n","protected":false},"featured_media":88598,"template":"","meta":{"_acf_changed":false},"product_brand":[],"product_cat":[354],"product_tag":[362],"product_area":[],"catalog_category":[791,934],"class_list":{"0":"post-88639","1":"product","2":"type-product","3":"status-publish","4":"has-post-thumbnail","6":"product_cat-echtes-blattgold","7":"product_tag-foglia-in-libretto-de","8":"catalog_category-vergoldung-auf-marmor-und-stein","9":"catalog_category-vergoldung-auf-marmor-und-stein-blattgold","11":"first","12":"instock","13":"shipping-taxable","14":"purchasable","15":"product-type-variable"},"acf":[],"yoast_head":"<!-- This site is optimized with the Yoast SEO plugin v26.5 - https:\/\/yoast.com\/wordpress\/plugins\/seo\/ -->\n<title>Goldblatt f\u00fcr Marmor | Giusto Manetti Battiloro<\/title>\n<meta name=\"description\" content=\"Goldblatt f\u00fcr Marmor ist in vier Karatstufen und in verschiedenen St\u00e4rken erh\u00e4ltlich. Die Verwendung eines dickeren Blattes verleiht der Vergoldung mehr Glanz und gew\u00e4hrleistet gleichzeitig eine l\u00e4ngere Haltbarkeit im Laufe der Zeit. Jedes Heft enth\u00e4lt 25 Bl\u00e4tter.\" \/>\n<meta name=\"robots\" content=\"index, follow, max-snippet:-1, max-image-preview:large, max-video-preview:-1\" \/>\n<link rel=\"canonical\" href=\"https:\/\/www.manetti.com\/de\/produkt\/goldblatt-fuer-marmor\/\" \/>\n<meta property=\"og:locale\" content=\"de_DE\" \/>\n<meta property=\"og:type\" content=\"article\" \/>\n<meta property=\"og:title\" content=\"Goldblatt f\u00fcr Marmor | Giusto Manetti Battiloro\" \/>\n<meta property=\"og:description\" content=\"Goldblatt f\u00fcr Marmor ist in vier Karatstufen und in verschiedenen St\u00e4rken erh\u00e4ltlich. Die Verwendung eines dickeren Blattes verleiht der Vergoldung mehr Glanz und gew\u00e4hrleistet gleichzeitig eine l\u00e4ngere Haltbarkeit im Laufe der Zeit. Jedes Heft enth\u00e4lt 25 Bl\u00e4tter.\" \/>\n<meta property=\"og:url\" content=\"https:\/\/www.manetti.com\/de\/produkt\/goldblatt-fuer-marmor\/\" \/>\n<meta property=\"og:site_name\" content=\"Giusto Manetti Battiloro\" \/>\n<meta property=\"article:publisher\" content=\"https:\/\/www.facebook.com\/giustomanettibattiloro\" \/>\n<meta property=\"article:modified_time\" content=\"2026-04-09T12:33:56+00:00\" \/>\n<meta property=\"og:image\" content=\"https:\/\/www.manetti.com\/wp-content\/uploads\/2019\/11\/3.FogliaOroManetti_CatalogoHomepage1920.jpg\" \/>\n<meta name=\"twitter:card\" content=\"summary_large_image\" \/>\n<meta name=\"twitter:title\" content=\"Goldblatt f\u00fcr Marmor | Giusto Manetti Battiloro\" \/>\n<meta name=\"twitter:description\" content=\"Goldblatt f\u00fcr Marmor ist in vier Karatstufen und in verschiedenen St\u00e4rken erh\u00e4ltlich. Die Verwendung eines dickeren Blattes verleiht der Vergoldung mehr Glanz und gew\u00e4hrleistet gleichzeitig eine l\u00e4ngere Haltbarkeit im Laufe der Zeit. Jedes Heft enth\u00e4lt 25 Bl\u00e4tter.\" \/>\n<meta name=\"twitter:image\" content=\"https:\/\/www.manetti.com\/wp-content\/uploads\/2019\/11\/3.FogliaOroManetti_CatalogoHomepage1920.jpg\" \/>\n<meta name=\"twitter:label1\" content=\"Gesch\u00e4tzte Lesezeit\" \/>\n\t<meta name=\"twitter:data1\" content=\"1\u00a0Minute\" \/>\n<script type=\"application\/ld+json\" class=\"yoast-schema-graph\">{\"@context\":\"https:\/\/schema.org\",\"@graph\":[{\"@type\":\"WebPage\",\"@id\":\"https:\/\/www.manetti.com\/de\/produkt\/goldblatt-fuer-marmor\/\",\"url\":\"https:\/\/www.manetti.com\/de\/produkt\/goldblatt-fuer-marmor\/\",\"name\":\"Goldblatt f\u00fcr Marmor | Giusto Manetti Battiloro\",\"isPartOf\":{\"@id\":\"https:\/\/www.manetti.com\/de\/#website\"},\"primaryImageOfPage\":{\"@id\":\"https:\/\/www.manetti.com\/de\/produkt\/goldblatt-fuer-marmor\/#primaryimage\"},\"image\":{\"@id\":\"https:\/\/www.manetti.com\/de\/produkt\/goldblatt-fuer-marmor\/#primaryimage\"},\"thumbnailUrl\":\"https:\/\/www.manetti.com\/wp-content\/uploads\/2026\/03\/2375KT-ORO_MARBLE-LEAF_web.png\",\"datePublished\":\"2020-01-30T09:57:40+00:00\",\"dateModified\":\"2026-04-09T12:33:56+00:00\",\"description\":\"Goldblatt f\u00fcr Marmor ist in vier Karatstufen und in verschiedenen St\u00e4rken erh\u00e4ltlich. Die Verwendung eines dickeren Blattes verleiht der Vergoldung mehr Glanz und gew\u00e4hrleistet gleichzeitig eine l\u00e4ngere Haltbarkeit im Laufe der Zeit. Jedes Heft enth\u00e4lt 25 Bl\u00e4tter.\",\"inLanguage\":\"de\",\"potentialAction\":[{\"@type\":\"ReadAction\",\"target\":[\"https:\/\/www.manetti.com\/de\/produkt\/goldblatt-fuer-marmor\/\"]}]},{\"@type\":\"ImageObject\",\"inLanguage\":\"de\",\"@id\":\"https:\/\/www.manetti.com\/de\/produkt\/goldblatt-fuer-marmor\/#primaryimage\",\"url\":\"https:\/\/www.manetti.com\/wp-content\/uploads\/2026\/03\/2375KT-ORO_MARBLE-LEAF_web.png\",\"contentUrl\":\"https:\/\/www.manetti.com\/wp-content\/uploads\/2026\/03\/2375KT-ORO_MARBLE-LEAF_web.png\",\"width\":900,\"height\":900},{\"@type\":\"WebSite\",\"@id\":\"https:\/\/www.manetti.com\/de\/#website\",\"url\":\"https:\/\/www.manetti.com\/de\/\",\"name\":\"Giusto Manetti Battiloro\",\"description\":\"\",\"publisher\":{\"@id\":\"https:\/\/www.manetti.com\/de\/#organization\"},\"potentialAction\":[{\"@type\":\"SearchAction\",\"target\":{\"@type\":\"EntryPoint\",\"urlTemplate\":\"https:\/\/www.manetti.com\/de\/?s={search_term_string}\"},\"query-input\":{\"@type\":\"PropertyValueSpecification\",\"valueRequired\":true,\"valueName\":\"search_term_string\"}}],\"inLanguage\":\"de\"},{\"@type\":\"Organization\",\"@id\":\"https:\/\/www.manetti.com\/de\/#organization\",\"name\":\"GIUSTO MANETTI BATTILORO S.P.A.\",\"url\":\"https:\/\/www.manetti.com\/de\/\",\"logo\":{\"@type\":\"ImageObject\",\"inLanguage\":\"de\",\"@id\":\"https:\/\/www.manetti.com\/de\/#\/schema\/logo\/image\/\",\"url\":\"https:\/\/www.manetti.com\/wp-content\/uploads\/2025\/02\/giusto-manetti-blu_300-02.png\",\"contentUrl\":\"https:\/\/www.manetti.com\/wp-content\/uploads\/2025\/02\/giusto-manetti-blu_300-02.png\",\"width\":1123,\"height\":1093,\"caption\":\"GIUSTO MANETTI BATTILORO S.P.A.\"},\"image\":{\"@id\":\"https:\/\/www.manetti.com\/de\/#\/schema\/logo\/image\/\"},\"sameAs\":[\"https:\/\/www.facebook.com\/giustomanettibattiloro\",\"https:\/\/www.instagram.com\/giustomanettibattiloro\/\",\"https:\/\/www.linkedin.com\/company\/giusto-manetti-battiloro-s-p-a-\/\",\"https:\/\/www.youtube.com\/user\/ManettiBattiloro\"]}]}<\/script>\n<!-- \/ Yoast SEO plugin. -->","yoast_head_json":{"title":"Goldblatt f\u00fcr Marmor | Giusto Manetti Battiloro","description":"Goldblatt f\u00fcr Marmor ist in vier Karatstufen und in verschiedenen St\u00e4rken erh\u00e4ltlich. Die Verwendung eines dickeren Blattes verleiht der Vergoldung mehr Glanz und gew\u00e4hrleistet gleichzeitig eine l\u00e4ngere Haltbarkeit im Laufe der Zeit. Jedes Heft enth\u00e4lt 25 Bl\u00e4tter.","robots":{"index":"index","follow":"follow","max-snippet":"max-snippet:-1","max-image-preview":"max-image-preview:large","max-video-preview":"max-video-preview:-1"},"canonical":"https:\/\/www.manetti.com\/de\/produkt\/goldblatt-fuer-marmor\/","og_locale":"de_DE","og_type":"article","og_title":"Goldblatt f\u00fcr Marmor | Giusto Manetti Battiloro","og_description":"Goldblatt f\u00fcr Marmor ist in vier Karatstufen und in verschiedenen St\u00e4rken erh\u00e4ltlich. Die Verwendung eines dickeren Blattes verleiht der Vergoldung mehr Glanz und gew\u00e4hrleistet gleichzeitig eine l\u00e4ngere Haltbarkeit im Laufe der Zeit. Jedes Heft enth\u00e4lt 25 Bl\u00e4tter.","og_url":"https:\/\/www.manetti.com\/de\/produkt\/goldblatt-fuer-marmor\/","og_site_name":"Giusto Manetti Battiloro","article_publisher":"https:\/\/www.facebook.com\/giustomanettibattiloro","article_modified_time":"2026-04-09T12:33:56+00:00","og_image":[{"url":"https:\/\/www.manetti.com\/wp-content\/uploads\/2019\/11\/3.FogliaOroManetti_CatalogoHomepage1920.jpg","type":"","width":"","height":""}],"twitter_card":"summary_large_image","twitter_title":"Goldblatt f\u00fcr Marmor | Giusto Manetti Battiloro","twitter_description":"Goldblatt f\u00fcr Marmor ist in vier Karatstufen und in verschiedenen St\u00e4rken erh\u00e4ltlich. Die Verwendung eines dickeren Blattes verleiht der Vergoldung mehr Glanz und gew\u00e4hrleistet gleichzeitig eine l\u00e4ngere Haltbarkeit im Laufe der Zeit. Jedes Heft enth\u00e4lt 25 Bl\u00e4tter.","twitter_image":"https:\/\/www.manetti.com\/wp-content\/uploads\/2019\/11\/3.FogliaOroManetti_CatalogoHomepage1920.jpg","twitter_misc":{"Gesch\u00e4tzte Lesezeit":"1\u00a0Minute"},"schema":{"@context":"https:\/\/schema.org","@graph":[{"@type":"WebPage","@id":"https:\/\/www.manetti.com\/de\/produkt\/goldblatt-fuer-marmor\/","url":"https:\/\/www.manetti.com\/de\/produkt\/goldblatt-fuer-marmor\/","name":"Goldblatt f\u00fcr Marmor | Giusto Manetti Battiloro","isPartOf":{"@id":"https:\/\/www.manetti.com\/de\/#website"},"primaryImageOfPage":{"@id":"https:\/\/www.manetti.com\/de\/produkt\/goldblatt-fuer-marmor\/#primaryimage"},"image":{"@id":"https:\/\/www.manetti.com\/de\/produkt\/goldblatt-fuer-marmor\/#primaryimage"},"thumbnailUrl":"https:\/\/www.manetti.com\/wp-content\/uploads\/2026\/03\/2375KT-ORO_MARBLE-LEAF_web.png","datePublished":"2020-01-30T09:57:40+00:00","dateModified":"2026-04-09T12:33:56+00:00","description":"Goldblatt f\u00fcr Marmor ist in vier Karatstufen und in verschiedenen St\u00e4rken erh\u00e4ltlich. Die Verwendung eines dickeren Blattes verleiht der Vergoldung mehr Glanz und gew\u00e4hrleistet gleichzeitig eine l\u00e4ngere Haltbarkeit im Laufe der Zeit. Jedes Heft enth\u00e4lt 25 Bl\u00e4tter.","inLanguage":"de","potentialAction":[{"@type":"ReadAction","target":["https:\/\/www.manetti.com\/de\/produkt\/goldblatt-fuer-marmor\/"]}]},{"@type":"ImageObject","inLanguage":"de","@id":"https:\/\/www.manetti.com\/de\/produkt\/goldblatt-fuer-marmor\/#primaryimage","url":"https:\/\/www.manetti.com\/wp-content\/uploads\/2026\/03\/2375KT-ORO_MARBLE-LEAF_web.png","contentUrl":"https:\/\/www.manetti.com\/wp-content\/uploads\/2026\/03\/2375KT-ORO_MARBLE-LEAF_web.png","width":900,"height":900},{"@type":"WebSite","@id":"https:\/\/www.manetti.com\/de\/#website","url":"https:\/\/www.manetti.com\/de\/","name":"Giusto Manetti Battiloro","description":"","publisher":{"@id":"https:\/\/www.manetti.com\/de\/#organization"},"potentialAction":[{"@type":"SearchAction","target":{"@type":"EntryPoint","urlTemplate":"https:\/\/www.manetti.com\/de\/?s={search_term_string}"},"query-input":{"@type":"PropertyValueSpecification","valueRequired":true,"valueName":"search_term_string"}}],"inLanguage":"de"},{"@type":"Organization","@id":"https:\/\/www.manetti.com\/de\/#organization","name":"GIUSTO MANETTI BATTILORO S.P.A.","url":"https:\/\/www.manetti.com\/de\/","logo":{"@type":"ImageObject","inLanguage":"de","@id":"https:\/\/www.manetti.com\/de\/#\/schema\/logo\/image\/","url":"https:\/\/www.manetti.com\/wp-content\/uploads\/2025\/02\/giusto-manetti-blu_300-02.png","contentUrl":"https:\/\/www.manetti.com\/wp-content\/uploads\/2025\/02\/giusto-manetti-blu_300-02.png","width":1123,"height":1093,"caption":"GIUSTO MANETTI BATTILORO S.P.A."},"image":{"@id":"https:\/\/www.manetti.com\/de\/#\/schema\/logo\/image\/"},"sameAs":["https:\/\/www.facebook.com\/giustomanettibattiloro","https:\/\/www.instagram.com\/giustomanettibattiloro\/","https:\/\/www.linkedin.com\/company\/giusto-manetti-battiloro-s-p-a-\/","https:\/\/www.youtube.com\/user\/ManettiBattiloro"]}]}},"_links":{"self":[{"href":"https:\/\/www.manetti.com\/de\/wp-json\/wp\/v2\/product\/88639","targetHints":{"allow":["GET"]}}],"collection":[{"href":"https:\/\/www.manetti.com\/de\/wp-json\/wp\/v2\/product"}],"about":[{"href":"https:\/\/www.manetti.com\/de\/wp-json\/wp\/v2\/types\/product"}],"wp:featuredmedia":[{"embeddable":true,"href":"https:\/\/www.manetti.com\/de\/wp-json\/wp\/v2\/media\/88598"}],"wp:attachment":[{"href":"https:\/\/www.manetti.com\/de\/wp-json\/wp\/v2\/media?parent=88639"}],"wp:term":[{"taxonomy":"product_brand","embeddable":true,"href":"https:\/\/www.manetti.com\/de\/wp-json\/wp\/v2\/product_brand?post=88639"},{"taxonomy":"product_cat","embeddable":true,"href":"https:\/\/www.manetti.com\/de\/wp-json\/wp\/v2\/product_cat?post=88639"},{"taxonomy":"product_tag","embeddable":true,"href":"https:\/\/www.manetti.com\/de\/wp-json\/wp\/v2\/product_tag?post=88639"},{"taxonomy":"product_area","embeddable":true,"href":"https:\/\/www.manetti.com\/de\/wp-json\/wp\/v2\/product_area?post=88639"},{"taxonomy":"catalog_category","embeddable":true,"href":"https:\/\/www.manetti.com\/de\/wp-json\/wp\/v2\/catalog_category?post=88639"}],"curies":[{"name":"wp","href":"https:\/\/api.w.org\/{rel}","templated":true}]}}