{"id":88723,"date":"2020-01-30T14:24:34","date_gmt":"2020-01-30T13:24:34","guid":{"rendered":"https:\/\/www.manetti.com\/?post_type=product&#038;p=88723"},"modified":"2026-04-09T14:35:20","modified_gmt":"2026-04-09T12:35:20","slug":"goldblatt-fuer-den-aussenbereich","status":"publish","type":"product","link":"https:\/\/www.manetti.com\/de\/produkt\/goldblatt-fuer-den-aussenbereich\/","title":{"rendered":"Goldblatt f\u00fcr den Au\u00dfenbereich"},"content":{"rendered":"<p>Es ist in sieben Edelmetallt\u00f6nen erh\u00e4ltlich, die aufgrund ihrer Oxidationsbest\u00e4ndigkeit und ihrer F\u00e4higkeit ausgew\u00e4hlt wurden, ihren Glanz \u00fcber lange Zeit zu bewahren. Das Sortiment an Produkten f\u00fcr den Au\u00dfenbereich umfasst au\u00dferdem Anlegemittel (Size) und Schutzbeschichtungen, die speziell daf\u00fcr entwickelt wurden, die Vergoldung dauerhaft zu erhalten und sie vor Witterungseinfl\u00fcssen zu sch\u00fctzen.<br \/>\nDie Verwendung eines dickeren Blattes verleiht der Vergoldung mehr Glanz und gew\u00e4hrleistet gleichzeitig eine l\u00e4ngere Haltbarkeit im Laufe der Zeit. Die St\u00e4rke wird stets in Gramm pro 1.000 Bl\u00e4tter angegeben. Das Blatt wird in Heften zu 25 Blatt verpackt und anschlie\u00dfend in Packungen zu 10 (250 Blatt), 12 (300 Blatt) oder 20 Heften (500 Blatt). Aufgrund der Art der Anwendung ist das lose Blattformat am weitesten verbreitet. F\u00fcr bestimmte Verarbeitungen oder gelegentlich f\u00fcr den Au\u00dfeneinsatz kann jedoch auch das Transferformat verwendet werden. In diesem Fall wird das Blatt auf ein Seidenpapier (Transfer) aufgelegt, was die Handhabung erleichtert und die Anwendung beschleunigt sowie gleichzeitig das Risiko von Verlust oder Verwehung des Produkts in offenen und windigen Umgebungen reduziert.<\/p>\n","protected":false},"excerpt":{"rendered":"<p>F\u00fcr Vergoldungen im Au\u00dfenbereich wird Blattgold verwendet, um Denkm\u00e4ler, Pal\u00e4ste, Statuen, Kuppeln und Tore zu bedecken, zu dekorieren oder zu restaurieren. Es wird stets f\u00fcr Arbeiten an historischen Geb\u00e4uden und wertvollen Kunstwerken gew\u00e4hlt, da das Blattgold dank seiner lichtreflektierenden Eigenschaften die Sichtbarkeit und Wirkung der Oberfl\u00e4chen verst\u00e4rkt. [&#8230;]<\/p>\n<p><a class=\"btn btn-secondary understrap-read-more-link\" href=\"https:\/\/www.manetti.com\/de\/produkt\/goldblatt-fuer-den-aussenbereich\/\">Weiterlesen&#8230;<\/a><\/p>\n","protected":false},"featured_media":88682,"template":"","meta":{"_acf_changed":false},"product_brand":[],"product_cat":[354],"product_tag":[362],"product_area":[],"catalog_category":[799,974],"class_list":{"0":"post-88723","1":"product","2":"type-product","3":"status-publish","4":"has-post-thumbnail","6":"product_cat-echtes-blattgold","7":"product_tag-foglia-in-libretto-de","8":"catalog_category-vergoldung-im-freien","9":"catalog_category-vergoldung-im-freien-blattgold-und-andere-metalle","11":"first","12":"instock","13":"shipping-taxable","14":"purchasable","15":"product-type-variable"},"acf":[],"yoast_head":"<!-- This site is optimized with the Yoast SEO plugin v26.5 - https:\/\/yoast.com\/wordpress\/plugins\/seo\/ -->\n<title>Goldblatt f\u00fcr den Au\u00dfenbereich | Giusto Manetti Battiloro<\/title>\n<meta name=\"description\" content=\"F\u00fcr Vergoldungen im Au\u00dfenbereich wird Blattgold verwendet, um Denkm\u00e4ler, Pal\u00e4ste, Statuen, Kuppeln und Tore zu bedecken, zu dekorieren oder zu restaurieren. Es wird stets f\u00fcr Arbeiten an historischen Geb\u00e4uden und wertvollen Kunstwerken gew\u00e4hlt, da das Blattgold dank seiner lichtreflektierenden Eigenschaften die Sichtbarkeit und Wirkung der Oberfl\u00e4chen verst\u00e4rkt.\" \/>\n<meta name=\"robots\" content=\"index, follow, max-snippet:-1, max-image-preview:large, max-video-preview:-1\" \/>\n<link rel=\"canonical\" href=\"https:\/\/www.manetti.com\/de\/produkt\/goldblatt-fuer-den-aussenbereich\/\" \/>\n<meta property=\"og:locale\" content=\"de_DE\" \/>\n<meta property=\"og:type\" content=\"article\" \/>\n<meta property=\"og:title\" content=\"Goldblatt f\u00fcr den Au\u00dfenbereich | Giusto Manetti Battiloro\" \/>\n<meta property=\"og:description\" content=\"F\u00fcr Vergoldungen im Au\u00dfenbereich wird Blattgold verwendet, um Denkm\u00e4ler, Pal\u00e4ste, Statuen, Kuppeln und Tore zu bedecken, zu dekorieren oder zu restaurieren. Es wird stets f\u00fcr Arbeiten an historischen Geb\u00e4uden und wertvollen Kunstwerken gew\u00e4hlt, da das Blattgold dank seiner lichtreflektierenden Eigenschaften die Sichtbarkeit und Wirkung der Oberfl\u00e4chen verst\u00e4rkt.\" \/>\n<meta property=\"og:url\" content=\"https:\/\/www.manetti.com\/de\/produkt\/goldblatt-fuer-den-aussenbereich\/\" \/>\n<meta property=\"og:site_name\" content=\"Giusto Manetti Battiloro\" \/>\n<meta property=\"article:publisher\" content=\"https:\/\/www.facebook.com\/giustomanettibattiloro\" \/>\n<meta property=\"article:modified_time\" content=\"2026-04-09T12:35:20+00:00\" \/>\n<meta property=\"og:image\" content=\"https:\/\/www.manetti.com\/wp-content\/uploads\/2019\/11\/3.FogliaOroManetti_CatalogoHomepage1920.jpg\" \/>\n<meta name=\"twitter:card\" content=\"summary_large_image\" \/>\n<meta name=\"twitter:title\" content=\"Goldblatt f\u00fcr den Au\u00dfenbereich | Giusto Manetti Battiloro\" \/>\n<meta name=\"twitter:description\" content=\"F\u00fcr Vergoldungen im Au\u00dfenbereich wird Blattgold verwendet, um Denkm\u00e4ler, Pal\u00e4ste, Statuen, Kuppeln und Tore zu bedecken, zu dekorieren oder zu restaurieren. Es wird stets f\u00fcr Arbeiten an historischen Geb\u00e4uden und wertvollen Kunstwerken gew\u00e4hlt, da das Blattgold dank seiner lichtreflektierenden Eigenschaften die Sichtbarkeit und Wirkung der Oberfl\u00e4chen verst\u00e4rkt.\" \/>\n<meta name=\"twitter:image\" content=\"https:\/\/www.manetti.com\/wp-content\/uploads\/2019\/11\/3.FogliaOroManetti_CatalogoHomepage1920.jpg\" \/>\n<meta name=\"twitter:label1\" content=\"Gesch\u00e4tzte Lesezeit\" \/>\n\t<meta name=\"twitter:data1\" content=\"1\u00a0Minute\" \/>\n<script type=\"application\/ld+json\" class=\"yoast-schema-graph\">{\"@context\":\"https:\/\/schema.org\",\"@graph\":[{\"@type\":\"WebPage\",\"@id\":\"https:\/\/www.manetti.com\/de\/produkt\/goldblatt-fuer-den-aussenbereich\/\",\"url\":\"https:\/\/www.manetti.com\/de\/produkt\/goldblatt-fuer-den-aussenbereich\/\",\"name\":\"Goldblatt f\u00fcr den Au\u00dfenbereich | Giusto Manetti Battiloro\",\"isPartOf\":{\"@id\":\"https:\/\/www.manetti.com\/de\/#website\"},\"primaryImageOfPage\":{\"@id\":\"https:\/\/www.manetti.com\/de\/produkt\/goldblatt-fuer-den-aussenbereich\/#primaryimage\"},\"image\":{\"@id\":\"https:\/\/www.manetti.com\/de\/produkt\/goldblatt-fuer-den-aussenbereich\/#primaryimage\"},\"thumbnailUrl\":\"https:\/\/www.manetti.com\/wp-content\/uploads\/2026\/03\/24KT-ORO_scatola-e-libretti_web.png\",\"datePublished\":\"2020-01-30T13:24:34+00:00\",\"dateModified\":\"2026-04-09T12:35:20+00:00\",\"description\":\"F\u00fcr Vergoldungen im Au\u00dfenbereich wird Blattgold verwendet, um Denkm\u00e4ler, Pal\u00e4ste, Statuen, Kuppeln und Tore zu bedecken, zu dekorieren oder zu restaurieren. Es wird stets f\u00fcr Arbeiten an historischen Geb\u00e4uden und wertvollen Kunstwerken gew\u00e4hlt, da das Blattgold dank seiner lichtreflektierenden Eigenschaften die Sichtbarkeit und Wirkung der Oberfl\u00e4chen verst\u00e4rkt.\",\"inLanguage\":\"de\",\"potentialAction\":[{\"@type\":\"ReadAction\",\"target\":[\"https:\/\/www.manetti.com\/de\/produkt\/goldblatt-fuer-den-aussenbereich\/\"]}]},{\"@type\":\"ImageObject\",\"inLanguage\":\"de\",\"@id\":\"https:\/\/www.manetti.com\/de\/produkt\/goldblatt-fuer-den-aussenbereich\/#primaryimage\",\"url\":\"https:\/\/www.manetti.com\/wp-content\/uploads\/2026\/03\/24KT-ORO_scatola-e-libretti_web.png\",\"contentUrl\":\"https:\/\/www.manetti.com\/wp-content\/uploads\/2026\/03\/24KT-ORO_scatola-e-libretti_web.png\",\"width\":900,\"height\":900},{\"@type\":\"WebSite\",\"@id\":\"https:\/\/www.manetti.com\/de\/#website\",\"url\":\"https:\/\/www.manetti.com\/de\/\",\"name\":\"Giusto Manetti Battiloro\",\"description\":\"\",\"publisher\":{\"@id\":\"https:\/\/www.manetti.com\/de\/#organization\"},\"potentialAction\":[{\"@type\":\"SearchAction\",\"target\":{\"@type\":\"EntryPoint\",\"urlTemplate\":\"https:\/\/www.manetti.com\/de\/?s={search_term_string}\"},\"query-input\":{\"@type\":\"PropertyValueSpecification\",\"valueRequired\":true,\"valueName\":\"search_term_string\"}}],\"inLanguage\":\"de\"},{\"@type\":\"Organization\",\"@id\":\"https:\/\/www.manetti.com\/de\/#organization\",\"name\":\"GIUSTO MANETTI BATTILORO S.P.A.\",\"url\":\"https:\/\/www.manetti.com\/de\/\",\"logo\":{\"@type\":\"ImageObject\",\"inLanguage\":\"de\",\"@id\":\"https:\/\/www.manetti.com\/de\/#\/schema\/logo\/image\/\",\"url\":\"https:\/\/www.manetti.com\/wp-content\/uploads\/2025\/02\/giusto-manetti-blu_300-02.png\",\"contentUrl\":\"https:\/\/www.manetti.com\/wp-content\/uploads\/2025\/02\/giusto-manetti-blu_300-02.png\",\"width\":1123,\"height\":1093,\"caption\":\"GIUSTO MANETTI BATTILORO S.P.A.\"},\"image\":{\"@id\":\"https:\/\/www.manetti.com\/de\/#\/schema\/logo\/image\/\"},\"sameAs\":[\"https:\/\/www.facebook.com\/giustomanettibattiloro\",\"https:\/\/www.instagram.com\/giustomanettibattiloro\/\",\"https:\/\/www.linkedin.com\/company\/giusto-manetti-battiloro-s-p-a-\/\",\"https:\/\/www.youtube.com\/user\/ManettiBattiloro\"]}]}<\/script>\n<!-- \/ Yoast SEO plugin. -->","yoast_head_json":{"title":"Goldblatt f\u00fcr den Au\u00dfenbereich | Giusto Manetti Battiloro","description":"F\u00fcr Vergoldungen im Au\u00dfenbereich wird Blattgold verwendet, um Denkm\u00e4ler, Pal\u00e4ste, Statuen, Kuppeln und Tore zu bedecken, zu dekorieren oder zu restaurieren. Es wird stets f\u00fcr Arbeiten an historischen Geb\u00e4uden und wertvollen Kunstwerken gew\u00e4hlt, da das Blattgold dank seiner lichtreflektierenden Eigenschaften die Sichtbarkeit und Wirkung der Oberfl\u00e4chen verst\u00e4rkt.","robots":{"index":"index","follow":"follow","max-snippet":"max-snippet:-1","max-image-preview":"max-image-preview:large","max-video-preview":"max-video-preview:-1"},"canonical":"https:\/\/www.manetti.com\/de\/produkt\/goldblatt-fuer-den-aussenbereich\/","og_locale":"de_DE","og_type":"article","og_title":"Goldblatt f\u00fcr den Au\u00dfenbereich | Giusto Manetti Battiloro","og_description":"F\u00fcr Vergoldungen im Au\u00dfenbereich wird Blattgold verwendet, um Denkm\u00e4ler, Pal\u00e4ste, Statuen, Kuppeln und Tore zu bedecken, zu dekorieren oder zu restaurieren. Es wird stets f\u00fcr Arbeiten an historischen Geb\u00e4uden und wertvollen Kunstwerken gew\u00e4hlt, da das Blattgold dank seiner lichtreflektierenden Eigenschaften die Sichtbarkeit und Wirkung der Oberfl\u00e4chen verst\u00e4rkt.","og_url":"https:\/\/www.manetti.com\/de\/produkt\/goldblatt-fuer-den-aussenbereich\/","og_site_name":"Giusto Manetti Battiloro","article_publisher":"https:\/\/www.facebook.com\/giustomanettibattiloro","article_modified_time":"2026-04-09T12:35:20+00:00","og_image":[{"url":"https:\/\/www.manetti.com\/wp-content\/uploads\/2019\/11\/3.FogliaOroManetti_CatalogoHomepage1920.jpg","type":"","width":"","height":""}],"twitter_card":"summary_large_image","twitter_title":"Goldblatt f\u00fcr den Au\u00dfenbereich | Giusto Manetti Battiloro","twitter_description":"F\u00fcr Vergoldungen im Au\u00dfenbereich wird Blattgold verwendet, um Denkm\u00e4ler, Pal\u00e4ste, Statuen, Kuppeln und Tore zu bedecken, zu dekorieren oder zu restaurieren. Es wird stets f\u00fcr Arbeiten an historischen Geb\u00e4uden und wertvollen Kunstwerken gew\u00e4hlt, da das Blattgold dank seiner lichtreflektierenden Eigenschaften die Sichtbarkeit und Wirkung der Oberfl\u00e4chen verst\u00e4rkt.","twitter_image":"https:\/\/www.manetti.com\/wp-content\/uploads\/2019\/11\/3.FogliaOroManetti_CatalogoHomepage1920.jpg","twitter_misc":{"Gesch\u00e4tzte Lesezeit":"1\u00a0Minute"},"schema":{"@context":"https:\/\/schema.org","@graph":[{"@type":"WebPage","@id":"https:\/\/www.manetti.com\/de\/produkt\/goldblatt-fuer-den-aussenbereich\/","url":"https:\/\/www.manetti.com\/de\/produkt\/goldblatt-fuer-den-aussenbereich\/","name":"Goldblatt f\u00fcr den Au\u00dfenbereich | Giusto Manetti Battiloro","isPartOf":{"@id":"https:\/\/www.manetti.com\/de\/#website"},"primaryImageOfPage":{"@id":"https:\/\/www.manetti.com\/de\/produkt\/goldblatt-fuer-den-aussenbereich\/#primaryimage"},"image":{"@id":"https:\/\/www.manetti.com\/de\/produkt\/goldblatt-fuer-den-aussenbereich\/#primaryimage"},"thumbnailUrl":"https:\/\/www.manetti.com\/wp-content\/uploads\/2026\/03\/24KT-ORO_scatola-e-libretti_web.png","datePublished":"2020-01-30T13:24:34+00:00","dateModified":"2026-04-09T12:35:20+00:00","description":"F\u00fcr Vergoldungen im Au\u00dfenbereich wird Blattgold verwendet, um Denkm\u00e4ler, Pal\u00e4ste, Statuen, Kuppeln und Tore zu bedecken, zu dekorieren oder zu restaurieren. Es wird stets f\u00fcr Arbeiten an historischen Geb\u00e4uden und wertvollen Kunstwerken gew\u00e4hlt, da das Blattgold dank seiner lichtreflektierenden Eigenschaften die Sichtbarkeit und Wirkung der Oberfl\u00e4chen verst\u00e4rkt.","inLanguage":"de","potentialAction":[{"@type":"ReadAction","target":["https:\/\/www.manetti.com\/de\/produkt\/goldblatt-fuer-den-aussenbereich\/"]}]},{"@type":"ImageObject","inLanguage":"de","@id":"https:\/\/www.manetti.com\/de\/produkt\/goldblatt-fuer-den-aussenbereich\/#primaryimage","url":"https:\/\/www.manetti.com\/wp-content\/uploads\/2026\/03\/24KT-ORO_scatola-e-libretti_web.png","contentUrl":"https:\/\/www.manetti.com\/wp-content\/uploads\/2026\/03\/24KT-ORO_scatola-e-libretti_web.png","width":900,"height":900},{"@type":"WebSite","@id":"https:\/\/www.manetti.com\/de\/#website","url":"https:\/\/www.manetti.com\/de\/","name":"Giusto Manetti Battiloro","description":"","publisher":{"@id":"https:\/\/www.manetti.com\/de\/#organization"},"potentialAction":[{"@type":"SearchAction","target":{"@type":"EntryPoint","urlTemplate":"https:\/\/www.manetti.com\/de\/?s={search_term_string}"},"query-input":{"@type":"PropertyValueSpecification","valueRequired":true,"valueName":"search_term_string"}}],"inLanguage":"de"},{"@type":"Organization","@id":"https:\/\/www.manetti.com\/de\/#organization","name":"GIUSTO MANETTI BATTILORO S.P.A.","url":"https:\/\/www.manetti.com\/de\/","logo":{"@type":"ImageObject","inLanguage":"de","@id":"https:\/\/www.manetti.com\/de\/#\/schema\/logo\/image\/","url":"https:\/\/www.manetti.com\/wp-content\/uploads\/2025\/02\/giusto-manetti-blu_300-02.png","contentUrl":"https:\/\/www.manetti.com\/wp-content\/uploads\/2025\/02\/giusto-manetti-blu_300-02.png","width":1123,"height":1093,"caption":"GIUSTO MANETTI BATTILORO S.P.A."},"image":{"@id":"https:\/\/www.manetti.com\/de\/#\/schema\/logo\/image\/"},"sameAs":["https:\/\/www.facebook.com\/giustomanettibattiloro","https:\/\/www.instagram.com\/giustomanettibattiloro\/","https:\/\/www.linkedin.com\/company\/giusto-manetti-battiloro-s-p-a-\/","https:\/\/www.youtube.com\/user\/ManettiBattiloro"]}]}},"_links":{"self":[{"href":"https:\/\/www.manetti.com\/de\/wp-json\/wp\/v2\/product\/88723","targetHints":{"allow":["GET"]}}],"collection":[{"href":"https:\/\/www.manetti.com\/de\/wp-json\/wp\/v2\/product"}],"about":[{"href":"https:\/\/www.manetti.com\/de\/wp-json\/wp\/v2\/types\/product"}],"wp:featuredmedia":[{"embeddable":true,"href":"https:\/\/www.manetti.com\/de\/wp-json\/wp\/v2\/media\/88682"}],"wp:attachment":[{"href":"https:\/\/www.manetti.com\/de\/wp-json\/wp\/v2\/media?parent=88723"}],"wp:term":[{"taxonomy":"product_brand","embeddable":true,"href":"https:\/\/www.manetti.com\/de\/wp-json\/wp\/v2\/product_brand?post=88723"},{"taxonomy":"product_cat","embeddable":true,"href":"https:\/\/www.manetti.com\/de\/wp-json\/wp\/v2\/product_cat?post=88723"},{"taxonomy":"product_tag","embeddable":true,"href":"https:\/\/www.manetti.com\/de\/wp-json\/wp\/v2\/product_tag?post=88723"},{"taxonomy":"product_area","embeddable":true,"href":"https:\/\/www.manetti.com\/de\/wp-json\/wp\/v2\/product_area?post=88723"},{"taxonomy":"catalog_category","embeddable":true,"href":"https:\/\/www.manetti.com\/de\/wp-json\/wp\/v2\/catalog_category?post=88723"}],"curies":[{"name":"wp","href":"https:\/\/api.w.org\/{rel}","templated":true}]}}