{"id":89388,"date":"2026-04-28T14:45:29","date_gmt":"2026-04-28T12:45:29","guid":{"rendered":"https:\/\/www.manetti.com\/?post_type=product&#038;p=89388"},"modified":"2026-05-04T10:26:42","modified_gmt":"2026-05-04T08:26:42","slug":"lehmstamm-copia","status":"publish","type":"product","link":"https:\/\/www.manetti.com\/de\/produkt\/lehmstamm-copia\/","title":{"rendered":"Bolo vom typ s in paste"},"content":{"rendered":"<p>Tonbasierte Pastenbasis, formuliert f\u00fcr die Wasservergoldung auf mit Gesso vorbereiteten Holztr\u00e4gern.<br \/>\nSie bildet eine gleichm\u00e4\u00dfige, kompakte und polierbare Zwischenschicht, die die Haftung des Metallblatts verbessert, das Polieren unterst\u00fctzt und dem aufgetragenen Metall chromatische Tiefe und W\u00e4rme verleiht. Ihre mineralische Zusammensetzung und die kontrollierte K\u00f6rnung gew\u00e4hrleisten glatte, kompakte Oberfl\u00e4chen, ideal f\u00fcr hochwertige dekorative Oberfl\u00e4chen.<\/p>\n","protected":false},"excerpt":{"rendered":"<p>Tonbasierte Pastenbasis, formuliert f\u00fcr die Wasservergoldung auf mit Gesso vorbereiteten Holztr\u00e4gern. Sie bildet eine gleichm\u00e4\u00dfige, kompakte und polierbare Zwischenschicht, die die Haftung des Metallblatts verbessert, das Polieren unterst\u00fctzt und dem aufgetragenen Metall chromatische Tiefe und W\u00e4rme verleiht. Ihre mineralische Zusammensetzung und die kontrollierte K\u00f6rnung gew\u00e4hrleisten glatte, kompakte Oberfl\u00e4chen, ideal f\u00fcr hochwertige dekorative Oberfl\u00e4chen. [&#8230;]<\/p>\n<p><a class=\"btn btn-secondary understrap-read-more-link\" href=\"https:\/\/www.manetti.com\/de\/produkt\/lehmstamm-copia\/\">Weiterlesen&#8230;<\/a><\/p>\n","protected":false},"featured_media":89493,"template":"","meta":{"_acf_changed":false},"product_brand":[],"product_cat":[393],"product_tag":[359],"product_area":[],"catalog_category":[783,795,859,958],"class_list":{"0":"post-89388","1":"product","2":"type-product","3":"status-publish","4":"has-post-thumbnail","6":"product_cat-wasservergoldung","7":"product_tag-boli-de","8":"catalog_category-ikonografie","9":"catalog_category-vergoldung-und-restaurierung","10":"catalog_category-vergoldung-und-restaurierung-bolus-und-gips","11":"catalog_category-ikonografie-bolus-und-gips","13":"first","14":"instock","15":"shipping-taxable","16":"purchasable","17":"product-type-variable"},"acf":[],"yoast_head":"<!-- This site is optimized with the Yoast SEO plugin v26.5 - https:\/\/yoast.com\/wordpress\/plugins\/seo\/ -->\n<title>Bolo vom typ s in paste | Giusto Manetti Battiloro<\/title>\n<meta name=\"description\" content=\"Tonbasierte Pastenbasis, formuliert f\u00fcr die Wasservergoldung auf mit Gesso vorbereiteten Holztr\u00e4gern. Sie bildet eine gleichm\u00e4\u00dfige, kompakte und\" \/>\n<meta name=\"robots\" content=\"index, follow, max-snippet:-1, max-image-preview:large, max-video-preview:-1\" \/>\n<link rel=\"canonical\" href=\"https:\/\/www.manetti.com\/de\/produkt\/lehmstamm-copia\/\" \/>\n<meta property=\"og:locale\" content=\"de_DE\" \/>\n<meta property=\"og:type\" content=\"article\" \/>\n<meta property=\"og:title\" content=\"Bolo vom typ s in paste | Giusto Manetti Battiloro\" \/>\n<meta property=\"og:description\" content=\"Tonbasierte Pastenbasis, formuliert f\u00fcr die Wasservergoldung auf mit Gesso vorbereiteten Holztr\u00e4gern. Sie bildet eine gleichm\u00e4\u00dfige, kompakte und\" \/>\n<meta property=\"og:url\" content=\"https:\/\/www.manetti.com\/de\/produkt\/lehmstamm-copia\/\" \/>\n<meta property=\"og:site_name\" content=\"Giusto Manetti Battiloro\" \/>\n<meta property=\"article:publisher\" content=\"https:\/\/www.facebook.com\/giustomanettibattiloro\" \/>\n<meta property=\"article:modified_time\" content=\"2026-05-04T08:26:42+00:00\" \/>\n<meta property=\"og:image\" content=\"https:\/\/www.manetti.com\/wp-content\/uploads\/2026\/04\/Bolo-tipo-S_manetti.png\" \/>\n\t<meta property=\"og:image:width\" content=\"900\" \/>\n\t<meta property=\"og:image:height\" content=\"900\" \/>\n\t<meta property=\"og:image:type\" content=\"image\/png\" \/>\n<meta name=\"twitter:card\" content=\"summary_large_image\" \/>\n<script type=\"application\/ld+json\" class=\"yoast-schema-graph\">{\"@context\":\"https:\/\/schema.org\",\"@graph\":[{\"@type\":\"WebPage\",\"@id\":\"https:\/\/www.manetti.com\/de\/produkt\/lehmstamm-copia\/\",\"url\":\"https:\/\/www.manetti.com\/de\/produkt\/lehmstamm-copia\/\",\"name\":\"Bolo vom typ s in paste | Giusto Manetti Battiloro\",\"isPartOf\":{\"@id\":\"https:\/\/www.manetti.com\/de\/#website\"},\"primaryImageOfPage\":{\"@id\":\"https:\/\/www.manetti.com\/de\/produkt\/lehmstamm-copia\/#primaryimage\"},\"image\":{\"@id\":\"https:\/\/www.manetti.com\/de\/produkt\/lehmstamm-copia\/#primaryimage\"},\"thumbnailUrl\":\"https:\/\/www.manetti.com\/wp-content\/uploads\/2026\/04\/Bolo-tipo-S_manetti.png\",\"datePublished\":\"2026-04-28T12:45:29+00:00\",\"dateModified\":\"2026-05-04T08:26:42+00:00\",\"description\":\"Tonbasierte Pastenbasis, formuliert f\u00fcr die Wasservergoldung auf mit Gesso vorbereiteten Holztr\u00e4gern. Sie bildet eine gleichm\u00e4\u00dfige, kompakte und\",\"inLanguage\":\"de\",\"potentialAction\":[{\"@type\":\"ReadAction\",\"target\":[\"https:\/\/www.manetti.com\/de\/produkt\/lehmstamm-copia\/\"]}]},{\"@type\":\"ImageObject\",\"inLanguage\":\"de\",\"@id\":\"https:\/\/www.manetti.com\/de\/produkt\/lehmstamm-copia\/#primaryimage\",\"url\":\"https:\/\/www.manetti.com\/wp-content\/uploads\/2026\/04\/Bolo-tipo-S_manetti.png\",\"contentUrl\":\"https:\/\/www.manetti.com\/wp-content\/uploads\/2026\/04\/Bolo-tipo-S_manetti.png\",\"width\":900,\"height\":900},{\"@type\":\"WebSite\",\"@id\":\"https:\/\/www.manetti.com\/de\/#website\",\"url\":\"https:\/\/www.manetti.com\/de\/\",\"name\":\"Giusto Manetti Battiloro\",\"description\":\"\",\"publisher\":{\"@id\":\"https:\/\/www.manetti.com\/de\/#organization\"},\"potentialAction\":[{\"@type\":\"SearchAction\",\"target\":{\"@type\":\"EntryPoint\",\"urlTemplate\":\"https:\/\/www.manetti.com\/de\/?s={search_term_string}\"},\"query-input\":{\"@type\":\"PropertyValueSpecification\",\"valueRequired\":true,\"valueName\":\"search_term_string\"}}],\"inLanguage\":\"de\"},{\"@type\":\"Organization\",\"@id\":\"https:\/\/www.manetti.com\/de\/#organization\",\"name\":\"GIUSTO MANETTI BATTILORO S.P.A.\",\"url\":\"https:\/\/www.manetti.com\/de\/\",\"logo\":{\"@type\":\"ImageObject\",\"inLanguage\":\"de\",\"@id\":\"https:\/\/www.manetti.com\/de\/#\/schema\/logo\/image\/\",\"url\":\"https:\/\/www.manetti.com\/wp-content\/uploads\/2025\/02\/giusto-manetti-blu_300-02.png\",\"contentUrl\":\"https:\/\/www.manetti.com\/wp-content\/uploads\/2025\/02\/giusto-manetti-blu_300-02.png\",\"width\":1123,\"height\":1093,\"caption\":\"GIUSTO MANETTI BATTILORO S.P.A.\"},\"image\":{\"@id\":\"https:\/\/www.manetti.com\/de\/#\/schema\/logo\/image\/\"},\"sameAs\":[\"https:\/\/www.facebook.com\/giustomanettibattiloro\",\"https:\/\/www.instagram.com\/giustomanettibattiloro\/\",\"https:\/\/www.linkedin.com\/company\/giusto-manetti-battiloro-s-p-a-\/\",\"https:\/\/www.youtube.com\/user\/ManettiBattiloro\"]}]}<\/script>\n<!-- \/ Yoast SEO plugin. -->","yoast_head_json":{"title":"Bolo vom typ s in paste | Giusto Manetti Battiloro","description":"Tonbasierte Pastenbasis, formuliert f\u00fcr die Wasservergoldung auf mit Gesso vorbereiteten Holztr\u00e4gern. Sie bildet eine gleichm\u00e4\u00dfige, kompakte und","robots":{"index":"index","follow":"follow","max-snippet":"max-snippet:-1","max-image-preview":"max-image-preview:large","max-video-preview":"max-video-preview:-1"},"canonical":"https:\/\/www.manetti.com\/de\/produkt\/lehmstamm-copia\/","og_locale":"de_DE","og_type":"article","og_title":"Bolo vom typ s in paste | Giusto Manetti Battiloro","og_description":"Tonbasierte Pastenbasis, formuliert f\u00fcr die Wasservergoldung auf mit Gesso vorbereiteten Holztr\u00e4gern. Sie bildet eine gleichm\u00e4\u00dfige, kompakte und","og_url":"https:\/\/www.manetti.com\/de\/produkt\/lehmstamm-copia\/","og_site_name":"Giusto Manetti Battiloro","article_publisher":"https:\/\/www.facebook.com\/giustomanettibattiloro","article_modified_time":"2026-05-04T08:26:42+00:00","og_image":[{"width":900,"height":900,"url":"https:\/\/www.manetti.com\/wp-content\/uploads\/2026\/04\/Bolo-tipo-S_manetti.png","type":"image\/png"}],"twitter_card":"summary_large_image","schema":{"@context":"https:\/\/schema.org","@graph":[{"@type":"WebPage","@id":"https:\/\/www.manetti.com\/de\/produkt\/lehmstamm-copia\/","url":"https:\/\/www.manetti.com\/de\/produkt\/lehmstamm-copia\/","name":"Bolo vom typ s in paste | Giusto Manetti Battiloro","isPartOf":{"@id":"https:\/\/www.manetti.com\/de\/#website"},"primaryImageOfPage":{"@id":"https:\/\/www.manetti.com\/de\/produkt\/lehmstamm-copia\/#primaryimage"},"image":{"@id":"https:\/\/www.manetti.com\/de\/produkt\/lehmstamm-copia\/#primaryimage"},"thumbnailUrl":"https:\/\/www.manetti.com\/wp-content\/uploads\/2026\/04\/Bolo-tipo-S_manetti.png","datePublished":"2026-04-28T12:45:29+00:00","dateModified":"2026-05-04T08:26:42+00:00","description":"Tonbasierte Pastenbasis, formuliert f\u00fcr die Wasservergoldung auf mit Gesso vorbereiteten Holztr\u00e4gern. Sie bildet eine gleichm\u00e4\u00dfige, kompakte und","inLanguage":"de","potentialAction":[{"@type":"ReadAction","target":["https:\/\/www.manetti.com\/de\/produkt\/lehmstamm-copia\/"]}]},{"@type":"ImageObject","inLanguage":"de","@id":"https:\/\/www.manetti.com\/de\/produkt\/lehmstamm-copia\/#primaryimage","url":"https:\/\/www.manetti.com\/wp-content\/uploads\/2026\/04\/Bolo-tipo-S_manetti.png","contentUrl":"https:\/\/www.manetti.com\/wp-content\/uploads\/2026\/04\/Bolo-tipo-S_manetti.png","width":900,"height":900},{"@type":"WebSite","@id":"https:\/\/www.manetti.com\/de\/#website","url":"https:\/\/www.manetti.com\/de\/","name":"Giusto Manetti Battiloro","description":"","publisher":{"@id":"https:\/\/www.manetti.com\/de\/#organization"},"potentialAction":[{"@type":"SearchAction","target":{"@type":"EntryPoint","urlTemplate":"https:\/\/www.manetti.com\/de\/?s={search_term_string}"},"query-input":{"@type":"PropertyValueSpecification","valueRequired":true,"valueName":"search_term_string"}}],"inLanguage":"de"},{"@type":"Organization","@id":"https:\/\/www.manetti.com\/de\/#organization","name":"GIUSTO MANETTI BATTILORO S.P.A.","url":"https:\/\/www.manetti.com\/de\/","logo":{"@type":"ImageObject","inLanguage":"de","@id":"https:\/\/www.manetti.com\/de\/#\/schema\/logo\/image\/","url":"https:\/\/www.manetti.com\/wp-content\/uploads\/2025\/02\/giusto-manetti-blu_300-02.png","contentUrl":"https:\/\/www.manetti.com\/wp-content\/uploads\/2025\/02\/giusto-manetti-blu_300-02.png","width":1123,"height":1093,"caption":"GIUSTO MANETTI BATTILORO S.P.A."},"image":{"@id":"https:\/\/www.manetti.com\/de\/#\/schema\/logo\/image\/"},"sameAs":["https:\/\/www.facebook.com\/giustomanettibattiloro","https:\/\/www.instagram.com\/giustomanettibattiloro\/","https:\/\/www.linkedin.com\/company\/giusto-manetti-battiloro-s-p-a-\/","https:\/\/www.youtube.com\/user\/ManettiBattiloro"]}]}},"_links":{"self":[{"href":"https:\/\/www.manetti.com\/de\/wp-json\/wp\/v2\/product\/89388","targetHints":{"allow":["GET"]}}],"collection":[{"href":"https:\/\/www.manetti.com\/de\/wp-json\/wp\/v2\/product"}],"about":[{"href":"https:\/\/www.manetti.com\/de\/wp-json\/wp\/v2\/types\/product"}],"wp:featuredmedia":[{"embeddable":true,"href":"https:\/\/www.manetti.com\/de\/wp-json\/wp\/v2\/media\/89493"}],"wp:attachment":[{"href":"https:\/\/www.manetti.com\/de\/wp-json\/wp\/v2\/media?parent=89388"}],"wp:term":[{"taxonomy":"product_brand","embeddable":true,"href":"https:\/\/www.manetti.com\/de\/wp-json\/wp\/v2\/product_brand?post=89388"},{"taxonomy":"product_cat","embeddable":true,"href":"https:\/\/www.manetti.com\/de\/wp-json\/wp\/v2\/product_cat?post=89388"},{"taxonomy":"product_tag","embeddable":true,"href":"https:\/\/www.manetti.com\/de\/wp-json\/wp\/v2\/product_tag?post=89388"},{"taxonomy":"product_area","embeddable":true,"href":"https:\/\/www.manetti.com\/de\/wp-json\/wp\/v2\/product_area?post=89388"},{"taxonomy":"catalog_category","embeddable":true,"href":"https:\/\/www.manetti.com\/de\/wp-json\/wp\/v2\/catalog_category?post=89388"}],"curies":[{"name":"wp","href":"https:\/\/api.w.org\/{rel}","templated":true}]}}