{"id":31722,"date":"2019-10-29T17:01:37","date_gmt":"2019-10-29T16:01:37","guid":{"rendered":"https:\/\/www.manetti.com\/catalogo-prodotti\/foglia-argento\/"},"modified":"2023-04-17T12:50:10","modified_gmt":"2023-04-17T10:50:10","slug":"hoja-de-pan-de-plata","status":"publish","type":"page","link":"https:\/\/www.manetti.com\/es\/catalogo-productos\/hoja-de-pan-de-plata\/","title":{"rendered":"Hoja de pan de plata"},"content":{"rendered":"","protected":false},"excerpt":{"rendered":"<p> [&#8230;]<\/p>\n<p><a class=\"btn btn-secondary understrap-read-more-link\" href=\"https:\/\/www.manetti.com\/es\/catalogo-productos\/hoja-de-pan-de-plata\/\">Leer m\u00e1s&#8230;<\/a><\/p>\n","protected":false},"author":1,"featured_media":0,"parent":31685,"menu_order":0,"comment_status":"closed","ping_status":"closed","template":"page-templates\/catalogo-dettaglio-template.php","meta":{"_acf_changed":false,"footnotes":""},"class_list":["post-31722","page","type-page","status-publish","hentry"],"acf":[],"yoast_head":"<!-- This site is optimized with the Yoast SEO plugin v26.5 - https:\/\/yoast.com\/wordpress\/plugins\/seo\/ -->\n<title>Pan de Plata aut\u00e9ntico | Hoja, Lamina de Plata | Giusto Manetti Battiloro<\/title>\n<meta name=\"description\" content=\"Pan de Plata para restauraci\u00f3n. Aut\u00e9nticas hojas de plata producidas en Italia seg\u00fan la tradici\u00f3n Manetti, artesanos desde 1600 y con certificado TUV.\" \/>\n<meta name=\"robots\" content=\"index, follow, max-snippet:-1, max-image-preview:large, max-video-preview:-1\" \/>\n<link rel=\"canonical\" href=\"https:\/\/www.manetti.com\/es\/catalogo-productos\/hoja-de-pan-de-plata\/\" \/>\n<meta property=\"og:locale\" content=\"es_ES\" \/>\n<meta property=\"og:type\" content=\"article\" \/>\n<meta property=\"og:title\" content=\"Pan de Plata aut\u00e9ntico | Hoja, Lamina de Plata | Giusto Manetti Battiloro\" \/>\n<meta property=\"og:description\" content=\"Pan de Plata para restauraci\u00f3n. Aut\u00e9nticas hojas de plata producidas en Italia seg\u00fan la tradici\u00f3n Manetti, artesanos desde 1600 y con certificado TUV.\" \/>\n<meta property=\"og:url\" content=\"https:\/\/www.manetti.com\/es\/catalogo-productos\/hoja-de-pan-de-plata\/\" \/>\n<meta property=\"og:site_name\" content=\"Giusto Manetti Battiloro\" \/>\n<meta property=\"article:publisher\" content=\"https:\/\/www.facebook.com\/giustomanettibattiloro\" \/>\n<meta property=\"article:modified_time\" content=\"2023-04-17T10:50:10+00:00\" \/>\n<meta name=\"twitter:card\" content=\"summary_large_image\" \/>\n<script type=\"application\/ld+json\" class=\"yoast-schema-graph\">{\"@context\":\"https:\/\/schema.org\",\"@graph\":[{\"@type\":\"WebPage\",\"@id\":\"https:\/\/www.manetti.com\/es\/catalogo-productos\/hoja-de-pan-de-plata\/\",\"url\":\"https:\/\/www.manetti.com\/es\/catalogo-productos\/hoja-de-pan-de-plata\/\",\"name\":\"Pan de Plata aut\u00e9ntico | Hoja, Lamina de Plata | Giusto Manetti Battiloro\",\"isPartOf\":{\"@id\":\"https:\/\/www.manetti.com\/es\/#website\"},\"datePublished\":\"2019-10-29T16:01:37+00:00\",\"dateModified\":\"2023-04-17T10:50:10+00:00\",\"description\":\"Pan de Plata para restauraci\u00f3n. Aut\u00e9nticas hojas de plata producidas en Italia seg\u00fan la tradici\u00f3n Manetti, artesanos desde 1600 y con certificado TUV.\",\"inLanguage\":\"es\",\"potentialAction\":[{\"@type\":\"ReadAction\",\"target\":[\"https:\/\/www.manetti.com\/es\/catalogo-productos\/hoja-de-pan-de-plata\/\"]}]},{\"@type\":\"WebSite\",\"@id\":\"https:\/\/www.manetti.com\/es\/#website\",\"url\":\"https:\/\/www.manetti.com\/es\/\",\"name\":\"Giusto Manetti Battiloro\",\"description\":\"\",\"publisher\":{\"@id\":\"https:\/\/www.manetti.com\/es\/#organization\"},\"potentialAction\":[{\"@type\":\"SearchAction\",\"target\":{\"@type\":\"EntryPoint\",\"urlTemplate\":\"https:\/\/www.manetti.com\/es\/?s={search_term_string}\"},\"query-input\":{\"@type\":\"PropertyValueSpecification\",\"valueRequired\":true,\"valueName\":\"search_term_string\"}}],\"inLanguage\":\"es\"},{\"@type\":\"Organization\",\"@id\":\"https:\/\/www.manetti.com\/es\/#organization\",\"name\":\"GIUSTO MANETTI BATTILORO S.P.A.\",\"url\":\"https:\/\/www.manetti.com\/es\/\",\"logo\":{\"@type\":\"ImageObject\",\"inLanguage\":\"es\",\"@id\":\"https:\/\/www.manetti.com\/es\/#\/schema\/logo\/image\/\",\"url\":\"https:\/\/www.manetti.com\/wp-content\/uploads\/2025\/02\/giusto-manetti-blu_300-02.png\",\"contentUrl\":\"https:\/\/www.manetti.com\/wp-content\/uploads\/2025\/02\/giusto-manetti-blu_300-02.png\",\"width\":1123,\"height\":1093,\"caption\":\"GIUSTO MANETTI BATTILORO S.P.A.\"},\"image\":{\"@id\":\"https:\/\/www.manetti.com\/es\/#\/schema\/logo\/image\/\"},\"sameAs\":[\"https:\/\/www.facebook.com\/giustomanettibattiloro\",\"https:\/\/www.instagram.com\/giustomanettibattiloro\/\",\"https:\/\/www.linkedin.com\/company\/giusto-manetti-battiloro-s-p-a-\/\",\"https:\/\/www.youtube.com\/user\/ManettiBattiloro\"]}]}<\/script>\n<!-- \/ Yoast SEO plugin. -->","yoast_head_json":{"title":"Pan de Plata aut\u00e9ntico | Hoja, Lamina de Plata | Giusto Manetti Battiloro","description":"Pan de Plata para restauraci\u00f3n. Aut\u00e9nticas hojas de plata producidas en Italia seg\u00fan la tradici\u00f3n Manetti, artesanos desde 1600 y con certificado TUV.","robots":{"index":"index","follow":"follow","max-snippet":"max-snippet:-1","max-image-preview":"max-image-preview:large","max-video-preview":"max-video-preview:-1"},"canonical":"https:\/\/www.manetti.com\/es\/catalogo-productos\/hoja-de-pan-de-plata\/","og_locale":"es_ES","og_type":"article","og_title":"Pan de Plata aut\u00e9ntico | Hoja, Lamina de Plata | Giusto Manetti Battiloro","og_description":"Pan de Plata para restauraci\u00f3n. Aut\u00e9nticas hojas de plata producidas en Italia seg\u00fan la tradici\u00f3n Manetti, artesanos desde 1600 y con certificado TUV.","og_url":"https:\/\/www.manetti.com\/es\/catalogo-productos\/hoja-de-pan-de-plata\/","og_site_name":"Giusto Manetti Battiloro","article_publisher":"https:\/\/www.facebook.com\/giustomanettibattiloro","article_modified_time":"2023-04-17T10:50:10+00:00","twitter_card":"summary_large_image","schema":{"@context":"https:\/\/schema.org","@graph":[{"@type":"WebPage","@id":"https:\/\/www.manetti.com\/es\/catalogo-productos\/hoja-de-pan-de-plata\/","url":"https:\/\/www.manetti.com\/es\/catalogo-productos\/hoja-de-pan-de-plata\/","name":"Pan de Plata aut\u00e9ntico | Hoja, Lamina de Plata | Giusto Manetti Battiloro","isPartOf":{"@id":"https:\/\/www.manetti.com\/es\/#website"},"datePublished":"2019-10-29T16:01:37+00:00","dateModified":"2023-04-17T10:50:10+00:00","description":"Pan de Plata para restauraci\u00f3n. Aut\u00e9nticas hojas de plata producidas en Italia seg\u00fan la tradici\u00f3n Manetti, artesanos desde 1600 y con certificado TUV.","inLanguage":"es","potentialAction":[{"@type":"ReadAction","target":["https:\/\/www.manetti.com\/es\/catalogo-productos\/hoja-de-pan-de-plata\/"]}]},{"@type":"WebSite","@id":"https:\/\/www.manetti.com\/es\/#website","url":"https:\/\/www.manetti.com\/es\/","name":"Giusto Manetti Battiloro","description":"","publisher":{"@id":"https:\/\/www.manetti.com\/es\/#organization"},"potentialAction":[{"@type":"SearchAction","target":{"@type":"EntryPoint","urlTemplate":"https:\/\/www.manetti.com\/es\/?s={search_term_string}"},"query-input":{"@type":"PropertyValueSpecification","valueRequired":true,"valueName":"search_term_string"}}],"inLanguage":"es"},{"@type":"Organization","@id":"https:\/\/www.manetti.com\/es\/#organization","name":"GIUSTO MANETTI BATTILORO S.P.A.","url":"https:\/\/www.manetti.com\/es\/","logo":{"@type":"ImageObject","inLanguage":"es","@id":"https:\/\/www.manetti.com\/es\/#\/schema\/logo\/image\/","url":"https:\/\/www.manetti.com\/wp-content\/uploads\/2025\/02\/giusto-manetti-blu_300-02.png","contentUrl":"https:\/\/www.manetti.com\/wp-content\/uploads\/2025\/02\/giusto-manetti-blu_300-02.png","width":1123,"height":1093,"caption":"GIUSTO MANETTI BATTILORO S.P.A."},"image":{"@id":"https:\/\/www.manetti.com\/es\/#\/schema\/logo\/image\/"},"sameAs":["https:\/\/www.facebook.com\/giustomanettibattiloro","https:\/\/www.instagram.com\/giustomanettibattiloro\/","https:\/\/www.linkedin.com\/company\/giusto-manetti-battiloro-s-p-a-\/","https:\/\/www.youtube.com\/user\/ManettiBattiloro"]}]}},"_links":{"self":[{"href":"https:\/\/www.manetti.com\/es\/wp-json\/wp\/v2\/pages\/31722","targetHints":{"allow":["GET"]}}],"collection":[{"href":"https:\/\/www.manetti.com\/es\/wp-json\/wp\/v2\/pages"}],"about":[{"href":"https:\/\/www.manetti.com\/es\/wp-json\/wp\/v2\/types\/page"}],"author":[{"embeddable":true,"href":"https:\/\/www.manetti.com\/es\/wp-json\/wp\/v2\/users\/1"}],"replies":[{"embeddable":true,"href":"https:\/\/www.manetti.com\/es\/wp-json\/wp\/v2\/comments?post=31722"}],"version-history":[{"count":0,"href":"https:\/\/www.manetti.com\/es\/wp-json\/wp\/v2\/pages\/31722\/revisions"}],"up":[{"embeddable":true,"href":"https:\/\/www.manetti.com\/es\/wp-json\/wp\/v2\/pages\/31685"}],"wp:attachment":[{"href":"https:\/\/www.manetti.com\/es\/wp-json\/wp\/v2\/media?parent=31722"}],"curies":[{"name":"wp","href":"https:\/\/api.w.org\/{rel}","templated":true}]}}