{"id":31806,"date":"2019-11-27T15:30:31","date_gmt":"2019-11-27T14:30:31","guid":{"rendered":"https:\/\/www.manetti.com\/request-a-quote\/"},"modified":"2024-04-09T18:36:02","modified_gmt":"2024-04-09T16:36:02","slug":"request-a-quote","status":"publish","type":"page","link":"https:\/\/www.manetti.com\/es\/home\/request-a-quote\/","title":{"rendered":"Solicita un presupuesto"},"content":{"rendered":"\n<div class=\"woocommerce ywraq-wrapper\">\n\n\t    <div id=\"yith-ywraq-message\"><div class=\"ywraq-question-message\">\n\t<\/div><\/div>\n\t\t<div class=\"ywraq-before-form\">\n\t<p class=\"ywraq_list_empty_message\">Tu lista est\u00e1 vac\u00eda, a\u00f1ade productos a la lista para enviar una solicitud<p><p class=\"return-to-shop\"><a class=\"button wc-backward\" href=\"\/catalogo\">Ritorna allo shop<\/a><\/p><\/div>\n\t    <\/div>\n","protected":false},"excerpt":{"rendered":"<p> [&#8230;]<\/p>\n<p><a class=\"btn btn-secondary understrap-read-more-link\" href=\"https:\/\/www.manetti.com\/es\/home\/request-a-quote\/\">Leer m\u00e1s&#8230;<\/a><\/p>\n","protected":false},"author":1,"featured_media":0,"parent":32575,"menu_order":0,"comment_status":"closed","ping_status":"closed","template":"page-templates\/richiedi-preventivo-template.php","meta":{"_acf_changed":false,"footnotes":""},"class_list":["post-31806","page","type-page","status-publish","hentry"],"acf":[],"yoast_head":"<!-- This site is optimized with the Yoast SEO plugin v26.5 - https:\/\/yoast.com\/wordpress\/plugins\/seo\/ -->\n<title>Solicita un presupuesto | Giusto Manetti Battiloro<\/title>\n<meta name=\"description\" content=\"Explore nuestro producto, elija sus favoritos y agr\u00e9guelos a su lista para solicitar un presupuesto.\" \/>\n<meta name=\"robots\" content=\"noindex, follow\" \/>\n<meta property=\"og:locale\" content=\"es_ES\" \/>\n<meta property=\"og:type\" content=\"article\" \/>\n<meta property=\"og:title\" content=\"Solicita un presupuesto | Giusto Manetti Battiloro\" \/>\n<meta property=\"og:description\" content=\"Explore nuestro producto, elija sus favoritos y agr\u00e9guelos a su lista para solicitar un presupuesto.\" \/>\n<meta property=\"og:url\" content=\"https:\/\/www.manetti.com\/es\/home\/request-a-quote\/\" \/>\n<meta property=\"og:site_name\" content=\"Giusto Manetti Battiloro\" \/>\n<meta property=\"article:publisher\" content=\"https:\/\/www.facebook.com\/giustomanettibattiloro\" \/>\n<meta property=\"article:modified_time\" content=\"2024-04-09T16:36:02+00:00\" \/>\n<meta name=\"twitter:card\" content=\"summary_large_image\" \/>\n<meta name=\"twitter:label1\" content=\"Tiempo de lectura\" \/>\n\t<meta name=\"twitter:data1\" content=\"1 minuto\" \/>\n<script type=\"application\/ld+json\" class=\"yoast-schema-graph\">{\"@context\":\"https:\/\/schema.org\",\"@graph\":[{\"@type\":\"WebPage\",\"@id\":\"https:\/\/www.manetti.com\/es\/home\/request-a-quote\/\",\"url\":\"https:\/\/www.manetti.com\/es\/home\/request-a-quote\/\",\"name\":\"Solicita un presupuesto | Giusto Manetti Battiloro\",\"isPartOf\":{\"@id\":\"https:\/\/www.manetti.com\/es\/#website\"},\"datePublished\":\"2019-11-27T14:30:31+00:00\",\"dateModified\":\"2024-04-09T16:36:02+00:00\",\"description\":\"Explore nuestro producto, elija sus favoritos y agr\u00e9guelos a su lista para solicitar un presupuesto.\",\"inLanguage\":\"es\",\"potentialAction\":[{\"@type\":\"ReadAction\",\"target\":[\"https:\/\/www.manetti.com\/es\/home\/request-a-quote\/\"]}]},{\"@type\":\"WebSite\",\"@id\":\"https:\/\/www.manetti.com\/es\/#website\",\"url\":\"https:\/\/www.manetti.com\/es\/\",\"name\":\"Giusto Manetti Battiloro\",\"description\":\"\",\"publisher\":{\"@id\":\"https:\/\/www.manetti.com\/es\/#organization\"},\"potentialAction\":[{\"@type\":\"SearchAction\",\"target\":{\"@type\":\"EntryPoint\",\"urlTemplate\":\"https:\/\/www.manetti.com\/es\/?s={search_term_string}\"},\"query-input\":{\"@type\":\"PropertyValueSpecification\",\"valueRequired\":true,\"valueName\":\"search_term_string\"}}],\"inLanguage\":\"es\"},{\"@type\":\"Organization\",\"@id\":\"https:\/\/www.manetti.com\/es\/#organization\",\"name\":\"GIUSTO MANETTI BATTILORO S.P.A.\",\"url\":\"https:\/\/www.manetti.com\/es\/\",\"logo\":{\"@type\":\"ImageObject\",\"inLanguage\":\"es\",\"@id\":\"https:\/\/www.manetti.com\/es\/#\/schema\/logo\/image\/\",\"url\":\"https:\/\/www.manetti.com\/wp-content\/uploads\/2025\/02\/giusto-manetti-blu_300-02.png\",\"contentUrl\":\"https:\/\/www.manetti.com\/wp-content\/uploads\/2025\/02\/giusto-manetti-blu_300-02.png\",\"width\":1123,\"height\":1093,\"caption\":\"GIUSTO MANETTI BATTILORO S.P.A.\"},\"image\":{\"@id\":\"https:\/\/www.manetti.com\/es\/#\/schema\/logo\/image\/\"},\"sameAs\":[\"https:\/\/www.facebook.com\/giustomanettibattiloro\",\"https:\/\/www.instagram.com\/giustomanettibattiloro\/\",\"https:\/\/www.linkedin.com\/company\/giusto-manetti-battiloro-s-p-a-\/\",\"https:\/\/www.youtube.com\/user\/ManettiBattiloro\"]}]}<\/script>\n<!-- \/ Yoast SEO plugin. -->","yoast_head_json":{"title":"Solicita un presupuesto | Giusto Manetti Battiloro","description":"Explore nuestro producto, elija sus favoritos y agr\u00e9guelos a su lista para solicitar un presupuesto.","robots":{"index":"noindex","follow":"follow"},"og_locale":"es_ES","og_type":"article","og_title":"Solicita un presupuesto | Giusto Manetti Battiloro","og_description":"Explore nuestro producto, elija sus favoritos y agr\u00e9guelos a su lista para solicitar un presupuesto.","og_url":"https:\/\/www.manetti.com\/es\/home\/request-a-quote\/","og_site_name":"Giusto Manetti Battiloro","article_publisher":"https:\/\/www.facebook.com\/giustomanettibattiloro","article_modified_time":"2024-04-09T16:36:02+00:00","twitter_card":"summary_large_image","twitter_misc":{"Tiempo de lectura":"1 minuto"},"schema":{"@context":"https:\/\/schema.org","@graph":[{"@type":"WebPage","@id":"https:\/\/www.manetti.com\/es\/home\/request-a-quote\/","url":"https:\/\/www.manetti.com\/es\/home\/request-a-quote\/","name":"Solicita un presupuesto | Giusto Manetti Battiloro","isPartOf":{"@id":"https:\/\/www.manetti.com\/es\/#website"},"datePublished":"2019-11-27T14:30:31+00:00","dateModified":"2024-04-09T16:36:02+00:00","description":"Explore nuestro producto, elija sus favoritos y agr\u00e9guelos a su lista para solicitar un presupuesto.","inLanguage":"es","potentialAction":[{"@type":"ReadAction","target":["https:\/\/www.manetti.com\/es\/home\/request-a-quote\/"]}]},{"@type":"WebSite","@id":"https:\/\/www.manetti.com\/es\/#website","url":"https:\/\/www.manetti.com\/es\/","name":"Giusto Manetti Battiloro","description":"","publisher":{"@id":"https:\/\/www.manetti.com\/es\/#organization"},"potentialAction":[{"@type":"SearchAction","target":{"@type":"EntryPoint","urlTemplate":"https:\/\/www.manetti.com\/es\/?s={search_term_string}"},"query-input":{"@type":"PropertyValueSpecification","valueRequired":true,"valueName":"search_term_string"}}],"inLanguage":"es"},{"@type":"Organization","@id":"https:\/\/www.manetti.com\/es\/#organization","name":"GIUSTO MANETTI BATTILORO S.P.A.","url":"https:\/\/www.manetti.com\/es\/","logo":{"@type":"ImageObject","inLanguage":"es","@id":"https:\/\/www.manetti.com\/es\/#\/schema\/logo\/image\/","url":"https:\/\/www.manetti.com\/wp-content\/uploads\/2025\/02\/giusto-manetti-blu_300-02.png","contentUrl":"https:\/\/www.manetti.com\/wp-content\/uploads\/2025\/02\/giusto-manetti-blu_300-02.png","width":1123,"height":1093,"caption":"GIUSTO MANETTI BATTILORO S.P.A."},"image":{"@id":"https:\/\/www.manetti.com\/es\/#\/schema\/logo\/image\/"},"sameAs":["https:\/\/www.facebook.com\/giustomanettibattiloro","https:\/\/www.instagram.com\/giustomanettibattiloro\/","https:\/\/www.linkedin.com\/company\/giusto-manetti-battiloro-s-p-a-\/","https:\/\/www.youtube.com\/user\/ManettiBattiloro"]}]}},"_links":{"self":[{"href":"https:\/\/www.manetti.com\/es\/wp-json\/wp\/v2\/pages\/31806","targetHints":{"allow":["GET"]}}],"collection":[{"href":"https:\/\/www.manetti.com\/es\/wp-json\/wp\/v2\/pages"}],"about":[{"href":"https:\/\/www.manetti.com\/es\/wp-json\/wp\/v2\/types\/page"}],"author":[{"embeddable":true,"href":"https:\/\/www.manetti.com\/es\/wp-json\/wp\/v2\/users\/1"}],"replies":[{"embeddable":true,"href":"https:\/\/www.manetti.com\/es\/wp-json\/wp\/v2\/comments?post=31806"}],"version-history":[{"count":0,"href":"https:\/\/www.manetti.com\/es\/wp-json\/wp\/v2\/pages\/31806\/revisions"}],"up":[{"embeddable":true,"href":"https:\/\/www.manetti.com\/es\/wp-json\/wp\/v2\/pages\/32575"}],"wp:attachment":[{"href":"https:\/\/www.manetti.com\/es\/wp-json\/wp\/v2\/media?parent=31806"}],"curies":[{"name":"wp","href":"https:\/\/api.w.org\/{rel}","templated":true}]}}