{"id":32096,"date":"2019-12-30T14:21:01","date_gmt":"2019-12-30T13:21:01","guid":{"rendered":"https:\/\/www.manetti.com\/catalogo-prodotti\/accesorios-para-el-dorado\/gommalacca\/"},"modified":"2024-05-27T18:27:55","modified_gmt":"2024-05-27T16:27:55","slug":"refinamiento","status":"publish","type":"page","link":"https:\/\/www.manetti.com\/es\/catalogo-productos\/productos-para-las-fases-de-dorado\/refinamiento\/","title":{"rendered":"Refinamiento"},"content":{"rendered":"\r\n<p>Una vez terminado el dorado, es posible crear efectos crom\u00e1ticos particulares o dar a la superficie decorada efectos de envejecimiento utilizando barniz para mecar y bet\u00fan. Las t\u00e9cnicas de envejecimiento o patinado est\u00e1n especialmente recomendadas para dorados o restauraciones realizadas con oro puro o plata aut\u00e9ntica, pero algunas de ellas tambi\u00e9n pueden aplicarse a dorados realizados con metales de imitaci\u00f3n.<\/p>\r\n","protected":false},"excerpt":{"rendered":"<p>Una vez terminado el dorado, es posible crear efectos crom\u00e1ticos particulares o dar a la superficie decorada efectos de envejecimiento utilizando barniz para mecar y bet\u00fan. Las t\u00e9cnicas de envejecimiento o patinado est\u00e1n especialmente recomendadas para dorados o restauraciones realizadas con oro puro o plata aut\u00e9ntica, pero algunas de ellas tambi\u00e9n pueden aplicarse a dorados [&#8230;]<\/p>\n<p><a class=\"btn btn-secondary understrap-read-more-link\" href=\"https:\/\/www.manetti.com\/es\/catalogo-productos\/productos-para-las-fases-de-dorado\/refinamiento\/\">Leer m\u00e1s&#8230;<\/a><\/p>\n","protected":false},"author":1,"featured_media":56145,"parent":31834,"menu_order":0,"comment_status":"closed","ping_status":"closed","template":"page-templates\/catalogo-dettaglio-accessori-doratura-template.php","meta":{"_acf_changed":false,"footnotes":""},"class_list":["post-32096","page","type-page","status-publish","has-post-thumbnail","hentry"],"acf":[],"yoast_head":"<!-- This site is optimized with the Yoast SEO plugin v26.5 - https:\/\/yoast.com\/wordpress\/plugins\/seo\/ -->\n<title>Refinamiento por el sector del dorado | Giusto Manetti Battiloro<\/title>\n<meta name=\"description\" content=\"Una vez terminado el dorado, es posible crear efectos crom\u00e1ticos particulares o dar a la superficie decorada efectos de envejecimiento utilizando barniz para mecar y bet\u00fan.\" \/>\n<meta name=\"robots\" content=\"index, follow, max-snippet:-1, max-image-preview:large, max-video-preview:-1\" \/>\n<link rel=\"canonical\" href=\"https:\/\/www.manetti.com\/es\/catalogo-productos\/productos-para-las-fases-de-dorado\/refinamiento\/\" \/>\n<meta property=\"og:locale\" content=\"es_ES\" \/>\n<meta property=\"og:type\" content=\"article\" \/>\n<meta property=\"og:title\" content=\"Refinamiento por el sector del dorado | Giusto Manetti Battiloro\" \/>\n<meta property=\"og:description\" content=\"Una vez terminado el dorado, es posible crear efectos crom\u00e1ticos particulares o dar a la superficie decorada efectos de envejecimiento utilizando barniz para mecar y bet\u00fan.\" \/>\n<meta property=\"og:url\" content=\"https:\/\/www.manetti.com\/es\/catalogo-productos\/productos-para-las-fases-de-dorado\/refinamiento\/\" \/>\n<meta property=\"og:site_name\" content=\"Giusto Manetti Battiloro\" \/>\n<meta property=\"article:publisher\" content=\"https:\/\/www.facebook.com\/giustomanettibattiloro\" \/>\n<meta property=\"article:modified_time\" content=\"2024-05-27T16:27:55+00:00\" \/>\n<meta property=\"og:image\" content=\"https:\/\/www.manetti.com\/wp-content\/uploads\/2023\/02\/Finitura.png\" \/>\n\t<meta property=\"og:image:width\" content=\"200\" \/>\n\t<meta property=\"og:image:height\" content=\"200\" \/>\n\t<meta property=\"og:image:type\" content=\"image\/png\" \/>\n<meta name=\"twitter:card\" content=\"summary_large_image\" \/>\n<meta name=\"twitter:label1\" content=\"Tiempo de lectura\" \/>\n\t<meta name=\"twitter:data1\" content=\"1 minuto\" \/>\n<script type=\"application\/ld+json\" class=\"yoast-schema-graph\">{\"@context\":\"https:\/\/schema.org\",\"@graph\":[{\"@type\":\"WebPage\",\"@id\":\"https:\/\/www.manetti.com\/es\/catalogo-productos\/productos-para-las-fases-de-dorado\/refinamiento\/\",\"url\":\"https:\/\/www.manetti.com\/es\/catalogo-productos\/productos-para-las-fases-de-dorado\/refinamiento\/\",\"name\":\"Refinamiento por el sector del dorado | Giusto Manetti Battiloro\",\"isPartOf\":{\"@id\":\"https:\/\/www.manetti.com\/es\/#website\"},\"primaryImageOfPage\":{\"@id\":\"https:\/\/www.manetti.com\/es\/catalogo-productos\/productos-para-las-fases-de-dorado\/refinamiento\/#primaryimage\"},\"image\":{\"@id\":\"https:\/\/www.manetti.com\/es\/catalogo-productos\/productos-para-las-fases-de-dorado\/refinamiento\/#primaryimage\"},\"thumbnailUrl\":\"https:\/\/www.manetti.com\/wp-content\/uploads\/2023\/02\/Finitura.png\",\"datePublished\":\"2019-12-30T13:21:01+00:00\",\"dateModified\":\"2024-05-27T16:27:55+00:00\",\"description\":\"Una vez terminado el dorado, es posible crear efectos crom\u00e1ticos particulares o dar a la superficie decorada efectos de envejecimiento utilizando barniz para mecar y bet\u00fan.\",\"inLanguage\":\"es\",\"potentialAction\":[{\"@type\":\"ReadAction\",\"target\":[\"https:\/\/www.manetti.com\/es\/catalogo-productos\/productos-para-las-fases-de-dorado\/refinamiento\/\"]}]},{\"@type\":\"ImageObject\",\"inLanguage\":\"es\",\"@id\":\"https:\/\/www.manetti.com\/es\/catalogo-productos\/productos-para-las-fases-de-dorado\/refinamiento\/#primaryimage\",\"url\":\"https:\/\/www.manetti.com\/wp-content\/uploads\/2023\/02\/Finitura.png\",\"contentUrl\":\"https:\/\/www.manetti.com\/wp-content\/uploads\/2023\/02\/Finitura.png\",\"width\":200,\"height\":200},{\"@type\":\"WebSite\",\"@id\":\"https:\/\/www.manetti.com\/es\/#website\",\"url\":\"https:\/\/www.manetti.com\/es\/\",\"name\":\"Giusto Manetti Battiloro\",\"description\":\"\",\"publisher\":{\"@id\":\"https:\/\/www.manetti.com\/es\/#organization\"},\"potentialAction\":[{\"@type\":\"SearchAction\",\"target\":{\"@type\":\"EntryPoint\",\"urlTemplate\":\"https:\/\/www.manetti.com\/es\/?s={search_term_string}\"},\"query-input\":{\"@type\":\"PropertyValueSpecification\",\"valueRequired\":true,\"valueName\":\"search_term_string\"}}],\"inLanguage\":\"es\"},{\"@type\":\"Organization\",\"@id\":\"https:\/\/www.manetti.com\/es\/#organization\",\"name\":\"GIUSTO MANETTI BATTILORO S.P.A.\",\"url\":\"https:\/\/www.manetti.com\/es\/\",\"logo\":{\"@type\":\"ImageObject\",\"inLanguage\":\"es\",\"@id\":\"https:\/\/www.manetti.com\/es\/#\/schema\/logo\/image\/\",\"url\":\"https:\/\/www.manetti.com\/wp-content\/uploads\/2025\/02\/giusto-manetti-blu_300-02.png\",\"contentUrl\":\"https:\/\/www.manetti.com\/wp-content\/uploads\/2025\/02\/giusto-manetti-blu_300-02.png\",\"width\":1123,\"height\":1093,\"caption\":\"GIUSTO MANETTI BATTILORO S.P.A.\"},\"image\":{\"@id\":\"https:\/\/www.manetti.com\/es\/#\/schema\/logo\/image\/\"},\"sameAs\":[\"https:\/\/www.facebook.com\/giustomanettibattiloro\",\"https:\/\/www.instagram.com\/giustomanettibattiloro\/\",\"https:\/\/www.linkedin.com\/company\/giusto-manetti-battiloro-s-p-a-\/\",\"https:\/\/www.youtube.com\/user\/ManettiBattiloro\"]}]}<\/script>\n<!-- \/ Yoast SEO plugin. -->","yoast_head_json":{"title":"Refinamiento por el sector del dorado | Giusto Manetti Battiloro","description":"Una vez terminado el dorado, es posible crear efectos crom\u00e1ticos particulares o dar a la superficie decorada efectos de envejecimiento utilizando barniz para mecar y bet\u00fan.","robots":{"index":"index","follow":"follow","max-snippet":"max-snippet:-1","max-image-preview":"max-image-preview:large","max-video-preview":"max-video-preview:-1"},"canonical":"https:\/\/www.manetti.com\/es\/catalogo-productos\/productos-para-las-fases-de-dorado\/refinamiento\/","og_locale":"es_ES","og_type":"article","og_title":"Refinamiento por el sector del dorado | Giusto Manetti Battiloro","og_description":"Una vez terminado el dorado, es posible crear efectos crom\u00e1ticos particulares o dar a la superficie decorada efectos de envejecimiento utilizando barniz para mecar y bet\u00fan.","og_url":"https:\/\/www.manetti.com\/es\/catalogo-productos\/productos-para-las-fases-de-dorado\/refinamiento\/","og_site_name":"Giusto Manetti Battiloro","article_publisher":"https:\/\/www.facebook.com\/giustomanettibattiloro","article_modified_time":"2024-05-27T16:27:55+00:00","og_image":[{"width":200,"height":200,"url":"https:\/\/www.manetti.com\/wp-content\/uploads\/2023\/02\/Finitura.png","type":"image\/png"}],"twitter_card":"summary_large_image","twitter_misc":{"Tiempo de lectura":"1 minuto"},"schema":{"@context":"https:\/\/schema.org","@graph":[{"@type":"WebPage","@id":"https:\/\/www.manetti.com\/es\/catalogo-productos\/productos-para-las-fases-de-dorado\/refinamiento\/","url":"https:\/\/www.manetti.com\/es\/catalogo-productos\/productos-para-las-fases-de-dorado\/refinamiento\/","name":"Refinamiento por el sector del dorado | Giusto Manetti Battiloro","isPartOf":{"@id":"https:\/\/www.manetti.com\/es\/#website"},"primaryImageOfPage":{"@id":"https:\/\/www.manetti.com\/es\/catalogo-productos\/productos-para-las-fases-de-dorado\/refinamiento\/#primaryimage"},"image":{"@id":"https:\/\/www.manetti.com\/es\/catalogo-productos\/productos-para-las-fases-de-dorado\/refinamiento\/#primaryimage"},"thumbnailUrl":"https:\/\/www.manetti.com\/wp-content\/uploads\/2023\/02\/Finitura.png","datePublished":"2019-12-30T13:21:01+00:00","dateModified":"2024-05-27T16:27:55+00:00","description":"Una vez terminado el dorado, es posible crear efectos crom\u00e1ticos particulares o dar a la superficie decorada efectos de envejecimiento utilizando barniz para mecar y bet\u00fan.","inLanguage":"es","potentialAction":[{"@type":"ReadAction","target":["https:\/\/www.manetti.com\/es\/catalogo-productos\/productos-para-las-fases-de-dorado\/refinamiento\/"]}]},{"@type":"ImageObject","inLanguage":"es","@id":"https:\/\/www.manetti.com\/es\/catalogo-productos\/productos-para-las-fases-de-dorado\/refinamiento\/#primaryimage","url":"https:\/\/www.manetti.com\/wp-content\/uploads\/2023\/02\/Finitura.png","contentUrl":"https:\/\/www.manetti.com\/wp-content\/uploads\/2023\/02\/Finitura.png","width":200,"height":200},{"@type":"WebSite","@id":"https:\/\/www.manetti.com\/es\/#website","url":"https:\/\/www.manetti.com\/es\/","name":"Giusto Manetti Battiloro","description":"","publisher":{"@id":"https:\/\/www.manetti.com\/es\/#organization"},"potentialAction":[{"@type":"SearchAction","target":{"@type":"EntryPoint","urlTemplate":"https:\/\/www.manetti.com\/es\/?s={search_term_string}"},"query-input":{"@type":"PropertyValueSpecification","valueRequired":true,"valueName":"search_term_string"}}],"inLanguage":"es"},{"@type":"Organization","@id":"https:\/\/www.manetti.com\/es\/#organization","name":"GIUSTO MANETTI BATTILORO S.P.A.","url":"https:\/\/www.manetti.com\/es\/","logo":{"@type":"ImageObject","inLanguage":"es","@id":"https:\/\/www.manetti.com\/es\/#\/schema\/logo\/image\/","url":"https:\/\/www.manetti.com\/wp-content\/uploads\/2025\/02\/giusto-manetti-blu_300-02.png","contentUrl":"https:\/\/www.manetti.com\/wp-content\/uploads\/2025\/02\/giusto-manetti-blu_300-02.png","width":1123,"height":1093,"caption":"GIUSTO MANETTI BATTILORO S.P.A."},"image":{"@id":"https:\/\/www.manetti.com\/es\/#\/schema\/logo\/image\/"},"sameAs":["https:\/\/www.facebook.com\/giustomanettibattiloro","https:\/\/www.instagram.com\/giustomanettibattiloro\/","https:\/\/www.linkedin.com\/company\/giusto-manetti-battiloro-s-p-a-\/","https:\/\/www.youtube.com\/user\/ManettiBattiloro"]}]}},"_links":{"self":[{"href":"https:\/\/www.manetti.com\/es\/wp-json\/wp\/v2\/pages\/32096","targetHints":{"allow":["GET"]}}],"collection":[{"href":"https:\/\/www.manetti.com\/es\/wp-json\/wp\/v2\/pages"}],"about":[{"href":"https:\/\/www.manetti.com\/es\/wp-json\/wp\/v2\/types\/page"}],"author":[{"embeddable":true,"href":"https:\/\/www.manetti.com\/es\/wp-json\/wp\/v2\/users\/1"}],"replies":[{"embeddable":true,"href":"https:\/\/www.manetti.com\/es\/wp-json\/wp\/v2\/comments?post=32096"}],"version-history":[{"count":0,"href":"https:\/\/www.manetti.com\/es\/wp-json\/wp\/v2\/pages\/32096\/revisions"}],"up":[{"embeddable":true,"href":"https:\/\/www.manetti.com\/es\/wp-json\/wp\/v2\/pages\/31834"}],"wp:featuredmedia":[{"embeddable":true,"href":"https:\/\/www.manetti.com\/es\/wp-json\/wp\/v2\/media\/56145"}],"wp:attachment":[{"href":"https:\/\/www.manetti.com\/es\/wp-json\/wp\/v2\/media?parent=32096"}],"curies":[{"name":"wp","href":"https:\/\/api.w.org\/{rel}","templated":true}]}}