{"id":32451,"date":"2020-01-31T09:45:55","date_gmt":"2020-01-31T08:45:55","guid":{"rendered":"https:\/\/www.manetti.com\/formato\/"},"modified":"2024-07-24T17:38:11","modified_gmt":"2024-07-24T15:38:11","slug":"formato","status":"publish","type":"page","link":"https:\/\/www.manetti.com\/es\/home\/formato\/","title":{"rendered":"Formato"},"content":{"rendered":"\r\n<h2 class=\"wp-block-heading\">PROFUNDIZACI\u00d3N EL MEJOR FORMATO DE HOJA PARA LAS DIFERENTES NECESIDADES DE DORADO<\/h2>\r\n\r\n\r\n\r\n<p>La hoja en librillo est\u00e1 disponible tanto en formato suelto tradicional como en formato de calco.<\/p>\r\n\r\n\r\n\r\n<h2 class=\"wp-block-heading\">Hoja suelta<\/h2>\r\n\r\n\r\n\r\n<div class=\"wp-block-columns is-layout-flex wp-container-core-columns-is-layout-1 wp-block-columns-is-layout-flex\">\r\n<div class=\"wp-block-column is-layout-flow wp-block-column-is-layout-flow\">\r\n<figure class=\"wp-block-image size-large\"><img loading=\"lazy\" decoding=\"async\" width=\"1024\" height=\"682\" class=\"wp-image-7738\" src=\"https:\/\/www.manetti.com\/wp-content\/uploads\/2020\/04\/FogliaOro_FogliaLibera-2-1024x682.png\" alt=\"\" srcset=\"https:\/\/www.manetti.com\/wp-content\/uploads\/2020\/04\/FogliaOro_FogliaLibera-2-1024x682.png 1024w, https:\/\/www.manetti.com\/wp-content\/uploads\/2020\/04\/FogliaOro_FogliaLibera-2-300x200.png 300w, https:\/\/www.manetti.com\/wp-content\/uploads\/2020\/04\/FogliaOro_FogliaLibera-2-768x512.png 768w, https:\/\/www.manetti.com\/wp-content\/uploads\/2020\/04\/FogliaOro_FogliaLibera-2-600x400.png 600w, https:\/\/www.manetti.com\/wp-content\/uploads\/2020\/04\/FogliaOro_FogliaLibera-2.png 1037w\" sizes=\"auto, (max-width: 1024px) 100vw, 1024px\" \/><\/figure>\r\n<\/div>\r\n\r\n\r\n\r\n<div class=\"wp-block-column is-layout-flow wp-block-column-is-layout-flow\">\r\n<figure class=\"wp-block-image size-large\"><img loading=\"lazy\" decoding=\"async\" width=\"1024\" height=\"682\" class=\"wp-image-7736\" src=\"https:\/\/www.manetti.com\/wp-content\/uploads\/2020\/04\/FogliaArgento_FogliaLibera-2-1024x682.png\" alt=\"\" srcset=\"https:\/\/www.manetti.com\/wp-content\/uploads\/2020\/04\/FogliaArgento_FogliaLibera-2-1024x682.png 1024w, https:\/\/www.manetti.com\/wp-content\/uploads\/2020\/04\/FogliaArgento_FogliaLibera-2-300x200.png 300w, https:\/\/www.manetti.com\/wp-content\/uploads\/2020\/04\/FogliaArgento_FogliaLibera-2-768x512.png 768w, https:\/\/www.manetti.com\/wp-content\/uploads\/2020\/04\/FogliaArgento_FogliaLibera-2-600x400.png 600w, https:\/\/www.manetti.com\/wp-content\/uploads\/2020\/04\/FogliaArgento_FogliaLibera-2.png 1037w\" sizes=\"auto, (max-width: 1024px) 100vw, 1024px\" \/><\/figure>\r\n\r\n\r\n\r\n<p>&nbsp;<\/p>\r\n<\/div>\r\n<\/div>\r\n\r\n\r\n\r\n<p>La hoja suelta se emplea siempre para la decoraci\u00f3n de superficies con incrustaciones. En ocasiones se emplea tambi\u00e9n en la decoraci\u00f3n de superficies lisas all\u00ed donde el dorador prefiere su uso respecto de la hoja de calco.<\/p>\r\n\r\n\r\n\r\n<p>En funci\u00f3n del tipo de trabajo, para la aplicaci\u00f3n de la hoja suelta pueden ser necesarias herramientas como paletinas de pelo de ardilla, disponibles en diferentes medidas en funci\u00f3n de la medida de la hoja.<\/p>\r\n\r\n\r\n\r\n<p>Para poder decorar superficies de cualquier tipo y tama\u00f1o puede ser as\u00ed mismo necesario cortar la hoja en porciones m\u00e1s peque\u00f1as con el uso de un cuchillo espec\u00edfico y un pomaz\u00f3n o coj\u00edn.<\/p>\r\n\r\n\r\n\r\n<h2 class=\"wp-block-heading\">Hoja de calco<\/h2>\r\n\r\n\r\n\r\n<div class=\"wp-block-columns is-layout-flex wp-container-core-columns-is-layout-2 wp-block-columns-is-layout-flex\">\r\n<div class=\"wp-block-column is-layout-flow wp-block-column-is-layout-flow\">\r\n<figure class=\"wp-block-image size-large\"><img loading=\"lazy\" decoding=\"async\" width=\"1010\" height=\"673\" class=\"wp-image-7740\" src=\"https:\/\/www.manetti.com\/wp-content\/uploads\/2020\/04\/FogliaOro_FogliaADecalco.png\" alt=\"\" srcset=\"https:\/\/www.manetti.com\/wp-content\/uploads\/2020\/04\/FogliaOro_FogliaADecalco.png 1010w, https:\/\/www.manetti.com\/wp-content\/uploads\/2020\/04\/FogliaOro_FogliaADecalco-300x200.png 300w, https:\/\/www.manetti.com\/wp-content\/uploads\/2020\/04\/FogliaOro_FogliaADecalco-768x512.png 768w, https:\/\/www.manetti.com\/wp-content\/uploads\/2020\/04\/FogliaOro_FogliaADecalco-600x400.png 600w\" sizes=\"auto, (max-width: 1010px) 100vw, 1010px\" \/><\/figure>\r\n<\/div>\r\n\r\n\r\n\r\n<div class=\"wp-block-column is-layout-flow wp-block-column-is-layout-flow\">\r\n<figure class=\"wp-block-image size-large\"><img loading=\"lazy\" decoding=\"async\" width=\"1010\" height=\"673\" class=\"wp-image-7742\" src=\"https:\/\/www.manetti.com\/wp-content\/uploads\/2020\/04\/FogliaArgento_FogliaADecalco.png\" alt=\"\" srcset=\"https:\/\/www.manetti.com\/wp-content\/uploads\/2020\/04\/FogliaArgento_FogliaADecalco.png 1010w, https:\/\/www.manetti.com\/wp-content\/uploads\/2020\/04\/FogliaArgento_FogliaADecalco-300x200.png 300w, https:\/\/www.manetti.com\/wp-content\/uploads\/2020\/04\/FogliaArgento_FogliaADecalco-768x512.png 768w, https:\/\/www.manetti.com\/wp-content\/uploads\/2020\/04\/FogliaArgento_FogliaADecalco-600x400.png 600w\" sizes=\"auto, (max-width: 1010px) 100vw, 1010px\" \/><\/figure>\r\n<\/div>\r\n<\/div>\r\n\r\n\r\n\r\n<p>La hoja de calco se diferencia de aquella suelta porque est\u00e1 apoyada sobre un papel de seda, que sobresale y se puede extraer del librillo, con el fin de facilitar y agilizar la toma y aplicaci\u00f3n.<\/p>\r\n\r\n\r\n\r\n<p>Este formato se aplica siempre con la t\u00e9cnica de dorado a mixti\u00f3n y se recomienda exclusivamente para la decoraci\u00f3n de superficies completamente lisas o para dorados a realizar en exterior. En el formato de calco la hoja se adhiere al papel de seda mediante presi\u00f3n sin el uso de ning\u00fan pegamento.<\/p>\r\n\r\n\r\n\r\n<p>La hoja de calco puede, as\u00ed mismo, ser cortada con unas tijeras comunes para dar forma a las porciones de oro a aplicar.<\/p>\r\n","protected":false},"excerpt":{"rendered":"<p>PROFUNDIZACI\u00d3N EL MEJOR FORMATO DE HOJA PARA LAS DIFERENTES NECESIDADES DE DORADO La hoja en librillo est\u00e1 disponible tanto en formato suelto tradicional como en formato de calco. Hoja suelta &nbsp; La hoja suelta se emplea siempre para la decoraci\u00f3n de superficies con incrustaciones. En ocasiones se emplea tambi\u00e9n en la decoraci\u00f3n de superficies lisas [&#8230;]<\/p>\n<p><a class=\"btn btn-secondary understrap-read-more-link\" href=\"https:\/\/www.manetti.com\/es\/home\/formato\/\">Leer m\u00e1s&#8230;<\/a><\/p>\n","protected":false},"author":1,"featured_media":0,"parent":32575,"menu_order":0,"comment_status":"closed","ping_status":"closed","template":"page-templates\/static_template.php","meta":{"_acf_changed":false,"footnotes":""},"class_list":["post-32451","page","type-page","status-publish","hentry"],"acf":[],"yoast_head":"<!-- This site is optimized with the Yoast SEO plugin v26.5 - https:\/\/yoast.com\/wordpress\/plugins\/seo\/ -->\n<title>Tama\u00f1o libre \/ calcoman\u00eda para la hoja de oro. | Giusto Manetti Battiloro<\/title>\n<meta name=\"description\" content=\"La hoja de los libros est\u00e1 disponible tanto en la forma suelta tradicional como en la forma de transferencia, para muchas t\u00e9cnicas de dorado. \u00a1Saber m\u00e1s!\" \/>\n<meta name=\"robots\" content=\"index, follow, max-snippet:-1, max-image-preview:large, max-video-preview:-1\" \/>\n<link rel=\"canonical\" href=\"https:\/\/www.manetti.com\/es\/home\/formato\/\" \/>\n<meta property=\"og:locale\" content=\"es_ES\" \/>\n<meta property=\"og:type\" content=\"article\" \/>\n<meta property=\"og:title\" content=\"Tama\u00f1o libre \/ calcoman\u00eda para la hoja de oro. | Giusto Manetti Battiloro\" \/>\n<meta property=\"og:description\" content=\"La hoja de los libros est\u00e1 disponible tanto en la forma suelta tradicional como en la forma de transferencia, para muchas t\u00e9cnicas de dorado. \u00a1Saber m\u00e1s!\" \/>\n<meta property=\"og:url\" content=\"https:\/\/www.manetti.com\/es\/home\/formato\/\" \/>\n<meta property=\"og:site_name\" content=\"Giusto Manetti Battiloro\" \/>\n<meta property=\"article:publisher\" content=\"https:\/\/www.facebook.com\/giustomanettibattiloro\" \/>\n<meta property=\"article:modified_time\" content=\"2024-07-24T15:38:11+00:00\" \/>\n<meta property=\"og:image\" content=\"https:\/\/www.manetti.com\/wp-content\/uploads\/2020\/04\/FogliaOro_FogliaLibera-2-1024x682.png\" \/>\n<meta name=\"twitter:card\" content=\"summary_large_image\" \/>\n<meta name=\"twitter:label1\" content=\"Tiempo de lectura\" \/>\n\t<meta name=\"twitter:data1\" content=\"2 minutos\" \/>\n<script type=\"application\/ld+json\" class=\"yoast-schema-graph\">{\"@context\":\"https:\/\/schema.org\",\"@graph\":[{\"@type\":\"WebPage\",\"@id\":\"https:\/\/www.manetti.com\/es\/home\/formato\/\",\"url\":\"https:\/\/www.manetti.com\/es\/home\/formato\/\",\"name\":\"Tama\u00f1o libre \/ calcoman\u00eda para la hoja de oro. | Giusto Manetti Battiloro\",\"isPartOf\":{\"@id\":\"https:\/\/www.manetti.com\/es\/#website\"},\"primaryImageOfPage\":{\"@id\":\"https:\/\/www.manetti.com\/es\/home\/formato\/#primaryimage\"},\"image\":{\"@id\":\"https:\/\/www.manetti.com\/es\/home\/formato\/#primaryimage\"},\"thumbnailUrl\":\"https:\/\/www.manetti.com\/wp-content\/uploads\/2020\/04\/FogliaOro_FogliaLibera-2-1024x682.png\",\"datePublished\":\"2020-01-31T08:45:55+00:00\",\"dateModified\":\"2024-07-24T15:38:11+00:00\",\"description\":\"La hoja de los libros est\u00e1 disponible tanto en la forma suelta tradicional como en la forma de transferencia, para muchas t\u00e9cnicas de dorado. \u00a1Saber m\u00e1s!\",\"inLanguage\":\"es\",\"potentialAction\":[{\"@type\":\"ReadAction\",\"target\":[\"https:\/\/www.manetti.com\/es\/home\/formato\/\"]}]},{\"@type\":\"ImageObject\",\"inLanguage\":\"es\",\"@id\":\"https:\/\/www.manetti.com\/es\/home\/formato\/#primaryimage\",\"url\":\"https:\/\/www.manetti.com\/wp-content\/uploads\/2020\/04\/FogliaOro_FogliaLibera-2-1024x682.png\",\"contentUrl\":\"https:\/\/www.manetti.com\/wp-content\/uploads\/2020\/04\/FogliaOro_FogliaLibera-2-1024x682.png\"},{\"@type\":\"WebSite\",\"@id\":\"https:\/\/www.manetti.com\/es\/#website\",\"url\":\"https:\/\/www.manetti.com\/es\/\",\"name\":\"Giusto Manetti Battiloro\",\"description\":\"\",\"publisher\":{\"@id\":\"https:\/\/www.manetti.com\/es\/#organization\"},\"potentialAction\":[{\"@type\":\"SearchAction\",\"target\":{\"@type\":\"EntryPoint\",\"urlTemplate\":\"https:\/\/www.manetti.com\/es\/?s={search_term_string}\"},\"query-input\":{\"@type\":\"PropertyValueSpecification\",\"valueRequired\":true,\"valueName\":\"search_term_string\"}}],\"inLanguage\":\"es\"},{\"@type\":\"Organization\",\"@id\":\"https:\/\/www.manetti.com\/es\/#organization\",\"name\":\"GIUSTO MANETTI BATTILORO S.P.A.\",\"url\":\"https:\/\/www.manetti.com\/es\/\",\"logo\":{\"@type\":\"ImageObject\",\"inLanguage\":\"es\",\"@id\":\"https:\/\/www.manetti.com\/es\/#\/schema\/logo\/image\/\",\"url\":\"https:\/\/www.manetti.com\/wp-content\/uploads\/2025\/02\/giusto-manetti-blu_300-02.png\",\"contentUrl\":\"https:\/\/www.manetti.com\/wp-content\/uploads\/2025\/02\/giusto-manetti-blu_300-02.png\",\"width\":1123,\"height\":1093,\"caption\":\"GIUSTO MANETTI BATTILORO S.P.A.\"},\"image\":{\"@id\":\"https:\/\/www.manetti.com\/es\/#\/schema\/logo\/image\/\"},\"sameAs\":[\"https:\/\/www.facebook.com\/giustomanettibattiloro\",\"https:\/\/www.instagram.com\/giustomanettibattiloro\/\",\"https:\/\/www.linkedin.com\/company\/giusto-manetti-battiloro-s-p-a-\/\",\"https:\/\/www.youtube.com\/user\/ManettiBattiloro\"]}]}<\/script>\n<!-- \/ Yoast SEO plugin. -->","yoast_head_json":{"title":"Tama\u00f1o libre \/ calcoman\u00eda para la hoja de oro. | Giusto Manetti Battiloro","description":"La hoja de los libros est\u00e1 disponible tanto en la forma suelta tradicional como en la forma de transferencia, para muchas t\u00e9cnicas de dorado. \u00a1Saber m\u00e1s!","robots":{"index":"index","follow":"follow","max-snippet":"max-snippet:-1","max-image-preview":"max-image-preview:large","max-video-preview":"max-video-preview:-1"},"canonical":"https:\/\/www.manetti.com\/es\/home\/formato\/","og_locale":"es_ES","og_type":"article","og_title":"Tama\u00f1o libre \/ calcoman\u00eda para la hoja de oro. | Giusto Manetti Battiloro","og_description":"La hoja de los libros est\u00e1 disponible tanto en la forma suelta tradicional como en la forma de transferencia, para muchas t\u00e9cnicas de dorado. \u00a1Saber m\u00e1s!","og_url":"https:\/\/www.manetti.com\/es\/home\/formato\/","og_site_name":"Giusto Manetti Battiloro","article_publisher":"https:\/\/www.facebook.com\/giustomanettibattiloro","article_modified_time":"2024-07-24T15:38:11+00:00","og_image":[{"url":"https:\/\/www.manetti.com\/wp-content\/uploads\/2020\/04\/FogliaOro_FogliaLibera-2-1024x682.png","type":"","width":"","height":""}],"twitter_card":"summary_large_image","twitter_misc":{"Tiempo de lectura":"2 minutos"},"schema":{"@context":"https:\/\/schema.org","@graph":[{"@type":"WebPage","@id":"https:\/\/www.manetti.com\/es\/home\/formato\/","url":"https:\/\/www.manetti.com\/es\/home\/formato\/","name":"Tama\u00f1o libre \/ calcoman\u00eda para la hoja de oro. | Giusto Manetti Battiloro","isPartOf":{"@id":"https:\/\/www.manetti.com\/es\/#website"},"primaryImageOfPage":{"@id":"https:\/\/www.manetti.com\/es\/home\/formato\/#primaryimage"},"image":{"@id":"https:\/\/www.manetti.com\/es\/home\/formato\/#primaryimage"},"thumbnailUrl":"https:\/\/www.manetti.com\/wp-content\/uploads\/2020\/04\/FogliaOro_FogliaLibera-2-1024x682.png","datePublished":"2020-01-31T08:45:55+00:00","dateModified":"2024-07-24T15:38:11+00:00","description":"La hoja de los libros est\u00e1 disponible tanto en la forma suelta tradicional como en la forma de transferencia, para muchas t\u00e9cnicas de dorado. \u00a1Saber m\u00e1s!","inLanguage":"es","potentialAction":[{"@type":"ReadAction","target":["https:\/\/www.manetti.com\/es\/home\/formato\/"]}]},{"@type":"ImageObject","inLanguage":"es","@id":"https:\/\/www.manetti.com\/es\/home\/formato\/#primaryimage","url":"https:\/\/www.manetti.com\/wp-content\/uploads\/2020\/04\/FogliaOro_FogliaLibera-2-1024x682.png","contentUrl":"https:\/\/www.manetti.com\/wp-content\/uploads\/2020\/04\/FogliaOro_FogliaLibera-2-1024x682.png"},{"@type":"WebSite","@id":"https:\/\/www.manetti.com\/es\/#website","url":"https:\/\/www.manetti.com\/es\/","name":"Giusto Manetti Battiloro","description":"","publisher":{"@id":"https:\/\/www.manetti.com\/es\/#organization"},"potentialAction":[{"@type":"SearchAction","target":{"@type":"EntryPoint","urlTemplate":"https:\/\/www.manetti.com\/es\/?s={search_term_string}"},"query-input":{"@type":"PropertyValueSpecification","valueRequired":true,"valueName":"search_term_string"}}],"inLanguage":"es"},{"@type":"Organization","@id":"https:\/\/www.manetti.com\/es\/#organization","name":"GIUSTO MANETTI BATTILORO S.P.A.","url":"https:\/\/www.manetti.com\/es\/","logo":{"@type":"ImageObject","inLanguage":"es","@id":"https:\/\/www.manetti.com\/es\/#\/schema\/logo\/image\/","url":"https:\/\/www.manetti.com\/wp-content\/uploads\/2025\/02\/giusto-manetti-blu_300-02.png","contentUrl":"https:\/\/www.manetti.com\/wp-content\/uploads\/2025\/02\/giusto-manetti-blu_300-02.png","width":1123,"height":1093,"caption":"GIUSTO MANETTI BATTILORO S.P.A."},"image":{"@id":"https:\/\/www.manetti.com\/es\/#\/schema\/logo\/image\/"},"sameAs":["https:\/\/www.facebook.com\/giustomanettibattiloro","https:\/\/www.instagram.com\/giustomanettibattiloro\/","https:\/\/www.linkedin.com\/company\/giusto-manetti-battiloro-s-p-a-\/","https:\/\/www.youtube.com\/user\/ManettiBattiloro"]}]}},"_links":{"self":[{"href":"https:\/\/www.manetti.com\/es\/wp-json\/wp\/v2\/pages\/32451","targetHints":{"allow":["GET"]}}],"collection":[{"href":"https:\/\/www.manetti.com\/es\/wp-json\/wp\/v2\/pages"}],"about":[{"href":"https:\/\/www.manetti.com\/es\/wp-json\/wp\/v2\/types\/page"}],"author":[{"embeddable":true,"href":"https:\/\/www.manetti.com\/es\/wp-json\/wp\/v2\/users\/1"}],"replies":[{"embeddable":true,"href":"https:\/\/www.manetti.com\/es\/wp-json\/wp\/v2\/comments?post=32451"}],"version-history":[{"count":0,"href":"https:\/\/www.manetti.com\/es\/wp-json\/wp\/v2\/pages\/32451\/revisions"}],"up":[{"embeddable":true,"href":"https:\/\/www.manetti.com\/es\/wp-json\/wp\/v2\/pages\/32575"}],"wp:attachment":[{"href":"https:\/\/www.manetti.com\/es\/wp-json\/wp\/v2\/media?parent=32451"}],"curies":[{"name":"wp","href":"https:\/\/api.w.org\/{rel}","templated":true}]}}