{"id":32488,"date":"2019-05-07T08:15:59","date_gmt":"2019-05-07T06:15:59","guid":{"rendered":"https:\/\/www.manetti.com\/?page_id=32488"},"modified":"2024-02-12T16:17:34","modified_gmt":"2024-02-12T15:17:34","slug":"eventos-y-novedades","status":"publish","type":"page","link":"https:\/\/www.manetti.com\/es\/sobre-nosotros\/perspectivas\/eventos-y-novedades\/","title":{"rendered":"Eventos y novedades"},"content":{"rendered":"","protected":false},"excerpt":{"rendered":"<p> [&#8230;]<\/p>\n<p><a class=\"btn btn-secondary understrap-read-more-link\" href=\"https:\/\/www.manetti.com\/es\/sobre-nosotros\/perspectivas\/eventos-y-novedades\/\">Leer m\u00e1s&#8230;<\/a><\/p>\n","protected":false},"author":359,"featured_media":70105,"parent":68109,"menu_order":0,"comment_status":"closed","ping_status":"closed","template":"page-templates\/news-template.php","meta":{"_acf_changed":false,"footnotes":""},"class_list":["post-32488","page","type-page","status-publish","has-post-thumbnail","hentry"],"acf":[],"yoast_head":"<!-- This site is optimized with the Yoast SEO plugin v26.5 - https:\/\/yoast.com\/wordpress\/plugins\/seo\/ -->\n<title>Eventos y novedades | Giusto Manetti Battiloro<\/title>\n<meta name=\"description\" content=\"Eventos y novedades de la empresa Giusto Manetti Battiloro l\u00edder en la producci\u00f3n de pan de oro, con m\u00e1s de 400 a\u00f1os de historia.\" \/>\n<meta name=\"robots\" content=\"noindex, follow\" \/>\n<meta property=\"og:locale\" content=\"es_ES\" \/>\n<meta property=\"og:type\" content=\"article\" \/>\n<meta property=\"og:title\" content=\"Eventos y novedades | Giusto Manetti Battiloro\" \/>\n<meta property=\"og:description\" content=\"Eventos y novedades de la empresa Giusto Manetti Battiloro l\u00edder en la producci\u00f3n de pan de oro, con m\u00e1s de 400 a\u00f1os de historia.\" \/>\n<meta property=\"og:url\" content=\"https:\/\/www.manetti.com\/es\/sobre-nosotros\/perspectivas\/eventos-y-novedades\/\" \/>\n<meta property=\"og:site_name\" content=\"Giusto Manetti Battiloro\" \/>\n<meta property=\"article:publisher\" content=\"https:\/\/www.facebook.com\/giustomanettibattiloro\" \/>\n<meta property=\"article:modified_time\" content=\"2024-02-12T15:17:34+00:00\" \/>\n<meta property=\"og:image\" content=\"https:\/\/www.manetti.com\/wp-content\/uploads\/2024\/02\/Eventi-news_cover.jpg\" \/>\n\t<meta property=\"og:image:width\" content=\"450\" \/>\n\t<meta property=\"og:image:height\" content=\"450\" \/>\n\t<meta property=\"og:image:type\" content=\"image\/jpeg\" \/>\n<meta name=\"twitter:card\" content=\"summary_large_image\" \/>\n<script type=\"application\/ld+json\" class=\"yoast-schema-graph\">{\"@context\":\"https:\/\/schema.org\",\"@graph\":[{\"@type\":\"WebPage\",\"@id\":\"https:\/\/www.manetti.com\/es\/sobre-nosotros\/perspectivas\/eventos-y-novedades\/\",\"url\":\"https:\/\/www.manetti.com\/es\/sobre-nosotros\/perspectivas\/eventos-y-novedades\/\",\"name\":\"Eventos y novedades | Giusto Manetti Battiloro\",\"isPartOf\":{\"@id\":\"https:\/\/www.manetti.com\/es\/#website\"},\"primaryImageOfPage\":{\"@id\":\"https:\/\/www.manetti.com\/es\/sobre-nosotros\/perspectivas\/eventos-y-novedades\/#primaryimage\"},\"image\":{\"@id\":\"https:\/\/www.manetti.com\/es\/sobre-nosotros\/perspectivas\/eventos-y-novedades\/#primaryimage\"},\"thumbnailUrl\":\"https:\/\/www.manetti.com\/wp-content\/uploads\/2024\/02\/Eventi-news_cover.jpg\",\"datePublished\":\"2019-05-07T06:15:59+00:00\",\"dateModified\":\"2024-02-12T15:17:34+00:00\",\"description\":\"Eventos y novedades de la empresa Giusto Manetti Battiloro l\u00edder en la producci\u00f3n de pan de oro, con m\u00e1s de 400 a\u00f1os de historia.\",\"inLanguage\":\"es\",\"potentialAction\":[{\"@type\":\"ReadAction\",\"target\":[\"https:\/\/www.manetti.com\/es\/sobre-nosotros\/perspectivas\/eventos-y-novedades\/\"]}]},{\"@type\":\"ImageObject\",\"inLanguage\":\"es\",\"@id\":\"https:\/\/www.manetti.com\/es\/sobre-nosotros\/perspectivas\/eventos-y-novedades\/#primaryimage\",\"url\":\"https:\/\/www.manetti.com\/wp-content\/uploads\/2024\/02\/Eventi-news_cover.jpg\",\"contentUrl\":\"https:\/\/www.manetti.com\/wp-content\/uploads\/2024\/02\/Eventi-news_cover.jpg\",\"width\":450,\"height\":450,\"caption\":\"Eventi e news\"},{\"@type\":\"WebSite\",\"@id\":\"https:\/\/www.manetti.com\/es\/#website\",\"url\":\"https:\/\/www.manetti.com\/es\/\",\"name\":\"Giusto Manetti Battiloro\",\"description\":\"\",\"publisher\":{\"@id\":\"https:\/\/www.manetti.com\/es\/#organization\"},\"potentialAction\":[{\"@type\":\"SearchAction\",\"target\":{\"@type\":\"EntryPoint\",\"urlTemplate\":\"https:\/\/www.manetti.com\/es\/?s={search_term_string}\"},\"query-input\":{\"@type\":\"PropertyValueSpecification\",\"valueRequired\":true,\"valueName\":\"search_term_string\"}}],\"inLanguage\":\"es\"},{\"@type\":\"Organization\",\"@id\":\"https:\/\/www.manetti.com\/es\/#organization\",\"name\":\"GIUSTO MANETTI BATTILORO S.P.A.\",\"url\":\"https:\/\/www.manetti.com\/es\/\",\"logo\":{\"@type\":\"ImageObject\",\"inLanguage\":\"es\",\"@id\":\"https:\/\/www.manetti.com\/es\/#\/schema\/logo\/image\/\",\"url\":\"https:\/\/www.manetti.com\/wp-content\/uploads\/2025\/02\/giusto-manetti-blu_300-02.png\",\"contentUrl\":\"https:\/\/www.manetti.com\/wp-content\/uploads\/2025\/02\/giusto-manetti-blu_300-02.png\",\"width\":1123,\"height\":1093,\"caption\":\"GIUSTO MANETTI BATTILORO S.P.A.\"},\"image\":{\"@id\":\"https:\/\/www.manetti.com\/es\/#\/schema\/logo\/image\/\"},\"sameAs\":[\"https:\/\/www.facebook.com\/giustomanettibattiloro\",\"https:\/\/www.instagram.com\/giustomanettibattiloro\/\",\"https:\/\/www.linkedin.com\/company\/giusto-manetti-battiloro-s-p-a-\/\",\"https:\/\/www.youtube.com\/user\/ManettiBattiloro\"]}]}<\/script>\n<!-- \/ Yoast SEO plugin. -->","yoast_head_json":{"title":"Eventos y novedades | Giusto Manetti Battiloro","description":"Eventos y novedades de la empresa Giusto Manetti Battiloro l\u00edder en la producci\u00f3n de pan de oro, con m\u00e1s de 400 a\u00f1os de historia.","robots":{"index":"noindex","follow":"follow"},"og_locale":"es_ES","og_type":"article","og_title":"Eventos y novedades | Giusto Manetti Battiloro","og_description":"Eventos y novedades de la empresa Giusto Manetti Battiloro l\u00edder en la producci\u00f3n de pan de oro, con m\u00e1s de 400 a\u00f1os de historia.","og_url":"https:\/\/www.manetti.com\/es\/sobre-nosotros\/perspectivas\/eventos-y-novedades\/","og_site_name":"Giusto Manetti Battiloro","article_publisher":"https:\/\/www.facebook.com\/giustomanettibattiloro","article_modified_time":"2024-02-12T15:17:34+00:00","og_image":[{"width":450,"height":450,"url":"https:\/\/www.manetti.com\/wp-content\/uploads\/2024\/02\/Eventi-news_cover.jpg","type":"image\/jpeg"}],"twitter_card":"summary_large_image","schema":{"@context":"https:\/\/schema.org","@graph":[{"@type":"WebPage","@id":"https:\/\/www.manetti.com\/es\/sobre-nosotros\/perspectivas\/eventos-y-novedades\/","url":"https:\/\/www.manetti.com\/es\/sobre-nosotros\/perspectivas\/eventos-y-novedades\/","name":"Eventos y novedades | Giusto Manetti Battiloro","isPartOf":{"@id":"https:\/\/www.manetti.com\/es\/#website"},"primaryImageOfPage":{"@id":"https:\/\/www.manetti.com\/es\/sobre-nosotros\/perspectivas\/eventos-y-novedades\/#primaryimage"},"image":{"@id":"https:\/\/www.manetti.com\/es\/sobre-nosotros\/perspectivas\/eventos-y-novedades\/#primaryimage"},"thumbnailUrl":"https:\/\/www.manetti.com\/wp-content\/uploads\/2024\/02\/Eventi-news_cover.jpg","datePublished":"2019-05-07T06:15:59+00:00","dateModified":"2024-02-12T15:17:34+00:00","description":"Eventos y novedades de la empresa Giusto Manetti Battiloro l\u00edder en la producci\u00f3n de pan de oro, con m\u00e1s de 400 a\u00f1os de historia.","inLanguage":"es","potentialAction":[{"@type":"ReadAction","target":["https:\/\/www.manetti.com\/es\/sobre-nosotros\/perspectivas\/eventos-y-novedades\/"]}]},{"@type":"ImageObject","inLanguage":"es","@id":"https:\/\/www.manetti.com\/es\/sobre-nosotros\/perspectivas\/eventos-y-novedades\/#primaryimage","url":"https:\/\/www.manetti.com\/wp-content\/uploads\/2024\/02\/Eventi-news_cover.jpg","contentUrl":"https:\/\/www.manetti.com\/wp-content\/uploads\/2024\/02\/Eventi-news_cover.jpg","width":450,"height":450,"caption":"Eventi e news"},{"@type":"WebSite","@id":"https:\/\/www.manetti.com\/es\/#website","url":"https:\/\/www.manetti.com\/es\/","name":"Giusto Manetti Battiloro","description":"","publisher":{"@id":"https:\/\/www.manetti.com\/es\/#organization"},"potentialAction":[{"@type":"SearchAction","target":{"@type":"EntryPoint","urlTemplate":"https:\/\/www.manetti.com\/es\/?s={search_term_string}"},"query-input":{"@type":"PropertyValueSpecification","valueRequired":true,"valueName":"search_term_string"}}],"inLanguage":"es"},{"@type":"Organization","@id":"https:\/\/www.manetti.com\/es\/#organization","name":"GIUSTO MANETTI BATTILORO S.P.A.","url":"https:\/\/www.manetti.com\/es\/","logo":{"@type":"ImageObject","inLanguage":"es","@id":"https:\/\/www.manetti.com\/es\/#\/schema\/logo\/image\/","url":"https:\/\/www.manetti.com\/wp-content\/uploads\/2025\/02\/giusto-manetti-blu_300-02.png","contentUrl":"https:\/\/www.manetti.com\/wp-content\/uploads\/2025\/02\/giusto-manetti-blu_300-02.png","width":1123,"height":1093,"caption":"GIUSTO MANETTI BATTILORO S.P.A."},"image":{"@id":"https:\/\/www.manetti.com\/es\/#\/schema\/logo\/image\/"},"sameAs":["https:\/\/www.facebook.com\/giustomanettibattiloro","https:\/\/www.instagram.com\/giustomanettibattiloro\/","https:\/\/www.linkedin.com\/company\/giusto-manetti-battiloro-s-p-a-\/","https:\/\/www.youtube.com\/user\/ManettiBattiloro"]}]}},"_links":{"self":[{"href":"https:\/\/www.manetti.com\/es\/wp-json\/wp\/v2\/pages\/32488","targetHints":{"allow":["GET"]}}],"collection":[{"href":"https:\/\/www.manetti.com\/es\/wp-json\/wp\/v2\/pages"}],"about":[{"href":"https:\/\/www.manetti.com\/es\/wp-json\/wp\/v2\/types\/page"}],"author":[{"embeddable":true,"href":"https:\/\/www.manetti.com\/es\/wp-json\/wp\/v2\/users\/359"}],"replies":[{"embeddable":true,"href":"https:\/\/www.manetti.com\/es\/wp-json\/wp\/v2\/comments?post=32488"}],"version-history":[{"count":0,"href":"https:\/\/www.manetti.com\/es\/wp-json\/wp\/v2\/pages\/32488\/revisions"}],"up":[{"embeddable":true,"href":"https:\/\/www.manetti.com\/es\/wp-json\/wp\/v2\/pages\/68109"}],"wp:featuredmedia":[{"embeddable":true,"href":"https:\/\/www.manetti.com\/es\/wp-json\/wp\/v2\/media\/70105"}],"wp:attachment":[{"href":"https:\/\/www.manetti.com\/es\/wp-json\/wp\/v2\/media?parent=32488"}],"curies":[{"name":"wp","href":"https:\/\/api.w.org\/{rel}","templated":true}]}}