{"id":32502,"date":"2019-10-30T11:12:54","date_gmt":"2019-10-30T10:12:54","guid":{"rendered":"https:\/\/www.manetti.com\/gilding-academy\/"},"modified":"2022-07-05T10:19:44","modified_gmt":"2022-07-05T08:19:44","slug":"academia-doradura","status":"publish","type":"page","link":"https:\/\/www.manetti.com\/es\/academia-doradura\/","title":{"rendered":"Academia de dorado: la gu\u00eda completa del arte del dorado"},"content":{"rendered":"<p><strong>Todo aquello que hay que saber para restaurar y decorar con la t\u00e9cnica de dorado<\/strong><\/p>\n<p><strong>Instrucciones, profundizaci\u00f3n y consejos para aplicaciones perfectas<\/strong><\/p>\n<p>En esta secci\u00f3n Giusto Manetti Battiloro pone a disposici\u00f3n de todos la experiencia madurada a lo largo de m\u00e1s de cuatrocientos a\u00f1os de actividad, y los conocimientos de los mejores doradores con los que colabora. La Academia de Dorado es una gu\u00eda pr\u00e1ctica que recoge las principales t\u00e9cnicas de dorado con hoja de metal precioso (oro, plata, platino, paladio) y metal de imitaci\u00f3n (s\u00edmil oro, aluminio, cobre) habla de las herramientas necesarias para la aplicaci\u00f3n, y del an\u00e1lisis de los materiales y de las superficies. Gracias a los consejos, im\u00e1genes y v\u00eddeos es posible descubrir el mundo de la hoja de <a href=\"https:\/\/www.manetti.com\/es\/catalogo-productos\/pan-de-oro\/\">pan de oro<\/a>, y sus usos en el \u00e1mbito de la restauraci\u00f3n y de la artesan\u00eda y el dise\u00f1o, aprender cada paso del proceso y conocer de cerca las t\u00e9cnicas m\u00e1s antiguas y laboriosas (como el dorado al agua), y aquellas m\u00e1s modernas (como el dorado a mixti\u00f3n y sus versiones al agua, al alcohol y al barniz).<\/p>\n<p>Cada fase del proceso se describe con detalle, prestando atenci\u00f3n a las aplicaciones sobre los m\u00e1s diferentes materiales como la madera, el metal, el m\u00e1rmol, el cristal, el pl\u00e1stico, la piel, el papel y el cart\u00f3n.<\/p>\n","protected":false},"excerpt":{"rendered":"<p>Todo aquello que hay que saber para restaurar y decorar con la t\u00e9cnica de dorado Instrucciones, profundizaci\u00f3n y consejos para aplicaciones perfectas En esta secci\u00f3n Giusto Manetti Battiloro pone a disposici\u00f3n de todos la experiencia madurada a lo largo de m\u00e1s de cuatrocientos a\u00f1os de actividad, y los conocimientos de los mejores doradores con los [&#8230;]<\/p>\n<p><a class=\"btn btn-secondary understrap-read-more-link\" href=\"https:\/\/www.manetti.com\/es\/academia-doradura\/\">Leer m\u00e1s&#8230;<\/a><\/p>\n","protected":false},"author":1,"featured_media":0,"parent":0,"menu_order":0,"comment_status":"closed","ping_status":"closed","template":"page-templates\/gilding-template.php","meta":{"_acf_changed":false,"footnotes":""},"class_list":["post-32502","page","type-page","status-publish","hentry"],"acf":[],"yoast_head":"<!-- This site is optimized with the Yoast SEO plugin v26.5 - https:\/\/yoast.com\/wordpress\/plugins\/seo\/ -->\n<title>Tutorial de dorado en hoja de oro: Academia de dorado: la gu\u00eda completa del arte del dorado | Giusto Manetti Battiloro<\/title>\n<meta name=\"description\" content=\"\u00a1Accede a los tutoriales de la Academia de Dorado de Giusto Manetti Battiloro para descubrir todos los trucos y t\u00e9cnicas del arte del dorado!\" \/>\n<meta name=\"robots\" content=\"index, follow, max-snippet:-1, max-image-preview:large, max-video-preview:-1\" \/>\n<link rel=\"canonical\" href=\"https:\/\/www.manetti.com\/es\/academia-doradura\/\" \/>\n<meta property=\"og:locale\" content=\"es_ES\" \/>\n<meta property=\"og:type\" content=\"article\" \/>\n<meta property=\"og:title\" content=\"Tutorial de dorado en hoja de oro: Academia de dorado: la gu\u00eda completa del arte del dorado | Giusto Manetti Battiloro\" \/>\n<meta property=\"og:description\" content=\"\u00a1Accede a los tutoriales de la Academia de Dorado de Giusto Manetti Battiloro para descubrir todos los trucos y t\u00e9cnicas del arte del dorado!\" \/>\n<meta property=\"og:url\" content=\"https:\/\/www.manetti.com\/es\/academia-doradura\/\" \/>\n<meta property=\"og:site_name\" content=\"Giusto Manetti Battiloro\" \/>\n<meta property=\"article:publisher\" content=\"https:\/\/www.facebook.com\/giustomanettibattiloro\" \/>\n<meta property=\"article:modified_time\" content=\"2022-07-05T08:19:44+00:00\" \/>\n<meta name=\"twitter:card\" content=\"summary_large_image\" \/>\n<meta name=\"twitter:label1\" content=\"Tiempo de lectura\" \/>\n\t<meta name=\"twitter:data1\" content=\"1 minuto\" \/>\n<script type=\"application\/ld+json\" class=\"yoast-schema-graph\">{\"@context\":\"https:\/\/schema.org\",\"@graph\":[{\"@type\":\"WebPage\",\"@id\":\"https:\/\/www.manetti.com\/es\/academia-doradura\/\",\"url\":\"https:\/\/www.manetti.com\/es\/academia-doradura\/\",\"name\":\"Tutorial de dorado en hoja de oro: Academia de dorado: la gu\u00eda completa del arte del dorado | Giusto Manetti Battiloro\",\"isPartOf\":{\"@id\":\"https:\/\/www.manetti.com\/es\/#website\"},\"datePublished\":\"2019-10-30T10:12:54+00:00\",\"dateModified\":\"2022-07-05T08:19:44+00:00\",\"description\":\"\u00a1Accede a los tutoriales de la Academia de Dorado de Giusto Manetti Battiloro para descubrir todos los trucos y t\u00e9cnicas del arte del dorado!\",\"inLanguage\":\"es\",\"potentialAction\":[{\"@type\":\"ReadAction\",\"target\":[\"https:\/\/www.manetti.com\/es\/academia-doradura\/\"]}]},{\"@type\":\"WebSite\",\"@id\":\"https:\/\/www.manetti.com\/es\/#website\",\"url\":\"https:\/\/www.manetti.com\/es\/\",\"name\":\"Giusto Manetti Battiloro\",\"description\":\"\",\"publisher\":{\"@id\":\"https:\/\/www.manetti.com\/es\/#organization\"},\"potentialAction\":[{\"@type\":\"SearchAction\",\"target\":{\"@type\":\"EntryPoint\",\"urlTemplate\":\"https:\/\/www.manetti.com\/es\/?s={search_term_string}\"},\"query-input\":{\"@type\":\"PropertyValueSpecification\",\"valueRequired\":true,\"valueName\":\"search_term_string\"}}],\"inLanguage\":\"es\"},{\"@type\":\"Organization\",\"@id\":\"https:\/\/www.manetti.com\/es\/#organization\",\"name\":\"GIUSTO MANETTI BATTILORO S.P.A.\",\"url\":\"https:\/\/www.manetti.com\/es\/\",\"logo\":{\"@type\":\"ImageObject\",\"inLanguage\":\"es\",\"@id\":\"https:\/\/www.manetti.com\/es\/#\/schema\/logo\/image\/\",\"url\":\"https:\/\/www.manetti.com\/wp-content\/uploads\/2025\/02\/giusto-manetti-blu_300-02.png\",\"contentUrl\":\"https:\/\/www.manetti.com\/wp-content\/uploads\/2025\/02\/giusto-manetti-blu_300-02.png\",\"width\":1123,\"height\":1093,\"caption\":\"GIUSTO MANETTI BATTILORO S.P.A.\"},\"image\":{\"@id\":\"https:\/\/www.manetti.com\/es\/#\/schema\/logo\/image\/\"},\"sameAs\":[\"https:\/\/www.facebook.com\/giustomanettibattiloro\",\"https:\/\/www.instagram.com\/giustomanettibattiloro\/\",\"https:\/\/www.linkedin.com\/company\/giusto-manetti-battiloro-s-p-a-\/\",\"https:\/\/www.youtube.com\/user\/ManettiBattiloro\"]}]}<\/script>\n<!-- \/ Yoast SEO plugin. -->","yoast_head_json":{"title":"Tutorial de dorado en hoja de oro: Academia de dorado: la gu\u00eda completa del arte del dorado | Giusto Manetti Battiloro","description":"\u00a1Accede a los tutoriales de la Academia de Dorado de Giusto Manetti Battiloro para descubrir todos los trucos y t\u00e9cnicas del arte del dorado!","robots":{"index":"index","follow":"follow","max-snippet":"max-snippet:-1","max-image-preview":"max-image-preview:large","max-video-preview":"max-video-preview:-1"},"canonical":"https:\/\/www.manetti.com\/es\/academia-doradura\/","og_locale":"es_ES","og_type":"article","og_title":"Tutorial de dorado en hoja de oro: Academia de dorado: la gu\u00eda completa del arte del dorado | Giusto Manetti Battiloro","og_description":"\u00a1Accede a los tutoriales de la Academia de Dorado de Giusto Manetti Battiloro para descubrir todos los trucos y t\u00e9cnicas del arte del dorado!","og_url":"https:\/\/www.manetti.com\/es\/academia-doradura\/","og_site_name":"Giusto Manetti Battiloro","article_publisher":"https:\/\/www.facebook.com\/giustomanettibattiloro","article_modified_time":"2022-07-05T08:19:44+00:00","twitter_card":"summary_large_image","twitter_misc":{"Tiempo de lectura":"1 minuto"},"schema":{"@context":"https:\/\/schema.org","@graph":[{"@type":"WebPage","@id":"https:\/\/www.manetti.com\/es\/academia-doradura\/","url":"https:\/\/www.manetti.com\/es\/academia-doradura\/","name":"Tutorial de dorado en hoja de oro: Academia de dorado: la gu\u00eda completa del arte del dorado | Giusto Manetti Battiloro","isPartOf":{"@id":"https:\/\/www.manetti.com\/es\/#website"},"datePublished":"2019-10-30T10:12:54+00:00","dateModified":"2022-07-05T08:19:44+00:00","description":"\u00a1Accede a los tutoriales de la Academia de Dorado de Giusto Manetti Battiloro para descubrir todos los trucos y t\u00e9cnicas del arte del dorado!","inLanguage":"es","potentialAction":[{"@type":"ReadAction","target":["https:\/\/www.manetti.com\/es\/academia-doradura\/"]}]},{"@type":"WebSite","@id":"https:\/\/www.manetti.com\/es\/#website","url":"https:\/\/www.manetti.com\/es\/","name":"Giusto Manetti Battiloro","description":"","publisher":{"@id":"https:\/\/www.manetti.com\/es\/#organization"},"potentialAction":[{"@type":"SearchAction","target":{"@type":"EntryPoint","urlTemplate":"https:\/\/www.manetti.com\/es\/?s={search_term_string}"},"query-input":{"@type":"PropertyValueSpecification","valueRequired":true,"valueName":"search_term_string"}}],"inLanguage":"es"},{"@type":"Organization","@id":"https:\/\/www.manetti.com\/es\/#organization","name":"GIUSTO MANETTI BATTILORO S.P.A.","url":"https:\/\/www.manetti.com\/es\/","logo":{"@type":"ImageObject","inLanguage":"es","@id":"https:\/\/www.manetti.com\/es\/#\/schema\/logo\/image\/","url":"https:\/\/www.manetti.com\/wp-content\/uploads\/2025\/02\/giusto-manetti-blu_300-02.png","contentUrl":"https:\/\/www.manetti.com\/wp-content\/uploads\/2025\/02\/giusto-manetti-blu_300-02.png","width":1123,"height":1093,"caption":"GIUSTO MANETTI BATTILORO S.P.A."},"image":{"@id":"https:\/\/www.manetti.com\/es\/#\/schema\/logo\/image\/"},"sameAs":["https:\/\/www.facebook.com\/giustomanettibattiloro","https:\/\/www.instagram.com\/giustomanettibattiloro\/","https:\/\/www.linkedin.com\/company\/giusto-manetti-battiloro-s-p-a-\/","https:\/\/www.youtube.com\/user\/ManettiBattiloro"]}]}},"_links":{"self":[{"href":"https:\/\/www.manetti.com\/es\/wp-json\/wp\/v2\/pages\/32502","targetHints":{"allow":["GET"]}}],"collection":[{"href":"https:\/\/www.manetti.com\/es\/wp-json\/wp\/v2\/pages"}],"about":[{"href":"https:\/\/www.manetti.com\/es\/wp-json\/wp\/v2\/types\/page"}],"author":[{"embeddable":true,"href":"https:\/\/www.manetti.com\/es\/wp-json\/wp\/v2\/users\/1"}],"replies":[{"embeddable":true,"href":"https:\/\/www.manetti.com\/es\/wp-json\/wp\/v2\/comments?post=32502"}],"version-history":[{"count":0,"href":"https:\/\/www.manetti.com\/es\/wp-json\/wp\/v2\/pages\/32502\/revisions"}],"wp:attachment":[{"href":"https:\/\/www.manetti.com\/es\/wp-json\/wp\/v2\/media?parent=32502"}],"curies":[{"name":"wp","href":"https:\/\/api.w.org\/{rel}","templated":true}]}}