{"id":32575,"date":"2019-10-29T15:55:54","date_gmt":"2019-10-29T14:55:54","guid":{"rendered":"https:\/\/www.manetti.com\/home\/"},"modified":"2026-04-13T10:20:19","modified_gmt":"2026-04-13T08:20:19","slug":"home","status":"publish","type":"page","link":"https:\/\/www.manetti.com\/es\/","title":{"rendered":"Home"},"content":{"rendered":"<h1 class=\"text-color\">Giusto Manetti Battiloro, productor de hoja de pan de oro en Florencia desde 1600<\/h1>\n<p><strong>Nuestra <\/strong><strong>familia conserva y renueva la tradici\u00f3n<\/strong> de la elaboraci\u00f3n de los metales preciosos en hoja <strong>desde 1600, desde hace m\u00e1s de 15 generaciones los Manetti recrean el arte de batir el oro<\/strong>.<\/p>\n<p>Nuestra <a href=\"https:\/\/www.manetti.com\/es\/catalogo-productos\/pan-de-oro\/\">producci\u00f3n de hoja de pan de oro<\/a>, <a href=\"https:\/\/www.manetti.com\/es\/catalogo-productos\/hoja-de-pan-de-plata\/\">plata<\/a>, <a href=\"https:\/\/www.manetti.com\/es\/catalogo-productos\/hoja-de-paladio\/\">paladio<\/a> y <a href=\"https:\/\/www.manetti.com\/es\/catalogo-productos\/hoja-de-platino\/\">platino<\/a> es <strong>100 % Made in Italy<\/strong> y tiene lugar en nuestras instalaciones de Campi Bisenzio, a las puertas de Florencia.<\/p>\n<p>El oro Manetti y los dem\u00e1s productos que llevan nuestra marca nacen tras un <strong>escrupuloso \u00a0control de calidad<\/strong>: garantizamos la <strong>procedencia certificada del oro<\/strong> <strong>non-conflict <\/strong>y la <strong>trazabilidad de los lotes<\/strong>, en cada una de las fases de producci\u00f3n, hasta su comercializaci\u00f3n.<\/p>\n<p>Con el fin de ofrecer a nuestros clientes metales preciosos en hoja para el dorado, unimos la <strong>tecnolog\u00eda<\/strong> de nuestras m\u00e1quinas con la sabidur\u00eda manual de nuestro <strong>personal artesano altamente cualificado<\/strong> para crear un producto de excelencia.<\/p>\n<p>En nuestras instalaciones hemos estructurado departamentos especializados, conformes a todas las normativas sanitarias italianas y europeas, para la producci\u00f3n del oro comestible, algo imprescindible en las creaciones de los grandes chefs internacionales, y para la<strong> hoja de pan oro cosm\u00e9tica<\/strong>, utilizada en los m\u00e1s exclusivos tratamientos est\u00e9ticos de la piel y para la cosm\u00e9tica m\u00e1s refinada.<\/p>\n<p>Ofrecemos gratuitamente servicios de asesoramiento y venta para clientes de todo el mundo: <strong>somos el<\/strong> <strong>proveedor de referencia para peque\u00f1os y grandes encargos a nivel global<\/strong> <strong>de<\/strong><strong> hoja de pan de oro<\/strong>, as\u00ed como de hojas de pan de plata, hojas de platino, hojas de paladio e instrumentos para el dorado.<\/p>\n<p><strong>El oro Manetti representa desde hace m\u00e1s de cinco siglos el car\u00e1cter particular de la inspiraci\u00f3n florentina, con un producto de calidad absoluta<\/strong>.<\/p>\n<div class=\"show_more\"><p class=\"wpsm-show\" style=\"color: #c39f5f; font-size: 100%; text-align: left;\"> Leer m\u00e1s<\/p><div class=\"wpsm-content\"><\/p>\n<h2><strong>Los servicios de Giusto Manetti Battiloro, la firma del 100 % Made in Italy<\/strong><\/h2>\n<p><strong>Acompa\u00f1amos\u00a0 a nuestros clientes en todo momento, desde la solicitud de presupuesto hasta la compra y la posventa. Ponemos a su disposici\u00f3n<\/strong> <strong>un equipo extremadamente cualificado<\/strong>, capaz de guiar al cliente en todas sus necesidades. Nuestros expertos tambi\u00e9n ofrecen informaci\u00f3n detallada sobre el proceso de aplicaci\u00f3n de la hoja Manetti, aconsejando acerca de la t\u00e9cnica y los mejores materiales para obtener un resultado impecable.<\/p>\n<p><strong>Ofrecemos un cat\u00e1logo de <\/strong><strong>hojas de pna de oro<\/strong><strong> de diferentes quilates<\/strong> (de los 24k a los 6k), adem\u00e1s de plata, platino y paladio. Las hojas Manetti est\u00e1n disponibles en <strong>29 colores y diferentes formatos<\/strong>, ideales para todos los usos que se les quiera dar.<\/p>\n<p>Podemos realizar y personalizar los pedidos en plazos de tiempo breves, gracias a nuestra flexible capacidad de producci\u00f3n. <strong>Se puede personalizar<\/strong> <strong>tanto el espesor como el tama\u00f1o de las hojas<\/strong>.<\/p>\n<p>La hoja de pan de oro se utiliza para <strong>proyectos de <\/strong><strong>restauraci\u00f3n, decoraci\u00f3n<\/strong><strong>, revestimiento de edificios<\/strong>, pero tambi\u00e9n para embellecer <strong>obras de arte, insignias <\/strong>y para infinitas aplicaciones especiales.<\/p>\n<p>A petici\u00f3n del cliente, podemos ponerlo en contacto con los mejores profesionales del dorado. A trav\u00e9s de nuestros <strong>distribuidores internacionales<\/strong>, seleccionados a lo largo de los a\u00f1os y siempre en continua formaci\u00f3n, ofrecemos apoyo a nuestros clientes <strong>en m\u00e1s de 70 pa\u00edses del mundo<\/strong>.<\/p>\n<p>Los plazos de producci\u00f3n y env\u00edo siguen la pol\u00edtica de <em>just in time<\/em> de la empresa y pueden variar seg\u00fan la disponibilidad de existencias y el volumen de los pedidos. Los tiempos de env\u00edo de los pedidos est\u00e1ndares son muy r\u00e1pidos gracias a nuestra avanzada log\u00edstica. Para garantizar la <strong>entrega del producto en plazos concretos, condiciones perfectas y con absoluta seguridad<\/strong>, todos nuestros paquetes se realizan con productos de gran calidad, asegurados con las m\u00e1ximas normas de resistencia. <strong>Todos los env\u00edos, rastreados con <em>truck-number<\/em>, se monitorizan hasta que se realiza la entrega y est\u00e1n cubiertos por un seguro para mayor garant\u00eda de nuestros clientes<\/strong>.<\/p>\n<p style=\"text-align: center;\">\u00bfDeseas que te enviemos un presupuesto para conocer el precio de nuestros productos?<\/p>\n<p style=\"text-align: center;\"><strong><a href=\"https:\/\/www.manetti.com\/es\/home\/contactos\/\">\u00a1Contacta con nosotros!<\/a><\/strong><\/p>\n<p> <p class=\"wpsm-hide\" style=\"color: #c39f5f; font-size: 100%; text-align: left;\"> Leer menos<\/p><\/div><\/div>\n","protected":false},"excerpt":{"rendered":"<p>Giusto Manetti Battiloro, productor de hoja de pan de oro en Florencia desde 1600 Nuestra familia conserva y renueva la tradici\u00f3n de la elaboraci\u00f3n de los metales preciosos en hoja desde 1600, desde hace m\u00e1s de 15 generaciones los Manetti recrean el arte de batir el oro. Nuestra producci\u00f3n de hoja de pan de oro, [&#8230;]<\/p>\n<p><a class=\"btn btn-secondary understrap-read-more-link\" href=\"https:\/\/www.manetti.com\/es\/\">Leer m\u00e1s&#8230;<\/a><\/p>\n","protected":false},"author":1,"featured_media":0,"parent":0,"menu_order":0,"comment_status":"closed","ping_status":"closed","template":"","meta":{"_acf_changed":false,"footnotes":""},"class_list":["post-32575","page","type-page","status-publish","hentry"],"acf":[],"yoast_head":"<!-- This site is optimized with the Yoast SEO plugin v26.5 - https:\/\/yoast.com\/wordpress\/plugins\/seo\/ -->\n<title>Productor pan de oro en hojas para dorado | Batihoja Manetti<\/title>\n<meta name=\"description\" content=\"Manetti elabora pan de oro \ud83c\udf1f en Florencia desde el 1600. Batihoja hist\u00f3rico especialista en oro, pan de plata y hojas para dorado.\" \/>\n<meta name=\"robots\" content=\"index, follow, max-snippet:-1, max-image-preview:large, max-video-preview:-1\" \/>\n<link rel=\"canonical\" href=\"https:\/\/www.manetti.com\/es\/\" \/>\n<meta property=\"og:locale\" content=\"es_ES\" \/>\n<meta property=\"og:type\" content=\"article\" \/>\n<meta property=\"og:title\" content=\"Productor pan de oro en hojas para dorado | Batihoja Manetti\" \/>\n<meta property=\"og:description\" content=\"Manetti elabora pan de oro \ud83c\udf1f en Florencia desde el 1600. Batihoja hist\u00f3rico especialista en oro, pan de plata y hojas para dorado.\" \/>\n<meta property=\"og:url\" content=\"https:\/\/www.manetti.com\/es\/\" \/>\n<meta property=\"og:site_name\" content=\"Giusto Manetti Battiloro\" \/>\n<meta property=\"article:publisher\" content=\"https:\/\/www.facebook.com\/giustomanettibattiloro\" \/>\n<meta property=\"article:modified_time\" content=\"2026-04-13T08:20:19+00:00\" \/>\n<meta property=\"og:image\" content=\"https:\/\/www.manetti.com\/wp-content\/uploads\/2020\/11\/Home-page-giusto-manetti-battiloro.jpg\" \/>\n\t<meta property=\"og:image:width\" content=\"1000\" \/>\n\t<meta property=\"og:image:height\" content=\"974\" \/>\n\t<meta property=\"og:image:type\" content=\"image\/jpeg\" \/>\n<meta name=\"twitter:card\" content=\"summary_large_image\" \/>\n<meta name=\"twitter:title\" content=\"Productor pan de oro en hojas para dorado | Batihoja Manetti\" \/>\n<meta name=\"twitter:description\" content=\"Manetti elabora pan de oro \ud83c\udf1f en Florencia desde el 1600. Batihoja hist\u00f3rico especialista en oro, pan de plata y hojas para dorado.\" \/>\n<meta name=\"twitter:image\" content=\"https:\/\/www.manetti.com\/wp-content\/uploads\/2020\/11\/Home-page-giusto-manetti-battiloro.jpg\" \/>\n<meta name=\"twitter:label1\" content=\"Tiempo de lectura\" \/>\n\t<meta name=\"twitter:data1\" content=\"3 minutos\" \/>\n<script type=\"application\/ld+json\" class=\"yoast-schema-graph\">{\"@context\":\"https:\/\/schema.org\",\"@graph\":[{\"@type\":\"WebPage\",\"@id\":\"https:\/\/www.manetti.com\/es\/\",\"url\":\"https:\/\/www.manetti.com\/es\/\",\"name\":\"Productor pan de oro en hojas para dorado | Batihoja Manetti\",\"isPartOf\":{\"@id\":\"https:\/\/www.manetti.com\/es\/#website\"},\"datePublished\":\"2019-10-29T14:55:54+00:00\",\"dateModified\":\"2026-04-13T08:20:19+00:00\",\"description\":\"Manetti elabora pan de oro \ud83c\udf1f en Florencia desde el 1600. Batihoja hist\u00f3rico especialista en oro, pan de plata y hojas para dorado.\",\"inLanguage\":\"es\",\"potentialAction\":[{\"@type\":\"ReadAction\",\"target\":[\"https:\/\/www.manetti.com\/es\/\"]}]},{\"@type\":\"WebSite\",\"@id\":\"https:\/\/www.manetti.com\/es\/#website\",\"url\":\"https:\/\/www.manetti.com\/es\/\",\"name\":\"Giusto Manetti Battiloro\",\"description\":\"\",\"publisher\":{\"@id\":\"https:\/\/www.manetti.com\/es\/#organization\"},\"potentialAction\":[{\"@type\":\"SearchAction\",\"target\":{\"@type\":\"EntryPoint\",\"urlTemplate\":\"https:\/\/www.manetti.com\/es\/?s={search_term_string}\"},\"query-input\":{\"@type\":\"PropertyValueSpecification\",\"valueRequired\":true,\"valueName\":\"search_term_string\"}}],\"inLanguage\":\"es\"},{\"@type\":\"Organization\",\"@id\":\"https:\/\/www.manetti.com\/es\/#organization\",\"name\":\"GIUSTO MANETTI BATTILORO S.P.A.\",\"url\":\"https:\/\/www.manetti.com\/es\/\",\"logo\":{\"@type\":\"ImageObject\",\"inLanguage\":\"es\",\"@id\":\"https:\/\/www.manetti.com\/es\/#\/schema\/logo\/image\/\",\"url\":\"https:\/\/www.manetti.com\/wp-content\/uploads\/2025\/02\/giusto-manetti-blu_300-02.png\",\"contentUrl\":\"https:\/\/www.manetti.com\/wp-content\/uploads\/2025\/02\/giusto-manetti-blu_300-02.png\",\"width\":1123,\"height\":1093,\"caption\":\"GIUSTO MANETTI BATTILORO S.P.A.\"},\"image\":{\"@id\":\"https:\/\/www.manetti.com\/es\/#\/schema\/logo\/image\/\"},\"sameAs\":[\"https:\/\/www.facebook.com\/giustomanettibattiloro\",\"https:\/\/www.instagram.com\/giustomanettibattiloro\/\",\"https:\/\/www.linkedin.com\/company\/giusto-manetti-battiloro-s-p-a-\/\",\"https:\/\/www.youtube.com\/user\/ManettiBattiloro\"]}]}<\/script>\n<!-- \/ Yoast SEO plugin. -->","yoast_head_json":{"title":"Productor pan de oro en hojas para dorado | Batihoja Manetti","description":"Manetti elabora pan de oro \ud83c\udf1f en Florencia desde el 1600. Batihoja hist\u00f3rico especialista en oro, pan de plata y hojas para dorado.","robots":{"index":"index","follow":"follow","max-snippet":"max-snippet:-1","max-image-preview":"max-image-preview:large","max-video-preview":"max-video-preview:-1"},"canonical":"https:\/\/www.manetti.com\/es\/","og_locale":"es_ES","og_type":"article","og_title":"Productor pan de oro en hojas para dorado | Batihoja Manetti","og_description":"Manetti elabora pan de oro \ud83c\udf1f en Florencia desde el 1600. Batihoja hist\u00f3rico especialista en oro, pan de plata y hojas para dorado.","og_url":"https:\/\/www.manetti.com\/es\/","og_site_name":"Giusto Manetti Battiloro","article_publisher":"https:\/\/www.facebook.com\/giustomanettibattiloro","article_modified_time":"2026-04-13T08:20:19+00:00","og_image":[{"width":1000,"height":974,"url":"https:\/\/www.manetti.com\/wp-content\/uploads\/2020\/11\/Home-page-giusto-manetti-battiloro.jpg","type":"image\/jpeg"}],"twitter_card":"summary_large_image","twitter_title":"Productor pan de oro en hojas para dorado | Batihoja Manetti","twitter_description":"Manetti elabora pan de oro \ud83c\udf1f en Florencia desde el 1600. Batihoja hist\u00f3rico especialista en oro, pan de plata y hojas para dorado.","twitter_image":"https:\/\/www.manetti.com\/wp-content\/uploads\/2020\/11\/Home-page-giusto-manetti-battiloro.jpg","twitter_misc":{"Tiempo de lectura":"3 minutos"},"schema":{"@context":"https:\/\/schema.org","@graph":[{"@type":"WebPage","@id":"https:\/\/www.manetti.com\/es\/","url":"https:\/\/www.manetti.com\/es\/","name":"Productor pan de oro en hojas para dorado | Batihoja Manetti","isPartOf":{"@id":"https:\/\/www.manetti.com\/es\/#website"},"datePublished":"2019-10-29T14:55:54+00:00","dateModified":"2026-04-13T08:20:19+00:00","description":"Manetti elabora pan de oro \ud83c\udf1f en Florencia desde el 1600. Batihoja hist\u00f3rico especialista en oro, pan de plata y hojas para dorado.","inLanguage":"es","potentialAction":[{"@type":"ReadAction","target":["https:\/\/www.manetti.com\/es\/"]}]},{"@type":"WebSite","@id":"https:\/\/www.manetti.com\/es\/#website","url":"https:\/\/www.manetti.com\/es\/","name":"Giusto Manetti Battiloro","description":"","publisher":{"@id":"https:\/\/www.manetti.com\/es\/#organization"},"potentialAction":[{"@type":"SearchAction","target":{"@type":"EntryPoint","urlTemplate":"https:\/\/www.manetti.com\/es\/?s={search_term_string}"},"query-input":{"@type":"PropertyValueSpecification","valueRequired":true,"valueName":"search_term_string"}}],"inLanguage":"es"},{"@type":"Organization","@id":"https:\/\/www.manetti.com\/es\/#organization","name":"GIUSTO MANETTI BATTILORO S.P.A.","url":"https:\/\/www.manetti.com\/es\/","logo":{"@type":"ImageObject","inLanguage":"es","@id":"https:\/\/www.manetti.com\/es\/#\/schema\/logo\/image\/","url":"https:\/\/www.manetti.com\/wp-content\/uploads\/2025\/02\/giusto-manetti-blu_300-02.png","contentUrl":"https:\/\/www.manetti.com\/wp-content\/uploads\/2025\/02\/giusto-manetti-blu_300-02.png","width":1123,"height":1093,"caption":"GIUSTO MANETTI BATTILORO S.P.A."},"image":{"@id":"https:\/\/www.manetti.com\/es\/#\/schema\/logo\/image\/"},"sameAs":["https:\/\/www.facebook.com\/giustomanettibattiloro","https:\/\/www.instagram.com\/giustomanettibattiloro\/","https:\/\/www.linkedin.com\/company\/giusto-manetti-battiloro-s-p-a-\/","https:\/\/www.youtube.com\/user\/ManettiBattiloro"]}]}},"_links":{"self":[{"href":"https:\/\/www.manetti.com\/es\/wp-json\/wp\/v2\/pages\/32575","targetHints":{"allow":["GET"]}}],"collection":[{"href":"https:\/\/www.manetti.com\/es\/wp-json\/wp\/v2\/pages"}],"about":[{"href":"https:\/\/www.manetti.com\/es\/wp-json\/wp\/v2\/types\/page"}],"author":[{"embeddable":true,"href":"https:\/\/www.manetti.com\/es\/wp-json\/wp\/v2\/users\/1"}],"replies":[{"embeddable":true,"href":"https:\/\/www.manetti.com\/es\/wp-json\/wp\/v2\/comments?post=32575"}],"version-history":[{"count":1,"href":"https:\/\/www.manetti.com\/es\/wp-json\/wp\/v2\/pages\/32575\/revisions"}],"predecessor-version":[{"id":89100,"href":"https:\/\/www.manetti.com\/es\/wp-json\/wp\/v2\/pages\/32575\/revisions\/89100"}],"wp:attachment":[{"href":"https:\/\/www.manetti.com\/es\/wp-json\/wp\/v2\/media?parent=32575"}],"curies":[{"name":"wp","href":"https:\/\/api.w.org\/{rel}","templated":true}]}}