{"id":66850,"date":"2024-01-30T14:31:40","date_gmt":"2024-01-30T13:31:40","guid":{"rendered":"https:\/\/www.manetti.com\/?page_id=66850"},"modified":"2024-02-22T15:45:02","modified_gmt":"2024-02-22T14:45:02","slug":"las-marcas-comerciales","status":"publish","type":"page","link":"https:\/\/www.manetti.com\/es\/sobre-nosotros\/las-marcas-comerciales\/","title":{"rendered":"LAS MARCAS COMERCIALES"},"content":{"rendered":"<p><img loading=\"lazy\" decoding=\"async\" class=\"size-full wp-image-10276 alignleft\" src=\"https:\/\/www.manetti.com\/wp-content\/uploads\/2024\/01\/giusto-manetti_logo-ufficiale-300x294.png\" alt=\"Giusto Manetti logo\" width=\"285\" height=\"284\" data-wp-editing=\"1\" \/><\/p>\n<p>Esta es la marca dedicada a las l\u00e1minas de metal precioso y la que la empresa es conocida en todo el mundo. Conocida como la Marca de Medalla, su evoluci\u00f3n abarca casi un siglo, entre 1861 y 1946. Su origen se remonta a la Exposici\u00f3n de 1861, durante la cual la empresa recibi\u00f3 la medalla al m\u00e9rito por la extraordinaria calidad de sus l\u00e1minas de oro y plata. Inicialmente, el logotipo presentaba solo una medalla, pero tuvo que ser actualizado cuando en 1881 y 1884 la empresa obtuvo dos medallas adicionales al m\u00e9rito, elevando el total a tres, nuevamente por la calidad \u00fanica de sus l\u00e1minas de metal precioso. Finalmente, en 1946, durante la transici\u00f3n de Italia a la forma de gobierno republicana, una peque\u00f1a y astuta intervenci\u00f3n gr\u00e1fica permiti\u00f3 ocultar los nombres de los reyes italianos en las medallas, logrando as\u00ed salvarlo y preservarlo con el tiempo.<\/p>\n<p>&nbsp;<\/p>\n<p>&nbsp;<\/p>\n<p>&nbsp;<\/p>\n<p>&nbsp;<\/p>\n<p>&nbsp;<\/p>\n<p><img loading=\"lazy\" decoding=\"async\" class=\"size-medium wp-image-68151 alignleft\" src=\"https:\/\/www.manetti.com\/wp-content\/uploads\/2024\/02\/LOGO-PRODOTTI-BELLE-ARTI-1-300x193.png\" alt=\"\" width=\"300\" height=\"193\" srcset=\"https:\/\/www.manetti.com\/wp-content\/uploads\/2024\/02\/LOGO-PRODOTTI-BELLE-ARTI-1-300x193.png 300w, https:\/\/www.manetti.com\/wp-content\/uploads\/2024\/02\/LOGO-PRODOTTI-BELLE-ARTI-1.png 500w\" sizes=\"auto, (max-width: 300px) 100vw, 300px\" \/><\/p>\n<p>Incluye el primer logotipo de la empresa y lleva la fecha importante de 1820. Ese a\u00f1o, Luigi Manetti, despu\u00e9s de un largo per\u00edodo en el extranjero estudiando la revoluci\u00f3n industrial, adquiri\u00f3 la propiedad completa del taller familiar y, decidido a darle a la producci\u00f3n artesanal centenaria un sabor m\u00e1s internacional, orgullosamente eligi\u00f3 nombrarlo en honor a su hijo reci\u00e9n nacido &#8220;Giusto&#8221;. Tambi\u00e9n agreg\u00f3 &#8220;Florencia&#8221;, ya que era muy consciente de que solo esta ciudad pod\u00eda ser el hogar de los Manetti. A partir de 1861, con el desarrollo de la Marca de Medalla reservada exclusivamente para l\u00e1minas de metal precioso, este logotipo contin\u00faa simbolizando los productos de la empresa que son auxiliares en las fases de dorado, adem\u00e1s de las l\u00e1minas de metal no precioso.<\/p>\n","protected":false},"excerpt":{"rendered":"<p>Esta es la marca dedicada a las l\u00e1minas de metal precioso y la que la empresa es conocida en todo el mundo. Conocida como la Marca de Medalla, su evoluci\u00f3n abarca casi un siglo, entre 1861 y 1946. Su origen se remonta a la Exposici\u00f3n de 1861, durante la cual la empresa recibi\u00f3 la medalla [&#8230;]<\/p>\n<p><a class=\"btn btn-secondary understrap-read-more-link\" href=\"https:\/\/www.manetti.com\/es\/sobre-nosotros\/las-marcas-comerciales\/\">Leer m\u00e1s&#8230;<\/a><\/p>\n","protected":false},"author":359,"featured_media":73291,"parent":68109,"menu_order":0,"comment_status":"closed","ping_status":"closed","template":"","meta":{"_acf_changed":false,"footnotes":""},"class_list":["post-66850","page","type-page","status-publish","has-post-thumbnail","hentry"],"acf":[],"yoast_head":"<!-- This site is optimized with the Yoast SEO plugin v26.5 - https:\/\/yoast.com\/wordpress\/plugins\/seo\/ -->\n<title>LAS MARCAS COMERCIALES | Giusto Manetti Battiloro<\/title>\n<meta name=\"robots\" content=\"index, follow, max-snippet:-1, max-image-preview:large, max-video-preview:-1\" \/>\n<link rel=\"canonical\" href=\"https:\/\/www.manetti.com\/es\/sobre-nosotros\/las-marcas-comerciales\/\" \/>\n<meta property=\"og:locale\" content=\"es_ES\" \/>\n<meta property=\"og:type\" content=\"article\" \/>\n<meta property=\"og:title\" content=\"LAS MARCAS COMERCIALES | Giusto Manetti Battiloro\" \/>\n<meta property=\"og:description\" content=\"Esta es la marca dedicada a las l\u00e1minas de metal precioso y la que la empresa es conocida en todo el mundo. Conocida como la Marca de Medalla, su evoluci\u00f3n abarca casi un siglo, entre 1861 y 1946. Su origen se remonta a la Exposici\u00f3n de 1861, durante la cual la empresa recibi\u00f3 la medalla [...]Leer m\u00e1s...\" \/>\n<meta property=\"og:url\" content=\"https:\/\/www.manetti.com\/es\/sobre-nosotros\/las-marcas-comerciales\/\" \/>\n<meta property=\"og:site_name\" content=\"Giusto Manetti Battiloro\" \/>\n<meta property=\"article:publisher\" content=\"https:\/\/www.facebook.com\/giustomanettibattiloro\" \/>\n<meta property=\"article:modified_time\" content=\"2024-02-22T14:45:02+00:00\" \/>\n<meta property=\"og:image\" content=\"https:\/\/www.manetti.com\/wp-content\/uploads\/2024\/02\/Marchi-cover-1.jpg\" \/>\n\t<meta property=\"og:image:width\" content=\"450\" \/>\n\t<meta property=\"og:image:height\" content=\"450\" \/>\n\t<meta property=\"og:image:type\" content=\"image\/jpeg\" \/>\n<meta name=\"twitter:card\" content=\"summary_large_image\" \/>\n<meta name=\"twitter:label1\" content=\"Tiempo de lectura\" \/>\n\t<meta name=\"twitter:data1\" content=\"1 minuto\" \/>\n<script type=\"application\/ld+json\" class=\"yoast-schema-graph\">{\"@context\":\"https:\/\/schema.org\",\"@graph\":[{\"@type\":\"WebPage\",\"@id\":\"https:\/\/www.manetti.com\/es\/sobre-nosotros\/las-marcas-comerciales\/\",\"url\":\"https:\/\/www.manetti.com\/es\/sobre-nosotros\/las-marcas-comerciales\/\",\"name\":\"LAS MARCAS COMERCIALES | Giusto Manetti Battiloro\",\"isPartOf\":{\"@id\":\"https:\/\/www.manetti.com\/es\/#website\"},\"primaryImageOfPage\":{\"@id\":\"https:\/\/www.manetti.com\/es\/sobre-nosotros\/las-marcas-comerciales\/#primaryimage\"},\"image\":{\"@id\":\"https:\/\/www.manetti.com\/es\/sobre-nosotros\/las-marcas-comerciales\/#primaryimage\"},\"thumbnailUrl\":\"https:\/\/www.manetti.com\/wp-content\/uploads\/2024\/03\/Giusto-Manetti-Battiloro-brands_F82_4776_ALTA.jpg\",\"datePublished\":\"2024-01-30T13:31:40+00:00\",\"dateModified\":\"2024-02-22T14:45:02+00:00\",\"inLanguage\":\"es\",\"potentialAction\":[{\"@type\":\"ReadAction\",\"target\":[\"https:\/\/www.manetti.com\/es\/sobre-nosotros\/las-marcas-comerciales\/\"]}]},{\"@type\":\"ImageObject\",\"inLanguage\":\"es\",\"@id\":\"https:\/\/www.manetti.com\/es\/sobre-nosotros\/las-marcas-comerciales\/#primaryimage\",\"url\":\"https:\/\/www.manetti.com\/wp-content\/uploads\/2024\/03\/Giusto-Manetti-Battiloro-brands_F82_4776_ALTA.jpg\",\"contentUrl\":\"https:\/\/www.manetti.com\/wp-content\/uploads\/2024\/03\/Giusto-Manetti-Battiloro-brands_F82_4776_ALTA.jpg\",\"width\":1000,\"height\":1000},{\"@type\":\"WebSite\",\"@id\":\"https:\/\/www.manetti.com\/es\/#website\",\"url\":\"https:\/\/www.manetti.com\/es\/\",\"name\":\"Giusto Manetti Battiloro\",\"description\":\"\",\"publisher\":{\"@id\":\"https:\/\/www.manetti.com\/es\/#organization\"},\"potentialAction\":[{\"@type\":\"SearchAction\",\"target\":{\"@type\":\"EntryPoint\",\"urlTemplate\":\"https:\/\/www.manetti.com\/es\/?s={search_term_string}\"},\"query-input\":{\"@type\":\"PropertyValueSpecification\",\"valueRequired\":true,\"valueName\":\"search_term_string\"}}],\"inLanguage\":\"es\"},{\"@type\":\"Organization\",\"@id\":\"https:\/\/www.manetti.com\/es\/#organization\",\"name\":\"GIUSTO MANETTI BATTILORO S.P.A.\",\"url\":\"https:\/\/www.manetti.com\/es\/\",\"logo\":{\"@type\":\"ImageObject\",\"inLanguage\":\"es\",\"@id\":\"https:\/\/www.manetti.com\/es\/#\/schema\/logo\/image\/\",\"url\":\"https:\/\/www.manetti.com\/wp-content\/uploads\/2025\/02\/giusto-manetti-blu_300-02.png\",\"contentUrl\":\"https:\/\/www.manetti.com\/wp-content\/uploads\/2025\/02\/giusto-manetti-blu_300-02.png\",\"width\":1123,\"height\":1093,\"caption\":\"GIUSTO MANETTI BATTILORO S.P.A.\"},\"image\":{\"@id\":\"https:\/\/www.manetti.com\/es\/#\/schema\/logo\/image\/\"},\"sameAs\":[\"https:\/\/www.facebook.com\/giustomanettibattiloro\",\"https:\/\/www.instagram.com\/giustomanettibattiloro\/\",\"https:\/\/www.linkedin.com\/company\/giusto-manetti-battiloro-s-p-a-\/\",\"https:\/\/www.youtube.com\/user\/ManettiBattiloro\"]}]}<\/script>\n<!-- \/ Yoast SEO plugin. -->","yoast_head_json":{"title":"LAS MARCAS COMERCIALES | Giusto Manetti Battiloro","robots":{"index":"index","follow":"follow","max-snippet":"max-snippet:-1","max-image-preview":"max-image-preview:large","max-video-preview":"max-video-preview:-1"},"canonical":"https:\/\/www.manetti.com\/es\/sobre-nosotros\/las-marcas-comerciales\/","og_locale":"es_ES","og_type":"article","og_title":"LAS MARCAS COMERCIALES | Giusto Manetti Battiloro","og_description":"Esta es la marca dedicada a las l\u00e1minas de metal precioso y la que la empresa es conocida en todo el mundo. Conocida como la Marca de Medalla, su evoluci\u00f3n abarca casi un siglo, entre 1861 y 1946. Su origen se remonta a la Exposici\u00f3n de 1861, durante la cual la empresa recibi\u00f3 la medalla [...]Leer m\u00e1s...","og_url":"https:\/\/www.manetti.com\/es\/sobre-nosotros\/las-marcas-comerciales\/","og_site_name":"Giusto Manetti Battiloro","article_publisher":"https:\/\/www.facebook.com\/giustomanettibattiloro","article_modified_time":"2024-02-22T14:45:02+00:00","og_image":[{"width":450,"height":450,"url":"https:\/\/www.manetti.com\/wp-content\/uploads\/2024\/02\/Marchi-cover-1.jpg","type":"image\/jpeg"}],"twitter_card":"summary_large_image","twitter_misc":{"Tiempo de lectura":"1 minuto"},"schema":{"@context":"https:\/\/schema.org","@graph":[{"@type":"WebPage","@id":"https:\/\/www.manetti.com\/es\/sobre-nosotros\/las-marcas-comerciales\/","url":"https:\/\/www.manetti.com\/es\/sobre-nosotros\/las-marcas-comerciales\/","name":"LAS MARCAS COMERCIALES | Giusto Manetti Battiloro","isPartOf":{"@id":"https:\/\/www.manetti.com\/es\/#website"},"primaryImageOfPage":{"@id":"https:\/\/www.manetti.com\/es\/sobre-nosotros\/las-marcas-comerciales\/#primaryimage"},"image":{"@id":"https:\/\/www.manetti.com\/es\/sobre-nosotros\/las-marcas-comerciales\/#primaryimage"},"thumbnailUrl":"https:\/\/www.manetti.com\/wp-content\/uploads\/2024\/03\/Giusto-Manetti-Battiloro-brands_F82_4776_ALTA.jpg","datePublished":"2024-01-30T13:31:40+00:00","dateModified":"2024-02-22T14:45:02+00:00","inLanguage":"es","potentialAction":[{"@type":"ReadAction","target":["https:\/\/www.manetti.com\/es\/sobre-nosotros\/las-marcas-comerciales\/"]}]},{"@type":"ImageObject","inLanguage":"es","@id":"https:\/\/www.manetti.com\/es\/sobre-nosotros\/las-marcas-comerciales\/#primaryimage","url":"https:\/\/www.manetti.com\/wp-content\/uploads\/2024\/03\/Giusto-Manetti-Battiloro-brands_F82_4776_ALTA.jpg","contentUrl":"https:\/\/www.manetti.com\/wp-content\/uploads\/2024\/03\/Giusto-Manetti-Battiloro-brands_F82_4776_ALTA.jpg","width":1000,"height":1000},{"@type":"WebSite","@id":"https:\/\/www.manetti.com\/es\/#website","url":"https:\/\/www.manetti.com\/es\/","name":"Giusto Manetti Battiloro","description":"","publisher":{"@id":"https:\/\/www.manetti.com\/es\/#organization"},"potentialAction":[{"@type":"SearchAction","target":{"@type":"EntryPoint","urlTemplate":"https:\/\/www.manetti.com\/es\/?s={search_term_string}"},"query-input":{"@type":"PropertyValueSpecification","valueRequired":true,"valueName":"search_term_string"}}],"inLanguage":"es"},{"@type":"Organization","@id":"https:\/\/www.manetti.com\/es\/#organization","name":"GIUSTO MANETTI BATTILORO S.P.A.","url":"https:\/\/www.manetti.com\/es\/","logo":{"@type":"ImageObject","inLanguage":"es","@id":"https:\/\/www.manetti.com\/es\/#\/schema\/logo\/image\/","url":"https:\/\/www.manetti.com\/wp-content\/uploads\/2025\/02\/giusto-manetti-blu_300-02.png","contentUrl":"https:\/\/www.manetti.com\/wp-content\/uploads\/2025\/02\/giusto-manetti-blu_300-02.png","width":1123,"height":1093,"caption":"GIUSTO MANETTI BATTILORO S.P.A."},"image":{"@id":"https:\/\/www.manetti.com\/es\/#\/schema\/logo\/image\/"},"sameAs":["https:\/\/www.facebook.com\/giustomanettibattiloro","https:\/\/www.instagram.com\/giustomanettibattiloro\/","https:\/\/www.linkedin.com\/company\/giusto-manetti-battiloro-s-p-a-\/","https:\/\/www.youtube.com\/user\/ManettiBattiloro"]}]}},"_links":{"self":[{"href":"https:\/\/www.manetti.com\/es\/wp-json\/wp\/v2\/pages\/66850","targetHints":{"allow":["GET"]}}],"collection":[{"href":"https:\/\/www.manetti.com\/es\/wp-json\/wp\/v2\/pages"}],"about":[{"href":"https:\/\/www.manetti.com\/es\/wp-json\/wp\/v2\/types\/page"}],"author":[{"embeddable":true,"href":"https:\/\/www.manetti.com\/es\/wp-json\/wp\/v2\/users\/359"}],"replies":[{"embeddable":true,"href":"https:\/\/www.manetti.com\/es\/wp-json\/wp\/v2\/comments?post=66850"}],"version-history":[{"count":0,"href":"https:\/\/www.manetti.com\/es\/wp-json\/wp\/v2\/pages\/66850\/revisions"}],"up":[{"embeddable":true,"href":"https:\/\/www.manetti.com\/es\/wp-json\/wp\/v2\/pages\/68109"}],"wp:featuredmedia":[{"embeddable":true,"href":"https:\/\/www.manetti.com\/es\/wp-json\/wp\/v2\/media\/73291"}],"wp:attachment":[{"href":"https:\/\/www.manetti.com\/es\/wp-json\/wp\/v2\/media?parent=66850"}],"curies":[{"name":"wp","href":"https:\/\/api.w.org\/{rel}","templated":true}]}}