{"id":31921,"date":"2020-01-31T11:50:03","date_gmt":"2020-01-31T10:50:03","guid":{"rendered":"https:\/\/www.manetti.com\/prodotto\/foglia-palladio-in-rotolo\/"},"modified":"2024-01-15T14:00:19","modified_gmt":"2024-01-15T13:00:19","slug":"hoja-de-paladio-en-rollo","status":"publish","type":"product","link":"https:\/\/www.manetti.com\/es\/producto\/hoja-de-paladio-en-rollo\/","title":{"rendered":"Hoja de paladio en rollo"},"content":{"rendered":"<p>La hoja de paladio en rollo permite una decoraci\u00f3n r\u00e1pida y precisa de superficies amplias y planas. Las hojas se aplican individualmente de forma manual, sobre un rollo de papel de seda con un largo est\u00e1ndar de 20,5 metros y un alto variable en funci\u00f3n del alto de la hoja. En la fase de decoraci\u00f3n es posible cortar el largo del rollo empleando unas tijeras comunes, prestando especial atenci\u00f3n para cortarlo en correspondencia con la junta de dos hojas. Bajo pedido el rollo se puede suministrar cortado de altura, a partir de un m\u00ednimo de 10 mm, quedando fijo el largo de 20,5 metros.<\/p>\n","protected":false},"excerpt":{"rendered":"<p>Perfecta para decorar con rapidez y precisi\u00f3n grandes superficies planas, la hoja de paladio en rollo se corta f\u00e1cilmente al tama\u00f1o necesario para cada aplicaci\u00f3n. [&#8230;]<\/p>\n<p><a class=\"btn btn-secondary understrap-read-more-link\" href=\"https:\/\/www.manetti.com\/es\/producto\/hoja-de-paladio-en-rollo\/\">Leer m\u00e1s&#8230;<\/a><\/p>\n","protected":false},"featured_media":31923,"template":"","meta":{"_acf_changed":false},"product_brand":[],"product_cat":[172],"product_tag":[180],"product_area":[],"catalog_category":[806,963],"class_list":{"0":"post-31921","1":"product","2":"type-product","3":"status-publish","4":"has-post-thumbnail","6":"product_cat-hoja-de-paladio","7":"product_tag-rotolo-es","8":"catalog_category-dorado-con-hoja-de-oro-en-rollo","9":"catalog_category-dorado-con-hoja-de-oro-en-rollo-pan-de-oro-en-rollo","11":"first","12":"instock","13":"shipping-taxable","14":"purchasable","15":"product-type-variable"},"acf":[],"yoast_head":"<!-- This site is optimized with the Yoast SEO plugin v26.5 - https:\/\/yoast.com\/wordpress\/plugins\/seo\/ -->\n<title>Hoja de paladio en rollo 20,5m | Giusto Manetti Battiloro<\/title>\n<meta name=\"description\" content=\"El Hoja de paladio en rollo permite una decoraci\u00f3n r\u00e1pida y precisa de superficies grandes y planas. Las hojas individuales se aplican en un rollo de papel tis\u00fa.\" \/>\n<meta name=\"robots\" content=\"index, follow, max-snippet:-1, max-image-preview:large, max-video-preview:-1\" \/>\n<link rel=\"canonical\" href=\"https:\/\/www.manetti.com\/es\/producto\/hoja-de-paladio-en-rollo\/\" \/>\n<meta property=\"og:locale\" content=\"es_ES\" \/>\n<meta property=\"og:type\" content=\"article\" \/>\n<meta property=\"og:title\" content=\"Hoja de paladio en rollo 20,5m | Giusto Manetti Battiloro\" \/>\n<meta property=\"og:description\" content=\"El Hoja de paladio en rollo permite una decoraci\u00f3n r\u00e1pida y precisa de superficies grandes y planas. Las hojas individuales se aplican en un rollo de papel tis\u00fa.\" \/>\n<meta property=\"og:url\" content=\"https:\/\/www.manetti.com\/es\/producto\/hoja-de-paladio-en-rollo\/\" \/>\n<meta property=\"og:site_name\" content=\"Giusto Manetti Battiloro\" \/>\n<meta property=\"article:publisher\" content=\"https:\/\/www.facebook.com\/giustomanettibattiloro\" \/>\n<meta property=\"article:modified_time\" content=\"2024-01-15T13:00:19+00:00\" \/>\n<meta property=\"og:image\" content=\"https:\/\/www.manetti.com\/wp-content\/uploads\/2020\/01\/rotolo_palladio.png\" \/>\n\t<meta property=\"og:image:width\" content=\"200\" \/>\n\t<meta property=\"og:image:height\" content=\"200\" \/>\n\t<meta property=\"og:image:type\" content=\"image\/png\" \/>\n<meta name=\"twitter:card\" content=\"summary_large_image\" \/>\n<meta name=\"twitter:label1\" content=\"Tiempo de lectura\" \/>\n\t<meta name=\"twitter:data1\" content=\"1 minuto\" \/>\n<script type=\"application\/ld+json\" class=\"yoast-schema-graph\">{\"@context\":\"https:\/\/schema.org\",\"@graph\":[{\"@type\":\"WebPage\",\"@id\":\"https:\/\/www.manetti.com\/es\/producto\/hoja-de-paladio-en-rollo\/\",\"url\":\"https:\/\/www.manetti.com\/es\/producto\/hoja-de-paladio-en-rollo\/\",\"name\":\"Hoja de paladio en rollo 20,5m | Giusto Manetti Battiloro\",\"isPartOf\":{\"@id\":\"https:\/\/www.manetti.com\/es\/#website\"},\"primaryImageOfPage\":{\"@id\":\"https:\/\/www.manetti.com\/es\/producto\/hoja-de-paladio-en-rollo\/#primaryimage\"},\"image\":{\"@id\":\"https:\/\/www.manetti.com\/es\/producto\/hoja-de-paladio-en-rollo\/#primaryimage\"},\"thumbnailUrl\":\"https:\/\/www.manetti.com\/wp-content\/uploads\/2020\/01\/rotolo_palladio.png\",\"datePublished\":\"2020-01-31T10:50:03+00:00\",\"dateModified\":\"2024-01-15T13:00:19+00:00\",\"description\":\"El Hoja de paladio en rollo permite una decoraci\u00f3n r\u00e1pida y precisa de superficies grandes y planas. Las hojas individuales se aplican en un rollo de papel tis\u00fa.\",\"inLanguage\":\"es\",\"potentialAction\":[{\"@type\":\"ReadAction\",\"target\":[\"https:\/\/www.manetti.com\/es\/producto\/hoja-de-paladio-en-rollo\/\"]}]},{\"@type\":\"ImageObject\",\"inLanguage\":\"es\",\"@id\":\"https:\/\/www.manetti.com\/es\/producto\/hoja-de-paladio-en-rollo\/#primaryimage\",\"url\":\"https:\/\/www.manetti.com\/wp-content\/uploads\/2020\/01\/rotolo_palladio.png\",\"contentUrl\":\"https:\/\/www.manetti.com\/wp-content\/uploads\/2020\/01\/rotolo_palladio.png\",\"width\":200,\"height\":200},{\"@type\":\"WebSite\",\"@id\":\"https:\/\/www.manetti.com\/es\/#website\",\"url\":\"https:\/\/www.manetti.com\/es\/\",\"name\":\"Giusto Manetti Battiloro\",\"description\":\"\",\"publisher\":{\"@id\":\"https:\/\/www.manetti.com\/es\/#organization\"},\"potentialAction\":[{\"@type\":\"SearchAction\",\"target\":{\"@type\":\"EntryPoint\",\"urlTemplate\":\"https:\/\/www.manetti.com\/es\/?s={search_term_string}\"},\"query-input\":{\"@type\":\"PropertyValueSpecification\",\"valueRequired\":true,\"valueName\":\"search_term_string\"}}],\"inLanguage\":\"es\"},{\"@type\":\"Organization\",\"@id\":\"https:\/\/www.manetti.com\/es\/#organization\",\"name\":\"GIUSTO MANETTI BATTILORO S.P.A.\",\"url\":\"https:\/\/www.manetti.com\/es\/\",\"logo\":{\"@type\":\"ImageObject\",\"inLanguage\":\"es\",\"@id\":\"https:\/\/www.manetti.com\/es\/#\/schema\/logo\/image\/\",\"url\":\"https:\/\/www.manetti.com\/wp-content\/uploads\/2025\/02\/giusto-manetti-blu_300-02.png\",\"contentUrl\":\"https:\/\/www.manetti.com\/wp-content\/uploads\/2025\/02\/giusto-manetti-blu_300-02.png\",\"width\":1123,\"height\":1093,\"caption\":\"GIUSTO MANETTI BATTILORO S.P.A.\"},\"image\":{\"@id\":\"https:\/\/www.manetti.com\/es\/#\/schema\/logo\/image\/\"},\"sameAs\":[\"https:\/\/www.facebook.com\/giustomanettibattiloro\",\"https:\/\/www.instagram.com\/giustomanettibattiloro\/\",\"https:\/\/www.linkedin.com\/company\/giusto-manetti-battiloro-s-p-a-\/\",\"https:\/\/www.youtube.com\/user\/ManettiBattiloro\"]}]}<\/script>\n<!-- \/ Yoast SEO plugin. -->","yoast_head_json":{"title":"Hoja de paladio en rollo 20,5m | Giusto Manetti Battiloro","description":"El Hoja de paladio en rollo permite una decoraci\u00f3n r\u00e1pida y precisa de superficies grandes y planas. Las hojas individuales se aplican en un rollo de papel tis\u00fa.","robots":{"index":"index","follow":"follow","max-snippet":"max-snippet:-1","max-image-preview":"max-image-preview:large","max-video-preview":"max-video-preview:-1"},"canonical":"https:\/\/www.manetti.com\/es\/producto\/hoja-de-paladio-en-rollo\/","og_locale":"es_ES","og_type":"article","og_title":"Hoja de paladio en rollo 20,5m | Giusto Manetti Battiloro","og_description":"El Hoja de paladio en rollo permite una decoraci\u00f3n r\u00e1pida y precisa de superficies grandes y planas. Las hojas individuales se aplican en un rollo de papel tis\u00fa.","og_url":"https:\/\/www.manetti.com\/es\/producto\/hoja-de-paladio-en-rollo\/","og_site_name":"Giusto Manetti Battiloro","article_publisher":"https:\/\/www.facebook.com\/giustomanettibattiloro","article_modified_time":"2024-01-15T13:00:19+00:00","og_image":[{"width":200,"height":200,"url":"https:\/\/www.manetti.com\/wp-content\/uploads\/2020\/01\/rotolo_palladio.png","type":"image\/png"}],"twitter_card":"summary_large_image","twitter_misc":{"Tiempo de lectura":"1 minuto"},"schema":{"@context":"https:\/\/schema.org","@graph":[{"@type":"WebPage","@id":"https:\/\/www.manetti.com\/es\/producto\/hoja-de-paladio-en-rollo\/","url":"https:\/\/www.manetti.com\/es\/producto\/hoja-de-paladio-en-rollo\/","name":"Hoja de paladio en rollo 20,5m | Giusto Manetti Battiloro","isPartOf":{"@id":"https:\/\/www.manetti.com\/es\/#website"},"primaryImageOfPage":{"@id":"https:\/\/www.manetti.com\/es\/producto\/hoja-de-paladio-en-rollo\/#primaryimage"},"image":{"@id":"https:\/\/www.manetti.com\/es\/producto\/hoja-de-paladio-en-rollo\/#primaryimage"},"thumbnailUrl":"https:\/\/www.manetti.com\/wp-content\/uploads\/2020\/01\/rotolo_palladio.png","datePublished":"2020-01-31T10:50:03+00:00","dateModified":"2024-01-15T13:00:19+00:00","description":"El Hoja de paladio en rollo permite una decoraci\u00f3n r\u00e1pida y precisa de superficies grandes y planas. Las hojas individuales se aplican en un rollo de papel tis\u00fa.","inLanguage":"es","potentialAction":[{"@type":"ReadAction","target":["https:\/\/www.manetti.com\/es\/producto\/hoja-de-paladio-en-rollo\/"]}]},{"@type":"ImageObject","inLanguage":"es","@id":"https:\/\/www.manetti.com\/es\/producto\/hoja-de-paladio-en-rollo\/#primaryimage","url":"https:\/\/www.manetti.com\/wp-content\/uploads\/2020\/01\/rotolo_palladio.png","contentUrl":"https:\/\/www.manetti.com\/wp-content\/uploads\/2020\/01\/rotolo_palladio.png","width":200,"height":200},{"@type":"WebSite","@id":"https:\/\/www.manetti.com\/es\/#website","url":"https:\/\/www.manetti.com\/es\/","name":"Giusto Manetti Battiloro","description":"","publisher":{"@id":"https:\/\/www.manetti.com\/es\/#organization"},"potentialAction":[{"@type":"SearchAction","target":{"@type":"EntryPoint","urlTemplate":"https:\/\/www.manetti.com\/es\/?s={search_term_string}"},"query-input":{"@type":"PropertyValueSpecification","valueRequired":true,"valueName":"search_term_string"}}],"inLanguage":"es"},{"@type":"Organization","@id":"https:\/\/www.manetti.com\/es\/#organization","name":"GIUSTO MANETTI BATTILORO S.P.A.","url":"https:\/\/www.manetti.com\/es\/","logo":{"@type":"ImageObject","inLanguage":"es","@id":"https:\/\/www.manetti.com\/es\/#\/schema\/logo\/image\/","url":"https:\/\/www.manetti.com\/wp-content\/uploads\/2025\/02\/giusto-manetti-blu_300-02.png","contentUrl":"https:\/\/www.manetti.com\/wp-content\/uploads\/2025\/02\/giusto-manetti-blu_300-02.png","width":1123,"height":1093,"caption":"GIUSTO MANETTI BATTILORO S.P.A."},"image":{"@id":"https:\/\/www.manetti.com\/es\/#\/schema\/logo\/image\/"},"sameAs":["https:\/\/www.facebook.com\/giustomanettibattiloro","https:\/\/www.instagram.com\/giustomanettibattiloro\/","https:\/\/www.linkedin.com\/company\/giusto-manetti-battiloro-s-p-a-\/","https:\/\/www.youtube.com\/user\/ManettiBattiloro"]}]}},"_links":{"self":[{"href":"https:\/\/www.manetti.com\/es\/wp-json\/wp\/v2\/product\/31921","targetHints":{"allow":["GET"]}}],"collection":[{"href":"https:\/\/www.manetti.com\/es\/wp-json\/wp\/v2\/product"}],"about":[{"href":"https:\/\/www.manetti.com\/es\/wp-json\/wp\/v2\/types\/product"}],"wp:featuredmedia":[{"embeddable":true,"href":"https:\/\/www.manetti.com\/es\/wp-json\/wp\/v2\/media\/31923"}],"wp:attachment":[{"href":"https:\/\/www.manetti.com\/es\/wp-json\/wp\/v2\/media?parent=31921"}],"wp:term":[{"taxonomy":"product_brand","embeddable":true,"href":"https:\/\/www.manetti.com\/es\/wp-json\/wp\/v2\/product_brand?post=31921"},{"taxonomy":"product_cat","embeddable":true,"href":"https:\/\/www.manetti.com\/es\/wp-json\/wp\/v2\/product_cat?post=31921"},{"taxonomy":"product_tag","embeddable":true,"href":"https:\/\/www.manetti.com\/es\/wp-json\/wp\/v2\/product_tag?post=31921"},{"taxonomy":"product_area","embeddable":true,"href":"https:\/\/www.manetti.com\/es\/wp-json\/wp\/v2\/product_area?post=31921"},{"taxonomy":"catalog_category","embeddable":true,"href":"https:\/\/www.manetti.com\/es\/wp-json\/wp\/v2\/catalog_category?post=31921"}],"curies":[{"name":"wp","href":"https:\/\/api.w.org\/{rel}","templated":true}]}}