{"id":31927,"date":"2020-01-31T11:55:08","date_gmt":"2020-01-31T10:55:08","guid":{"rendered":"https:\/\/www.manetti.com\/prodotto\/foglia-palladio-a-filo\/"},"modified":"2025-08-27T12:00:45","modified_gmt":"2025-08-27T10:00:45","slug":"hoja-paladio-al-filo","status":"publish","type":"product","link":"https:\/\/www.manetti.com\/es\/producto\/hoja-paladio-al-filo\/","title":{"rendered":"Hoja paladio al filo"},"content":{"rendered":"<p>Disponible en la medida 80 x 80 mm, la hoja de paladio al filo se emplea principalmente en el mercado franc\u00e9s. Caracterizada por una perfecta cuadratura de la hoja que se extiende hasta el borde del librillo. Su aplicaci\u00f3n requiere de una especial habilidad y conocimientos espec\u00edficos. La hoja de paladio al filo est\u00e1 embalada en librillos de 25 hojas cada uno.<\/p>\n","protected":false},"excerpt":{"rendered":"<p>Preferida por los decoradores m\u00e1s experimentados, la hoja de alambre de paladio es especialmente demandada en el mercado franc\u00e9s. Cada cuaderno contiene 25 hojas. [&#8230;]<\/p>\n<p><a class=\"btn btn-secondary understrap-read-more-link\" href=\"https:\/\/www.manetti.com\/es\/producto\/hoja-paladio-al-filo\/\">Leer m\u00e1s&#8230;<\/a><\/p>\n","protected":false},"featured_media":31929,"template":"","meta":{"_acf_changed":false},"product_brand":[],"product_cat":[172],"product_tag":[167],"product_area":[],"catalog_category":[794,971,997],"class_list":{"0":"post-31927","1":"product","2":"type-product","3":"status-publish","4":"has-post-thumbnail","6":"product_cat-hoja-de-paladio","7":"product_tag-prodotti-speciali-es","8":"catalog_category-dorado-y-restauracion","9":"catalog_category-dorado-y-restauracion-pan-de-oro-y-otros-metales","10":"catalog_category-dorado-y-restauracion-hoja-de-pan-de-oro-al-filo","12":"first","13":"instock","14":"shipping-taxable","15":"purchasable","16":"product-type-variable"},"acf":[],"yoast_head":"<!-- This site is optimized with the Yoast SEO plugin v26.5 - https:\/\/yoast.com\/wordpress\/plugins\/seo\/ -->\n<title>Hoja paladio al filo Folletos de 25 | Giusto Manetti Battiloro<\/title>\n<meta name=\"description\" content=\"El Hoja paladio al filo se utiliza principalmente en el mercado franc\u00e9s y se caracteriza por una perfecta cuadratura de la hoja.\" \/>\n<meta name=\"robots\" content=\"index, follow, max-snippet:-1, max-image-preview:large, max-video-preview:-1\" \/>\n<link rel=\"canonical\" href=\"https:\/\/www.manetti.com\/es\/producto\/hoja-paladio-al-filo\/\" \/>\n<meta property=\"og:locale\" content=\"es_ES\" \/>\n<meta property=\"og:type\" content=\"article\" \/>\n<meta property=\"og:title\" content=\"Hoja paladio al filo Folletos de 25 | Giusto Manetti Battiloro\" \/>\n<meta property=\"og:description\" content=\"El Hoja paladio al filo se utiliza principalmente en el mercado franc\u00e9s y se caracteriza por una perfecta cuadratura de la hoja.\" \/>\n<meta property=\"og:url\" content=\"https:\/\/www.manetti.com\/es\/producto\/hoja-paladio-al-filo\/\" \/>\n<meta property=\"og:site_name\" content=\"Giusto Manetti Battiloro\" \/>\n<meta property=\"article:publisher\" content=\"https:\/\/www.facebook.com\/giustomanettibattiloro\" \/>\n<meta property=\"article:modified_time\" content=\"2025-08-27T10:00:45+00:00\" \/>\n<meta property=\"og:image\" content=\"https:\/\/www.manetti.com\/wp-content\/uploads\/2020\/01\/a_filo_palladio.png\" \/>\n\t<meta property=\"og:image:width\" content=\"200\" \/>\n\t<meta property=\"og:image:height\" content=\"200\" \/>\n\t<meta property=\"og:image:type\" content=\"image\/png\" \/>\n<meta name=\"twitter:card\" content=\"summary_large_image\" \/>\n<script type=\"application\/ld+json\" class=\"yoast-schema-graph\">{\"@context\":\"https:\/\/schema.org\",\"@graph\":[{\"@type\":\"WebPage\",\"@id\":\"https:\/\/www.manetti.com\/es\/producto\/hoja-paladio-al-filo\/\",\"url\":\"https:\/\/www.manetti.com\/es\/producto\/hoja-paladio-al-filo\/\",\"name\":\"Hoja paladio al filo Folletos de 25 | Giusto Manetti Battiloro\",\"isPartOf\":{\"@id\":\"https:\/\/www.manetti.com\/es\/#website\"},\"primaryImageOfPage\":{\"@id\":\"https:\/\/www.manetti.com\/es\/producto\/hoja-paladio-al-filo\/#primaryimage\"},\"image\":{\"@id\":\"https:\/\/www.manetti.com\/es\/producto\/hoja-paladio-al-filo\/#primaryimage\"},\"thumbnailUrl\":\"https:\/\/www.manetti.com\/wp-content\/uploads\/2020\/01\/a_filo_palladio.png\",\"datePublished\":\"2020-01-31T10:55:08+00:00\",\"dateModified\":\"2025-08-27T10:00:45+00:00\",\"description\":\"El Hoja paladio al filo se utiliza principalmente en el mercado franc\u00e9s y se caracteriza por una perfecta cuadratura de la hoja.\",\"inLanguage\":\"es\",\"potentialAction\":[{\"@type\":\"ReadAction\",\"target\":[\"https:\/\/www.manetti.com\/es\/producto\/hoja-paladio-al-filo\/\"]}]},{\"@type\":\"ImageObject\",\"inLanguage\":\"es\",\"@id\":\"https:\/\/www.manetti.com\/es\/producto\/hoja-paladio-al-filo\/#primaryimage\",\"url\":\"https:\/\/www.manetti.com\/wp-content\/uploads\/2020\/01\/a_filo_palladio.png\",\"contentUrl\":\"https:\/\/www.manetti.com\/wp-content\/uploads\/2020\/01\/a_filo_palladio.png\",\"width\":200,\"height\":200},{\"@type\":\"WebSite\",\"@id\":\"https:\/\/www.manetti.com\/es\/#website\",\"url\":\"https:\/\/www.manetti.com\/es\/\",\"name\":\"Giusto Manetti Battiloro\",\"description\":\"\",\"publisher\":{\"@id\":\"https:\/\/www.manetti.com\/es\/#organization\"},\"potentialAction\":[{\"@type\":\"SearchAction\",\"target\":{\"@type\":\"EntryPoint\",\"urlTemplate\":\"https:\/\/www.manetti.com\/es\/?s={search_term_string}\"},\"query-input\":{\"@type\":\"PropertyValueSpecification\",\"valueRequired\":true,\"valueName\":\"search_term_string\"}}],\"inLanguage\":\"es\"},{\"@type\":\"Organization\",\"@id\":\"https:\/\/www.manetti.com\/es\/#organization\",\"name\":\"GIUSTO MANETTI BATTILORO S.P.A.\",\"url\":\"https:\/\/www.manetti.com\/es\/\",\"logo\":{\"@type\":\"ImageObject\",\"inLanguage\":\"es\",\"@id\":\"https:\/\/www.manetti.com\/es\/#\/schema\/logo\/image\/\",\"url\":\"https:\/\/www.manetti.com\/wp-content\/uploads\/2025\/02\/giusto-manetti-blu_300-02.png\",\"contentUrl\":\"https:\/\/www.manetti.com\/wp-content\/uploads\/2025\/02\/giusto-manetti-blu_300-02.png\",\"width\":1123,\"height\":1093,\"caption\":\"GIUSTO MANETTI BATTILORO S.P.A.\"},\"image\":{\"@id\":\"https:\/\/www.manetti.com\/es\/#\/schema\/logo\/image\/\"},\"sameAs\":[\"https:\/\/www.facebook.com\/giustomanettibattiloro\",\"https:\/\/www.instagram.com\/giustomanettibattiloro\/\",\"https:\/\/www.linkedin.com\/company\/giusto-manetti-battiloro-s-p-a-\/\",\"https:\/\/www.youtube.com\/user\/ManettiBattiloro\"]}]}<\/script>\n<!-- \/ Yoast SEO plugin. -->","yoast_head_json":{"title":"Hoja paladio al filo Folletos de 25 | Giusto Manetti Battiloro","description":"El Hoja paladio al filo se utiliza principalmente en el mercado franc\u00e9s y se caracteriza por una perfecta cuadratura de la hoja.","robots":{"index":"index","follow":"follow","max-snippet":"max-snippet:-1","max-image-preview":"max-image-preview:large","max-video-preview":"max-video-preview:-1"},"canonical":"https:\/\/www.manetti.com\/es\/producto\/hoja-paladio-al-filo\/","og_locale":"es_ES","og_type":"article","og_title":"Hoja paladio al filo Folletos de 25 | Giusto Manetti Battiloro","og_description":"El Hoja paladio al filo se utiliza principalmente en el mercado franc\u00e9s y se caracteriza por una perfecta cuadratura de la hoja.","og_url":"https:\/\/www.manetti.com\/es\/producto\/hoja-paladio-al-filo\/","og_site_name":"Giusto Manetti Battiloro","article_publisher":"https:\/\/www.facebook.com\/giustomanettibattiloro","article_modified_time":"2025-08-27T10:00:45+00:00","og_image":[{"width":200,"height":200,"url":"https:\/\/www.manetti.com\/wp-content\/uploads\/2020\/01\/a_filo_palladio.png","type":"image\/png"}],"twitter_card":"summary_large_image","schema":{"@context":"https:\/\/schema.org","@graph":[{"@type":"WebPage","@id":"https:\/\/www.manetti.com\/es\/producto\/hoja-paladio-al-filo\/","url":"https:\/\/www.manetti.com\/es\/producto\/hoja-paladio-al-filo\/","name":"Hoja paladio al filo Folletos de 25 | Giusto Manetti Battiloro","isPartOf":{"@id":"https:\/\/www.manetti.com\/es\/#website"},"primaryImageOfPage":{"@id":"https:\/\/www.manetti.com\/es\/producto\/hoja-paladio-al-filo\/#primaryimage"},"image":{"@id":"https:\/\/www.manetti.com\/es\/producto\/hoja-paladio-al-filo\/#primaryimage"},"thumbnailUrl":"https:\/\/www.manetti.com\/wp-content\/uploads\/2020\/01\/a_filo_palladio.png","datePublished":"2020-01-31T10:55:08+00:00","dateModified":"2025-08-27T10:00:45+00:00","description":"El Hoja paladio al filo se utiliza principalmente en el mercado franc\u00e9s y se caracteriza por una perfecta cuadratura de la hoja.","inLanguage":"es","potentialAction":[{"@type":"ReadAction","target":["https:\/\/www.manetti.com\/es\/producto\/hoja-paladio-al-filo\/"]}]},{"@type":"ImageObject","inLanguage":"es","@id":"https:\/\/www.manetti.com\/es\/producto\/hoja-paladio-al-filo\/#primaryimage","url":"https:\/\/www.manetti.com\/wp-content\/uploads\/2020\/01\/a_filo_palladio.png","contentUrl":"https:\/\/www.manetti.com\/wp-content\/uploads\/2020\/01\/a_filo_palladio.png","width":200,"height":200},{"@type":"WebSite","@id":"https:\/\/www.manetti.com\/es\/#website","url":"https:\/\/www.manetti.com\/es\/","name":"Giusto Manetti Battiloro","description":"","publisher":{"@id":"https:\/\/www.manetti.com\/es\/#organization"},"potentialAction":[{"@type":"SearchAction","target":{"@type":"EntryPoint","urlTemplate":"https:\/\/www.manetti.com\/es\/?s={search_term_string}"},"query-input":{"@type":"PropertyValueSpecification","valueRequired":true,"valueName":"search_term_string"}}],"inLanguage":"es"},{"@type":"Organization","@id":"https:\/\/www.manetti.com\/es\/#organization","name":"GIUSTO MANETTI BATTILORO S.P.A.","url":"https:\/\/www.manetti.com\/es\/","logo":{"@type":"ImageObject","inLanguage":"es","@id":"https:\/\/www.manetti.com\/es\/#\/schema\/logo\/image\/","url":"https:\/\/www.manetti.com\/wp-content\/uploads\/2025\/02\/giusto-manetti-blu_300-02.png","contentUrl":"https:\/\/www.manetti.com\/wp-content\/uploads\/2025\/02\/giusto-manetti-blu_300-02.png","width":1123,"height":1093,"caption":"GIUSTO MANETTI BATTILORO S.P.A."},"image":{"@id":"https:\/\/www.manetti.com\/es\/#\/schema\/logo\/image\/"},"sameAs":["https:\/\/www.facebook.com\/giustomanettibattiloro","https:\/\/www.instagram.com\/giustomanettibattiloro\/","https:\/\/www.linkedin.com\/company\/giusto-manetti-battiloro-s-p-a-\/","https:\/\/www.youtube.com\/user\/ManettiBattiloro"]}]}},"_links":{"self":[{"href":"https:\/\/www.manetti.com\/es\/wp-json\/wp\/v2\/product\/31927","targetHints":{"allow":["GET"]}}],"collection":[{"href":"https:\/\/www.manetti.com\/es\/wp-json\/wp\/v2\/product"}],"about":[{"href":"https:\/\/www.manetti.com\/es\/wp-json\/wp\/v2\/types\/product"}],"wp:featuredmedia":[{"embeddable":true,"href":"https:\/\/www.manetti.com\/es\/wp-json\/wp\/v2\/media\/31929"}],"wp:attachment":[{"href":"https:\/\/www.manetti.com\/es\/wp-json\/wp\/v2\/media?parent=31927"}],"wp:term":[{"taxonomy":"product_brand","embeddable":true,"href":"https:\/\/www.manetti.com\/es\/wp-json\/wp\/v2\/product_brand?post=31927"},{"taxonomy":"product_cat","embeddable":true,"href":"https:\/\/www.manetti.com\/es\/wp-json\/wp\/v2\/product_cat?post=31927"},{"taxonomy":"product_tag","embeddable":true,"href":"https:\/\/www.manetti.com\/es\/wp-json\/wp\/v2\/product_tag?post=31927"},{"taxonomy":"product_area","embeddable":true,"href":"https:\/\/www.manetti.com\/es\/wp-json\/wp\/v2\/product_area?post=31927"},{"taxonomy":"catalog_category","embeddable":true,"href":"https:\/\/www.manetti.com\/es\/wp-json\/wp\/v2\/catalog_category?post=31927"}],"curies":[{"name":"wp","href":"https:\/\/api.w.org\/{rel}","templated":true}]}}