{"id":35660,"date":"2019-11-22T17:04:07","date_gmt":"2019-11-22T16:04:07","guid":{"rendered":"https:\/\/www.manetti.com\/prodotto\/foglia-oro-in-libretto\/"},"modified":"2025-05-07T12:14:38","modified_gmt":"2025-05-07T10:14:38","slug":"pan-de-oro-puro-libro","status":"publish","type":"product","link":"https:\/\/www.manetti.com\/es\/producto\/pan-de-oro-puro-libro\/","title":{"rendered":"Pan de oro puro en libro"},"content":{"rendered":"<h2 class=\"text-color\">Pan de oro puro en libro<\/h2>\n<p><strong>El <\/strong><strong>libro<\/strong><strong> es una de las modalidades tradicionales de confecci\u00f3n de la <\/strong><strong>hoja de oro<\/strong> y consiste en la inserci\u00f3n de esta entre las p\u00e1ginas de un peque\u00f1o libro, en forma suelta o de calco. <strong>El oro puro en hoja suelta <\/strong>est\u00e1 disponible en medidas y espesores diversos en funci\u00f3n de su tonalidad, y puede aplicarse con la t\u00e9cnica del <strong>dorado al mordiente o al agua<\/strong>. La hoja de oro suelta est\u00e1 particularmente indicada <strong>para la restauraci\u00f3n y para su uso sobre superficies trabajadas<\/strong>. <strong>La hoja de oro de calco (<\/strong><strong>transferible)<\/strong><strong>,<\/strong> de dimensiones diversas en funci\u00f3n de la tonalidad elegida, se coloca sobre papel de seda para que sea m\u00e1s f\u00e1cil y r\u00e1pido su agarre y aplicaci\u00f3n en el <strong>proceso de dorado de superficies planas<\/strong>.<\/p>\n<div class=\"show_more\"><p class=\"wpsm-show\" style=\"color: #c39f5f; font-size: 100%; text-align: left;\"> Leer m\u00e1s<\/p><div class=\"wpsm-content\"><\/p>\n<p>La hoja se prensa sobre el papel de seda sin utilizar ninguna sustancia adherente. Existen varios grados de prensado posibles en funci\u00f3n de la elaboraci\u00f3n del oro. <strong>Se aconseja asimismo su uso en los procesos de dorado realizados en ambiente externo<\/strong>. <strong>La <\/strong><strong>hoja de calco en oro puro<\/strong> resulta perfecta para aplicaciones sobre superficies lisas, planas o convexas, como obras de arte, c\u00fapulas, arquitectura contempor\u00e1nea, monumentos, &#8220;lettering&#8221; e &#8220;interior design&#8221;, y se confecciona en <strong>paquetes de 25 hojas cada uno<\/strong>.<\/p>\n<h2>Producci\u00f3n Made In Italy de la hoja de oro aut\u00e9ntico<\/h2>\n<p><strong>El pan de oro Manetti<\/strong>, elaborado en nuestras instalaciones de Campi Bisenzio, pr\u00f3ximas a Florencia, es la<strong> combinaci\u00f3n perfecta entre elaboraci\u00f3n mec\u00e1nica y manual<\/strong>. El oro en hoja suelta que se presenta en forma de libro se puede adquirir a partir <strong>de 24 quilates y hasta 6 quilates, y en 26 tonalidades<\/strong>, entre las que se encuentran el amarillo cl\u00e1sico, el rojo, el platino, el verde. el blanco, el Champagne y el novedoso Oro Rosa 22k, tonalidad exclusiva de Giusto Manetti Battiloro. <strong>Ponemos a disposici\u00f3n de nuestros clientes un personal experto<\/strong> que le aconsejar\u00e1 sobre el producto m\u00e1s adecuado a sus exigencias y le suministrar\u00e1 informaci\u00f3n detallada sobre las modalidades de aplicaci\u00f3n del oro Manetti sobre diferente superficies.<br \/>\n<strong>Exportamos nuestro oro en hojas a todo el mundo<\/strong> y garantizamos su certificaci\u00f3n <em>&#8220;no conflict<\/em> <em>gold&#8221;<\/em>; asimismo el material est\u00e1 sometido a seguimiento y control a lo largo de toda la cadena de producci\u00f3n.<br \/>\n<strong>Estamos a su disposici\u00f3n para suministrar informaci\u00f3n adicional sobre precios, as\u00ed como para la elaboraci\u00f3n de presupuestos<\/strong>.<\/p>\n<p> <p class=\"wpsm-hide\" style=\"color: #c39f5f; font-size: 100%; text-align: left;\"> Leer menos<\/p><\/div><\/div>\n","protected":false},"excerpt":{"rendered":"<p>Disponible en diferentes tama\u00f1os y grosores, el folleto de pan de oro puro es ideal para la restauraci\u00f3n, para el dorado en misi\u00f3n o gouache de superficies trabajadas y para la aplicaci\u00f3n de calcos en superficies planas, tanto en interiores como en exteriores. Cada cuaderno contiene 25 hojas. [&#8230;]<\/p>\n<p><a class=\"btn btn-secondary understrap-read-more-link\" href=\"https:\/\/www.manetti.com\/es\/producto\/pan-de-oro-puro-libro\/\">Leer m\u00e1s&#8230;<\/a><\/p>\n","protected":false},"featured_media":74115,"template":"","meta":{"_acf_changed":false},"product_brand":[],"product_cat":[166],"product_tag":[182],"product_area":[],"catalog_category":[794,971],"class_list":{"0":"post-35660","1":"product","2":"type-product","3":"status-publish","4":"has-post-thumbnail","6":"product_cat-pan-de-oro-genuino","7":"product_tag-foglia-in-libretto-es","8":"catalog_category-dorado-y-restauracion","9":"catalog_category-dorado-y-restauracion-pan-de-oro-y-otros-metales","11":"first","12":"instock","13":"shipping-taxable","14":"purchasable","15":"product-type-variable"},"acf":[],"yoast_head":"<!-- This site is optimized with the Yoast SEO plugin v26.5 - https:\/\/yoast.com\/wordpress\/plugins\/seo\/ -->\n<title>Pan de oro puro en libro | Transferible y Sueltas - paquestes<\/title>\n<meta name=\"description\" content=\"El pan de oro libre es apto para restauraci\u00f3n y uso en superficies trabajadas, mientras que el transfer uno en superficies planas al aire libre.\" \/>\n<meta name=\"robots\" content=\"index, follow, max-snippet:-1, max-image-preview:large, max-video-preview:-1\" \/>\n<link rel=\"canonical\" href=\"https:\/\/www.manetti.com\/es\/producto\/pan-de-oro-puro-libro\/\" \/>\n<meta property=\"og:locale\" content=\"es_ES\" \/>\n<meta property=\"og:type\" content=\"article\" \/>\n<meta property=\"og:title\" content=\"La hoja de oro en librito, suelta o de calco | Giusto Manetti Battiloro\" \/>\n<meta property=\"og:description\" content=\"El pan de oro libre es apto para restauraci\u00f3n y uso en superficies trabajadas, mientras que el transfer uno en superficies planas al aire libre.\" \/>\n<meta property=\"og:url\" content=\"https:\/\/www.manetti.com\/es\/producto\/pan-de-oro-puro-libro\/\" \/>\n<meta property=\"og:site_name\" content=\"Giusto Manetti Battiloro\" \/>\n<meta property=\"article:publisher\" content=\"https:\/\/www.facebook.com\/giustomanettibattiloro\" \/>\n<meta property=\"article:modified_time\" content=\"2025-05-07T10:14:38+00:00\" \/>\n<meta property=\"og:image\" content=\"https:\/\/www.manetti.com\/wp-content\/uploads\/2019\/11\/3.FogliaOroManetti_CatalogoHomepage1920.jpg\" \/>\n\t<meta property=\"og:image:width\" content=\"1920\" \/>\n\t<meta property=\"og:image:height\" content=\"1183\" \/>\n\t<meta property=\"og:image:type\" content=\"image\/jpeg\" \/>\n<meta name=\"twitter:card\" content=\"summary_large_image\" \/>\n<meta name=\"twitter:title\" content=\"La hoja de oro en librito, suelta o de calco. | Giusto Manetti Battiloro\" \/>\n<meta name=\"twitter:description\" content=\"La hoja de oro suelta es adecuada para la restauraci\u00f3n y para su uso en superficies trabajadas, mientras que la de calco es ideal para superficies planas en exteriores.\" \/>\n<meta name=\"twitter:image\" content=\"https:\/\/www.manetti.com\/wp-content\/uploads\/2019\/11\/3.FogliaOroManetti_CatalogoHomepage1920.jpg\" \/>\n<meta name=\"twitter:label1\" content=\"Tiempo de lectura\" \/>\n\t<meta name=\"twitter:data1\" content=\"2 minutos\" \/>\n<script type=\"application\/ld+json\" class=\"yoast-schema-graph\">{\"@context\":\"https:\/\/schema.org\",\"@graph\":[{\"@type\":\"WebPage\",\"@id\":\"https:\/\/www.manetti.com\/es\/producto\/pan-de-oro-puro-libro\/\",\"url\":\"https:\/\/www.manetti.com\/es\/producto\/pan-de-oro-puro-libro\/\",\"name\":\"Pan de oro puro en libro | Transferible y Sueltas - paquestes\",\"isPartOf\":{\"@id\":\"https:\/\/www.manetti.com\/es\/#website\"},\"primaryImageOfPage\":{\"@id\":\"https:\/\/www.manetti.com\/es\/producto\/pan-de-oro-puro-libro\/#primaryimage\"},\"image\":{\"@id\":\"https:\/\/www.manetti.com\/es\/producto\/pan-de-oro-puro-libro\/#primaryimage\"},\"thumbnailUrl\":\"https:\/\/www.manetti.com\/wp-content\/uploads\/2020\/01\/24KT-ORO_scatola-e-libretto_web.png\",\"datePublished\":\"2019-11-22T16:04:07+00:00\",\"dateModified\":\"2025-05-07T10:14:38+00:00\",\"description\":\"El pan de oro libre es apto para restauraci\u00f3n y uso en superficies trabajadas, mientras que el transfer uno en superficies planas al aire libre.\",\"inLanguage\":\"es\",\"potentialAction\":[{\"@type\":\"ReadAction\",\"target\":[\"https:\/\/www.manetti.com\/es\/producto\/pan-de-oro-puro-libro\/\"]}]},{\"@type\":\"ImageObject\",\"inLanguage\":\"es\",\"@id\":\"https:\/\/www.manetti.com\/es\/producto\/pan-de-oro-puro-libro\/#primaryimage\",\"url\":\"https:\/\/www.manetti.com\/wp-content\/uploads\/2020\/01\/24KT-ORO_scatola-e-libretto_web.png\",\"contentUrl\":\"https:\/\/www.manetti.com\/wp-content\/uploads\/2020\/01\/24KT-ORO_scatola-e-libretto_web.png\",\"width\":700,\"height\":700},{\"@type\":\"WebSite\",\"@id\":\"https:\/\/www.manetti.com\/es\/#website\",\"url\":\"https:\/\/www.manetti.com\/es\/\",\"name\":\"Giusto Manetti Battiloro\",\"description\":\"\",\"publisher\":{\"@id\":\"https:\/\/www.manetti.com\/es\/#organization\"},\"potentialAction\":[{\"@type\":\"SearchAction\",\"target\":{\"@type\":\"EntryPoint\",\"urlTemplate\":\"https:\/\/www.manetti.com\/es\/?s={search_term_string}\"},\"query-input\":{\"@type\":\"PropertyValueSpecification\",\"valueRequired\":true,\"valueName\":\"search_term_string\"}}],\"inLanguage\":\"es\"},{\"@type\":\"Organization\",\"@id\":\"https:\/\/www.manetti.com\/es\/#organization\",\"name\":\"GIUSTO MANETTI BATTILORO S.P.A.\",\"url\":\"https:\/\/www.manetti.com\/es\/\",\"logo\":{\"@type\":\"ImageObject\",\"inLanguage\":\"es\",\"@id\":\"https:\/\/www.manetti.com\/es\/#\/schema\/logo\/image\/\",\"url\":\"https:\/\/www.manetti.com\/wp-content\/uploads\/2025\/02\/giusto-manetti-blu_300-02.png\",\"contentUrl\":\"https:\/\/www.manetti.com\/wp-content\/uploads\/2025\/02\/giusto-manetti-blu_300-02.png\",\"width\":1123,\"height\":1093,\"caption\":\"GIUSTO MANETTI BATTILORO S.P.A.\"},\"image\":{\"@id\":\"https:\/\/www.manetti.com\/es\/#\/schema\/logo\/image\/\"},\"sameAs\":[\"https:\/\/www.facebook.com\/giustomanettibattiloro\",\"https:\/\/www.instagram.com\/giustomanettibattiloro\/\",\"https:\/\/www.linkedin.com\/company\/giusto-manetti-battiloro-s-p-a-\/\",\"https:\/\/www.youtube.com\/user\/ManettiBattiloro\"]}]}<\/script>\n<!-- \/ Yoast SEO plugin. -->","yoast_head_json":{"title":"Pan de oro puro en libro | Transferible y Sueltas - paquestes","description":"El pan de oro libre es apto para restauraci\u00f3n y uso en superficies trabajadas, mientras que el transfer uno en superficies planas al aire libre.","robots":{"index":"index","follow":"follow","max-snippet":"max-snippet:-1","max-image-preview":"max-image-preview:large","max-video-preview":"max-video-preview:-1"},"canonical":"https:\/\/www.manetti.com\/es\/producto\/pan-de-oro-puro-libro\/","og_locale":"es_ES","og_type":"article","og_title":"La hoja de oro en librito, suelta o de calco | Giusto Manetti Battiloro","og_description":"El pan de oro libre es apto para restauraci\u00f3n y uso en superficies trabajadas, mientras que el transfer uno en superficies planas al aire libre.","og_url":"https:\/\/www.manetti.com\/es\/producto\/pan-de-oro-puro-libro\/","og_site_name":"Giusto Manetti Battiloro","article_publisher":"https:\/\/www.facebook.com\/giustomanettibattiloro","article_modified_time":"2025-05-07T10:14:38+00:00","og_image":[{"width":1920,"height":1183,"url":"https:\/\/www.manetti.com\/wp-content\/uploads\/2019\/11\/3.FogliaOroManetti_CatalogoHomepage1920.jpg","type":"image\/jpeg"}],"twitter_card":"summary_large_image","twitter_title":"La hoja de oro en librito, suelta o de calco. | Giusto Manetti Battiloro","twitter_description":"La hoja de oro suelta es adecuada para la restauraci\u00f3n y para su uso en superficies trabajadas, mientras que la de calco es ideal para superficies planas en exteriores.","twitter_image":"https:\/\/www.manetti.com\/wp-content\/uploads\/2019\/11\/3.FogliaOroManetti_CatalogoHomepage1920.jpg","twitter_misc":{"Tiempo de lectura":"2 minutos"},"schema":{"@context":"https:\/\/schema.org","@graph":[{"@type":"WebPage","@id":"https:\/\/www.manetti.com\/es\/producto\/pan-de-oro-puro-libro\/","url":"https:\/\/www.manetti.com\/es\/producto\/pan-de-oro-puro-libro\/","name":"Pan de oro puro en libro | Transferible y Sueltas - paquestes","isPartOf":{"@id":"https:\/\/www.manetti.com\/es\/#website"},"primaryImageOfPage":{"@id":"https:\/\/www.manetti.com\/es\/producto\/pan-de-oro-puro-libro\/#primaryimage"},"image":{"@id":"https:\/\/www.manetti.com\/es\/producto\/pan-de-oro-puro-libro\/#primaryimage"},"thumbnailUrl":"https:\/\/www.manetti.com\/wp-content\/uploads\/2020\/01\/24KT-ORO_scatola-e-libretto_web.png","datePublished":"2019-11-22T16:04:07+00:00","dateModified":"2025-05-07T10:14:38+00:00","description":"El pan de oro libre es apto para restauraci\u00f3n y uso en superficies trabajadas, mientras que el transfer uno en superficies planas al aire libre.","inLanguage":"es","potentialAction":[{"@type":"ReadAction","target":["https:\/\/www.manetti.com\/es\/producto\/pan-de-oro-puro-libro\/"]}]},{"@type":"ImageObject","inLanguage":"es","@id":"https:\/\/www.manetti.com\/es\/producto\/pan-de-oro-puro-libro\/#primaryimage","url":"https:\/\/www.manetti.com\/wp-content\/uploads\/2020\/01\/24KT-ORO_scatola-e-libretto_web.png","contentUrl":"https:\/\/www.manetti.com\/wp-content\/uploads\/2020\/01\/24KT-ORO_scatola-e-libretto_web.png","width":700,"height":700},{"@type":"WebSite","@id":"https:\/\/www.manetti.com\/es\/#website","url":"https:\/\/www.manetti.com\/es\/","name":"Giusto Manetti Battiloro","description":"","publisher":{"@id":"https:\/\/www.manetti.com\/es\/#organization"},"potentialAction":[{"@type":"SearchAction","target":{"@type":"EntryPoint","urlTemplate":"https:\/\/www.manetti.com\/es\/?s={search_term_string}"},"query-input":{"@type":"PropertyValueSpecification","valueRequired":true,"valueName":"search_term_string"}}],"inLanguage":"es"},{"@type":"Organization","@id":"https:\/\/www.manetti.com\/es\/#organization","name":"GIUSTO MANETTI BATTILORO S.P.A.","url":"https:\/\/www.manetti.com\/es\/","logo":{"@type":"ImageObject","inLanguage":"es","@id":"https:\/\/www.manetti.com\/es\/#\/schema\/logo\/image\/","url":"https:\/\/www.manetti.com\/wp-content\/uploads\/2025\/02\/giusto-manetti-blu_300-02.png","contentUrl":"https:\/\/www.manetti.com\/wp-content\/uploads\/2025\/02\/giusto-manetti-blu_300-02.png","width":1123,"height":1093,"caption":"GIUSTO MANETTI BATTILORO S.P.A."},"image":{"@id":"https:\/\/www.manetti.com\/es\/#\/schema\/logo\/image\/"},"sameAs":["https:\/\/www.facebook.com\/giustomanettibattiloro","https:\/\/www.instagram.com\/giustomanettibattiloro\/","https:\/\/www.linkedin.com\/company\/giusto-manetti-battiloro-s-p-a-\/","https:\/\/www.youtube.com\/user\/ManettiBattiloro"]}]}},"_links":{"self":[{"href":"https:\/\/www.manetti.com\/es\/wp-json\/wp\/v2\/product\/35660","targetHints":{"allow":["GET"]}}],"collection":[{"href":"https:\/\/www.manetti.com\/es\/wp-json\/wp\/v2\/product"}],"about":[{"href":"https:\/\/www.manetti.com\/es\/wp-json\/wp\/v2\/types\/product"}],"wp:featuredmedia":[{"embeddable":true,"href":"https:\/\/www.manetti.com\/es\/wp-json\/wp\/v2\/media\/74115"}],"wp:attachment":[{"href":"https:\/\/www.manetti.com\/es\/wp-json\/wp\/v2\/media?parent=35660"}],"wp:term":[{"taxonomy":"product_brand","embeddable":true,"href":"https:\/\/www.manetti.com\/es\/wp-json\/wp\/v2\/product_brand?post=35660"},{"taxonomy":"product_cat","embeddable":true,"href":"https:\/\/www.manetti.com\/es\/wp-json\/wp\/v2\/product_cat?post=35660"},{"taxonomy":"product_tag","embeddable":true,"href":"https:\/\/www.manetti.com\/es\/wp-json\/wp\/v2\/product_tag?post=35660"},{"taxonomy":"product_area","embeddable":true,"href":"https:\/\/www.manetti.com\/es\/wp-json\/wp\/v2\/product_area?post=35660"},{"taxonomy":"catalog_category","embeddable":true,"href":"https:\/\/www.manetti.com\/es\/wp-json\/wp\/v2\/catalog_category?post=35660"}],"curies":[{"name":"wp","href":"https:\/\/api.w.org\/{rel}","templated":true}]}}