{"id":35727,"date":"2019-11-26T16:48:29","date_gmt":"2019-11-26T15:48:29","guid":{"rendered":"https:\/\/www.manetti.com\/prodotto\/foglia-oro-in-rotolo\/"},"modified":"2025-04-08T15:50:31","modified_gmt":"2025-04-08T13:50:31","slug":"pan-de-oro-en-rollo","status":"publish","type":"product","link":"https:\/\/www.manetti.com\/es\/producto\/pan-de-oro-en-rollo\/","title":{"rendered":"Pan de oro en rollo"},"content":{"rendered":"<p>El pan de oro en rollo permite una <strong>doradura r\u00e1pida y precisa de superficies amplias y planas<\/strong>. Las hojas sueltas se aplican manualmente en un<strong> rollo de papel de seda<\/strong> con una largura est\u00e1ndar de 20,5 metros y una altura variable seg\u00fan el tama\u00f1o de la hoja.<\/p>\n<p>Para el uso en la fase de doradura se puede cortar la hoja de oro en rollo a lo largo utilizando unas tijeras normales, poniendo especial atenci\u00f3n en realizar la operaci\u00f3n uniendo dos hojas. <strong>A petici\u00f3n, el<\/strong><strong> rollo de oro<\/strong><strong> se puede suministrar cortado en altura, a partir de un m\u00ednimo de 10 mil\u00edmetros, con largura fija de 20,5 metros<\/strong>.<\/p>\n<div class=\"show_more\"><p class=\"wpsm-show\" style=\"color: #c39f5f; font-size: 100%; text-align: left;\"> Leer m\u00e1s<\/p><div class=\"wpsm-content\"><\/p>\n<h2>Pan de oro aut\u00e9ntico confeccionada en Florencia<\/h2>\n<p>El pan de oro en rollo Manetti est\u00e1 disponibile en <strong>diferentes alturas<\/strong>. Su naturaleza en rollo permite el corte al mil\u00edmetro, seg\u00fan las exigencias del cliente. Se puede elegir entre numerosos <strong>quilates (de 24 a 6) y<\/strong> entre <strong>23 tonalidades<\/strong> como rojo, champ\u00e1n, lim\u00f3n, naranja y nuestro exclusivo Oro Rosa de 22 quilates, resultado de 8 a\u00f1os de experimentaci\u00f3n y b\u00fasqueda. El oro en rollo est\u00e1 indicado <strong>para aplicarlo en grandes superficies lisas y redondeadas, internas y externas<\/strong>, como techos y c\u00fapulas. El procedimiento de doradura es muy simple: despu\u00e9s de aplicar el mordiente, el rollo se envuelve en la zona que hay que dorar y la hoja de oro se pega haciendo presi\u00f3n por el lado del papel de seda. Al final, se quita esta \u00faltima. La acci\u00f3n del pegamento permite <strong>que se pegue la hoja y que sea f\u00e1cil retirar el papel del rollo<\/strong>.<\/p>\n<p><strong>Producimos y confeccionamos todos los lotes de<\/strong><a href=\"https:\/\/www.manetti.com\/es\/catalogo-productos\/pan-de-oro\/\"><strong> pan de oro <\/strong><\/a><strong>en Italia<\/strong>, aplicando un estricto control de calidad en toda la hilera, a partir de la <strong>certificaci\u00f3n <em>no-conflict<\/em><\/strong> de la materia prima, adquirida por instituciones bancarias autorizadas por las normativas internacionales. <strong>Exportamos el oro en rollo a todo el mundo<\/strong> y, a petici\u00f3n de los clientes, ponemos a su disposici\u00f3n nuestra <strong>red internacional de doradores cualificados<\/strong>. Estamos junto al cliente desde el presupuesto hasta la posventa para buscar siempre la mejor soluci\u00f3n seg\u00fan las necesidades. <strong>Estamos a su disposici\u00f3n para informarle sobre precios y presupuestos<\/strong>.<\/p>\n<p> <p class=\"wpsm-hide\" style=\"color: #c39f5f; font-size: 100%; text-align: left;\"> Leer menos<\/p><\/div><\/div>\n","protected":false},"excerpt":{"rendered":"<p>Perfecto para dorar con rapidez y precisi\u00f3n grandes superficies planas, el rollo de pan de oro se corta f\u00e1cilmente al tama\u00f1o necesario para cada aplicaci\u00f3n. [&#8230;]<\/p>\n<p><a class=\"btn btn-secondary understrap-read-more-link\" href=\"https:\/\/www.manetti.com\/es\/producto\/pan-de-oro-en-rollo\/\">Leer m\u00e1s&#8230;<\/a><\/p>\n","protected":false},"featured_media":74131,"template":"","meta":{"_acf_changed":false},"product_brand":[],"product_cat":[166],"product_tag":[180],"product_area":[],"catalog_category":[806,963],"class_list":{"0":"post-35727","1":"product","2":"type-product","3":"status-publish","4":"has-post-thumbnail","6":"product_cat-pan-de-oro-genuino","7":"product_tag-rotolo-es","8":"catalog_category-dorado-con-hoja-de-oro-en-rollo","9":"catalog_category-dorado-con-hoja-de-oro-en-rollo-pan-de-oro-en-rollo","11":"first","12":"instock","13":"shipping-taxable","14":"purchasable","15":"product-type-variable"},"acf":[],"yoast_head":"<!-- This site is optimized with the Yoast SEO plugin v26.5 - https:\/\/yoast.com\/wordpress\/plugins\/seo\/ -->\n<title>Pan de oro en rollo | Manetti<\/title>\n<meta name=\"description\" content=\"El Pan de oro en rollo permite un dorado r\u00e1pido y preciso. Las hojas individuales se aplican manualmente en un rollo de papel de seda.\" \/>\n<meta name=\"robots\" content=\"index, follow, max-snippet:-1, max-image-preview:large, max-video-preview:-1\" \/>\n<link rel=\"canonical\" href=\"https:\/\/www.manetti.com\/es\/producto\/pan-de-oro-en-rollo\/\" \/>\n<meta property=\"og:locale\" content=\"es_ES\" \/>\n<meta property=\"og:type\" content=\"article\" \/>\n<meta property=\"og:title\" content=\"Pan de oro en rollo | Manetti\" \/>\n<meta property=\"og:description\" content=\"El Pan de oro en rollo permite un dorado r\u00e1pido y preciso. Las hojas individuales se aplican manualmente en un rollo de papel de seda.\" \/>\n<meta property=\"og:url\" content=\"https:\/\/www.manetti.com\/es\/producto\/pan-de-oro-en-rollo\/\" \/>\n<meta property=\"og:site_name\" content=\"Giusto Manetti Battiloro\" \/>\n<meta property=\"article:publisher\" content=\"https:\/\/www.facebook.com\/giustomanettibattiloro\" \/>\n<meta property=\"article:modified_time\" content=\"2025-04-08T13:50:31+00:00\" \/>\n<meta property=\"og:image\" content=\"https:\/\/www.manetti.com\/wp-content\/uploads\/2019\/11\/Foglia-oro-rotolo_web-1.png\" \/>\n\t<meta property=\"og:image:width\" content=\"700\" \/>\n\t<meta property=\"og:image:height\" content=\"700\" \/>\n\t<meta property=\"og:image:type\" content=\"image\/png\" \/>\n<meta name=\"twitter:card\" content=\"summary_large_image\" \/>\n<meta name=\"twitter:label1\" content=\"Tiempo de lectura\" \/>\n\t<meta name=\"twitter:data1\" content=\"2 minutos\" \/>\n<script type=\"application\/ld+json\" class=\"yoast-schema-graph\">{\"@context\":\"https:\/\/schema.org\",\"@graph\":[{\"@type\":\"WebPage\",\"@id\":\"https:\/\/www.manetti.com\/es\/producto\/pan-de-oro-en-rollo\/\",\"url\":\"https:\/\/www.manetti.com\/es\/producto\/pan-de-oro-en-rollo\/\",\"name\":\"Pan de oro en rollo | Manetti\",\"isPartOf\":{\"@id\":\"https:\/\/www.manetti.com\/es\/#website\"},\"primaryImageOfPage\":{\"@id\":\"https:\/\/www.manetti.com\/es\/producto\/pan-de-oro-en-rollo\/#primaryimage\"},\"image\":{\"@id\":\"https:\/\/www.manetti.com\/es\/producto\/pan-de-oro-en-rollo\/#primaryimage\"},\"thumbnailUrl\":\"https:\/\/www.manetti.com\/wp-content\/uploads\/2019\/11\/Foglia-oro-rotolo_web-1.png\",\"datePublished\":\"2019-11-26T15:48:29+00:00\",\"dateModified\":\"2025-04-08T13:50:31+00:00\",\"description\":\"El Pan de oro en rollo permite un dorado r\u00e1pido y preciso. Las hojas individuales se aplican manualmente en un rollo de papel de seda.\",\"inLanguage\":\"es\",\"potentialAction\":[{\"@type\":\"ReadAction\",\"target\":[\"https:\/\/www.manetti.com\/es\/producto\/pan-de-oro-en-rollo\/\"]}]},{\"@type\":\"ImageObject\",\"inLanguage\":\"es\",\"@id\":\"https:\/\/www.manetti.com\/es\/producto\/pan-de-oro-en-rollo\/#primaryimage\",\"url\":\"https:\/\/www.manetti.com\/wp-content\/uploads\/2019\/11\/Foglia-oro-rotolo_web-1.png\",\"contentUrl\":\"https:\/\/www.manetti.com\/wp-content\/uploads\/2019\/11\/Foglia-oro-rotolo_web-1.png\",\"width\":700,\"height\":700},{\"@type\":\"WebSite\",\"@id\":\"https:\/\/www.manetti.com\/es\/#website\",\"url\":\"https:\/\/www.manetti.com\/es\/\",\"name\":\"Giusto Manetti Battiloro\",\"description\":\"\",\"publisher\":{\"@id\":\"https:\/\/www.manetti.com\/es\/#organization\"},\"potentialAction\":[{\"@type\":\"SearchAction\",\"target\":{\"@type\":\"EntryPoint\",\"urlTemplate\":\"https:\/\/www.manetti.com\/es\/?s={search_term_string}\"},\"query-input\":{\"@type\":\"PropertyValueSpecification\",\"valueRequired\":true,\"valueName\":\"search_term_string\"}}],\"inLanguage\":\"es\"},{\"@type\":\"Organization\",\"@id\":\"https:\/\/www.manetti.com\/es\/#organization\",\"name\":\"GIUSTO MANETTI BATTILORO S.P.A.\",\"url\":\"https:\/\/www.manetti.com\/es\/\",\"logo\":{\"@type\":\"ImageObject\",\"inLanguage\":\"es\",\"@id\":\"https:\/\/www.manetti.com\/es\/#\/schema\/logo\/image\/\",\"url\":\"https:\/\/www.manetti.com\/wp-content\/uploads\/2025\/02\/giusto-manetti-blu_300-02.png\",\"contentUrl\":\"https:\/\/www.manetti.com\/wp-content\/uploads\/2025\/02\/giusto-manetti-blu_300-02.png\",\"width\":1123,\"height\":1093,\"caption\":\"GIUSTO MANETTI BATTILORO S.P.A.\"},\"image\":{\"@id\":\"https:\/\/www.manetti.com\/es\/#\/schema\/logo\/image\/\"},\"sameAs\":[\"https:\/\/www.facebook.com\/giustomanettibattiloro\",\"https:\/\/www.instagram.com\/giustomanettibattiloro\/\",\"https:\/\/www.linkedin.com\/company\/giusto-manetti-battiloro-s-p-a-\/\",\"https:\/\/www.youtube.com\/user\/ManettiBattiloro\"]}]}<\/script>\n<!-- \/ Yoast SEO plugin. -->","yoast_head_json":{"title":"Pan de oro en rollo | Manetti","description":"El Pan de oro en rollo permite un dorado r\u00e1pido y preciso. Las hojas individuales se aplican manualmente en un rollo de papel de seda.","robots":{"index":"index","follow":"follow","max-snippet":"max-snippet:-1","max-image-preview":"max-image-preview:large","max-video-preview":"max-video-preview:-1"},"canonical":"https:\/\/www.manetti.com\/es\/producto\/pan-de-oro-en-rollo\/","og_locale":"es_ES","og_type":"article","og_title":"Pan de oro en rollo | Manetti","og_description":"El Pan de oro en rollo permite un dorado r\u00e1pido y preciso. Las hojas individuales se aplican manualmente en un rollo de papel de seda.","og_url":"https:\/\/www.manetti.com\/es\/producto\/pan-de-oro-en-rollo\/","og_site_name":"Giusto Manetti Battiloro","article_publisher":"https:\/\/www.facebook.com\/giustomanettibattiloro","article_modified_time":"2025-04-08T13:50:31+00:00","og_image":[{"width":700,"height":700,"url":"https:\/\/www.manetti.com\/wp-content\/uploads\/2019\/11\/Foglia-oro-rotolo_web-1.png","type":"image\/png"}],"twitter_card":"summary_large_image","twitter_misc":{"Tiempo de lectura":"2 minutos"},"schema":{"@context":"https:\/\/schema.org","@graph":[{"@type":"WebPage","@id":"https:\/\/www.manetti.com\/es\/producto\/pan-de-oro-en-rollo\/","url":"https:\/\/www.manetti.com\/es\/producto\/pan-de-oro-en-rollo\/","name":"Pan de oro en rollo | Manetti","isPartOf":{"@id":"https:\/\/www.manetti.com\/es\/#website"},"primaryImageOfPage":{"@id":"https:\/\/www.manetti.com\/es\/producto\/pan-de-oro-en-rollo\/#primaryimage"},"image":{"@id":"https:\/\/www.manetti.com\/es\/producto\/pan-de-oro-en-rollo\/#primaryimage"},"thumbnailUrl":"https:\/\/www.manetti.com\/wp-content\/uploads\/2019\/11\/Foglia-oro-rotolo_web-1.png","datePublished":"2019-11-26T15:48:29+00:00","dateModified":"2025-04-08T13:50:31+00:00","description":"El Pan de oro en rollo permite un dorado r\u00e1pido y preciso. Las hojas individuales se aplican manualmente en un rollo de papel de seda.","inLanguage":"es","potentialAction":[{"@type":"ReadAction","target":["https:\/\/www.manetti.com\/es\/producto\/pan-de-oro-en-rollo\/"]}]},{"@type":"ImageObject","inLanguage":"es","@id":"https:\/\/www.manetti.com\/es\/producto\/pan-de-oro-en-rollo\/#primaryimage","url":"https:\/\/www.manetti.com\/wp-content\/uploads\/2019\/11\/Foglia-oro-rotolo_web-1.png","contentUrl":"https:\/\/www.manetti.com\/wp-content\/uploads\/2019\/11\/Foglia-oro-rotolo_web-1.png","width":700,"height":700},{"@type":"WebSite","@id":"https:\/\/www.manetti.com\/es\/#website","url":"https:\/\/www.manetti.com\/es\/","name":"Giusto Manetti Battiloro","description":"","publisher":{"@id":"https:\/\/www.manetti.com\/es\/#organization"},"potentialAction":[{"@type":"SearchAction","target":{"@type":"EntryPoint","urlTemplate":"https:\/\/www.manetti.com\/es\/?s={search_term_string}"},"query-input":{"@type":"PropertyValueSpecification","valueRequired":true,"valueName":"search_term_string"}}],"inLanguage":"es"},{"@type":"Organization","@id":"https:\/\/www.manetti.com\/es\/#organization","name":"GIUSTO MANETTI BATTILORO S.P.A.","url":"https:\/\/www.manetti.com\/es\/","logo":{"@type":"ImageObject","inLanguage":"es","@id":"https:\/\/www.manetti.com\/es\/#\/schema\/logo\/image\/","url":"https:\/\/www.manetti.com\/wp-content\/uploads\/2025\/02\/giusto-manetti-blu_300-02.png","contentUrl":"https:\/\/www.manetti.com\/wp-content\/uploads\/2025\/02\/giusto-manetti-blu_300-02.png","width":1123,"height":1093,"caption":"GIUSTO MANETTI BATTILORO S.P.A."},"image":{"@id":"https:\/\/www.manetti.com\/es\/#\/schema\/logo\/image\/"},"sameAs":["https:\/\/www.facebook.com\/giustomanettibattiloro","https:\/\/www.instagram.com\/giustomanettibattiloro\/","https:\/\/www.linkedin.com\/company\/giusto-manetti-battiloro-s-p-a-\/","https:\/\/www.youtube.com\/user\/ManettiBattiloro"]}]}},"_links":{"self":[{"href":"https:\/\/www.manetti.com\/es\/wp-json\/wp\/v2\/product\/35727","targetHints":{"allow":["GET"]}}],"collection":[{"href":"https:\/\/www.manetti.com\/es\/wp-json\/wp\/v2\/product"}],"about":[{"href":"https:\/\/www.manetti.com\/es\/wp-json\/wp\/v2\/types\/product"}],"wp:featuredmedia":[{"embeddable":true,"href":"https:\/\/www.manetti.com\/es\/wp-json\/wp\/v2\/media\/74131"}],"wp:attachment":[{"href":"https:\/\/www.manetti.com\/es\/wp-json\/wp\/v2\/media?parent=35727"}],"wp:term":[{"taxonomy":"product_brand","embeddable":true,"href":"https:\/\/www.manetti.com\/es\/wp-json\/wp\/v2\/product_brand?post=35727"},{"taxonomy":"product_cat","embeddable":true,"href":"https:\/\/www.manetti.com\/es\/wp-json\/wp\/v2\/product_cat?post=35727"},{"taxonomy":"product_tag","embeddable":true,"href":"https:\/\/www.manetti.com\/es\/wp-json\/wp\/v2\/product_tag?post=35727"},{"taxonomy":"product_area","embeddable":true,"href":"https:\/\/www.manetti.com\/es\/wp-json\/wp\/v2\/product_area?post=35727"},{"taxonomy":"catalog_category","embeddable":true,"href":"https:\/\/www.manetti.com\/es\/wp-json\/wp\/v2\/catalog_category?post=35727"}],"curies":[{"name":"wp","href":"https:\/\/api.w.org\/{rel}","templated":true}]}}