{"id":35744,"date":"2020-01-21T10:32:35","date_gmt":"2020-01-21T09:32:35","guid":{"rendered":"https:\/\/www.manetti.com\/prodotto\/oro-in-polvere-e-conchiglia\/"},"modified":"2024-04-23T14:15:14","modified_gmt":"2024-04-23T12:15:14","slug":"oro-polvo-concha","status":"publish","type":"product","link":"https:\/\/www.manetti.com\/es\/producto\/oro-polvo-concha\/","title":{"rendered":"Oro en polvo y en concha"},"content":{"rendered":"<h1 style=\"color: #c39f5f;\">Oro en polvo y en concha<\/h1>\n<p>El polvo y las conchas de oro est\u00e1n indicadas para los <strong>retoques de doradura de hoja y para la doradura de superficies especialmente taraceadas<\/strong> y dif\u00edciles de alcanzar. Disponible en dos quilates diferentes, (<strong>23,75 y 22<\/strong>) el oro en polvo se tiene que mezclar <strong>siempre con un aglutinante antes de poderlo aplicar con un pincel de punta fina <\/strong>y cerdas suaves.<\/p>\n<p>El <strong>oro Manetti en concha<\/strong> solo est\u00e1 disponible en 23,\u00be quilates. Es un compuesto <strong>ya preparado para usarlo<\/strong> de <strong>aut\u00e9ntico oro puro en polvo y goma ar\u00e1bica<\/strong>. Se podr\u00e1 aplicar en la superficie que haya que decorar utilizando un pincel de punta fina previamente humedecido con agua, igual que un pincel de acuarela.<\/p>\n<div class=\"show_more\"><p class=\"wpsm-show\" style=\"color: #c39f5f; font-size: 100%; text-align: left;\"> Leer m\u00e1s<\/p><div class=\"wpsm-content\"><\/p>\n<h2><strong>\u00c1mbitos de utilizaci\u00f3n<\/strong><\/h2>\n<p><strong>La doradura con oro en polvo es una t\u00e9cnica praticada por artesanos profesionales, mientras que el uso del oro en concha est\u00e1 bastante extendido en el bricolaje<\/strong>. Los dos tipos son adecuados para <strong>acabar detalles a mano alzada<\/strong>, como se <a href=\"https:\/\/www.manetti.com\/es\/academia-doradura\/\">profundiza en la secci\u00f3n de Gilding Academy<\/a>. Este tipo de oro es \u00fatil para hacer <strong>retoques de doradura en especial en superficies de madera de muebles, marcos y obras antiguas,<\/strong> adem\u00e1s de cuadros e iconos. Para aplicar el <strong>polvo de oro<\/strong> se tiene que mezclar antes<strong> con un aglutinante<\/strong>, como mordiente de barniz, goma laca desencerada o goma ar\u00e1bica, para despu\u00e9s extenderlo <strong>en la superficie con un pincel de punta redonda<\/strong> a fin de aplicar detalles o retoques, <strong>o con uno de punta plana<\/strong> para capas m\u00e1s amplias.<\/p>\n<p>Para la <strong>doradura con el oro en concha <\/strong>(o pastilla) hay que coger la cantidad de oro necesaria con la punta humedecida de un pincel (de diferente tama\u00f1o seg\u00fan la forma y el tama\u00f1o de la superficie que haya que decorar) y <strong>aplicarla directamente<\/strong>. <strong>Nuestros expertos est\u00e1n a su disposici\u00f3n para aconsejarle el producto y el tipo de aplicaci\u00f3n m\u00e1s adecuado, seg\u00fan el uso que se le vaya a dar<\/strong>.<\/p>\n<p> <p class=\"wpsm-hide\" style=\"color: #c39f5f; font-size: 100%; text-align: left;\"> Leer menos<\/p><\/div><\/div>\n","protected":false},"excerpt":{"rendered":"<p>Para aplicar con pincel, los polvos y las c\u00e1scaras son los formatos m\u00e1s adecuados para el retoque y para el dorado de incrustaciones o de superficies muy irregulares. [&#8230;]<\/p>\n<p><a class=\"btn btn-secondary understrap-read-more-link\" href=\"https:\/\/www.manetti.com\/es\/producto\/oro-polvo-concha\/\">Leer m\u00e1s&#8230;<\/a><\/p>\n","protected":false},"featured_media":73997,"template":"","meta":{"_acf_changed":false},"product_brand":[],"product_cat":[166],"product_tag":[320],"product_area":[],"catalog_category":[794,971,1005],"class_list":{"0":"post-35744","1":"product","2":"type-product","3":"status-publish","4":"has-post-thumbnail","6":"product_cat-pan-de-oro-genuino","7":"product_tag-polveri-e-conchiglie-es","8":"catalog_category-dorado-y-restauracion","9":"catalog_category-dorado-y-restauracion-pan-de-oro-y-otros-metales","10":"catalog_category-dorado-y-restauracion-oro-y-plata-en-polvo-y-en-concha","12":"first","13":"instock","14":"shipping-taxable","15":"purchasable","16":"product-type-variable"},"acf":[],"yoast_head":"<!-- This site is optimized with the Yoast SEO plugin v26.5 - https:\/\/yoast.com\/wordpress\/plugins\/seo\/ -->\n<title>Polvo de Oro | Oro en Concha | Giusto Manetti Battiloro<\/title>\n<meta name=\"description\" content=\"Descubre Oro en polvo y en concha, ideal para retocar hojas doradas y superficies talladas o de dif\u00edcil acceso.\" \/>\n<meta name=\"robots\" content=\"index, follow, max-snippet:-1, max-image-preview:large, max-video-preview:-1\" \/>\n<link rel=\"canonical\" href=\"https:\/\/www.manetti.com\/es\/producto\/oro-polvo-concha\/\" \/>\n<meta property=\"og:locale\" content=\"es_ES\" \/>\n<meta property=\"og:type\" content=\"article\" \/>\n<meta property=\"og:title\" content=\"Polvo de Oro | Oro en Concha | Giusto Manetti Battiloro\" \/>\n<meta property=\"og:description\" content=\"Descubre Oro en polvo y en concha, ideal para retocar hojas doradas y superficies talladas o de dif\u00edcil acceso.\" \/>\n<meta property=\"og:url\" content=\"https:\/\/www.manetti.com\/es\/producto\/oro-polvo-concha\/\" \/>\n<meta property=\"og:site_name\" content=\"Giusto Manetti Battiloro\" \/>\n<meta property=\"article:publisher\" content=\"https:\/\/www.facebook.com\/giustomanettibattiloro\" \/>\n<meta property=\"article:modified_time\" content=\"2024-04-23T12:15:14+00:00\" \/>\n<meta property=\"og:image\" content=\"https:\/\/www.manetti.com\/wp-content\/uploads\/2024\/03\/FogliaOro_PolvereOro-ConchigliaOro_giustomanettibattiloro.png\" \/>\n\t<meta property=\"og:image:width\" content=\"900\" \/>\n\t<meta property=\"og:image:height\" content=\"900\" \/>\n\t<meta property=\"og:image:type\" content=\"image\/png\" \/>\n<meta name=\"twitter:card\" content=\"summary_large_image\" \/>\n<meta name=\"twitter:label1\" content=\"Tiempo de lectura\" \/>\n\t<meta name=\"twitter:data1\" content=\"2 minutos\" \/>\n<script type=\"application\/ld+json\" class=\"yoast-schema-graph\">{\"@context\":\"https:\/\/schema.org\",\"@graph\":[{\"@type\":\"WebPage\",\"@id\":\"https:\/\/www.manetti.com\/es\/producto\/oro-polvo-concha\/\",\"url\":\"https:\/\/www.manetti.com\/es\/producto\/oro-polvo-concha\/\",\"name\":\"Polvo de Oro | Oro en Concha | Giusto Manetti Battiloro\",\"isPartOf\":{\"@id\":\"https:\/\/www.manetti.com\/es\/#website\"},\"primaryImageOfPage\":{\"@id\":\"https:\/\/www.manetti.com\/es\/producto\/oro-polvo-concha\/#primaryimage\"},\"image\":{\"@id\":\"https:\/\/www.manetti.com\/es\/producto\/oro-polvo-concha\/#primaryimage\"},\"thumbnailUrl\":\"https:\/\/www.manetti.com\/wp-content\/uploads\/2024\/03\/FogliaOro_PolvereOro-ConchigliaOro_giustomanettibattiloro.png\",\"datePublished\":\"2020-01-21T09:32:35+00:00\",\"dateModified\":\"2024-04-23T12:15:14+00:00\",\"description\":\"Descubre Oro en polvo y en concha, ideal para retocar hojas doradas y superficies talladas o de dif\u00edcil acceso.\",\"inLanguage\":\"es\",\"potentialAction\":[{\"@type\":\"ReadAction\",\"target\":[\"https:\/\/www.manetti.com\/es\/producto\/oro-polvo-concha\/\"]}]},{\"@type\":\"ImageObject\",\"inLanguage\":\"es\",\"@id\":\"https:\/\/www.manetti.com\/es\/producto\/oro-polvo-concha\/#primaryimage\",\"url\":\"https:\/\/www.manetti.com\/wp-content\/uploads\/2024\/03\/FogliaOro_PolvereOro-ConchigliaOro_giustomanettibattiloro.png\",\"contentUrl\":\"https:\/\/www.manetti.com\/wp-content\/uploads\/2024\/03\/FogliaOro_PolvereOro-ConchigliaOro_giustomanettibattiloro.png\",\"width\":900,\"height\":900},{\"@type\":\"WebSite\",\"@id\":\"https:\/\/www.manetti.com\/es\/#website\",\"url\":\"https:\/\/www.manetti.com\/es\/\",\"name\":\"Giusto Manetti Battiloro\",\"description\":\"\",\"publisher\":{\"@id\":\"https:\/\/www.manetti.com\/es\/#organization\"},\"potentialAction\":[{\"@type\":\"SearchAction\",\"target\":{\"@type\":\"EntryPoint\",\"urlTemplate\":\"https:\/\/www.manetti.com\/es\/?s={search_term_string}\"},\"query-input\":{\"@type\":\"PropertyValueSpecification\",\"valueRequired\":true,\"valueName\":\"search_term_string\"}}],\"inLanguage\":\"es\"},{\"@type\":\"Organization\",\"@id\":\"https:\/\/www.manetti.com\/es\/#organization\",\"name\":\"GIUSTO MANETTI BATTILORO S.P.A.\",\"url\":\"https:\/\/www.manetti.com\/es\/\",\"logo\":{\"@type\":\"ImageObject\",\"inLanguage\":\"es\",\"@id\":\"https:\/\/www.manetti.com\/es\/#\/schema\/logo\/image\/\",\"url\":\"https:\/\/www.manetti.com\/wp-content\/uploads\/2025\/02\/giusto-manetti-blu_300-02.png\",\"contentUrl\":\"https:\/\/www.manetti.com\/wp-content\/uploads\/2025\/02\/giusto-manetti-blu_300-02.png\",\"width\":1123,\"height\":1093,\"caption\":\"GIUSTO MANETTI BATTILORO S.P.A.\"},\"image\":{\"@id\":\"https:\/\/www.manetti.com\/es\/#\/schema\/logo\/image\/\"},\"sameAs\":[\"https:\/\/www.facebook.com\/giustomanettibattiloro\",\"https:\/\/www.instagram.com\/giustomanettibattiloro\/\",\"https:\/\/www.linkedin.com\/company\/giusto-manetti-battiloro-s-p-a-\/\",\"https:\/\/www.youtube.com\/user\/ManettiBattiloro\"]}]}<\/script>\n<!-- \/ Yoast SEO plugin. -->","yoast_head_json":{"title":"Polvo de Oro | Oro en Concha | Giusto Manetti Battiloro","description":"Descubre Oro en polvo y en concha, ideal para retocar hojas doradas y superficies talladas o de dif\u00edcil acceso.","robots":{"index":"index","follow":"follow","max-snippet":"max-snippet:-1","max-image-preview":"max-image-preview:large","max-video-preview":"max-video-preview:-1"},"canonical":"https:\/\/www.manetti.com\/es\/producto\/oro-polvo-concha\/","og_locale":"es_ES","og_type":"article","og_title":"Polvo de Oro | Oro en Concha | Giusto Manetti Battiloro","og_description":"Descubre Oro en polvo y en concha, ideal para retocar hojas doradas y superficies talladas o de dif\u00edcil acceso.","og_url":"https:\/\/www.manetti.com\/es\/producto\/oro-polvo-concha\/","og_site_name":"Giusto Manetti Battiloro","article_publisher":"https:\/\/www.facebook.com\/giustomanettibattiloro","article_modified_time":"2024-04-23T12:15:14+00:00","og_image":[{"width":900,"height":900,"url":"https:\/\/www.manetti.com\/wp-content\/uploads\/2024\/03\/FogliaOro_PolvereOro-ConchigliaOro_giustomanettibattiloro.png","type":"image\/png"}],"twitter_card":"summary_large_image","twitter_misc":{"Tiempo de lectura":"2 minutos"},"schema":{"@context":"https:\/\/schema.org","@graph":[{"@type":"WebPage","@id":"https:\/\/www.manetti.com\/es\/producto\/oro-polvo-concha\/","url":"https:\/\/www.manetti.com\/es\/producto\/oro-polvo-concha\/","name":"Polvo de Oro | Oro en Concha | Giusto Manetti Battiloro","isPartOf":{"@id":"https:\/\/www.manetti.com\/es\/#website"},"primaryImageOfPage":{"@id":"https:\/\/www.manetti.com\/es\/producto\/oro-polvo-concha\/#primaryimage"},"image":{"@id":"https:\/\/www.manetti.com\/es\/producto\/oro-polvo-concha\/#primaryimage"},"thumbnailUrl":"https:\/\/www.manetti.com\/wp-content\/uploads\/2024\/03\/FogliaOro_PolvereOro-ConchigliaOro_giustomanettibattiloro.png","datePublished":"2020-01-21T09:32:35+00:00","dateModified":"2024-04-23T12:15:14+00:00","description":"Descubre Oro en polvo y en concha, ideal para retocar hojas doradas y superficies talladas o de dif\u00edcil acceso.","inLanguage":"es","potentialAction":[{"@type":"ReadAction","target":["https:\/\/www.manetti.com\/es\/producto\/oro-polvo-concha\/"]}]},{"@type":"ImageObject","inLanguage":"es","@id":"https:\/\/www.manetti.com\/es\/producto\/oro-polvo-concha\/#primaryimage","url":"https:\/\/www.manetti.com\/wp-content\/uploads\/2024\/03\/FogliaOro_PolvereOro-ConchigliaOro_giustomanettibattiloro.png","contentUrl":"https:\/\/www.manetti.com\/wp-content\/uploads\/2024\/03\/FogliaOro_PolvereOro-ConchigliaOro_giustomanettibattiloro.png","width":900,"height":900},{"@type":"WebSite","@id":"https:\/\/www.manetti.com\/es\/#website","url":"https:\/\/www.manetti.com\/es\/","name":"Giusto Manetti Battiloro","description":"","publisher":{"@id":"https:\/\/www.manetti.com\/es\/#organization"},"potentialAction":[{"@type":"SearchAction","target":{"@type":"EntryPoint","urlTemplate":"https:\/\/www.manetti.com\/es\/?s={search_term_string}"},"query-input":{"@type":"PropertyValueSpecification","valueRequired":true,"valueName":"search_term_string"}}],"inLanguage":"es"},{"@type":"Organization","@id":"https:\/\/www.manetti.com\/es\/#organization","name":"GIUSTO MANETTI BATTILORO S.P.A.","url":"https:\/\/www.manetti.com\/es\/","logo":{"@type":"ImageObject","inLanguage":"es","@id":"https:\/\/www.manetti.com\/es\/#\/schema\/logo\/image\/","url":"https:\/\/www.manetti.com\/wp-content\/uploads\/2025\/02\/giusto-manetti-blu_300-02.png","contentUrl":"https:\/\/www.manetti.com\/wp-content\/uploads\/2025\/02\/giusto-manetti-blu_300-02.png","width":1123,"height":1093,"caption":"GIUSTO MANETTI BATTILORO S.P.A."},"image":{"@id":"https:\/\/www.manetti.com\/es\/#\/schema\/logo\/image\/"},"sameAs":["https:\/\/www.facebook.com\/giustomanettibattiloro","https:\/\/www.instagram.com\/giustomanettibattiloro\/","https:\/\/www.linkedin.com\/company\/giusto-manetti-battiloro-s-p-a-\/","https:\/\/www.youtube.com\/user\/ManettiBattiloro"]}]}},"_links":{"self":[{"href":"https:\/\/www.manetti.com\/es\/wp-json\/wp\/v2\/product\/35744","targetHints":{"allow":["GET"]}}],"collection":[{"href":"https:\/\/www.manetti.com\/es\/wp-json\/wp\/v2\/product"}],"about":[{"href":"https:\/\/www.manetti.com\/es\/wp-json\/wp\/v2\/types\/product"}],"wp:featuredmedia":[{"embeddable":true,"href":"https:\/\/www.manetti.com\/es\/wp-json\/wp\/v2\/media\/73997"}],"wp:attachment":[{"href":"https:\/\/www.manetti.com\/es\/wp-json\/wp\/v2\/media?parent=35744"}],"wp:term":[{"taxonomy":"product_brand","embeddable":true,"href":"https:\/\/www.manetti.com\/es\/wp-json\/wp\/v2\/product_brand?post=35744"},{"taxonomy":"product_cat","embeddable":true,"href":"https:\/\/www.manetti.com\/es\/wp-json\/wp\/v2\/product_cat?post=35744"},{"taxonomy":"product_tag","embeddable":true,"href":"https:\/\/www.manetti.com\/es\/wp-json\/wp\/v2\/product_tag?post=35744"},{"taxonomy":"product_area","embeddable":true,"href":"https:\/\/www.manetti.com\/es\/wp-json\/wp\/v2\/product_area?post=35744"},{"taxonomy":"catalog_category","embeddable":true,"href":"https:\/\/www.manetti.com\/es\/wp-json\/wp\/v2\/catalog_category?post=35744"}],"curies":[{"name":"wp","href":"https:\/\/api.w.org\/{rel}","templated":true}]}}