{"id":35774,"date":"2020-01-31T09:29:58","date_gmt":"2020-01-31T08:29:58","guid":{"rendered":"https:\/\/www.manetti.com\/prodotto\/foglia-argento-in-libretto\/"},"modified":"2024-04-08T14:12:46","modified_gmt":"2024-04-08T12:12:46","slug":"hoja-plata-en-libro","status":"publish","type":"product","link":"https:\/\/www.manetti.com\/es\/producto\/hoja-plata-en-libro\/","title":{"rendered":"Hoja de plata en libro"},"content":{"rendered":"<p>El pan de plata aut\u00e9ntico presentado en forma de libro est\u00e1 disponible <strong>en dos tipos distintos: suelto y de calco<\/strong>.<strong>La hoja de plata suelta est\u00e1 disponible en medidas y espesores diversos y puede aplicarse con la t\u00e9cnica del plateado al mordiente o al agua<\/strong>. Est\u00e1 particularmente indicada para la restauraci\u00f3n y para su uso sobre superficies trabajadas, como incrustaciones de madera, yeso y estuco, con la ayuda de un pincel de pelo de ardilla.<\/p>\n<p><strong>Disponible en una medida de 95 x 95 mm, la plata en hoja de calco (transferible) se coloca sobre papel de seda que facilita su agarre y aplicaci\u00f3n en el proceso de dorado de superficies planas<\/strong>. La hoja se presiona sobre el papel de seda sin la ayuda de ninguna sustancia adherente. Se aconseja su aplicaci\u00f3n siempre con la t\u00e9cnica al mordiente. La hoja de plata, tanto suelta como de calco, se presenta en <strong>paquetes de 25 hojas cada uno<\/strong>.<\/p>\n<div class=\"show_more\"><p class=\"wpsm-show\" style=\"color: #c39f5f; font-size: 100%; text-align: left;\"> Leer m\u00e1s<\/p><div class=\"wpsm-content\"><\/p>\n<h2>Pan de plata en formato libro producida y confeccionada en Florencia<\/h2>\n<p>La hoja de plata pura, destinada a <strong>la decoraci\u00f3n y restauraci\u00f3n de superficies interiores<\/strong>, tiende a oxidarse por naturaleza. Por ello se aconseja protegerla con un barniz especial que aumenta su resistencia y duraci\u00f3n, y protege su superficie de eventuales ara\u00f1azos.<\/p>\n<p>Todos los productos de la marca Manetti se fabrican y confeccionan en nuestras <strong>instalaciones de Campi Bisenzio, muy pr\u00f3ximas a Florencia<\/strong>. Garantizamos el origen certificado de la plata, efectuamos el seguimiento de cada lote a lo largo de toda la cadena de producci\u00f3n y llevamos a cabo un <strong>riguroso control de calidad<\/strong> en cada una de las fases de elaboraci\u00f3n. <strong>Prestamos nuestro apoyo a clientes de todo el mundo, desde el presupuesto al servicio posventa<\/strong>, a trav\u00e9s de nuestros expertos que le aconsejar\u00e1n siempre el producto m\u00e1s indicado en funci\u00f3n de las exigencias de cada proyecto. Estamos disponibles igualmente para proporcionar detalles sobre las modalidades de aplicaci\u00f3n de la plata y sobre los productos destinados a su protecci\u00f3n. <strong>Estamos a su disposici\u00f3n para suministrar informaci\u00f3n adicional sobre precios y presupuestos<\/strong>.<br \/>\n <p class=\"wpsm-hide\" style=\"color: #c39f5f; font-size: 100%; text-align: left;\"> Leer menos<\/p><\/div><\/div>\n","protected":false},"excerpt":{"rendered":"<p>Disponible en diferentes tama\u00f1os y grosores, el folleto de pan de plata es ideal para la restauraci\u00f3n, para el dorado a la misi\u00f3n o a la aguada de superficies trabajadas y para la aplicaci\u00f3n de calcos en superficies planas, tanto en interiores como en exteriores. Cada cuaderno contiene 25 hojas. [&#8230;]<\/p>\n<p><a class=\"btn btn-secondary understrap-read-more-link\" href=\"https:\/\/www.manetti.com\/es\/producto\/hoja-plata-en-libro\/\">Leer m\u00e1s&#8230;<\/a><\/p>\n","protected":false},"featured_media":74140,"template":"","meta":{"_acf_changed":false},"product_brand":[],"product_cat":[168],"product_tag":[182],"product_area":[],"catalog_category":[794,971,1000],"class_list":{"0":"post-35774","1":"product","2":"type-product","3":"status-publish","4":"has-post-thumbnail","6":"product_cat-hoja-de-pan-de-plata","7":"product_tag-foglia-in-libretto-es","8":"catalog_category-dorado-y-restauracion","9":"catalog_category-dorado-y-restauracion-pan-de-oro-y-otros-metales","10":"catalog_category-dorado-y-restauracion-hoja-de-pan-de-plata","12":"first","13":"instock","14":"shipping-taxable","15":"purchasable","16":"product-type-variable"},"acf":[],"yoast_head":"<!-- This site is optimized with the Yoast SEO plugin v26.5 - https:\/\/yoast.com\/wordpress\/plugins\/seo\/ -->\n<title>Hoja de plata en libro | Giusto Manetti Battiloro<\/title>\n<meta name=\"description\" content=\"\u00a1Venga y descubra Hoja de plata en libro, uno de los mejores productos de Giusto Manetti Battiloro, l\u00edder mundial en la producci\u00f3n de pan de oro y m\u00e1s para una decoraci\u00f3n eficaz!\" \/>\n<meta name=\"robots\" content=\"index, follow, max-snippet:-1, max-image-preview:large, max-video-preview:-1\" \/>\n<link rel=\"canonical\" href=\"https:\/\/www.manetti.com\/es\/producto\/hoja-plata-en-libro\/\" \/>\n<meta property=\"og:locale\" content=\"es_ES\" \/>\n<meta property=\"og:type\" content=\"article\" \/>\n<meta property=\"og:title\" content=\"Hoja de plata en libro | Giusto Manetti Battiloro\" \/>\n<meta property=\"og:description\" content=\"\u00a1Venga y descubra Hoja de plata en libro, uno de los mejores productos de Giusto Manetti Battiloro, l\u00edder mundial en la producci\u00f3n de pan de oro y m\u00e1s para una decoraci\u00f3n eficaz!\" \/>\n<meta property=\"og:url\" content=\"https:\/\/www.manetti.com\/es\/producto\/hoja-plata-en-libro\/\" \/>\n<meta property=\"og:site_name\" content=\"Giusto Manetti Battiloro\" \/>\n<meta property=\"article:publisher\" content=\"https:\/\/www.facebook.com\/giustomanettibattiloro\" \/>\n<meta property=\"article:modified_time\" content=\"2024-04-08T12:12:46+00:00\" \/>\n<meta property=\"og:image\" content=\"https:\/\/www.manetti.com\/wp-content\/uploads\/2020\/01\/Argento_scatola-e-libretto_web.png\" \/>\n\t<meta property=\"og:image:width\" content=\"700\" \/>\n\t<meta property=\"og:image:height\" content=\"700\" \/>\n\t<meta property=\"og:image:type\" content=\"image\/png\" \/>\n<meta name=\"twitter:card\" content=\"summary_large_image\" \/>\n<meta name=\"twitter:label1\" content=\"Tiempo de lectura\" \/>\n\t<meta name=\"twitter:data1\" content=\"2 minutos\" \/>\n<script type=\"application\/ld+json\" class=\"yoast-schema-graph\">{\"@context\":\"https:\/\/schema.org\",\"@graph\":[{\"@type\":\"WebPage\",\"@id\":\"https:\/\/www.manetti.com\/es\/producto\/hoja-plata-en-libro\/\",\"url\":\"https:\/\/www.manetti.com\/es\/producto\/hoja-plata-en-libro\/\",\"name\":\"Hoja de plata en libro | Giusto Manetti Battiloro\",\"isPartOf\":{\"@id\":\"https:\/\/www.manetti.com\/es\/#website\"},\"primaryImageOfPage\":{\"@id\":\"https:\/\/www.manetti.com\/es\/producto\/hoja-plata-en-libro\/#primaryimage\"},\"image\":{\"@id\":\"https:\/\/www.manetti.com\/es\/producto\/hoja-plata-en-libro\/#primaryimage\"},\"thumbnailUrl\":\"https:\/\/www.manetti.com\/wp-content\/uploads\/2020\/01\/Argento_scatola-e-libretto_web.png\",\"datePublished\":\"2020-01-31T08:29:58+00:00\",\"dateModified\":\"2024-04-08T12:12:46+00:00\",\"description\":\"\u00a1Venga y descubra Hoja de plata en libro, uno de los mejores productos de Giusto Manetti Battiloro, l\u00edder mundial en la producci\u00f3n de pan de oro y m\u00e1s para una decoraci\u00f3n eficaz!\",\"inLanguage\":\"es\",\"potentialAction\":[{\"@type\":\"ReadAction\",\"target\":[\"https:\/\/www.manetti.com\/es\/producto\/hoja-plata-en-libro\/\"]}]},{\"@type\":\"ImageObject\",\"inLanguage\":\"es\",\"@id\":\"https:\/\/www.manetti.com\/es\/producto\/hoja-plata-en-libro\/#primaryimage\",\"url\":\"https:\/\/www.manetti.com\/wp-content\/uploads\/2020\/01\/Argento_scatola-e-libretto_web.png\",\"contentUrl\":\"https:\/\/www.manetti.com\/wp-content\/uploads\/2020\/01\/Argento_scatola-e-libretto_web.png\",\"width\":700,\"height\":700},{\"@type\":\"WebSite\",\"@id\":\"https:\/\/www.manetti.com\/es\/#website\",\"url\":\"https:\/\/www.manetti.com\/es\/\",\"name\":\"Giusto Manetti Battiloro\",\"description\":\"\",\"publisher\":{\"@id\":\"https:\/\/www.manetti.com\/es\/#organization\"},\"potentialAction\":[{\"@type\":\"SearchAction\",\"target\":{\"@type\":\"EntryPoint\",\"urlTemplate\":\"https:\/\/www.manetti.com\/es\/?s={search_term_string}\"},\"query-input\":{\"@type\":\"PropertyValueSpecification\",\"valueRequired\":true,\"valueName\":\"search_term_string\"}}],\"inLanguage\":\"es\"},{\"@type\":\"Organization\",\"@id\":\"https:\/\/www.manetti.com\/es\/#organization\",\"name\":\"GIUSTO MANETTI BATTILORO S.P.A.\",\"url\":\"https:\/\/www.manetti.com\/es\/\",\"logo\":{\"@type\":\"ImageObject\",\"inLanguage\":\"es\",\"@id\":\"https:\/\/www.manetti.com\/es\/#\/schema\/logo\/image\/\",\"url\":\"https:\/\/www.manetti.com\/wp-content\/uploads\/2025\/02\/giusto-manetti-blu_300-02.png\",\"contentUrl\":\"https:\/\/www.manetti.com\/wp-content\/uploads\/2025\/02\/giusto-manetti-blu_300-02.png\",\"width\":1123,\"height\":1093,\"caption\":\"GIUSTO MANETTI BATTILORO S.P.A.\"},\"image\":{\"@id\":\"https:\/\/www.manetti.com\/es\/#\/schema\/logo\/image\/\"},\"sameAs\":[\"https:\/\/www.facebook.com\/giustomanettibattiloro\",\"https:\/\/www.instagram.com\/giustomanettibattiloro\/\",\"https:\/\/www.linkedin.com\/company\/giusto-manetti-battiloro-s-p-a-\/\",\"https:\/\/www.youtube.com\/user\/ManettiBattiloro\"]}]}<\/script>\n<!-- \/ Yoast SEO plugin. -->","yoast_head_json":{"title":"Hoja de plata en libro | Giusto Manetti Battiloro","description":"\u00a1Venga y descubra Hoja de plata en libro, uno de los mejores productos de Giusto Manetti Battiloro, l\u00edder mundial en la producci\u00f3n de pan de oro y m\u00e1s para una decoraci\u00f3n eficaz!","robots":{"index":"index","follow":"follow","max-snippet":"max-snippet:-1","max-image-preview":"max-image-preview:large","max-video-preview":"max-video-preview:-1"},"canonical":"https:\/\/www.manetti.com\/es\/producto\/hoja-plata-en-libro\/","og_locale":"es_ES","og_type":"article","og_title":"Hoja de plata en libro | Giusto Manetti Battiloro","og_description":"\u00a1Venga y descubra Hoja de plata en libro, uno de los mejores productos de Giusto Manetti Battiloro, l\u00edder mundial en la producci\u00f3n de pan de oro y m\u00e1s para una decoraci\u00f3n eficaz!","og_url":"https:\/\/www.manetti.com\/es\/producto\/hoja-plata-en-libro\/","og_site_name":"Giusto Manetti Battiloro","article_publisher":"https:\/\/www.facebook.com\/giustomanettibattiloro","article_modified_time":"2024-04-08T12:12:46+00:00","og_image":[{"width":700,"height":700,"url":"https:\/\/www.manetti.com\/wp-content\/uploads\/2020\/01\/Argento_scatola-e-libretto_web.png","type":"image\/png"}],"twitter_card":"summary_large_image","twitter_misc":{"Tiempo de lectura":"2 minutos"},"schema":{"@context":"https:\/\/schema.org","@graph":[{"@type":"WebPage","@id":"https:\/\/www.manetti.com\/es\/producto\/hoja-plata-en-libro\/","url":"https:\/\/www.manetti.com\/es\/producto\/hoja-plata-en-libro\/","name":"Hoja de plata en libro | Giusto Manetti Battiloro","isPartOf":{"@id":"https:\/\/www.manetti.com\/es\/#website"},"primaryImageOfPage":{"@id":"https:\/\/www.manetti.com\/es\/producto\/hoja-plata-en-libro\/#primaryimage"},"image":{"@id":"https:\/\/www.manetti.com\/es\/producto\/hoja-plata-en-libro\/#primaryimage"},"thumbnailUrl":"https:\/\/www.manetti.com\/wp-content\/uploads\/2020\/01\/Argento_scatola-e-libretto_web.png","datePublished":"2020-01-31T08:29:58+00:00","dateModified":"2024-04-08T12:12:46+00:00","description":"\u00a1Venga y descubra Hoja de plata en libro, uno de los mejores productos de Giusto Manetti Battiloro, l\u00edder mundial en la producci\u00f3n de pan de oro y m\u00e1s para una decoraci\u00f3n eficaz!","inLanguage":"es","potentialAction":[{"@type":"ReadAction","target":["https:\/\/www.manetti.com\/es\/producto\/hoja-plata-en-libro\/"]}]},{"@type":"ImageObject","inLanguage":"es","@id":"https:\/\/www.manetti.com\/es\/producto\/hoja-plata-en-libro\/#primaryimage","url":"https:\/\/www.manetti.com\/wp-content\/uploads\/2020\/01\/Argento_scatola-e-libretto_web.png","contentUrl":"https:\/\/www.manetti.com\/wp-content\/uploads\/2020\/01\/Argento_scatola-e-libretto_web.png","width":700,"height":700},{"@type":"WebSite","@id":"https:\/\/www.manetti.com\/es\/#website","url":"https:\/\/www.manetti.com\/es\/","name":"Giusto Manetti Battiloro","description":"","publisher":{"@id":"https:\/\/www.manetti.com\/es\/#organization"},"potentialAction":[{"@type":"SearchAction","target":{"@type":"EntryPoint","urlTemplate":"https:\/\/www.manetti.com\/es\/?s={search_term_string}"},"query-input":{"@type":"PropertyValueSpecification","valueRequired":true,"valueName":"search_term_string"}}],"inLanguage":"es"},{"@type":"Organization","@id":"https:\/\/www.manetti.com\/es\/#organization","name":"GIUSTO MANETTI BATTILORO S.P.A.","url":"https:\/\/www.manetti.com\/es\/","logo":{"@type":"ImageObject","inLanguage":"es","@id":"https:\/\/www.manetti.com\/es\/#\/schema\/logo\/image\/","url":"https:\/\/www.manetti.com\/wp-content\/uploads\/2025\/02\/giusto-manetti-blu_300-02.png","contentUrl":"https:\/\/www.manetti.com\/wp-content\/uploads\/2025\/02\/giusto-manetti-blu_300-02.png","width":1123,"height":1093,"caption":"GIUSTO MANETTI BATTILORO S.P.A."},"image":{"@id":"https:\/\/www.manetti.com\/es\/#\/schema\/logo\/image\/"},"sameAs":["https:\/\/www.facebook.com\/giustomanettibattiloro","https:\/\/www.instagram.com\/giustomanettibattiloro\/","https:\/\/www.linkedin.com\/company\/giusto-manetti-battiloro-s-p-a-\/","https:\/\/www.youtube.com\/user\/ManettiBattiloro"]}]}},"_links":{"self":[{"href":"https:\/\/www.manetti.com\/es\/wp-json\/wp\/v2\/product\/35774","targetHints":{"allow":["GET"]}}],"collection":[{"href":"https:\/\/www.manetti.com\/es\/wp-json\/wp\/v2\/product"}],"about":[{"href":"https:\/\/www.manetti.com\/es\/wp-json\/wp\/v2\/types\/product"}],"wp:featuredmedia":[{"embeddable":true,"href":"https:\/\/www.manetti.com\/es\/wp-json\/wp\/v2\/media\/74140"}],"wp:attachment":[{"href":"https:\/\/www.manetti.com\/es\/wp-json\/wp\/v2\/media?parent=35774"}],"wp:term":[{"taxonomy":"product_brand","embeddable":true,"href":"https:\/\/www.manetti.com\/es\/wp-json\/wp\/v2\/product_brand?post=35774"},{"taxonomy":"product_cat","embeddable":true,"href":"https:\/\/www.manetti.com\/es\/wp-json\/wp\/v2\/product_cat?post=35774"},{"taxonomy":"product_tag","embeddable":true,"href":"https:\/\/www.manetti.com\/es\/wp-json\/wp\/v2\/product_tag?post=35774"},{"taxonomy":"product_area","embeddable":true,"href":"https:\/\/www.manetti.com\/es\/wp-json\/wp\/v2\/product_area?post=35774"},{"taxonomy":"catalog_category","embeddable":true,"href":"https:\/\/www.manetti.com\/es\/wp-json\/wp\/v2\/catalog_category?post=35774"}],"curies":[{"name":"wp","href":"https:\/\/api.w.org\/{rel}","templated":true}]}}