{"id":35787,"date":"2020-01-31T10:00:41","date_gmt":"2020-01-31T09:00:41","guid":{"rendered":"https:\/\/www.manetti.com\/prodotto\/foglia-argento-in-rotolo\/"},"modified":"2024-04-23T14:18:29","modified_gmt":"2024-04-23T12:18:29","slug":"hoja-plata-rollo","status":"publish","type":"product","link":"https:\/\/www.manetti.com\/es\/producto\/hoja-plata-rollo\/","title":{"rendered":"Hoja de plata en rollo"},"content":{"rendered":"<p><strong>La hoja de plata pura 1000\/000 en rollo permite hacer un plateado r\u00e1pido y preciso en superficies regulares de grandes dimensiones<\/strong>. Cada hoja se pega en una capa de papel de seda de una <strong>largura comprendida entre los 25 y los 50 metros y una altura de 140 mm<\/strong>.<\/p>\n<p>Durante la fase de plateado, el rollo se puede cortar en la largura deseada con un simple par de tijeras. Lo \u00fanico que hay que tener en cuenta es que hay que hacer los cortes siempre por la l\u00ednea de uni\u00f3n de las dos hojas. <strong>A petici\u00f3n, podemos incluir el rollo cortado con una altura a medida, a partir de un m\u00ednimo de 10 mm<\/strong>.<\/p>\n<div class=\"show_more\"><p class=\"wpsm-show\" style=\"color: #c39f5f; font-size: 100%; text-align: left;\"> Leer m\u00e1s<\/p><div class=\"wpsm-content\"><\/p>\n<h2>La doradura a mordiente con el rollo de hoja de plata<\/h2>\n<p>La plata, a diferencia del oro, se oxida con facilidad y por eso solo es adecuada para <strong>aplicarla en interiores<\/strong>. Para la doradura con hoja de plata en rollo se recurre a la <strong>t\u00e9cnica a mordiente, con el uso de diferentes colas, como agua, barniz y alcohol<\/strong>. El plateado a mordiente <strong>con agua<\/strong> est\u00e1 indicado <strong>para revestir boiserie, marcos y muebles de madera, superficies enlucidas, detalles de puertas y para el acabado de soportes de papel<\/strong>. Por su parte, el aglutinante a base de <strong>barniz<\/strong> es apto para <strong>superficies met\u00e1licas y de m\u00e1rmol<\/strong>, mientras que la cola de alcohol es la preferida de los profesionales del plateado para el acabado de <strong>complementos de decoraci\u00f3n<\/strong> de vidrio, pl\u00e1stico y hierro batido.<\/p>\n<p>Despu\u00e9s de haber extendido el mordiente, se extiende el rollo de la superficie determinada y, haciendo presi\u00f3n en el lado del papel de seda, se pega la hoja de plata. Una vez acabada la operaci\u00f3n, se puede quitar f\u00e1cilmente la capa de papel. Para los acabados de precisi\u00f3n es posible cortar el rollo en el tama\u00f1o necesario. <strong>Cada lote de producci\u00f3n est\u00e1 garantizado seg\u00fan procedimientos espec\u00edficos de control de calidad<\/strong>. Enviamos pedidos de rollos de hojas de plata a todo el mundo: todos los pedidos est\u00e1n asegurados para ofrecer una <strong>garant\u00eda total a nuestros clientes. Estamos disponibles para darle a conocer el precio del producto y hacer un presupuesto<\/strong>.<br \/>\n <p class=\"wpsm-hide\" style=\"color: #c39f5f; font-size: 100%; text-align: left;\"> Leer menos<\/p><\/div><\/div>\n","protected":false},"excerpt":{"rendered":"<p>Perfecto para dorar con rapidez y precisi\u00f3n grandes superficies planas, el rollo de pan de plata se corta f\u00e1cilmente al tama\u00f1o necesario para cada aplicaci\u00f3n. [&#8230;]<\/p>\n<p><a class=\"btn btn-secondary understrap-read-more-link\" href=\"https:\/\/www.manetti.com\/es\/producto\/hoja-plata-rollo\/\">Leer m\u00e1s&#8230;<\/a><\/p>\n","protected":false},"featured_media":74126,"template":"","meta":{"_acf_changed":false},"product_brand":[],"product_cat":[168],"product_tag":[180],"product_area":[],"catalog_category":[806,963],"class_list":{"0":"post-35787","1":"product","2":"type-product","3":"status-publish","4":"has-post-thumbnail","6":"product_cat-hoja-de-pan-de-plata","7":"product_tag-rotolo-es","8":"catalog_category-dorado-con-hoja-de-oro-en-rollo","9":"catalog_category-dorado-con-hoja-de-oro-en-rollo-pan-de-oro-en-rollo","11":"first","12":"instock","13":"shipping-taxable","14":"purchasable","15":"product-type-variable"},"acf":[],"yoast_head":"<!-- This site is optimized with the Yoast SEO plugin v26.5 - https:\/\/yoast.com\/wordpress\/plugins\/seo\/ -->\n<title>Hoja de plata en rollo | rollo de plata | Giusto Manetti Battiloro<\/title>\n<meta name=\"description\" content=\"\u00a1Venga y descubra Hoja de plata en rollo, uno de los mejores productos de Giusto Manetti Battiloro, l\u00edder mundial en la producci\u00f3n de pan de oro y m\u00e1s para una decoraci\u00f3n eficaz!\" \/>\n<meta name=\"robots\" content=\"index, follow, max-snippet:-1, max-image-preview:large, max-video-preview:-1\" \/>\n<link rel=\"canonical\" href=\"https:\/\/www.manetti.com\/es\/producto\/hoja-plata-rollo\/\" \/>\n<meta property=\"og:locale\" content=\"es_ES\" \/>\n<meta property=\"og:type\" content=\"article\" \/>\n<meta property=\"og:title\" content=\"Hoja de plata en rollo | rollo de plata | Giusto Manetti Battiloro\" \/>\n<meta property=\"og:description\" content=\"\u00a1Venga y descubra Hoja de plata en rollo, uno de los mejores productos de Giusto Manetti Battiloro, l\u00edder mundial en la producci\u00f3n de pan de oro y m\u00e1s para una decoraci\u00f3n eficaz!\" \/>\n<meta property=\"og:url\" content=\"https:\/\/www.manetti.com\/es\/producto\/hoja-plata-rollo\/\" \/>\n<meta property=\"og:site_name\" content=\"Giusto Manetti Battiloro\" \/>\n<meta property=\"article:publisher\" content=\"https:\/\/www.facebook.com\/giustomanettibattiloro\" \/>\n<meta property=\"article:modified_time\" content=\"2024-04-23T12:18:29+00:00\" \/>\n<meta property=\"og:image\" content=\"https:\/\/www.manetti.com\/wp-content\/uploads\/2019\/11\/Foglia-argento-rotolo_web-1.png\" \/>\n\t<meta property=\"og:image:width\" content=\"700\" \/>\n\t<meta property=\"og:image:height\" content=\"700\" \/>\n\t<meta property=\"og:image:type\" content=\"image\/png\" \/>\n<meta name=\"twitter:card\" content=\"summary_large_image\" \/>\n<meta name=\"twitter:label1\" content=\"Tiempo de lectura\" \/>\n\t<meta name=\"twitter:data1\" content=\"2 minutos\" \/>\n<script type=\"application\/ld+json\" class=\"yoast-schema-graph\">{\"@context\":\"https:\/\/schema.org\",\"@graph\":[{\"@type\":\"WebPage\",\"@id\":\"https:\/\/www.manetti.com\/es\/producto\/hoja-plata-rollo\/\",\"url\":\"https:\/\/www.manetti.com\/es\/producto\/hoja-plata-rollo\/\",\"name\":\"Hoja de plata en rollo | rollo de plata | Giusto Manetti Battiloro\",\"isPartOf\":{\"@id\":\"https:\/\/www.manetti.com\/es\/#website\"},\"primaryImageOfPage\":{\"@id\":\"https:\/\/www.manetti.com\/es\/producto\/hoja-plata-rollo\/#primaryimage\"},\"image\":{\"@id\":\"https:\/\/www.manetti.com\/es\/producto\/hoja-plata-rollo\/#primaryimage\"},\"thumbnailUrl\":\"https:\/\/www.manetti.com\/wp-content\/uploads\/2019\/11\/Foglia-argento-rotolo_web-1.png\",\"datePublished\":\"2020-01-31T09:00:41+00:00\",\"dateModified\":\"2024-04-23T12:18:29+00:00\",\"description\":\"\u00a1Venga y descubra Hoja de plata en rollo, uno de los mejores productos de Giusto Manetti Battiloro, l\u00edder mundial en la producci\u00f3n de pan de oro y m\u00e1s para una decoraci\u00f3n eficaz!\",\"inLanguage\":\"es\",\"potentialAction\":[{\"@type\":\"ReadAction\",\"target\":[\"https:\/\/www.manetti.com\/es\/producto\/hoja-plata-rollo\/\"]}]},{\"@type\":\"ImageObject\",\"inLanguage\":\"es\",\"@id\":\"https:\/\/www.manetti.com\/es\/producto\/hoja-plata-rollo\/#primaryimage\",\"url\":\"https:\/\/www.manetti.com\/wp-content\/uploads\/2019\/11\/Foglia-argento-rotolo_web-1.png\",\"contentUrl\":\"https:\/\/www.manetti.com\/wp-content\/uploads\/2019\/11\/Foglia-argento-rotolo_web-1.png\",\"width\":700,\"height\":700},{\"@type\":\"WebSite\",\"@id\":\"https:\/\/www.manetti.com\/es\/#website\",\"url\":\"https:\/\/www.manetti.com\/es\/\",\"name\":\"Giusto Manetti Battiloro\",\"description\":\"\",\"publisher\":{\"@id\":\"https:\/\/www.manetti.com\/es\/#organization\"},\"potentialAction\":[{\"@type\":\"SearchAction\",\"target\":{\"@type\":\"EntryPoint\",\"urlTemplate\":\"https:\/\/www.manetti.com\/es\/?s={search_term_string}\"},\"query-input\":{\"@type\":\"PropertyValueSpecification\",\"valueRequired\":true,\"valueName\":\"search_term_string\"}}],\"inLanguage\":\"es\"},{\"@type\":\"Organization\",\"@id\":\"https:\/\/www.manetti.com\/es\/#organization\",\"name\":\"GIUSTO MANETTI BATTILORO S.P.A.\",\"url\":\"https:\/\/www.manetti.com\/es\/\",\"logo\":{\"@type\":\"ImageObject\",\"inLanguage\":\"es\",\"@id\":\"https:\/\/www.manetti.com\/es\/#\/schema\/logo\/image\/\",\"url\":\"https:\/\/www.manetti.com\/wp-content\/uploads\/2025\/02\/giusto-manetti-blu_300-02.png\",\"contentUrl\":\"https:\/\/www.manetti.com\/wp-content\/uploads\/2025\/02\/giusto-manetti-blu_300-02.png\",\"width\":1123,\"height\":1093,\"caption\":\"GIUSTO MANETTI BATTILORO S.P.A.\"},\"image\":{\"@id\":\"https:\/\/www.manetti.com\/es\/#\/schema\/logo\/image\/\"},\"sameAs\":[\"https:\/\/www.facebook.com\/giustomanettibattiloro\",\"https:\/\/www.instagram.com\/giustomanettibattiloro\/\",\"https:\/\/www.linkedin.com\/company\/giusto-manetti-battiloro-s-p-a-\/\",\"https:\/\/www.youtube.com\/user\/ManettiBattiloro\"]}]}<\/script>\n<!-- \/ Yoast SEO plugin. -->","yoast_head_json":{"title":"Hoja de plata en rollo | rollo de plata | Giusto Manetti Battiloro","description":"\u00a1Venga y descubra Hoja de plata en rollo, uno de los mejores productos de Giusto Manetti Battiloro, l\u00edder mundial en la producci\u00f3n de pan de oro y m\u00e1s para una decoraci\u00f3n eficaz!","robots":{"index":"index","follow":"follow","max-snippet":"max-snippet:-1","max-image-preview":"max-image-preview:large","max-video-preview":"max-video-preview:-1"},"canonical":"https:\/\/www.manetti.com\/es\/producto\/hoja-plata-rollo\/","og_locale":"es_ES","og_type":"article","og_title":"Hoja de plata en rollo | rollo de plata | Giusto Manetti Battiloro","og_description":"\u00a1Venga y descubra Hoja de plata en rollo, uno de los mejores productos de Giusto Manetti Battiloro, l\u00edder mundial en la producci\u00f3n de pan de oro y m\u00e1s para una decoraci\u00f3n eficaz!","og_url":"https:\/\/www.manetti.com\/es\/producto\/hoja-plata-rollo\/","og_site_name":"Giusto Manetti Battiloro","article_publisher":"https:\/\/www.facebook.com\/giustomanettibattiloro","article_modified_time":"2024-04-23T12:18:29+00:00","og_image":[{"width":700,"height":700,"url":"https:\/\/www.manetti.com\/wp-content\/uploads\/2019\/11\/Foglia-argento-rotolo_web-1.png","type":"image\/png"}],"twitter_card":"summary_large_image","twitter_misc":{"Tiempo de lectura":"2 minutos"},"schema":{"@context":"https:\/\/schema.org","@graph":[{"@type":"WebPage","@id":"https:\/\/www.manetti.com\/es\/producto\/hoja-plata-rollo\/","url":"https:\/\/www.manetti.com\/es\/producto\/hoja-plata-rollo\/","name":"Hoja de plata en rollo | rollo de plata | Giusto Manetti Battiloro","isPartOf":{"@id":"https:\/\/www.manetti.com\/es\/#website"},"primaryImageOfPage":{"@id":"https:\/\/www.manetti.com\/es\/producto\/hoja-plata-rollo\/#primaryimage"},"image":{"@id":"https:\/\/www.manetti.com\/es\/producto\/hoja-plata-rollo\/#primaryimage"},"thumbnailUrl":"https:\/\/www.manetti.com\/wp-content\/uploads\/2019\/11\/Foglia-argento-rotolo_web-1.png","datePublished":"2020-01-31T09:00:41+00:00","dateModified":"2024-04-23T12:18:29+00:00","description":"\u00a1Venga y descubra Hoja de plata en rollo, uno de los mejores productos de Giusto Manetti Battiloro, l\u00edder mundial en la producci\u00f3n de pan de oro y m\u00e1s para una decoraci\u00f3n eficaz!","inLanguage":"es","potentialAction":[{"@type":"ReadAction","target":["https:\/\/www.manetti.com\/es\/producto\/hoja-plata-rollo\/"]}]},{"@type":"ImageObject","inLanguage":"es","@id":"https:\/\/www.manetti.com\/es\/producto\/hoja-plata-rollo\/#primaryimage","url":"https:\/\/www.manetti.com\/wp-content\/uploads\/2019\/11\/Foglia-argento-rotolo_web-1.png","contentUrl":"https:\/\/www.manetti.com\/wp-content\/uploads\/2019\/11\/Foglia-argento-rotolo_web-1.png","width":700,"height":700},{"@type":"WebSite","@id":"https:\/\/www.manetti.com\/es\/#website","url":"https:\/\/www.manetti.com\/es\/","name":"Giusto Manetti Battiloro","description":"","publisher":{"@id":"https:\/\/www.manetti.com\/es\/#organization"},"potentialAction":[{"@type":"SearchAction","target":{"@type":"EntryPoint","urlTemplate":"https:\/\/www.manetti.com\/es\/?s={search_term_string}"},"query-input":{"@type":"PropertyValueSpecification","valueRequired":true,"valueName":"search_term_string"}}],"inLanguage":"es"},{"@type":"Organization","@id":"https:\/\/www.manetti.com\/es\/#organization","name":"GIUSTO MANETTI BATTILORO S.P.A.","url":"https:\/\/www.manetti.com\/es\/","logo":{"@type":"ImageObject","inLanguage":"es","@id":"https:\/\/www.manetti.com\/es\/#\/schema\/logo\/image\/","url":"https:\/\/www.manetti.com\/wp-content\/uploads\/2025\/02\/giusto-manetti-blu_300-02.png","contentUrl":"https:\/\/www.manetti.com\/wp-content\/uploads\/2025\/02\/giusto-manetti-blu_300-02.png","width":1123,"height":1093,"caption":"GIUSTO MANETTI BATTILORO S.P.A."},"image":{"@id":"https:\/\/www.manetti.com\/es\/#\/schema\/logo\/image\/"},"sameAs":["https:\/\/www.facebook.com\/giustomanettibattiloro","https:\/\/www.instagram.com\/giustomanettibattiloro\/","https:\/\/www.linkedin.com\/company\/giusto-manetti-battiloro-s-p-a-\/","https:\/\/www.youtube.com\/user\/ManettiBattiloro"]}]}},"_links":{"self":[{"href":"https:\/\/www.manetti.com\/es\/wp-json\/wp\/v2\/product\/35787","targetHints":{"allow":["GET"]}}],"collection":[{"href":"https:\/\/www.manetti.com\/es\/wp-json\/wp\/v2\/product"}],"about":[{"href":"https:\/\/www.manetti.com\/es\/wp-json\/wp\/v2\/types\/product"}],"wp:featuredmedia":[{"embeddable":true,"href":"https:\/\/www.manetti.com\/es\/wp-json\/wp\/v2\/media\/74126"}],"wp:attachment":[{"href":"https:\/\/www.manetti.com\/es\/wp-json\/wp\/v2\/media?parent=35787"}],"wp:term":[{"taxonomy":"product_brand","embeddable":true,"href":"https:\/\/www.manetti.com\/es\/wp-json\/wp\/v2\/product_brand?post=35787"},{"taxonomy":"product_cat","embeddable":true,"href":"https:\/\/www.manetti.com\/es\/wp-json\/wp\/v2\/product_cat?post=35787"},{"taxonomy":"product_tag","embeddable":true,"href":"https:\/\/www.manetti.com\/es\/wp-json\/wp\/v2\/product_tag?post=35787"},{"taxonomy":"product_area","embeddable":true,"href":"https:\/\/www.manetti.com\/es\/wp-json\/wp\/v2\/product_area?post=35787"},{"taxonomy":"catalog_category","embeddable":true,"href":"https:\/\/www.manetti.com\/es\/wp-json\/wp\/v2\/catalog_category?post=35787"}],"curies":[{"name":"wp","href":"https:\/\/api.w.org\/{rel}","templated":true}]}}