{"id":35797,"date":"2020-01-31T10:10:07","date_gmt":"2020-01-31T09:10:07","guid":{"rendered":"https:\/\/www.manetti.com\/prodotto\/argento-in-polvere-e-conchiglia\/"},"modified":"2024-02-14T14:00:25","modified_gmt":"2024-02-14T13:00:25","slug":"plata-polvo-concha","status":"publish","type":"product","link":"https:\/\/www.manetti.com\/es\/producto\/plata-polvo-concha\/","title":{"rendered":"Plata en polvo y en concha"},"content":{"rendered":"<p>El polvo de plata en frasco y la concha, en su propio recipiente, son dos productos adecuados para <strong>retocar y decorar superficies elaboradas y delicadas<\/strong>. Para el proceso de plateado el <strong>polvo debe siempre mezclarse con un aglutinante<\/strong>, para crear un compuesto que a continuaci\u00f3n se extiende manualmente mediante un pincel con una punta de forma distinta en funci\u00f3n del efecto que se desee obtener.<\/p>\n<p>La <strong>concha<\/strong>, por su parte, es un compuesto de plata pura y goma ar\u00e1biga que puede <strong>usarse inmediatamente<\/strong>. Antes de proceder al proceso de plateado, es necesario mojar la punta del pincel en agua, con el fin de dosificar la cantidad que se desea aplicar. <strong>El polvo de plata es utilizado por profesionales<\/strong> expertos en el sector de la restauraci\u00f3n, mientras <strong>que la concha es un producto muy difundido para su uso por aficionados<\/strong>.<\/p>\n<div class=\"show_more\"><p class=\"wpsm-show\" style=\"color: #c39f5f; font-size: 100%; text-align: left;\"> Leer m\u00e1s<\/p><div class=\"wpsm-content\"><\/p>\n<h2>Plata en polvo y en concha: de Florencia a todo el mundo<\/h2>\n<p>Nuestra compa\u00f1\u00eda tiene una historia de siglos: desde el a\u00f1o 1600 producimos en Florencia metales preciosos en hoja y en la actualidad somos una marca de <strong>calidad Made in Italy<\/strong> que exporta a todo el mundo. Gracias a nuestro <strong>sistema de log\u00edstica r\u00e1pido y puntual<\/strong>, enviamos nuestros pedidos en el menor tiempo posible, en funci\u00f3n de los vol\u00famenes de los pedidos y de los recursos en almac\u00e9n. <strong>Todos nuestros env\u00edos se embalan de forma segura<\/strong> para que lleguen a su destino en perfectas condiciones y se dispone del <strong>correspondiente &#8220;tracking number&#8221; para la trazabilidad del env\u00edo<\/strong>, que permite monitorizarlo hasta su entrega.<\/p>\n<p>Nuestros equipos de expertos acompa\u00f1an al cliente desde la fase del presupuesto hasta el servicio posventa con el fin de ayudarle a satisfacer cualquier exigencia. <strong>Estamos a su disposici\u00f3n para informarle sobre precios y para la elaboraci\u00f3n de presupuestos<\/strong>.<br \/>\n <p class=\"wpsm-hide\" style=\"color: #c39f5f; font-size: 100%; text-align: left;\"> Leer menos<\/p><\/div><\/div>\n","protected":false},"excerpt":{"rendered":"<p>Para aplicar con pincel, el polvo y la c\u00e1scara son los formatos m\u00e1s adecuados para el retoque y el plateado de incrustaciones o superficies muy irregulares. [&#8230;]<\/p>\n<p><a class=\"btn btn-secondary understrap-read-more-link\" href=\"https:\/\/www.manetti.com\/es\/producto\/plata-polvo-concha\/\">Leer m\u00e1s&#8230;<\/a><\/p>\n","protected":false},"featured_media":73987,"template":"","meta":{"_acf_changed":false},"product_brand":[],"product_cat":[168],"product_tag":[320],"product_area":[],"catalog_category":[794,971,1005],"class_list":{"0":"post-35797","1":"product","2":"type-product","3":"status-publish","4":"has-post-thumbnail","6":"product_cat-hoja-de-pan-de-plata","7":"product_tag-polveri-e-conchiglie-es","8":"catalog_category-dorado-y-restauracion","9":"catalog_category-dorado-y-restauracion-pan-de-oro-y-otros-metales","10":"catalog_category-dorado-y-restauracion-oro-y-plata-en-polvo-y-en-concha","12":"first","13":"instock","14":"shipping-taxable","15":"purchasable","16":"product-type-variable"},"acf":[],"yoast_head":"<!-- This site is optimized with the Yoast SEO plugin v26.5 - https:\/\/yoast.com\/wordpress\/plugins\/seo\/ -->\n<title>Plata en polvo y en concha | Giusto Manetti Battiloro<\/title>\n<meta name=\"description\" content=\"Para aplicar con pincel, el polvo y la c\u00e1scara son los formatos m\u00e1s adecuados para el retoque y el plateado de incrustaciones o superficies muy irregulares.\" \/>\n<meta name=\"robots\" content=\"index, follow, max-snippet:-1, max-image-preview:large, max-video-preview:-1\" \/>\n<link rel=\"canonical\" href=\"https:\/\/www.manetti.com\/es\/producto\/plata-polvo-concha\/\" \/>\n<meta property=\"og:locale\" content=\"es_ES\" \/>\n<meta property=\"og:type\" content=\"article\" \/>\n<meta property=\"og:title\" content=\"Plata en polvo y en concha | Giusto Manetti Battiloro\" \/>\n<meta property=\"og:description\" content=\"Para aplicar con pincel, el polvo y la c\u00e1scara son los formatos m\u00e1s adecuados para el retoque y el plateado de incrustaciones o superficies muy irregulares.\" \/>\n<meta property=\"og:url\" content=\"https:\/\/www.manetti.com\/es\/producto\/plata-polvo-concha\/\" \/>\n<meta property=\"og:site_name\" content=\"Giusto Manetti Battiloro\" \/>\n<meta property=\"article:publisher\" content=\"https:\/\/www.facebook.com\/giustomanettibattiloro\" \/>\n<meta property=\"article:modified_time\" content=\"2024-02-14T13:00:25+00:00\" \/>\n<meta property=\"og:image\" content=\"https:\/\/www.manetti.com\/wp-content\/uploads\/2020\/01\/polveri_conchiglie_argento.png\" \/>\n\t<meta property=\"og:image:width\" content=\"200\" \/>\n\t<meta property=\"og:image:height\" content=\"200\" \/>\n\t<meta property=\"og:image:type\" content=\"image\/png\" \/>\n<meta name=\"twitter:card\" content=\"summary_large_image\" \/>\n<meta name=\"twitter:label1\" content=\"Tiempo de lectura\" \/>\n\t<meta name=\"twitter:data1\" content=\"2 minutos\" \/>\n<script type=\"application\/ld+json\" class=\"yoast-schema-graph\">{\"@context\":\"https:\/\/schema.org\",\"@graph\":[{\"@type\":\"WebPage\",\"@id\":\"https:\/\/www.manetti.com\/es\/producto\/plata-polvo-concha\/\",\"url\":\"https:\/\/www.manetti.com\/es\/producto\/plata-polvo-concha\/\",\"name\":\"Plata en polvo y en concha | Giusto Manetti Battiloro\",\"isPartOf\":{\"@id\":\"https:\/\/www.manetti.com\/es\/#website\"},\"primaryImageOfPage\":{\"@id\":\"https:\/\/www.manetti.com\/es\/producto\/plata-polvo-concha\/#primaryimage\"},\"image\":{\"@id\":\"https:\/\/www.manetti.com\/es\/producto\/plata-polvo-concha\/#primaryimage\"},\"thumbnailUrl\":\"https:\/\/www.manetti.com\/wp-content\/uploads\/2024\/03\/FogliaArgento_PolvereArgento-ConchigliaArgento_giustomanettibattiloro.png\",\"datePublished\":\"2020-01-31T09:10:07+00:00\",\"dateModified\":\"2024-02-14T13:00:25+00:00\",\"description\":\"Para aplicar con pincel, el polvo y la c\u00e1scara son los formatos m\u00e1s adecuados para el retoque y el plateado de incrustaciones o superficies muy irregulares.\",\"inLanguage\":\"es\",\"potentialAction\":[{\"@type\":\"ReadAction\",\"target\":[\"https:\/\/www.manetti.com\/es\/producto\/plata-polvo-concha\/\"]}]},{\"@type\":\"ImageObject\",\"inLanguage\":\"es\",\"@id\":\"https:\/\/www.manetti.com\/es\/producto\/plata-polvo-concha\/#primaryimage\",\"url\":\"https:\/\/www.manetti.com\/wp-content\/uploads\/2024\/03\/FogliaArgento_PolvereArgento-ConchigliaArgento_giustomanettibattiloro.png\",\"contentUrl\":\"https:\/\/www.manetti.com\/wp-content\/uploads\/2024\/03\/FogliaArgento_PolvereArgento-ConchigliaArgento_giustomanettibattiloro.png\",\"width\":900,\"height\":900},{\"@type\":\"WebSite\",\"@id\":\"https:\/\/www.manetti.com\/es\/#website\",\"url\":\"https:\/\/www.manetti.com\/es\/\",\"name\":\"Giusto Manetti Battiloro\",\"description\":\"\",\"publisher\":{\"@id\":\"https:\/\/www.manetti.com\/es\/#organization\"},\"potentialAction\":[{\"@type\":\"SearchAction\",\"target\":{\"@type\":\"EntryPoint\",\"urlTemplate\":\"https:\/\/www.manetti.com\/es\/?s={search_term_string}\"},\"query-input\":{\"@type\":\"PropertyValueSpecification\",\"valueRequired\":true,\"valueName\":\"search_term_string\"}}],\"inLanguage\":\"es\"},{\"@type\":\"Organization\",\"@id\":\"https:\/\/www.manetti.com\/es\/#organization\",\"name\":\"GIUSTO MANETTI BATTILORO S.P.A.\",\"url\":\"https:\/\/www.manetti.com\/es\/\",\"logo\":{\"@type\":\"ImageObject\",\"inLanguage\":\"es\",\"@id\":\"https:\/\/www.manetti.com\/es\/#\/schema\/logo\/image\/\",\"url\":\"https:\/\/www.manetti.com\/wp-content\/uploads\/2025\/02\/giusto-manetti-blu_300-02.png\",\"contentUrl\":\"https:\/\/www.manetti.com\/wp-content\/uploads\/2025\/02\/giusto-manetti-blu_300-02.png\",\"width\":1123,\"height\":1093,\"caption\":\"GIUSTO MANETTI BATTILORO S.P.A.\"},\"image\":{\"@id\":\"https:\/\/www.manetti.com\/es\/#\/schema\/logo\/image\/\"},\"sameAs\":[\"https:\/\/www.facebook.com\/giustomanettibattiloro\",\"https:\/\/www.instagram.com\/giustomanettibattiloro\/\",\"https:\/\/www.linkedin.com\/company\/giusto-manetti-battiloro-s-p-a-\/\",\"https:\/\/www.youtube.com\/user\/ManettiBattiloro\"]}]}<\/script>\n<!-- \/ Yoast SEO plugin. -->","yoast_head_json":{"title":"Plata en polvo y en concha | Giusto Manetti Battiloro","description":"Para aplicar con pincel, el polvo y la c\u00e1scara son los formatos m\u00e1s adecuados para el retoque y el plateado de incrustaciones o superficies muy irregulares.","robots":{"index":"index","follow":"follow","max-snippet":"max-snippet:-1","max-image-preview":"max-image-preview:large","max-video-preview":"max-video-preview:-1"},"canonical":"https:\/\/www.manetti.com\/es\/producto\/plata-polvo-concha\/","og_locale":"es_ES","og_type":"article","og_title":"Plata en polvo y en concha | Giusto Manetti Battiloro","og_description":"Para aplicar con pincel, el polvo y la c\u00e1scara son los formatos m\u00e1s adecuados para el retoque y el plateado de incrustaciones o superficies muy irregulares.","og_url":"https:\/\/www.manetti.com\/es\/producto\/plata-polvo-concha\/","og_site_name":"Giusto Manetti Battiloro","article_publisher":"https:\/\/www.facebook.com\/giustomanettibattiloro","article_modified_time":"2024-02-14T13:00:25+00:00","og_image":[{"width":200,"height":200,"url":"https:\/\/www.manetti.com\/wp-content\/uploads\/2020\/01\/polveri_conchiglie_argento.png","type":"image\/png"}],"twitter_card":"summary_large_image","twitter_misc":{"Tiempo de lectura":"2 minutos"},"schema":{"@context":"https:\/\/schema.org","@graph":[{"@type":"WebPage","@id":"https:\/\/www.manetti.com\/es\/producto\/plata-polvo-concha\/","url":"https:\/\/www.manetti.com\/es\/producto\/plata-polvo-concha\/","name":"Plata en polvo y en concha | Giusto Manetti Battiloro","isPartOf":{"@id":"https:\/\/www.manetti.com\/es\/#website"},"primaryImageOfPage":{"@id":"https:\/\/www.manetti.com\/es\/producto\/plata-polvo-concha\/#primaryimage"},"image":{"@id":"https:\/\/www.manetti.com\/es\/producto\/plata-polvo-concha\/#primaryimage"},"thumbnailUrl":"https:\/\/www.manetti.com\/wp-content\/uploads\/2024\/03\/FogliaArgento_PolvereArgento-ConchigliaArgento_giustomanettibattiloro.png","datePublished":"2020-01-31T09:10:07+00:00","dateModified":"2024-02-14T13:00:25+00:00","description":"Para aplicar con pincel, el polvo y la c\u00e1scara son los formatos m\u00e1s adecuados para el retoque y el plateado de incrustaciones o superficies muy irregulares.","inLanguage":"es","potentialAction":[{"@type":"ReadAction","target":["https:\/\/www.manetti.com\/es\/producto\/plata-polvo-concha\/"]}]},{"@type":"ImageObject","inLanguage":"es","@id":"https:\/\/www.manetti.com\/es\/producto\/plata-polvo-concha\/#primaryimage","url":"https:\/\/www.manetti.com\/wp-content\/uploads\/2024\/03\/FogliaArgento_PolvereArgento-ConchigliaArgento_giustomanettibattiloro.png","contentUrl":"https:\/\/www.manetti.com\/wp-content\/uploads\/2024\/03\/FogliaArgento_PolvereArgento-ConchigliaArgento_giustomanettibattiloro.png","width":900,"height":900},{"@type":"WebSite","@id":"https:\/\/www.manetti.com\/es\/#website","url":"https:\/\/www.manetti.com\/es\/","name":"Giusto Manetti Battiloro","description":"","publisher":{"@id":"https:\/\/www.manetti.com\/es\/#organization"},"potentialAction":[{"@type":"SearchAction","target":{"@type":"EntryPoint","urlTemplate":"https:\/\/www.manetti.com\/es\/?s={search_term_string}"},"query-input":{"@type":"PropertyValueSpecification","valueRequired":true,"valueName":"search_term_string"}}],"inLanguage":"es"},{"@type":"Organization","@id":"https:\/\/www.manetti.com\/es\/#organization","name":"GIUSTO MANETTI BATTILORO S.P.A.","url":"https:\/\/www.manetti.com\/es\/","logo":{"@type":"ImageObject","inLanguage":"es","@id":"https:\/\/www.manetti.com\/es\/#\/schema\/logo\/image\/","url":"https:\/\/www.manetti.com\/wp-content\/uploads\/2025\/02\/giusto-manetti-blu_300-02.png","contentUrl":"https:\/\/www.manetti.com\/wp-content\/uploads\/2025\/02\/giusto-manetti-blu_300-02.png","width":1123,"height":1093,"caption":"GIUSTO MANETTI BATTILORO S.P.A."},"image":{"@id":"https:\/\/www.manetti.com\/es\/#\/schema\/logo\/image\/"},"sameAs":["https:\/\/www.facebook.com\/giustomanettibattiloro","https:\/\/www.instagram.com\/giustomanettibattiloro\/","https:\/\/www.linkedin.com\/company\/giusto-manetti-battiloro-s-p-a-\/","https:\/\/www.youtube.com\/user\/ManettiBattiloro"]}]}},"_links":{"self":[{"href":"https:\/\/www.manetti.com\/es\/wp-json\/wp\/v2\/product\/35797","targetHints":{"allow":["GET"]}}],"collection":[{"href":"https:\/\/www.manetti.com\/es\/wp-json\/wp\/v2\/product"}],"about":[{"href":"https:\/\/www.manetti.com\/es\/wp-json\/wp\/v2\/types\/product"}],"wp:featuredmedia":[{"embeddable":true,"href":"https:\/\/www.manetti.com\/es\/wp-json\/wp\/v2\/media\/73987"}],"wp:attachment":[{"href":"https:\/\/www.manetti.com\/es\/wp-json\/wp\/v2\/media?parent=35797"}],"wp:term":[{"taxonomy":"product_brand","embeddable":true,"href":"https:\/\/www.manetti.com\/es\/wp-json\/wp\/v2\/product_brand?post=35797"},{"taxonomy":"product_cat","embeddable":true,"href":"https:\/\/www.manetti.com\/es\/wp-json\/wp\/v2\/product_cat?post=35797"},{"taxonomy":"product_tag","embeddable":true,"href":"https:\/\/www.manetti.com\/es\/wp-json\/wp\/v2\/product_tag?post=35797"},{"taxonomy":"product_area","embeddable":true,"href":"https:\/\/www.manetti.com\/es\/wp-json\/wp\/v2\/product_area?post=35797"},{"taxonomy":"catalog_category","embeddable":true,"href":"https:\/\/www.manetti.com\/es\/wp-json\/wp\/v2\/catalog_category?post=35797"}],"curies":[{"name":"wp","href":"https:\/\/api.w.org\/{rel}","templated":true}]}}