{"id":41573,"date":"2020-01-31T16:52:25","date_gmt":"2020-01-31T15:52:25","guid":{"rendered":"https:\/\/www.manetti.com\/?post_type=product&#038;p=41573"},"modified":"2025-03-17T16:40:15","modified_gmt":"2025-03-17T15:40:15","slug":"shop-goma-laca-en-solucion","status":"publish","type":"product","link":"https:\/\/www.manetti.com\/es\/shop\/goma-laca-en-solucion\/","title":{"rendered":"Goma laca TN en soluci\u00f3n"},"content":{"rendered":"<p>Goma laca en soluci\u00f3n lista para su uso, indicada como protector ligero y como abrillantador para el dorado con pan de oro, tanto de metal precioso como imitaci\u00f3n. Una vez seca, aporta un ligero tono c\u00e1lido a la superficie con una gradaci\u00f3n m\u00e1s oscura respecto de la goma laca descerada.<\/p>\n","protected":false},"excerpt":{"rendered":"<p>Goma laca en soluci\u00f3n lista para su uso, indicada como protector ligero y como abrillantador para el dorado con pan de oro, tanto de metal precioso como imitaci\u00f3n. Una vez seca, aporta un ligero tono c\u00e1lido a la superficie con una gradaci\u00f3n m\u00e1s oscura respecto de la goma laca descerada. [&#8230;]<\/p>\n<p><a class=\"btn btn-secondary understrap-read-more-link\" href=\"https:\/\/www.manetti.com\/es\/shop\/goma-laca-en-solucion\/\">Leer m\u00e1s&#8230;<\/a><\/p>\n","protected":false},"featured_media":51762,"template":"","meta":{"_acf_changed":false},"product_brand":[],"product_cat":[432,391],"product_tag":[191],"product_area":[585,653,712],"catalog_category":[],"class_list":{"0":"post-41573","1":"product","2":"type-product","3":"status-publish","4":"has-post-thumbnail","6":"product_cat-goma-laca","7":"product_cat-proteccion","8":"product_tag-gommalacca-es","9":"product_area-rafinamiento-y-proteccion","10":"product_area-rafinamiento-y-proteccion-proteccion","11":"product_area-barniz-y-proteccion-goma-laca","13":"first","14":"instock","15":"shipping-taxable","16":"product-type-variable"},"acf":[],"yoast_head":"<!-- This site is optimized with the Yoast SEO plugin v26.5 - https:\/\/yoast.com\/wordpress\/plugins\/seo\/ -->\n<title>Goma laca TN en soluci\u00f3n | Giusto Manetti Battiloro<\/title>\n<meta name=\"description\" content=\"Goma laca en soluci\u00f3n lista para su uso, indicada como protector ligero y como abrillantador para el dorado con pan de oro, tanto de metal precioso como\" \/>\n<meta name=\"robots\" content=\"index, follow, max-snippet:-1, max-image-preview:large, max-video-preview:-1\" \/>\n<link rel=\"canonical\" href=\"https:\/\/www.manetti.com\/es\/shop\/goma-laca-en-solucion\/\" \/>\n<meta property=\"og:locale\" content=\"es_ES\" \/>\n<meta property=\"og:type\" content=\"article\" \/>\n<meta property=\"og:title\" content=\"Goma laca TN en soluci\u00f3n | Giusto Manetti Battiloro\" \/>\n<meta property=\"og:description\" content=\"Goma laca en soluci\u00f3n lista para su uso, indicada como protector ligero y como abrillantador para el dorado con pan de oro, tanto de metal precioso como\" \/>\n<meta property=\"og:url\" content=\"https:\/\/www.manetti.com\/es\/shop\/goma-laca-en-solucion\/\" \/>\n<meta property=\"og:site_name\" content=\"Giusto Manetti Battiloro\" \/>\n<meta property=\"article:publisher\" content=\"https:\/\/www.facebook.com\/giustomanettibattiloro\" \/>\n<meta property=\"article:modified_time\" content=\"2025-03-17T15:40:15+00:00\" \/>\n<meta property=\"og:image\" content=\"https:\/\/www.manetti.com\/wp-content\/uploads\/2022\/10\/Gommalacca_bottiglietta-giusta.png\" \/>\n\t<meta property=\"og:image:width\" content=\"487\" \/>\n\t<meta property=\"og:image:height\" content=\"487\" \/>\n\t<meta property=\"og:image:type\" content=\"image\/png\" \/>\n<meta name=\"twitter:card\" content=\"summary_large_image\" \/>\n<meta name=\"twitter:label1\" content=\"Tiempo de lectura\" \/>\n\t<meta name=\"twitter:data1\" content=\"1 minuto\" \/>\n<script type=\"application\/ld+json\" class=\"yoast-schema-graph\">{\"@context\":\"https:\/\/schema.org\",\"@graph\":[{\"@type\":\"WebPage\",\"@id\":\"https:\/\/www.manetti.com\/es\/shop\/goma-laca-en-solucion\/\",\"url\":\"https:\/\/www.manetti.com\/es\/shop\/goma-laca-en-solucion\/\",\"name\":\"Goma laca TN en soluci\u00f3n | Giusto Manetti Battiloro\",\"isPartOf\":{\"@id\":\"https:\/\/www.manetti.com\/es\/#website\"},\"primaryImageOfPage\":{\"@id\":\"https:\/\/www.manetti.com\/es\/shop\/goma-laca-en-solucion\/#primaryimage\"},\"image\":{\"@id\":\"https:\/\/www.manetti.com\/es\/shop\/goma-laca-en-solucion\/#primaryimage\"},\"thumbnailUrl\":\"https:\/\/www.manetti.com\/wp-content\/uploads\/2022\/10\/Gommalacca_bottiglietta-giusta.png\",\"datePublished\":\"2020-01-31T15:52:25+00:00\",\"dateModified\":\"2025-03-17T15:40:15+00:00\",\"description\":\"Goma laca en soluci\u00f3n lista para su uso, indicada como protector ligero y como abrillantador para el dorado con pan de oro, tanto de metal precioso como\",\"inLanguage\":\"es\",\"potentialAction\":[{\"@type\":\"ReadAction\",\"target\":[\"https:\/\/www.manetti.com\/es\/shop\/goma-laca-en-solucion\/\"]}]},{\"@type\":\"ImageObject\",\"inLanguage\":\"es\",\"@id\":\"https:\/\/www.manetti.com\/es\/shop\/goma-laca-en-solucion\/#primaryimage\",\"url\":\"https:\/\/www.manetti.com\/wp-content\/uploads\/2022\/10\/Gommalacca_bottiglietta-giusta.png\",\"contentUrl\":\"https:\/\/www.manetti.com\/wp-content\/uploads\/2022\/10\/Gommalacca_bottiglietta-giusta.png\",\"width\":487,\"height\":487},{\"@type\":\"WebSite\",\"@id\":\"https:\/\/www.manetti.com\/es\/#website\",\"url\":\"https:\/\/www.manetti.com\/es\/\",\"name\":\"Giusto Manetti Battiloro\",\"description\":\"\",\"publisher\":{\"@id\":\"https:\/\/www.manetti.com\/es\/#organization\"},\"potentialAction\":[{\"@type\":\"SearchAction\",\"target\":{\"@type\":\"EntryPoint\",\"urlTemplate\":\"https:\/\/www.manetti.com\/es\/?s={search_term_string}\"},\"query-input\":{\"@type\":\"PropertyValueSpecification\",\"valueRequired\":true,\"valueName\":\"search_term_string\"}}],\"inLanguage\":\"es\"},{\"@type\":\"Organization\",\"@id\":\"https:\/\/www.manetti.com\/es\/#organization\",\"name\":\"GIUSTO MANETTI BATTILORO S.P.A.\",\"url\":\"https:\/\/www.manetti.com\/es\/\",\"logo\":{\"@type\":\"ImageObject\",\"inLanguage\":\"es\",\"@id\":\"https:\/\/www.manetti.com\/es\/#\/schema\/logo\/image\/\",\"url\":\"https:\/\/www.manetti.com\/wp-content\/uploads\/2025\/02\/giusto-manetti-blu_300-02.png\",\"contentUrl\":\"https:\/\/www.manetti.com\/wp-content\/uploads\/2025\/02\/giusto-manetti-blu_300-02.png\",\"width\":1123,\"height\":1093,\"caption\":\"GIUSTO MANETTI BATTILORO S.P.A.\"},\"image\":{\"@id\":\"https:\/\/www.manetti.com\/es\/#\/schema\/logo\/image\/\"},\"sameAs\":[\"https:\/\/www.facebook.com\/giustomanettibattiloro\",\"https:\/\/www.instagram.com\/giustomanettibattiloro\/\",\"https:\/\/www.linkedin.com\/company\/giusto-manetti-battiloro-s-p-a-\/\",\"https:\/\/www.youtube.com\/user\/ManettiBattiloro\"]}]}<\/script>\n<!-- \/ Yoast SEO plugin. -->","yoast_head_json":{"title":"Goma laca TN en soluci\u00f3n | Giusto Manetti Battiloro","description":"Goma laca en soluci\u00f3n lista para su uso, indicada como protector ligero y como abrillantador para el dorado con pan de oro, tanto de metal precioso como","robots":{"index":"index","follow":"follow","max-snippet":"max-snippet:-1","max-image-preview":"max-image-preview:large","max-video-preview":"max-video-preview:-1"},"canonical":"https:\/\/www.manetti.com\/es\/shop\/goma-laca-en-solucion\/","og_locale":"es_ES","og_type":"article","og_title":"Goma laca TN en soluci\u00f3n | Giusto Manetti Battiloro","og_description":"Goma laca en soluci\u00f3n lista para su uso, indicada como protector ligero y como abrillantador para el dorado con pan de oro, tanto de metal precioso como","og_url":"https:\/\/www.manetti.com\/es\/shop\/goma-laca-en-solucion\/","og_site_name":"Giusto Manetti Battiloro","article_publisher":"https:\/\/www.facebook.com\/giustomanettibattiloro","article_modified_time":"2025-03-17T15:40:15+00:00","og_image":[{"width":487,"height":487,"url":"https:\/\/www.manetti.com\/wp-content\/uploads\/2022\/10\/Gommalacca_bottiglietta-giusta.png","type":"image\/png"}],"twitter_card":"summary_large_image","twitter_misc":{"Tiempo de lectura":"1 minuto"},"schema":{"@context":"https:\/\/schema.org","@graph":[{"@type":"WebPage","@id":"https:\/\/www.manetti.com\/es\/shop\/goma-laca-en-solucion\/","url":"https:\/\/www.manetti.com\/es\/shop\/goma-laca-en-solucion\/","name":"Goma laca TN en soluci\u00f3n | Giusto Manetti Battiloro","isPartOf":{"@id":"https:\/\/www.manetti.com\/es\/#website"},"primaryImageOfPage":{"@id":"https:\/\/www.manetti.com\/es\/shop\/goma-laca-en-solucion\/#primaryimage"},"image":{"@id":"https:\/\/www.manetti.com\/es\/shop\/goma-laca-en-solucion\/#primaryimage"},"thumbnailUrl":"https:\/\/www.manetti.com\/wp-content\/uploads\/2022\/10\/Gommalacca_bottiglietta-giusta.png","datePublished":"2020-01-31T15:52:25+00:00","dateModified":"2025-03-17T15:40:15+00:00","description":"Goma laca en soluci\u00f3n lista para su uso, indicada como protector ligero y como abrillantador para el dorado con pan de oro, tanto de metal precioso como","inLanguage":"es","potentialAction":[{"@type":"ReadAction","target":["https:\/\/www.manetti.com\/es\/shop\/goma-laca-en-solucion\/"]}]},{"@type":"ImageObject","inLanguage":"es","@id":"https:\/\/www.manetti.com\/es\/shop\/goma-laca-en-solucion\/#primaryimage","url":"https:\/\/www.manetti.com\/wp-content\/uploads\/2022\/10\/Gommalacca_bottiglietta-giusta.png","contentUrl":"https:\/\/www.manetti.com\/wp-content\/uploads\/2022\/10\/Gommalacca_bottiglietta-giusta.png","width":487,"height":487},{"@type":"WebSite","@id":"https:\/\/www.manetti.com\/es\/#website","url":"https:\/\/www.manetti.com\/es\/","name":"Giusto Manetti Battiloro","description":"","publisher":{"@id":"https:\/\/www.manetti.com\/es\/#organization"},"potentialAction":[{"@type":"SearchAction","target":{"@type":"EntryPoint","urlTemplate":"https:\/\/www.manetti.com\/es\/?s={search_term_string}"},"query-input":{"@type":"PropertyValueSpecification","valueRequired":true,"valueName":"search_term_string"}}],"inLanguage":"es"},{"@type":"Organization","@id":"https:\/\/www.manetti.com\/es\/#organization","name":"GIUSTO MANETTI BATTILORO S.P.A.","url":"https:\/\/www.manetti.com\/es\/","logo":{"@type":"ImageObject","inLanguage":"es","@id":"https:\/\/www.manetti.com\/es\/#\/schema\/logo\/image\/","url":"https:\/\/www.manetti.com\/wp-content\/uploads\/2025\/02\/giusto-manetti-blu_300-02.png","contentUrl":"https:\/\/www.manetti.com\/wp-content\/uploads\/2025\/02\/giusto-manetti-blu_300-02.png","width":1123,"height":1093,"caption":"GIUSTO MANETTI BATTILORO S.P.A."},"image":{"@id":"https:\/\/www.manetti.com\/es\/#\/schema\/logo\/image\/"},"sameAs":["https:\/\/www.facebook.com\/giustomanettibattiloro","https:\/\/www.instagram.com\/giustomanettibattiloro\/","https:\/\/www.linkedin.com\/company\/giusto-manetti-battiloro-s-p-a-\/","https:\/\/www.youtube.com\/user\/ManettiBattiloro"]}]}},"_links":{"self":[{"href":"https:\/\/www.manetti.com\/es\/wp-json\/wp\/v2\/product\/41573","targetHints":{"allow":["GET"]}}],"collection":[{"href":"https:\/\/www.manetti.com\/es\/wp-json\/wp\/v2\/product"}],"about":[{"href":"https:\/\/www.manetti.com\/es\/wp-json\/wp\/v2\/types\/product"}],"wp:featuredmedia":[{"embeddable":true,"href":"https:\/\/www.manetti.com\/es\/wp-json\/wp\/v2\/media\/51762"}],"wp:attachment":[{"href":"https:\/\/www.manetti.com\/es\/wp-json\/wp\/v2\/media?parent=41573"}],"wp:term":[{"taxonomy":"product_brand","embeddable":true,"href":"https:\/\/www.manetti.com\/es\/wp-json\/wp\/v2\/product_brand?post=41573"},{"taxonomy":"product_cat","embeddable":true,"href":"https:\/\/www.manetti.com\/es\/wp-json\/wp\/v2\/product_cat?post=41573"},{"taxonomy":"product_tag","embeddable":true,"href":"https:\/\/www.manetti.com\/es\/wp-json\/wp\/v2\/product_tag?post=41573"},{"taxonomy":"product_area","embeddable":true,"href":"https:\/\/www.manetti.com\/es\/wp-json\/wp\/v2\/product_area?post=41573"},{"taxonomy":"catalog_category","embeddable":true,"href":"https:\/\/www.manetti.com\/es\/wp-json\/wp\/v2\/catalog_category?post=41573"}],"curies":[{"name":"wp","href":"https:\/\/api.w.org\/{rel}","templated":true}]}}