{"id":59514,"date":"2024-02-10T12:36:32","date_gmt":"2023-09-13T10:36:36","guid":{"rendered":"https:\/\/www.manetti.com\/?post_type=product&#038;p=59514"},"modified":"2025-05-13T11:18:16","modified_gmt":"2025-05-13T09:18:16","slug":"hoja-de-oro-plata-linea-de-bellas-artes","status":"publish","type":"product","link":"https:\/\/www.manetti.com\/es\/producto\/hoja-de-oro-y-plata-linea-de-bellas-artes\/","title":{"rendered":"Hoja de oro y plata L\u00ednea de Bellas Artes"},"content":{"rendered":"<p>Se trata de estuches que contienen un solo librito de 5 o 25 hojas, disponibles en 11 tonos de oro aut\u00e9ntico en formato de 80 x 80 mm y en plata pura en formato de 95 x 95 mm. Disponibles tanto en hojas sueltas como en formato de transferencia, se presentan en un embalaje personalizado que facilita la elecci\u00f3n del tono de oro. Este embalaje representa una soluci\u00f3n innovadora en el mercado del pan de oro, haciendo que la compra de diferentes tonos de oro y plata aut\u00e9ntico sea accesible incluso para artistas, estudiantes, aficionados y artesanos.<\/p>\n","protected":false},"excerpt":{"rendered":"<p>Cada color se suministra en su propio embalaje personalizado, favoreciendo as\u00ed la presentaci\u00f3n, exposici\u00f3n y venta del producto. [&#8230;]<\/p>\n<p><a class=\"btn btn-secondary understrap-read-more-link\" href=\"https:\/\/www.manetti.com\/es\/producto\/hoja-de-oro-y-plata-linea-de-bellas-artes\/\">Leer m\u00e1s&#8230;<\/a><\/p>\n","protected":false},"featured_media":72004,"template":"","meta":{"_acf_changed":false},"product_brand":[],"product_cat":[468],"product_tag":[167],"product_area":[],"catalog_category":[],"class_list":{"0":"post-59514","1":"product","2":"type-product","3":"status-publish","4":"has-post-thumbnail","6":"product_cat-bellas-artes","7":"product_tag-prodotti-speciali-es","9":"first","10":"instock","11":"shipping-taxable","12":"purchasable","13":"product-type-variable"},"acf":[],"yoast_head":"<!-- This site is optimized with the Yoast SEO plugin v26.5 - https:\/\/yoast.com\/wordpress\/plugins\/seo\/ -->\n<title>Pan de oro y plata al por menor - Giusto Manetti Battiloro<\/title>\n<meta name=\"description\" content=\"El pan de oro y plata en un solo libro es una novedad absoluta para la venta al por menor y la distribuci\u00f3n en el mundo del dorado.\" \/>\n<meta name=\"robots\" content=\"noindex, nofollow\" \/>\n<meta property=\"og:locale\" content=\"es_ES\" \/>\n<meta property=\"og:type\" content=\"article\" \/>\n<meta property=\"og:title\" content=\"Pan de oro y plata al por menor - Giusto Manetti Battiloro\" \/>\n<meta property=\"og:description\" content=\"El pan de oro y plata en un solo libro es una novedad absoluta para la venta al por menor y la distribuci\u00f3n en el mundo del dorado.\" \/>\n<meta property=\"og:url\" content=\"https:\/\/www.manetti.com\/es\/producto\/hoja-de-oro-y-plata-linea-de-bellas-artes\/\" \/>\n<meta property=\"og:site_name\" content=\"Giusto Manetti Battiloro\" \/>\n<meta property=\"article:publisher\" content=\"https:\/\/www.facebook.com\/giustomanettibattiloro\" \/>\n<meta property=\"article:modified_time\" content=\"2025-05-13T09:18:16+00:00\" \/>\n<meta property=\"og:image\" content=\"https:\/\/www.manetti.com\/wp-content\/uploads\/2024\/02\/Foglia-oro-belle-arti.png\" \/>\n\t<meta property=\"og:image:width\" content=\"1000\" \/>\n\t<meta property=\"og:image:height\" content=\"1000\" \/>\n\t<meta property=\"og:image:type\" content=\"image\/png\" \/>\n<meta name=\"twitter:card\" content=\"summary_large_image\" \/>\n<script type=\"application\/ld+json\" class=\"yoast-schema-graph\">{\"@context\":\"https:\/\/schema.org\",\"@graph\":[{\"@type\":\"WebPage\",\"@id\":\"https:\/\/www.manetti.com\/es\/producto\/hoja-de-oro-y-plata-linea-de-bellas-artes\/\",\"url\":\"https:\/\/www.manetti.com\/es\/producto\/hoja-de-oro-y-plata-linea-de-bellas-artes\/\",\"name\":\"Pan de oro y plata al por menor - Giusto Manetti Battiloro\",\"isPartOf\":{\"@id\":\"https:\/\/www.manetti.com\/es\/#website\"},\"primaryImageOfPage\":{\"@id\":\"https:\/\/www.manetti.com\/es\/producto\/hoja-de-oro-y-plata-linea-de-bellas-artes\/#primaryimage\"},\"image\":{\"@id\":\"https:\/\/www.manetti.com\/es\/producto\/hoja-de-oro-y-plata-linea-de-bellas-artes\/#primaryimage\"},\"thumbnailUrl\":\"https:\/\/www.manetti.com\/wp-content\/uploads\/2024\/02\/Foglia-oro-belle-arti.png\",\"datePublished\":\"2023-09-13T10:36:36+00:00\",\"dateModified\":\"2025-05-13T09:18:16+00:00\",\"description\":\"El pan de oro y plata en un solo libro es una novedad absoluta para la venta al por menor y la distribuci\u00f3n en el mundo del dorado.\",\"inLanguage\":\"es\",\"potentialAction\":[{\"@type\":\"ReadAction\",\"target\":[\"https:\/\/www.manetti.com\/es\/producto\/hoja-de-oro-y-plata-linea-de-bellas-artes\/\"]}]},{\"@type\":\"ImageObject\",\"inLanguage\":\"es\",\"@id\":\"https:\/\/www.manetti.com\/es\/producto\/hoja-de-oro-y-plata-linea-de-bellas-artes\/#primaryimage\",\"url\":\"https:\/\/www.manetti.com\/wp-content\/uploads\/2024\/02\/Foglia-oro-belle-arti.png\",\"contentUrl\":\"https:\/\/www.manetti.com\/wp-content\/uploads\/2024\/02\/Foglia-oro-belle-arti.png\",\"width\":1000,\"height\":1000,\"caption\":\"Foglia oro belle arti\"},{\"@type\":\"WebSite\",\"@id\":\"https:\/\/www.manetti.com\/es\/#website\",\"url\":\"https:\/\/www.manetti.com\/es\/\",\"name\":\"Giusto Manetti Battiloro\",\"description\":\"\",\"publisher\":{\"@id\":\"https:\/\/www.manetti.com\/es\/#organization\"},\"potentialAction\":[{\"@type\":\"SearchAction\",\"target\":{\"@type\":\"EntryPoint\",\"urlTemplate\":\"https:\/\/www.manetti.com\/es\/?s={search_term_string}\"},\"query-input\":{\"@type\":\"PropertyValueSpecification\",\"valueRequired\":true,\"valueName\":\"search_term_string\"}}],\"inLanguage\":\"es\"},{\"@type\":\"Organization\",\"@id\":\"https:\/\/www.manetti.com\/es\/#organization\",\"name\":\"GIUSTO MANETTI BATTILORO S.P.A.\",\"url\":\"https:\/\/www.manetti.com\/es\/\",\"logo\":{\"@type\":\"ImageObject\",\"inLanguage\":\"es\",\"@id\":\"https:\/\/www.manetti.com\/es\/#\/schema\/logo\/image\/\",\"url\":\"https:\/\/www.manetti.com\/wp-content\/uploads\/2025\/02\/giusto-manetti-blu_300-02.png\",\"contentUrl\":\"https:\/\/www.manetti.com\/wp-content\/uploads\/2025\/02\/giusto-manetti-blu_300-02.png\",\"width\":1123,\"height\":1093,\"caption\":\"GIUSTO MANETTI BATTILORO S.P.A.\"},\"image\":{\"@id\":\"https:\/\/www.manetti.com\/es\/#\/schema\/logo\/image\/\"},\"sameAs\":[\"https:\/\/www.facebook.com\/giustomanettibattiloro\",\"https:\/\/www.instagram.com\/giustomanettibattiloro\/\",\"https:\/\/www.linkedin.com\/company\/giusto-manetti-battiloro-s-p-a-\/\",\"https:\/\/www.youtube.com\/user\/ManettiBattiloro\"]}]}<\/script>\n<!-- \/ Yoast SEO plugin. -->","yoast_head_json":{"title":"Pan de oro y plata al por menor - Giusto Manetti Battiloro","description":"El pan de oro y plata en un solo libro es una novedad absoluta para la venta al por menor y la distribuci\u00f3n en el mundo del dorado.","robots":{"index":"noindex","follow":"nofollow"},"og_locale":"es_ES","og_type":"article","og_title":"Pan de oro y plata al por menor - Giusto Manetti Battiloro","og_description":"El pan de oro y plata en un solo libro es una novedad absoluta para la venta al por menor y la distribuci\u00f3n en el mundo del dorado.","og_url":"https:\/\/www.manetti.com\/es\/producto\/hoja-de-oro-y-plata-linea-de-bellas-artes\/","og_site_name":"Giusto Manetti Battiloro","article_publisher":"https:\/\/www.facebook.com\/giustomanettibattiloro","article_modified_time":"2025-05-13T09:18:16+00:00","og_image":[{"width":1000,"height":1000,"url":"https:\/\/www.manetti.com\/wp-content\/uploads\/2024\/02\/Foglia-oro-belle-arti.png","type":"image\/png"}],"twitter_card":"summary_large_image","schema":{"@context":"https:\/\/schema.org","@graph":[{"@type":"WebPage","@id":"https:\/\/www.manetti.com\/es\/producto\/hoja-de-oro-y-plata-linea-de-bellas-artes\/","url":"https:\/\/www.manetti.com\/es\/producto\/hoja-de-oro-y-plata-linea-de-bellas-artes\/","name":"Pan de oro y plata al por menor - Giusto Manetti Battiloro","isPartOf":{"@id":"https:\/\/www.manetti.com\/es\/#website"},"primaryImageOfPage":{"@id":"https:\/\/www.manetti.com\/es\/producto\/hoja-de-oro-y-plata-linea-de-bellas-artes\/#primaryimage"},"image":{"@id":"https:\/\/www.manetti.com\/es\/producto\/hoja-de-oro-y-plata-linea-de-bellas-artes\/#primaryimage"},"thumbnailUrl":"https:\/\/www.manetti.com\/wp-content\/uploads\/2024\/02\/Foglia-oro-belle-arti.png","datePublished":"2023-09-13T10:36:36+00:00","dateModified":"2025-05-13T09:18:16+00:00","description":"El pan de oro y plata en un solo libro es una novedad absoluta para la venta al por menor y la distribuci\u00f3n en el mundo del dorado.","inLanguage":"es","potentialAction":[{"@type":"ReadAction","target":["https:\/\/www.manetti.com\/es\/producto\/hoja-de-oro-y-plata-linea-de-bellas-artes\/"]}]},{"@type":"ImageObject","inLanguage":"es","@id":"https:\/\/www.manetti.com\/es\/producto\/hoja-de-oro-y-plata-linea-de-bellas-artes\/#primaryimage","url":"https:\/\/www.manetti.com\/wp-content\/uploads\/2024\/02\/Foglia-oro-belle-arti.png","contentUrl":"https:\/\/www.manetti.com\/wp-content\/uploads\/2024\/02\/Foglia-oro-belle-arti.png","width":1000,"height":1000,"caption":"Foglia oro belle arti"},{"@type":"WebSite","@id":"https:\/\/www.manetti.com\/es\/#website","url":"https:\/\/www.manetti.com\/es\/","name":"Giusto Manetti Battiloro","description":"","publisher":{"@id":"https:\/\/www.manetti.com\/es\/#organization"},"potentialAction":[{"@type":"SearchAction","target":{"@type":"EntryPoint","urlTemplate":"https:\/\/www.manetti.com\/es\/?s={search_term_string}"},"query-input":{"@type":"PropertyValueSpecification","valueRequired":true,"valueName":"search_term_string"}}],"inLanguage":"es"},{"@type":"Organization","@id":"https:\/\/www.manetti.com\/es\/#organization","name":"GIUSTO MANETTI BATTILORO S.P.A.","url":"https:\/\/www.manetti.com\/es\/","logo":{"@type":"ImageObject","inLanguage":"es","@id":"https:\/\/www.manetti.com\/es\/#\/schema\/logo\/image\/","url":"https:\/\/www.manetti.com\/wp-content\/uploads\/2025\/02\/giusto-manetti-blu_300-02.png","contentUrl":"https:\/\/www.manetti.com\/wp-content\/uploads\/2025\/02\/giusto-manetti-blu_300-02.png","width":1123,"height":1093,"caption":"GIUSTO MANETTI BATTILORO S.P.A."},"image":{"@id":"https:\/\/www.manetti.com\/es\/#\/schema\/logo\/image\/"},"sameAs":["https:\/\/www.facebook.com\/giustomanettibattiloro","https:\/\/www.instagram.com\/giustomanettibattiloro\/","https:\/\/www.linkedin.com\/company\/giusto-manetti-battiloro-s-p-a-\/","https:\/\/www.youtube.com\/user\/ManettiBattiloro"]}]}},"_links":{"self":[{"href":"https:\/\/www.manetti.com\/es\/wp-json\/wp\/v2\/product\/59514","targetHints":{"allow":["GET"]}}],"collection":[{"href":"https:\/\/www.manetti.com\/es\/wp-json\/wp\/v2\/product"}],"about":[{"href":"https:\/\/www.manetti.com\/es\/wp-json\/wp\/v2\/types\/product"}],"wp:featuredmedia":[{"embeddable":true,"href":"https:\/\/www.manetti.com\/es\/wp-json\/wp\/v2\/media\/72004"}],"wp:attachment":[{"href":"https:\/\/www.manetti.com\/es\/wp-json\/wp\/v2\/media?parent=59514"}],"wp:term":[{"taxonomy":"product_brand","embeddable":true,"href":"https:\/\/www.manetti.com\/es\/wp-json\/wp\/v2\/product_brand?post=59514"},{"taxonomy":"product_cat","embeddable":true,"href":"https:\/\/www.manetti.com\/es\/wp-json\/wp\/v2\/product_cat?post=59514"},{"taxonomy":"product_tag","embeddable":true,"href":"https:\/\/www.manetti.com\/es\/wp-json\/wp\/v2\/product_tag?post=59514"},{"taxonomy":"product_area","embeddable":true,"href":"https:\/\/www.manetti.com\/es\/wp-json\/wp\/v2\/product_area?post=59514"},{"taxonomy":"catalog_category","embeddable":true,"href":"https:\/\/www.manetti.com\/es\/wp-json\/wp\/v2\/catalog_category?post=59514"}],"curies":[{"name":"wp","href":"https:\/\/api.w.org\/{rel}","templated":true}]}}