{"id":59994,"date":"2023-09-13T15:56:15","date_gmt":"2023-09-13T13:56:15","guid":{"rendered":"https:\/\/www.manetti.com\/?post_type=product&#038;p=59994"},"modified":"2026-01-27T14:57:22","modified_gmt":"2026-01-27T13:57:22","slug":"hoja-de-imitacion-16-x-16-cm","status":"publish","type":"product","link":"https:\/\/www.manetti.com\/es\/producto\/hoja-de-imitacion-16-x-16-cm\/","title":{"rendered":"Hoja de imitaci\u00f3n 16 x 16 cm"},"content":{"rendered":"<p>La imitaci\u00f3n de la hoja de 16 x 16 cm s\u00f3lo est\u00e1 disponible en hoja suelta, envasada en resmas de 100 o 500 hojas, y se suministra en cajas individuales o cajas de 5.000 o 10.000 hojas.<\/p>\n<p>Las <strong>estuche individuales<\/strong> se presentan en cajas de 10 unidades y cada caja se suministra en un embalaje sellado, para preservar la hoja de la oxidaci\u00f3n. Adem\u00e1s, el embalaje exterior lleva un c\u00f3digo de barras que indica el color de la hoja que contiene.<\/p>\n<p>Las <strong>cajas<\/strong> contienen 20 \u00f3 50 resmas, seg\u00fan el n\u00famero de hojas, y est\u00e1n disponibles en distintos grosores y en dos calidades:<\/p>\n<p>&#8211; <strong>CALIDAD PREMIUM<\/strong>: cuidadosamente seleccionadas para garantizar su calidad y uniformidad, las hojas premium est\u00e1n especialmente indicadas para decorar superficies planas;<\/p>\n<p>&#8211; <strong>CALIDAD EST\u00c1NDAR<\/strong>: de excelente acabado y calidad, las hojas est\u00e1ndar se utilizan principalmente para la decoraci\u00f3n de marcos, muebles y mobiliario.<\/p>\n","protected":false},"excerpt":{"rendered":"<p>Resmas de 100 o 500 hojas de imitaci\u00f3n en formato 16&#215;16 cm y en formato suelto envasadas en estuches individuales cajas. Las cajas contienen 20 o 50 resmas, seg\u00fan el n\u00famero de hojas, y est\u00e1n disponibles en diferentes grosores y en dos calidades: CALIDAD PREMIUM y CALIDAD STANDARD. [&#8230;]<\/p>\n<p><a class=\"btn btn-secondary understrap-read-more-link\" href=\"https:\/\/www.manetti.com\/es\/producto\/hoja-de-imitacion-16-x-16-cm\/\">Leer m\u00e1s&#8230;<\/a><\/p>\n","protected":false},"featured_media":82816,"template":"","meta":{"_acf_changed":false},"product_brand":[],"product_cat":[174],"product_tag":[],"product_area":[],"catalog_category":[802,823],"class_list":{"0":"post-59994","1":"product","2":"type-product","3":"status-publish","4":"has-post-thumbnail","6":"product_cat-hoja-de-imitacion","7":"catalog_category-dorado-con-pan-de-oro-imitacion","8":"catalog_category-dorado-con-pan-de-oro-imitacion-hoja-de-imitacion","10":"first","11":"instock","12":"shipping-taxable","13":"purchasable","14":"product-type-variable"},"acf":[],"yoast_head":"<!-- This site is optimized with the Yoast SEO plugin v26.5 - https:\/\/yoast.com\/wordpress\/plugins\/seo\/ -->\n<title>Imitaci\u00f3n de pan de oro y aluminio en caja | Giusto Manetti Battiloro<\/title>\n<meta name=\"description\" content=\"Dimensiones 16x16cm y en resmas de 100 o 500, las hojas de imitaci\u00f3n en conserva son adecuadas para dorar superficies planas o con incrustaciones.\" \/>\n<meta name=\"robots\" content=\"noindex, nofollow\" \/>\n<meta property=\"og:locale\" content=\"es_ES\" \/>\n<meta property=\"og:type\" content=\"article\" \/>\n<meta property=\"og:title\" content=\"Imitaci\u00f3n de pan de oro y aluminio en caja | Giusto Manetti Battiloro\" \/>\n<meta property=\"og:description\" content=\"Dimensiones 16x16cm y en resmas de 100 o 500, las hojas de imitaci\u00f3n en conserva son adecuadas para dorar superficies planas o con incrustaciones.\" \/>\n<meta property=\"og:url\" content=\"https:\/\/www.manetti.com\/es\/producto\/hoja-de-imitacion-16-x-16-cm\/\" \/>\n<meta property=\"og:site_name\" content=\"Giusto Manetti Battiloro\" \/>\n<meta property=\"article:publisher\" content=\"https:\/\/www.facebook.com\/giustomanettibattiloro\" \/>\n<meta property=\"article:modified_time\" content=\"2026-01-27T13:57:22+00:00\" \/>\n<meta property=\"og:image\" content=\"https:\/\/www.manetti.com\/wp-content\/uploads\/2024\/01\/Risme-color-25_16x16_nuovo-pack_web-2.png\" \/>\n\t<meta property=\"og:image:width\" content=\"900\" \/>\n\t<meta property=\"og:image:height\" content=\"900\" \/>\n\t<meta property=\"og:image:type\" content=\"image\/png\" \/>\n<meta name=\"twitter:card\" content=\"summary_large_image\" \/>\n<meta name=\"twitter:label1\" content=\"Tiempo de lectura\" \/>\n\t<meta name=\"twitter:data1\" content=\"1 minuto\" \/>\n<script type=\"application\/ld+json\" class=\"yoast-schema-graph\">{\"@context\":\"https:\/\/schema.org\",\"@graph\":[{\"@type\":\"WebPage\",\"@id\":\"https:\/\/www.manetti.com\/es\/producto\/hoja-de-imitacion-16-x-16-cm\/\",\"url\":\"https:\/\/www.manetti.com\/es\/producto\/hoja-de-imitacion-16-x-16-cm\/\",\"name\":\"Imitaci\u00f3n de pan de oro y aluminio en caja | Giusto Manetti Battiloro\",\"isPartOf\":{\"@id\":\"https:\/\/www.manetti.com\/es\/#website\"},\"primaryImageOfPage\":{\"@id\":\"https:\/\/www.manetti.com\/es\/producto\/hoja-de-imitacion-16-x-16-cm\/#primaryimage\"},\"image\":{\"@id\":\"https:\/\/www.manetti.com\/es\/producto\/hoja-de-imitacion-16-x-16-cm\/#primaryimage\"},\"thumbnailUrl\":\"https:\/\/www.manetti.com\/wp-content\/uploads\/2024\/01\/Risme-color-25_16x16_nuovo-pack_web-2.png\",\"datePublished\":\"2023-09-13T13:56:15+00:00\",\"dateModified\":\"2026-01-27T13:57:22+00:00\",\"description\":\"Dimensiones 16x16cm y en resmas de 100 o 500, las hojas de imitaci\u00f3n en conserva son adecuadas para dorar superficies planas o con incrustaciones.\",\"inLanguage\":\"es\",\"potentialAction\":[{\"@type\":\"ReadAction\",\"target\":[\"https:\/\/www.manetti.com\/es\/producto\/hoja-de-imitacion-16-x-16-cm\/\"]}]},{\"@type\":\"ImageObject\",\"inLanguage\":\"es\",\"@id\":\"https:\/\/www.manetti.com\/es\/producto\/hoja-de-imitacion-16-x-16-cm\/#primaryimage\",\"url\":\"https:\/\/www.manetti.com\/wp-content\/uploads\/2024\/01\/Risme-color-25_16x16_nuovo-pack_web-2.png\",\"contentUrl\":\"https:\/\/www.manetti.com\/wp-content\/uploads\/2024\/01\/Risme-color-25_16x16_nuovo-pack_web-2.png\",\"width\":900,\"height\":900},{\"@type\":\"WebSite\",\"@id\":\"https:\/\/www.manetti.com\/es\/#website\",\"url\":\"https:\/\/www.manetti.com\/es\/\",\"name\":\"Giusto Manetti Battiloro\",\"description\":\"\",\"publisher\":{\"@id\":\"https:\/\/www.manetti.com\/es\/#organization\"},\"potentialAction\":[{\"@type\":\"SearchAction\",\"target\":{\"@type\":\"EntryPoint\",\"urlTemplate\":\"https:\/\/www.manetti.com\/es\/?s={search_term_string}\"},\"query-input\":{\"@type\":\"PropertyValueSpecification\",\"valueRequired\":true,\"valueName\":\"search_term_string\"}}],\"inLanguage\":\"es\"},{\"@type\":\"Organization\",\"@id\":\"https:\/\/www.manetti.com\/es\/#organization\",\"name\":\"GIUSTO MANETTI BATTILORO S.P.A.\",\"url\":\"https:\/\/www.manetti.com\/es\/\",\"logo\":{\"@type\":\"ImageObject\",\"inLanguage\":\"es\",\"@id\":\"https:\/\/www.manetti.com\/es\/#\/schema\/logo\/image\/\",\"url\":\"https:\/\/www.manetti.com\/wp-content\/uploads\/2025\/02\/giusto-manetti-blu_300-02.png\",\"contentUrl\":\"https:\/\/www.manetti.com\/wp-content\/uploads\/2025\/02\/giusto-manetti-blu_300-02.png\",\"width\":1123,\"height\":1093,\"caption\":\"GIUSTO MANETTI BATTILORO S.P.A.\"},\"image\":{\"@id\":\"https:\/\/www.manetti.com\/es\/#\/schema\/logo\/image\/\"},\"sameAs\":[\"https:\/\/www.facebook.com\/giustomanettibattiloro\",\"https:\/\/www.instagram.com\/giustomanettibattiloro\/\",\"https:\/\/www.linkedin.com\/company\/giusto-manetti-battiloro-s-p-a-\/\",\"https:\/\/www.youtube.com\/user\/ManettiBattiloro\"]}]}<\/script>\n<!-- \/ Yoast SEO plugin. -->","yoast_head_json":{"title":"Imitaci\u00f3n de pan de oro y aluminio en caja | Giusto Manetti Battiloro","description":"Dimensiones 16x16cm y en resmas de 100 o 500, las hojas de imitaci\u00f3n en conserva son adecuadas para dorar superficies planas o con incrustaciones.","robots":{"index":"noindex","follow":"nofollow"},"og_locale":"es_ES","og_type":"article","og_title":"Imitaci\u00f3n de pan de oro y aluminio en caja | Giusto Manetti Battiloro","og_description":"Dimensiones 16x16cm y en resmas de 100 o 500, las hojas de imitaci\u00f3n en conserva son adecuadas para dorar superficies planas o con incrustaciones.","og_url":"https:\/\/www.manetti.com\/es\/producto\/hoja-de-imitacion-16-x-16-cm\/","og_site_name":"Giusto Manetti Battiloro","article_publisher":"https:\/\/www.facebook.com\/giustomanettibattiloro","article_modified_time":"2026-01-27T13:57:22+00:00","og_image":[{"width":900,"height":900,"url":"https:\/\/www.manetti.com\/wp-content\/uploads\/2024\/01\/Risme-color-25_16x16_nuovo-pack_web-2.png","type":"image\/png"}],"twitter_card":"summary_large_image","twitter_misc":{"Tiempo de lectura":"1 minuto"},"schema":{"@context":"https:\/\/schema.org","@graph":[{"@type":"WebPage","@id":"https:\/\/www.manetti.com\/es\/producto\/hoja-de-imitacion-16-x-16-cm\/","url":"https:\/\/www.manetti.com\/es\/producto\/hoja-de-imitacion-16-x-16-cm\/","name":"Imitaci\u00f3n de pan de oro y aluminio en caja | Giusto Manetti Battiloro","isPartOf":{"@id":"https:\/\/www.manetti.com\/es\/#website"},"primaryImageOfPage":{"@id":"https:\/\/www.manetti.com\/es\/producto\/hoja-de-imitacion-16-x-16-cm\/#primaryimage"},"image":{"@id":"https:\/\/www.manetti.com\/es\/producto\/hoja-de-imitacion-16-x-16-cm\/#primaryimage"},"thumbnailUrl":"https:\/\/www.manetti.com\/wp-content\/uploads\/2024\/01\/Risme-color-25_16x16_nuovo-pack_web-2.png","datePublished":"2023-09-13T13:56:15+00:00","dateModified":"2026-01-27T13:57:22+00:00","description":"Dimensiones 16x16cm y en resmas de 100 o 500, las hojas de imitaci\u00f3n en conserva son adecuadas para dorar superficies planas o con incrustaciones.","inLanguage":"es","potentialAction":[{"@type":"ReadAction","target":["https:\/\/www.manetti.com\/es\/producto\/hoja-de-imitacion-16-x-16-cm\/"]}]},{"@type":"ImageObject","inLanguage":"es","@id":"https:\/\/www.manetti.com\/es\/producto\/hoja-de-imitacion-16-x-16-cm\/#primaryimage","url":"https:\/\/www.manetti.com\/wp-content\/uploads\/2024\/01\/Risme-color-25_16x16_nuovo-pack_web-2.png","contentUrl":"https:\/\/www.manetti.com\/wp-content\/uploads\/2024\/01\/Risme-color-25_16x16_nuovo-pack_web-2.png","width":900,"height":900},{"@type":"WebSite","@id":"https:\/\/www.manetti.com\/es\/#website","url":"https:\/\/www.manetti.com\/es\/","name":"Giusto Manetti Battiloro","description":"","publisher":{"@id":"https:\/\/www.manetti.com\/es\/#organization"},"potentialAction":[{"@type":"SearchAction","target":{"@type":"EntryPoint","urlTemplate":"https:\/\/www.manetti.com\/es\/?s={search_term_string}"},"query-input":{"@type":"PropertyValueSpecification","valueRequired":true,"valueName":"search_term_string"}}],"inLanguage":"es"},{"@type":"Organization","@id":"https:\/\/www.manetti.com\/es\/#organization","name":"GIUSTO MANETTI BATTILORO S.P.A.","url":"https:\/\/www.manetti.com\/es\/","logo":{"@type":"ImageObject","inLanguage":"es","@id":"https:\/\/www.manetti.com\/es\/#\/schema\/logo\/image\/","url":"https:\/\/www.manetti.com\/wp-content\/uploads\/2025\/02\/giusto-manetti-blu_300-02.png","contentUrl":"https:\/\/www.manetti.com\/wp-content\/uploads\/2025\/02\/giusto-manetti-blu_300-02.png","width":1123,"height":1093,"caption":"GIUSTO MANETTI BATTILORO S.P.A."},"image":{"@id":"https:\/\/www.manetti.com\/es\/#\/schema\/logo\/image\/"},"sameAs":["https:\/\/www.facebook.com\/giustomanettibattiloro","https:\/\/www.instagram.com\/giustomanettibattiloro\/","https:\/\/www.linkedin.com\/company\/giusto-manetti-battiloro-s-p-a-\/","https:\/\/www.youtube.com\/user\/ManettiBattiloro"]}]}},"_links":{"self":[{"href":"https:\/\/www.manetti.com\/es\/wp-json\/wp\/v2\/product\/59994","targetHints":{"allow":["GET"]}}],"collection":[{"href":"https:\/\/www.manetti.com\/es\/wp-json\/wp\/v2\/product"}],"about":[{"href":"https:\/\/www.manetti.com\/es\/wp-json\/wp\/v2\/types\/product"}],"wp:featuredmedia":[{"embeddable":true,"href":"https:\/\/www.manetti.com\/es\/wp-json\/wp\/v2\/media\/82816"}],"wp:attachment":[{"href":"https:\/\/www.manetti.com\/es\/wp-json\/wp\/v2\/media?parent=59994"}],"wp:term":[{"taxonomy":"product_brand","embeddable":true,"href":"https:\/\/www.manetti.com\/es\/wp-json\/wp\/v2\/product_brand?post=59994"},{"taxonomy":"product_cat","embeddable":true,"href":"https:\/\/www.manetti.com\/es\/wp-json\/wp\/v2\/product_cat?post=59994"},{"taxonomy":"product_tag","embeddable":true,"href":"https:\/\/www.manetti.com\/es\/wp-json\/wp\/v2\/product_tag?post=59994"},{"taxonomy":"product_area","embeddable":true,"href":"https:\/\/www.manetti.com\/es\/wp-json\/wp\/v2\/product_area?post=59994"},{"taxonomy":"catalog_category","embeddable":true,"href":"https:\/\/www.manetti.com\/es\/wp-json\/wp\/v2\/catalog_category?post=59994"}],"curies":[{"name":"wp","href":"https:\/\/api.w.org\/{rel}","templated":true}]}}