{"id":60793,"date":"2024-01-24T16:41:14","date_gmt":"2024-01-24T15:41:14","guid":{"rendered":"https:\/\/www.manetti.com\/?post_type=product&#038;p=60793"},"modified":"2026-04-22T16:06:29","modified_gmt":"2026-04-22T14:06:29","slug":"paletina-de-pelo-de-ardilla-glass-gilding","status":"publish","type":"product","link":"https:\/\/www.manetti.com\/es\/producto\/paletina-de-pelo-de-ardilla-glass-gilding\/","title":{"rendered":"Paletina de pelo de ardilla (glass gilding)"},"content":{"rendered":"<p>Pincel fino para una aplicaci\u00f3n uniforme de la mixti\u00f3n, recomendado para la aplicaci\u00f3n sobre cristal.<\/p>\n<p><strong>Anchura de la virola<\/strong>: 40 mm<\/p>\n","protected":false},"excerpt":{"rendered":"<p>Pincel fino para una aplicaci\u00f3n uniforme de la mixti\u00f3n, recomendado para la aplicaci\u00f3n sobre cristal. Anchura de la virola: 40 mm [&#8230;]<\/p>\n<p><a class=\"btn btn-secondary understrap-read-more-link\" href=\"https:\/\/www.manetti.com\/es\/producto\/paletina-de-pelo-de-ardilla-glass-gilding\/\">Leer m\u00e1s&#8230;<\/a><\/p>\n","protected":false},"featured_media":68950,"template":"","meta":{"_acf_changed":false},"product_brand":[],"product_cat":[392],"product_tag":[195],"product_area":[],"catalog_category":[787,814,899,903,1086],"class_list":{"0":"post-60793","1":"product","2":"type-product","3":"status-publish","4":"has-post-thumbnail","6":"product_cat-herramientas","7":"product_tag-strumenti-es","8":"catalog_category-dorado-en-letreros-y-vidrio","9":"catalog_category-herramientas","10":"catalog_category-dorado-en-letreros-y-vidrio-herramientas","11":"catalog_category-dorado-en-letreros-y-vidrio-pinceles-y-paletine","12":"catalog_category-herramientas-paletine","14":"first","15":"instock","16":"shipping-taxable","17":"product-type-simple"},"acf":[],"yoast_head":"<!-- This site is optimized with the Yoast SEO plugin v26.5 - https:\/\/yoast.com\/wordpress\/plugins\/seo\/ -->\n<title>Paletina de pelo de ardilla (glass gilding) | Giusto Manetti Battiloro<\/title>\n<meta name=\"description\" content=\"Pincel fino para una aplicaci\u00f3n uniforme de la mixti\u00f3n, recomendado para la aplicaci\u00f3n sobre cristal.  Anchura de la virola: 40 mm\" \/>\n<meta name=\"robots\" content=\"noindex, nofollow\" \/>\n<meta property=\"og:locale\" content=\"es_ES\" \/>\n<meta property=\"og:type\" content=\"article\" \/>\n<meta property=\"og:title\" content=\"Paletina de pelo de ardilla (glass gilding) | Giusto Manetti Battiloro\" \/>\n<meta property=\"og:description\" content=\"Pincel fino para una aplicaci\u00f3n uniforme de la mixti\u00f3n, recomendado para la aplicaci\u00f3n sobre cristal.  Anchura de la virola: 40 mm\" \/>\n<meta property=\"og:url\" content=\"https:\/\/www.manetti.com\/es\/producto\/paletina-de-pelo-de-ardilla-glass-gilding\/\" \/>\n<meta property=\"og:site_name\" content=\"Giusto Manetti Battiloro\" \/>\n<meta property=\"article:publisher\" content=\"https:\/\/www.facebook.com\/giustomanettibattiloro\" \/>\n<meta property=\"article:modified_time\" content=\"2026-04-22T14:06:29+00:00\" \/>\n<meta property=\"og:image\" content=\"https:\/\/www.manetti.com\/wp-content\/uploads\/2024\/01\/PENNELLESSA-IN-PELO-NATURALE-DI-VAIO.png\" \/>\n\t<meta property=\"og:image:width\" content=\"1000\" \/>\n\t<meta property=\"og:image:height\" content=\"1000\" \/>\n\t<meta property=\"og:image:type\" content=\"image\/png\" \/>\n<meta name=\"twitter:card\" content=\"summary_large_image\" \/>\n<meta name=\"twitter:label1\" content=\"Tiempo de lectura\" \/>\n\t<meta name=\"twitter:data1\" content=\"1 minuto\" \/>\n<script type=\"application\/ld+json\" class=\"yoast-schema-graph\">{\"@context\":\"https:\/\/schema.org\",\"@graph\":[{\"@type\":\"WebPage\",\"@id\":\"https:\/\/www.manetti.com\/es\/producto\/paletina-de-pelo-de-ardilla-glass-gilding\/\",\"url\":\"https:\/\/www.manetti.com\/es\/producto\/paletina-de-pelo-de-ardilla-glass-gilding\/\",\"name\":\"Paletina de pelo de ardilla (glass gilding) | Giusto Manetti Battiloro\",\"isPartOf\":{\"@id\":\"https:\/\/www.manetti.com\/es\/#website\"},\"primaryImageOfPage\":{\"@id\":\"https:\/\/www.manetti.com\/es\/producto\/paletina-de-pelo-de-ardilla-glass-gilding\/#primaryimage\"},\"image\":{\"@id\":\"https:\/\/www.manetti.com\/es\/producto\/paletina-de-pelo-de-ardilla-glass-gilding\/#primaryimage\"},\"thumbnailUrl\":\"https:\/\/www.manetti.com\/wp-content\/uploads\/2024\/01\/PENNELLESSA-IN-PELO-NATURALE-DI-VAIO.png\",\"datePublished\":\"2024-01-24T15:41:14+00:00\",\"dateModified\":\"2026-04-22T14:06:29+00:00\",\"description\":\"Pincel fino para una aplicaci\u00f3n uniforme de la mixti\u00f3n, recomendado para la aplicaci\u00f3n sobre cristal. Anchura de la virola: 40 mm\",\"inLanguage\":\"es\",\"potentialAction\":[{\"@type\":\"ReadAction\",\"target\":[\"https:\/\/www.manetti.com\/es\/producto\/paletina-de-pelo-de-ardilla-glass-gilding\/\"]}]},{\"@type\":\"ImageObject\",\"inLanguage\":\"es\",\"@id\":\"https:\/\/www.manetti.com\/es\/producto\/paletina-de-pelo-de-ardilla-glass-gilding\/#primaryimage\",\"url\":\"https:\/\/www.manetti.com\/wp-content\/uploads\/2024\/01\/PENNELLESSA-IN-PELO-NATURALE-DI-VAIO.png\",\"contentUrl\":\"https:\/\/www.manetti.com\/wp-content\/uploads\/2024\/01\/PENNELLESSA-IN-PELO-NATURALE-DI-VAIO.png\",\"width\":1000,\"height\":1000,\"caption\":\"Pennellessa in pelo naturale di vaio\"},{\"@type\":\"WebSite\",\"@id\":\"https:\/\/www.manetti.com\/es\/#website\",\"url\":\"https:\/\/www.manetti.com\/es\/\",\"name\":\"Giusto Manetti Battiloro\",\"description\":\"\",\"publisher\":{\"@id\":\"https:\/\/www.manetti.com\/es\/#organization\"},\"potentialAction\":[{\"@type\":\"SearchAction\",\"target\":{\"@type\":\"EntryPoint\",\"urlTemplate\":\"https:\/\/www.manetti.com\/es\/?s={search_term_string}\"},\"query-input\":{\"@type\":\"PropertyValueSpecification\",\"valueRequired\":true,\"valueName\":\"search_term_string\"}}],\"inLanguage\":\"es\"},{\"@type\":\"Organization\",\"@id\":\"https:\/\/www.manetti.com\/es\/#organization\",\"name\":\"GIUSTO MANETTI BATTILORO S.P.A.\",\"url\":\"https:\/\/www.manetti.com\/es\/\",\"logo\":{\"@type\":\"ImageObject\",\"inLanguage\":\"es\",\"@id\":\"https:\/\/www.manetti.com\/es\/#\/schema\/logo\/image\/\",\"url\":\"https:\/\/www.manetti.com\/wp-content\/uploads\/2025\/02\/giusto-manetti-blu_300-02.png\",\"contentUrl\":\"https:\/\/www.manetti.com\/wp-content\/uploads\/2025\/02\/giusto-manetti-blu_300-02.png\",\"width\":1123,\"height\":1093,\"caption\":\"GIUSTO MANETTI BATTILORO S.P.A.\"},\"image\":{\"@id\":\"https:\/\/www.manetti.com\/es\/#\/schema\/logo\/image\/\"},\"sameAs\":[\"https:\/\/www.facebook.com\/giustomanettibattiloro\",\"https:\/\/www.instagram.com\/giustomanettibattiloro\/\",\"https:\/\/www.linkedin.com\/company\/giusto-manetti-battiloro-s-p-a-\/\",\"https:\/\/www.youtube.com\/user\/ManettiBattiloro\"]}]}<\/script>\n<!-- \/ Yoast SEO plugin. -->","yoast_head_json":{"title":"Paletina de pelo de ardilla (glass gilding) | Giusto Manetti Battiloro","description":"Pincel fino para una aplicaci\u00f3n uniforme de la mixti\u00f3n, recomendado para la aplicaci\u00f3n sobre cristal.  Anchura de la virola: 40 mm","robots":{"index":"noindex","follow":"nofollow"},"og_locale":"es_ES","og_type":"article","og_title":"Paletina de pelo de ardilla (glass gilding) | Giusto Manetti Battiloro","og_description":"Pincel fino para una aplicaci\u00f3n uniforme de la mixti\u00f3n, recomendado para la aplicaci\u00f3n sobre cristal.  Anchura de la virola: 40 mm","og_url":"https:\/\/www.manetti.com\/es\/producto\/paletina-de-pelo-de-ardilla-glass-gilding\/","og_site_name":"Giusto Manetti Battiloro","article_publisher":"https:\/\/www.facebook.com\/giustomanettibattiloro","article_modified_time":"2026-04-22T14:06:29+00:00","og_image":[{"width":1000,"height":1000,"url":"https:\/\/www.manetti.com\/wp-content\/uploads\/2024\/01\/PENNELLESSA-IN-PELO-NATURALE-DI-VAIO.png","type":"image\/png"}],"twitter_card":"summary_large_image","twitter_misc":{"Tiempo de lectura":"1 minuto"},"schema":{"@context":"https:\/\/schema.org","@graph":[{"@type":"WebPage","@id":"https:\/\/www.manetti.com\/es\/producto\/paletina-de-pelo-de-ardilla-glass-gilding\/","url":"https:\/\/www.manetti.com\/es\/producto\/paletina-de-pelo-de-ardilla-glass-gilding\/","name":"Paletina de pelo de ardilla (glass gilding) | Giusto Manetti Battiloro","isPartOf":{"@id":"https:\/\/www.manetti.com\/es\/#website"},"primaryImageOfPage":{"@id":"https:\/\/www.manetti.com\/es\/producto\/paletina-de-pelo-de-ardilla-glass-gilding\/#primaryimage"},"image":{"@id":"https:\/\/www.manetti.com\/es\/producto\/paletina-de-pelo-de-ardilla-glass-gilding\/#primaryimage"},"thumbnailUrl":"https:\/\/www.manetti.com\/wp-content\/uploads\/2024\/01\/PENNELLESSA-IN-PELO-NATURALE-DI-VAIO.png","datePublished":"2024-01-24T15:41:14+00:00","dateModified":"2026-04-22T14:06:29+00:00","description":"Pincel fino para una aplicaci\u00f3n uniforme de la mixti\u00f3n, recomendado para la aplicaci\u00f3n sobre cristal. Anchura de la virola: 40 mm","inLanguage":"es","potentialAction":[{"@type":"ReadAction","target":["https:\/\/www.manetti.com\/es\/producto\/paletina-de-pelo-de-ardilla-glass-gilding\/"]}]},{"@type":"ImageObject","inLanguage":"es","@id":"https:\/\/www.manetti.com\/es\/producto\/paletina-de-pelo-de-ardilla-glass-gilding\/#primaryimage","url":"https:\/\/www.manetti.com\/wp-content\/uploads\/2024\/01\/PENNELLESSA-IN-PELO-NATURALE-DI-VAIO.png","contentUrl":"https:\/\/www.manetti.com\/wp-content\/uploads\/2024\/01\/PENNELLESSA-IN-PELO-NATURALE-DI-VAIO.png","width":1000,"height":1000,"caption":"Pennellessa in pelo naturale di vaio"},{"@type":"WebSite","@id":"https:\/\/www.manetti.com\/es\/#website","url":"https:\/\/www.manetti.com\/es\/","name":"Giusto Manetti Battiloro","description":"","publisher":{"@id":"https:\/\/www.manetti.com\/es\/#organization"},"potentialAction":[{"@type":"SearchAction","target":{"@type":"EntryPoint","urlTemplate":"https:\/\/www.manetti.com\/es\/?s={search_term_string}"},"query-input":{"@type":"PropertyValueSpecification","valueRequired":true,"valueName":"search_term_string"}}],"inLanguage":"es"},{"@type":"Organization","@id":"https:\/\/www.manetti.com\/es\/#organization","name":"GIUSTO MANETTI BATTILORO S.P.A.","url":"https:\/\/www.manetti.com\/es\/","logo":{"@type":"ImageObject","inLanguage":"es","@id":"https:\/\/www.manetti.com\/es\/#\/schema\/logo\/image\/","url":"https:\/\/www.manetti.com\/wp-content\/uploads\/2025\/02\/giusto-manetti-blu_300-02.png","contentUrl":"https:\/\/www.manetti.com\/wp-content\/uploads\/2025\/02\/giusto-manetti-blu_300-02.png","width":1123,"height":1093,"caption":"GIUSTO MANETTI BATTILORO S.P.A."},"image":{"@id":"https:\/\/www.manetti.com\/es\/#\/schema\/logo\/image\/"},"sameAs":["https:\/\/www.facebook.com\/giustomanettibattiloro","https:\/\/www.instagram.com\/giustomanettibattiloro\/","https:\/\/www.linkedin.com\/company\/giusto-manetti-battiloro-s-p-a-\/","https:\/\/www.youtube.com\/user\/ManettiBattiloro"]}]}},"_links":{"self":[{"href":"https:\/\/www.manetti.com\/es\/wp-json\/wp\/v2\/product\/60793","targetHints":{"allow":["GET"]}}],"collection":[{"href":"https:\/\/www.manetti.com\/es\/wp-json\/wp\/v2\/product"}],"about":[{"href":"https:\/\/www.manetti.com\/es\/wp-json\/wp\/v2\/types\/product"}],"wp:featuredmedia":[{"embeddable":true,"href":"https:\/\/www.manetti.com\/es\/wp-json\/wp\/v2\/media\/68950"}],"wp:attachment":[{"href":"https:\/\/www.manetti.com\/es\/wp-json\/wp\/v2\/media?parent=60793"}],"wp:term":[{"taxonomy":"product_brand","embeddable":true,"href":"https:\/\/www.manetti.com\/es\/wp-json\/wp\/v2\/product_brand?post=60793"},{"taxonomy":"product_cat","embeddable":true,"href":"https:\/\/www.manetti.com\/es\/wp-json\/wp\/v2\/product_cat?post=60793"},{"taxonomy":"product_tag","embeddable":true,"href":"https:\/\/www.manetti.com\/es\/wp-json\/wp\/v2\/product_tag?post=60793"},{"taxonomy":"product_area","embeddable":true,"href":"https:\/\/www.manetti.com\/es\/wp-json\/wp\/v2\/product_area?post=60793"},{"taxonomy":"catalog_category","embeddable":true,"href":"https:\/\/www.manetti.com\/es\/wp-json\/wp\/v2\/catalog_category?post=60793"}],"curies":[{"name":"wp","href":"https:\/\/api.w.org\/{rel}","templated":true}]}}