{"id":61305,"date":"2023-12-25T15:41:30","date_gmt":"2023-12-25T14:41:30","guid":{"rendered":"https:\/\/www.manetti.com\/?post_type=product&#038;p=61305"},"modified":"2024-02-14T17:40:43","modified_gmt":"2024-02-14T16:40:43","slug":"proteccion-sintetica","status":"publish","type":"product","link":"https:\/\/www.manetti.com\/es\/producto\/proteccion-sintetica\/","title":{"rendered":"Protecci\u00f3n sint\u00e9tica"},"content":{"rendered":"<p>La protecci\u00f3n sint\u00e9tica es un barniz protector brillante empleado para la protecci\u00f3n del dorado y plateado con hoja y como antioxidante para la plata.<\/p>\n","protected":false},"excerpt":{"rendered":"<p>La protecci\u00f3n sint\u00e9tica es un barniz protector brillante empleado para la protecci\u00f3n del dorado y plateado con hoja y como antioxidante para la plata. [&#8230;]<\/p>\n<p><a class=\"btn btn-secondary understrap-read-more-link\" href=\"https:\/\/www.manetti.com\/es\/producto\/proteccion-sintetica\/\">Leer m\u00e1s&#8230;<\/a><\/p>\n","protected":false},"featured_media":77786,"template":"","meta":{"_acf_changed":false},"product_brand":[],"product_cat":[391],"product_tag":[193],"product_area":[],"catalog_category":[802,806,831,847],"class_list":{"0":"post-61305","1":"product","2":"type-product","3":"status-publish","4":"has-post-thumbnail","6":"product_cat-proteccion","7":"product_tag-altri-prodotti-es","8":"catalog_category-dorado-con-pan-de-oro-imitacion","9":"catalog_category-dorado-con-hoja-de-oro-en-rollo","10":"catalog_category-dorado-con-pan-de-oro-imitacion-proteccion","11":"catalog_category-dorado-con-hoja-de-oro-en-rollo-proteccion","13":"first","14":"instock","15":"shipping-taxable","16":"purchasable","17":"product-type-variable"},"acf":[],"yoast_head":"<!-- This site is optimized with the Yoast SEO plugin v26.5 - https:\/\/yoast.com\/wordpress\/plugins\/seo\/ -->\n<title>Protecci\u00f3n sint\u00e9tica para el dorado | Giusto Manetti Battiloro<\/title>\n<meta name=\"description\" content=\"La protecci\u00f3n sint\u00e9tica es un barniz protector brillante empleado para la protecci\u00f3n del dorado y plateado con hoja y como antioxidante para la plata.\" \/>\n<meta name=\"robots\" content=\"noindex, nofollow\" \/>\n<meta property=\"og:locale\" content=\"es_ES\" \/>\n<meta property=\"og:type\" content=\"article\" \/>\n<meta property=\"og:title\" content=\"Protecci\u00f3n sint\u00e9tica para el dorado | Giusto Manetti Battiloro\" \/>\n<meta property=\"og:description\" content=\"La protecci\u00f3n sint\u00e9tica es un barniz protector brillante empleado para la protecci\u00f3n del dorado y plateado con hoja y como antioxidante para la plata.\" \/>\n<meta property=\"og:url\" content=\"https:\/\/www.manetti.com\/es\/producto\/proteccion-sintetica\/\" \/>\n<meta property=\"og:site_name\" content=\"Giusto Manetti Battiloro\" \/>\n<meta property=\"article:publisher\" content=\"https:\/\/www.facebook.com\/giustomanettibattiloro\" \/>\n<meta property=\"article:modified_time\" content=\"2024-02-14T16:40:43+00:00\" \/>\n<meta property=\"og:image\" content=\"https:\/\/www.manetti.com\/wp-content\/uploads\/2020\/02\/Vernice-protettiva_bottiglietta-giusta-WEB.png\" \/>\n\t<meta property=\"og:image:width\" content=\"488\" \/>\n\t<meta property=\"og:image:height\" content=\"488\" \/>\n\t<meta property=\"og:image:type\" content=\"image\/png\" \/>\n<meta name=\"twitter:card\" content=\"summary_large_image\" \/>\n<meta name=\"twitter:label1\" content=\"Tiempo de lectura\" \/>\n\t<meta name=\"twitter:data1\" content=\"1 minuto\" \/>\n<script type=\"application\/ld+json\" class=\"yoast-schema-graph\">{\"@context\":\"https:\/\/schema.org\",\"@graph\":[{\"@type\":\"WebPage\",\"@id\":\"https:\/\/www.manetti.com\/es\/producto\/proteccion-sintetica\/\",\"url\":\"https:\/\/www.manetti.com\/es\/producto\/proteccion-sintetica\/\",\"name\":\"Protecci\u00f3n sint\u00e9tica para el dorado | Giusto Manetti Battiloro\",\"isPartOf\":{\"@id\":\"https:\/\/www.manetti.com\/es\/#website\"},\"primaryImageOfPage\":{\"@id\":\"https:\/\/www.manetti.com\/es\/producto\/proteccion-sintetica\/#primaryimage\"},\"image\":{\"@id\":\"https:\/\/www.manetti.com\/es\/producto\/proteccion-sintetica\/#primaryimage\"},\"thumbnailUrl\":\"https:\/\/www.manetti.com\/wp-content\/uploads\/2023\/12\/Protezione-Sintetica-2023.png\",\"datePublished\":\"2023-12-25T14:41:30+00:00\",\"dateModified\":\"2024-02-14T16:40:43+00:00\",\"description\":\"La protecci\u00f3n sint\u00e9tica es un barniz protector brillante empleado para la protecci\u00f3n del dorado y plateado con hoja y como antioxidante para la plata.\",\"inLanguage\":\"es\",\"potentialAction\":[{\"@type\":\"ReadAction\",\"target\":[\"https:\/\/www.manetti.com\/es\/producto\/proteccion-sintetica\/\"]}]},{\"@type\":\"ImageObject\",\"inLanguage\":\"es\",\"@id\":\"https:\/\/www.manetti.com\/es\/producto\/proteccion-sintetica\/#primaryimage\",\"url\":\"https:\/\/www.manetti.com\/wp-content\/uploads\/2023\/12\/Protezione-Sintetica-2023.png\",\"contentUrl\":\"https:\/\/www.manetti.com\/wp-content\/uploads\/2023\/12\/Protezione-Sintetica-2023.png\",\"width\":900,\"height\":900},{\"@type\":\"WebSite\",\"@id\":\"https:\/\/www.manetti.com\/es\/#website\",\"url\":\"https:\/\/www.manetti.com\/es\/\",\"name\":\"Giusto Manetti Battiloro\",\"description\":\"\",\"publisher\":{\"@id\":\"https:\/\/www.manetti.com\/es\/#organization\"},\"potentialAction\":[{\"@type\":\"SearchAction\",\"target\":{\"@type\":\"EntryPoint\",\"urlTemplate\":\"https:\/\/www.manetti.com\/es\/?s={search_term_string}\"},\"query-input\":{\"@type\":\"PropertyValueSpecification\",\"valueRequired\":true,\"valueName\":\"search_term_string\"}}],\"inLanguage\":\"es\"},{\"@type\":\"Organization\",\"@id\":\"https:\/\/www.manetti.com\/es\/#organization\",\"name\":\"GIUSTO MANETTI BATTILORO S.P.A.\",\"url\":\"https:\/\/www.manetti.com\/es\/\",\"logo\":{\"@type\":\"ImageObject\",\"inLanguage\":\"es\",\"@id\":\"https:\/\/www.manetti.com\/es\/#\/schema\/logo\/image\/\",\"url\":\"https:\/\/www.manetti.com\/wp-content\/uploads\/2025\/02\/giusto-manetti-blu_300-02.png\",\"contentUrl\":\"https:\/\/www.manetti.com\/wp-content\/uploads\/2025\/02\/giusto-manetti-blu_300-02.png\",\"width\":1123,\"height\":1093,\"caption\":\"GIUSTO MANETTI BATTILORO S.P.A.\"},\"image\":{\"@id\":\"https:\/\/www.manetti.com\/es\/#\/schema\/logo\/image\/\"},\"sameAs\":[\"https:\/\/www.facebook.com\/giustomanettibattiloro\",\"https:\/\/www.instagram.com\/giustomanettibattiloro\/\",\"https:\/\/www.linkedin.com\/company\/giusto-manetti-battiloro-s-p-a-\/\",\"https:\/\/www.youtube.com\/user\/ManettiBattiloro\"]}]}<\/script>\n<!-- \/ Yoast SEO plugin. -->","yoast_head_json":{"title":"Protecci\u00f3n sint\u00e9tica para el dorado | Giusto Manetti Battiloro","description":"La protecci\u00f3n sint\u00e9tica es un barniz protector brillante empleado para la protecci\u00f3n del dorado y plateado con hoja y como antioxidante para la plata.","robots":{"index":"noindex","follow":"nofollow"},"og_locale":"es_ES","og_type":"article","og_title":"Protecci\u00f3n sint\u00e9tica para el dorado | Giusto Manetti Battiloro","og_description":"La protecci\u00f3n sint\u00e9tica es un barniz protector brillante empleado para la protecci\u00f3n del dorado y plateado con hoja y como antioxidante para la plata.","og_url":"https:\/\/www.manetti.com\/es\/producto\/proteccion-sintetica\/","og_site_name":"Giusto Manetti Battiloro","article_publisher":"https:\/\/www.facebook.com\/giustomanettibattiloro","article_modified_time":"2024-02-14T16:40:43+00:00","og_image":[{"width":488,"height":488,"url":"https:\/\/www.manetti.com\/wp-content\/uploads\/2020\/02\/Vernice-protettiva_bottiglietta-giusta-WEB.png","type":"image\/png"}],"twitter_card":"summary_large_image","twitter_misc":{"Tiempo de lectura":"1 minuto"},"schema":{"@context":"https:\/\/schema.org","@graph":[{"@type":"WebPage","@id":"https:\/\/www.manetti.com\/es\/producto\/proteccion-sintetica\/","url":"https:\/\/www.manetti.com\/es\/producto\/proteccion-sintetica\/","name":"Protecci\u00f3n sint\u00e9tica para el dorado | Giusto Manetti Battiloro","isPartOf":{"@id":"https:\/\/www.manetti.com\/es\/#website"},"primaryImageOfPage":{"@id":"https:\/\/www.manetti.com\/es\/producto\/proteccion-sintetica\/#primaryimage"},"image":{"@id":"https:\/\/www.manetti.com\/es\/producto\/proteccion-sintetica\/#primaryimage"},"thumbnailUrl":"https:\/\/www.manetti.com\/wp-content\/uploads\/2023\/12\/Protezione-Sintetica-2023.png","datePublished":"2023-12-25T14:41:30+00:00","dateModified":"2024-02-14T16:40:43+00:00","description":"La protecci\u00f3n sint\u00e9tica es un barniz protector brillante empleado para la protecci\u00f3n del dorado y plateado con hoja y como antioxidante para la plata.","inLanguage":"es","potentialAction":[{"@type":"ReadAction","target":["https:\/\/www.manetti.com\/es\/producto\/proteccion-sintetica\/"]}]},{"@type":"ImageObject","inLanguage":"es","@id":"https:\/\/www.manetti.com\/es\/producto\/proteccion-sintetica\/#primaryimage","url":"https:\/\/www.manetti.com\/wp-content\/uploads\/2023\/12\/Protezione-Sintetica-2023.png","contentUrl":"https:\/\/www.manetti.com\/wp-content\/uploads\/2023\/12\/Protezione-Sintetica-2023.png","width":900,"height":900},{"@type":"WebSite","@id":"https:\/\/www.manetti.com\/es\/#website","url":"https:\/\/www.manetti.com\/es\/","name":"Giusto Manetti Battiloro","description":"","publisher":{"@id":"https:\/\/www.manetti.com\/es\/#organization"},"potentialAction":[{"@type":"SearchAction","target":{"@type":"EntryPoint","urlTemplate":"https:\/\/www.manetti.com\/es\/?s={search_term_string}"},"query-input":{"@type":"PropertyValueSpecification","valueRequired":true,"valueName":"search_term_string"}}],"inLanguage":"es"},{"@type":"Organization","@id":"https:\/\/www.manetti.com\/es\/#organization","name":"GIUSTO MANETTI BATTILORO S.P.A.","url":"https:\/\/www.manetti.com\/es\/","logo":{"@type":"ImageObject","inLanguage":"es","@id":"https:\/\/www.manetti.com\/es\/#\/schema\/logo\/image\/","url":"https:\/\/www.manetti.com\/wp-content\/uploads\/2025\/02\/giusto-manetti-blu_300-02.png","contentUrl":"https:\/\/www.manetti.com\/wp-content\/uploads\/2025\/02\/giusto-manetti-blu_300-02.png","width":1123,"height":1093,"caption":"GIUSTO MANETTI BATTILORO S.P.A."},"image":{"@id":"https:\/\/www.manetti.com\/es\/#\/schema\/logo\/image\/"},"sameAs":["https:\/\/www.facebook.com\/giustomanettibattiloro","https:\/\/www.instagram.com\/giustomanettibattiloro\/","https:\/\/www.linkedin.com\/company\/giusto-manetti-battiloro-s-p-a-\/","https:\/\/www.youtube.com\/user\/ManettiBattiloro"]}]}},"_links":{"self":[{"href":"https:\/\/www.manetti.com\/es\/wp-json\/wp\/v2\/product\/61305","targetHints":{"allow":["GET"]}}],"collection":[{"href":"https:\/\/www.manetti.com\/es\/wp-json\/wp\/v2\/product"}],"about":[{"href":"https:\/\/www.manetti.com\/es\/wp-json\/wp\/v2\/types\/product"}],"wp:featuredmedia":[{"embeddable":true,"href":"https:\/\/www.manetti.com\/es\/wp-json\/wp\/v2\/media\/77786"}],"wp:attachment":[{"href":"https:\/\/www.manetti.com\/es\/wp-json\/wp\/v2\/media?parent=61305"}],"wp:term":[{"taxonomy":"product_brand","embeddable":true,"href":"https:\/\/www.manetti.com\/es\/wp-json\/wp\/v2\/product_brand?post=61305"},{"taxonomy":"product_cat","embeddable":true,"href":"https:\/\/www.manetti.com\/es\/wp-json\/wp\/v2\/product_cat?post=61305"},{"taxonomy":"product_tag","embeddable":true,"href":"https:\/\/www.manetti.com\/es\/wp-json\/wp\/v2\/product_tag?post=61305"},{"taxonomy":"product_area","embeddable":true,"href":"https:\/\/www.manetti.com\/es\/wp-json\/wp\/v2\/product_area?post=61305"},{"taxonomy":"catalog_category","embeddable":true,"href":"https:\/\/www.manetti.com\/es\/wp-json\/wp\/v2\/catalog_category?post=61305"}],"curies":[{"name":"wp","href":"https:\/\/api.w.org\/{rel}","templated":true}]}}