{"id":64547,"date":"2024-01-18T12:29:52","date_gmt":"2024-01-18T11:29:52","guid":{"rendered":"https:\/\/www.manetti.com\/?post_type=product&#038;p=64547"},"modified":"2026-01-28T15:45:55","modified_gmt":"2026-01-28T14:45:55","slug":"shop-hojas-de-imitacion-14-x-14-cm-en-estuche-individual","status":"publish","type":"product","link":"https:\/\/www.manetti.com\/es\/shop\/hojas-de-imitacion-14-x-14-cm-en-estuche-individual\/","title":{"rendered":"Hojas de imitaci\u00f3n 14 x 14 cm en libro &#8211; 25 hojas &#8211; Color 2"},"content":{"rendered":"<p>El tama\u00f1o de hoja de 14 x 14 cm se presenta en cuadernillos de 25 hojas y est\u00e1 disponible tanto en formato suelto como en calcoman\u00eda.<\/p>\n<p>La hoja de imitaci\u00f3n libre puede utilizarse para dorar tanto superficies planas como talladas.<\/p>\n<p>La hoja de calco, a diferencia de la hoja de imitaci\u00f3n libre, se coloca sobre un soporte de papel de seda para que pueda manipularse m\u00e1s f\u00e1cilmente y suele utilizarse para la decoraci\u00f3n de superficies planas.<\/p>\n","protected":false},"excerpt":{"rendered":"<p>El tama\u00f1o de hoja de 14 x 14 cm se presenta en cuadernillos de 25 hojas y est\u00e1 disponible tanto en formato suelto como en calcoman\u00eda. La hoja de imitaci\u00f3n libre puede utilizarse para dorar tanto superficies planas como talladas. La hoja de calco, a diferencia de la hoja de imitaci\u00f3n libre, se coloca sobre [&#8230;]<\/p>\n<p><a class=\"btn btn-secondary understrap-read-more-link\" href=\"https:\/\/www.manetti.com\/es\/shop\/hojas-de-imitacion-14-x-14-cm-en-estuche-individual\/\">Leer m\u00e1s&#8230;<\/a><\/p>\n","protected":false},"featured_media":81212,"template":"","meta":{"_acf_changed":false},"product_brand":[],"product_cat":[174],"product_tag":[],"product_area":[561,665],"catalog_category":[],"class_list":{"0":"post-64547","1":"product","2":"type-product","3":"status-publish","4":"has-post-thumbnail","6":"product_cat-hoja-de-imitacion","7":"product_area-dorado-y-restauracion","8":"product_area-dorado-y-restauracion-hoja-de-imitacion","10":"first","11":"outofstock","12":"shipping-taxable","13":"purchasable","14":"product-type-variable"},"acf":[],"yoast_head":"<!-- This site is optimized with the Yoast SEO plugin v26.5 - https:\/\/yoast.com\/wordpress\/plugins\/seo\/ -->\n<title>Hojas de imitaci\u00f3n 14 x 14 cm en libro - Color 2<\/title>\n<meta name=\"description\" content=\"El tama\u00f1o de hoja de 14 x 14 cm se presenta en cuadernillos de 25 hojas y est\u00e1 disponible tanto en formato suelto como en calcoman\u00eda.\" \/>\n<meta name=\"robots\" content=\"index, follow, max-snippet:-1, max-image-preview:large, max-video-preview:-1\" \/>\n<link rel=\"canonical\" href=\"https:\/\/www.manetti.com\/es\/shop\/hojas-de-imitacion-14-x-14-cm-en-estuche-individual\/\" \/>\n<meta property=\"og:locale\" content=\"es_ES\" \/>\n<meta property=\"og:type\" content=\"article\" \/>\n<meta property=\"og:title\" content=\"Hojas de imitaci\u00f3n 14 x 14 cm en libro - Color 2\" \/>\n<meta property=\"og:description\" content=\"El tama\u00f1o de hoja de 14 x 14 cm se presenta en cuadernillos de 25 hojas y est\u00e1 disponible tanto en formato suelto como en calcoman\u00eda.\" \/>\n<meta property=\"og:url\" content=\"https:\/\/www.manetti.com\/es\/shop\/hojas-de-imitacion-14-x-14-cm-en-estuche-individual\/\" \/>\n<meta property=\"og:site_name\" content=\"Giusto Manetti Battiloro\" \/>\n<meta property=\"article:publisher\" content=\"https:\/\/www.facebook.com\/giustomanettibattiloro\" \/>\n<meta property=\"article:modified_time\" content=\"2026-01-28T14:45:55+00:00\" \/>\n<meta property=\"og:image\" content=\"https:\/\/www.manetti.com\/wp-content\/uploads\/2024\/01\/2_libera-blister-libretto-2025_web.png\" \/>\n\t<meta property=\"og:image:width\" content=\"1200\" \/>\n\t<meta property=\"og:image:height\" content=\"1200\" \/>\n\t<meta property=\"og:image:type\" content=\"image\/png\" \/>\n<meta name=\"twitter:card\" content=\"summary_large_image\" \/>\n<meta name=\"twitter:label1\" content=\"Tiempo de lectura\" \/>\n\t<meta name=\"twitter:data1\" content=\"1 minuto\" \/>\n<script type=\"application\/ld+json\" class=\"yoast-schema-graph\">{\"@context\":\"https:\/\/schema.org\",\"@graph\":[{\"@type\":\"WebPage\",\"@id\":\"https:\/\/www.manetti.com\/es\/shop\/hojas-de-imitacion-14-x-14-cm-en-estuche-individual\/\",\"url\":\"https:\/\/www.manetti.com\/es\/shop\/hojas-de-imitacion-14-x-14-cm-en-estuche-individual\/\",\"name\":\"Hojas de imitaci\u00f3n 14 x 14 cm en libro - Color 2\",\"isPartOf\":{\"@id\":\"https:\/\/www.manetti.com\/es\/#website\"},\"primaryImageOfPage\":{\"@id\":\"https:\/\/www.manetti.com\/es\/shop\/hojas-de-imitacion-14-x-14-cm-en-estuche-individual\/#primaryimage\"},\"image\":{\"@id\":\"https:\/\/www.manetti.com\/es\/shop\/hojas-de-imitacion-14-x-14-cm-en-estuche-individual\/#primaryimage\"},\"thumbnailUrl\":\"https:\/\/www.manetti.com\/wp-content\/uploads\/2024\/01\/2_libera-blister-libretto-2025_web.png\",\"datePublished\":\"2024-01-18T11:29:52+00:00\",\"dateModified\":\"2026-01-28T14:45:55+00:00\",\"description\":\"El tama\u00f1o de hoja de 14 x 14 cm se presenta en cuadernillos de 25 hojas y est\u00e1 disponible tanto en formato suelto como en calcoman\u00eda.\",\"inLanguage\":\"es\",\"potentialAction\":[{\"@type\":\"ReadAction\",\"target\":[\"https:\/\/www.manetti.com\/es\/shop\/hojas-de-imitacion-14-x-14-cm-en-estuche-individual\/\"]}]},{\"@type\":\"ImageObject\",\"inLanguage\":\"es\",\"@id\":\"https:\/\/www.manetti.com\/es\/shop\/hojas-de-imitacion-14-x-14-cm-en-estuche-individual\/#primaryimage\",\"url\":\"https:\/\/www.manetti.com\/wp-content\/uploads\/2024\/01\/2_libera-blister-libretto-2025_web.png\",\"contentUrl\":\"https:\/\/www.manetti.com\/wp-content\/uploads\/2024\/01\/2_libera-blister-libretto-2025_web.png\",\"width\":1200,\"height\":1200},{\"@type\":\"WebSite\",\"@id\":\"https:\/\/www.manetti.com\/es\/#website\",\"url\":\"https:\/\/www.manetti.com\/es\/\",\"name\":\"Giusto Manetti Battiloro\",\"description\":\"\",\"publisher\":{\"@id\":\"https:\/\/www.manetti.com\/es\/#organization\"},\"potentialAction\":[{\"@type\":\"SearchAction\",\"target\":{\"@type\":\"EntryPoint\",\"urlTemplate\":\"https:\/\/www.manetti.com\/es\/?s={search_term_string}\"},\"query-input\":{\"@type\":\"PropertyValueSpecification\",\"valueRequired\":true,\"valueName\":\"search_term_string\"}}],\"inLanguage\":\"es\"},{\"@type\":\"Organization\",\"@id\":\"https:\/\/www.manetti.com\/es\/#organization\",\"name\":\"GIUSTO MANETTI BATTILORO S.P.A.\",\"url\":\"https:\/\/www.manetti.com\/es\/\",\"logo\":{\"@type\":\"ImageObject\",\"inLanguage\":\"es\",\"@id\":\"https:\/\/www.manetti.com\/es\/#\/schema\/logo\/image\/\",\"url\":\"https:\/\/www.manetti.com\/wp-content\/uploads\/2025\/02\/giusto-manetti-blu_300-02.png\",\"contentUrl\":\"https:\/\/www.manetti.com\/wp-content\/uploads\/2025\/02\/giusto-manetti-blu_300-02.png\",\"width\":1123,\"height\":1093,\"caption\":\"GIUSTO MANETTI BATTILORO S.P.A.\"},\"image\":{\"@id\":\"https:\/\/www.manetti.com\/es\/#\/schema\/logo\/image\/\"},\"sameAs\":[\"https:\/\/www.facebook.com\/giustomanettibattiloro\",\"https:\/\/www.instagram.com\/giustomanettibattiloro\/\",\"https:\/\/www.linkedin.com\/company\/giusto-manetti-battiloro-s-p-a-\/\",\"https:\/\/www.youtube.com\/user\/ManettiBattiloro\"]}]}<\/script>\n<!-- \/ Yoast SEO plugin. -->","yoast_head_json":{"title":"Hojas de imitaci\u00f3n 14 x 14 cm en libro - Color 2","description":"El tama\u00f1o de hoja de 14 x 14 cm se presenta en cuadernillos de 25 hojas y est\u00e1 disponible tanto en formato suelto como en calcoman\u00eda.","robots":{"index":"index","follow":"follow","max-snippet":"max-snippet:-1","max-image-preview":"max-image-preview:large","max-video-preview":"max-video-preview:-1"},"canonical":"https:\/\/www.manetti.com\/es\/shop\/hojas-de-imitacion-14-x-14-cm-en-estuche-individual\/","og_locale":"es_ES","og_type":"article","og_title":"Hojas de imitaci\u00f3n 14 x 14 cm en libro - Color 2","og_description":"El tama\u00f1o de hoja de 14 x 14 cm se presenta en cuadernillos de 25 hojas y est\u00e1 disponible tanto en formato suelto como en calcoman\u00eda.","og_url":"https:\/\/www.manetti.com\/es\/shop\/hojas-de-imitacion-14-x-14-cm-en-estuche-individual\/","og_site_name":"Giusto Manetti Battiloro","article_publisher":"https:\/\/www.facebook.com\/giustomanettibattiloro","article_modified_time":"2026-01-28T14:45:55+00:00","og_image":[{"width":1200,"height":1200,"url":"https:\/\/www.manetti.com\/wp-content\/uploads\/2024\/01\/2_libera-blister-libretto-2025_web.png","type":"image\/png"}],"twitter_card":"summary_large_image","twitter_misc":{"Tiempo de lectura":"1 minuto"},"schema":{"@context":"https:\/\/schema.org","@graph":[{"@type":"WebPage","@id":"https:\/\/www.manetti.com\/es\/shop\/hojas-de-imitacion-14-x-14-cm-en-estuche-individual\/","url":"https:\/\/www.manetti.com\/es\/shop\/hojas-de-imitacion-14-x-14-cm-en-estuche-individual\/","name":"Hojas de imitaci\u00f3n 14 x 14 cm en libro - Color 2","isPartOf":{"@id":"https:\/\/www.manetti.com\/es\/#website"},"primaryImageOfPage":{"@id":"https:\/\/www.manetti.com\/es\/shop\/hojas-de-imitacion-14-x-14-cm-en-estuche-individual\/#primaryimage"},"image":{"@id":"https:\/\/www.manetti.com\/es\/shop\/hojas-de-imitacion-14-x-14-cm-en-estuche-individual\/#primaryimage"},"thumbnailUrl":"https:\/\/www.manetti.com\/wp-content\/uploads\/2024\/01\/2_libera-blister-libretto-2025_web.png","datePublished":"2024-01-18T11:29:52+00:00","dateModified":"2026-01-28T14:45:55+00:00","description":"El tama\u00f1o de hoja de 14 x 14 cm se presenta en cuadernillos de 25 hojas y est\u00e1 disponible tanto en formato suelto como en calcoman\u00eda.","inLanguage":"es","potentialAction":[{"@type":"ReadAction","target":["https:\/\/www.manetti.com\/es\/shop\/hojas-de-imitacion-14-x-14-cm-en-estuche-individual\/"]}]},{"@type":"ImageObject","inLanguage":"es","@id":"https:\/\/www.manetti.com\/es\/shop\/hojas-de-imitacion-14-x-14-cm-en-estuche-individual\/#primaryimage","url":"https:\/\/www.manetti.com\/wp-content\/uploads\/2024\/01\/2_libera-blister-libretto-2025_web.png","contentUrl":"https:\/\/www.manetti.com\/wp-content\/uploads\/2024\/01\/2_libera-blister-libretto-2025_web.png","width":1200,"height":1200},{"@type":"WebSite","@id":"https:\/\/www.manetti.com\/es\/#website","url":"https:\/\/www.manetti.com\/es\/","name":"Giusto Manetti Battiloro","description":"","publisher":{"@id":"https:\/\/www.manetti.com\/es\/#organization"},"potentialAction":[{"@type":"SearchAction","target":{"@type":"EntryPoint","urlTemplate":"https:\/\/www.manetti.com\/es\/?s={search_term_string}"},"query-input":{"@type":"PropertyValueSpecification","valueRequired":true,"valueName":"search_term_string"}}],"inLanguage":"es"},{"@type":"Organization","@id":"https:\/\/www.manetti.com\/es\/#organization","name":"GIUSTO MANETTI BATTILORO S.P.A.","url":"https:\/\/www.manetti.com\/es\/","logo":{"@type":"ImageObject","inLanguage":"es","@id":"https:\/\/www.manetti.com\/es\/#\/schema\/logo\/image\/","url":"https:\/\/www.manetti.com\/wp-content\/uploads\/2025\/02\/giusto-manetti-blu_300-02.png","contentUrl":"https:\/\/www.manetti.com\/wp-content\/uploads\/2025\/02\/giusto-manetti-blu_300-02.png","width":1123,"height":1093,"caption":"GIUSTO MANETTI BATTILORO S.P.A."},"image":{"@id":"https:\/\/www.manetti.com\/es\/#\/schema\/logo\/image\/"},"sameAs":["https:\/\/www.facebook.com\/giustomanettibattiloro","https:\/\/www.instagram.com\/giustomanettibattiloro\/","https:\/\/www.linkedin.com\/company\/giusto-manetti-battiloro-s-p-a-\/","https:\/\/www.youtube.com\/user\/ManettiBattiloro"]}]}},"_links":{"self":[{"href":"https:\/\/www.manetti.com\/es\/wp-json\/wp\/v2\/product\/64547","targetHints":{"allow":["GET"]}}],"collection":[{"href":"https:\/\/www.manetti.com\/es\/wp-json\/wp\/v2\/product"}],"about":[{"href":"https:\/\/www.manetti.com\/es\/wp-json\/wp\/v2\/types\/product"}],"wp:featuredmedia":[{"embeddable":true,"href":"https:\/\/www.manetti.com\/es\/wp-json\/wp\/v2\/media\/81212"}],"wp:attachment":[{"href":"https:\/\/www.manetti.com\/es\/wp-json\/wp\/v2\/media?parent=64547"}],"wp:term":[{"taxonomy":"product_brand","embeddable":true,"href":"https:\/\/www.manetti.com\/es\/wp-json\/wp\/v2\/product_brand?post=64547"},{"taxonomy":"product_cat","embeddable":true,"href":"https:\/\/www.manetti.com\/es\/wp-json\/wp\/v2\/product_cat?post=64547"},{"taxonomy":"product_tag","embeddable":true,"href":"https:\/\/www.manetti.com\/es\/wp-json\/wp\/v2\/product_tag?post=64547"},{"taxonomy":"product_area","embeddable":true,"href":"https:\/\/www.manetti.com\/es\/wp-json\/wp\/v2\/product_area?post=64547"},{"taxonomy":"catalog_category","embeddable":true,"href":"https:\/\/www.manetti.com\/es\/wp-json\/wp\/v2\/catalog_category?post=64547"}],"curies":[{"name":"wp","href":"https:\/\/api.w.org\/{rel}","templated":true}]}}