{"id":64924,"date":"2024-01-18T14:55:09","date_gmt":"2024-01-18T13:55:09","guid":{"rendered":"https:\/\/www.manetti.com\/?post_type=product&#038;p=64924"},"modified":"2026-01-28T16:01:33","modified_gmt":"2026-01-28T15:01:33","slug":"shop-hojas-de-imitacion-16-x-16-cm-en-estuche-individual-aluminio","status":"publish","type":"product","link":"https:\/\/www.manetti.com\/es\/shop\/hojas-de-imitacion-16-x-16-cm-en-estuche-individual-aluminio\/","title":{"rendered":"Hojas de imitaci\u00f3n 16 x 16 cm en resmas &#8211; 100 hojas &#8211; Aluminio"},"content":{"rendered":"<p style=\"font-weight: 400;\">La hoja de imitaci\u00f3n, de 16 x 16 cm, est\u00e1 disponible en resmas de 100 hojas y es adecuada para dorar superficies planas e intrincadas. La aleaci\u00f3n met\u00e1lica se bate de manera similar al oro real y tiene un grosor mayor, lo que permite su uso incluso a mano, sin necesidad de herramientas especiales. Esto lo convierte en un producto ideal incluso para aquellos que se acercan a este arte por primera vez.<\/p>\n","protected":false},"excerpt":{"rendered":"<p>Resmas de 100 o 500 hojas de imitaci\u00f3n de 16&#215;16 cm en formato libre empaquetadas en un estuche individual. El respectivo c\u00f3digo de barras y el color de la hoja contenida en el interior se representan en el embalaje externo. [&#8230;]<\/p>\n<p><a class=\"btn btn-secondary understrap-read-more-link\" href=\"https:\/\/www.manetti.com\/es\/shop\/hojas-de-imitacion-16-x-16-cm-en-estuche-individual-aluminio\/\">Leer m\u00e1s&#8230;<\/a><\/p>\n","protected":false},"featured_media":82801,"template":"","meta":{"_acf_changed":false},"product_brand":[],"product_cat":[174],"product_tag":[],"product_area":[561,665],"catalog_category":[],"class_list":{"0":"post-64924","1":"product","2":"type-product","3":"status-publish","4":"has-post-thumbnail","6":"product_cat-hoja-de-imitacion","7":"product_area-dorado-y-restauracion","8":"product_area-dorado-y-restauracion-hoja-de-imitacion","10":"first","11":"instock","12":"shipping-taxable","13":"purchasable","14":"product-type-variable"},"acf":[],"yoast_head":"<!-- This site is optimized with the Yoast SEO plugin v26.5 - https:\/\/yoast.com\/wordpress\/plugins\/seo\/ -->\n<title>Hojas de imitaci\u00f3n 16 x 16 cm en resmas - Aluminio<\/title>\n<meta name=\"description\" content=\"La hoja de imitaci\u00f3n, de 16 x 16 cm, est\u00e1 disponible en resmas de 100 hojas y es adecuada para dorar superficies planas e intrincadas.\" \/>\n<meta name=\"robots\" content=\"index, follow, max-snippet:-1, max-image-preview:large, max-video-preview:-1\" \/>\n<link rel=\"canonical\" href=\"https:\/\/www.manetti.com\/es\/shop\/hojas-de-imitacion-16-x-16-cm-en-estuche-individual-aluminio\/\" \/>\n<meta property=\"og:locale\" content=\"es_ES\" \/>\n<meta property=\"og:type\" content=\"article\" \/>\n<meta property=\"og:title\" content=\"Hojas de imitaci\u00f3n 16 x 16 cm en resmas - Aluminio\" \/>\n<meta property=\"og:description\" content=\"La hoja de imitaci\u00f3n, de 16 x 16 cm, est\u00e1 disponible en resmas de 100 hojas y es adecuada para dorar superficies planas e intrincadas.\" \/>\n<meta property=\"og:url\" content=\"https:\/\/www.manetti.com\/es\/shop\/hojas-de-imitacion-16-x-16-cm-en-estuche-individual-aluminio\/\" \/>\n<meta property=\"og:site_name\" content=\"Giusto Manetti Battiloro\" \/>\n<meta property=\"article:publisher\" content=\"https:\/\/www.facebook.com\/giustomanettibattiloro\" \/>\n<meta property=\"article:modified_time\" content=\"2026-01-28T15:01:33+00:00\" \/>\n<meta property=\"og:image\" content=\"https:\/\/www.manetti.com\/wp-content\/uploads\/2023\/09\/Risme-alluminio_16x16_nuovo-pack_web.png\" \/>\n\t<meta property=\"og:image:width\" content=\"900\" \/>\n\t<meta property=\"og:image:height\" content=\"900\" \/>\n\t<meta property=\"og:image:type\" content=\"image\/png\" \/>\n<meta name=\"twitter:card\" content=\"summary_large_image\" \/>\n<meta name=\"twitter:label1\" content=\"Tiempo de lectura\" \/>\n\t<meta name=\"twitter:data1\" content=\"1 minuto\" \/>\n<script type=\"application\/ld+json\" class=\"yoast-schema-graph\">{\"@context\":\"https:\/\/schema.org\",\"@graph\":[{\"@type\":\"WebPage\",\"@id\":\"https:\/\/www.manetti.com\/es\/shop\/hojas-de-imitacion-16-x-16-cm-en-estuche-individual-aluminio\/\",\"url\":\"https:\/\/www.manetti.com\/es\/shop\/hojas-de-imitacion-16-x-16-cm-en-estuche-individual-aluminio\/\",\"name\":\"Hojas de imitaci\u00f3n 16 x 16 cm en resmas - Aluminio\",\"isPartOf\":{\"@id\":\"https:\/\/www.manetti.com\/es\/#website\"},\"primaryImageOfPage\":{\"@id\":\"https:\/\/www.manetti.com\/es\/shop\/hojas-de-imitacion-16-x-16-cm-en-estuche-individual-aluminio\/#primaryimage\"},\"image\":{\"@id\":\"https:\/\/www.manetti.com\/es\/shop\/hojas-de-imitacion-16-x-16-cm-en-estuche-individual-aluminio\/#primaryimage\"},\"thumbnailUrl\":\"https:\/\/www.manetti.com\/wp-content\/uploads\/2023\/09\/Risme-alluminio_16x16_nuovo-pack_web.png\",\"datePublished\":\"2024-01-18T13:55:09+00:00\",\"dateModified\":\"2026-01-28T15:01:33+00:00\",\"description\":\"La hoja de imitaci\u00f3n, de 16 x 16 cm, est\u00e1 disponible en resmas de 100 hojas y es adecuada para dorar superficies planas e intrincadas.\",\"inLanguage\":\"es\",\"potentialAction\":[{\"@type\":\"ReadAction\",\"target\":[\"https:\/\/www.manetti.com\/es\/shop\/hojas-de-imitacion-16-x-16-cm-en-estuche-individual-aluminio\/\"]}]},{\"@type\":\"ImageObject\",\"inLanguage\":\"es\",\"@id\":\"https:\/\/www.manetti.com\/es\/shop\/hojas-de-imitacion-16-x-16-cm-en-estuche-individual-aluminio\/#primaryimage\",\"url\":\"https:\/\/www.manetti.com\/wp-content\/uploads\/2023\/09\/Risme-alluminio_16x16_nuovo-pack_web.png\",\"contentUrl\":\"https:\/\/www.manetti.com\/wp-content\/uploads\/2023\/09\/Risme-alluminio_16x16_nuovo-pack_web.png\",\"width\":900,\"height\":900},{\"@type\":\"WebSite\",\"@id\":\"https:\/\/www.manetti.com\/es\/#website\",\"url\":\"https:\/\/www.manetti.com\/es\/\",\"name\":\"Giusto Manetti Battiloro\",\"description\":\"\",\"publisher\":{\"@id\":\"https:\/\/www.manetti.com\/es\/#organization\"},\"potentialAction\":[{\"@type\":\"SearchAction\",\"target\":{\"@type\":\"EntryPoint\",\"urlTemplate\":\"https:\/\/www.manetti.com\/es\/?s={search_term_string}\"},\"query-input\":{\"@type\":\"PropertyValueSpecification\",\"valueRequired\":true,\"valueName\":\"search_term_string\"}}],\"inLanguage\":\"es\"},{\"@type\":\"Organization\",\"@id\":\"https:\/\/www.manetti.com\/es\/#organization\",\"name\":\"GIUSTO MANETTI BATTILORO S.P.A.\",\"url\":\"https:\/\/www.manetti.com\/es\/\",\"logo\":{\"@type\":\"ImageObject\",\"inLanguage\":\"es\",\"@id\":\"https:\/\/www.manetti.com\/es\/#\/schema\/logo\/image\/\",\"url\":\"https:\/\/www.manetti.com\/wp-content\/uploads\/2025\/02\/giusto-manetti-blu_300-02.png\",\"contentUrl\":\"https:\/\/www.manetti.com\/wp-content\/uploads\/2025\/02\/giusto-manetti-blu_300-02.png\",\"width\":1123,\"height\":1093,\"caption\":\"GIUSTO MANETTI BATTILORO S.P.A.\"},\"image\":{\"@id\":\"https:\/\/www.manetti.com\/es\/#\/schema\/logo\/image\/\"},\"sameAs\":[\"https:\/\/www.facebook.com\/giustomanettibattiloro\",\"https:\/\/www.instagram.com\/giustomanettibattiloro\/\",\"https:\/\/www.linkedin.com\/company\/giusto-manetti-battiloro-s-p-a-\/\",\"https:\/\/www.youtube.com\/user\/ManettiBattiloro\"]}]}<\/script>\n<!-- \/ Yoast SEO plugin. -->","yoast_head_json":{"title":"Hojas de imitaci\u00f3n 16 x 16 cm en resmas - Aluminio","description":"La hoja de imitaci\u00f3n, de 16 x 16 cm, est\u00e1 disponible en resmas de 100 hojas y es adecuada para dorar superficies planas e intrincadas.","robots":{"index":"index","follow":"follow","max-snippet":"max-snippet:-1","max-image-preview":"max-image-preview:large","max-video-preview":"max-video-preview:-1"},"canonical":"https:\/\/www.manetti.com\/es\/shop\/hojas-de-imitacion-16-x-16-cm-en-estuche-individual-aluminio\/","og_locale":"es_ES","og_type":"article","og_title":"Hojas de imitaci\u00f3n 16 x 16 cm en resmas - Aluminio","og_description":"La hoja de imitaci\u00f3n, de 16 x 16 cm, est\u00e1 disponible en resmas de 100 hojas y es adecuada para dorar superficies planas e intrincadas.","og_url":"https:\/\/www.manetti.com\/es\/shop\/hojas-de-imitacion-16-x-16-cm-en-estuche-individual-aluminio\/","og_site_name":"Giusto Manetti Battiloro","article_publisher":"https:\/\/www.facebook.com\/giustomanettibattiloro","article_modified_time":"2026-01-28T15:01:33+00:00","og_image":[{"width":900,"height":900,"url":"https:\/\/www.manetti.com\/wp-content\/uploads\/2023\/09\/Risme-alluminio_16x16_nuovo-pack_web.png","type":"image\/png"}],"twitter_card":"summary_large_image","twitter_misc":{"Tiempo de lectura":"1 minuto"},"schema":{"@context":"https:\/\/schema.org","@graph":[{"@type":"WebPage","@id":"https:\/\/www.manetti.com\/es\/shop\/hojas-de-imitacion-16-x-16-cm-en-estuche-individual-aluminio\/","url":"https:\/\/www.manetti.com\/es\/shop\/hojas-de-imitacion-16-x-16-cm-en-estuche-individual-aluminio\/","name":"Hojas de imitaci\u00f3n 16 x 16 cm en resmas - Aluminio","isPartOf":{"@id":"https:\/\/www.manetti.com\/es\/#website"},"primaryImageOfPage":{"@id":"https:\/\/www.manetti.com\/es\/shop\/hojas-de-imitacion-16-x-16-cm-en-estuche-individual-aluminio\/#primaryimage"},"image":{"@id":"https:\/\/www.manetti.com\/es\/shop\/hojas-de-imitacion-16-x-16-cm-en-estuche-individual-aluminio\/#primaryimage"},"thumbnailUrl":"https:\/\/www.manetti.com\/wp-content\/uploads\/2023\/09\/Risme-alluminio_16x16_nuovo-pack_web.png","datePublished":"2024-01-18T13:55:09+00:00","dateModified":"2026-01-28T15:01:33+00:00","description":"La hoja de imitaci\u00f3n, de 16 x 16 cm, est\u00e1 disponible en resmas de 100 hojas y es adecuada para dorar superficies planas e intrincadas.","inLanguage":"es","potentialAction":[{"@type":"ReadAction","target":["https:\/\/www.manetti.com\/es\/shop\/hojas-de-imitacion-16-x-16-cm-en-estuche-individual-aluminio\/"]}]},{"@type":"ImageObject","inLanguage":"es","@id":"https:\/\/www.manetti.com\/es\/shop\/hojas-de-imitacion-16-x-16-cm-en-estuche-individual-aluminio\/#primaryimage","url":"https:\/\/www.manetti.com\/wp-content\/uploads\/2023\/09\/Risme-alluminio_16x16_nuovo-pack_web.png","contentUrl":"https:\/\/www.manetti.com\/wp-content\/uploads\/2023\/09\/Risme-alluminio_16x16_nuovo-pack_web.png","width":900,"height":900},{"@type":"WebSite","@id":"https:\/\/www.manetti.com\/es\/#website","url":"https:\/\/www.manetti.com\/es\/","name":"Giusto Manetti Battiloro","description":"","publisher":{"@id":"https:\/\/www.manetti.com\/es\/#organization"},"potentialAction":[{"@type":"SearchAction","target":{"@type":"EntryPoint","urlTemplate":"https:\/\/www.manetti.com\/es\/?s={search_term_string}"},"query-input":{"@type":"PropertyValueSpecification","valueRequired":true,"valueName":"search_term_string"}}],"inLanguage":"es"},{"@type":"Organization","@id":"https:\/\/www.manetti.com\/es\/#organization","name":"GIUSTO MANETTI BATTILORO S.P.A.","url":"https:\/\/www.manetti.com\/es\/","logo":{"@type":"ImageObject","inLanguage":"es","@id":"https:\/\/www.manetti.com\/es\/#\/schema\/logo\/image\/","url":"https:\/\/www.manetti.com\/wp-content\/uploads\/2025\/02\/giusto-manetti-blu_300-02.png","contentUrl":"https:\/\/www.manetti.com\/wp-content\/uploads\/2025\/02\/giusto-manetti-blu_300-02.png","width":1123,"height":1093,"caption":"GIUSTO MANETTI BATTILORO S.P.A."},"image":{"@id":"https:\/\/www.manetti.com\/es\/#\/schema\/logo\/image\/"},"sameAs":["https:\/\/www.facebook.com\/giustomanettibattiloro","https:\/\/www.instagram.com\/giustomanettibattiloro\/","https:\/\/www.linkedin.com\/company\/giusto-manetti-battiloro-s-p-a-\/","https:\/\/www.youtube.com\/user\/ManettiBattiloro"]}]}},"_links":{"self":[{"href":"https:\/\/www.manetti.com\/es\/wp-json\/wp\/v2\/product\/64924","targetHints":{"allow":["GET"]}}],"collection":[{"href":"https:\/\/www.manetti.com\/es\/wp-json\/wp\/v2\/product"}],"about":[{"href":"https:\/\/www.manetti.com\/es\/wp-json\/wp\/v2\/types\/product"}],"wp:featuredmedia":[{"embeddable":true,"href":"https:\/\/www.manetti.com\/es\/wp-json\/wp\/v2\/media\/82801"}],"wp:attachment":[{"href":"https:\/\/www.manetti.com\/es\/wp-json\/wp\/v2\/media?parent=64924"}],"wp:term":[{"taxonomy":"product_brand","embeddable":true,"href":"https:\/\/www.manetti.com\/es\/wp-json\/wp\/v2\/product_brand?post=64924"},{"taxonomy":"product_cat","embeddable":true,"href":"https:\/\/www.manetti.com\/es\/wp-json\/wp\/v2\/product_cat?post=64924"},{"taxonomy":"product_tag","embeddable":true,"href":"https:\/\/www.manetti.com\/es\/wp-json\/wp\/v2\/product_tag?post=64924"},{"taxonomy":"product_area","embeddable":true,"href":"https:\/\/www.manetti.com\/es\/wp-json\/wp\/v2\/product_area?post=64924"},{"taxonomy":"catalog_category","embeddable":true,"href":"https:\/\/www.manetti.com\/es\/wp-json\/wp\/v2\/catalog_category?post=64924"}],"curies":[{"name":"wp","href":"https:\/\/api.w.org\/{rel}","templated":true}]}}