{"id":65946,"date":"2024-01-18T12:26:44","date_gmt":"2024-01-18T11:26:44","guid":{"rendered":"https:\/\/www.manetti.com\/?post_type=product&#038;p=65946"},"modified":"2024-03-06T11:54:59","modified_gmt":"2024-03-06T10:54:59","slug":"kit-dorar-un-marco","status":"publish","type":"product","link":"https:\/\/www.manetti.com\/es\/producto\/kit-dorar-un-marco\/","title":{"rendered":"Kit &#8211; Dorar un marco"},"content":{"rendered":"<p>Destinado a aficionados, principiantes y estudiantes, el primer kit de iniciaci\u00f3n para dorar un marco con aut\u00e9ntico pan de oro de 24 kt est\u00e1 pensado para quienes desean aprender f\u00e1cilmente este fascinante arte decorativo centenario. El kit se completa con una gu\u00eda detallada que explica cada paso y etapa del dorado.<\/p>\n","protected":false},"excerpt":{"rendered":"<p>El kit contiene<\/p>\n<ul>\n<li>pan de oro de 24 kt<\/li>\n<li>misi\u00f3n al agua<\/li>\n<li>pincel<\/li>\n<li>pa\u00f1o<\/li>\n<li>protecci\u00f3n<\/li>\n<li>marco de madera (19 cm x 14 cm)<\/li>\n<\/ul>\n<p><strong>Dimensiones (cm)<\/strong><br \/>\n34 cm x 22,2 cm x 6 cm<\/p>\n<p><a href=\"https:\/\/www.manetti.com\/es\/kit-de-dorado-hobbiesty\/\" target=\"_blank\" rel=\"noopener\">Ver el tutorial<\/a> [&#8230;]<\/p>\n<p><a class=\"btn btn-secondary understrap-read-more-link\" href=\"https:\/\/www.manetti.com\/es\/producto\/kit-dorar-un-marco\/\">Leer m\u00e1s&#8230;<\/a><\/p>\n","protected":false},"featured_media":73316,"template":"","meta":{"_acf_changed":false},"product_brand":[],"product_cat":[468],"product_tag":[],"product_area":[],"catalog_category":[810],"class_list":{"0":"post-65946","1":"product","2":"type-product","3":"status-publish","4":"has-post-thumbnail","6":"product_cat-bellas-artes","7":"catalog_category-kits-de-dorado","9":"first","10":"instock","11":"shipping-taxable","12":"product-type-simple"},"acf":[],"yoast_head":"<!-- This site is optimized with the Yoast SEO plugin v26.5 - https:\/\/yoast.com\/wordpress\/plugins\/seo\/ -->\n<title>Kit - Dorar un marco | Giusto Manetti Battiloro<\/title>\n<meta name=\"description\" content=\"Destinado a aficionados y estudiantes, el primer kit de inicio para dorar un marco con aut\u00e9ntica hoja de oro de 24 quilates es una novedad absoluta.\" \/>\n<meta name=\"robots\" content=\"index, follow, max-snippet:-1, max-image-preview:large, max-video-preview:-1\" \/>\n<link rel=\"canonical\" href=\"https:\/\/www.manetti.com\/es\/producto\/kit-dorar-un-marco\/\" \/>\n<meta property=\"og:locale\" content=\"es_ES\" \/>\n<meta property=\"og:type\" content=\"article\" \/>\n<meta property=\"og:title\" content=\"Kit - Dorar un marco | Giusto Manetti Battiloro\" \/>\n<meta property=\"og:description\" content=\"Destinado a aficionados y estudiantes, el primer kit de inicio para dorar un marco con aut\u00e9ntica hoja de oro de 24 quilates es una novedad absoluta.\" \/>\n<meta property=\"og:url\" content=\"https:\/\/www.manetti.com\/es\/producto\/kit-dorar-un-marco\/\" \/>\n<meta property=\"og:site_name\" content=\"Giusto Manetti Battiloro\" \/>\n<meta property=\"article:publisher\" content=\"https:\/\/www.facebook.com\/giustomanettibattiloro\" \/>\n<meta property=\"article:modified_time\" content=\"2024-03-06T10:54:59+00:00\" \/>\n<meta property=\"og:image\" content=\"https:\/\/www.manetti.com\/wp-content\/uploads\/2024\/01\/Kit-gilding-box_web_giustomanettibattiloro.png\" \/>\n\t<meta property=\"og:image:width\" content=\"900\" \/>\n\t<meta property=\"og:image:height\" content=\"900\" \/>\n\t<meta property=\"og:image:type\" content=\"image\/png\" \/>\n<meta name=\"twitter:card\" content=\"summary_large_image\" \/>\n<script type=\"application\/ld+json\" class=\"yoast-schema-graph\">{\"@context\":\"https:\/\/schema.org\",\"@graph\":[{\"@type\":\"WebPage\",\"@id\":\"https:\/\/www.manetti.com\/es\/producto\/kit-dorar-un-marco\/\",\"url\":\"https:\/\/www.manetti.com\/es\/producto\/kit-dorar-un-marco\/\",\"name\":\"Kit - Dorar un marco | Giusto Manetti Battiloro\",\"isPartOf\":{\"@id\":\"https:\/\/www.manetti.com\/es\/#website\"},\"primaryImageOfPage\":{\"@id\":\"https:\/\/www.manetti.com\/es\/producto\/kit-dorar-un-marco\/#primaryimage\"},\"image\":{\"@id\":\"https:\/\/www.manetti.com\/es\/producto\/kit-dorar-un-marco\/#primaryimage\"},\"thumbnailUrl\":\"https:\/\/www.manetti.com\/wp-content\/uploads\/2024\/01\/Kit-gilding-box_web_giustomanettibattiloro.png\",\"datePublished\":\"2024-01-18T11:26:44+00:00\",\"dateModified\":\"2024-03-06T10:54:59+00:00\",\"description\":\"Destinado a aficionados y estudiantes, el primer kit de inicio para dorar un marco con aut\u00e9ntica hoja de oro de 24 quilates es una novedad absoluta.\",\"inLanguage\":\"es\",\"potentialAction\":[{\"@type\":\"ReadAction\",\"target\":[\"https:\/\/www.manetti.com\/es\/producto\/kit-dorar-un-marco\/\"]}]},{\"@type\":\"ImageObject\",\"inLanguage\":\"es\",\"@id\":\"https:\/\/www.manetti.com\/es\/producto\/kit-dorar-un-marco\/#primaryimage\",\"url\":\"https:\/\/www.manetti.com\/wp-content\/uploads\/2024\/01\/Kit-gilding-box_web_giustomanettibattiloro.png\",\"contentUrl\":\"https:\/\/www.manetti.com\/wp-content\/uploads\/2024\/01\/Kit-gilding-box_web_giustomanettibattiloro.png\",\"width\":900,\"height\":900},{\"@type\":\"WebSite\",\"@id\":\"https:\/\/www.manetti.com\/es\/#website\",\"url\":\"https:\/\/www.manetti.com\/es\/\",\"name\":\"Giusto Manetti Battiloro\",\"description\":\"\",\"publisher\":{\"@id\":\"https:\/\/www.manetti.com\/es\/#organization\"},\"potentialAction\":[{\"@type\":\"SearchAction\",\"target\":{\"@type\":\"EntryPoint\",\"urlTemplate\":\"https:\/\/www.manetti.com\/es\/?s={search_term_string}\"},\"query-input\":{\"@type\":\"PropertyValueSpecification\",\"valueRequired\":true,\"valueName\":\"search_term_string\"}}],\"inLanguage\":\"es\"},{\"@type\":\"Organization\",\"@id\":\"https:\/\/www.manetti.com\/es\/#organization\",\"name\":\"GIUSTO MANETTI BATTILORO S.P.A.\",\"url\":\"https:\/\/www.manetti.com\/es\/\",\"logo\":{\"@type\":\"ImageObject\",\"inLanguage\":\"es\",\"@id\":\"https:\/\/www.manetti.com\/es\/#\/schema\/logo\/image\/\",\"url\":\"https:\/\/www.manetti.com\/wp-content\/uploads\/2025\/02\/giusto-manetti-blu_300-02.png\",\"contentUrl\":\"https:\/\/www.manetti.com\/wp-content\/uploads\/2025\/02\/giusto-manetti-blu_300-02.png\",\"width\":1123,\"height\":1093,\"caption\":\"GIUSTO MANETTI BATTILORO S.P.A.\"},\"image\":{\"@id\":\"https:\/\/www.manetti.com\/es\/#\/schema\/logo\/image\/\"},\"sameAs\":[\"https:\/\/www.facebook.com\/giustomanettibattiloro\",\"https:\/\/www.instagram.com\/giustomanettibattiloro\/\",\"https:\/\/www.linkedin.com\/company\/giusto-manetti-battiloro-s-p-a-\/\",\"https:\/\/www.youtube.com\/user\/ManettiBattiloro\"]}]}<\/script>\n<!-- \/ Yoast SEO plugin. -->","yoast_head_json":{"title":"Kit - Dorar un marco | Giusto Manetti Battiloro","description":"Destinado a aficionados y estudiantes, el primer kit de inicio para dorar un marco con aut\u00e9ntica hoja de oro de 24 quilates es una novedad absoluta.","robots":{"index":"index","follow":"follow","max-snippet":"max-snippet:-1","max-image-preview":"max-image-preview:large","max-video-preview":"max-video-preview:-1"},"canonical":"https:\/\/www.manetti.com\/es\/producto\/kit-dorar-un-marco\/","og_locale":"es_ES","og_type":"article","og_title":"Kit - Dorar un marco | Giusto Manetti Battiloro","og_description":"Destinado a aficionados y estudiantes, el primer kit de inicio para dorar un marco con aut\u00e9ntica hoja de oro de 24 quilates es una novedad absoluta.","og_url":"https:\/\/www.manetti.com\/es\/producto\/kit-dorar-un-marco\/","og_site_name":"Giusto Manetti Battiloro","article_publisher":"https:\/\/www.facebook.com\/giustomanettibattiloro","article_modified_time":"2024-03-06T10:54:59+00:00","og_image":[{"width":900,"height":900,"url":"https:\/\/www.manetti.com\/wp-content\/uploads\/2024\/01\/Kit-gilding-box_web_giustomanettibattiloro.png","type":"image\/png"}],"twitter_card":"summary_large_image","schema":{"@context":"https:\/\/schema.org","@graph":[{"@type":"WebPage","@id":"https:\/\/www.manetti.com\/es\/producto\/kit-dorar-un-marco\/","url":"https:\/\/www.manetti.com\/es\/producto\/kit-dorar-un-marco\/","name":"Kit - Dorar un marco | Giusto Manetti Battiloro","isPartOf":{"@id":"https:\/\/www.manetti.com\/es\/#website"},"primaryImageOfPage":{"@id":"https:\/\/www.manetti.com\/es\/producto\/kit-dorar-un-marco\/#primaryimage"},"image":{"@id":"https:\/\/www.manetti.com\/es\/producto\/kit-dorar-un-marco\/#primaryimage"},"thumbnailUrl":"https:\/\/www.manetti.com\/wp-content\/uploads\/2024\/01\/Kit-gilding-box_web_giustomanettibattiloro.png","datePublished":"2024-01-18T11:26:44+00:00","dateModified":"2024-03-06T10:54:59+00:00","description":"Destinado a aficionados y estudiantes, el primer kit de inicio para dorar un marco con aut\u00e9ntica hoja de oro de 24 quilates es una novedad absoluta.","inLanguage":"es","potentialAction":[{"@type":"ReadAction","target":["https:\/\/www.manetti.com\/es\/producto\/kit-dorar-un-marco\/"]}]},{"@type":"ImageObject","inLanguage":"es","@id":"https:\/\/www.manetti.com\/es\/producto\/kit-dorar-un-marco\/#primaryimage","url":"https:\/\/www.manetti.com\/wp-content\/uploads\/2024\/01\/Kit-gilding-box_web_giustomanettibattiloro.png","contentUrl":"https:\/\/www.manetti.com\/wp-content\/uploads\/2024\/01\/Kit-gilding-box_web_giustomanettibattiloro.png","width":900,"height":900},{"@type":"WebSite","@id":"https:\/\/www.manetti.com\/es\/#website","url":"https:\/\/www.manetti.com\/es\/","name":"Giusto Manetti Battiloro","description":"","publisher":{"@id":"https:\/\/www.manetti.com\/es\/#organization"},"potentialAction":[{"@type":"SearchAction","target":{"@type":"EntryPoint","urlTemplate":"https:\/\/www.manetti.com\/es\/?s={search_term_string}"},"query-input":{"@type":"PropertyValueSpecification","valueRequired":true,"valueName":"search_term_string"}}],"inLanguage":"es"},{"@type":"Organization","@id":"https:\/\/www.manetti.com\/es\/#organization","name":"GIUSTO MANETTI BATTILORO S.P.A.","url":"https:\/\/www.manetti.com\/es\/","logo":{"@type":"ImageObject","inLanguage":"es","@id":"https:\/\/www.manetti.com\/es\/#\/schema\/logo\/image\/","url":"https:\/\/www.manetti.com\/wp-content\/uploads\/2025\/02\/giusto-manetti-blu_300-02.png","contentUrl":"https:\/\/www.manetti.com\/wp-content\/uploads\/2025\/02\/giusto-manetti-blu_300-02.png","width":1123,"height":1093,"caption":"GIUSTO MANETTI BATTILORO S.P.A."},"image":{"@id":"https:\/\/www.manetti.com\/es\/#\/schema\/logo\/image\/"},"sameAs":["https:\/\/www.facebook.com\/giustomanettibattiloro","https:\/\/www.instagram.com\/giustomanettibattiloro\/","https:\/\/www.linkedin.com\/company\/giusto-manetti-battiloro-s-p-a-\/","https:\/\/www.youtube.com\/user\/ManettiBattiloro"]}]}},"_links":{"self":[{"href":"https:\/\/www.manetti.com\/es\/wp-json\/wp\/v2\/product\/65946","targetHints":{"allow":["GET"]}}],"collection":[{"href":"https:\/\/www.manetti.com\/es\/wp-json\/wp\/v2\/product"}],"about":[{"href":"https:\/\/www.manetti.com\/es\/wp-json\/wp\/v2\/types\/product"}],"wp:featuredmedia":[{"embeddable":true,"href":"https:\/\/www.manetti.com\/es\/wp-json\/wp\/v2\/media\/73316"}],"wp:attachment":[{"href":"https:\/\/www.manetti.com\/es\/wp-json\/wp\/v2\/media?parent=65946"}],"wp:term":[{"taxonomy":"product_brand","embeddable":true,"href":"https:\/\/www.manetti.com\/es\/wp-json\/wp\/v2\/product_brand?post=65946"},{"taxonomy":"product_cat","embeddable":true,"href":"https:\/\/www.manetti.com\/es\/wp-json\/wp\/v2\/product_cat?post=65946"},{"taxonomy":"product_tag","embeddable":true,"href":"https:\/\/www.manetti.com\/es\/wp-json\/wp\/v2\/product_tag?post=65946"},{"taxonomy":"product_area","embeddable":true,"href":"https:\/\/www.manetti.com\/es\/wp-json\/wp\/v2\/product_area?post=65946"},{"taxonomy":"catalog_category","embeddable":true,"href":"https:\/\/www.manetti.com\/es\/wp-json\/wp\/v2\/catalog_category?post=65946"}],"curies":[{"name":"wp","href":"https:\/\/api.w.org\/{rel}","templated":true}]}}