{"id":79296,"date":"2024-12-19T16:21:11","date_gmt":"2024-12-19T15:21:11","guid":{"rendered":"https:\/\/www.manetti.com\/?post_type=product&#038;p=79296"},"modified":"2025-05-12T10:21:24","modified_gmt":"2025-05-12T08:21:24","slug":"paletina-ghirlandaio","status":"publish","type":"product","link":"https:\/\/www.manetti.com\/es\/producto\/paletina-ghirlandaio\/","title":{"rendered":"Paletina \u201cGhirlandaio\u201d"},"content":{"rendered":"<p>Pincel con pelo sint\u00e9tico de marta Kazan y virola de acero inoxidable. Dise\u00f1ada para la aplicaci\u00f3n de la misi\u00f3n sobre vidrio.<\/p>\n","protected":false},"excerpt":{"rendered":"<p>Pincel con pelo sint\u00e9tico de marta Kazan y virola de acero inoxidable. Dise\u00f1ada para la aplicaci\u00f3n de la misi\u00f3n sobre vidrio. [&#8230;]<\/p>\n<p><a class=\"btn btn-secondary understrap-read-more-link\" href=\"https:\/\/www.manetti.com\/es\/producto\/paletina-ghirlandaio\/\">Leer m\u00e1s&#8230;<\/a><\/p>\n","protected":false},"featured_media":81395,"template":"","meta":{"_acf_changed":false},"product_brand":[],"product_cat":[434,392],"product_tag":[195],"product_area":[],"catalog_category":[787,899,903],"class_list":{"0":"post-79296","1":"product","2":"type-product","3":"status-publish","4":"has-post-thumbnail","6":"product_cat-paletine","7":"product_cat-herramientas","8":"product_tag-strumenti-es","9":"catalog_category-dorado-en-letreros-y-vidrio","10":"catalog_category-dorado-en-letreros-y-vidrio-herramientas","11":"catalog_category-dorado-en-letreros-y-vidrio-pinceles-y-paletine","13":"first","14":"instock","15":"shipping-taxable","16":"purchasable","17":"product-type-variable"},"acf":[],"yoast_head":"<!-- This site is optimized with the Yoast SEO plugin v26.5 - https:\/\/yoast.com\/wordpress\/plugins\/seo\/ -->\n<title>Paletina \u201cGhirlandaio\u201d | Giusto Manetti Battiloro<\/title>\n<meta name=\"description\" content=\"Pincel con pelo sint\u00e9tico de marta Kazan y virola de acero inoxidable. Dise\u00f1ada para la aplicaci\u00f3n de la misi\u00f3n sobre vidrio.\" \/>\n<meta name=\"robots\" content=\"noindex, nofollow\" \/>\n<meta property=\"og:locale\" content=\"es_ES\" \/>\n<meta property=\"og:type\" content=\"article\" \/>\n<meta property=\"og:title\" content=\"Paletina \u201cGhirlandaio\u201d | Giusto Manetti Battiloro\" \/>\n<meta property=\"og:description\" content=\"Pincel con pelo sint\u00e9tico de marta Kazan y virola de acero inoxidable. Dise\u00f1ada para la aplicaci\u00f3n de la misi\u00f3n sobre vidrio.\" \/>\n<meta property=\"og:url\" content=\"https:\/\/www.manetti.com\/es\/producto\/paletina-ghirlandaio\/\" \/>\n<meta property=\"og:site_name\" content=\"Giusto Manetti Battiloro\" \/>\n<meta property=\"article:publisher\" content=\"https:\/\/www.facebook.com\/giustomanettibattiloro\" \/>\n<meta property=\"article:modified_time\" content=\"2025-05-12T08:21:24+00:00\" \/>\n<meta property=\"og:image\" content=\"https:\/\/www.manetti.com\/wp-content\/uploads\/2024\/12\/Ghirlandaio-insieme_sito.png\" \/>\n\t<meta property=\"og:image:width\" content=\"900\" \/>\n\t<meta property=\"og:image:height\" content=\"900\" \/>\n\t<meta property=\"og:image:type\" content=\"image\/png\" \/>\n<meta name=\"twitter:card\" content=\"summary_large_image\" \/>\n<meta name=\"twitter:label1\" content=\"Tiempo de lectura\" \/>\n\t<meta name=\"twitter:data1\" content=\"1 minuto\" \/>\n<script type=\"application\/ld+json\" class=\"yoast-schema-graph\">{\"@context\":\"https:\/\/schema.org\",\"@graph\":[{\"@type\":\"WebPage\",\"@id\":\"https:\/\/www.manetti.com\/es\/producto\/paletina-ghirlandaio\/\",\"url\":\"https:\/\/www.manetti.com\/es\/producto\/paletina-ghirlandaio\/\",\"name\":\"Paletina \u201cGhirlandaio\u201d | Giusto Manetti Battiloro\",\"isPartOf\":{\"@id\":\"https:\/\/www.manetti.com\/es\/#website\"},\"primaryImageOfPage\":{\"@id\":\"https:\/\/www.manetti.com\/es\/producto\/paletina-ghirlandaio\/#primaryimage\"},\"image\":{\"@id\":\"https:\/\/www.manetti.com\/es\/producto\/paletina-ghirlandaio\/#primaryimage\"},\"thumbnailUrl\":\"https:\/\/www.manetti.com\/wp-content\/uploads\/2024\/12\/Ghirlandaio-insieme_sito.png\",\"datePublished\":\"2024-12-19T15:21:11+00:00\",\"dateModified\":\"2025-05-12T08:21:24+00:00\",\"description\":\"Pincel con pelo sint\u00e9tico de marta Kazan y virola de acero inoxidable. Dise\u00f1ada para la aplicaci\u00f3n de la misi\u00f3n sobre vidrio.\",\"inLanguage\":\"es\",\"potentialAction\":[{\"@type\":\"ReadAction\",\"target\":[\"https:\/\/www.manetti.com\/es\/producto\/paletina-ghirlandaio\/\"]}]},{\"@type\":\"ImageObject\",\"inLanguage\":\"es\",\"@id\":\"https:\/\/www.manetti.com\/es\/producto\/paletina-ghirlandaio\/#primaryimage\",\"url\":\"https:\/\/www.manetti.com\/wp-content\/uploads\/2024\/12\/Ghirlandaio-insieme_sito.png\",\"contentUrl\":\"https:\/\/www.manetti.com\/wp-content\/uploads\/2024\/12\/Ghirlandaio-insieme_sito.png\",\"width\":900,\"height\":900},{\"@type\":\"WebSite\",\"@id\":\"https:\/\/www.manetti.com\/es\/#website\",\"url\":\"https:\/\/www.manetti.com\/es\/\",\"name\":\"Giusto Manetti Battiloro\",\"description\":\"\",\"publisher\":{\"@id\":\"https:\/\/www.manetti.com\/es\/#organization\"},\"potentialAction\":[{\"@type\":\"SearchAction\",\"target\":{\"@type\":\"EntryPoint\",\"urlTemplate\":\"https:\/\/www.manetti.com\/es\/?s={search_term_string}\"},\"query-input\":{\"@type\":\"PropertyValueSpecification\",\"valueRequired\":true,\"valueName\":\"search_term_string\"}}],\"inLanguage\":\"es\"},{\"@type\":\"Organization\",\"@id\":\"https:\/\/www.manetti.com\/es\/#organization\",\"name\":\"GIUSTO MANETTI BATTILORO S.P.A.\",\"url\":\"https:\/\/www.manetti.com\/es\/\",\"logo\":{\"@type\":\"ImageObject\",\"inLanguage\":\"es\",\"@id\":\"https:\/\/www.manetti.com\/es\/#\/schema\/logo\/image\/\",\"url\":\"https:\/\/www.manetti.com\/wp-content\/uploads\/2025\/02\/giusto-manetti-blu_300-02.png\",\"contentUrl\":\"https:\/\/www.manetti.com\/wp-content\/uploads\/2025\/02\/giusto-manetti-blu_300-02.png\",\"width\":1123,\"height\":1093,\"caption\":\"GIUSTO MANETTI BATTILORO S.P.A.\"},\"image\":{\"@id\":\"https:\/\/www.manetti.com\/es\/#\/schema\/logo\/image\/\"},\"sameAs\":[\"https:\/\/www.facebook.com\/giustomanettibattiloro\",\"https:\/\/www.instagram.com\/giustomanettibattiloro\/\",\"https:\/\/www.linkedin.com\/company\/giusto-manetti-battiloro-s-p-a-\/\",\"https:\/\/www.youtube.com\/user\/ManettiBattiloro\"]}]}<\/script>\n<!-- \/ Yoast SEO plugin. -->","yoast_head_json":{"title":"Paletina \u201cGhirlandaio\u201d | Giusto Manetti Battiloro","description":"Pincel con pelo sint\u00e9tico de marta Kazan y virola de acero inoxidable. Dise\u00f1ada para la aplicaci\u00f3n de la misi\u00f3n sobre vidrio.","robots":{"index":"noindex","follow":"nofollow"},"og_locale":"es_ES","og_type":"article","og_title":"Paletina \u201cGhirlandaio\u201d | Giusto Manetti Battiloro","og_description":"Pincel con pelo sint\u00e9tico de marta Kazan y virola de acero inoxidable. Dise\u00f1ada para la aplicaci\u00f3n de la misi\u00f3n sobre vidrio.","og_url":"https:\/\/www.manetti.com\/es\/producto\/paletina-ghirlandaio\/","og_site_name":"Giusto Manetti Battiloro","article_publisher":"https:\/\/www.facebook.com\/giustomanettibattiloro","article_modified_time":"2025-05-12T08:21:24+00:00","og_image":[{"width":900,"height":900,"url":"https:\/\/www.manetti.com\/wp-content\/uploads\/2024\/12\/Ghirlandaio-insieme_sito.png","type":"image\/png"}],"twitter_card":"summary_large_image","twitter_misc":{"Tiempo de lectura":"1 minuto"},"schema":{"@context":"https:\/\/schema.org","@graph":[{"@type":"WebPage","@id":"https:\/\/www.manetti.com\/es\/producto\/paletina-ghirlandaio\/","url":"https:\/\/www.manetti.com\/es\/producto\/paletina-ghirlandaio\/","name":"Paletina \u201cGhirlandaio\u201d | Giusto Manetti Battiloro","isPartOf":{"@id":"https:\/\/www.manetti.com\/es\/#website"},"primaryImageOfPage":{"@id":"https:\/\/www.manetti.com\/es\/producto\/paletina-ghirlandaio\/#primaryimage"},"image":{"@id":"https:\/\/www.manetti.com\/es\/producto\/paletina-ghirlandaio\/#primaryimage"},"thumbnailUrl":"https:\/\/www.manetti.com\/wp-content\/uploads\/2024\/12\/Ghirlandaio-insieme_sito.png","datePublished":"2024-12-19T15:21:11+00:00","dateModified":"2025-05-12T08:21:24+00:00","description":"Pincel con pelo sint\u00e9tico de marta Kazan y virola de acero inoxidable. Dise\u00f1ada para la aplicaci\u00f3n de la misi\u00f3n sobre vidrio.","inLanguage":"es","potentialAction":[{"@type":"ReadAction","target":["https:\/\/www.manetti.com\/es\/producto\/paletina-ghirlandaio\/"]}]},{"@type":"ImageObject","inLanguage":"es","@id":"https:\/\/www.manetti.com\/es\/producto\/paletina-ghirlandaio\/#primaryimage","url":"https:\/\/www.manetti.com\/wp-content\/uploads\/2024\/12\/Ghirlandaio-insieme_sito.png","contentUrl":"https:\/\/www.manetti.com\/wp-content\/uploads\/2024\/12\/Ghirlandaio-insieme_sito.png","width":900,"height":900},{"@type":"WebSite","@id":"https:\/\/www.manetti.com\/es\/#website","url":"https:\/\/www.manetti.com\/es\/","name":"Giusto Manetti Battiloro","description":"","publisher":{"@id":"https:\/\/www.manetti.com\/es\/#organization"},"potentialAction":[{"@type":"SearchAction","target":{"@type":"EntryPoint","urlTemplate":"https:\/\/www.manetti.com\/es\/?s={search_term_string}"},"query-input":{"@type":"PropertyValueSpecification","valueRequired":true,"valueName":"search_term_string"}}],"inLanguage":"es"},{"@type":"Organization","@id":"https:\/\/www.manetti.com\/es\/#organization","name":"GIUSTO MANETTI BATTILORO S.P.A.","url":"https:\/\/www.manetti.com\/es\/","logo":{"@type":"ImageObject","inLanguage":"es","@id":"https:\/\/www.manetti.com\/es\/#\/schema\/logo\/image\/","url":"https:\/\/www.manetti.com\/wp-content\/uploads\/2025\/02\/giusto-manetti-blu_300-02.png","contentUrl":"https:\/\/www.manetti.com\/wp-content\/uploads\/2025\/02\/giusto-manetti-blu_300-02.png","width":1123,"height":1093,"caption":"GIUSTO MANETTI BATTILORO S.P.A."},"image":{"@id":"https:\/\/www.manetti.com\/es\/#\/schema\/logo\/image\/"},"sameAs":["https:\/\/www.facebook.com\/giustomanettibattiloro","https:\/\/www.instagram.com\/giustomanettibattiloro\/","https:\/\/www.linkedin.com\/company\/giusto-manetti-battiloro-s-p-a-\/","https:\/\/www.youtube.com\/user\/ManettiBattiloro"]}]}},"_links":{"self":[{"href":"https:\/\/www.manetti.com\/es\/wp-json\/wp\/v2\/product\/79296","targetHints":{"allow":["GET"]}}],"collection":[{"href":"https:\/\/www.manetti.com\/es\/wp-json\/wp\/v2\/product"}],"about":[{"href":"https:\/\/www.manetti.com\/es\/wp-json\/wp\/v2\/types\/product"}],"wp:featuredmedia":[{"embeddable":true,"href":"https:\/\/www.manetti.com\/es\/wp-json\/wp\/v2\/media\/81395"}],"wp:attachment":[{"href":"https:\/\/www.manetti.com\/es\/wp-json\/wp\/v2\/media?parent=79296"}],"wp:term":[{"taxonomy":"product_brand","embeddable":true,"href":"https:\/\/www.manetti.com\/es\/wp-json\/wp\/v2\/product_brand?post=79296"},{"taxonomy":"product_cat","embeddable":true,"href":"https:\/\/www.manetti.com\/es\/wp-json\/wp\/v2\/product_cat?post=79296"},{"taxonomy":"product_tag","embeddable":true,"href":"https:\/\/www.manetti.com\/es\/wp-json\/wp\/v2\/product_tag?post=79296"},{"taxonomy":"product_area","embeddable":true,"href":"https:\/\/www.manetti.com\/es\/wp-json\/wp\/v2\/product_area?post=79296"},{"taxonomy":"catalog_category","embeddable":true,"href":"https:\/\/www.manetti.com\/es\/wp-json\/wp\/v2\/catalog_category?post=79296"}],"curies":[{"name":"wp","href":"https:\/\/api.w.org\/{rel}","templated":true}]}}