{"id":79421,"date":"2024-12-19T17:12:15","date_gmt":"2024-12-19T16:12:15","guid":{"rendered":"https:\/\/www.manetti.com\/?post_type=product&#038;p=79421"},"modified":"2025-05-09T17:13:33","modified_gmt":"2025-05-09T15:13:33","slug":"yeso-para-doradores-copia","status":"publish","type":"product","link":"https:\/\/www.manetti.com\/es\/producto\/yeso-para-doradores-copia\/","title":{"rendered":"Gesso listo para usar"},"content":{"rendered":"<p>Este producto para el encolado, la base de la doradura al agua, est\u00e1 listo para usar y es ideal para principiantes y aficionados. No requiere preparaci\u00f3n y se aplica directamente sobre la superficie antes de la aplicaci\u00f3n de la bole.<\/p>\n","protected":false},"excerpt":{"rendered":"<p>Este producto para el encolado, la base de la doradura al agua, est\u00e1 listo para usar y es ideal para principiantes y aficionados. No requiere preparaci\u00f3n y se aplica directamente sobre la superficie antes de la aplicaci\u00f3n de la bole. [&#8230;]<\/p>\n<p><a class=\"btn btn-secondary understrap-read-more-link\" href=\"https:\/\/www.manetti.com\/es\/producto\/yeso-para-doradores-copia\/\">Leer m\u00e1s&#8230;<\/a><\/p>\n","protected":false},"featured_media":81807,"template":"","meta":{"_acf_changed":false},"product_brand":[],"product_cat":[388],"product_tag":[193],"product_area":[],"catalog_category":[794,858],"class_list":{"0":"post-79421","1":"product","2":"type-product","3":"status-publish","4":"has-post-thumbnail","6":"product_cat-dorado-al-agua","7":"product_tag-altri-prodotti-es","8":"catalog_category-dorado-y-restauracion","9":"catalog_category-dorado-y-restauracion-bolos-y-yesos","11":"first","12":"instock","13":"shipping-taxable","14":"purchasable","15":"product-type-variable"},"acf":[],"yoast_head":"<!-- This site is optimized with the Yoast SEO plugin v26.5 - https:\/\/yoast.com\/wordpress\/plugins\/seo\/ -->\n<title>Gesso listo para usar | Giusto Manetti Battiloro<\/title>\n<meta name=\"description\" content=\"Este producto para el encolado, la base de la doradura al agua, est\u00e1 listo para usar y es ideal para principiantes y aficionados. No requiere preparaci\u00f3n\" \/>\n<meta name=\"robots\" content=\"index, follow, max-snippet:-1, max-image-preview:large, max-video-preview:-1\" \/>\n<link rel=\"canonical\" href=\"https:\/\/www.manetti.com\/es\/producto\/yeso-para-doradores-copia\/\" \/>\n<meta property=\"og:locale\" content=\"es_ES\" \/>\n<meta property=\"og:type\" content=\"article\" \/>\n<meta property=\"og:title\" content=\"Gesso listo para usar | Giusto Manetti Battiloro\" \/>\n<meta property=\"og:description\" content=\"Este producto para el encolado, la base de la doradura al agua, est\u00e1 listo para usar y es ideal para principiantes y aficionados. No requiere preparaci\u00f3n\" \/>\n<meta property=\"og:url\" content=\"https:\/\/www.manetti.com\/es\/producto\/yeso-para-doradores-copia\/\" \/>\n<meta property=\"og:site_name\" content=\"Giusto Manetti Battiloro\" \/>\n<meta property=\"article:publisher\" content=\"https:\/\/www.facebook.com\/giustomanettibattiloro\" \/>\n<meta property=\"article:modified_time\" content=\"2025-05-09T15:13:33+00:00\" \/>\n<meta property=\"og:image\" content=\"https:\/\/www.manetti.com\/wp-content\/uploads\/2024\/12\/Gesso-Ammanitura_web-new.png\" \/>\n\t<meta property=\"og:image:width\" content=\"900\" \/>\n\t<meta property=\"og:image:height\" content=\"900\" \/>\n\t<meta property=\"og:image:type\" content=\"image\/png\" \/>\n<meta name=\"twitter:card\" content=\"summary_large_image\" \/>\n<meta name=\"twitter:label1\" content=\"Tiempo de lectura\" \/>\n\t<meta name=\"twitter:data1\" content=\"1 minuto\" \/>\n<script type=\"application\/ld+json\" class=\"yoast-schema-graph\">{\"@context\":\"https:\/\/schema.org\",\"@graph\":[{\"@type\":\"WebPage\",\"@id\":\"https:\/\/www.manetti.com\/es\/producto\/yeso-para-doradores-copia\/\",\"url\":\"https:\/\/www.manetti.com\/es\/producto\/yeso-para-doradores-copia\/\",\"name\":\"Gesso listo para usar | Giusto Manetti Battiloro\",\"isPartOf\":{\"@id\":\"https:\/\/www.manetti.com\/es\/#website\"},\"primaryImageOfPage\":{\"@id\":\"https:\/\/www.manetti.com\/es\/producto\/yeso-para-doradores-copia\/#primaryimage\"},\"image\":{\"@id\":\"https:\/\/www.manetti.com\/es\/producto\/yeso-para-doradores-copia\/#primaryimage\"},\"thumbnailUrl\":\"https:\/\/www.manetti.com\/wp-content\/uploads\/2024\/12\/Gesso-Ammanitura_web-new.png\",\"datePublished\":\"2024-12-19T16:12:15+00:00\",\"dateModified\":\"2025-05-09T15:13:33+00:00\",\"description\":\"Este producto para el encolado, la base de la doradura al agua, est\u00e1 listo para usar y es ideal para principiantes y aficionados. No requiere preparaci\u00f3n\",\"inLanguage\":\"es\",\"potentialAction\":[{\"@type\":\"ReadAction\",\"target\":[\"https:\/\/www.manetti.com\/es\/producto\/yeso-para-doradores-copia\/\"]}]},{\"@type\":\"ImageObject\",\"inLanguage\":\"es\",\"@id\":\"https:\/\/www.manetti.com\/es\/producto\/yeso-para-doradores-copia\/#primaryimage\",\"url\":\"https:\/\/www.manetti.com\/wp-content\/uploads\/2024\/12\/Gesso-Ammanitura_web-new.png\",\"contentUrl\":\"https:\/\/www.manetti.com\/wp-content\/uploads\/2024\/12\/Gesso-Ammanitura_web-new.png\",\"width\":900,\"height\":900},{\"@type\":\"WebSite\",\"@id\":\"https:\/\/www.manetti.com\/es\/#website\",\"url\":\"https:\/\/www.manetti.com\/es\/\",\"name\":\"Giusto Manetti Battiloro\",\"description\":\"\",\"publisher\":{\"@id\":\"https:\/\/www.manetti.com\/es\/#organization\"},\"potentialAction\":[{\"@type\":\"SearchAction\",\"target\":{\"@type\":\"EntryPoint\",\"urlTemplate\":\"https:\/\/www.manetti.com\/es\/?s={search_term_string}\"},\"query-input\":{\"@type\":\"PropertyValueSpecification\",\"valueRequired\":true,\"valueName\":\"search_term_string\"}}],\"inLanguage\":\"es\"},{\"@type\":\"Organization\",\"@id\":\"https:\/\/www.manetti.com\/es\/#organization\",\"name\":\"GIUSTO MANETTI BATTILORO S.P.A.\",\"url\":\"https:\/\/www.manetti.com\/es\/\",\"logo\":{\"@type\":\"ImageObject\",\"inLanguage\":\"es\",\"@id\":\"https:\/\/www.manetti.com\/es\/#\/schema\/logo\/image\/\",\"url\":\"https:\/\/www.manetti.com\/wp-content\/uploads\/2025\/02\/giusto-manetti-blu_300-02.png\",\"contentUrl\":\"https:\/\/www.manetti.com\/wp-content\/uploads\/2025\/02\/giusto-manetti-blu_300-02.png\",\"width\":1123,\"height\":1093,\"caption\":\"GIUSTO MANETTI BATTILORO S.P.A.\"},\"image\":{\"@id\":\"https:\/\/www.manetti.com\/es\/#\/schema\/logo\/image\/\"},\"sameAs\":[\"https:\/\/www.facebook.com\/giustomanettibattiloro\",\"https:\/\/www.instagram.com\/giustomanettibattiloro\/\",\"https:\/\/www.linkedin.com\/company\/giusto-manetti-battiloro-s-p-a-\/\",\"https:\/\/www.youtube.com\/user\/ManettiBattiloro\"]}]}<\/script>\n<!-- \/ Yoast SEO plugin. -->","yoast_head_json":{"title":"Gesso listo para usar | Giusto Manetti Battiloro","description":"Este producto para el encolado, la base de la doradura al agua, est\u00e1 listo para usar y es ideal para principiantes y aficionados. No requiere preparaci\u00f3n","robots":{"index":"index","follow":"follow","max-snippet":"max-snippet:-1","max-image-preview":"max-image-preview:large","max-video-preview":"max-video-preview:-1"},"canonical":"https:\/\/www.manetti.com\/es\/producto\/yeso-para-doradores-copia\/","og_locale":"es_ES","og_type":"article","og_title":"Gesso listo para usar | Giusto Manetti Battiloro","og_description":"Este producto para el encolado, la base de la doradura al agua, est\u00e1 listo para usar y es ideal para principiantes y aficionados. No requiere preparaci\u00f3n","og_url":"https:\/\/www.manetti.com\/es\/producto\/yeso-para-doradores-copia\/","og_site_name":"Giusto Manetti Battiloro","article_publisher":"https:\/\/www.facebook.com\/giustomanettibattiloro","article_modified_time":"2025-05-09T15:13:33+00:00","og_image":[{"width":900,"height":900,"url":"https:\/\/www.manetti.com\/wp-content\/uploads\/2024\/12\/Gesso-Ammanitura_web-new.png","type":"image\/png"}],"twitter_card":"summary_large_image","twitter_misc":{"Tiempo de lectura":"1 minuto"},"schema":{"@context":"https:\/\/schema.org","@graph":[{"@type":"WebPage","@id":"https:\/\/www.manetti.com\/es\/producto\/yeso-para-doradores-copia\/","url":"https:\/\/www.manetti.com\/es\/producto\/yeso-para-doradores-copia\/","name":"Gesso listo para usar | Giusto Manetti Battiloro","isPartOf":{"@id":"https:\/\/www.manetti.com\/es\/#website"},"primaryImageOfPage":{"@id":"https:\/\/www.manetti.com\/es\/producto\/yeso-para-doradores-copia\/#primaryimage"},"image":{"@id":"https:\/\/www.manetti.com\/es\/producto\/yeso-para-doradores-copia\/#primaryimage"},"thumbnailUrl":"https:\/\/www.manetti.com\/wp-content\/uploads\/2024\/12\/Gesso-Ammanitura_web-new.png","datePublished":"2024-12-19T16:12:15+00:00","dateModified":"2025-05-09T15:13:33+00:00","description":"Este producto para el encolado, la base de la doradura al agua, est\u00e1 listo para usar y es ideal para principiantes y aficionados. No requiere preparaci\u00f3n","inLanguage":"es","potentialAction":[{"@type":"ReadAction","target":["https:\/\/www.manetti.com\/es\/producto\/yeso-para-doradores-copia\/"]}]},{"@type":"ImageObject","inLanguage":"es","@id":"https:\/\/www.manetti.com\/es\/producto\/yeso-para-doradores-copia\/#primaryimage","url":"https:\/\/www.manetti.com\/wp-content\/uploads\/2024\/12\/Gesso-Ammanitura_web-new.png","contentUrl":"https:\/\/www.manetti.com\/wp-content\/uploads\/2024\/12\/Gesso-Ammanitura_web-new.png","width":900,"height":900},{"@type":"WebSite","@id":"https:\/\/www.manetti.com\/es\/#website","url":"https:\/\/www.manetti.com\/es\/","name":"Giusto Manetti Battiloro","description":"","publisher":{"@id":"https:\/\/www.manetti.com\/es\/#organization"},"potentialAction":[{"@type":"SearchAction","target":{"@type":"EntryPoint","urlTemplate":"https:\/\/www.manetti.com\/es\/?s={search_term_string}"},"query-input":{"@type":"PropertyValueSpecification","valueRequired":true,"valueName":"search_term_string"}}],"inLanguage":"es"},{"@type":"Organization","@id":"https:\/\/www.manetti.com\/es\/#organization","name":"GIUSTO MANETTI BATTILORO S.P.A.","url":"https:\/\/www.manetti.com\/es\/","logo":{"@type":"ImageObject","inLanguage":"es","@id":"https:\/\/www.manetti.com\/es\/#\/schema\/logo\/image\/","url":"https:\/\/www.manetti.com\/wp-content\/uploads\/2025\/02\/giusto-manetti-blu_300-02.png","contentUrl":"https:\/\/www.manetti.com\/wp-content\/uploads\/2025\/02\/giusto-manetti-blu_300-02.png","width":1123,"height":1093,"caption":"GIUSTO MANETTI BATTILORO S.P.A."},"image":{"@id":"https:\/\/www.manetti.com\/es\/#\/schema\/logo\/image\/"},"sameAs":["https:\/\/www.facebook.com\/giustomanettibattiloro","https:\/\/www.instagram.com\/giustomanettibattiloro\/","https:\/\/www.linkedin.com\/company\/giusto-manetti-battiloro-s-p-a-\/","https:\/\/www.youtube.com\/user\/ManettiBattiloro"]}]}},"_links":{"self":[{"href":"https:\/\/www.manetti.com\/es\/wp-json\/wp\/v2\/product\/79421","targetHints":{"allow":["GET"]}}],"collection":[{"href":"https:\/\/www.manetti.com\/es\/wp-json\/wp\/v2\/product"}],"about":[{"href":"https:\/\/www.manetti.com\/es\/wp-json\/wp\/v2\/types\/product"}],"wp:featuredmedia":[{"embeddable":true,"href":"https:\/\/www.manetti.com\/es\/wp-json\/wp\/v2\/media\/81807"}],"wp:attachment":[{"href":"https:\/\/www.manetti.com\/es\/wp-json\/wp\/v2\/media?parent=79421"}],"wp:term":[{"taxonomy":"product_brand","embeddable":true,"href":"https:\/\/www.manetti.com\/es\/wp-json\/wp\/v2\/product_brand?post=79421"},{"taxonomy":"product_cat","embeddable":true,"href":"https:\/\/www.manetti.com\/es\/wp-json\/wp\/v2\/product_cat?post=79421"},{"taxonomy":"product_tag","embeddable":true,"href":"https:\/\/www.manetti.com\/es\/wp-json\/wp\/v2\/product_tag?post=79421"},{"taxonomy":"product_area","embeddable":true,"href":"https:\/\/www.manetti.com\/es\/wp-json\/wp\/v2\/product_area?post=79421"},{"taxonomy":"catalog_category","embeddable":true,"href":"https:\/\/www.manetti.com\/es\/wp-json\/wp\/v2\/catalog_category?post=79421"}],"curies":[{"name":"wp","href":"https:\/\/api.w.org\/{rel}","templated":true}]}}