{"id":79673,"date":"2020-01-31T16:54:48","date_gmt":"2020-01-31T15:54:48","guid":{"rendered":"https:\/\/www.manetti.com\/?post_type=product&#038;p=79673"},"modified":"2025-05-07T12:15:11","modified_gmt":"2025-05-07T10:15:11","slug":"la-proteccion-a-base-de-agua-to-buy","status":"publish","type":"product","link":"https:\/\/www.manetti.com\/es\/producto\/la-proteccion-a-base-de-agua-to-buy\/","title":{"rendered":"La protecci\u00f3n a base de agua"},"content":{"rendered":"<p>La protecci\u00f3n a base de agua ofrece una excelente capacidad de expansi\u00f3n y adherencia en superficies doradas, especialmente en metales preciosos. Al estar libre de componentes sint\u00e9ticos, es m\u00e1s suave y altera menos el brillo natural de las superficies doradas. Es resistente a los rayos UV, no se amarillea ni se descascara, y est\u00e1 disponible en versiones brillante y mate. Lista para usar, es ideal para profesionales, principiantes y aficionados. Ideal para dorados en interiores, aunque tambi\u00e9n es apta para aplicaciones en exteriores.<\/p>\n","protected":false},"excerpt":{"rendered":"<p>La protecci\u00f3n a base de agua ofrece una excelente capacidad de expansi\u00f3n y adherencia en superficies doradas, especialmente en metales preciosos. Al estar libre de componentes sint\u00e9ticos, es m\u00e1s suave y altera menos el brillo natural de las superficies doradas. Es resistente a los rayos UV, no se amarillea ni se descascara, y est\u00e1 disponible [&#8230;]<\/p>\n<p><a class=\"btn btn-secondary understrap-read-more-link\" href=\"https:\/\/www.manetti.com\/es\/producto\/la-proteccion-a-base-de-agua-to-buy\/\">Leer m\u00e1s&#8230;<\/a><\/p>\n","protected":false},"featured_media":81786,"template":"","meta":{"_acf_changed":false},"product_brand":[],"product_cat":[391,177],"product_tag":[187],"product_area":[585,653],"catalog_category":[],"class_list":{"0":"post-79673","1":"product","2":"type-product","3":"status-publish","4":"has-post-thumbnail","6":"product_cat-proteccion","7":"product_cat-productos-para-las-fases-de-dorado","8":"product_tag-missioni-es","9":"product_area-rafinamiento-y-proteccion","10":"product_area-rafinamiento-y-proteccion-proteccion","12":"first","13":"instock","14":"shipping-taxable","15":"purchasable","16":"product-type-variable"},"acf":[],"yoast_head":"<!-- This site is optimized with the Yoast SEO plugin v26.5 - https:\/\/yoast.com\/wordpress\/plugins\/seo\/ -->\n<title>La protecci\u00f3n a base de agua | Giusto Manetti Battiloro<\/title>\n<meta name=\"description\" content=\"Pegamento a base de aceites y disolventes. La protecci\u00f3n a base de agua ofrece una excelente capacidad de expansi\u00f3n y adherencia en superficies doradas, especialmente en metales preciosos. Al estar\" \/>\n<meta name=\"robots\" content=\"noindex, nofollow\" \/>\n<meta property=\"og:locale\" content=\"es_ES\" \/>\n<meta property=\"og:type\" content=\"article\" \/>\n<meta property=\"og:title\" content=\"La protecci\u00f3n a base de agua | Giusto Manetti Battiloro\" \/>\n<meta property=\"og:description\" content=\"Pegamento a base de aceites y disolventes. La protecci\u00f3n a base de agua ofrece una excelente capacidad de expansi\u00f3n y adherencia en superficies doradas, especialmente en metales preciosos. Al estar\" \/>\n<meta property=\"og:url\" content=\"https:\/\/www.manetti.com\/es\/producto\/la-proteccion-a-base-de-agua-to-buy\/\" \/>\n<meta property=\"og:site_name\" content=\"Giusto Manetti Battiloro\" \/>\n<meta property=\"article:publisher\" content=\"https:\/\/www.facebook.com\/giustomanettibattiloro\" \/>\n<meta property=\"article:modified_time\" content=\"2025-05-07T10:15:11+00:00\" \/>\n<meta property=\"og:image\" content=\"https:\/\/www.manetti.com\/wp-content\/uploads\/2024\/12\/Protezioni-allacqua_new_web.png\" \/>\n\t<meta property=\"og:image:width\" content=\"900\" \/>\n\t<meta property=\"og:image:height\" content=\"900\" \/>\n\t<meta property=\"og:image:type\" content=\"image\/png\" \/>\n<meta name=\"twitter:card\" content=\"summary_large_image\" \/>\n<meta name=\"twitter:label1\" content=\"Tiempo de lectura\" \/>\n\t<meta name=\"twitter:data1\" content=\"1 minuto\" \/>\n<script type=\"application\/ld+json\" class=\"yoast-schema-graph\">{\"@context\":\"https:\/\/schema.org\",\"@graph\":[{\"@type\":\"WebPage\",\"@id\":\"https:\/\/www.manetti.com\/es\/producto\/la-proteccion-a-base-de-agua-to-buy\/\",\"url\":\"https:\/\/www.manetti.com\/es\/producto\/la-proteccion-a-base-de-agua-to-buy\/\",\"name\":\"La protecci\u00f3n a base de agua | Giusto Manetti Battiloro\",\"isPartOf\":{\"@id\":\"https:\/\/www.manetti.com\/es\/#website\"},\"primaryImageOfPage\":{\"@id\":\"https:\/\/www.manetti.com\/es\/producto\/la-proteccion-a-base-de-agua-to-buy\/#primaryimage\"},\"image\":{\"@id\":\"https:\/\/www.manetti.com\/es\/producto\/la-proteccion-a-base-de-agua-to-buy\/#primaryimage\"},\"thumbnailUrl\":\"https:\/\/www.manetti.com\/wp-content\/uploads\/2024\/12\/Protezioni-allacqua_new_web.png\",\"datePublished\":\"2020-01-31T15:54:48+00:00\",\"dateModified\":\"2025-05-07T10:15:11+00:00\",\"description\":\"Pegamento a base de aceites y disolventes. La protecci\u00f3n a base de agua ofrece una excelente capacidad de expansi\u00f3n y adherencia en superficies doradas, especialmente en metales preciosos. Al estar\",\"inLanguage\":\"es\",\"potentialAction\":[{\"@type\":\"ReadAction\",\"target\":[\"https:\/\/www.manetti.com\/es\/producto\/la-proteccion-a-base-de-agua-to-buy\/\"]}]},{\"@type\":\"ImageObject\",\"inLanguage\":\"es\",\"@id\":\"https:\/\/www.manetti.com\/es\/producto\/la-proteccion-a-base-de-agua-to-buy\/#primaryimage\",\"url\":\"https:\/\/www.manetti.com\/wp-content\/uploads\/2024\/12\/Protezioni-allacqua_new_web.png\",\"contentUrl\":\"https:\/\/www.manetti.com\/wp-content\/uploads\/2024\/12\/Protezioni-allacqua_new_web.png\",\"width\":900,\"height\":900},{\"@type\":\"WebSite\",\"@id\":\"https:\/\/www.manetti.com\/es\/#website\",\"url\":\"https:\/\/www.manetti.com\/es\/\",\"name\":\"Giusto Manetti Battiloro\",\"description\":\"\",\"publisher\":{\"@id\":\"https:\/\/www.manetti.com\/es\/#organization\"},\"potentialAction\":[{\"@type\":\"SearchAction\",\"target\":{\"@type\":\"EntryPoint\",\"urlTemplate\":\"https:\/\/www.manetti.com\/es\/?s={search_term_string}\"},\"query-input\":{\"@type\":\"PropertyValueSpecification\",\"valueRequired\":true,\"valueName\":\"search_term_string\"}}],\"inLanguage\":\"es\"},{\"@type\":\"Organization\",\"@id\":\"https:\/\/www.manetti.com\/es\/#organization\",\"name\":\"GIUSTO MANETTI BATTILORO S.P.A.\",\"url\":\"https:\/\/www.manetti.com\/es\/\",\"logo\":{\"@type\":\"ImageObject\",\"inLanguage\":\"es\",\"@id\":\"https:\/\/www.manetti.com\/es\/#\/schema\/logo\/image\/\",\"url\":\"https:\/\/www.manetti.com\/wp-content\/uploads\/2025\/02\/giusto-manetti-blu_300-02.png\",\"contentUrl\":\"https:\/\/www.manetti.com\/wp-content\/uploads\/2025\/02\/giusto-manetti-blu_300-02.png\",\"width\":1123,\"height\":1093,\"caption\":\"GIUSTO MANETTI BATTILORO S.P.A.\"},\"image\":{\"@id\":\"https:\/\/www.manetti.com\/es\/#\/schema\/logo\/image\/\"},\"sameAs\":[\"https:\/\/www.facebook.com\/giustomanettibattiloro\",\"https:\/\/www.instagram.com\/giustomanettibattiloro\/\",\"https:\/\/www.linkedin.com\/company\/giusto-manetti-battiloro-s-p-a-\/\",\"https:\/\/www.youtube.com\/user\/ManettiBattiloro\"]}]}<\/script>\n<!-- \/ Yoast SEO plugin. -->","yoast_head_json":{"title":"La protecci\u00f3n a base de agua | Giusto Manetti Battiloro","description":"Pegamento a base de aceites y disolventes. La protecci\u00f3n a base de agua ofrece una excelente capacidad de expansi\u00f3n y adherencia en superficies doradas, especialmente en metales preciosos. Al estar","robots":{"index":"noindex","follow":"nofollow"},"og_locale":"es_ES","og_type":"article","og_title":"La protecci\u00f3n a base de agua | Giusto Manetti Battiloro","og_description":"Pegamento a base de aceites y disolventes. La protecci\u00f3n a base de agua ofrece una excelente capacidad de expansi\u00f3n y adherencia en superficies doradas, especialmente en metales preciosos. Al estar","og_url":"https:\/\/www.manetti.com\/es\/producto\/la-proteccion-a-base-de-agua-to-buy\/","og_site_name":"Giusto Manetti Battiloro","article_publisher":"https:\/\/www.facebook.com\/giustomanettibattiloro","article_modified_time":"2025-05-07T10:15:11+00:00","og_image":[{"width":900,"height":900,"url":"https:\/\/www.manetti.com\/wp-content\/uploads\/2024\/12\/Protezioni-allacqua_new_web.png","type":"image\/png"}],"twitter_card":"summary_large_image","twitter_misc":{"Tiempo de lectura":"1 minuto"},"schema":{"@context":"https:\/\/schema.org","@graph":[{"@type":"WebPage","@id":"https:\/\/www.manetti.com\/es\/producto\/la-proteccion-a-base-de-agua-to-buy\/","url":"https:\/\/www.manetti.com\/es\/producto\/la-proteccion-a-base-de-agua-to-buy\/","name":"La protecci\u00f3n a base de agua | Giusto Manetti Battiloro","isPartOf":{"@id":"https:\/\/www.manetti.com\/es\/#website"},"primaryImageOfPage":{"@id":"https:\/\/www.manetti.com\/es\/producto\/la-proteccion-a-base-de-agua-to-buy\/#primaryimage"},"image":{"@id":"https:\/\/www.manetti.com\/es\/producto\/la-proteccion-a-base-de-agua-to-buy\/#primaryimage"},"thumbnailUrl":"https:\/\/www.manetti.com\/wp-content\/uploads\/2024\/12\/Protezioni-allacqua_new_web.png","datePublished":"2020-01-31T15:54:48+00:00","dateModified":"2025-05-07T10:15:11+00:00","description":"Pegamento a base de aceites y disolventes. La protecci\u00f3n a base de agua ofrece una excelente capacidad de expansi\u00f3n y adherencia en superficies doradas, especialmente en metales preciosos. Al estar","inLanguage":"es","potentialAction":[{"@type":"ReadAction","target":["https:\/\/www.manetti.com\/es\/producto\/la-proteccion-a-base-de-agua-to-buy\/"]}]},{"@type":"ImageObject","inLanguage":"es","@id":"https:\/\/www.manetti.com\/es\/producto\/la-proteccion-a-base-de-agua-to-buy\/#primaryimage","url":"https:\/\/www.manetti.com\/wp-content\/uploads\/2024\/12\/Protezioni-allacqua_new_web.png","contentUrl":"https:\/\/www.manetti.com\/wp-content\/uploads\/2024\/12\/Protezioni-allacqua_new_web.png","width":900,"height":900},{"@type":"WebSite","@id":"https:\/\/www.manetti.com\/es\/#website","url":"https:\/\/www.manetti.com\/es\/","name":"Giusto Manetti Battiloro","description":"","publisher":{"@id":"https:\/\/www.manetti.com\/es\/#organization"},"potentialAction":[{"@type":"SearchAction","target":{"@type":"EntryPoint","urlTemplate":"https:\/\/www.manetti.com\/es\/?s={search_term_string}"},"query-input":{"@type":"PropertyValueSpecification","valueRequired":true,"valueName":"search_term_string"}}],"inLanguage":"es"},{"@type":"Organization","@id":"https:\/\/www.manetti.com\/es\/#organization","name":"GIUSTO MANETTI BATTILORO S.P.A.","url":"https:\/\/www.manetti.com\/es\/","logo":{"@type":"ImageObject","inLanguage":"es","@id":"https:\/\/www.manetti.com\/es\/#\/schema\/logo\/image\/","url":"https:\/\/www.manetti.com\/wp-content\/uploads\/2025\/02\/giusto-manetti-blu_300-02.png","contentUrl":"https:\/\/www.manetti.com\/wp-content\/uploads\/2025\/02\/giusto-manetti-blu_300-02.png","width":1123,"height":1093,"caption":"GIUSTO MANETTI BATTILORO S.P.A."},"image":{"@id":"https:\/\/www.manetti.com\/es\/#\/schema\/logo\/image\/"},"sameAs":["https:\/\/www.facebook.com\/giustomanettibattiloro","https:\/\/www.instagram.com\/giustomanettibattiloro\/","https:\/\/www.linkedin.com\/company\/giusto-manetti-battiloro-s-p-a-\/","https:\/\/www.youtube.com\/user\/ManettiBattiloro"]}]}},"_links":{"self":[{"href":"https:\/\/www.manetti.com\/es\/wp-json\/wp\/v2\/product\/79673","targetHints":{"allow":["GET"]}}],"collection":[{"href":"https:\/\/www.manetti.com\/es\/wp-json\/wp\/v2\/product"}],"about":[{"href":"https:\/\/www.manetti.com\/es\/wp-json\/wp\/v2\/types\/product"}],"wp:featuredmedia":[{"embeddable":true,"href":"https:\/\/www.manetti.com\/es\/wp-json\/wp\/v2\/media\/81786"}],"wp:attachment":[{"href":"https:\/\/www.manetti.com\/es\/wp-json\/wp\/v2\/media?parent=79673"}],"wp:term":[{"taxonomy":"product_brand","embeddable":true,"href":"https:\/\/www.manetti.com\/es\/wp-json\/wp\/v2\/product_brand?post=79673"},{"taxonomy":"product_cat","embeddable":true,"href":"https:\/\/www.manetti.com\/es\/wp-json\/wp\/v2\/product_cat?post=79673"},{"taxonomy":"product_tag","embeddable":true,"href":"https:\/\/www.manetti.com\/es\/wp-json\/wp\/v2\/product_tag?post=79673"},{"taxonomy":"product_area","embeddable":true,"href":"https:\/\/www.manetti.com\/es\/wp-json\/wp\/v2\/product_area?post=79673"},{"taxonomy":"catalog_category","embeddable":true,"href":"https:\/\/www.manetti.com\/es\/wp-json\/wp\/v2\/catalog_category?post=79673"}],"curies":[{"name":"wp","href":"https:\/\/api.w.org\/{rel}","templated":true}]}}