{"id":83392,"date":"2025-09-18T14:05:45","date_gmt":"2025-09-18T12:05:45","guid":{"rendered":"https:\/\/www.manetti.com\/?post_type=product&#038;p=83392"},"modified":"2025-10-03T16:15:04","modified_gmt":"2025-10-03T14:15:04","slug":"stone-mixtion-para-marmol-y-piedra","status":"publish","type":"product","link":"https:\/\/www.manetti.com\/es\/producto\/stone-mixtion-para-marmol-y-piedra\/","title":{"rendered":"Stone \u2013 Mixti\u00f3n para m\u00e1rmol y piedra"},"content":{"rendered":"<p>Adhesivo de secado r\u00e1pido para dorado en interiores y exteriores, ideal para el dorado con metales preciosos en m\u00e1rmol o piedra. La misi\u00f3n Stone, a base de agua, garantiza una excelente adherencia y resistencia en el tiempo.<\/p>\n","protected":false},"excerpt":{"rendered":"<p>Adhesivo de secado r\u00e1pido para dorado en interiores y exteriores, ideal para el dorado con metales preciosos en m\u00e1rmol o piedra. La misi\u00f3n Stone, a base de agua, garantiza una excelente adherencia y resistencia en el tiempo. [&#8230;]<\/p>\n<p><a class=\"btn btn-secondary understrap-read-more-link\" href=\"https:\/\/www.manetti.com\/es\/producto\/stone-mixtion-para-marmol-y-piedra\/\">Leer m\u00e1s&#8230;<\/a><\/p>\n","protected":false},"featured_media":83944,"template":"","meta":{"_acf_changed":false},"product_brand":[],"product_cat":[389],"product_tag":[187],"product_area":[],"catalog_category":[790,931],"class_list":{"0":"post-83392","1":"product","2":"type-product","3":"status-publish","4":"has-post-thumbnail","6":"product_cat-dorado-al-oleo","7":"product_tag-missioni-es","8":"catalog_category-dorado-en-marmol-y-piedra","9":"catalog_category-dorado-en-marmol-y-piedra-mixtion-y-cola","11":"first","12":"instock","13":"shipping-taxable","14":"purchasable","15":"product-type-variable"},"acf":[],"yoast_head":"<!-- This site is optimized with the Yoast SEO plugin v26.5 - https:\/\/yoast.com\/wordpress\/plugins\/seo\/ -->\n<title>Stone \u2013 Mixti\u00f3n para m\u00e1rmol y piedra | Giusto Manetti Battiloro<\/title>\n<meta name=\"description\" content=\"Adhesivo de secado r\u00e1pido para dorado en interiores y exteriores, ideal para el dorado con metales preciosos en m\u00e1rmol o piedra. La misi\u00f3n Stone, a base\" \/>\n<meta name=\"robots\" content=\"index, follow, max-snippet:-1, max-image-preview:large, max-video-preview:-1\" \/>\n<link rel=\"canonical\" href=\"https:\/\/www.manetti.com\/es\/producto\/stone-mixtion-para-marmol-y-piedra\/\" \/>\n<meta property=\"og:locale\" content=\"es_ES\" \/>\n<meta property=\"og:type\" content=\"article\" \/>\n<meta property=\"og:title\" content=\"Stone \u2013 Mixti\u00f3n para m\u00e1rmol y piedra | Giusto Manetti Battiloro\" \/>\n<meta property=\"og:description\" content=\"Adhesivo de secado r\u00e1pido para dorado en interiores y exteriores, ideal para el dorado con metales preciosos en m\u00e1rmol o piedra. La misi\u00f3n Stone, a base\" \/>\n<meta property=\"og:url\" content=\"https:\/\/www.manetti.com\/es\/producto\/stone-mixtion-para-marmol-y-piedra\/\" \/>\n<meta property=\"og:site_name\" content=\"Giusto Manetti Battiloro\" \/>\n<meta property=\"article:publisher\" content=\"https:\/\/www.facebook.com\/giustomanettibattiloro\" \/>\n<meta property=\"article:modified_time\" content=\"2025-10-03T14:15:04+00:00\" \/>\n<meta property=\"og:image\" content=\"https:\/\/www.manetti.com\/wp-content\/uploads\/2025\/09\/Missione-STONE_2_web_new.png\" \/>\n\t<meta property=\"og:image:width\" content=\"800\" \/>\n\t<meta property=\"og:image:height\" content=\"800\" \/>\n\t<meta property=\"og:image:type\" content=\"image\/png\" \/>\n<meta name=\"twitter:card\" content=\"summary_large_image\" \/>\n<meta name=\"twitter:label1\" content=\"Tiempo de lectura\" \/>\n\t<meta name=\"twitter:data1\" content=\"1 minuto\" \/>\n<script type=\"application\/ld+json\" class=\"yoast-schema-graph\">{\"@context\":\"https:\/\/schema.org\",\"@graph\":[{\"@type\":\"WebPage\",\"@id\":\"https:\/\/www.manetti.com\/es\/producto\/stone-mixtion-para-marmol-y-piedra\/\",\"url\":\"https:\/\/www.manetti.com\/es\/producto\/stone-mixtion-para-marmol-y-piedra\/\",\"name\":\"Stone \u2013 Mixti\u00f3n para m\u00e1rmol y piedra | Giusto Manetti Battiloro\",\"isPartOf\":{\"@id\":\"https:\/\/www.manetti.com\/es\/#website\"},\"primaryImageOfPage\":{\"@id\":\"https:\/\/www.manetti.com\/es\/producto\/stone-mixtion-para-marmol-y-piedra\/#primaryimage\"},\"image\":{\"@id\":\"https:\/\/www.manetti.com\/es\/producto\/stone-mixtion-para-marmol-y-piedra\/#primaryimage\"},\"thumbnailUrl\":\"https:\/\/www.manetti.com\/wp-content\/uploads\/2025\/09\/Missione-STONE_2_web_new.png\",\"datePublished\":\"2025-09-18T12:05:45+00:00\",\"dateModified\":\"2025-10-03T14:15:04+00:00\",\"description\":\"Adhesivo de secado r\u00e1pido para dorado en interiores y exteriores, ideal para el dorado con metales preciosos en m\u00e1rmol o piedra. La misi\u00f3n Stone, a base\",\"inLanguage\":\"es\",\"potentialAction\":[{\"@type\":\"ReadAction\",\"target\":[\"https:\/\/www.manetti.com\/es\/producto\/stone-mixtion-para-marmol-y-piedra\/\"]}]},{\"@type\":\"ImageObject\",\"inLanguage\":\"es\",\"@id\":\"https:\/\/www.manetti.com\/es\/producto\/stone-mixtion-para-marmol-y-piedra\/#primaryimage\",\"url\":\"https:\/\/www.manetti.com\/wp-content\/uploads\/2025\/09\/Missione-STONE_2_web_new.png\",\"contentUrl\":\"https:\/\/www.manetti.com\/wp-content\/uploads\/2025\/09\/Missione-STONE_2_web_new.png\",\"width\":800,\"height\":800},{\"@type\":\"WebSite\",\"@id\":\"https:\/\/www.manetti.com\/es\/#website\",\"url\":\"https:\/\/www.manetti.com\/es\/\",\"name\":\"Giusto Manetti Battiloro\",\"description\":\"\",\"publisher\":{\"@id\":\"https:\/\/www.manetti.com\/es\/#organization\"},\"potentialAction\":[{\"@type\":\"SearchAction\",\"target\":{\"@type\":\"EntryPoint\",\"urlTemplate\":\"https:\/\/www.manetti.com\/es\/?s={search_term_string}\"},\"query-input\":{\"@type\":\"PropertyValueSpecification\",\"valueRequired\":true,\"valueName\":\"search_term_string\"}}],\"inLanguage\":\"es\"},{\"@type\":\"Organization\",\"@id\":\"https:\/\/www.manetti.com\/es\/#organization\",\"name\":\"GIUSTO MANETTI BATTILORO S.P.A.\",\"url\":\"https:\/\/www.manetti.com\/es\/\",\"logo\":{\"@type\":\"ImageObject\",\"inLanguage\":\"es\",\"@id\":\"https:\/\/www.manetti.com\/es\/#\/schema\/logo\/image\/\",\"url\":\"https:\/\/www.manetti.com\/wp-content\/uploads\/2025\/02\/giusto-manetti-blu_300-02.png\",\"contentUrl\":\"https:\/\/www.manetti.com\/wp-content\/uploads\/2025\/02\/giusto-manetti-blu_300-02.png\",\"width\":1123,\"height\":1093,\"caption\":\"GIUSTO MANETTI BATTILORO S.P.A.\"},\"image\":{\"@id\":\"https:\/\/www.manetti.com\/es\/#\/schema\/logo\/image\/\"},\"sameAs\":[\"https:\/\/www.facebook.com\/giustomanettibattiloro\",\"https:\/\/www.instagram.com\/giustomanettibattiloro\/\",\"https:\/\/www.linkedin.com\/company\/giusto-manetti-battiloro-s-p-a-\/\",\"https:\/\/www.youtube.com\/user\/ManettiBattiloro\"]}]}<\/script>\n<!-- \/ Yoast SEO plugin. -->","yoast_head_json":{"title":"Stone \u2013 Mixti\u00f3n para m\u00e1rmol y piedra | Giusto Manetti Battiloro","description":"Adhesivo de secado r\u00e1pido para dorado en interiores y exteriores, ideal para el dorado con metales preciosos en m\u00e1rmol o piedra. La misi\u00f3n Stone, a base","robots":{"index":"index","follow":"follow","max-snippet":"max-snippet:-1","max-image-preview":"max-image-preview:large","max-video-preview":"max-video-preview:-1"},"canonical":"https:\/\/www.manetti.com\/es\/producto\/stone-mixtion-para-marmol-y-piedra\/","og_locale":"es_ES","og_type":"article","og_title":"Stone \u2013 Mixti\u00f3n para m\u00e1rmol y piedra | Giusto Manetti Battiloro","og_description":"Adhesivo de secado r\u00e1pido para dorado en interiores y exteriores, ideal para el dorado con metales preciosos en m\u00e1rmol o piedra. La misi\u00f3n Stone, a base","og_url":"https:\/\/www.manetti.com\/es\/producto\/stone-mixtion-para-marmol-y-piedra\/","og_site_name":"Giusto Manetti Battiloro","article_publisher":"https:\/\/www.facebook.com\/giustomanettibattiloro","article_modified_time":"2025-10-03T14:15:04+00:00","og_image":[{"width":800,"height":800,"url":"https:\/\/www.manetti.com\/wp-content\/uploads\/2025\/09\/Missione-STONE_2_web_new.png","type":"image\/png"}],"twitter_card":"summary_large_image","twitter_misc":{"Tiempo de lectura":"1 minuto"},"schema":{"@context":"https:\/\/schema.org","@graph":[{"@type":"WebPage","@id":"https:\/\/www.manetti.com\/es\/producto\/stone-mixtion-para-marmol-y-piedra\/","url":"https:\/\/www.manetti.com\/es\/producto\/stone-mixtion-para-marmol-y-piedra\/","name":"Stone \u2013 Mixti\u00f3n para m\u00e1rmol y piedra | Giusto Manetti Battiloro","isPartOf":{"@id":"https:\/\/www.manetti.com\/es\/#website"},"primaryImageOfPage":{"@id":"https:\/\/www.manetti.com\/es\/producto\/stone-mixtion-para-marmol-y-piedra\/#primaryimage"},"image":{"@id":"https:\/\/www.manetti.com\/es\/producto\/stone-mixtion-para-marmol-y-piedra\/#primaryimage"},"thumbnailUrl":"https:\/\/www.manetti.com\/wp-content\/uploads\/2025\/09\/Missione-STONE_2_web_new.png","datePublished":"2025-09-18T12:05:45+00:00","dateModified":"2025-10-03T14:15:04+00:00","description":"Adhesivo de secado r\u00e1pido para dorado en interiores y exteriores, ideal para el dorado con metales preciosos en m\u00e1rmol o piedra. La misi\u00f3n Stone, a base","inLanguage":"es","potentialAction":[{"@type":"ReadAction","target":["https:\/\/www.manetti.com\/es\/producto\/stone-mixtion-para-marmol-y-piedra\/"]}]},{"@type":"ImageObject","inLanguage":"es","@id":"https:\/\/www.manetti.com\/es\/producto\/stone-mixtion-para-marmol-y-piedra\/#primaryimage","url":"https:\/\/www.manetti.com\/wp-content\/uploads\/2025\/09\/Missione-STONE_2_web_new.png","contentUrl":"https:\/\/www.manetti.com\/wp-content\/uploads\/2025\/09\/Missione-STONE_2_web_new.png","width":800,"height":800},{"@type":"WebSite","@id":"https:\/\/www.manetti.com\/es\/#website","url":"https:\/\/www.manetti.com\/es\/","name":"Giusto Manetti Battiloro","description":"","publisher":{"@id":"https:\/\/www.manetti.com\/es\/#organization"},"potentialAction":[{"@type":"SearchAction","target":{"@type":"EntryPoint","urlTemplate":"https:\/\/www.manetti.com\/es\/?s={search_term_string}"},"query-input":{"@type":"PropertyValueSpecification","valueRequired":true,"valueName":"search_term_string"}}],"inLanguage":"es"},{"@type":"Organization","@id":"https:\/\/www.manetti.com\/es\/#organization","name":"GIUSTO MANETTI BATTILORO S.P.A.","url":"https:\/\/www.manetti.com\/es\/","logo":{"@type":"ImageObject","inLanguage":"es","@id":"https:\/\/www.manetti.com\/es\/#\/schema\/logo\/image\/","url":"https:\/\/www.manetti.com\/wp-content\/uploads\/2025\/02\/giusto-manetti-blu_300-02.png","contentUrl":"https:\/\/www.manetti.com\/wp-content\/uploads\/2025\/02\/giusto-manetti-blu_300-02.png","width":1123,"height":1093,"caption":"GIUSTO MANETTI BATTILORO S.P.A."},"image":{"@id":"https:\/\/www.manetti.com\/es\/#\/schema\/logo\/image\/"},"sameAs":["https:\/\/www.facebook.com\/giustomanettibattiloro","https:\/\/www.instagram.com\/giustomanettibattiloro\/","https:\/\/www.linkedin.com\/company\/giusto-manetti-battiloro-s-p-a-\/","https:\/\/www.youtube.com\/user\/ManettiBattiloro"]}]}},"_links":{"self":[{"href":"https:\/\/www.manetti.com\/es\/wp-json\/wp\/v2\/product\/83392","targetHints":{"allow":["GET"]}}],"collection":[{"href":"https:\/\/www.manetti.com\/es\/wp-json\/wp\/v2\/product"}],"about":[{"href":"https:\/\/www.manetti.com\/es\/wp-json\/wp\/v2\/types\/product"}],"wp:featuredmedia":[{"embeddable":true,"href":"https:\/\/www.manetti.com\/es\/wp-json\/wp\/v2\/media\/83944"}],"wp:attachment":[{"href":"https:\/\/www.manetti.com\/es\/wp-json\/wp\/v2\/media?parent=83392"}],"wp:term":[{"taxonomy":"product_brand","embeddable":true,"href":"https:\/\/www.manetti.com\/es\/wp-json\/wp\/v2\/product_brand?post=83392"},{"taxonomy":"product_cat","embeddable":true,"href":"https:\/\/www.manetti.com\/es\/wp-json\/wp\/v2\/product_cat?post=83392"},{"taxonomy":"product_tag","embeddable":true,"href":"https:\/\/www.manetti.com\/es\/wp-json\/wp\/v2\/product_tag?post=83392"},{"taxonomy":"product_area","embeddable":true,"href":"https:\/\/www.manetti.com\/es\/wp-json\/wp\/v2\/product_area?post=83392"},{"taxonomy":"catalog_category","embeddable":true,"href":"https:\/\/www.manetti.com\/es\/wp-json\/wp\/v2\/catalog_category?post=83392"}],"curies":[{"name":"wp","href":"https:\/\/api.w.org\/{rel}","templated":true}]}}