{"id":85923,"date":"2026-01-19T11:07:40","date_gmt":"2026-01-19T10:07:40","guid":{"rendered":"https:\/\/www.manetti.com\/?post_type=product&#038;p=85923"},"modified":"2026-04-21T15:24:43","modified_gmt":"2026-04-21T13:24:43","slug":"outdoor-catalizador-componente-2-2","status":"publish","type":"product","link":"https:\/\/www.manetti.com\/es\/producto\/outdoor-catalizador-componente-2-2\/","title":{"rendered":"Outdoor &#8211; Catalizador (componente 2\/2)"},"content":{"rendered":"<p>Catalizador para utilizar en combinaci\u00f3n con la Protecci\u00f3n para exteriores. El porcentaje de catalizaci\u00f3n es del 20 %, es decir, una parte de catalizador por cada cinco partes de protecci\u00f3n. Es importante catalizar \u00fanicamente la cantidad de protecci\u00f3n que se vaya a utilizar, ya que los posibles residuos tender\u00e1n a secarse y a volverse inutilizables.<\/p>\n","protected":false},"excerpt":{"rendered":"<p>Catalizador para utilizar en combinaci\u00f3n con la Protecci\u00f3n para exteriores. El porcentaje de catalizaci\u00f3n es del 20 %, es decir, una parte de catalizador por cada cinco partes de protecci\u00f3n. Es importante catalizar \u00fanicamente la cantidad de protecci\u00f3n que se vaya a utilizar, ya que los posibles residuos tender\u00e1n a secarse y a volverse inutilizables. [&#8230;]<\/p>\n<p><a class=\"btn btn-secondary understrap-read-more-link\" href=\"https:\/\/www.manetti.com\/es\/producto\/outdoor-catalizador-componente-2-2\/\">Leer m\u00e1s&#8230;<\/a><\/p>\n","protected":false},"featured_media":85941,"template":"","meta":{"_acf_changed":false},"product_brand":[],"product_cat":[391,177],"product_tag":[187],"product_area":[],"catalog_category":[790,798,806,847,891,923],"class_list":{"0":"post-85923","1":"product","2":"type-product","3":"status-publish","4":"has-post-thumbnail","6":"product_cat-proteccion","7":"product_cat-productos-para-las-fases-de-dorado","8":"product_tag-missioni-es","9":"catalog_category-dorado-en-marmol-y-piedra","10":"catalog_category-dorado-en-exteriores","11":"catalog_category-dorado-con-hoja-de-oro-en-rollo","12":"catalog_category-dorado-con-hoja-de-oro-en-rollo-proteccion","13":"catalog_category-dorado-en-exteriores-proteccion","14":"catalog_category-dorado-en-marmol-y-piedra-proteccion","16":"first","17":"instock","18":"shipping-taxable","19":"purchasable","20":"product-type-variable"},"acf":[],"yoast_head":"<!-- This site is optimized with the Yoast SEO plugin v26.5 - https:\/\/yoast.com\/wordpress\/plugins\/seo\/ -->\n<title>Outdoor - Catalizador (componente 2\/2) | Giusto Manetti Battiloro<\/title>\n<meta name=\"description\" content=\"Catalizador para utilizar en combinaci\u00f3n con la Protecci\u00f3n para exteriores. El porcentaje de catalizaci\u00f3n es del 20 %, es decir, una parte de catalizador\" \/>\n<meta name=\"robots\" content=\"noindex, nofollow\" \/>\n<meta property=\"og:locale\" content=\"es_ES\" \/>\n<meta property=\"og:type\" content=\"article\" \/>\n<meta property=\"og:title\" content=\"Outdoor - Catalizador (componente 2\/2) | Giusto Manetti Battiloro\" \/>\n<meta property=\"og:description\" content=\"Catalizador para utilizar en combinaci\u00f3n con la Protecci\u00f3n para exteriores. El porcentaje de catalizaci\u00f3n es del 20 %, es decir, una parte de catalizador\" \/>\n<meta property=\"og:url\" content=\"https:\/\/www.manetti.com\/es\/producto\/outdoor-catalizador-componente-2-2\/\" \/>\n<meta property=\"og:site_name\" content=\"Giusto Manetti Battiloro\" \/>\n<meta property=\"article:publisher\" content=\"https:\/\/www.facebook.com\/giustomanettibattiloro\" \/>\n<meta property=\"article:modified_time\" content=\"2026-04-21T13:24:43+00:00\" \/>\n<meta property=\"og:image\" content=\"https:\/\/www.manetti.com\/wp-content\/uploads\/2026\/01\/OUTDOOR-CATALIZZATORE_-WEB-NEW.png\" \/>\n\t<meta property=\"og:image:width\" content=\"900\" \/>\n\t<meta property=\"og:image:height\" content=\"900\" \/>\n\t<meta property=\"og:image:type\" content=\"image\/png\" \/>\n<meta name=\"twitter:card\" content=\"summary_large_image\" \/>\n<meta name=\"twitter:label1\" content=\"Tiempo de lectura\" \/>\n\t<meta name=\"twitter:data1\" content=\"1 minuto\" \/>\n<script type=\"application\/ld+json\" class=\"yoast-schema-graph\">{\"@context\":\"https:\/\/schema.org\",\"@graph\":[{\"@type\":\"WebPage\",\"@id\":\"https:\/\/www.manetti.com\/es\/producto\/outdoor-catalizador-componente-2-2\/\",\"url\":\"https:\/\/www.manetti.com\/es\/producto\/outdoor-catalizador-componente-2-2\/\",\"name\":\"Outdoor - Catalizador (componente 2\/2) | Giusto Manetti Battiloro\",\"isPartOf\":{\"@id\":\"https:\/\/www.manetti.com\/es\/#website\"},\"primaryImageOfPage\":{\"@id\":\"https:\/\/www.manetti.com\/es\/producto\/outdoor-catalizador-componente-2-2\/#primaryimage\"},\"image\":{\"@id\":\"https:\/\/www.manetti.com\/es\/producto\/outdoor-catalizador-componente-2-2\/#primaryimage\"},\"thumbnailUrl\":\"https:\/\/www.manetti.com\/wp-content\/uploads\/2026\/01\/OUTDOOR-CATALIZZATORE_-WEB-NEW.png\",\"datePublished\":\"2026-01-19T10:07:40+00:00\",\"dateModified\":\"2026-04-21T13:24:43+00:00\",\"description\":\"Catalizador para utilizar en combinaci\u00f3n con la Protecci\u00f3n para exteriores. El porcentaje de catalizaci\u00f3n es del 20 %, es decir, una parte de catalizador\",\"inLanguage\":\"es\",\"potentialAction\":[{\"@type\":\"ReadAction\",\"target\":[\"https:\/\/www.manetti.com\/es\/producto\/outdoor-catalizador-componente-2-2\/\"]}]},{\"@type\":\"ImageObject\",\"inLanguage\":\"es\",\"@id\":\"https:\/\/www.manetti.com\/es\/producto\/outdoor-catalizador-componente-2-2\/#primaryimage\",\"url\":\"https:\/\/www.manetti.com\/wp-content\/uploads\/2026\/01\/OUTDOOR-CATALIZZATORE_-WEB-NEW.png\",\"contentUrl\":\"https:\/\/www.manetti.com\/wp-content\/uploads\/2026\/01\/OUTDOOR-CATALIZZATORE_-WEB-NEW.png\",\"width\":900,\"height\":900},{\"@type\":\"WebSite\",\"@id\":\"https:\/\/www.manetti.com\/es\/#website\",\"url\":\"https:\/\/www.manetti.com\/es\/\",\"name\":\"Giusto Manetti Battiloro\",\"description\":\"\",\"publisher\":{\"@id\":\"https:\/\/www.manetti.com\/es\/#organization\"},\"potentialAction\":[{\"@type\":\"SearchAction\",\"target\":{\"@type\":\"EntryPoint\",\"urlTemplate\":\"https:\/\/www.manetti.com\/es\/?s={search_term_string}\"},\"query-input\":{\"@type\":\"PropertyValueSpecification\",\"valueRequired\":true,\"valueName\":\"search_term_string\"}}],\"inLanguage\":\"es\"},{\"@type\":\"Organization\",\"@id\":\"https:\/\/www.manetti.com\/es\/#organization\",\"name\":\"GIUSTO MANETTI BATTILORO S.P.A.\",\"url\":\"https:\/\/www.manetti.com\/es\/\",\"logo\":{\"@type\":\"ImageObject\",\"inLanguage\":\"es\",\"@id\":\"https:\/\/www.manetti.com\/es\/#\/schema\/logo\/image\/\",\"url\":\"https:\/\/www.manetti.com\/wp-content\/uploads\/2025\/02\/giusto-manetti-blu_300-02.png\",\"contentUrl\":\"https:\/\/www.manetti.com\/wp-content\/uploads\/2025\/02\/giusto-manetti-blu_300-02.png\",\"width\":1123,\"height\":1093,\"caption\":\"GIUSTO MANETTI BATTILORO S.P.A.\"},\"image\":{\"@id\":\"https:\/\/www.manetti.com\/es\/#\/schema\/logo\/image\/\"},\"sameAs\":[\"https:\/\/www.facebook.com\/giustomanettibattiloro\",\"https:\/\/www.instagram.com\/giustomanettibattiloro\/\",\"https:\/\/www.linkedin.com\/company\/giusto-manetti-battiloro-s-p-a-\/\",\"https:\/\/www.youtube.com\/user\/ManettiBattiloro\"]}]}<\/script>\n<!-- \/ Yoast SEO plugin. -->","yoast_head_json":{"title":"Outdoor - Catalizador (componente 2\/2) | Giusto Manetti Battiloro","description":"Catalizador para utilizar en combinaci\u00f3n con la Protecci\u00f3n para exteriores. El porcentaje de catalizaci\u00f3n es del 20 %, es decir, una parte de catalizador","robots":{"index":"noindex","follow":"nofollow"},"og_locale":"es_ES","og_type":"article","og_title":"Outdoor - Catalizador (componente 2\/2) | Giusto Manetti Battiloro","og_description":"Catalizador para utilizar en combinaci\u00f3n con la Protecci\u00f3n para exteriores. El porcentaje de catalizaci\u00f3n es del 20 %, es decir, una parte de catalizador","og_url":"https:\/\/www.manetti.com\/es\/producto\/outdoor-catalizador-componente-2-2\/","og_site_name":"Giusto Manetti Battiloro","article_publisher":"https:\/\/www.facebook.com\/giustomanettibattiloro","article_modified_time":"2026-04-21T13:24:43+00:00","og_image":[{"width":900,"height":900,"url":"https:\/\/www.manetti.com\/wp-content\/uploads\/2026\/01\/OUTDOOR-CATALIZZATORE_-WEB-NEW.png","type":"image\/png"}],"twitter_card":"summary_large_image","twitter_misc":{"Tiempo de lectura":"1 minuto"},"schema":{"@context":"https:\/\/schema.org","@graph":[{"@type":"WebPage","@id":"https:\/\/www.manetti.com\/es\/producto\/outdoor-catalizador-componente-2-2\/","url":"https:\/\/www.manetti.com\/es\/producto\/outdoor-catalizador-componente-2-2\/","name":"Outdoor - Catalizador (componente 2\/2) | Giusto Manetti Battiloro","isPartOf":{"@id":"https:\/\/www.manetti.com\/es\/#website"},"primaryImageOfPage":{"@id":"https:\/\/www.manetti.com\/es\/producto\/outdoor-catalizador-componente-2-2\/#primaryimage"},"image":{"@id":"https:\/\/www.manetti.com\/es\/producto\/outdoor-catalizador-componente-2-2\/#primaryimage"},"thumbnailUrl":"https:\/\/www.manetti.com\/wp-content\/uploads\/2026\/01\/OUTDOOR-CATALIZZATORE_-WEB-NEW.png","datePublished":"2026-01-19T10:07:40+00:00","dateModified":"2026-04-21T13:24:43+00:00","description":"Catalizador para utilizar en combinaci\u00f3n con la Protecci\u00f3n para exteriores. El porcentaje de catalizaci\u00f3n es del 20 %, es decir, una parte de catalizador","inLanguage":"es","potentialAction":[{"@type":"ReadAction","target":["https:\/\/www.manetti.com\/es\/producto\/outdoor-catalizador-componente-2-2\/"]}]},{"@type":"ImageObject","inLanguage":"es","@id":"https:\/\/www.manetti.com\/es\/producto\/outdoor-catalizador-componente-2-2\/#primaryimage","url":"https:\/\/www.manetti.com\/wp-content\/uploads\/2026\/01\/OUTDOOR-CATALIZZATORE_-WEB-NEW.png","contentUrl":"https:\/\/www.manetti.com\/wp-content\/uploads\/2026\/01\/OUTDOOR-CATALIZZATORE_-WEB-NEW.png","width":900,"height":900},{"@type":"WebSite","@id":"https:\/\/www.manetti.com\/es\/#website","url":"https:\/\/www.manetti.com\/es\/","name":"Giusto Manetti Battiloro","description":"","publisher":{"@id":"https:\/\/www.manetti.com\/es\/#organization"},"potentialAction":[{"@type":"SearchAction","target":{"@type":"EntryPoint","urlTemplate":"https:\/\/www.manetti.com\/es\/?s={search_term_string}"},"query-input":{"@type":"PropertyValueSpecification","valueRequired":true,"valueName":"search_term_string"}}],"inLanguage":"es"},{"@type":"Organization","@id":"https:\/\/www.manetti.com\/es\/#organization","name":"GIUSTO MANETTI BATTILORO S.P.A.","url":"https:\/\/www.manetti.com\/es\/","logo":{"@type":"ImageObject","inLanguage":"es","@id":"https:\/\/www.manetti.com\/es\/#\/schema\/logo\/image\/","url":"https:\/\/www.manetti.com\/wp-content\/uploads\/2025\/02\/giusto-manetti-blu_300-02.png","contentUrl":"https:\/\/www.manetti.com\/wp-content\/uploads\/2025\/02\/giusto-manetti-blu_300-02.png","width":1123,"height":1093,"caption":"GIUSTO MANETTI BATTILORO S.P.A."},"image":{"@id":"https:\/\/www.manetti.com\/es\/#\/schema\/logo\/image\/"},"sameAs":["https:\/\/www.facebook.com\/giustomanettibattiloro","https:\/\/www.instagram.com\/giustomanettibattiloro\/","https:\/\/www.linkedin.com\/company\/giusto-manetti-battiloro-s-p-a-\/","https:\/\/www.youtube.com\/user\/ManettiBattiloro"]}]}},"_links":{"self":[{"href":"https:\/\/www.manetti.com\/es\/wp-json\/wp\/v2\/product\/85923","targetHints":{"allow":["GET"]}}],"collection":[{"href":"https:\/\/www.manetti.com\/es\/wp-json\/wp\/v2\/product"}],"about":[{"href":"https:\/\/www.manetti.com\/es\/wp-json\/wp\/v2\/types\/product"}],"wp:featuredmedia":[{"embeddable":true,"href":"https:\/\/www.manetti.com\/es\/wp-json\/wp\/v2\/media\/85941"}],"wp:attachment":[{"href":"https:\/\/www.manetti.com\/es\/wp-json\/wp\/v2\/media?parent=85923"}],"wp:term":[{"taxonomy":"product_brand","embeddable":true,"href":"https:\/\/www.manetti.com\/es\/wp-json\/wp\/v2\/product_brand?post=85923"},{"taxonomy":"product_cat","embeddable":true,"href":"https:\/\/www.manetti.com\/es\/wp-json\/wp\/v2\/product_cat?post=85923"},{"taxonomy":"product_tag","embeddable":true,"href":"https:\/\/www.manetti.com\/es\/wp-json\/wp\/v2\/product_tag?post=85923"},{"taxonomy":"product_area","embeddable":true,"href":"https:\/\/www.manetti.com\/es\/wp-json\/wp\/v2\/product_area?post=85923"},{"taxonomy":"catalog_category","embeddable":true,"href":"https:\/\/www.manetti.com\/es\/wp-json\/wp\/v2\/catalog_category?post=85923"}],"curies":[{"name":"wp","href":"https:\/\/api.w.org\/{rel}","templated":true}]}}