{"id":86292,"date":"2026-01-20T10:22:07","date_gmt":"2026-01-20T09:22:07","guid":{"rendered":"https:\/\/www.manetti.com\/?post_type=product&#038;p=86292"},"modified":"2026-02-05T11:13:18","modified_gmt":"2026-02-05T10:13:18","slug":"smooth-preparacion-para-superficies-lisas","status":"publish","type":"product","link":"https:\/\/www.manetti.com\/es\/shop\/smooth-preparacion-para-superficies-lisas\/","title":{"rendered":"Smooth &#8211; Preparaci\u00f3n para superficies lisas"},"content":{"rendered":"<p>Adhesivo a base de agua para doradura en interiores sobre sustratos impermeables, como vidrio, pl\u00e1stico o cer\u00e1mica.<br \/>\nRecomendado para doraduras con metales preciosos, reproduce fielmente las caracter\u00edsticas de una preparaci\u00f3n a base de solvente sin ser inflamable ni peligrosa.<\/p>\n","protected":false},"excerpt":{"rendered":"<p>Adhesivo a base de agua para doradura en interiores sobre sustratos impermeables, como vidrio, pl\u00e1stico o cer\u00e1mica. Recomendado para doraduras con metales preciosos, reproduce fielmente las caracter\u00edsticas de una preparaci\u00f3n a base de solvente sin ser inflamable ni peligrosa. [&#8230;]<\/p>\n<p><a class=\"btn btn-secondary understrap-read-more-link\" href=\"https:\/\/www.manetti.com\/es\/shop\/smooth-preparacion-para-superficies-lisas\/\">Leer m\u00e1s&#8230;<\/a><\/p>\n","protected":false},"featured_media":86243,"template":"","meta":{"_acf_changed":false},"product_brand":[],"product_cat":[389],"product_tag":[187],"product_area":[569,605],"catalog_category":[],"class_list":{"0":"post-86292","1":"product","2":"type-product","3":"status-publish","4":"has-post-thumbnail","6":"product_cat-dorado-al-oleo","7":"product_tag-missioni-es","8":"product_area-rotulacion","9":"product_area-rotulacion-mixtion-cola","11":"first","12":"instock","13":"shipping-taxable","14":"purchasable","15":"product-type-variable"},"acf":[],"yoast_head":"<!-- This site is optimized with the Yoast SEO plugin v26.5 - https:\/\/yoast.com\/wordpress\/plugins\/seo\/ -->\n<title>Smooth - Preparaci\u00f3n para superficies lisas | Giusto Manetti Battiloro<\/title>\n<meta name=\"description\" content=\"Adhesivo a base de agua para doradura en interiores sobre sustratos impermeables, como vidrio, pl\u00e1stico o cer\u00e1mica. Recomendado para doraduras con metales\" \/>\n<meta name=\"robots\" content=\"noindex, nofollow\" \/>\n<meta property=\"og:locale\" content=\"es_ES\" \/>\n<meta property=\"og:type\" content=\"article\" \/>\n<meta property=\"og:title\" content=\"Smooth - Preparaci\u00f3n para superficies lisas | Giusto Manetti Battiloro\" \/>\n<meta property=\"og:description\" content=\"Adhesivo a base de agua para doradura en interiores sobre sustratos impermeables, como vidrio, pl\u00e1stico o cer\u00e1mica. Recomendado para doraduras con metales\" \/>\n<meta property=\"og:url\" content=\"https:\/\/www.manetti.com\/es\/shop\/smooth-preparacion-para-superficies-lisas\/\" \/>\n<meta property=\"og:site_name\" content=\"Giusto Manetti Battiloro\" \/>\n<meta property=\"article:publisher\" content=\"https:\/\/www.facebook.com\/giustomanettibattiloro\" \/>\n<meta property=\"article:modified_time\" content=\"2026-02-05T10:13:18+00:00\" \/>\n<meta property=\"og:image\" content=\"https:\/\/www.manetti.com\/wp-content\/uploads\/2026\/01\/Missione-Smooth_web-new.png\" \/>\n\t<meta property=\"og:image:width\" content=\"900\" \/>\n\t<meta property=\"og:image:height\" content=\"900\" \/>\n\t<meta property=\"og:image:type\" content=\"image\/png\" \/>\n<meta name=\"twitter:card\" content=\"summary_large_image\" \/>\n<meta name=\"twitter:label1\" content=\"Tiempo de lectura\" \/>\n\t<meta name=\"twitter:data1\" content=\"1 minuto\" \/>\n<script type=\"application\/ld+json\" class=\"yoast-schema-graph\">{\"@context\":\"https:\/\/schema.org\",\"@graph\":[{\"@type\":\"WebPage\",\"@id\":\"https:\/\/www.manetti.com\/es\/shop\/smooth-preparacion-para-superficies-lisas\/\",\"url\":\"https:\/\/www.manetti.com\/es\/shop\/smooth-preparacion-para-superficies-lisas\/\",\"name\":\"Smooth - Preparaci\u00f3n para superficies lisas | Giusto Manetti Battiloro\",\"isPartOf\":{\"@id\":\"https:\/\/www.manetti.com\/es\/#website\"},\"primaryImageOfPage\":{\"@id\":\"https:\/\/www.manetti.com\/es\/shop\/smooth-preparacion-para-superficies-lisas\/#primaryimage\"},\"image\":{\"@id\":\"https:\/\/www.manetti.com\/es\/shop\/smooth-preparacion-para-superficies-lisas\/#primaryimage\"},\"thumbnailUrl\":\"https:\/\/www.manetti.com\/wp-content\/uploads\/2026\/01\/Missione-Smooth_web-new.png\",\"datePublished\":\"2026-01-20T09:22:07+00:00\",\"dateModified\":\"2026-02-05T10:13:18+00:00\",\"description\":\"Adhesivo a base de agua para doradura en interiores sobre sustratos impermeables, como vidrio, pl\u00e1stico o cer\u00e1mica. Recomendado para doraduras con metales\",\"inLanguage\":\"es\",\"potentialAction\":[{\"@type\":\"ReadAction\",\"target\":[\"https:\/\/www.manetti.com\/es\/shop\/smooth-preparacion-para-superficies-lisas\/\"]}]},{\"@type\":\"ImageObject\",\"inLanguage\":\"es\",\"@id\":\"https:\/\/www.manetti.com\/es\/shop\/smooth-preparacion-para-superficies-lisas\/#primaryimage\",\"url\":\"https:\/\/www.manetti.com\/wp-content\/uploads\/2026\/01\/Missione-Smooth_web-new.png\",\"contentUrl\":\"https:\/\/www.manetti.com\/wp-content\/uploads\/2026\/01\/Missione-Smooth_web-new.png\",\"width\":900,\"height\":900},{\"@type\":\"WebSite\",\"@id\":\"https:\/\/www.manetti.com\/es\/#website\",\"url\":\"https:\/\/www.manetti.com\/es\/\",\"name\":\"Giusto Manetti Battiloro\",\"description\":\"\",\"publisher\":{\"@id\":\"https:\/\/www.manetti.com\/es\/#organization\"},\"potentialAction\":[{\"@type\":\"SearchAction\",\"target\":{\"@type\":\"EntryPoint\",\"urlTemplate\":\"https:\/\/www.manetti.com\/es\/?s={search_term_string}\"},\"query-input\":{\"@type\":\"PropertyValueSpecification\",\"valueRequired\":true,\"valueName\":\"search_term_string\"}}],\"inLanguage\":\"es\"},{\"@type\":\"Organization\",\"@id\":\"https:\/\/www.manetti.com\/es\/#organization\",\"name\":\"GIUSTO MANETTI BATTILORO S.P.A.\",\"url\":\"https:\/\/www.manetti.com\/es\/\",\"logo\":{\"@type\":\"ImageObject\",\"inLanguage\":\"es\",\"@id\":\"https:\/\/www.manetti.com\/es\/#\/schema\/logo\/image\/\",\"url\":\"https:\/\/www.manetti.com\/wp-content\/uploads\/2025\/02\/giusto-manetti-blu_300-02.png\",\"contentUrl\":\"https:\/\/www.manetti.com\/wp-content\/uploads\/2025\/02\/giusto-manetti-blu_300-02.png\",\"width\":1123,\"height\":1093,\"caption\":\"GIUSTO MANETTI BATTILORO S.P.A.\"},\"image\":{\"@id\":\"https:\/\/www.manetti.com\/es\/#\/schema\/logo\/image\/\"},\"sameAs\":[\"https:\/\/www.facebook.com\/giustomanettibattiloro\",\"https:\/\/www.instagram.com\/giustomanettibattiloro\/\",\"https:\/\/www.linkedin.com\/company\/giusto-manetti-battiloro-s-p-a-\/\",\"https:\/\/www.youtube.com\/user\/ManettiBattiloro\"]}]}<\/script>\n<!-- \/ Yoast SEO plugin. -->","yoast_head_json":{"title":"Smooth - Preparaci\u00f3n para superficies lisas | Giusto Manetti Battiloro","description":"Adhesivo a base de agua para doradura en interiores sobre sustratos impermeables, como vidrio, pl\u00e1stico o cer\u00e1mica. Recomendado para doraduras con metales","robots":{"index":"noindex","follow":"nofollow"},"og_locale":"es_ES","og_type":"article","og_title":"Smooth - Preparaci\u00f3n para superficies lisas | Giusto Manetti Battiloro","og_description":"Adhesivo a base de agua para doradura en interiores sobre sustratos impermeables, como vidrio, pl\u00e1stico o cer\u00e1mica. Recomendado para doraduras con metales","og_url":"https:\/\/www.manetti.com\/es\/shop\/smooth-preparacion-para-superficies-lisas\/","og_site_name":"Giusto Manetti Battiloro","article_publisher":"https:\/\/www.facebook.com\/giustomanettibattiloro","article_modified_time":"2026-02-05T10:13:18+00:00","og_image":[{"width":900,"height":900,"url":"https:\/\/www.manetti.com\/wp-content\/uploads\/2026\/01\/Missione-Smooth_web-new.png","type":"image\/png"}],"twitter_card":"summary_large_image","twitter_misc":{"Tiempo de lectura":"1 minuto"},"schema":{"@context":"https:\/\/schema.org","@graph":[{"@type":"WebPage","@id":"https:\/\/www.manetti.com\/es\/shop\/smooth-preparacion-para-superficies-lisas\/","url":"https:\/\/www.manetti.com\/es\/shop\/smooth-preparacion-para-superficies-lisas\/","name":"Smooth - Preparaci\u00f3n para superficies lisas | Giusto Manetti Battiloro","isPartOf":{"@id":"https:\/\/www.manetti.com\/es\/#website"},"primaryImageOfPage":{"@id":"https:\/\/www.manetti.com\/es\/shop\/smooth-preparacion-para-superficies-lisas\/#primaryimage"},"image":{"@id":"https:\/\/www.manetti.com\/es\/shop\/smooth-preparacion-para-superficies-lisas\/#primaryimage"},"thumbnailUrl":"https:\/\/www.manetti.com\/wp-content\/uploads\/2026\/01\/Missione-Smooth_web-new.png","datePublished":"2026-01-20T09:22:07+00:00","dateModified":"2026-02-05T10:13:18+00:00","description":"Adhesivo a base de agua para doradura en interiores sobre sustratos impermeables, como vidrio, pl\u00e1stico o cer\u00e1mica. Recomendado para doraduras con metales","inLanguage":"es","potentialAction":[{"@type":"ReadAction","target":["https:\/\/www.manetti.com\/es\/shop\/smooth-preparacion-para-superficies-lisas\/"]}]},{"@type":"ImageObject","inLanguage":"es","@id":"https:\/\/www.manetti.com\/es\/shop\/smooth-preparacion-para-superficies-lisas\/#primaryimage","url":"https:\/\/www.manetti.com\/wp-content\/uploads\/2026\/01\/Missione-Smooth_web-new.png","contentUrl":"https:\/\/www.manetti.com\/wp-content\/uploads\/2026\/01\/Missione-Smooth_web-new.png","width":900,"height":900},{"@type":"WebSite","@id":"https:\/\/www.manetti.com\/es\/#website","url":"https:\/\/www.manetti.com\/es\/","name":"Giusto Manetti Battiloro","description":"","publisher":{"@id":"https:\/\/www.manetti.com\/es\/#organization"},"potentialAction":[{"@type":"SearchAction","target":{"@type":"EntryPoint","urlTemplate":"https:\/\/www.manetti.com\/es\/?s={search_term_string}"},"query-input":{"@type":"PropertyValueSpecification","valueRequired":true,"valueName":"search_term_string"}}],"inLanguage":"es"},{"@type":"Organization","@id":"https:\/\/www.manetti.com\/es\/#organization","name":"GIUSTO MANETTI BATTILORO S.P.A.","url":"https:\/\/www.manetti.com\/es\/","logo":{"@type":"ImageObject","inLanguage":"es","@id":"https:\/\/www.manetti.com\/es\/#\/schema\/logo\/image\/","url":"https:\/\/www.manetti.com\/wp-content\/uploads\/2025\/02\/giusto-manetti-blu_300-02.png","contentUrl":"https:\/\/www.manetti.com\/wp-content\/uploads\/2025\/02\/giusto-manetti-blu_300-02.png","width":1123,"height":1093,"caption":"GIUSTO MANETTI BATTILORO S.P.A."},"image":{"@id":"https:\/\/www.manetti.com\/es\/#\/schema\/logo\/image\/"},"sameAs":["https:\/\/www.facebook.com\/giustomanettibattiloro","https:\/\/www.instagram.com\/giustomanettibattiloro\/","https:\/\/www.linkedin.com\/company\/giusto-manetti-battiloro-s-p-a-\/","https:\/\/www.youtube.com\/user\/ManettiBattiloro"]}]}},"_links":{"self":[{"href":"https:\/\/www.manetti.com\/es\/wp-json\/wp\/v2\/product\/86292","targetHints":{"allow":["GET"]}}],"collection":[{"href":"https:\/\/www.manetti.com\/es\/wp-json\/wp\/v2\/product"}],"about":[{"href":"https:\/\/www.manetti.com\/es\/wp-json\/wp\/v2\/types\/product"}],"wp:featuredmedia":[{"embeddable":true,"href":"https:\/\/www.manetti.com\/es\/wp-json\/wp\/v2\/media\/86243"}],"wp:attachment":[{"href":"https:\/\/www.manetti.com\/es\/wp-json\/wp\/v2\/media?parent=86292"}],"wp:term":[{"taxonomy":"product_brand","embeddable":true,"href":"https:\/\/www.manetti.com\/es\/wp-json\/wp\/v2\/product_brand?post=86292"},{"taxonomy":"product_cat","embeddable":true,"href":"https:\/\/www.manetti.com\/es\/wp-json\/wp\/v2\/product_cat?post=86292"},{"taxonomy":"product_tag","embeddable":true,"href":"https:\/\/www.manetti.com\/es\/wp-json\/wp\/v2\/product_tag?post=86292"},{"taxonomy":"product_area","embeddable":true,"href":"https:\/\/www.manetti.com\/es\/wp-json\/wp\/v2\/product_area?post=86292"},{"taxonomy":"catalog_category","embeddable":true,"href":"https:\/\/www.manetti.com\/es\/wp-json\/wp\/v2\/catalog_category?post=86292"}],"curies":[{"name":"wp","href":"https:\/\/api.w.org\/{rel}","templated":true}]}}