{"id":87183,"date":"2026-02-10T10:07:27","date_gmt":"2026-02-10T09:07:27","guid":{"rendered":"https:\/\/www.manetti.com\/?post_type=product&#038;p=87183"},"modified":"2026-02-13T16:12:45","modified_gmt":"2026-02-13T15:12:45","slug":"pan-de-oro-en-libro-80x80-mm-16-gramos-oro-amarillo-24-kt-copia","status":"publish","type":"product","link":"https:\/\/www.manetti.com\/es\/shop\/pan-de-oro-en-libro-80x80-mm-14-gramos-oro-rojo-23-kt\/","title":{"rendered":"Pan de oro en libro \u2013 80&#215;80 mm \u2013 14 gramos &#8211; Oro Rojo 23 kt"},"content":{"rendered":"<p>Se trata de un estuche que contiene un \u00fanico librito de 5 o 25 hojas, en formato suelto o de transferencia. El grosor se indica con su peso relativo y es de 16 gramos por cada 1000 hojas.<\/p>\n<p>La <strong>hoja suelta<\/strong> se emplea siempre para la decoraci\u00f3n de <strong>superficies con incrustaciones<\/strong>. En ocasiones se emplea tambi\u00e9n en la decoraci\u00f3n de superficies lisas all\u00ed donde el dorador prefiere su uso respecto de la hoja de calco.<\/p>\n<p>La <strong>hoja de calco<\/strong> se diferencia de aquella suelta porque est\u00e1 apoyada sobre un papel de seda, que sobresale y se puede extraer del librillo, con el fin de facilitar y agilizar la toma y aplicaci\u00f3n. Este formato se aplica siempre con la t\u00e9cnica de dorado a mixti\u00f3n y se recomienda exclusivamente para la decoraci\u00f3n de <strong>superficies lisas<\/strong> o para dorados a realizar en exterior.<\/p>\n","protected":false},"excerpt":{"rendered":"<p>Se trata de un estuche que contiene un \u00fanico librito de 5 o 25 hojas, en formato suelto o de transferencia. El grosor se indica con su peso relativo y es de 16 gramos por cada 1000 hojas. La hoja suelta se emplea siempre para la decoraci\u00f3n de superficies con incrustaciones. En ocasiones se emplea [&#8230;]<\/p>\n<p><a class=\"btn btn-secondary understrap-read-more-link\" href=\"https:\/\/www.manetti.com\/es\/shop\/pan-de-oro-en-libro-80x80-mm-14-gramos-oro-rojo-23-kt\/\">Leer m\u00e1s&#8230;<\/a><\/p>\n","protected":false},"featured_media":87197,"template":"","meta":{"_acf_changed":false},"product_brand":[],"product_cat":[166],"product_tag":[167,1018],"product_area":[561,609],"catalog_category":[],"class_list":{"0":"post-87183","1":"product","2":"type-product","3":"status-publish","4":"has-post-thumbnail","6":"product_cat-pan-de-oro-genuino","7":"product_tag-prodotti-speciali-es","8":"product_tag-metal-precioso","9":"product_area-dorado-y-restauracion","10":"product_area-dorado-y-restauracion-hojas-de-oro-y-plata","12":"first","13":"instock","14":"shipping-taxable","15":"purchasable","16":"product-type-variable"},"acf":[],"yoast_head":"<!-- This site is optimized with the Yoast SEO plugin v26.5 - https:\/\/yoast.com\/wordpress\/plugins\/seo\/ -->\n<title>Pan de oro en libro \u2013 80x80 mm \u2013 14 gramos \u2013 Oro Rojo 23 kt<\/title>\n<meta name=\"description\" content=\"El pan de oro en un solo libro es una novedad absoluta para la venta al por menor y la distribuci\u00f3n en el mundo del dorado.\" \/>\n<meta name=\"robots\" content=\"index, follow, max-snippet:-1, max-image-preview:large, max-video-preview:-1\" \/>\n<link rel=\"canonical\" href=\"https:\/\/www.manetti.com\/es\/shop\/pan-de-oro-en-libro-80x80-mm-14-gramos-oro-rojo-23-kt\/\" \/>\n<meta property=\"og:locale\" content=\"es_ES\" \/>\n<meta property=\"og:type\" content=\"article\" \/>\n<meta property=\"og:title\" content=\"Pan de oro en libro \u2013 80x80 mm \u2013 14 gramos \u2013 Oro Rojo 23 kt\" \/>\n<meta property=\"og:description\" content=\"El pan de oro en un solo libro es una novedad absoluta para la venta al por menor y la distribuci\u00f3n en el mundo del dorado.\" \/>\n<meta property=\"og:url\" content=\"https:\/\/www.manetti.com\/es\/shop\/pan-de-oro-en-libro-80x80-mm-14-gramos-oro-rojo-23-kt\/\" \/>\n<meta property=\"og:site_name\" content=\"Giusto Manetti Battiloro\" \/>\n<meta property=\"article:publisher\" content=\"https:\/\/www.facebook.com\/giustomanettibattiloro\" \/>\n<meta property=\"article:modified_time\" content=\"2026-02-13T15:12:45+00:00\" \/>\n<meta property=\"og:image\" content=\"https:\/\/www.manetti.com\/wp-content\/uploads\/2026\/02\/23kt-red-gold_libera_2026_web.png\" \/>\n\t<meta property=\"og:image:width\" content=\"900\" \/>\n\t<meta property=\"og:image:height\" content=\"900\" \/>\n\t<meta property=\"og:image:type\" content=\"image\/png\" \/>\n<meta name=\"twitter:card\" content=\"summary_large_image\" \/>\n<meta name=\"twitter:label1\" content=\"Tiempo de lectura\" \/>\n\t<meta name=\"twitter:data1\" content=\"1 minuto\" \/>\n<script type=\"application\/ld+json\" class=\"yoast-schema-graph\">{\"@context\":\"https:\/\/schema.org\",\"@graph\":[{\"@type\":\"WebPage\",\"@id\":\"https:\/\/www.manetti.com\/es\/shop\/pan-de-oro-en-libro-80x80-mm-14-gramos-oro-rojo-23-kt\/\",\"url\":\"https:\/\/www.manetti.com\/es\/shop\/pan-de-oro-en-libro-80x80-mm-14-gramos-oro-rojo-23-kt\/\",\"name\":\"Pan de oro en libro \u2013 80x80 mm \u2013 14 gramos \u2013 Oro Rojo 23 kt\",\"isPartOf\":{\"@id\":\"https:\/\/www.manetti.com\/es\/#website\"},\"primaryImageOfPage\":{\"@id\":\"https:\/\/www.manetti.com\/es\/shop\/pan-de-oro-en-libro-80x80-mm-14-gramos-oro-rojo-23-kt\/#primaryimage\"},\"image\":{\"@id\":\"https:\/\/www.manetti.com\/es\/shop\/pan-de-oro-en-libro-80x80-mm-14-gramos-oro-rojo-23-kt\/#primaryimage\"},\"thumbnailUrl\":\"https:\/\/www.manetti.com\/wp-content\/uploads\/2026\/02\/23kt-red-gold_libera_2026_web.png\",\"datePublished\":\"2026-02-10T09:07:27+00:00\",\"dateModified\":\"2026-02-13T15:12:45+00:00\",\"description\":\"El pan de oro en un solo libro es una novedad absoluta para la venta al por menor y la distribuci\u00f3n en el mundo del dorado.\",\"inLanguage\":\"es\",\"potentialAction\":[{\"@type\":\"ReadAction\",\"target\":[\"https:\/\/www.manetti.com\/es\/shop\/pan-de-oro-en-libro-80x80-mm-14-gramos-oro-rojo-23-kt\/\"]}]},{\"@type\":\"ImageObject\",\"inLanguage\":\"es\",\"@id\":\"https:\/\/www.manetti.com\/es\/shop\/pan-de-oro-en-libro-80x80-mm-14-gramos-oro-rojo-23-kt\/#primaryimage\",\"url\":\"https:\/\/www.manetti.com\/wp-content\/uploads\/2026\/02\/23kt-red-gold_libera_2026_web.png\",\"contentUrl\":\"https:\/\/www.manetti.com\/wp-content\/uploads\/2026\/02\/23kt-red-gold_libera_2026_web.png\",\"width\":900,\"height\":900},{\"@type\":\"WebSite\",\"@id\":\"https:\/\/www.manetti.com\/es\/#website\",\"url\":\"https:\/\/www.manetti.com\/es\/\",\"name\":\"Giusto Manetti Battiloro\",\"description\":\"\",\"publisher\":{\"@id\":\"https:\/\/www.manetti.com\/es\/#organization\"},\"potentialAction\":[{\"@type\":\"SearchAction\",\"target\":{\"@type\":\"EntryPoint\",\"urlTemplate\":\"https:\/\/www.manetti.com\/es\/?s={search_term_string}\"},\"query-input\":{\"@type\":\"PropertyValueSpecification\",\"valueRequired\":true,\"valueName\":\"search_term_string\"}}],\"inLanguage\":\"es\"},{\"@type\":\"Organization\",\"@id\":\"https:\/\/www.manetti.com\/es\/#organization\",\"name\":\"GIUSTO MANETTI BATTILORO S.P.A.\",\"url\":\"https:\/\/www.manetti.com\/es\/\",\"logo\":{\"@type\":\"ImageObject\",\"inLanguage\":\"es\",\"@id\":\"https:\/\/www.manetti.com\/es\/#\/schema\/logo\/image\/\",\"url\":\"https:\/\/www.manetti.com\/wp-content\/uploads\/2025\/02\/giusto-manetti-blu_300-02.png\",\"contentUrl\":\"https:\/\/www.manetti.com\/wp-content\/uploads\/2025\/02\/giusto-manetti-blu_300-02.png\",\"width\":1123,\"height\":1093,\"caption\":\"GIUSTO MANETTI BATTILORO S.P.A.\"},\"image\":{\"@id\":\"https:\/\/www.manetti.com\/es\/#\/schema\/logo\/image\/\"},\"sameAs\":[\"https:\/\/www.facebook.com\/giustomanettibattiloro\",\"https:\/\/www.instagram.com\/giustomanettibattiloro\/\",\"https:\/\/www.linkedin.com\/company\/giusto-manetti-battiloro-s-p-a-\/\",\"https:\/\/www.youtube.com\/user\/ManettiBattiloro\"]}]}<\/script>\n<!-- \/ Yoast SEO plugin. -->","yoast_head_json":{"title":"Pan de oro en libro \u2013 80x80 mm \u2013 14 gramos \u2013 Oro Rojo 23 kt","description":"El pan de oro en un solo libro es una novedad absoluta para la venta al por menor y la distribuci\u00f3n en el mundo del dorado.","robots":{"index":"index","follow":"follow","max-snippet":"max-snippet:-1","max-image-preview":"max-image-preview:large","max-video-preview":"max-video-preview:-1"},"canonical":"https:\/\/www.manetti.com\/es\/shop\/pan-de-oro-en-libro-80x80-mm-14-gramos-oro-rojo-23-kt\/","og_locale":"es_ES","og_type":"article","og_title":"Pan de oro en libro \u2013 80x80 mm \u2013 14 gramos \u2013 Oro Rojo 23 kt","og_description":"El pan de oro en un solo libro es una novedad absoluta para la venta al por menor y la distribuci\u00f3n en el mundo del dorado.","og_url":"https:\/\/www.manetti.com\/es\/shop\/pan-de-oro-en-libro-80x80-mm-14-gramos-oro-rojo-23-kt\/","og_site_name":"Giusto Manetti Battiloro","article_publisher":"https:\/\/www.facebook.com\/giustomanettibattiloro","article_modified_time":"2026-02-13T15:12:45+00:00","og_image":[{"width":900,"height":900,"url":"https:\/\/www.manetti.com\/wp-content\/uploads\/2026\/02\/23kt-red-gold_libera_2026_web.png","type":"image\/png"}],"twitter_card":"summary_large_image","twitter_misc":{"Tiempo de lectura":"1 minuto"},"schema":{"@context":"https:\/\/schema.org","@graph":[{"@type":"WebPage","@id":"https:\/\/www.manetti.com\/es\/shop\/pan-de-oro-en-libro-80x80-mm-14-gramos-oro-rojo-23-kt\/","url":"https:\/\/www.manetti.com\/es\/shop\/pan-de-oro-en-libro-80x80-mm-14-gramos-oro-rojo-23-kt\/","name":"Pan de oro en libro \u2013 80x80 mm \u2013 14 gramos \u2013 Oro Rojo 23 kt","isPartOf":{"@id":"https:\/\/www.manetti.com\/es\/#website"},"primaryImageOfPage":{"@id":"https:\/\/www.manetti.com\/es\/shop\/pan-de-oro-en-libro-80x80-mm-14-gramos-oro-rojo-23-kt\/#primaryimage"},"image":{"@id":"https:\/\/www.manetti.com\/es\/shop\/pan-de-oro-en-libro-80x80-mm-14-gramos-oro-rojo-23-kt\/#primaryimage"},"thumbnailUrl":"https:\/\/www.manetti.com\/wp-content\/uploads\/2026\/02\/23kt-red-gold_libera_2026_web.png","datePublished":"2026-02-10T09:07:27+00:00","dateModified":"2026-02-13T15:12:45+00:00","description":"El pan de oro en un solo libro es una novedad absoluta para la venta al por menor y la distribuci\u00f3n en el mundo del dorado.","inLanguage":"es","potentialAction":[{"@type":"ReadAction","target":["https:\/\/www.manetti.com\/es\/shop\/pan-de-oro-en-libro-80x80-mm-14-gramos-oro-rojo-23-kt\/"]}]},{"@type":"ImageObject","inLanguage":"es","@id":"https:\/\/www.manetti.com\/es\/shop\/pan-de-oro-en-libro-80x80-mm-14-gramos-oro-rojo-23-kt\/#primaryimage","url":"https:\/\/www.manetti.com\/wp-content\/uploads\/2026\/02\/23kt-red-gold_libera_2026_web.png","contentUrl":"https:\/\/www.manetti.com\/wp-content\/uploads\/2026\/02\/23kt-red-gold_libera_2026_web.png","width":900,"height":900},{"@type":"WebSite","@id":"https:\/\/www.manetti.com\/es\/#website","url":"https:\/\/www.manetti.com\/es\/","name":"Giusto Manetti Battiloro","description":"","publisher":{"@id":"https:\/\/www.manetti.com\/es\/#organization"},"potentialAction":[{"@type":"SearchAction","target":{"@type":"EntryPoint","urlTemplate":"https:\/\/www.manetti.com\/es\/?s={search_term_string}"},"query-input":{"@type":"PropertyValueSpecification","valueRequired":true,"valueName":"search_term_string"}}],"inLanguage":"es"},{"@type":"Organization","@id":"https:\/\/www.manetti.com\/es\/#organization","name":"GIUSTO MANETTI BATTILORO S.P.A.","url":"https:\/\/www.manetti.com\/es\/","logo":{"@type":"ImageObject","inLanguage":"es","@id":"https:\/\/www.manetti.com\/es\/#\/schema\/logo\/image\/","url":"https:\/\/www.manetti.com\/wp-content\/uploads\/2025\/02\/giusto-manetti-blu_300-02.png","contentUrl":"https:\/\/www.manetti.com\/wp-content\/uploads\/2025\/02\/giusto-manetti-blu_300-02.png","width":1123,"height":1093,"caption":"GIUSTO MANETTI BATTILORO S.P.A."},"image":{"@id":"https:\/\/www.manetti.com\/es\/#\/schema\/logo\/image\/"},"sameAs":["https:\/\/www.facebook.com\/giustomanettibattiloro","https:\/\/www.instagram.com\/giustomanettibattiloro\/","https:\/\/www.linkedin.com\/company\/giusto-manetti-battiloro-s-p-a-\/","https:\/\/www.youtube.com\/user\/ManettiBattiloro"]}]}},"_links":{"self":[{"href":"https:\/\/www.manetti.com\/es\/wp-json\/wp\/v2\/product\/87183","targetHints":{"allow":["GET"]}}],"collection":[{"href":"https:\/\/www.manetti.com\/es\/wp-json\/wp\/v2\/product"}],"about":[{"href":"https:\/\/www.manetti.com\/es\/wp-json\/wp\/v2\/types\/product"}],"wp:featuredmedia":[{"embeddable":true,"href":"https:\/\/www.manetti.com\/es\/wp-json\/wp\/v2\/media\/87197"}],"wp:attachment":[{"href":"https:\/\/www.manetti.com\/es\/wp-json\/wp\/v2\/media?parent=87183"}],"wp:term":[{"taxonomy":"product_brand","embeddable":true,"href":"https:\/\/www.manetti.com\/es\/wp-json\/wp\/v2\/product_brand?post=87183"},{"taxonomy":"product_cat","embeddable":true,"href":"https:\/\/www.manetti.com\/es\/wp-json\/wp\/v2\/product_cat?post=87183"},{"taxonomy":"product_tag","embeddable":true,"href":"https:\/\/www.manetti.com\/es\/wp-json\/wp\/v2\/product_tag?post=87183"},{"taxonomy":"product_area","embeddable":true,"href":"https:\/\/www.manetti.com\/es\/wp-json\/wp\/v2\/product_area?post=87183"},{"taxonomy":"catalog_category","embeddable":true,"href":"https:\/\/www.manetti.com\/es\/wp-json\/wp\/v2\/catalog_category?post=87183"}],"curies":[{"name":"wp","href":"https:\/\/api.w.org\/{rel}","templated":true}]}}