{"id":87403,"date":"2026-02-10T15:50:05","date_gmt":"2026-02-10T14:50:05","guid":{"rendered":"https:\/\/www.manetti.com\/?post_type=product&#038;p=87403"},"modified":"2026-02-13T16:37:18","modified_gmt":"2026-02-13T15:37:18","slug":"hoja-de-imitacion-en-rollo-copia","status":"publish","type":"product","link":"https:\/\/www.manetti.com\/es\/shop\/hoja-de-imitacion-en-rollo-15-cm-x-50-mt\/","title":{"rendered":"Hoja de imitaci\u00f3n en rollo &#8211; 15 cm x 50 mt"},"content":{"rendered":"<p>Las hojas se aplican de forma continua en papel de seda, obteniendo <strong>rollos de una altura de 15 cm y una largura est\u00e1ndar de 50 metros<\/strong>. La hoja de oro de imitaci\u00f3n en rollo es <strong>ideal para aplicarla en grandes superficies planas con la t\u00e9cnica a mordiente<\/strong>. Seg\u00fan las exigencias en la fase de doradura, se puede cortar el rollo a lo largo con las tijeras, con la prudencia de hacerlo con la superposici\u00f3n entre dos hojas. <strong>Podemos suministrar el rollo con un largo est\u00e1ndar de 50 metros ya cortado en altura seg\u00fan las medidas deseadas, a partir de un m\u00ednimo de 10 mil\u00edmetros<\/strong>.<\/p>\n<div class=\"show_more\"><p class=\"wpsm-show\" style=\"color: #c39f5f; font-size: 100%; text-align: left;\"> Leer m\u00e1s<\/p><div class=\"wpsm-content\"><\/p>\n<h2>Rollo de hoja de imitaci\u00f3n de oro y plata, ventajas y t\u00e9cnicas para su aplicaci\u00f3n<\/h2>\n<p>M\u00e1s all\u00e1 de las ventajas econ\u00f3micas de la elecci\u00f3n de un metal que no es precioso, <strong>el valor principal de la hoja de imitaci\u00f3n de plata y oro en rollo es el ahorro de tiempo en la fase de doradura<\/strong>. Gracias a las dimensiones del rollo y a su facilidad al manejarlo, se pueden dorar amplias superficies en menos tiempo y con un <strong>gasto menor de hojas<\/strong> con respecto, por ejemplo, al uso de un librillo.<\/p>\n<p><strong>La t\u00e9cnica m\u00e1s indicada para aplicar la hoja de imitaci\u00f3n de oro y plata en rollo es la de mordiente<\/strong>, con la aplicaci\u00f3n de una cola a base de agua o alcohol, seg\u00fan la naturaleza de la superficie que se va a tratar. <strong>La doradura con aglutinante de agua est\u00e1 indicada para materiales como el papel, la madera y el yeso, mientras que el alcohol se adhiere mejor en soportes lisos y compactos como el metal, el pl\u00e1stico y el cristal<\/strong>. <strong>Las hojas de imitaci\u00f3n de oro y cobre tienden a oxidarse y, por tanto, se aconseja usarlas en interiores y aplicar un barniz de acabado<\/strong> con solvente acr\u00edlico o nitro para proteger la doradura. <strong>Los expertos de Manetti est\u00e1n disponibles para ofrecer m\u00e1s detalles<\/strong> sobre los tipos de aplicaci\u00f3n y <strong>los precios de los productos para hacer un presupuesto<\/strong>.<br \/>\n <p class=\"wpsm-hide\" style=\"color: #c39f5f; font-size: 100%; text-align: left;\"> Leer menos<\/p><\/div><\/div>\n","protected":false},"excerpt":{"rendered":"<p>La hoja de imitaci\u00f3n en rollos tambi\u00e9n permite un dorado r\u00e1pido y preciso de grandes superficies planas. [&#8230;]<\/p>\n<p><a class=\"btn btn-secondary understrap-read-more-link\" href=\"https:\/\/www.manetti.com\/es\/shop\/hoja-de-imitacion-en-rollo-15-cm-x-50-mt\/\">Leer m\u00e1s&#8230;<\/a><\/p>\n","protected":false},"featured_media":72902,"template":"","meta":{"_acf_changed":false},"product_brand":[],"product_cat":[174],"product_tag":[],"product_area":[561,665],"catalog_category":[],"class_list":{"0":"post-87403","1":"product","2":"type-product","3":"status-publish","4":"has-post-thumbnail","6":"product_cat-hoja-de-imitacion","7":"product_area-dorado-y-restauracion","8":"product_area-dorado-y-restauracion-hoja-de-imitacion","10":"first","11":"instock","12":"shipping-taxable","13":"purchasable","14":"product-type-variable"},"acf":[],"yoast_head":"<!-- This site is optimized with the Yoast SEO plugin v26.5 - https:\/\/yoast.com\/wordpress\/plugins\/seo\/ -->\n<title>Hoja de imitaci\u00f3n en rollo - 15 cm x 50 mt<\/title>\n<meta name=\"description\" content=\"La hoja de imitaci\u00f3n en rollos tambi\u00e9n permite un dorado r\u00e1pido y preciso de grandes superficies planas.\" \/>\n<meta name=\"robots\" content=\"index, follow, max-snippet:-1, max-image-preview:large, max-video-preview:-1\" \/>\n<link rel=\"canonical\" href=\"https:\/\/www.manetti.com\/es\/shop\/hoja-de-imitacion-en-rollo-15-cm-x-50-mt\/\" \/>\n<meta property=\"og:locale\" content=\"es_ES\" \/>\n<meta property=\"og:type\" content=\"article\" \/>\n<meta property=\"og:title\" content=\"Hoja de imitaci\u00f3n en rollo - 15 cm x 50 mt\" \/>\n<meta property=\"og:description\" content=\"La hoja de imitaci\u00f3n en rollos tambi\u00e9n permite un dorado r\u00e1pido y preciso de grandes superficies planas.\" \/>\n<meta property=\"og:url\" content=\"https:\/\/www.manetti.com\/es\/shop\/hoja-de-imitacion-en-rollo-15-cm-x-50-mt\/\" \/>\n<meta property=\"og:site_name\" content=\"Giusto Manetti Battiloro\" \/>\n<meta property=\"article:publisher\" content=\"https:\/\/www.facebook.com\/giustomanettibattiloro\" \/>\n<meta property=\"article:modified_time\" content=\"2026-02-13T15:37:18+00:00\" \/>\n<meta property=\"og:image\" content=\"https:\/\/www.manetti.com\/wp-content\/uploads\/2023\/09\/Rotolo-Imitazione-Oro-web_giusto-manetti-battiloro.png\" \/>\n\t<meta property=\"og:image:width\" content=\"900\" \/>\n\t<meta property=\"og:image:height\" content=\"900\" \/>\n\t<meta property=\"og:image:type\" content=\"image\/png\" \/>\n<meta name=\"twitter:card\" content=\"summary_large_image\" \/>\n<meta name=\"twitter:label1\" content=\"Tiempo de lectura\" \/>\n\t<meta name=\"twitter:data1\" content=\"2 minutos\" \/>\n<script type=\"application\/ld+json\" class=\"yoast-schema-graph\">{\"@context\":\"https:\/\/schema.org\",\"@graph\":[{\"@type\":\"WebPage\",\"@id\":\"https:\/\/www.manetti.com\/es\/shop\/hoja-de-imitacion-en-rollo-15-cm-x-50-mt\/\",\"url\":\"https:\/\/www.manetti.com\/es\/shop\/hoja-de-imitacion-en-rollo-15-cm-x-50-mt\/\",\"name\":\"Hoja de imitaci\u00f3n en rollo - 15 cm x 50 mt\",\"isPartOf\":{\"@id\":\"https:\/\/www.manetti.com\/es\/#website\"},\"primaryImageOfPage\":{\"@id\":\"https:\/\/www.manetti.com\/es\/shop\/hoja-de-imitacion-en-rollo-15-cm-x-50-mt\/#primaryimage\"},\"image\":{\"@id\":\"https:\/\/www.manetti.com\/es\/shop\/hoja-de-imitacion-en-rollo-15-cm-x-50-mt\/#primaryimage\"},\"thumbnailUrl\":\"https:\/\/www.manetti.com\/wp-content\/uploads\/2023\/09\/Rotolo-Imitazione-Oro-web_giusto-manetti-battiloro.png\",\"datePublished\":\"2026-02-10T14:50:05+00:00\",\"dateModified\":\"2026-02-13T15:37:18+00:00\",\"description\":\"La hoja de imitaci\u00f3n en rollos tambi\u00e9n permite un dorado r\u00e1pido y preciso de grandes superficies planas.\",\"inLanguage\":\"es\",\"potentialAction\":[{\"@type\":\"ReadAction\",\"target\":[\"https:\/\/www.manetti.com\/es\/shop\/hoja-de-imitacion-en-rollo-15-cm-x-50-mt\/\"]}]},{\"@type\":\"ImageObject\",\"inLanguage\":\"es\",\"@id\":\"https:\/\/www.manetti.com\/es\/shop\/hoja-de-imitacion-en-rollo-15-cm-x-50-mt\/#primaryimage\",\"url\":\"https:\/\/www.manetti.com\/wp-content\/uploads\/2023\/09\/Rotolo-Imitazione-Oro-web_giusto-manetti-battiloro.png\",\"contentUrl\":\"https:\/\/www.manetti.com\/wp-content\/uploads\/2023\/09\/Rotolo-Imitazione-Oro-web_giusto-manetti-battiloro.png\",\"width\":900,\"height\":900},{\"@type\":\"WebSite\",\"@id\":\"https:\/\/www.manetti.com\/es\/#website\",\"url\":\"https:\/\/www.manetti.com\/es\/\",\"name\":\"Giusto Manetti Battiloro\",\"description\":\"\",\"publisher\":{\"@id\":\"https:\/\/www.manetti.com\/es\/#organization\"},\"potentialAction\":[{\"@type\":\"SearchAction\",\"target\":{\"@type\":\"EntryPoint\",\"urlTemplate\":\"https:\/\/www.manetti.com\/es\/?s={search_term_string}\"},\"query-input\":{\"@type\":\"PropertyValueSpecification\",\"valueRequired\":true,\"valueName\":\"search_term_string\"}}],\"inLanguage\":\"es\"},{\"@type\":\"Organization\",\"@id\":\"https:\/\/www.manetti.com\/es\/#organization\",\"name\":\"GIUSTO MANETTI BATTILORO S.P.A.\",\"url\":\"https:\/\/www.manetti.com\/es\/\",\"logo\":{\"@type\":\"ImageObject\",\"inLanguage\":\"es\",\"@id\":\"https:\/\/www.manetti.com\/es\/#\/schema\/logo\/image\/\",\"url\":\"https:\/\/www.manetti.com\/wp-content\/uploads\/2025\/02\/giusto-manetti-blu_300-02.png\",\"contentUrl\":\"https:\/\/www.manetti.com\/wp-content\/uploads\/2025\/02\/giusto-manetti-blu_300-02.png\",\"width\":1123,\"height\":1093,\"caption\":\"GIUSTO MANETTI BATTILORO S.P.A.\"},\"image\":{\"@id\":\"https:\/\/www.manetti.com\/es\/#\/schema\/logo\/image\/\"},\"sameAs\":[\"https:\/\/www.facebook.com\/giustomanettibattiloro\",\"https:\/\/www.instagram.com\/giustomanettibattiloro\/\",\"https:\/\/www.linkedin.com\/company\/giusto-manetti-battiloro-s-p-a-\/\",\"https:\/\/www.youtube.com\/user\/ManettiBattiloro\"]}]}<\/script>\n<!-- \/ Yoast SEO plugin. -->","yoast_head_json":{"title":"Hoja de imitaci\u00f3n en rollo - 15 cm x 50 mt","description":"La hoja de imitaci\u00f3n en rollos tambi\u00e9n permite un dorado r\u00e1pido y preciso de grandes superficies planas.","robots":{"index":"index","follow":"follow","max-snippet":"max-snippet:-1","max-image-preview":"max-image-preview:large","max-video-preview":"max-video-preview:-1"},"canonical":"https:\/\/www.manetti.com\/es\/shop\/hoja-de-imitacion-en-rollo-15-cm-x-50-mt\/","og_locale":"es_ES","og_type":"article","og_title":"Hoja de imitaci\u00f3n en rollo - 15 cm x 50 mt","og_description":"La hoja de imitaci\u00f3n en rollos tambi\u00e9n permite un dorado r\u00e1pido y preciso de grandes superficies planas.","og_url":"https:\/\/www.manetti.com\/es\/shop\/hoja-de-imitacion-en-rollo-15-cm-x-50-mt\/","og_site_name":"Giusto Manetti Battiloro","article_publisher":"https:\/\/www.facebook.com\/giustomanettibattiloro","article_modified_time":"2026-02-13T15:37:18+00:00","og_image":[{"width":900,"height":900,"url":"https:\/\/www.manetti.com\/wp-content\/uploads\/2023\/09\/Rotolo-Imitazione-Oro-web_giusto-manetti-battiloro.png","type":"image\/png"}],"twitter_card":"summary_large_image","twitter_misc":{"Tiempo de lectura":"2 minutos"},"schema":{"@context":"https:\/\/schema.org","@graph":[{"@type":"WebPage","@id":"https:\/\/www.manetti.com\/es\/shop\/hoja-de-imitacion-en-rollo-15-cm-x-50-mt\/","url":"https:\/\/www.manetti.com\/es\/shop\/hoja-de-imitacion-en-rollo-15-cm-x-50-mt\/","name":"Hoja de imitaci\u00f3n en rollo - 15 cm x 50 mt","isPartOf":{"@id":"https:\/\/www.manetti.com\/es\/#website"},"primaryImageOfPage":{"@id":"https:\/\/www.manetti.com\/es\/shop\/hoja-de-imitacion-en-rollo-15-cm-x-50-mt\/#primaryimage"},"image":{"@id":"https:\/\/www.manetti.com\/es\/shop\/hoja-de-imitacion-en-rollo-15-cm-x-50-mt\/#primaryimage"},"thumbnailUrl":"https:\/\/www.manetti.com\/wp-content\/uploads\/2023\/09\/Rotolo-Imitazione-Oro-web_giusto-manetti-battiloro.png","datePublished":"2026-02-10T14:50:05+00:00","dateModified":"2026-02-13T15:37:18+00:00","description":"La hoja de imitaci\u00f3n en rollos tambi\u00e9n permite un dorado r\u00e1pido y preciso de grandes superficies planas.","inLanguage":"es","potentialAction":[{"@type":"ReadAction","target":["https:\/\/www.manetti.com\/es\/shop\/hoja-de-imitacion-en-rollo-15-cm-x-50-mt\/"]}]},{"@type":"ImageObject","inLanguage":"es","@id":"https:\/\/www.manetti.com\/es\/shop\/hoja-de-imitacion-en-rollo-15-cm-x-50-mt\/#primaryimage","url":"https:\/\/www.manetti.com\/wp-content\/uploads\/2023\/09\/Rotolo-Imitazione-Oro-web_giusto-manetti-battiloro.png","contentUrl":"https:\/\/www.manetti.com\/wp-content\/uploads\/2023\/09\/Rotolo-Imitazione-Oro-web_giusto-manetti-battiloro.png","width":900,"height":900},{"@type":"WebSite","@id":"https:\/\/www.manetti.com\/es\/#website","url":"https:\/\/www.manetti.com\/es\/","name":"Giusto Manetti Battiloro","description":"","publisher":{"@id":"https:\/\/www.manetti.com\/es\/#organization"},"potentialAction":[{"@type":"SearchAction","target":{"@type":"EntryPoint","urlTemplate":"https:\/\/www.manetti.com\/es\/?s={search_term_string}"},"query-input":{"@type":"PropertyValueSpecification","valueRequired":true,"valueName":"search_term_string"}}],"inLanguage":"es"},{"@type":"Organization","@id":"https:\/\/www.manetti.com\/es\/#organization","name":"GIUSTO MANETTI BATTILORO S.P.A.","url":"https:\/\/www.manetti.com\/es\/","logo":{"@type":"ImageObject","inLanguage":"es","@id":"https:\/\/www.manetti.com\/es\/#\/schema\/logo\/image\/","url":"https:\/\/www.manetti.com\/wp-content\/uploads\/2025\/02\/giusto-manetti-blu_300-02.png","contentUrl":"https:\/\/www.manetti.com\/wp-content\/uploads\/2025\/02\/giusto-manetti-blu_300-02.png","width":1123,"height":1093,"caption":"GIUSTO MANETTI BATTILORO S.P.A."},"image":{"@id":"https:\/\/www.manetti.com\/es\/#\/schema\/logo\/image\/"},"sameAs":["https:\/\/www.facebook.com\/giustomanettibattiloro","https:\/\/www.instagram.com\/giustomanettibattiloro\/","https:\/\/www.linkedin.com\/company\/giusto-manetti-battiloro-s-p-a-\/","https:\/\/www.youtube.com\/user\/ManettiBattiloro"]}]}},"_links":{"self":[{"href":"https:\/\/www.manetti.com\/es\/wp-json\/wp\/v2\/product\/87403","targetHints":{"allow":["GET"]}}],"collection":[{"href":"https:\/\/www.manetti.com\/es\/wp-json\/wp\/v2\/product"}],"about":[{"href":"https:\/\/www.manetti.com\/es\/wp-json\/wp\/v2\/types\/product"}],"wp:featuredmedia":[{"embeddable":true,"href":"https:\/\/www.manetti.com\/es\/wp-json\/wp\/v2\/media\/72902"}],"wp:attachment":[{"href":"https:\/\/www.manetti.com\/es\/wp-json\/wp\/v2\/media?parent=87403"}],"wp:term":[{"taxonomy":"product_brand","embeddable":true,"href":"https:\/\/www.manetti.com\/es\/wp-json\/wp\/v2\/product_brand?post=87403"},{"taxonomy":"product_cat","embeddable":true,"href":"https:\/\/www.manetti.com\/es\/wp-json\/wp\/v2\/product_cat?post=87403"},{"taxonomy":"product_tag","embeddable":true,"href":"https:\/\/www.manetti.com\/es\/wp-json\/wp\/v2\/product_tag?post=87403"},{"taxonomy":"product_area","embeddable":true,"href":"https:\/\/www.manetti.com\/es\/wp-json\/wp\/v2\/product_area?post=87403"},{"taxonomy":"catalog_category","embeddable":true,"href":"https:\/\/www.manetti.com\/es\/wp-json\/wp\/v2\/catalog_category?post=87403"}],"curies":[{"name":"wp","href":"https:\/\/api.w.org\/{rel}","templated":true}]}}