{"id":87769,"date":"2026-02-11T16:09:38","date_gmt":"2026-02-11T15:09:38","guid":{"rendered":"https:\/\/www.manetti.com\/?post_type=product&#038;p=87769"},"modified":"2026-02-25T10:33:09","modified_gmt":"2026-02-25T09:33:09","slug":"pan-de-oro-para-vidrio-86x86-mm-16-gramos-oro-amarillo-22-kt-copia","status":"publish","type":"product","link":"https:\/\/www.manetti.com\/es\/shop\/pan-de-oro-para-vidrio-86x86-mm-16-gramos-oro-blanco-12-kt\/","title":{"rendered":"Pan de oro para vidrio \u2013 86&#215;86 mm \u2013 16 gramos \u2013 Oro Blanco 12 kt"},"content":{"rendered":"<p>El dorado sobre vidrio combina la tradici\u00f3n de la artesan\u00eda antigua con las formas expresivas del arte contempor\u00e1neo. Es un m\u00e9todo sofisticado para a\u00f1adir un toque de elegancia y refinamiento a diversos objetos y superficies de vidrio, desde elementos decorativos para el hogar hasta vidrieras art\u00edsticas y rotulaci\u00f3n. La aplicaci\u00f3n de pan de oro sobre vidrio, generalmente en reverso, puede realizarse mediante varios m\u00e9todos. Uno de ellos implica el uso de <a href=\"https:\/\/www.manetti.com\/es\/producto\/gelatina-en-hojas\/\"><strong data-start=\"1555\" data-end=\"1567\">gelatine<\/strong><\/a> aplicada con pinceles especiales. Alternativamente, se puede utilizar el m\u00e9todo de dorado \u201cal aceite\u201d, empleando el producto espec\u00edfico para vidrio Smooth. Para lograr un dorado \u00f3ptimo y sin defectos, debe utilizarse un tipo espec\u00edfico de pan de oro, seleccionado cuidadosamente para garantizar una uniformidad perfecta de la superficie y la ausencia de imperfecciones t\u00edpicas de la hoja de oro.<\/p>\n","protected":false},"excerpt":{"rendered":"<p>La hoja Glass se utiliza a menudo para la aplicaci\u00f3n de la t\u00e9cnica \u00e9glomis\u00e9, un m\u00e9todo decorativo especial para el vidrio que permite obtener un acabado espejado sobre el cual se realizan grabados o decoraciones. [&#8230;]<\/p>\n<p><a class=\"btn btn-secondary understrap-read-more-link\" href=\"https:\/\/www.manetti.com\/es\/shop\/pan-de-oro-para-vidrio-86x86-mm-16-gramos-oro-blanco-12-kt\/\">Leer m\u00e1s&#8230;<\/a><\/p>\n","protected":false},"featured_media":87777,"template":"","meta":{"_acf_changed":false},"product_brand":[],"product_cat":[166],"product_tag":[167,1018],"product_area":[569,601],"catalog_category":[],"class_list":{"0":"post-87769","1":"product","2":"type-product","3":"status-publish","4":"has-post-thumbnail","6":"product_cat-pan-de-oro-genuino","7":"product_tag-prodotti-speciali-es","8":"product_tag-metal-precioso","9":"product_area-rotulacion","10":"product_area-rotulacion-hojas-de-oro","12":"first","13":"instock","14":"shipping-taxable","15":"purchasable","16":"product-type-variable"},"acf":[],"yoast_head":"<!-- This site is optimized with the Yoast SEO plugin v26.5 - https:\/\/yoast.com\/wordpress\/plugins\/seo\/ -->\n<title>Pan de oro para vidrio \u2013 86x86 mm \u2013 16 gramos \u2013 Oro Blanco 12 kt | Giusto Manetti Battiloro<\/title>\n<meta name=\"description\" content=\"La hoja Glass se utiliza a menudo para la aplicaci\u00f3n de la t\u00e9cnica \u00e9glomis\u00e9, sobre el cual se realizan grabados o decoraciones.\" \/>\n<meta name=\"robots\" content=\"noindex, nofollow\" \/>\n<meta property=\"og:locale\" content=\"es_ES\" \/>\n<meta property=\"og:type\" content=\"article\" \/>\n<meta property=\"og:title\" content=\"Pan de oro para vidrio \u2013 86x86 mm \u2013 16 gramos \u2013 Oro Blanco 12 kt | Giusto Manetti Battiloro\" \/>\n<meta property=\"og:description\" content=\"La hoja Glass se utiliza a menudo para la aplicaci\u00f3n de la t\u00e9cnica \u00e9glomis\u00e9, sobre el cual se realizan grabados o decoraciones.\" \/>\n<meta property=\"og:url\" content=\"https:\/\/www.manetti.com\/es\/shop\/pan-de-oro-para-vidrio-86x86-mm-16-gramos-oro-blanco-12-kt\/\" \/>\n<meta property=\"og:site_name\" content=\"Giusto Manetti Battiloro\" \/>\n<meta property=\"article:publisher\" content=\"https:\/\/www.facebook.com\/giustomanettibattiloro\" \/>\n<meta property=\"article:modified_time\" content=\"2026-02-25T09:33:09+00:00\" \/>\n<meta property=\"og:image\" content=\"https:\/\/www.manetti.com\/wp-content\/uploads\/2026\/02\/12kt-white-glass_libera-2026_web.png\" \/>\n\t<meta property=\"og:image:width\" content=\"900\" \/>\n\t<meta property=\"og:image:height\" content=\"900\" \/>\n\t<meta property=\"og:image:type\" content=\"image\/png\" \/>\n<meta name=\"twitter:card\" content=\"summary_large_image\" \/>\n<meta name=\"twitter:label1\" content=\"Tiempo de lectura\" \/>\n\t<meta name=\"twitter:data1\" content=\"1 minuto\" \/>\n<script type=\"application\/ld+json\" class=\"yoast-schema-graph\">{\"@context\":\"https:\/\/schema.org\",\"@graph\":[{\"@type\":\"WebPage\",\"@id\":\"https:\/\/www.manetti.com\/es\/shop\/pan-de-oro-para-vidrio-86x86-mm-16-gramos-oro-blanco-12-kt\/\",\"url\":\"https:\/\/www.manetti.com\/es\/shop\/pan-de-oro-para-vidrio-86x86-mm-16-gramos-oro-blanco-12-kt\/\",\"name\":\"Pan de oro para vidrio \u2013 86x86 mm \u2013 16 gramos \u2013 Oro Blanco 12 kt | Giusto Manetti Battiloro\",\"isPartOf\":{\"@id\":\"https:\/\/www.manetti.com\/es\/#website\"},\"primaryImageOfPage\":{\"@id\":\"https:\/\/www.manetti.com\/es\/shop\/pan-de-oro-para-vidrio-86x86-mm-16-gramos-oro-blanco-12-kt\/#primaryimage\"},\"image\":{\"@id\":\"https:\/\/www.manetti.com\/es\/shop\/pan-de-oro-para-vidrio-86x86-mm-16-gramos-oro-blanco-12-kt\/#primaryimage\"},\"thumbnailUrl\":\"https:\/\/www.manetti.com\/wp-content\/uploads\/2026\/02\/12kt-white-glass_libera-2026_web.png\",\"datePublished\":\"2026-02-11T15:09:38+00:00\",\"dateModified\":\"2026-02-25T09:33:09+00:00\",\"description\":\"La hoja Glass se utiliza a menudo para la aplicaci\u00f3n de la t\u00e9cnica \u00e9glomis\u00e9, sobre el cual se realizan grabados o decoraciones.\",\"inLanguage\":\"es\",\"potentialAction\":[{\"@type\":\"ReadAction\",\"target\":[\"https:\/\/www.manetti.com\/es\/shop\/pan-de-oro-para-vidrio-86x86-mm-16-gramos-oro-blanco-12-kt\/\"]}]},{\"@type\":\"ImageObject\",\"inLanguage\":\"es\",\"@id\":\"https:\/\/www.manetti.com\/es\/shop\/pan-de-oro-para-vidrio-86x86-mm-16-gramos-oro-blanco-12-kt\/#primaryimage\",\"url\":\"https:\/\/www.manetti.com\/wp-content\/uploads\/2026\/02\/12kt-white-glass_libera-2026_web.png\",\"contentUrl\":\"https:\/\/www.manetti.com\/wp-content\/uploads\/2026\/02\/12kt-white-glass_libera-2026_web.png\",\"width\":900,\"height\":900},{\"@type\":\"WebSite\",\"@id\":\"https:\/\/www.manetti.com\/es\/#website\",\"url\":\"https:\/\/www.manetti.com\/es\/\",\"name\":\"Giusto Manetti Battiloro\",\"description\":\"\",\"publisher\":{\"@id\":\"https:\/\/www.manetti.com\/es\/#organization\"},\"potentialAction\":[{\"@type\":\"SearchAction\",\"target\":{\"@type\":\"EntryPoint\",\"urlTemplate\":\"https:\/\/www.manetti.com\/es\/?s={search_term_string}\"},\"query-input\":{\"@type\":\"PropertyValueSpecification\",\"valueRequired\":true,\"valueName\":\"search_term_string\"}}],\"inLanguage\":\"es\"},{\"@type\":\"Organization\",\"@id\":\"https:\/\/www.manetti.com\/es\/#organization\",\"name\":\"GIUSTO MANETTI BATTILORO S.P.A.\",\"url\":\"https:\/\/www.manetti.com\/es\/\",\"logo\":{\"@type\":\"ImageObject\",\"inLanguage\":\"es\",\"@id\":\"https:\/\/www.manetti.com\/es\/#\/schema\/logo\/image\/\",\"url\":\"https:\/\/www.manetti.com\/wp-content\/uploads\/2025\/02\/giusto-manetti-blu_300-02.png\",\"contentUrl\":\"https:\/\/www.manetti.com\/wp-content\/uploads\/2025\/02\/giusto-manetti-blu_300-02.png\",\"width\":1123,\"height\":1093,\"caption\":\"GIUSTO MANETTI BATTILORO S.P.A.\"},\"image\":{\"@id\":\"https:\/\/www.manetti.com\/es\/#\/schema\/logo\/image\/\"},\"sameAs\":[\"https:\/\/www.facebook.com\/giustomanettibattiloro\",\"https:\/\/www.instagram.com\/giustomanettibattiloro\/\",\"https:\/\/www.linkedin.com\/company\/giusto-manetti-battiloro-s-p-a-\/\",\"https:\/\/www.youtube.com\/user\/ManettiBattiloro\"]}]}<\/script>\n<!-- \/ Yoast SEO plugin. -->","yoast_head_json":{"title":"Pan de oro para vidrio \u2013 86x86 mm \u2013 16 gramos \u2013 Oro Blanco 12 kt | Giusto Manetti Battiloro","description":"La hoja Glass se utiliza a menudo para la aplicaci\u00f3n de la t\u00e9cnica \u00e9glomis\u00e9, sobre el cual se realizan grabados o decoraciones.","robots":{"index":"noindex","follow":"nofollow"},"og_locale":"es_ES","og_type":"article","og_title":"Pan de oro para vidrio \u2013 86x86 mm \u2013 16 gramos \u2013 Oro Blanco 12 kt | Giusto Manetti Battiloro","og_description":"La hoja Glass se utiliza a menudo para la aplicaci\u00f3n de la t\u00e9cnica \u00e9glomis\u00e9, sobre el cual se realizan grabados o decoraciones.","og_url":"https:\/\/www.manetti.com\/es\/shop\/pan-de-oro-para-vidrio-86x86-mm-16-gramos-oro-blanco-12-kt\/","og_site_name":"Giusto Manetti Battiloro","article_publisher":"https:\/\/www.facebook.com\/giustomanettibattiloro","article_modified_time":"2026-02-25T09:33:09+00:00","og_image":[{"width":900,"height":900,"url":"https:\/\/www.manetti.com\/wp-content\/uploads\/2026\/02\/12kt-white-glass_libera-2026_web.png","type":"image\/png"}],"twitter_card":"summary_large_image","twitter_misc":{"Tiempo de lectura":"1 minuto"},"schema":{"@context":"https:\/\/schema.org","@graph":[{"@type":"WebPage","@id":"https:\/\/www.manetti.com\/es\/shop\/pan-de-oro-para-vidrio-86x86-mm-16-gramos-oro-blanco-12-kt\/","url":"https:\/\/www.manetti.com\/es\/shop\/pan-de-oro-para-vidrio-86x86-mm-16-gramos-oro-blanco-12-kt\/","name":"Pan de oro para vidrio \u2013 86x86 mm \u2013 16 gramos \u2013 Oro Blanco 12 kt | Giusto Manetti Battiloro","isPartOf":{"@id":"https:\/\/www.manetti.com\/es\/#website"},"primaryImageOfPage":{"@id":"https:\/\/www.manetti.com\/es\/shop\/pan-de-oro-para-vidrio-86x86-mm-16-gramos-oro-blanco-12-kt\/#primaryimage"},"image":{"@id":"https:\/\/www.manetti.com\/es\/shop\/pan-de-oro-para-vidrio-86x86-mm-16-gramos-oro-blanco-12-kt\/#primaryimage"},"thumbnailUrl":"https:\/\/www.manetti.com\/wp-content\/uploads\/2026\/02\/12kt-white-glass_libera-2026_web.png","datePublished":"2026-02-11T15:09:38+00:00","dateModified":"2026-02-25T09:33:09+00:00","description":"La hoja Glass se utiliza a menudo para la aplicaci\u00f3n de la t\u00e9cnica \u00e9glomis\u00e9, sobre el cual se realizan grabados o decoraciones.","inLanguage":"es","potentialAction":[{"@type":"ReadAction","target":["https:\/\/www.manetti.com\/es\/shop\/pan-de-oro-para-vidrio-86x86-mm-16-gramos-oro-blanco-12-kt\/"]}]},{"@type":"ImageObject","inLanguage":"es","@id":"https:\/\/www.manetti.com\/es\/shop\/pan-de-oro-para-vidrio-86x86-mm-16-gramos-oro-blanco-12-kt\/#primaryimage","url":"https:\/\/www.manetti.com\/wp-content\/uploads\/2026\/02\/12kt-white-glass_libera-2026_web.png","contentUrl":"https:\/\/www.manetti.com\/wp-content\/uploads\/2026\/02\/12kt-white-glass_libera-2026_web.png","width":900,"height":900},{"@type":"WebSite","@id":"https:\/\/www.manetti.com\/es\/#website","url":"https:\/\/www.manetti.com\/es\/","name":"Giusto Manetti Battiloro","description":"","publisher":{"@id":"https:\/\/www.manetti.com\/es\/#organization"},"potentialAction":[{"@type":"SearchAction","target":{"@type":"EntryPoint","urlTemplate":"https:\/\/www.manetti.com\/es\/?s={search_term_string}"},"query-input":{"@type":"PropertyValueSpecification","valueRequired":true,"valueName":"search_term_string"}}],"inLanguage":"es"},{"@type":"Organization","@id":"https:\/\/www.manetti.com\/es\/#organization","name":"GIUSTO MANETTI BATTILORO S.P.A.","url":"https:\/\/www.manetti.com\/es\/","logo":{"@type":"ImageObject","inLanguage":"es","@id":"https:\/\/www.manetti.com\/es\/#\/schema\/logo\/image\/","url":"https:\/\/www.manetti.com\/wp-content\/uploads\/2025\/02\/giusto-manetti-blu_300-02.png","contentUrl":"https:\/\/www.manetti.com\/wp-content\/uploads\/2025\/02\/giusto-manetti-blu_300-02.png","width":1123,"height":1093,"caption":"GIUSTO MANETTI BATTILORO S.P.A."},"image":{"@id":"https:\/\/www.manetti.com\/es\/#\/schema\/logo\/image\/"},"sameAs":["https:\/\/www.facebook.com\/giustomanettibattiloro","https:\/\/www.instagram.com\/giustomanettibattiloro\/","https:\/\/www.linkedin.com\/company\/giusto-manetti-battiloro-s-p-a-\/","https:\/\/www.youtube.com\/user\/ManettiBattiloro"]}]}},"_links":{"self":[{"href":"https:\/\/www.manetti.com\/es\/wp-json\/wp\/v2\/product\/87769","targetHints":{"allow":["GET"]}}],"collection":[{"href":"https:\/\/www.manetti.com\/es\/wp-json\/wp\/v2\/product"}],"about":[{"href":"https:\/\/www.manetti.com\/es\/wp-json\/wp\/v2\/types\/product"}],"wp:featuredmedia":[{"embeddable":true,"href":"https:\/\/www.manetti.com\/es\/wp-json\/wp\/v2\/media\/87777"}],"wp:attachment":[{"href":"https:\/\/www.manetti.com\/es\/wp-json\/wp\/v2\/media?parent=87769"}],"wp:term":[{"taxonomy":"product_brand","embeddable":true,"href":"https:\/\/www.manetti.com\/es\/wp-json\/wp\/v2\/product_brand?post=87769"},{"taxonomy":"product_cat","embeddable":true,"href":"https:\/\/www.manetti.com\/es\/wp-json\/wp\/v2\/product_cat?post=87769"},{"taxonomy":"product_tag","embeddable":true,"href":"https:\/\/www.manetti.com\/es\/wp-json\/wp\/v2\/product_tag?post=87769"},{"taxonomy":"product_area","embeddable":true,"href":"https:\/\/www.manetti.com\/es\/wp-json\/wp\/v2\/product_area?post=87769"},{"taxonomy":"catalog_category","embeddable":true,"href":"https:\/\/www.manetti.com\/es\/wp-json\/wp\/v2\/catalog_category?post=87769"}],"curies":[{"name":"wp","href":"https:\/\/api.w.org\/{rel}","templated":true}]}}