{"id":88737,"date":"2020-01-30T14:24:34","date_gmt":"2020-01-30T13:24:34","guid":{"rendered":"https:\/\/www.manetti.com\/?post_type=product&#038;p=88737"},"modified":"2026-04-09T14:35:21","modified_gmt":"2026-04-09T12:35:21","slug":"pan-de-oro-para-exteriores","status":"publish","type":"product","link":"https:\/\/www.manetti.com\/es\/producto\/pan-de-oro-para-exteriores\/","title":{"rendered":"Pan de oro para exteriores"},"content":{"rendered":"<p>Est\u00e1 disponible en siete tonalidades de metal precioso, seleccionados por su resistencia a la oxidaci\u00f3n y su capacidad para mantener el brillo a lo largo del tiempo.<br \/>\nLa selecci\u00f3n de productos para uso en exteriores tambi\u00e9n incluye mixtiones y protecciones, todos ellos productos espec\u00edficos que preservan el dorado a lo largo del tiempo, protegi\u00e9ndolo de los agentes atmosf\u00e9ricos.<br \/>\nEl uso de una hoja de mayor espesor aporta mayor brillo al dorado y garantiza al mismo tiempo una mayor durabilidad en el tiempo. El espesor se expresa siempre en gramos por 1.000 hojas. La hoja se presenta en cuadernillos de 25, y posteriormente en paquetes de 10 (250 hojas), 12 (300 hojas) o 20 cuadernillos (500 hojas). Dado el tipo de aplicaci\u00f3n, el formato de hoja suelta es el m\u00e1s utilizado. Sin embargo, para determinados trabajos o en ocasiones para uso en exteriores, tambi\u00e9n es posible utilizar el formato de transferencia. En este caso, la hoja se coloca sobre un papel de seda (transferencia), lo que facilita su manipulaci\u00f3n y agiliza la aplicaci\u00f3n, reduciendo al mismo tiempo el riesgo de p\u00e9rdida o dispersi\u00f3n del producto en entornos abiertos y ventosos.<\/p>\n","protected":false},"excerpt":{"rendered":"<p>El pan de oro para exteriores se utiliza para revestir y decorar o restaurar monumentos, palacios, estatuas, c\u00fapulas y cancelas. Elegida desde siempre para trabajos en edificios hist\u00f3ricos y obras de valor, la hoja da protagonismo y visibilidad a las superficies, gracias a su capacidad de reflejar la luz. [&#8230;]<\/p>\n<p><a class=\"btn btn-secondary understrap-read-more-link\" href=\"https:\/\/www.manetti.com\/es\/producto\/pan-de-oro-para-exteriores\/\">Leer m\u00e1s&#8230;<\/a><\/p>\n","protected":false},"featured_media":88683,"template":"","meta":{"_acf_changed":false},"product_brand":[],"product_cat":[166],"product_tag":[182],"product_area":[],"catalog_category":[798,975],"class_list":{"0":"post-88737","1":"product","2":"type-product","3":"status-publish","4":"has-post-thumbnail","6":"product_cat-pan-de-oro-genuino","7":"product_tag-foglia-in-libretto-es","8":"catalog_category-dorado-en-exteriores","9":"catalog_category-dorado-en-exteriores-pan-de-oro-y-otros-metales","11":"first","12":"instock","13":"shipping-taxable","14":"purchasable","15":"product-type-variable"},"acf":[],"yoast_head":"<!-- This site is optimized with the Yoast SEO plugin v26.5 - https:\/\/yoast.com\/wordpress\/plugins\/seo\/ -->\n<title>Pan de oro para exteriores | Giusto Manetti Battiloro<\/title>\n<meta name=\"description\" content=\"El pan de oro para exteriores se utiliza para revestir y decorar o restaurar monumentos, palacios, estatuas, c\u00fapulas y cancelas. Elegida desde siempre para trabajos en edificios hist\u00f3ricos y obras de valor, la hoja da protagonismo y visibilidad a las superficies, gracias a su capacidad de reflejar la luz.\" \/>\n<meta name=\"robots\" content=\"index, follow, max-snippet:-1, max-image-preview:large, max-video-preview:-1\" \/>\n<link rel=\"canonical\" href=\"https:\/\/www.manetti.com\/es\/producto\/pan-de-oro-para-exteriores\/\" \/>\n<meta property=\"og:locale\" content=\"es_ES\" \/>\n<meta property=\"og:type\" content=\"article\" \/>\n<meta property=\"og:title\" content=\"Pan de oro para exteriores | Giusto Manetti Battiloro\" \/>\n<meta property=\"og:description\" content=\"El pan de oro para exteriores se utiliza para revestir y decorar o restaurar monumentos, palacios, estatuas, c\u00fapulas y cancelas. Elegida desde siempre para trabajos en edificios hist\u00f3ricos y obras de valor, la hoja da protagonismo y visibilidad a las superficies, gracias a su capacidad de reflejar la luz.\" \/>\n<meta property=\"og:url\" content=\"https:\/\/www.manetti.com\/es\/producto\/pan-de-oro-para-exteriores\/\" \/>\n<meta property=\"og:site_name\" content=\"Giusto Manetti Battiloro\" \/>\n<meta property=\"article:publisher\" content=\"https:\/\/www.facebook.com\/giustomanettibattiloro\" \/>\n<meta property=\"article:modified_time\" content=\"2026-04-09T12:35:21+00:00\" \/>\n<meta property=\"og:image\" content=\"https:\/\/www.manetti.com\/wp-content\/uploads\/2019\/11\/3.FogliaOroManetti_CatalogoHomepage1920.jpg\" \/>\n<meta name=\"twitter:card\" content=\"summary_large_image\" \/>\n<meta name=\"twitter:title\" content=\"Pan de oro para exteriores | Giusto Manetti Battiloro\" \/>\n<meta name=\"twitter:description\" content=\"El pan de oro para exteriores se utiliza para revestir y decorar o restaurar monumentos, palacios, estatuas, c\u00fapulas y cancelas. Elegida desde siempre para trabajos en edificios hist\u00f3ricos y obras de valor, la hoja da protagonismo y visibilidad a las superficies, gracias a su capacidad de reflejar la luz.\" \/>\n<meta name=\"twitter:image\" content=\"https:\/\/www.manetti.com\/wp-content\/uploads\/2019\/11\/3.FogliaOroManetti_CatalogoHomepage1920.jpg\" \/>\n<meta name=\"twitter:label1\" content=\"Tiempo de lectura\" \/>\n\t<meta name=\"twitter:data1\" content=\"1 minuto\" \/>\n<script type=\"application\/ld+json\" class=\"yoast-schema-graph\">{\"@context\":\"https:\/\/schema.org\",\"@graph\":[{\"@type\":\"WebPage\",\"@id\":\"https:\/\/www.manetti.com\/es\/producto\/pan-de-oro-para-exteriores\/\",\"url\":\"https:\/\/www.manetti.com\/es\/producto\/pan-de-oro-para-exteriores\/\",\"name\":\"Pan de oro para exteriores | Giusto Manetti Battiloro\",\"isPartOf\":{\"@id\":\"https:\/\/www.manetti.com\/es\/#website\"},\"primaryImageOfPage\":{\"@id\":\"https:\/\/www.manetti.com\/es\/producto\/pan-de-oro-para-exteriores\/#primaryimage\"},\"image\":{\"@id\":\"https:\/\/www.manetti.com\/es\/producto\/pan-de-oro-para-exteriores\/#primaryimage\"},\"thumbnailUrl\":\"https:\/\/www.manetti.com\/wp-content\/uploads\/2026\/03\/24KT-ORO_scatola-e-libretti_web.png\",\"datePublished\":\"2020-01-30T13:24:34+00:00\",\"dateModified\":\"2026-04-09T12:35:21+00:00\",\"description\":\"El pan de oro para exteriores se utiliza para revestir y decorar o restaurar monumentos, palacios, estatuas, c\u00fapulas y cancelas. Elegida desde siempre para trabajos en edificios hist\u00f3ricos y obras de valor, la hoja da protagonismo y visibilidad a las superficies, gracias a su capacidad de reflejar la luz.\",\"inLanguage\":\"es\",\"potentialAction\":[{\"@type\":\"ReadAction\",\"target\":[\"https:\/\/www.manetti.com\/es\/producto\/pan-de-oro-para-exteriores\/\"]}]},{\"@type\":\"ImageObject\",\"inLanguage\":\"es\",\"@id\":\"https:\/\/www.manetti.com\/es\/producto\/pan-de-oro-para-exteriores\/#primaryimage\",\"url\":\"https:\/\/www.manetti.com\/wp-content\/uploads\/2026\/03\/24KT-ORO_scatola-e-libretti_web.png\",\"contentUrl\":\"https:\/\/www.manetti.com\/wp-content\/uploads\/2026\/03\/24KT-ORO_scatola-e-libretti_web.png\",\"width\":900,\"height\":900},{\"@type\":\"WebSite\",\"@id\":\"https:\/\/www.manetti.com\/es\/#website\",\"url\":\"https:\/\/www.manetti.com\/es\/\",\"name\":\"Giusto Manetti Battiloro\",\"description\":\"\",\"publisher\":{\"@id\":\"https:\/\/www.manetti.com\/es\/#organization\"},\"potentialAction\":[{\"@type\":\"SearchAction\",\"target\":{\"@type\":\"EntryPoint\",\"urlTemplate\":\"https:\/\/www.manetti.com\/es\/?s={search_term_string}\"},\"query-input\":{\"@type\":\"PropertyValueSpecification\",\"valueRequired\":true,\"valueName\":\"search_term_string\"}}],\"inLanguage\":\"es\"},{\"@type\":\"Organization\",\"@id\":\"https:\/\/www.manetti.com\/es\/#organization\",\"name\":\"GIUSTO MANETTI BATTILORO S.P.A.\",\"url\":\"https:\/\/www.manetti.com\/es\/\",\"logo\":{\"@type\":\"ImageObject\",\"inLanguage\":\"es\",\"@id\":\"https:\/\/www.manetti.com\/es\/#\/schema\/logo\/image\/\",\"url\":\"https:\/\/www.manetti.com\/wp-content\/uploads\/2025\/02\/giusto-manetti-blu_300-02.png\",\"contentUrl\":\"https:\/\/www.manetti.com\/wp-content\/uploads\/2025\/02\/giusto-manetti-blu_300-02.png\",\"width\":1123,\"height\":1093,\"caption\":\"GIUSTO MANETTI BATTILORO S.P.A.\"},\"image\":{\"@id\":\"https:\/\/www.manetti.com\/es\/#\/schema\/logo\/image\/\"},\"sameAs\":[\"https:\/\/www.facebook.com\/giustomanettibattiloro\",\"https:\/\/www.instagram.com\/giustomanettibattiloro\/\",\"https:\/\/www.linkedin.com\/company\/giusto-manetti-battiloro-s-p-a-\/\",\"https:\/\/www.youtube.com\/user\/ManettiBattiloro\"]}]}<\/script>\n<!-- \/ Yoast SEO plugin. -->","yoast_head_json":{"title":"Pan de oro para exteriores | Giusto Manetti Battiloro","description":"El pan de oro para exteriores se utiliza para revestir y decorar o restaurar monumentos, palacios, estatuas, c\u00fapulas y cancelas. Elegida desde siempre para trabajos en edificios hist\u00f3ricos y obras de valor, la hoja da protagonismo y visibilidad a las superficies, gracias a su capacidad de reflejar la luz.","robots":{"index":"index","follow":"follow","max-snippet":"max-snippet:-1","max-image-preview":"max-image-preview:large","max-video-preview":"max-video-preview:-1"},"canonical":"https:\/\/www.manetti.com\/es\/producto\/pan-de-oro-para-exteriores\/","og_locale":"es_ES","og_type":"article","og_title":"Pan de oro para exteriores | Giusto Manetti Battiloro","og_description":"El pan de oro para exteriores se utiliza para revestir y decorar o restaurar monumentos, palacios, estatuas, c\u00fapulas y cancelas. Elegida desde siempre para trabajos en edificios hist\u00f3ricos y obras de valor, la hoja da protagonismo y visibilidad a las superficies, gracias a su capacidad de reflejar la luz.","og_url":"https:\/\/www.manetti.com\/es\/producto\/pan-de-oro-para-exteriores\/","og_site_name":"Giusto Manetti Battiloro","article_publisher":"https:\/\/www.facebook.com\/giustomanettibattiloro","article_modified_time":"2026-04-09T12:35:21+00:00","og_image":[{"url":"https:\/\/www.manetti.com\/wp-content\/uploads\/2019\/11\/3.FogliaOroManetti_CatalogoHomepage1920.jpg","type":"","width":"","height":""}],"twitter_card":"summary_large_image","twitter_title":"Pan de oro para exteriores | Giusto Manetti Battiloro","twitter_description":"El pan de oro para exteriores se utiliza para revestir y decorar o restaurar monumentos, palacios, estatuas, c\u00fapulas y cancelas. Elegida desde siempre para trabajos en edificios hist\u00f3ricos y obras de valor, la hoja da protagonismo y visibilidad a las superficies, gracias a su capacidad de reflejar la luz.","twitter_image":"https:\/\/www.manetti.com\/wp-content\/uploads\/2019\/11\/3.FogliaOroManetti_CatalogoHomepage1920.jpg","twitter_misc":{"Tiempo de lectura":"1 minuto"},"schema":{"@context":"https:\/\/schema.org","@graph":[{"@type":"WebPage","@id":"https:\/\/www.manetti.com\/es\/producto\/pan-de-oro-para-exteriores\/","url":"https:\/\/www.manetti.com\/es\/producto\/pan-de-oro-para-exteriores\/","name":"Pan de oro para exteriores | Giusto Manetti Battiloro","isPartOf":{"@id":"https:\/\/www.manetti.com\/es\/#website"},"primaryImageOfPage":{"@id":"https:\/\/www.manetti.com\/es\/producto\/pan-de-oro-para-exteriores\/#primaryimage"},"image":{"@id":"https:\/\/www.manetti.com\/es\/producto\/pan-de-oro-para-exteriores\/#primaryimage"},"thumbnailUrl":"https:\/\/www.manetti.com\/wp-content\/uploads\/2026\/03\/24KT-ORO_scatola-e-libretti_web.png","datePublished":"2020-01-30T13:24:34+00:00","dateModified":"2026-04-09T12:35:21+00:00","description":"El pan de oro para exteriores se utiliza para revestir y decorar o restaurar monumentos, palacios, estatuas, c\u00fapulas y cancelas. Elegida desde siempre para trabajos en edificios hist\u00f3ricos y obras de valor, la hoja da protagonismo y visibilidad a las superficies, gracias a su capacidad de reflejar la luz.","inLanguage":"es","potentialAction":[{"@type":"ReadAction","target":["https:\/\/www.manetti.com\/es\/producto\/pan-de-oro-para-exteriores\/"]}]},{"@type":"ImageObject","inLanguage":"es","@id":"https:\/\/www.manetti.com\/es\/producto\/pan-de-oro-para-exteriores\/#primaryimage","url":"https:\/\/www.manetti.com\/wp-content\/uploads\/2026\/03\/24KT-ORO_scatola-e-libretti_web.png","contentUrl":"https:\/\/www.manetti.com\/wp-content\/uploads\/2026\/03\/24KT-ORO_scatola-e-libretti_web.png","width":900,"height":900},{"@type":"WebSite","@id":"https:\/\/www.manetti.com\/es\/#website","url":"https:\/\/www.manetti.com\/es\/","name":"Giusto Manetti Battiloro","description":"","publisher":{"@id":"https:\/\/www.manetti.com\/es\/#organization"},"potentialAction":[{"@type":"SearchAction","target":{"@type":"EntryPoint","urlTemplate":"https:\/\/www.manetti.com\/es\/?s={search_term_string}"},"query-input":{"@type":"PropertyValueSpecification","valueRequired":true,"valueName":"search_term_string"}}],"inLanguage":"es"},{"@type":"Organization","@id":"https:\/\/www.manetti.com\/es\/#organization","name":"GIUSTO MANETTI BATTILORO S.P.A.","url":"https:\/\/www.manetti.com\/es\/","logo":{"@type":"ImageObject","inLanguage":"es","@id":"https:\/\/www.manetti.com\/es\/#\/schema\/logo\/image\/","url":"https:\/\/www.manetti.com\/wp-content\/uploads\/2025\/02\/giusto-manetti-blu_300-02.png","contentUrl":"https:\/\/www.manetti.com\/wp-content\/uploads\/2025\/02\/giusto-manetti-blu_300-02.png","width":1123,"height":1093,"caption":"GIUSTO MANETTI BATTILORO S.P.A."},"image":{"@id":"https:\/\/www.manetti.com\/es\/#\/schema\/logo\/image\/"},"sameAs":["https:\/\/www.facebook.com\/giustomanettibattiloro","https:\/\/www.instagram.com\/giustomanettibattiloro\/","https:\/\/www.linkedin.com\/company\/giusto-manetti-battiloro-s-p-a-\/","https:\/\/www.youtube.com\/user\/ManettiBattiloro"]}]}},"_links":{"self":[{"href":"https:\/\/www.manetti.com\/es\/wp-json\/wp\/v2\/product\/88737","targetHints":{"allow":["GET"]}}],"collection":[{"href":"https:\/\/www.manetti.com\/es\/wp-json\/wp\/v2\/product"}],"about":[{"href":"https:\/\/www.manetti.com\/es\/wp-json\/wp\/v2\/types\/product"}],"wp:featuredmedia":[{"embeddable":true,"href":"https:\/\/www.manetti.com\/es\/wp-json\/wp\/v2\/media\/88683"}],"wp:attachment":[{"href":"https:\/\/www.manetti.com\/es\/wp-json\/wp\/v2\/media?parent=88737"}],"wp:term":[{"taxonomy":"product_brand","embeddable":true,"href":"https:\/\/www.manetti.com\/es\/wp-json\/wp\/v2\/product_brand?post=88737"},{"taxonomy":"product_cat","embeddable":true,"href":"https:\/\/www.manetti.com\/es\/wp-json\/wp\/v2\/product_cat?post=88737"},{"taxonomy":"product_tag","embeddable":true,"href":"https:\/\/www.manetti.com\/es\/wp-json\/wp\/v2\/product_tag?post=88737"},{"taxonomy":"product_area","embeddable":true,"href":"https:\/\/www.manetti.com\/es\/wp-json\/wp\/v2\/product_area?post=88737"},{"taxonomy":"catalog_category","embeddable":true,"href":"https:\/\/www.manetti.com\/es\/wp-json\/wp\/v2\/catalog_category?post=88737"}],"curies":[{"name":"wp","href":"https:\/\/api.w.org\/{rel}","templated":true}]}}