{"id":89398,"date":"2026-04-28T14:45:29","date_gmt":"2026-04-28T12:45:29","guid":{"rendered":"https:\/\/www.manetti.com\/?post_type=product&#038;p=89398"},"modified":"2026-05-04T10:26:48","modified_gmt":"2026-05-04T08:26:48","slug":"tronco-de-arcilla-copia","status":"publish","type":"product","link":"https:\/\/www.manetti.com\/es\/producto\/tronco-de-arcilla-copia\/","title":{"rendered":"Bolo tipo s en pasta"},"content":{"rendered":"<p>Base de pasta a base de arcilla, formulada para el dorado al agua sobre soportes de madera preparados con gesso.<br \/>\nCrea una capa intermedia uniforme, compacta y pulible que mejora la adherencia de la hoja met\u00e1lica, realza el bru\u00f1ido y aporta profundidad crom\u00e1tica y calidez al metal aplicado. Su composici\u00f3n mineral y granulometr\u00eda controlada garantizan superficies lisas y compactas, ideales para acabados decorativos de alta calidad.<\/p>\n","protected":false},"excerpt":{"rendered":"<p>Base de pasta a base de arcilla, formulada para el dorado al agua sobre soportes de madera preparados con gesso. Crea una capa intermedia uniforme, compacta y pulible que mejora la adherencia de la hoja met\u00e1lica, realza el bru\u00f1ido y aporta profundidad crom\u00e1tica y calidez al metal aplicado. Su composici\u00f3n mineral y granulometr\u00eda controlada garantizan [&#8230;]<\/p>\n<p><a class=\"btn btn-secondary understrap-read-more-link\" href=\"https:\/\/www.manetti.com\/es\/producto\/tronco-de-arcilla-copia\/\">Leer m\u00e1s&#8230;<\/a><\/p>\n","protected":false},"featured_media":89494,"template":"","meta":{"_acf_changed":false},"product_brand":[],"product_cat":[388],"product_tag":[189],"product_area":[],"catalog_category":[782,794,858,959],"class_list":{"0":"post-89398","1":"product","2":"type-product","3":"status-publish","4":"has-post-thumbnail","6":"product_cat-dorado-al-agua","7":"product_tag-boli-es","8":"catalog_category-iconografia","9":"catalog_category-dorado-y-restauracion","10":"catalog_category-dorado-y-restauracion-bolos-y-yesos","11":"catalog_category-iconografia-bolos-y-yesos","13":"first","14":"instock","15":"shipping-taxable","16":"purchasable","17":"product-type-variable"},"acf":[],"yoast_head":"<!-- This site is optimized with the Yoast SEO plugin v26.5 - https:\/\/yoast.com\/wordpress\/plugins\/seo\/ -->\n<title>Bolo tipo s en pasta | Giusto Manetti Battiloro<\/title>\n<meta name=\"description\" content=\"Base de pasta a base de arcilla, formulada para el dorado al agua sobre soportes de madera preparados con gesso. Crea una capa intermedia uniforme,\" \/>\n<meta name=\"robots\" content=\"index, follow, max-snippet:-1, max-image-preview:large, max-video-preview:-1\" \/>\n<link rel=\"canonical\" href=\"https:\/\/www.manetti.com\/es\/producto\/tronco-de-arcilla-copia\/\" \/>\n<meta property=\"og:locale\" content=\"es_ES\" \/>\n<meta property=\"og:type\" content=\"article\" \/>\n<meta property=\"og:title\" content=\"Bolo tipo s en pasta | Giusto Manetti Battiloro\" \/>\n<meta property=\"og:description\" content=\"Base de pasta a base de arcilla, formulada para el dorado al agua sobre soportes de madera preparados con gesso. Crea una capa intermedia uniforme,\" \/>\n<meta property=\"og:url\" content=\"https:\/\/www.manetti.com\/es\/producto\/tronco-de-arcilla-copia\/\" \/>\n<meta property=\"og:site_name\" content=\"Giusto Manetti Battiloro\" \/>\n<meta property=\"article:publisher\" content=\"https:\/\/www.facebook.com\/giustomanettibattiloro\" \/>\n<meta property=\"article:modified_time\" content=\"2026-05-04T08:26:48+00:00\" \/>\n<meta property=\"og:image\" content=\"https:\/\/www.manetti.com\/wp-content\/uploads\/2026\/04\/Bolo-tipo-S_manetti.png\" \/>\n\t<meta property=\"og:image:width\" content=\"900\" \/>\n\t<meta property=\"og:image:height\" content=\"900\" \/>\n\t<meta property=\"og:image:type\" content=\"image\/png\" \/>\n<meta name=\"twitter:card\" content=\"summary_large_image\" \/>\n<script type=\"application\/ld+json\" class=\"yoast-schema-graph\">{\"@context\":\"https:\/\/schema.org\",\"@graph\":[{\"@type\":\"WebPage\",\"@id\":\"https:\/\/www.manetti.com\/es\/producto\/tronco-de-arcilla-copia\/\",\"url\":\"https:\/\/www.manetti.com\/es\/producto\/tronco-de-arcilla-copia\/\",\"name\":\"Bolo tipo s en pasta | Giusto Manetti Battiloro\",\"isPartOf\":{\"@id\":\"https:\/\/www.manetti.com\/es\/#website\"},\"primaryImageOfPage\":{\"@id\":\"https:\/\/www.manetti.com\/es\/producto\/tronco-de-arcilla-copia\/#primaryimage\"},\"image\":{\"@id\":\"https:\/\/www.manetti.com\/es\/producto\/tronco-de-arcilla-copia\/#primaryimage\"},\"thumbnailUrl\":\"https:\/\/www.manetti.com\/wp-content\/uploads\/2026\/04\/Bolo-tipo-S_manetti.png\",\"datePublished\":\"2026-04-28T12:45:29+00:00\",\"dateModified\":\"2026-05-04T08:26:48+00:00\",\"description\":\"Base de pasta a base de arcilla, formulada para el dorado al agua sobre soportes de madera preparados con gesso. Crea una capa intermedia uniforme,\",\"inLanguage\":\"es\",\"potentialAction\":[{\"@type\":\"ReadAction\",\"target\":[\"https:\/\/www.manetti.com\/es\/producto\/tronco-de-arcilla-copia\/\"]}]},{\"@type\":\"ImageObject\",\"inLanguage\":\"es\",\"@id\":\"https:\/\/www.manetti.com\/es\/producto\/tronco-de-arcilla-copia\/#primaryimage\",\"url\":\"https:\/\/www.manetti.com\/wp-content\/uploads\/2026\/04\/Bolo-tipo-S_manetti.png\",\"contentUrl\":\"https:\/\/www.manetti.com\/wp-content\/uploads\/2026\/04\/Bolo-tipo-S_manetti.png\",\"width\":900,\"height\":900},{\"@type\":\"WebSite\",\"@id\":\"https:\/\/www.manetti.com\/es\/#website\",\"url\":\"https:\/\/www.manetti.com\/es\/\",\"name\":\"Giusto Manetti Battiloro\",\"description\":\"\",\"publisher\":{\"@id\":\"https:\/\/www.manetti.com\/es\/#organization\"},\"potentialAction\":[{\"@type\":\"SearchAction\",\"target\":{\"@type\":\"EntryPoint\",\"urlTemplate\":\"https:\/\/www.manetti.com\/es\/?s={search_term_string}\"},\"query-input\":{\"@type\":\"PropertyValueSpecification\",\"valueRequired\":true,\"valueName\":\"search_term_string\"}}],\"inLanguage\":\"es\"},{\"@type\":\"Organization\",\"@id\":\"https:\/\/www.manetti.com\/es\/#organization\",\"name\":\"GIUSTO MANETTI BATTILORO S.P.A.\",\"url\":\"https:\/\/www.manetti.com\/es\/\",\"logo\":{\"@type\":\"ImageObject\",\"inLanguage\":\"es\",\"@id\":\"https:\/\/www.manetti.com\/es\/#\/schema\/logo\/image\/\",\"url\":\"https:\/\/www.manetti.com\/wp-content\/uploads\/2025\/02\/giusto-manetti-blu_300-02.png\",\"contentUrl\":\"https:\/\/www.manetti.com\/wp-content\/uploads\/2025\/02\/giusto-manetti-blu_300-02.png\",\"width\":1123,\"height\":1093,\"caption\":\"GIUSTO MANETTI BATTILORO S.P.A.\"},\"image\":{\"@id\":\"https:\/\/www.manetti.com\/es\/#\/schema\/logo\/image\/\"},\"sameAs\":[\"https:\/\/www.facebook.com\/giustomanettibattiloro\",\"https:\/\/www.instagram.com\/giustomanettibattiloro\/\",\"https:\/\/www.linkedin.com\/company\/giusto-manetti-battiloro-s-p-a-\/\",\"https:\/\/www.youtube.com\/user\/ManettiBattiloro\"]}]}<\/script>\n<!-- \/ Yoast SEO plugin. -->","yoast_head_json":{"title":"Bolo tipo s en pasta | Giusto Manetti Battiloro","description":"Base de pasta a base de arcilla, formulada para el dorado al agua sobre soportes de madera preparados con gesso. Crea una capa intermedia uniforme,","robots":{"index":"index","follow":"follow","max-snippet":"max-snippet:-1","max-image-preview":"max-image-preview:large","max-video-preview":"max-video-preview:-1"},"canonical":"https:\/\/www.manetti.com\/es\/producto\/tronco-de-arcilla-copia\/","og_locale":"es_ES","og_type":"article","og_title":"Bolo tipo s en pasta | Giusto Manetti Battiloro","og_description":"Base de pasta a base de arcilla, formulada para el dorado al agua sobre soportes de madera preparados con gesso. Crea una capa intermedia uniforme,","og_url":"https:\/\/www.manetti.com\/es\/producto\/tronco-de-arcilla-copia\/","og_site_name":"Giusto Manetti Battiloro","article_publisher":"https:\/\/www.facebook.com\/giustomanettibattiloro","article_modified_time":"2026-05-04T08:26:48+00:00","og_image":[{"width":900,"height":900,"url":"https:\/\/www.manetti.com\/wp-content\/uploads\/2026\/04\/Bolo-tipo-S_manetti.png","type":"image\/png"}],"twitter_card":"summary_large_image","schema":{"@context":"https:\/\/schema.org","@graph":[{"@type":"WebPage","@id":"https:\/\/www.manetti.com\/es\/producto\/tronco-de-arcilla-copia\/","url":"https:\/\/www.manetti.com\/es\/producto\/tronco-de-arcilla-copia\/","name":"Bolo tipo s en pasta | Giusto Manetti Battiloro","isPartOf":{"@id":"https:\/\/www.manetti.com\/es\/#website"},"primaryImageOfPage":{"@id":"https:\/\/www.manetti.com\/es\/producto\/tronco-de-arcilla-copia\/#primaryimage"},"image":{"@id":"https:\/\/www.manetti.com\/es\/producto\/tronco-de-arcilla-copia\/#primaryimage"},"thumbnailUrl":"https:\/\/www.manetti.com\/wp-content\/uploads\/2026\/04\/Bolo-tipo-S_manetti.png","datePublished":"2026-04-28T12:45:29+00:00","dateModified":"2026-05-04T08:26:48+00:00","description":"Base de pasta a base de arcilla, formulada para el dorado al agua sobre soportes de madera preparados con gesso. Crea una capa intermedia uniforme,","inLanguage":"es","potentialAction":[{"@type":"ReadAction","target":["https:\/\/www.manetti.com\/es\/producto\/tronco-de-arcilla-copia\/"]}]},{"@type":"ImageObject","inLanguage":"es","@id":"https:\/\/www.manetti.com\/es\/producto\/tronco-de-arcilla-copia\/#primaryimage","url":"https:\/\/www.manetti.com\/wp-content\/uploads\/2026\/04\/Bolo-tipo-S_manetti.png","contentUrl":"https:\/\/www.manetti.com\/wp-content\/uploads\/2026\/04\/Bolo-tipo-S_manetti.png","width":900,"height":900},{"@type":"WebSite","@id":"https:\/\/www.manetti.com\/es\/#website","url":"https:\/\/www.manetti.com\/es\/","name":"Giusto Manetti Battiloro","description":"","publisher":{"@id":"https:\/\/www.manetti.com\/es\/#organization"},"potentialAction":[{"@type":"SearchAction","target":{"@type":"EntryPoint","urlTemplate":"https:\/\/www.manetti.com\/es\/?s={search_term_string}"},"query-input":{"@type":"PropertyValueSpecification","valueRequired":true,"valueName":"search_term_string"}}],"inLanguage":"es"},{"@type":"Organization","@id":"https:\/\/www.manetti.com\/es\/#organization","name":"GIUSTO MANETTI BATTILORO S.P.A.","url":"https:\/\/www.manetti.com\/es\/","logo":{"@type":"ImageObject","inLanguage":"es","@id":"https:\/\/www.manetti.com\/es\/#\/schema\/logo\/image\/","url":"https:\/\/www.manetti.com\/wp-content\/uploads\/2025\/02\/giusto-manetti-blu_300-02.png","contentUrl":"https:\/\/www.manetti.com\/wp-content\/uploads\/2025\/02\/giusto-manetti-blu_300-02.png","width":1123,"height":1093,"caption":"GIUSTO MANETTI BATTILORO S.P.A."},"image":{"@id":"https:\/\/www.manetti.com\/es\/#\/schema\/logo\/image\/"},"sameAs":["https:\/\/www.facebook.com\/giustomanettibattiloro","https:\/\/www.instagram.com\/giustomanettibattiloro\/","https:\/\/www.linkedin.com\/company\/giusto-manetti-battiloro-s-p-a-\/","https:\/\/www.youtube.com\/user\/ManettiBattiloro"]}]}},"_links":{"self":[{"href":"https:\/\/www.manetti.com\/es\/wp-json\/wp\/v2\/product\/89398","targetHints":{"allow":["GET"]}}],"collection":[{"href":"https:\/\/www.manetti.com\/es\/wp-json\/wp\/v2\/product"}],"about":[{"href":"https:\/\/www.manetti.com\/es\/wp-json\/wp\/v2\/types\/product"}],"wp:featuredmedia":[{"embeddable":true,"href":"https:\/\/www.manetti.com\/es\/wp-json\/wp\/v2\/media\/89494"}],"wp:attachment":[{"href":"https:\/\/www.manetti.com\/es\/wp-json\/wp\/v2\/media?parent=89398"}],"wp:term":[{"taxonomy":"product_brand","embeddable":true,"href":"https:\/\/www.manetti.com\/es\/wp-json\/wp\/v2\/product_brand?post=89398"},{"taxonomy":"product_cat","embeddable":true,"href":"https:\/\/www.manetti.com\/es\/wp-json\/wp\/v2\/product_cat?post=89398"},{"taxonomy":"product_tag","embeddable":true,"href":"https:\/\/www.manetti.com\/es\/wp-json\/wp\/v2\/product_tag?post=89398"},{"taxonomy":"product_area","embeddable":true,"href":"https:\/\/www.manetti.com\/es\/wp-json\/wp\/v2\/product_area?post=89398"},{"taxonomy":"catalog_category","embeddable":true,"href":"https:\/\/www.manetti.com\/es\/wp-json\/wp\/v2\/catalog_category?post=89398"}],"curies":[{"name":"wp","href":"https:\/\/api.w.org\/{rel}","templated":true}]}}