{"id":31573,"date":"2019-10-29T16:55:44","date_gmt":"2019-10-29T15:55:44","guid":{"rendered":"https:\/\/www.manetti.com\/about-us\/responsabilita-sociale\/"},"modified":"2021-05-17T15:00:05","modified_gmt":"2021-05-17T13:00:05","slug":"responsabilite","status":"publish","type":"page","link":"https:\/\/www.manetti.com\/fr\/a-propos-de-nous\/qui-sommes-nous\/responsabilite\/","title":{"rendered":"Responsabilit\u00e9"},"content":{"rendered":"","protected":false},"excerpt":{"rendered":"<p> [&#8230;]<\/p>\n<p><a class=\"btn btn-secondary understrap-read-more-link\" href=\"https:\/\/www.manetti.com\/fr\/a-propos-de-nous\/qui-sommes-nous\/responsabilite\/\">Lire la suite&#8230;<\/a><\/p>\n","protected":false},"author":1,"featured_media":0,"parent":31194,"menu_order":0,"comment_status":"closed","ping_status":"closed","template":"page-templates\/about-us-template.php","meta":{"_acf_changed":false,"footnotes":""},"class_list":["post-31573","page","type-page","status-publish","hentry"],"acf":[],"yoast_head":"<!-- This site is optimized with the Yoast SEO plugin v26.5 - https:\/\/yoast.com\/wordpress\/plugins\/seo\/ -->\n<title>Responsabilit\u00e9 | Giusto Manetti Battiloro<\/title>\n<meta name=\"description\" content=\"Pour Giusto Manetti Battiloro, le concept de responsabilit\u00e9 sociale est un \u00e9l\u00e9ment fondamental de la conduite des affaires et une garantie de qualit\u00e9 offerte au client.\" \/>\n<meta name=\"robots\" content=\"index, follow, max-snippet:-1, max-image-preview:large, max-video-preview:-1\" \/>\n<link rel=\"canonical\" href=\"https:\/\/www.manetti.com\/fr\/a-propos-de-nous\/qui-sommes-nous\/responsabilite\/\" \/>\n<meta property=\"og:locale\" content=\"fr_FR\" \/>\n<meta property=\"og:type\" content=\"article\" \/>\n<meta property=\"og:title\" content=\"Responsabilit\u00e0 sociale | Giusto Manetti Battiloro\" \/>\n<meta property=\"og:description\" content=\"Per Giusto Manetti Battiloro il concetto di responsabilit\u00e0 sociale \u00e8 un elemento fondante del fare impresa e una garanzia di qualit\u00e0 offerta al cliente.\" \/>\n<meta property=\"og:url\" content=\"https:\/\/www.manetti.com\/fr\/a-propos-de-nous\/qui-sommes-nous\/responsabilite\/\" \/>\n<meta property=\"og:site_name\" content=\"Giusto Manetti Battiloro\" \/>\n<meta property=\"article:publisher\" content=\"https:\/\/www.facebook.com\/giustomanettibattiloro\" \/>\n<meta property=\"article:modified_time\" content=\"2021-05-17T13:00:05+00:00\" \/>\n<meta property=\"og:image\" content=\"https:\/\/www.manetti.com\/wp-content\/uploads\/2020\/01\/InvestimentoTerritorioComitatoDeiCento_Responsabilita-scaled.jpg\" \/>\n\t<meta property=\"og:image:width\" content=\"2560\" \/>\n\t<meta property=\"og:image:height\" content=\"1707\" \/>\n\t<meta property=\"og:image:type\" content=\"image\/jpeg\" \/>\n<meta name=\"twitter:card\" content=\"summary_large_image\" \/>\n<meta name=\"twitter:title\" content=\"Responsabilit\u00e0 sociale | Giusto Manetti Battiloro\" \/>\n<meta name=\"twitter:description\" content=\"Per Giusto Manetti Battiloro il concetto di responsabilit\u00e0 sociale \u00e8 un elemento fondante del fare impresa e una garanzia di qualit\u00e0 offerta al cliente.\" \/>\n<meta name=\"twitter:image\" content=\"https:\/\/www.manetti.com\/wp-content\/uploads\/2020\/01\/InvestimentoTerritorioComitatoDeiCento_Responsabilita-scaled.jpg\" \/>\n<script type=\"application\/ld+json\" class=\"yoast-schema-graph\">{\"@context\":\"https:\/\/schema.org\",\"@graph\":[{\"@type\":\"WebPage\",\"@id\":\"https:\/\/www.manetti.com\/fr\/a-propos-de-nous\/qui-sommes-nous\/responsabilite\/\",\"url\":\"https:\/\/www.manetti.com\/fr\/a-propos-de-nous\/qui-sommes-nous\/responsabilite\/\",\"name\":\"Responsabilit\u00e9 | Giusto Manetti Battiloro\",\"isPartOf\":{\"@id\":\"https:\/\/www.manetti.com\/fr\/#website\"},\"datePublished\":\"2019-10-29T15:55:44+00:00\",\"dateModified\":\"2021-05-17T13:00:05+00:00\",\"description\":\"Pour Giusto Manetti Battiloro, le concept de responsabilit\u00e9 sociale est un \u00e9l\u00e9ment fondamental de la conduite des affaires et une garantie de qualit\u00e9 offerte au client.\",\"inLanguage\":\"fr-FR\",\"potentialAction\":[{\"@type\":\"ReadAction\",\"target\":[\"https:\/\/www.manetti.com\/fr\/a-propos-de-nous\/qui-sommes-nous\/responsabilite\/\"]}]},{\"@type\":\"WebSite\",\"@id\":\"https:\/\/www.manetti.com\/fr\/#website\",\"url\":\"https:\/\/www.manetti.com\/fr\/\",\"name\":\"Giusto Manetti Battiloro\",\"description\":\"\",\"publisher\":{\"@id\":\"https:\/\/www.manetti.com\/fr\/#organization\"},\"potentialAction\":[{\"@type\":\"SearchAction\",\"target\":{\"@type\":\"EntryPoint\",\"urlTemplate\":\"https:\/\/www.manetti.com\/fr\/?s={search_term_string}\"},\"query-input\":{\"@type\":\"PropertyValueSpecification\",\"valueRequired\":true,\"valueName\":\"search_term_string\"}}],\"inLanguage\":\"fr-FR\"},{\"@type\":\"Organization\",\"@id\":\"https:\/\/www.manetti.com\/fr\/#organization\",\"name\":\"GIUSTO MANETTI BATTILORO S.P.A.\",\"url\":\"https:\/\/www.manetti.com\/fr\/\",\"logo\":{\"@type\":\"ImageObject\",\"inLanguage\":\"fr-FR\",\"@id\":\"https:\/\/www.manetti.com\/fr\/#\/schema\/logo\/image\/\",\"url\":\"https:\/\/www.manetti.com\/wp-content\/uploads\/2025\/02\/giusto-manetti-blu_300-02.png\",\"contentUrl\":\"https:\/\/www.manetti.com\/wp-content\/uploads\/2025\/02\/giusto-manetti-blu_300-02.png\",\"width\":1123,\"height\":1093,\"caption\":\"GIUSTO MANETTI BATTILORO S.P.A.\"},\"image\":{\"@id\":\"https:\/\/www.manetti.com\/fr\/#\/schema\/logo\/image\/\"},\"sameAs\":[\"https:\/\/www.facebook.com\/giustomanettibattiloro\",\"https:\/\/www.instagram.com\/giustomanettibattiloro\/\",\"https:\/\/www.linkedin.com\/company\/giusto-manetti-battiloro-s-p-a-\/\",\"https:\/\/www.youtube.com\/user\/ManettiBattiloro\"]}]}<\/script>\n<!-- \/ Yoast SEO plugin. -->","yoast_head_json":{"title":"Responsabilit\u00e9 | Giusto Manetti Battiloro","description":"Pour Giusto Manetti Battiloro, le concept de responsabilit\u00e9 sociale est un \u00e9l\u00e9ment fondamental de la conduite des affaires et une garantie de qualit\u00e9 offerte au client.","robots":{"index":"index","follow":"follow","max-snippet":"max-snippet:-1","max-image-preview":"max-image-preview:large","max-video-preview":"max-video-preview:-1"},"canonical":"https:\/\/www.manetti.com\/fr\/a-propos-de-nous\/qui-sommes-nous\/responsabilite\/","og_locale":"fr_FR","og_type":"article","og_title":"Responsabilit\u00e0 sociale | Giusto Manetti Battiloro","og_description":"Per Giusto Manetti Battiloro il concetto di responsabilit\u00e0 sociale \u00e8 un elemento fondante del fare impresa e una garanzia di qualit\u00e0 offerta al cliente.","og_url":"https:\/\/www.manetti.com\/fr\/a-propos-de-nous\/qui-sommes-nous\/responsabilite\/","og_site_name":"Giusto Manetti Battiloro","article_publisher":"https:\/\/www.facebook.com\/giustomanettibattiloro","article_modified_time":"2021-05-17T13:00:05+00:00","og_image":[{"width":2560,"height":1707,"url":"https:\/\/www.manetti.com\/wp-content\/uploads\/2020\/01\/InvestimentoTerritorioComitatoDeiCento_Responsabilita-scaled.jpg","type":"image\/jpeg"}],"twitter_card":"summary_large_image","twitter_title":"Responsabilit\u00e0 sociale | Giusto Manetti Battiloro","twitter_description":"Per Giusto Manetti Battiloro il concetto di responsabilit\u00e0 sociale \u00e8 un elemento fondante del fare impresa e una garanzia di qualit\u00e0 offerta al cliente.","twitter_image":"https:\/\/www.manetti.com\/wp-content\/uploads\/2020\/01\/InvestimentoTerritorioComitatoDeiCento_Responsabilita-scaled.jpg","schema":{"@context":"https:\/\/schema.org","@graph":[{"@type":"WebPage","@id":"https:\/\/www.manetti.com\/fr\/a-propos-de-nous\/qui-sommes-nous\/responsabilite\/","url":"https:\/\/www.manetti.com\/fr\/a-propos-de-nous\/qui-sommes-nous\/responsabilite\/","name":"Responsabilit\u00e9 | Giusto Manetti Battiloro","isPartOf":{"@id":"https:\/\/www.manetti.com\/fr\/#website"},"datePublished":"2019-10-29T15:55:44+00:00","dateModified":"2021-05-17T13:00:05+00:00","description":"Pour Giusto Manetti Battiloro, le concept de responsabilit\u00e9 sociale est un \u00e9l\u00e9ment fondamental de la conduite des affaires et une garantie de qualit\u00e9 offerte au client.","inLanguage":"fr-FR","potentialAction":[{"@type":"ReadAction","target":["https:\/\/www.manetti.com\/fr\/a-propos-de-nous\/qui-sommes-nous\/responsabilite\/"]}]},{"@type":"WebSite","@id":"https:\/\/www.manetti.com\/fr\/#website","url":"https:\/\/www.manetti.com\/fr\/","name":"Giusto Manetti Battiloro","description":"","publisher":{"@id":"https:\/\/www.manetti.com\/fr\/#organization"},"potentialAction":[{"@type":"SearchAction","target":{"@type":"EntryPoint","urlTemplate":"https:\/\/www.manetti.com\/fr\/?s={search_term_string}"},"query-input":{"@type":"PropertyValueSpecification","valueRequired":true,"valueName":"search_term_string"}}],"inLanguage":"fr-FR"},{"@type":"Organization","@id":"https:\/\/www.manetti.com\/fr\/#organization","name":"GIUSTO MANETTI BATTILORO S.P.A.","url":"https:\/\/www.manetti.com\/fr\/","logo":{"@type":"ImageObject","inLanguage":"fr-FR","@id":"https:\/\/www.manetti.com\/fr\/#\/schema\/logo\/image\/","url":"https:\/\/www.manetti.com\/wp-content\/uploads\/2025\/02\/giusto-manetti-blu_300-02.png","contentUrl":"https:\/\/www.manetti.com\/wp-content\/uploads\/2025\/02\/giusto-manetti-blu_300-02.png","width":1123,"height":1093,"caption":"GIUSTO MANETTI BATTILORO S.P.A."},"image":{"@id":"https:\/\/www.manetti.com\/fr\/#\/schema\/logo\/image\/"},"sameAs":["https:\/\/www.facebook.com\/giustomanettibattiloro","https:\/\/www.instagram.com\/giustomanettibattiloro\/","https:\/\/www.linkedin.com\/company\/giusto-manetti-battiloro-s-p-a-\/","https:\/\/www.youtube.com\/user\/ManettiBattiloro"]}]}},"_links":{"self":[{"href":"https:\/\/www.manetti.com\/fr\/wp-json\/wp\/v2\/pages\/31573","targetHints":{"allow":["GET"]}}],"collection":[{"href":"https:\/\/www.manetti.com\/fr\/wp-json\/wp\/v2\/pages"}],"about":[{"href":"https:\/\/www.manetti.com\/fr\/wp-json\/wp\/v2\/types\/page"}],"author":[{"embeddable":true,"href":"https:\/\/www.manetti.com\/fr\/wp-json\/wp\/v2\/users\/1"}],"replies":[{"embeddable":true,"href":"https:\/\/www.manetti.com\/fr\/wp-json\/wp\/v2\/comments?post=31573"}],"version-history":[{"count":0,"href":"https:\/\/www.manetti.com\/fr\/wp-json\/wp\/v2\/pages\/31573\/revisions"}],"up":[{"embeddable":true,"href":"https:\/\/www.manetti.com\/fr\/wp-json\/wp\/v2\/pages\/31194"}],"wp:attachment":[{"href":"https:\/\/www.manetti.com\/fr\/wp-json\/wp\/v2\/media?parent=31573"}],"curies":[{"name":"wp","href":"https:\/\/api.w.org\/{rel}","templated":true}]}}