{"id":31683,"date":"2019-10-29T17:00:52","date_gmt":"2019-10-29T16:00:52","guid":{"rendered":"https:\/\/www.manetti.com\/catalogo-prodotti\/"},"modified":"2024-04-08T15:28:06","modified_gmt":"2024-04-08T13:28:06","slug":"catalogue-produits","status":"publish","type":"page","link":"https:\/\/www.manetti.com\/fr\/catalogue-produits\/","title":{"rendered":"Catalogue"},"content":{"rendered":"<p>La gamme la plus compl\u00e8te de produits de dorure pour les professionnels, les distributeurs et les grands op\u00e9rateurs : feuille d&#8217;or, d&#8217;argent, de palladium, de platine, imitation, et un large choix d&#8217;outils et de produits pour la dorure \u00e0 l&#8217;eau, la dorure en mission, la finition et la protection.<\/p>\n","protected":false},"excerpt":{"rendered":"<p>La gamme la plus compl\u00e8te de produits de dorure pour les professionnels, les distributeurs et les grands op\u00e9rateurs : feuille d&#8217;or, d&#8217;argent, de palladium, de platine, imitation, et un large choix d&#8217;outils et de produits pour la dorure \u00e0 l&#8217;eau, la dorure en mission, la finition et la protection. [&#8230;]<\/p>\n<p><a class=\"btn btn-secondary understrap-read-more-link\" href=\"https:\/\/www.manetti.com\/fr\/catalogue-produits\/\">Lire la suite&#8230;<\/a><\/p>\n","protected":false},"author":1,"featured_media":0,"parent":0,"menu_order":0,"comment_status":"closed","ping_status":"closed","template":"page-templates\/catalogo-template.php","meta":{"_acf_changed":false,"footnotes":""},"class_list":["post-31683","page","type-page","status-publish","hentry"],"acf":[],"yoast_head":"<!-- This site is optimized with the Yoast SEO plugin v26.5 - https:\/\/yoast.com\/wordpress\/plugins\/seo\/ -->\n<title>Produits pour la Dorure, Dorure \u00e0 la feuille pour usage d\u00e9coratif | Giusto Manetti Battiloro<\/title>\n<meta name=\"description\" content=\"Dorure \u00e0 la feuille depuis 1600. Manetti Battiloro produit la meilleure feuille d&#039;or et une vaste gamme de produits \u00e0 dorer. En savoir plus!\" \/>\n<meta name=\"robots\" content=\"index, follow, max-snippet:-1, max-image-preview:large, max-video-preview:-1\" \/>\n<link rel=\"canonical\" href=\"https:\/\/www.manetti.com\/fr\/catalogue-produits\/\" \/>\n<meta property=\"og:locale\" content=\"fr_FR\" \/>\n<meta property=\"og:type\" content=\"article\" \/>\n<meta property=\"og:title\" content=\"Foglia oro, argento, palladio, platino e accessori doratura | Giusto Manetti Battiloro\" \/>\n<meta property=\"og:description\" content=\"Sfoglia il catalogo prodotti Manetti Battiloro, azienda leader nella produzione di foglia d&#039;oro e d&#039;argento per la doratura di superfici!\" \/>\n<meta property=\"og:url\" content=\"https:\/\/www.manetti.com\/fr\/catalogue-produits\/\" \/>\n<meta property=\"og:site_name\" content=\"Giusto Manetti Battiloro\" \/>\n<meta property=\"article:publisher\" content=\"https:\/\/www.facebook.com\/giustomanettibattiloro\" \/>\n<meta property=\"article:modified_time\" content=\"2024-04-08T13:28:06+00:00\" \/>\n<meta property=\"og:image\" content=\"https:\/\/www.manetti.com\/wp-content\/uploads\/2019\/11\/3.FogliaOroManetti_CatalogoHomepage1920.jpg\" \/>\n\t<meta property=\"og:image:width\" content=\"1920\" \/>\n\t<meta property=\"og:image:height\" content=\"1183\" \/>\n\t<meta property=\"og:image:type\" content=\"image\/jpeg\" \/>\n<meta name=\"twitter:card\" content=\"summary_large_image\" \/>\n<meta name=\"twitter:title\" content=\"Foglia oro, argento, palladio, platino e accessori doratura | Giusto Manetti Battiloro\" \/>\n<meta name=\"twitter:description\" content=\"Sfoglia il catalogo prodotti Manetti Battiloro, azienda leader nella produzione di foglia d&#039;oro e d&#039;argento per la doratura di superfici!\" \/>\n<meta name=\"twitter:image\" content=\"https:\/\/www.manetti.com\/wp-content\/uploads\/2019\/11\/3.FogliaOroManetti_CatalogoHomepage1920.jpg\" \/>\n<script type=\"application\/ld+json\" class=\"yoast-schema-graph\">{\"@context\":\"https:\/\/schema.org\",\"@graph\":[{\"@type\":\"WebPage\",\"@id\":\"https:\/\/www.manetti.com\/fr\/catalogue-produits\/\",\"url\":\"https:\/\/www.manetti.com\/fr\/catalogue-produits\/\",\"name\":\"Produits pour la Dorure, Dorure \u00e0 la feuille pour usage d\u00e9coratif | Giusto Manetti Battiloro\",\"isPartOf\":{\"@id\":\"https:\/\/www.manetti.com\/fr\/#website\"},\"datePublished\":\"2019-10-29T16:00:52+00:00\",\"dateModified\":\"2024-04-08T13:28:06+00:00\",\"description\":\"Dorure \u00e0 la feuille depuis 1600. Manetti Battiloro produit la meilleure feuille d'or et une vaste gamme de produits \u00e0 dorer. En savoir plus!\",\"inLanguage\":\"fr-FR\",\"potentialAction\":[{\"@type\":\"ReadAction\",\"target\":[\"https:\/\/www.manetti.com\/fr\/catalogue-produits\/\"]}]},{\"@type\":\"WebSite\",\"@id\":\"https:\/\/www.manetti.com\/fr\/#website\",\"url\":\"https:\/\/www.manetti.com\/fr\/\",\"name\":\"Giusto Manetti Battiloro\",\"description\":\"\",\"publisher\":{\"@id\":\"https:\/\/www.manetti.com\/fr\/#organization\"},\"potentialAction\":[{\"@type\":\"SearchAction\",\"target\":{\"@type\":\"EntryPoint\",\"urlTemplate\":\"https:\/\/www.manetti.com\/fr\/?s={search_term_string}\"},\"query-input\":{\"@type\":\"PropertyValueSpecification\",\"valueRequired\":true,\"valueName\":\"search_term_string\"}}],\"inLanguage\":\"fr-FR\"},{\"@type\":\"Organization\",\"@id\":\"https:\/\/www.manetti.com\/fr\/#organization\",\"name\":\"GIUSTO MANETTI BATTILORO S.P.A.\",\"url\":\"https:\/\/www.manetti.com\/fr\/\",\"logo\":{\"@type\":\"ImageObject\",\"inLanguage\":\"fr-FR\",\"@id\":\"https:\/\/www.manetti.com\/fr\/#\/schema\/logo\/image\/\",\"url\":\"https:\/\/www.manetti.com\/wp-content\/uploads\/2025\/02\/giusto-manetti-blu_300-02.png\",\"contentUrl\":\"https:\/\/www.manetti.com\/wp-content\/uploads\/2025\/02\/giusto-manetti-blu_300-02.png\",\"width\":1123,\"height\":1093,\"caption\":\"GIUSTO MANETTI BATTILORO S.P.A.\"},\"image\":{\"@id\":\"https:\/\/www.manetti.com\/fr\/#\/schema\/logo\/image\/\"},\"sameAs\":[\"https:\/\/www.facebook.com\/giustomanettibattiloro\",\"https:\/\/www.instagram.com\/giustomanettibattiloro\/\",\"https:\/\/www.linkedin.com\/company\/giusto-manetti-battiloro-s-p-a-\/\",\"https:\/\/www.youtube.com\/user\/ManettiBattiloro\"]}]}<\/script>\n<!-- \/ Yoast SEO plugin. -->","yoast_head_json":{"title":"Produits pour la Dorure, Dorure \u00e0 la feuille pour usage d\u00e9coratif | Giusto Manetti Battiloro","description":"Dorure \u00e0 la feuille depuis 1600. Manetti Battiloro produit la meilleure feuille d'or et une vaste gamme de produits \u00e0 dorer. En savoir plus!","robots":{"index":"index","follow":"follow","max-snippet":"max-snippet:-1","max-image-preview":"max-image-preview:large","max-video-preview":"max-video-preview:-1"},"canonical":"https:\/\/www.manetti.com\/fr\/catalogue-produits\/","og_locale":"fr_FR","og_type":"article","og_title":"Foglia oro, argento, palladio, platino e accessori doratura | Giusto Manetti Battiloro","og_description":"Sfoglia il catalogo prodotti Manetti Battiloro, azienda leader nella produzione di foglia d'oro e d'argento per la doratura di superfici!","og_url":"https:\/\/www.manetti.com\/fr\/catalogue-produits\/","og_site_name":"Giusto Manetti Battiloro","article_publisher":"https:\/\/www.facebook.com\/giustomanettibattiloro","article_modified_time":"2024-04-08T13:28:06+00:00","og_image":[{"width":1920,"height":1183,"url":"https:\/\/www.manetti.com\/wp-content\/uploads\/2019\/11\/3.FogliaOroManetti_CatalogoHomepage1920.jpg","type":"image\/jpeg"}],"twitter_card":"summary_large_image","twitter_title":"Foglia oro, argento, palladio, platino e accessori doratura | Giusto Manetti Battiloro","twitter_description":"Sfoglia il catalogo prodotti Manetti Battiloro, azienda leader nella produzione di foglia d'oro e d'argento per la doratura di superfici!","twitter_image":"https:\/\/www.manetti.com\/wp-content\/uploads\/2019\/11\/3.FogliaOroManetti_CatalogoHomepage1920.jpg","schema":{"@context":"https:\/\/schema.org","@graph":[{"@type":"WebPage","@id":"https:\/\/www.manetti.com\/fr\/catalogue-produits\/","url":"https:\/\/www.manetti.com\/fr\/catalogue-produits\/","name":"Produits pour la Dorure, Dorure \u00e0 la feuille pour usage d\u00e9coratif | Giusto Manetti Battiloro","isPartOf":{"@id":"https:\/\/www.manetti.com\/fr\/#website"},"datePublished":"2019-10-29T16:00:52+00:00","dateModified":"2024-04-08T13:28:06+00:00","description":"Dorure \u00e0 la feuille depuis 1600. Manetti Battiloro produit la meilleure feuille d'or et une vaste gamme de produits \u00e0 dorer. En savoir plus!","inLanguage":"fr-FR","potentialAction":[{"@type":"ReadAction","target":["https:\/\/www.manetti.com\/fr\/catalogue-produits\/"]}]},{"@type":"WebSite","@id":"https:\/\/www.manetti.com\/fr\/#website","url":"https:\/\/www.manetti.com\/fr\/","name":"Giusto Manetti Battiloro","description":"","publisher":{"@id":"https:\/\/www.manetti.com\/fr\/#organization"},"potentialAction":[{"@type":"SearchAction","target":{"@type":"EntryPoint","urlTemplate":"https:\/\/www.manetti.com\/fr\/?s={search_term_string}"},"query-input":{"@type":"PropertyValueSpecification","valueRequired":true,"valueName":"search_term_string"}}],"inLanguage":"fr-FR"},{"@type":"Organization","@id":"https:\/\/www.manetti.com\/fr\/#organization","name":"GIUSTO MANETTI BATTILORO S.P.A.","url":"https:\/\/www.manetti.com\/fr\/","logo":{"@type":"ImageObject","inLanguage":"fr-FR","@id":"https:\/\/www.manetti.com\/fr\/#\/schema\/logo\/image\/","url":"https:\/\/www.manetti.com\/wp-content\/uploads\/2025\/02\/giusto-manetti-blu_300-02.png","contentUrl":"https:\/\/www.manetti.com\/wp-content\/uploads\/2025\/02\/giusto-manetti-blu_300-02.png","width":1123,"height":1093,"caption":"GIUSTO MANETTI BATTILORO S.P.A."},"image":{"@id":"https:\/\/www.manetti.com\/fr\/#\/schema\/logo\/image\/"},"sameAs":["https:\/\/www.facebook.com\/giustomanettibattiloro","https:\/\/www.instagram.com\/giustomanettibattiloro\/","https:\/\/www.linkedin.com\/company\/giusto-manetti-battiloro-s-p-a-\/","https:\/\/www.youtube.com\/user\/ManettiBattiloro"]}]}},"_links":{"self":[{"href":"https:\/\/www.manetti.com\/fr\/wp-json\/wp\/v2\/pages\/31683","targetHints":{"allow":["GET"]}}],"collection":[{"href":"https:\/\/www.manetti.com\/fr\/wp-json\/wp\/v2\/pages"}],"about":[{"href":"https:\/\/www.manetti.com\/fr\/wp-json\/wp\/v2\/types\/page"}],"author":[{"embeddable":true,"href":"https:\/\/www.manetti.com\/fr\/wp-json\/wp\/v2\/users\/1"}],"replies":[{"embeddable":true,"href":"https:\/\/www.manetti.com\/fr\/wp-json\/wp\/v2\/comments?post=31683"}],"version-history":[{"count":0,"href":"https:\/\/www.manetti.com\/fr\/wp-json\/wp\/v2\/pages\/31683\/revisions"}],"wp:attachment":[{"href":"https:\/\/www.manetti.com\/fr\/wp-json\/wp\/v2\/media?parent=31683"}],"curies":[{"name":"wp","href":"https:\/\/api.w.org\/{rel}","templated":true}]}}