{"id":31981,"date":"2019-10-31T15:00:52","date_gmt":"2019-10-31T14:00:52","guid":{"rendered":"https:\/\/www.manetti.com\/termini-e-condizioni\/"},"modified":"2021-05-12T20:59:28","modified_gmt":"2021-05-12T18:59:28","slug":"termes-conditions","status":"publish","type":"page","link":"https:\/\/www.manetti.com\/fr\/home\/termes-conditions\/","title":{"rendered":"Conditions G\u00e9n\u00e9rales"},"content":{"rendered":"\n<p><strong>R\u00e8gles d&#8217;utilisation du site et conditions g\u00e9n\u00e9rales de vente<\/strong><\/p>\n\n\n\n<p>Propri\u00e9taire du site :<\/p>\n\n\n\n<p>Giusto Manetti Battiloro S.p.a., Via Tosca Fiesoli n\u00b0 89\/M &#8211; Campi Bisenzio (FI), inscrite au registre des soci\u00e9t\u00e9s de Florence N\u00b0TVA\/CF : 00389280488, REA de Florence n\u00b0 FI-42738.<\/p>\n\n\n\n<p>Contacts: giustomanettibattilorospa@pec.it<\/p>\n\n\n\n<p><strong>Pr\u00e9misse<\/strong><\/p>\n\n\n\n<p>Le pr\u00e9sent document contient les conditions d&#8217;utilisation (ci-apr\u00e8s les \u00ab conditions d&#8217;utilisation \u00bb) du site www.manetti.com (ci-apr\u00e8s \u00e9galement le \u00ab site \u00bb).<\/p>\n\n\n\n<p>Les r\u00e8gles d&#8217;utilisation du site applicables sont celles qui sont publi\u00e9es sur le site au moment de l&#8217;acc\u00e8s. Toute modification et\/ou mise \u00e0 jour des conditions d&#8217;utilisation sera valide et effective \u00e0 partir de sa publication sur le site.<\/p>\n\n\n\n<p>Pour des informations sur l&#8217;utilisation des donn\u00e9es personnelles et des cookies, veuillez vous r\u00e9f\u00e9rer aux politiques respectives sur le site.<\/p>\n\n\n\n<p><strong>R\u00e8glement d\u2019utilisation<\/strong><\/p>\n\n\n\n<p>En acc\u00e9dant au site, l&#8217;utilisateur accepte express\u00e9ment d&#8217;\u00eatre li\u00e9 par toutes les conditions d&#8217;utilisation contenues dans les pr\u00e9sentes.<\/p>\n\n\n\n<p>Giusto Manetti Battiloro S.p.a., en tant que propri\u00e9taire du Site, se r\u00e9serve le droit d&#8217;exclure et\/ou de limiter l&#8217;utilisation du Site si l&#8217;Utilisateur n&#8217;accepte pas et n&#8217;a pas l&#8217;intention de respecter le pr\u00e9sent R\u00e8glement d&#8217;utilisation.<\/p>\n\n\n\n<p>L&#8217;acc\u00e8s au Site permet \u00e0 l&#8217;utilisateur d&#8217;obtenir des informations sur les produits de Giusto Manetti Battiloro S.p.a., ainsi que l&#8217;acc\u00e8s \u00e0 un espace r\u00e9serv\u00e9.<\/p>\n\n\n\n<p><strong>Enregistrement sur le Site<\/strong><\/p>\n\n\n\n<p>L&#8217;enregistrement au Site, par le biais du formulaire appropri\u00e9, est gratuit.<\/p>\n\n\n\n<p>L&#8217;enregistrement permet \u00e0 l&#8217;utilisateur d&#8217;effectuer les activit\u00e9s suivantes :<\/p>\n\n\n\n<p>&#8211; Consultez le mat\u00e9riel et la documentation approfondis sur les techniques de dorure et\/ou les produits promus sur le Site ;<\/p>\n\n\n\n<p>&#8211; Visualiser et\/ou t\u00e9l\u00e9charger du mat\u00e9riel informatif, technique et\/ou commercial concernant les produits ;<\/p>\n\n\n\n<p>&#8211; Voir les demandes de devis effectu\u00e9es ;<\/p>\n\n\n\n<p>&#8211; Modifier les donn\u00e9es d&#8217;acc\u00e8s ;<\/p>\n\n\n\n<p><\/p>\n\n\n\n<p>\u00c0 tout moment, l&#8217;Utilisateur peut demander la d\u00e9sactivation et la r\u00e9siliation de son compte par le biais du lien appropri\u00e9 sur le Site ou en communiquant directement \u00e0 l&#8217;adresse \u00e9lectronique : <a href=\"mailto:goldleaf@manetti.it\"><strong style=\"color:#c39f5f\">goldleaf@manetti.it<\/strong><\/a> <\/p>\n\n\n\n<p>L&#8217;Utilisateur est tenu de conserver avec le soin et la diligence n\u00e9cessaires ses identifiants d&#8217;acc\u00e8s \u00e0 son compte (identifiant et mot de passe). En cas de perte ou de vol des identifiants d&#8217;acc\u00e8s pour des raisons non imputables \u00e0 Giusto Manetti Battiloro S.p.a., aucune responsabilit\u00e9 ne pourra \u00eatre attribu\u00e9e \u00e0 cette derni\u00e8re pour toute consultation non autoris\u00e9e du compte par des tiers.<\/p>\n\n\n\n<p>Giusto Manetti Battiloro S.p.a. se r\u00e9serve le droit de suspendre ou de fermer un compte client \u00e0 tout moment et sans pr\u00e9avis si des irr\u00e9gularit\u00e9s sont constat\u00e9es dans l&#8217;acc\u00e8s au Site.<\/p>\n\n\n\n<p><strong>Propri\u00e9t\u00e9 \u2013 Copyright &amp; Trademark<\/strong><\/p>\n\n\n\n<p>Tous les contenus publi\u00e9s sur le Site, \u00e0 titre purement indicatif : documentation, images, personnages, design, musique, logiciels, codes et formats scripts, marques et\/ou tout autre signe distinctif, sont la propri\u00e9t\u00e9 de Giusto Manetti Battiloro S.p.a. et\/ou sont en tout cas l\u00e9galement \u00e0 la disposition de cette derni\u00e8re. Le mat\u00e9riel contenu dans le site web est prot\u00e9g\u00e9 par le droit d&#8217;auteur. Toute reproduction, alt\u00e9ration, transmission, publication ou redistribution \u00e0 des tiers \u00e0 des fins commerciales est strictement interdite. En tout \u00e9tat de cause, il est express\u00e9ment interdit aux utilisateurs d&#8217;utiliser le contenu ou les marques du site \u00e0 des fins autres que l&#8217;utilisation des services offerts par le site.<\/p>\n\n\n\n<p><strong>D\u00e9clinaison de la responsabilit\u00e9<\/strong><\/p>\n\n\n\n<p>Toutes les informations publi\u00e9es sur le Site sont faites dans le but de fournir un service \u00e0 l&#8217;Utilisateur. En tout \u00e9tat de cause, Giusto Manetti Battiloro S.p.a. d\u00e9cline toute responsabilit\u00e9 quant \u00e0 la possibilit\u00e9 d&#8217;\u00e9ventuelles inexactitudes et\/ou erreurs dans les informations fournies, pour lesquelles une correction imm\u00e9diate sera effectu\u00e9e apr\u00e8s notification.<\/p>\n\n\n\n<p>Giusto Manetti Battiloro S.p.a. se r\u00e9serve \u00e9galement le droit d&#8217;apporter des corrections et des modifications au Site ainsi qu&#8217;aux termes et conditions contenus dans la pr\u00e9sente note l\u00e9gale, chaque fois qu&#8217;elle le jugera n\u00e9cessaire et sans pr\u00e9avis.<\/p>\n\n\n\n<p>L&#8217;utilisateur doit se conformer aux conditions contenues dans le pr\u00e9sent avis juridique et doit v\u00e9rifier p\u00e9riodiquement les mises \u00e0 jour, les changements et les corrections.<\/p>\n\n\n\n<p>Giusto Manetti Battiloro S.p.a. d\u00e9cline toute responsabilit\u00e9 pour les \u00e9ventuels dysfonctionnements li\u00e9s \u00e0 la d\u00e9sactivation des cookies dans le navigateur de l&#8217;utilisateur, ainsi que pour les \u00e9ventuelles interruptions et\/ou suspensions de l&#8217;utilisation totale ou partielle du site en raison de probl\u00e8mes de nature technique. En cas de probl\u00e8me de fonctionnement du Site, l&#8217;Utilisateur peut signaler le dysfonctionnement \u00e0 : <a href=\"mailto:goldleaf@manetti.it\"><strong style=\"color:#c39f5f\">goldleaf@manetti.it<\/strong><\/a> <\/p>\n\n\n\n<p><br> <strong>L\u00e9gislation italienne<\/strong><\/p>\n\n\n\n<p>L&#8217;Utilisateur qui acc\u00e8de au site d\u00e9clare accepter que toutes les questions relatives \u00e0 l&#8217;utilisation du site www.manetti.com soient r\u00e9gies par la l\u00e9gislation en vigueur de l&#8217;\u00c9tat italien. Pour la r\u00e9solution de tout litige relatif \u00e0 l&#8217;interpr\u00e9tation, l&#8217;ex\u00e9cution ou la r\u00e9siliation du pr\u00e9sent R\u00e8glement d&#8217;utilisation, conform\u00e9ment \u00e0 l&#8217;article 66 bis du Code de la consommation, le tribunal du lieu de r\u00e9sidence ou du domicile de l&#8217;utilisateur, s&#8217;il est situ\u00e9 sur le territoire italien, est exclusivement comp\u00e9tent. Pour les clients professionnels (B2B), la juridiction territoriale est le tribunal de Florence.<\/p>\n\n\n\n<p>Giusto Manetti Battiloro S.p.a. ne garantit pas la conformit\u00e9 des contenus du site avec les r\u00e9glementations en vigueur dans les autres pays. L&#8217;acc\u00e8s au site \u00e0 partir d&#8217;endroits o\u00f9 son contenu est consid\u00e9r\u00e9 comme ill\u00e9gal est express\u00e9ment interdit. Si l\u2019Utilisateur d\u00e9cide d&#8217;acc\u00e9der au site \u00e0 partir de ces pays, il est pleinement conscient des cons\u00e9quences juridiques et des p\u00e9nalit\u00e9s qu\u2019il encourir et est seul responsable du respect des lois locales.<\/p>\n\n\n\n<p><strong>Dispositions finales<\/strong><\/p>\n\n\n\n<p>Giusto Manetti Battiloro S.p.a. se r\u00e9serve le droit de modifier, suspendre ou interrompre unilat\u00e9ralement l&#8217;utilisation du Site et de ses services.<\/p>\n\n\n\n<p>Giusto Manetti Battiloro S.p.a. se r\u00e9serve \u00e9galement le droit d&#8217;ins\u00e9rer dans le site des banni\u00e8res publicitaires, y compris celles de tiers. Dans ce cas, Giusto Manetti Battiloro S.p.a. n&#8217;est pas responsable du contenu des susdites Banni\u00e8res ainsi que de l&#8217;acc\u00e8s de l&#8217;Utilisateur \u00e0 des Sites externes de tiers par le biais d&#8217;\u00e9ventuels liens pr\u00e9sents sur le Site.<\/p>\n","protected":false},"excerpt":{"rendered":"<p>R\u00e8gles d&#8217;utilisation du site et conditions g\u00e9n\u00e9rales de vente Propri\u00e9taire du site : Giusto Manetti Battiloro S.p.a., Via Tosca Fiesoli n\u00b0 89\/M &#8211; Campi Bisenzio (FI), inscrite au registre des soci\u00e9t\u00e9s de Florence N\u00b0TVA\/CF : 00389280488, REA de Florence n\u00b0 FI-42738. Contacts: giustomanettibattilorospa@pec.it Pr\u00e9misse Le pr\u00e9sent document contient les conditions d&#8217;utilisation (ci-apr\u00e8s les \u00ab conditions [&#8230;]<\/p>\n<p><a class=\"btn btn-secondary understrap-read-more-link\" href=\"https:\/\/www.manetti.com\/fr\/home\/termes-conditions\/\">Lire la suite&#8230;<\/a><\/p>\n","protected":false},"author":1,"featured_media":0,"parent":32573,"menu_order":0,"comment_status":"closed","ping_status":"closed","template":"page-templates\/static_template.php","meta":{"_acf_changed":false,"footnotes":""},"class_list":["post-31981","page","type-page","status-publish","hentry"],"acf":[],"yoast_head":"<!-- This site is optimized with the Yoast SEO plugin v26.5 - https:\/\/yoast.com\/wordpress\/plugins\/seo\/ -->\n<title>Conditions G\u00e9n\u00e9rales | Giusto Manetti Battiloro<\/title>\n<meta name=\"description\" content=\"Termini e condizioni per Manetti Battiloro, esperti produttori di riferimento per la doratura e la foglia d&#039;oro in tutte le sue applicazioni.\" \/>\n<meta name=\"robots\" content=\"noindex, follow\" \/>\n<meta property=\"og:locale\" content=\"fr_FR\" \/>\n<meta property=\"og:type\" content=\"article\" \/>\n<meta property=\"og:title\" content=\"Conditions G\u00e9n\u00e9rales | Giusto Manetti Battiloro\" \/>\n<meta property=\"og:description\" content=\"Termini e condizioni per Manetti Battiloro, esperti produttori di riferimento per la doratura e la foglia d&#039;oro in tutte le sue applicazioni.\" \/>\n<meta property=\"og:url\" content=\"https:\/\/www.manetti.com\/fr\/home\/termes-conditions\/\" \/>\n<meta property=\"og:site_name\" content=\"Giusto Manetti Battiloro\" \/>\n<meta property=\"article:publisher\" content=\"https:\/\/www.facebook.com\/giustomanettibattiloro\" \/>\n<meta property=\"article:modified_time\" content=\"2021-05-12T18:59:28+00:00\" \/>\n<meta name=\"twitter:card\" content=\"summary_large_image\" \/>\n<meta name=\"twitter:label1\" content=\"Dur\u00e9e de lecture estim\u00e9e\" \/>\n\t<meta name=\"twitter:data1\" content=\"5 minutes\" \/>\n<script type=\"application\/ld+json\" class=\"yoast-schema-graph\">{\"@context\":\"https:\/\/schema.org\",\"@graph\":[{\"@type\":\"WebPage\",\"@id\":\"https:\/\/www.manetti.com\/fr\/home\/termes-conditions\/\",\"url\":\"https:\/\/www.manetti.com\/fr\/home\/termes-conditions\/\",\"name\":\"Conditions G\u00e9n\u00e9rales | Giusto Manetti Battiloro\",\"isPartOf\":{\"@id\":\"https:\/\/www.manetti.com\/fr\/#website\"},\"datePublished\":\"2019-10-31T14:00:52+00:00\",\"dateModified\":\"2021-05-12T18:59:28+00:00\",\"description\":\"Termini e condizioni per Manetti Battiloro, esperti produttori di riferimento per la doratura e la foglia d'oro in tutte le sue applicazioni.\",\"inLanguage\":\"fr-FR\",\"potentialAction\":[{\"@type\":\"ReadAction\",\"target\":[\"https:\/\/www.manetti.com\/fr\/home\/termes-conditions\/\"]}]},{\"@type\":\"WebSite\",\"@id\":\"https:\/\/www.manetti.com\/fr\/#website\",\"url\":\"https:\/\/www.manetti.com\/fr\/\",\"name\":\"Giusto Manetti Battiloro\",\"description\":\"\",\"publisher\":{\"@id\":\"https:\/\/www.manetti.com\/fr\/#organization\"},\"potentialAction\":[{\"@type\":\"SearchAction\",\"target\":{\"@type\":\"EntryPoint\",\"urlTemplate\":\"https:\/\/www.manetti.com\/fr\/?s={search_term_string}\"},\"query-input\":{\"@type\":\"PropertyValueSpecification\",\"valueRequired\":true,\"valueName\":\"search_term_string\"}}],\"inLanguage\":\"fr-FR\"},{\"@type\":\"Organization\",\"@id\":\"https:\/\/www.manetti.com\/fr\/#organization\",\"name\":\"GIUSTO MANETTI BATTILORO S.P.A.\",\"url\":\"https:\/\/www.manetti.com\/fr\/\",\"logo\":{\"@type\":\"ImageObject\",\"inLanguage\":\"fr-FR\",\"@id\":\"https:\/\/www.manetti.com\/fr\/#\/schema\/logo\/image\/\",\"url\":\"https:\/\/www.manetti.com\/wp-content\/uploads\/2025\/02\/giusto-manetti-blu_300-02.png\",\"contentUrl\":\"https:\/\/www.manetti.com\/wp-content\/uploads\/2025\/02\/giusto-manetti-blu_300-02.png\",\"width\":1123,\"height\":1093,\"caption\":\"GIUSTO MANETTI BATTILORO S.P.A.\"},\"image\":{\"@id\":\"https:\/\/www.manetti.com\/fr\/#\/schema\/logo\/image\/\"},\"sameAs\":[\"https:\/\/www.facebook.com\/giustomanettibattiloro\",\"https:\/\/www.instagram.com\/giustomanettibattiloro\/\",\"https:\/\/www.linkedin.com\/company\/giusto-manetti-battiloro-s-p-a-\/\",\"https:\/\/www.youtube.com\/user\/ManettiBattiloro\"]}]}<\/script>\n<!-- \/ Yoast SEO plugin. -->","yoast_head_json":{"title":"Conditions G\u00e9n\u00e9rales | Giusto Manetti Battiloro","description":"Termini e condizioni per Manetti Battiloro, esperti produttori di riferimento per la doratura e la foglia d'oro in tutte le sue applicazioni.","robots":{"index":"noindex","follow":"follow"},"og_locale":"fr_FR","og_type":"article","og_title":"Conditions G\u00e9n\u00e9rales | Giusto Manetti Battiloro","og_description":"Termini e condizioni per Manetti Battiloro, esperti produttori di riferimento per la doratura e la foglia d'oro in tutte le sue applicazioni.","og_url":"https:\/\/www.manetti.com\/fr\/home\/termes-conditions\/","og_site_name":"Giusto Manetti Battiloro","article_publisher":"https:\/\/www.facebook.com\/giustomanettibattiloro","article_modified_time":"2021-05-12T18:59:28+00:00","twitter_card":"summary_large_image","twitter_misc":{"Dur\u00e9e de lecture estim\u00e9e":"5 minutes"},"schema":{"@context":"https:\/\/schema.org","@graph":[{"@type":"WebPage","@id":"https:\/\/www.manetti.com\/fr\/home\/termes-conditions\/","url":"https:\/\/www.manetti.com\/fr\/home\/termes-conditions\/","name":"Conditions G\u00e9n\u00e9rales | Giusto Manetti Battiloro","isPartOf":{"@id":"https:\/\/www.manetti.com\/fr\/#website"},"datePublished":"2019-10-31T14:00:52+00:00","dateModified":"2021-05-12T18:59:28+00:00","description":"Termini e condizioni per Manetti Battiloro, esperti produttori di riferimento per la doratura e la foglia d'oro in tutte le sue applicazioni.","inLanguage":"fr-FR","potentialAction":[{"@type":"ReadAction","target":["https:\/\/www.manetti.com\/fr\/home\/termes-conditions\/"]}]},{"@type":"WebSite","@id":"https:\/\/www.manetti.com\/fr\/#website","url":"https:\/\/www.manetti.com\/fr\/","name":"Giusto Manetti Battiloro","description":"","publisher":{"@id":"https:\/\/www.manetti.com\/fr\/#organization"},"potentialAction":[{"@type":"SearchAction","target":{"@type":"EntryPoint","urlTemplate":"https:\/\/www.manetti.com\/fr\/?s={search_term_string}"},"query-input":{"@type":"PropertyValueSpecification","valueRequired":true,"valueName":"search_term_string"}}],"inLanguage":"fr-FR"},{"@type":"Organization","@id":"https:\/\/www.manetti.com\/fr\/#organization","name":"GIUSTO MANETTI BATTILORO S.P.A.","url":"https:\/\/www.manetti.com\/fr\/","logo":{"@type":"ImageObject","inLanguage":"fr-FR","@id":"https:\/\/www.manetti.com\/fr\/#\/schema\/logo\/image\/","url":"https:\/\/www.manetti.com\/wp-content\/uploads\/2025\/02\/giusto-manetti-blu_300-02.png","contentUrl":"https:\/\/www.manetti.com\/wp-content\/uploads\/2025\/02\/giusto-manetti-blu_300-02.png","width":1123,"height":1093,"caption":"GIUSTO MANETTI BATTILORO S.P.A."},"image":{"@id":"https:\/\/www.manetti.com\/fr\/#\/schema\/logo\/image\/"},"sameAs":["https:\/\/www.facebook.com\/giustomanettibattiloro","https:\/\/www.instagram.com\/giustomanettibattiloro\/","https:\/\/www.linkedin.com\/company\/giusto-manetti-battiloro-s-p-a-\/","https:\/\/www.youtube.com\/user\/ManettiBattiloro"]}]}},"_links":{"self":[{"href":"https:\/\/www.manetti.com\/fr\/wp-json\/wp\/v2\/pages\/31981","targetHints":{"allow":["GET"]}}],"collection":[{"href":"https:\/\/www.manetti.com\/fr\/wp-json\/wp\/v2\/pages"}],"about":[{"href":"https:\/\/www.manetti.com\/fr\/wp-json\/wp\/v2\/types\/page"}],"author":[{"embeddable":true,"href":"https:\/\/www.manetti.com\/fr\/wp-json\/wp\/v2\/users\/1"}],"replies":[{"embeddable":true,"href":"https:\/\/www.manetti.com\/fr\/wp-json\/wp\/v2\/comments?post=31981"}],"version-history":[{"count":0,"href":"https:\/\/www.manetti.com\/fr\/wp-json\/wp\/v2\/pages\/31981\/revisions"}],"up":[{"embeddable":true,"href":"https:\/\/www.manetti.com\/fr\/wp-json\/wp\/v2\/pages\/32573"}],"wp:attachment":[{"href":"https:\/\/www.manetti.com\/fr\/wp-json\/wp\/v2\/media?parent=31981"}],"curies":[{"name":"wp","href":"https:\/\/api.w.org\/{rel}","templated":true}]}}